{"id":30031,"date":"2023-08-23T12:51:53","date_gmt":"2023-08-23T10:51:53","guid":{"rendered":"https:\/\/dutchmicrodosing.com\/shop\/sin%20categor\u00eda\/refresh-sober-up-30-pieces\/"},"modified":"2025-09-08T12:41:58","modified_gmt":"2025-09-08T10:41:58","slug":"refresh-sober-up-30-pieces","status":"publish","type":"product","link":"https:\/\/dutchmicrodosing.com\/es\/herbolario\/suplementos-de-vitaminas\/refresh-sober-up-30-pieces\/","title":{"rendered":"Refresh Sober Up &#8211; 30 unidades"},"content":{"rendered":"<p>Los<strong> comprimidos Sober Up de Refresh<\/strong> son p\u00edldoras naturales que ayudan a combatir los efectos negativos del exceso de alcohol a la vez que proporcionan un subid\u00f3n de energ\u00eda. El ingrediente principal es el ginseng, una hierba de la medicina china alabada desde hace siglos por sus propiedades terap\u00e9uticas y energ\u00e9ticas. El ginseng tambi\u00e9n tiene propiedades adapt\u00f3genas, lo que significa que ayuda al organismo a adaptarse al estr\u00e9s. Esto hace que los comprimidos sean eficaces contra la fatiga, los dolores de cabeza y la deshidrataci\u00f3n causados por el alcohol.<\/p>\n<h3>Ingredientes<\/h3>\n<ul>\n<li>Ginseng Panax (416,65 mg<\/li>\n<li>27%-30% Ginsen\u00f3sidos)<\/li>\n<li>Aceite de girasol (1,16 g)<\/li>\n<li>Jalea real liofilizada (350 mg, 3:1 fresca)<\/li>\n<li>Cera de abejas amarilla (75 mg)<\/li>\n<li>Lecitina de soja (50 mg )<\/li>\n<li>Excipientes: Gelatina, E172, E420, E422.<\/li>\n<\/ul>\n<h3>Utilice<\/h3>\n<p>Para un tratamiento durante 2 d\u00edas consecutivos, tomar 5 c\u00e1psulas blandas al d\u00eda con 2 \u00f3 3 vasos de agua. No tome m\u00e1s de 5 c\u00e1psulas blandas en 24 horas. No supere esta dosis diaria. Beba al menos 10 vasos de agua al d\u00eda para hidratar el cuerpo durante este r\u00e9gimen.<\/p>\n<h3>Consejos de almacenamiento<\/h3>\n<p>En un lugar seco y fresco, lejos del alcance de los ni\u00f1os.<\/p>\n<h3>Contenido<\/h3>\n<p>Refresh&#8217;s Sober Up &#8211; 30 c\u00e1psulas blandas.<\/p>\n","protected":false},"excerpt":{"rendered":"<p>Los comprimidos Sober Up de Refresh son p\u00edldoras naturales que ayudan a combatir los efectos negativos del exceso de alcohol a la vez que proporcionan un subid\u00f3n de energ\u00eda. El ingrediente principal es el ginseng, una hierba de la medicina china alabada desde hace siglos por sus propiedades terap\u00e9uticas y energ\u00e9ticas. El ginseng tambi\u00e9n tiene [&hellip;]<\/p>\n","protected":false},"featured_media":26888,"comment_status":"closed","ping_status":"closed","template":"","meta":[],"product_brand":[],"product_cat":[140],"product_tag":[],"class_list":{"0":"post-30031","1":"product","2":"type-product","3":"status-publish","4":"has-post-thumbnail","6":"product_cat-suplementos-de-vitaminas","8":"first","9":"instock","10":"taxable","11":"shipping-taxable","12":"purchasable","13":"product-type-simple"},"yoast_head":"<!-- This site is optimized with the Yoast SEO Premium plugin v26.4 (Yoast SEO v27.4) - https:\/\/yoast.com\/product\/yoast-seo-premium-wordpress\/ -->\n<title>Refresh Sober Up - 30 unidades - Dutchmicrodosing<\/title>\n<meta name=\"description\" content=\"Los comprimidos Sober Up de Refresh son p\u00edldoras naturales que ayudan a combatir los efectos negativos del exceso de alcohol a la vez que proporcionan un subid\u00f3n de energ\u00eda.\" \/>\n<meta name=\"robots\" content=\"index, follow, max-snippet:-1, max-image-preview:large, max-video-preview:-1\" \/>\n<link rel=\"canonical\" href=\"https:\/\/dutchmicrodosing.com\/es\/herbolario\/suplementos-de-vitaminas\/refresh-sober-up-30-pieces\/\" \/>\n<meta property=\"og:locale\" content=\"es_ES\" \/>\n<meta property=\"og:type\" content=\"article\" \/>\n<meta property=\"og:title\" content=\"Refresh Sober Up - 30 unidades\" \/>\n<meta property=\"og:description\" content=\"Los comprimidos Sober Up de Refresh son p\u00edldoras naturales que ayudan a combatir los efectos negativos del exceso de alcohol a la vez que proporcionan un\" \/>\n<meta property=\"og:url\" content=\"https:\/\/dutchmicrodosing.com\/es\/herbolario\/suplementos-de-vitaminas\/refresh-sober-up-30-pieces\/\" \/>\n<meta property=\"og:site_name\" content=\"Dutchmicrodosing\" \/>\n<meta property=\"article:publisher\" content=\"https:\/\/www.facebook.com\/Dutchmicrodosingxp\/\" \/>\n<meta property=\"article:modified_time\" content=\"2025-09-08T10:41:58+00:00\" \/>\n<meta property=\"og:image\" content=\"https:\/\/dutchmicrodosing.com\/wp-content\/uploads\/2023\/08\/SoberUp1-768x768-1.jpg\" \/>\n\t<meta property=\"og:image:width\" content=\"768\" \/>\n\t<meta property=\"og:image:height\" content=\"768\" \/>\n\t<meta property=\"og:image:type\" content=\"image\/jpeg\" \/>\n<meta name=\"twitter:card\" content=\"summary_large_image\" \/>\n<script type=\"application\/ld+json\" class=\"yoast-schema-graph\">{\"@context\":\"https:\\\/\\\/schema.org\",\"@graph\":[{\"@type\":\"WebPage\",\"@id\":\"https:\\\/\\\/dutchmicrodosing.com\\\/es\\\/herbolario\\\/suplementos-de-vitaminas\\\/refresh-sober-up-30-pieces\\\/\",\"url\":\"https:\\\/\\\/dutchmicrodosing.com\\\/es\\\/herbolario\\\/suplementos-de-vitaminas\\\/refresh-sober-up-30-pieces\\\/\",\"name\":\"Refresh Sober Up - 30 unidades - Dutchmicrodosing\",\"isPartOf\":{\"@id\":\"https:\\\/\\\/dutchmicrodosing.com\\\/es\\\/#website\"},\"primaryImageOfPage\":{\"@id\":\"https:\\\/\\\/dutchmicrodosing.com\\\/es\\\/herbolario\\\/suplementos-de-vitaminas\\\/refresh-sober-up-30-pieces\\\/#primaryimage\"},\"image\":{\"@id\":\"https:\\\/\\\/dutchmicrodosing.com\\\/es\\\/herbolario\\\/suplementos-de-vitaminas\\\/refresh-sober-up-30-pieces\\\/#primaryimage\"},\"thumbnailUrl\":\"https:\\\/\\\/dutchmicrodosing.com\\\/wp-content\\\/uploads\\\/2023\\\/08\\\/SoberUp1-768x768-1.jpg\",\"datePublished\":\"2023-08-23T10:51:53+00:00\",\"dateModified\":\"2025-09-08T10:41:58+00:00\",\"description\":\"Los comprimidos Sober Up de Refresh son p\u00edldoras naturales que ayudan a combatir los efectos negativos del exceso de alcohol a la vez que proporcionan un subid\u00f3n de energ\u00eda.\",\"breadcrumb\":{\"@id\":\"https:\\\/\\\/dutchmicrodosing.com\\\/es\\\/herbolario\\\/suplementos-de-vitaminas\\\/refresh-sober-up-30-pieces\\\/#breadcrumb\"},\"inLanguage\":\"es\",\"potentialAction\":[{\"@type\":\"ReadAction\",\"target\":[\"https:\\\/\\\/dutchmicrodosing.com\\\/es\\\/herbolario\\\/suplementos-de-vitaminas\\\/refresh-sober-up-30-pieces\\\/\"]}]},{\"@type\":\"ImageObject\",\"inLanguage\":\"es\",\"@id\":\"https:\\\/\\\/dutchmicrodosing.com\\\/es\\\/herbolario\\\/suplementos-de-vitaminas\\\/refresh-sober-up-30-pieces\\\/#primaryimage\",\"url\":\"https:\\\/\\\/dutchmicrodosing.com\\\/wp-content\\\/uploads\\\/2023\\\/08\\\/SoberUp1-768x768-1.jpg\",\"contentUrl\":\"https:\\\/\\\/dutchmicrodosing.com\\\/wp-content\\\/uploads\\\/2023\\\/08\\\/SoberUp1-768x768-1.jpg\",\"width\":768,\"height\":768},{\"@type\":\"BreadcrumbList\",\"@id\":\"https:\\\/\\\/dutchmicrodosing.com\\\/es\\\/herbolario\\\/suplementos-de-vitaminas\\\/refresh-sober-up-30-pieces\\\/#breadcrumb\",\"itemListElement\":[{\"@type\":\"ListItem\",\"position\":1,\"name\":\"Home\",\"item\":\"https:\\\/\\\/dutchmicrodosing.com\\\/es\\\/\"},{\"@type\":\"ListItem\",\"position\":2,\"name\":\"Tienda\",\"item\":\"https:\\\/\\\/dutchmicrodosing.com\\\/es\\\/tienda\\\/\"},{\"@type\":\"ListItem\",\"position\":3,\"name\":\"Refresh Sober Up &#8211; 30 unidades\"}]},{\"@type\":\"WebSite\",\"@id\":\"https:\\\/\\\/dutchmicrodosing.com\\\/es\\\/#website\",\"url\":\"https:\\\/\\\/dutchmicrodosing.com\\\/es\\\/\",\"name\":\"Dutchmicrodosing\",\"description\":\"\",\"publisher\":{\"@id\":\"https:\\\/\\\/dutchmicrodosing.com\\\/es\\\/#organization\"},\"potentialAction\":[{\"@type\":\"SearchAction\",\"target\":{\"@type\":\"EntryPoint\",\"urlTemplate\":\"https:\\\/\\\/dutchmicrodosing.com\\\/es\\\/?s={search_term_string}\"},\"query-input\":{\"@type\":\"PropertyValueSpecification\",\"valueRequired\":true,\"valueName\":\"search_term_string\"}}],\"inLanguage\":\"es\"},{\"@type\":\"Organization\",\"@id\":\"https:\\\/\\\/dutchmicrodosing.com\\\/es\\\/#organization\",\"name\":\"Dutchmicrodosing\",\"url\":\"https:\\\/\\\/dutchmicrodosing.com\\\/es\\\/\",\"logo\":{\"@type\":\"ImageObject\",\"inLanguage\":\"es\",\"@id\":\"https:\\\/\\\/dutchmicrodosing.com\\\/es\\\/#\\\/schema\\\/logo\\\/image\\\/\",\"url\":\"https:\\\/\\\/dutchmicrodosing.com\\\/wp-content\\\/uploads\\\/2021\\\/01\\\/microdosing-categorie-pic-nieuw.jpg\",\"contentUrl\":\"https:\\\/\\\/dutchmicrodosing.com\\\/wp-content\\\/uploads\\\/2021\\\/01\\\/microdosing-categorie-pic-nieuw.jpg\",\"width\":500,\"height\":500,\"caption\":\"Dutchmicrodosing\"},\"image\":{\"@id\":\"https:\\\/\\\/dutchmicrodosing.com\\\/es\\\/#\\\/schema\\\/logo\\\/image\\\/\"},\"sameAs\":[\"https:\\\/\\\/www.facebook.com\\\/Dutchmicrodosingxp\\\/\",\"https:\\\/\\\/www.instagram.com\\\/dutchmicrodosing\\\/\"]}]}<\/script>\n<meta property=\"product:price:amount\" content=\"22.95\" \/>\n<meta property=\"product:price:currency\" content=\"EUR\" \/>\n<meta property=\"og:availability\" content=\"instock\" \/>\n<meta property=\"product:availability\" content=\"instock\" \/>\n<meta property=\"product:retailer_item_id\" content=\"3207362\" \/>\n<meta property=\"product:condition\" content=\"new\" \/>\n<!-- \/ Yoast SEO Premium plugin. -->","yoast_head_json":{"title":"Refresh Sober Up - 30 unidades - Dutchmicrodosing","description":"Los comprimidos Sober Up de Refresh son p\u00edldoras naturales que ayudan a combatir los efectos negativos del exceso de alcohol a la vez que proporcionan un subid\u00f3n de energ\u00eda.","robots":{"index":"index","follow":"follow","max-snippet":"max-snippet:-1","max-image-preview":"max-image-preview:large","max-video-preview":"max-video-preview:-1"},"canonical":"https:\/\/dutchmicrodosing.com\/es\/herbolario\/suplementos-de-vitaminas\/refresh-sober-up-30-pieces\/","og_locale":"es_ES","og_type":"article","og_title":"Refresh Sober Up - 30 unidades","og_description":"Los comprimidos Sober Up de Refresh son p\u00edldoras naturales que ayudan a combatir los efectos negativos del exceso de alcohol a la vez que proporcionan un","og_url":"https:\/\/dutchmicrodosing.com\/es\/herbolario\/suplementos-de-vitaminas\/refresh-sober-up-30-pieces\/","og_site_name":"Dutchmicrodosing","article_publisher":"https:\/\/www.facebook.com\/Dutchmicrodosingxp\/","article_modified_time":"2025-09-08T10:41:58+00:00","og_image":[{"width":768,"height":768,"url":"https:\/\/dutchmicrodosing.com\/wp-content\/uploads\/2023\/08\/SoberUp1-768x768-1.jpg","type":"image\/jpeg"}],"twitter_card":"summary_large_image","schema":{"@context":"https:\/\/schema.org","@graph":[{"@type":"WebPage","@id":"https:\/\/dutchmicrodosing.com\/es\/herbolario\/suplementos-de-vitaminas\/refresh-sober-up-30-pieces\/","url":"https:\/\/dutchmicrodosing.com\/es\/herbolario\/suplementos-de-vitaminas\/refresh-sober-up-30-pieces\/","name":"Refresh Sober Up - 30 unidades - Dutchmicrodosing","isPartOf":{"@id":"https:\/\/dutchmicrodosing.com\/es\/#website"},"primaryImageOfPage":{"@id":"https:\/\/dutchmicrodosing.com\/es\/herbolario\/suplementos-de-vitaminas\/refresh-sober-up-30-pieces\/#primaryimage"},"image":{"@id":"https:\/\/dutchmicrodosing.com\/es\/herbolario\/suplementos-de-vitaminas\/refresh-sober-up-30-pieces\/#primaryimage"},"thumbnailUrl":"https:\/\/dutchmicrodosing.com\/wp-content\/uploads\/2023\/08\/SoberUp1-768x768-1.jpg","datePublished":"2023-08-23T10:51:53+00:00","dateModified":"2025-09-08T10:41:58+00:00","description":"Los comprimidos Sober Up de Refresh son p\u00edldoras naturales que ayudan a combatir los efectos negativos del exceso de alcohol a la vez que proporcionan un subid\u00f3n de energ\u00eda.","breadcrumb":{"@id":"https:\/\/dutchmicrodosing.com\/es\/herbolario\/suplementos-de-vitaminas\/refresh-sober-up-30-pieces\/#breadcrumb"},"inLanguage":"es","potentialAction":[{"@type":"ReadAction","target":["https:\/\/dutchmicrodosing.com\/es\/herbolario\/suplementos-de-vitaminas\/refresh-sober-up-30-pieces\/"]}]},{"@type":"ImageObject","inLanguage":"es","@id":"https:\/\/dutchmicrodosing.com\/es\/herbolario\/suplementos-de-vitaminas\/refresh-sober-up-30-pieces\/#primaryimage","url":"https:\/\/dutchmicrodosing.com\/wp-content\/uploads\/2023\/08\/SoberUp1-768x768-1.jpg","contentUrl":"https:\/\/dutchmicrodosing.com\/wp-content\/uploads\/2023\/08\/SoberUp1-768x768-1.jpg","width":768,"height":768},{"@type":"BreadcrumbList","@id":"https:\/\/dutchmicrodosing.com\/es\/herbolario\/suplementos-de-vitaminas\/refresh-sober-up-30-pieces\/#breadcrumb","itemListElement":[{"@type":"ListItem","position":1,"name":"Home","item":"https:\/\/dutchmicrodosing.com\/es\/"},{"@type":"ListItem","position":2,"name":"Tienda","item":"https:\/\/dutchmicrodosing.com\/es\/tienda\/"},{"@type":"ListItem","position":3,"name":"Refresh Sober Up &#8211; 30 unidades"}]},{"@type":"WebSite","@id":"https:\/\/dutchmicrodosing.com\/es\/#website","url":"https:\/\/dutchmicrodosing.com\/es\/","name":"Dutchmicrodosing","description":"","publisher":{"@id":"https:\/\/dutchmicrodosing.com\/es\/#organization"},"potentialAction":[{"@type":"SearchAction","target":{"@type":"EntryPoint","urlTemplate":"https:\/\/dutchmicrodosing.com\/es\/?s={search_term_string}"},"query-input":{"@type":"PropertyValueSpecification","valueRequired":true,"valueName":"search_term_string"}}],"inLanguage":"es"},{"@type":"Organization","@id":"https:\/\/dutchmicrodosing.com\/es\/#organization","name":"Dutchmicrodosing","url":"https:\/\/dutchmicrodosing.com\/es\/","logo":{"@type":"ImageObject","inLanguage":"es","@id":"https:\/\/dutchmicrodosing.com\/es\/#\/schema\/logo\/image\/","url":"https:\/\/dutchmicrodosing.com\/wp-content\/uploads\/2021\/01\/microdosing-categorie-pic-nieuw.jpg","contentUrl":"https:\/\/dutchmicrodosing.com\/wp-content\/uploads\/2021\/01\/microdosing-categorie-pic-nieuw.jpg","width":500,"height":500,"caption":"Dutchmicrodosing"},"image":{"@id":"https:\/\/dutchmicrodosing.com\/es\/#\/schema\/logo\/image\/"},"sameAs":["https:\/\/www.facebook.com\/Dutchmicrodosingxp\/","https:\/\/www.instagram.com\/dutchmicrodosing\/"]}]},"product_price_amount":"22.95","product_price_currency":"EUR","og_availability":"instock","product_availability":"instock","product_retailer_item_id":"3207362","product_condition":"new"},"_links":{"self":[{"href":"https:\/\/dutchmicrodosing.com\/es\/wp-json\/wp\/v2\/product\/30031","targetHints":{"allow":["GET"]}}],"collection":[{"href":"https:\/\/dutchmicrodosing.com\/es\/wp-json\/wp\/v2\/product"}],"about":[{"href":"https:\/\/dutchmicrodosing.com\/es\/wp-json\/wp\/v2\/types\/product"}],"replies":[{"embeddable":true,"href":"https:\/\/dutchmicrodosing.com\/es\/wp-json\/wp\/v2\/comments?post=30031"}],"version-history":[{"count":0,"href":"https:\/\/dutchmicrodosing.com\/es\/wp-json\/wp\/v2\/product\/30031\/revisions"}],"wp:featuredmedia":[{"embeddable":true,"href":"https:\/\/dutchmicrodosing.com\/es\/wp-json\/wp\/v2\/media\/26888"}],"wp:attachment":[{"href":"https:\/\/dutchmicrodosing.com\/es\/wp-json\/wp\/v2\/media?parent=30031"}],"wp:term":[{"taxonomy":"product_brand","embeddable":true,"href":"https:\/\/dutchmicrodosing.com\/es\/wp-json\/wp\/v2\/product_brand?post=30031"},{"taxonomy":"product_cat","embeddable":true,"href":"https:\/\/dutchmicrodosing.com\/es\/wp-json\/wp\/v2\/product_cat?post=30031"},{"taxonomy":"product_tag","embeddable":true,"href":"https:\/\/dutchmicrodosing.com\/es\/wp-json\/wp\/v2\/product_tag?post=30031"}],"curies":[{"name":"wp","href":"https:\/\/api.w.org\/{rel}","templated":true}]}}