{"id":30092,"date":"2023-04-01T10:52:25","date_gmt":"2023-04-01T08:52:25","guid":{"rendered":"https:\/\/dutchmicrodosing.com\/shop\/sin%20categor\u00eda\/brain-booster-120-caps\/"},"modified":"2026-01-08T18:49:04","modified_gmt":"2026-01-08T17:49:04","slug":"brain-booster-120-caps","status":"publish","type":"product","link":"https:\/\/dutchmicrodosing.com\/es\/setas-medicinales\/brain-booster-120-caps\/","title":{"rendered":"Brain Booster &#8211; 120 Caps"},"content":{"rendered":"<p>McMyco Brain Booster contiene una f\u00f3rmula \u00fanica para el cerebro. El ingrediente principal es la seta Melena de Le\u00f3n, tambi\u00e9n conocida como el nutriente de la naturaleza para las neuronas. Traducido literalmente, significa <em>nutrientes naturales para las neuronas. <\/em>Las neuronas son las c\u00e9lulas nerviosas y, por tanto, los componentes b\u00e1sicos del cerebro. Las c\u00e1psulas cerebrales tambi\u00e9n est\u00e1n enriquecidas con otras sustancias naturales eficaces, como el zinc y la vitamina C. Ambas sustancias son buenas para la memoria y aportan una eficacia extra.<\/p>\n<h2>Los beneficios para la salud de las c\u00e1psulas de potenciador cerebral Melena de Le\u00f3n<\/h2>\n<p>La melena de le\u00f3n, conocida cient\u00edficamente como Hericium erinaceus, es un hongo comestible y medicinal que se utiliza desde hace siglos en la medicina tradicional china y japonesa. En los tiempos modernos, las c\u00e1psulas de Melena de Le\u00f3n se han convertido en una opci\u00f3n popular para las personas que buscan mejorar su salud mental y f\u00edsica. Este \u00abpotenciador cerebral\u00bb tiene una serie de beneficios potenciales tan fascinantes como prometedores.<\/p>\n<ul>\n<li>Refuerzo cognitivo<\/li>\n<li>Propiedades neuroprotectoras<\/li>\n<li>Refuerzo del sistema inmunitario<\/li>\n<li>Apoyo a la salud mental<\/li>\n<\/ul>\n<h2>Efectos de la Melena de Le\u00f3n en el cerebro<\/h2>\n<p>La melena de le\u00f3n, tambi\u00e9n conocida como \u00abHericium erinaceus\u00bb, es un hongo medicinal que se utiliza en la medicina tradicional china desde hace siglos. En los \u00faltimos a\u00f1os, el inter\u00e9s por este hongo tambi\u00e9n ha aumentado en el mundo occidental, principalmente por sus posibles efectos positivos sobre el cerebro. En este art\u00edculo, analizamos los resultados de las investigaciones y los beneficios potenciales del uso de c\u00e1psulas de Melena de Le\u00f3n como \u00abestimulante cerebral\u00bb natural.<\/p>\n<h3>Neurog\u00e9nesis y plasticidad cerebral<\/h3>\n<p>Una de las propiedades m\u00e1s sorprendentes de la Melena de Le\u00f3n es su capacidad para estimular la producci\u00f3n de nuevas neuronas, un proceso conocido como neurog\u00e9nesis. Esto puede mejorar las funciones cognitivas y aumentar los niveles de plasticidad cerebral, lo que facilita el aprendizaje de nuevas habilidades y el recuerdo de la informaci\u00f3n.<\/p>\n<h3>Mejorar la memoria<\/h3>\n<p>Varios estudios han demostrado que tomar Melena de Le\u00f3n puede mejorar la funci\u00f3n de la memoria. Esto se debe principalmente a la presencia de hericenonas y erinacinas, dos tipos de compuestos bioactivos exclusivos de este hongo. Pueden ayudar a reparar las c\u00e9lulas nerviosas da\u00f1adas y mejorar la memoria y otras funciones cognitivas.<\/p>\n<h3>Estado de \u00e1nimo y ansiedad<\/h3>\n<p>Algunos estudios sugieren que la Melena de Le\u00f3n tambi\u00e9n puede tener un efecto positivo sobre la salud mental, al reducir los s\u00edntomas de ansiedad y depresi\u00f3n. Aunque a\u00fan no se conoce del todo el mecanismo que subyace a esta acci\u00f3n, se cree que afecta a la producci\u00f3n de serotonina y otros neurotransmisores que regulan el estado de \u00e1nimo.<\/p>\n<h3>Protecci\u00f3n contra las enfermedades neurodegenerativas<\/h3>\n<p>Estudios preliminares sugieren que la Melena de Le\u00f3n tambi\u00e9n puede ofrecer efectos protectores contra enfermedades neurodegenerativas como el Alzheimer y el Parkinson. Las propiedades antioxidantes del hongo pueden ayudar a reducir la inflamaci\u00f3n y el estr\u00e9s oxidativo, dos factores clave en el desarrollo de estas enfermedades.<\/p>\n<h3>Precauciones y efectos secundarios<\/h3>\n<p>Aunque la melena de le\u00f3n suele considerarse segura, es importante consultar a un m\u00e9dico antes de iniciar un r\u00e9gimen de suplementos, sobre todo si ya se est\u00e1 tomando medicaci\u00f3n o se padecen otras afecciones m\u00e9dicas. Los posibles efectos secundarios pueden incluir molestias gastrointestinales y reacciones al\u00e9rgicas.<\/p>\n<p>Brain Booster puede utilizarse en muchas situaciones y tambi\u00e9n es especialmente adecuado como suplemento durante la microdosificaci\u00f3n, por ejemplo con McMicrodose.<\/p>\n<ul>\n<li>F\u00f3rmula eficaz para el cerebro<\/li>\n<li>Extracto est\u00e1ndar de calidad McMyco<\/li>\n<li>Envase de 120 c\u00e1psulas veganas<\/li>\n<li>Contiene melena de le\u00f3n: nutriente natural para las neuronas<\/li>\n<li>F\u00e1cil de llevar<\/li>\n<li>Tambi\u00e9n se puede combinar con otras setas medicinales de McMyco<\/li>\n<\/ul>\n<p><strong>Ingredientes:<\/strong><\/p>\n<p>Por c\u00e1psula vegetal: 184 mg de extracto org\u00e1nico de melena de le\u00f3n (Hericium erinaceus) procedente al 100% del cuerpo fruct\u00edfero (hongo). Es un extracto de espectro completo obtenido mediante H2O y etanol. Esto es para aprovechar al m\u00e1ximo los cuerpos fruct\u00edferos. Contiene un 30% de polisac\u00e1ridos y betaglucanos. 46 mg de vitamina C, 23 mg de alanina, 23 mg de colina, 23 mg de gaba, 23 mg de l-glutamina, 27 mg de l-histidina, 23 mg de l-teanina, 11 mg de magnesio, 23 mg de panex ginseng, 4,6 mg de zinc, 5,8 mg de vitaminas B 1,2,6,8,11 y 12, 1,2 mg de vitamina K.<\/p>\n<p>Excipientes: Citrato de magnesio y di\u00f3xido de silicio.<br \/>\nDosificaci\u00f3n: 2 veces al d\u00eda 1 c\u00e1psula durante las comidas con agua.<br \/>\nConsejo de almacenaje: Almacenar en un lugar fresco y oscuro.<\/p>\n<p><strong>Advertencia:<\/strong><br \/>\nBrain Booster de McMyco es un suplemento diet\u00e9tico y debe utilizarse como tal. No supere la dosis diaria recomendada. Mantener el producto fuera del alcance de los ni\u00f1os. Consulte a su m\u00e9dico antes de utilizarlo si est\u00e1 embarazada, amamantando o tiene problemas de salud.<\/p>\n","protected":false},"excerpt":{"rendered":"<p>McMyco Brain Booster contiene una f\u00f3rmula \u00fanica para el cerebro. El ingrediente principal es la seta Melena de Le\u00f3n, tambi\u00e9n conocida como el nutriente de la naturaleza para las neuronas. Traducido literalmente, significa nutrientes naturales para las neuronas. Las neuronas son las c\u00e9lulas nerviosas y, por tanto, los componentes b\u00e1sicos del cerebro. Las c\u00e1psulas cerebrales [&hellip;]<\/p>\n","protected":false},"featured_media":22424,"comment_status":"closed","ping_status":"closed","template":"","meta":[],"product_brand":[],"product_cat":[91,324],"product_tag":[],"class_list":{"0":"post-30092","1":"product","2":"type-product","3":"status-publish","4":"has-post-thumbnail","6":"product_cat-setas-medicinales","7":"product_cat-suplementos-para-la-concentracion","9":"first","10":"instock","11":"taxable","12":"shipping-taxable","13":"purchasable","14":"product-type-simple"},"yoast_head":"<!-- This site is optimized with the Yoast SEO Premium plugin v26.4 (Yoast SEO v27.4) - https:\/\/yoast.com\/product\/yoast-seo-premium-wordpress\/ -->\n<title>Brain Booster - 120 Caps - Dutchmicrodosing<\/title>\n<meta name=\"robots\" content=\"index, follow, max-snippet:-1, max-image-preview:large, max-video-preview:-1\" \/>\n<link rel=\"canonical\" href=\"https:\/\/dutchmicrodosing.com\/es\/setas-medicinales\/brain-booster-120-caps\/\" \/>\n<meta property=\"og:locale\" content=\"es_ES\" \/>\n<meta property=\"og:type\" content=\"article\" \/>\n<meta property=\"og:title\" content=\"Brain Booster - 120 Caps\" \/>\n<meta property=\"og:description\" content=\"McMyco Brain Booster contiene una f\u00f3rmula \u00fanica para el cerebro. El ingrediente principal es la seta Melena de Le\u00f3n, tambi\u00e9n conocida como el nutriente de\" \/>\n<meta property=\"og:url\" content=\"https:\/\/dutchmicrodosing.com\/es\/setas-medicinales\/brain-booster-120-caps\/\" \/>\n<meta property=\"og:site_name\" content=\"Dutchmicrodosing\" \/>\n<meta property=\"article:publisher\" content=\"https:\/\/www.facebook.com\/Dutchmicrodosingxp\/\" \/>\n<meta property=\"article:modified_time\" content=\"2026-01-08T17:49:04+00:00\" \/>\n<meta property=\"og:image\" content=\"https:\/\/dutchmicrodosing.com\/wp-content\/uploads\/2023\/04\/BrainBooster-2-768x768-1.jpg\" \/>\n\t<meta property=\"og:image:width\" content=\"768\" \/>\n\t<meta property=\"og:image:height\" content=\"768\" \/>\n\t<meta property=\"og:image:type\" content=\"image\/jpeg\" \/>\n<meta name=\"twitter:card\" content=\"summary_large_image\" \/>\n<script type=\"application\/ld+json\" class=\"yoast-schema-graph\">{\"@context\":\"https:\\\/\\\/schema.org\",\"@graph\":[{\"@type\":\"WebPage\",\"@id\":\"https:\\\/\\\/dutchmicrodosing.com\\\/es\\\/setas-medicinales\\\/brain-booster-120-caps\\\/\",\"url\":\"https:\\\/\\\/dutchmicrodosing.com\\\/es\\\/setas-medicinales\\\/brain-booster-120-caps\\\/\",\"name\":\"Brain Booster - 120 Caps - Dutchmicrodosing\",\"isPartOf\":{\"@id\":\"https:\\\/\\\/dutchmicrodosing.com\\\/es\\\/#website\"},\"primaryImageOfPage\":{\"@id\":\"https:\\\/\\\/dutchmicrodosing.com\\\/es\\\/setas-medicinales\\\/brain-booster-120-caps\\\/#primaryimage\"},\"image\":{\"@id\":\"https:\\\/\\\/dutchmicrodosing.com\\\/es\\\/setas-medicinales\\\/brain-booster-120-caps\\\/#primaryimage\"},\"thumbnailUrl\":\"https:\\\/\\\/dutchmicrodosing.com\\\/wp-content\\\/uploads\\\/2023\\\/04\\\/BrainBooster-2-768x768-1.jpg\",\"datePublished\":\"2023-04-01T08:52:25+00:00\",\"dateModified\":\"2026-01-08T17:49:04+00:00\",\"breadcrumb\":{\"@id\":\"https:\\\/\\\/dutchmicrodosing.com\\\/es\\\/setas-medicinales\\\/brain-booster-120-caps\\\/#breadcrumb\"},\"inLanguage\":\"es\",\"potentialAction\":[{\"@type\":\"ReadAction\",\"target\":[\"https:\\\/\\\/dutchmicrodosing.com\\\/es\\\/setas-medicinales\\\/brain-booster-120-caps\\\/\"]}]},{\"@type\":\"ImageObject\",\"inLanguage\":\"es\",\"@id\":\"https:\\\/\\\/dutchmicrodosing.com\\\/es\\\/setas-medicinales\\\/brain-booster-120-caps\\\/#primaryimage\",\"url\":\"https:\\\/\\\/dutchmicrodosing.com\\\/wp-content\\\/uploads\\\/2023\\\/04\\\/BrainBooster-2-768x768-1.jpg\",\"contentUrl\":\"https:\\\/\\\/dutchmicrodosing.com\\\/wp-content\\\/uploads\\\/2023\\\/04\\\/BrainBooster-2-768x768-1.jpg\",\"width\":768,\"height\":768},{\"@type\":\"BreadcrumbList\",\"@id\":\"https:\\\/\\\/dutchmicrodosing.com\\\/es\\\/setas-medicinales\\\/brain-booster-120-caps\\\/#breadcrumb\",\"itemListElement\":[{\"@type\":\"ListItem\",\"position\":1,\"name\":\"Home\",\"item\":\"https:\\\/\\\/dutchmicrodosing.com\\\/es\\\/\"},{\"@type\":\"ListItem\",\"position\":2,\"name\":\"Tienda\",\"item\":\"https:\\\/\\\/dutchmicrodosing.com\\\/es\\\/tienda\\\/\"},{\"@type\":\"ListItem\",\"position\":3,\"name\":\"Brain Booster &#8211; 120 Caps\"}]},{\"@type\":\"WebSite\",\"@id\":\"https:\\\/\\\/dutchmicrodosing.com\\\/es\\\/#website\",\"url\":\"https:\\\/\\\/dutchmicrodosing.com\\\/es\\\/\",\"name\":\"Dutchmicrodosing\",\"description\":\"\",\"publisher\":{\"@id\":\"https:\\\/\\\/dutchmicrodosing.com\\\/es\\\/#organization\"},\"potentialAction\":[{\"@type\":\"SearchAction\",\"target\":{\"@type\":\"EntryPoint\",\"urlTemplate\":\"https:\\\/\\\/dutchmicrodosing.com\\\/es\\\/?s={search_term_string}\"},\"query-input\":{\"@type\":\"PropertyValueSpecification\",\"valueRequired\":true,\"valueName\":\"search_term_string\"}}],\"inLanguage\":\"es\"},{\"@type\":\"Organization\",\"@id\":\"https:\\\/\\\/dutchmicrodosing.com\\\/es\\\/#organization\",\"name\":\"Dutchmicrodosing\",\"url\":\"https:\\\/\\\/dutchmicrodosing.com\\\/es\\\/\",\"logo\":{\"@type\":\"ImageObject\",\"inLanguage\":\"es\",\"@id\":\"https:\\\/\\\/dutchmicrodosing.com\\\/es\\\/#\\\/schema\\\/logo\\\/image\\\/\",\"url\":\"https:\\\/\\\/dutchmicrodosing.com\\\/wp-content\\\/uploads\\\/2021\\\/01\\\/microdosing-categorie-pic-nieuw.jpg\",\"contentUrl\":\"https:\\\/\\\/dutchmicrodosing.com\\\/wp-content\\\/uploads\\\/2021\\\/01\\\/microdosing-categorie-pic-nieuw.jpg\",\"width\":500,\"height\":500,\"caption\":\"Dutchmicrodosing\"},\"image\":{\"@id\":\"https:\\\/\\\/dutchmicrodosing.com\\\/es\\\/#\\\/schema\\\/logo\\\/image\\\/\"},\"sameAs\":[\"https:\\\/\\\/www.facebook.com\\\/Dutchmicrodosingxp\\\/\",\"https:\\\/\\\/www.instagram.com\\\/dutchmicrodosing\\\/\"]}]}<\/script>\n<meta property=\"product:price:amount\" content=\"34.95\" \/>\n<meta property=\"product:price:currency\" content=\"EUR\" \/>\n<meta property=\"og:availability\" content=\"instock\" \/>\n<meta property=\"product:availability\" content=\"instock\" \/>\n<meta property=\"product:retailer_item_id\" content=\"2206525\" \/>\n<meta property=\"product:condition\" content=\"new\" \/>\n<!-- \/ Yoast SEO Premium plugin. -->","yoast_head_json":{"title":"Brain Booster - 120 Caps - Dutchmicrodosing","robots":{"index":"index","follow":"follow","max-snippet":"max-snippet:-1","max-image-preview":"max-image-preview:large","max-video-preview":"max-video-preview:-1"},"canonical":"https:\/\/dutchmicrodosing.com\/es\/setas-medicinales\/brain-booster-120-caps\/","og_locale":"es_ES","og_type":"article","og_title":"Brain Booster - 120 Caps","og_description":"McMyco Brain Booster contiene una f\u00f3rmula \u00fanica para el cerebro. El ingrediente principal es la seta Melena de Le\u00f3n, tambi\u00e9n conocida como el nutriente de","og_url":"https:\/\/dutchmicrodosing.com\/es\/setas-medicinales\/brain-booster-120-caps\/","og_site_name":"Dutchmicrodosing","article_publisher":"https:\/\/www.facebook.com\/Dutchmicrodosingxp\/","article_modified_time":"2026-01-08T17:49:04+00:00","og_image":[{"width":768,"height":768,"url":"https:\/\/dutchmicrodosing.com\/wp-content\/uploads\/2023\/04\/BrainBooster-2-768x768-1.jpg","type":"image\/jpeg"}],"twitter_card":"summary_large_image","schema":{"@context":"https:\/\/schema.org","@graph":[{"@type":"WebPage","@id":"https:\/\/dutchmicrodosing.com\/es\/setas-medicinales\/brain-booster-120-caps\/","url":"https:\/\/dutchmicrodosing.com\/es\/setas-medicinales\/brain-booster-120-caps\/","name":"Brain Booster - 120 Caps - Dutchmicrodosing","isPartOf":{"@id":"https:\/\/dutchmicrodosing.com\/es\/#website"},"primaryImageOfPage":{"@id":"https:\/\/dutchmicrodosing.com\/es\/setas-medicinales\/brain-booster-120-caps\/#primaryimage"},"image":{"@id":"https:\/\/dutchmicrodosing.com\/es\/setas-medicinales\/brain-booster-120-caps\/#primaryimage"},"thumbnailUrl":"https:\/\/dutchmicrodosing.com\/wp-content\/uploads\/2023\/04\/BrainBooster-2-768x768-1.jpg","datePublished":"2023-04-01T08:52:25+00:00","dateModified":"2026-01-08T17:49:04+00:00","breadcrumb":{"@id":"https:\/\/dutchmicrodosing.com\/es\/setas-medicinales\/brain-booster-120-caps\/#breadcrumb"},"inLanguage":"es","potentialAction":[{"@type":"ReadAction","target":["https:\/\/dutchmicrodosing.com\/es\/setas-medicinales\/brain-booster-120-caps\/"]}]},{"@type":"ImageObject","inLanguage":"es","@id":"https:\/\/dutchmicrodosing.com\/es\/setas-medicinales\/brain-booster-120-caps\/#primaryimage","url":"https:\/\/dutchmicrodosing.com\/wp-content\/uploads\/2023\/04\/BrainBooster-2-768x768-1.jpg","contentUrl":"https:\/\/dutchmicrodosing.com\/wp-content\/uploads\/2023\/04\/BrainBooster-2-768x768-1.jpg","width":768,"height":768},{"@type":"BreadcrumbList","@id":"https:\/\/dutchmicrodosing.com\/es\/setas-medicinales\/brain-booster-120-caps\/#breadcrumb","itemListElement":[{"@type":"ListItem","position":1,"name":"Home","item":"https:\/\/dutchmicrodosing.com\/es\/"},{"@type":"ListItem","position":2,"name":"Tienda","item":"https:\/\/dutchmicrodosing.com\/es\/tienda\/"},{"@type":"ListItem","position":3,"name":"Brain Booster &#8211; 120 Caps"}]},{"@type":"WebSite","@id":"https:\/\/dutchmicrodosing.com\/es\/#website","url":"https:\/\/dutchmicrodosing.com\/es\/","name":"Dutchmicrodosing","description":"","publisher":{"@id":"https:\/\/dutchmicrodosing.com\/es\/#organization"},"potentialAction":[{"@type":"SearchAction","target":{"@type":"EntryPoint","urlTemplate":"https:\/\/dutchmicrodosing.com\/es\/?s={search_term_string}"},"query-input":{"@type":"PropertyValueSpecification","valueRequired":true,"valueName":"search_term_string"}}],"inLanguage":"es"},{"@type":"Organization","@id":"https:\/\/dutchmicrodosing.com\/es\/#organization","name":"Dutchmicrodosing","url":"https:\/\/dutchmicrodosing.com\/es\/","logo":{"@type":"ImageObject","inLanguage":"es","@id":"https:\/\/dutchmicrodosing.com\/es\/#\/schema\/logo\/image\/","url":"https:\/\/dutchmicrodosing.com\/wp-content\/uploads\/2021\/01\/microdosing-categorie-pic-nieuw.jpg","contentUrl":"https:\/\/dutchmicrodosing.com\/wp-content\/uploads\/2021\/01\/microdosing-categorie-pic-nieuw.jpg","width":500,"height":500,"caption":"Dutchmicrodosing"},"image":{"@id":"https:\/\/dutchmicrodosing.com\/es\/#\/schema\/logo\/image\/"},"sameAs":["https:\/\/www.facebook.com\/Dutchmicrodosingxp\/","https:\/\/www.instagram.com\/dutchmicrodosing\/"]}]},"product_price_amount":"34.95","product_price_currency":"EUR","og_availability":"instock","product_availability":"instock","product_retailer_item_id":"2206525","product_condition":"new"},"_links":{"self":[{"href":"https:\/\/dutchmicrodosing.com\/es\/wp-json\/wp\/v2\/product\/30092","targetHints":{"allow":["GET"]}}],"collection":[{"href":"https:\/\/dutchmicrodosing.com\/es\/wp-json\/wp\/v2\/product"}],"about":[{"href":"https:\/\/dutchmicrodosing.com\/es\/wp-json\/wp\/v2\/types\/product"}],"replies":[{"embeddable":true,"href":"https:\/\/dutchmicrodosing.com\/es\/wp-json\/wp\/v2\/comments?post=30092"}],"version-history":[{"count":0,"href":"https:\/\/dutchmicrodosing.com\/es\/wp-json\/wp\/v2\/product\/30092\/revisions"}],"wp:featuredmedia":[{"embeddable":true,"href":"https:\/\/dutchmicrodosing.com\/es\/wp-json\/wp\/v2\/media\/22424"}],"wp:attachment":[{"href":"https:\/\/dutchmicrodosing.com\/es\/wp-json\/wp\/v2\/media?parent=30092"}],"wp:term":[{"taxonomy":"product_brand","embeddable":true,"href":"https:\/\/dutchmicrodosing.com\/es\/wp-json\/wp\/v2\/product_brand?post=30092"},{"taxonomy":"product_cat","embeddable":true,"href":"https:\/\/dutchmicrodosing.com\/es\/wp-json\/wp\/v2\/product_cat?post=30092"},{"taxonomy":"product_tag","embeddable":true,"href":"https:\/\/dutchmicrodosing.com\/es\/wp-json\/wp\/v2\/product_tag?post=30092"}],"curies":[{"name":"wp","href":"https:\/\/api.w.org\/{rel}","templated":true}]}}