{"id":30098,"date":"2022-04-02T20:11:03","date_gmt":"2022-04-02T18:11:03","guid":{"rendered":"https:\/\/dutchmicrodosing.com\/shop\/sin%20categor\u00eda\/maitake-grifola-frondosa-120-capsulas\/"},"modified":"2025-11-06T10:33:34","modified_gmt":"2025-11-06T09:33:34","slug":"maitake-grifola-frondosa-120-capsulas","status":"publish","type":"product","link":"https:\/\/dutchmicrodosing.com\/es\/setas-medicinales\/maitake-grifola-frondosa-120-capsulas\/","title":{"rendered":"Maitake (Grifola Frondosa) -120 Tapas"},"content":{"rendered":"<p>En la b\u00fasqueda de formas naturales de mejorar nuestra salud, el hongo medicinal Maitake (Grifola Frondosa) est\u00e1 cada vez m\u00e1s en el punto de mira. Este particular organismo no s\u00f3lo es un sabroso complemento de los platos culinarios, sino que tambi\u00e9n ofrece diversos beneficios medicinales. El maitake se utiliza desde hace siglos en la medicina tradicional para tratar diversas afecciones. MCMyco ofrece este hongo medicinal en forma de c\u00e1psulas f\u00e1ciles de tragar. Para una mayor eficacia, hemos enriquecido nuestras c\u00e1psulas de Resistencia Maitake con Vitamina C y Zinc. Tanto la vitamina C como el zinc contribuyen a mantener una buena resistencia y ayudan al sistema inmunitario.<\/p>\n<h2>\u00bfPara qu\u00e9 se puede utilizar el hongo Maitake?<\/h2>\n<ul>\n<li>Uno de los beneficios m\u00e1s conocidos del Maitake es el fortalecimiento del sistema inmunitario. Contiene polisac\u00e1ridos, concretamente betaglucanos, que ayudan a modular el sistema inmunitario.<\/li>\n<li>Varios estudios sugieren que el Maitake tiene propiedades anticancer\u00edgenas. Aunque se necesita m\u00e1s investigaci\u00f3n, estudios preliminares muestran que puede inhibir el crecimiento tumoral y promover el bienestar en personas sometidas a tratamientos contra el c\u00e1ncer.<\/li>\n<li>El maitake tambi\u00e9n podr\u00eda desempe\u00f1ar un papel en la regulaci\u00f3n de los niveles de az\u00facar en sangre, lo que podr\u00eda ser beneficioso para las personas diab\u00e9ticas.<\/li>\n<\/ul>\n<h2>Efectos del hongo maitake en el organismo: McMyco Maitake<\/h2>\n<p>El hongo Maitake, tambi\u00e9n conocido como Grifola frondosa, es un tipo de cuerpo f\u00fangico frutal utilizado tradicionalmente en la cocina y la medicina asi\u00e1ticas. En los \u00faltimos a\u00f1os, los estudios cient\u00edficos han puesto de relieve los posibles beneficios de este hongo para la salud. McMyco Maitake es un suplemento de alta calidad que contiene los extractos de este fascinante hongo. A continuaci\u00f3n se enumeran algunos de los efectos positivos que el hongo Maitake puede tener en el organismo.<\/p>\n<h3>Refuerzo inmunitario<\/h3>\n<p>El maitake es conocido por su potencial para reforzar el sistema inmunitario. Contiene betaglucanos, conocidos por su capacidad para aumentar la actividad de los gl\u00f3bulos blancos. Estas c\u00e9lulas desempe\u00f1an un papel crucial en la defensa del organismo contra virus y bacterias.<\/p>\n<h3>Efecto antioxidante<\/h3>\n<p>El hongo contiene antioxidantes que neutralizan los radicales libres. Los radicales libres pueden causar da\u00f1os celulares y se han relacionado con el envejecimiento y varios tipos de enfermedades, incluido el c\u00e1ncer.<\/p>\n<h3>Ayuda a la glucemia<\/h3>\n<p>Algunos estudios sugieren que el hongo Maitake puede ayudar a regular los niveles de az\u00facar en sangre, lo que puede ser especialmente beneficioso para las personas con diabetes o resistencia a la insulina.<\/p>\n<h3>Promoci\u00f3n de la salud mental<\/h3>\n<p>Aunque se necesita m\u00e1s investigaci\u00f3n, algunos estudios sugieren que los extractos de Maitake pueden tener un efecto calmante y ayudar a reducir el estr\u00e9s y la ansiedad.<\/p>\n<h3>Posibles propiedades anticancer\u00edgenas<\/h3>\n<p>Los primeros estudios han demostrado que los extractos de Maitake pueden tener la capacidad de inhibir el crecimiento de c\u00e9lulas cancerosas. Aunque no debe considerarse un sustituto de los tratamientos convencionales contra el c\u00e1ncer, puede utilizarse como terapia complementaria.<\/p>\n<h3>Mejorar la digesti\u00f3n<\/h3>\n<p>El hongo contiene fibra y enzimas que pueden ayudar a mejorar la digesti\u00f3n y un microbioma intestinal sano.<\/p>\n<h3>Comprar McMyco Maitake en l\u00ednea<\/h3>\n<p>McMyco garantiza la calidad de sus productos, que se cultivan de forma ecol\u00f3gica y sostenible. Con un sitio web f\u00e1cil de navegar y una entrega r\u00e1pida, es m\u00e1s f\u00e1cil que nunca recibir McMyco Maitake directamente en la puerta de su casa. Tenga cuidado si tiene alergias, en caso de embarazo o de lactancia. En ese caso, es aconsejable pedir consejo a su m\u00e9dico de cabecera. Compre este suplemento de forma r\u00e1pida y sencilla en nuestra tienda en un paquete de 120 c\u00e1psulas.<\/p>\n<p><strong>Ingredientes:<\/strong><\/p>\n<p>400 mg de extracto org\u00e1nico de Maitake (Grifola Frondosa) procedente al 100% del cuerpo del fruto. Es un extracto de espectro completo obtenido mediante H2O y etanol. Esto es para aprovechar al m\u00e1ximo los cuerpos fruct\u00edferos. Contiene un 30% de polisac\u00e1ridos y betaglucanos. Vitamina C, Zinc. Excipientes: citrato de magnesio, di\u00f3xido de silicio.<\/p>\n<p>Excipientes: citrato de magnesio y di\u00f3xido de silicio<br \/>\nDosificaci\u00f3n: 2 veces al d\u00eda 1 c\u00e1psula durante las comidas con agua.<br \/>\nContenido : 120 c\u00e1psulas<\/p>\n","protected":false},"excerpt":{"rendered":"<p>En la b\u00fasqueda de formas naturales de mejorar nuestra salud, el hongo medicinal Maitake (Grifola Frondosa) est\u00e1 cada vez m\u00e1s en el punto de mira. Este particular organismo no s\u00f3lo es un sabroso complemento de los platos culinarios, sino que tambi\u00e9n ofrece diversos beneficios medicinales. El maitake se utiliza desde hace siglos en la medicina [&hellip;]<\/p>\n","protected":false},"featured_media":12030,"comment_status":"closed","ping_status":"closed","template":"","meta":[],"product_brand":[],"product_cat":[91,298],"product_tag":[],"class_list":{"0":"post-30098","1":"product","2":"type-product","3":"status-publish","4":"has-post-thumbnail","6":"product_cat-setas-medicinales","7":"product_cat-suplementos-para-el-sistema-inmunitario","9":"first","10":"instock","11":"taxable","12":"shipping-taxable","13":"purchasable","14":"product-type-simple"},"yoast_head":"<!-- This site is optimized with the Yoast SEO Premium plugin v26.4 (Yoast SEO v27.2) - https:\/\/yoast.com\/product\/yoast-seo-premium-wordpress\/ -->\n<title>Maitake (Grifola Frondosa) -120 Tapas - Dutchmicrodosing<\/title>\n<meta name=\"robots\" content=\"index, follow, max-snippet:-1, max-image-preview:large, max-video-preview:-1\" \/>\n<link rel=\"canonical\" href=\"https:\/\/dutchmicrodosing.com\/es\/setas-medicinales\/maitake-grifola-frondosa-120-capsulas\/\" \/>\n<meta property=\"og:locale\" content=\"es_ES\" \/>\n<meta property=\"og:type\" content=\"article\" \/>\n<meta property=\"og:title\" content=\"Maitake (Grifola Frondosa) -120 Tapas\" \/>\n<meta property=\"og:description\" content=\"En la b\u00fasqueda de formas naturales de mejorar nuestra salud, el hongo medicinal Maitake (Grifola Frondosa) est\u00e1 cada vez m\u00e1s en el punto de mira. Este\" \/>\n<meta property=\"og:url\" content=\"https:\/\/dutchmicrodosing.com\/es\/setas-medicinales\/maitake-grifola-frondosa-120-capsulas\/\" \/>\n<meta property=\"og:site_name\" content=\"Dutchmicrodosing\" \/>\n<meta property=\"article:publisher\" content=\"https:\/\/www.facebook.com\/Dutchmicrodosingxp\/\" \/>\n<meta property=\"article:modified_time\" content=\"2025-11-06T09:33:34+00:00\" \/>\n<meta property=\"og:image\" content=\"https:\/\/dutchmicrodosing.com\/wp-content\/uploads\/2022\/04\/Meitake-03-768x768-1.jpg\" \/>\n\t<meta property=\"og:image:width\" content=\"768\" \/>\n\t<meta property=\"og:image:height\" content=\"768\" \/>\n\t<meta property=\"og:image:type\" content=\"image\/jpeg\" \/>\n<meta name=\"twitter:card\" content=\"summary_large_image\" \/>\n<script type=\"application\/ld+json\" class=\"yoast-schema-graph\">{\"@context\":\"https:\/\/schema.org\",\"@graph\":[{\"@type\":\"WebPage\",\"@id\":\"https:\/\/dutchmicrodosing.com\/es\/setas-medicinales\/maitake-grifola-frondosa-120-capsulas\/\",\"url\":\"https:\/\/dutchmicrodosing.com\/es\/setas-medicinales\/maitake-grifola-frondosa-120-capsulas\/\",\"name\":\"Maitake (Grifola Frondosa) -120 Tapas - Dutchmicrodosing\",\"isPartOf\":{\"@id\":\"https:\/\/dutchmicrodosing.com\/es\/#website\"},\"primaryImageOfPage\":{\"@id\":\"https:\/\/dutchmicrodosing.com\/es\/setas-medicinales\/maitake-grifola-frondosa-120-capsulas\/#primaryimage\"},\"image\":{\"@id\":\"https:\/\/dutchmicrodosing.com\/es\/setas-medicinales\/maitake-grifola-frondosa-120-capsulas\/#primaryimage\"},\"thumbnailUrl\":\"https:\/\/dutchmicrodosing.com\/wp-content\/uploads\/2022\/04\/Meitake-03-768x768-1.jpg\",\"datePublished\":\"2022-04-02T18:11:03+00:00\",\"dateModified\":\"2025-11-06T09:33:34+00:00\",\"breadcrumb\":{\"@id\":\"https:\/\/dutchmicrodosing.com\/es\/setas-medicinales\/maitake-grifola-frondosa-120-capsulas\/#breadcrumb\"},\"inLanguage\":\"es\",\"potentialAction\":[{\"@type\":\"ReadAction\",\"target\":[\"https:\/\/dutchmicrodosing.com\/es\/setas-medicinales\/maitake-grifola-frondosa-120-capsulas\/\"]}]},{\"@type\":\"ImageObject\",\"inLanguage\":\"es\",\"@id\":\"https:\/\/dutchmicrodosing.com\/es\/setas-medicinales\/maitake-grifola-frondosa-120-capsulas\/#primaryimage\",\"url\":\"https:\/\/dutchmicrodosing.com\/wp-content\/uploads\/2022\/04\/Meitake-03-768x768-1.jpg\",\"contentUrl\":\"https:\/\/dutchmicrodosing.com\/wp-content\/uploads\/2022\/04\/Meitake-03-768x768-1.jpg\",\"width\":768,\"height\":768},{\"@type\":\"BreadcrumbList\",\"@id\":\"https:\/\/dutchmicrodosing.com\/es\/setas-medicinales\/maitake-grifola-frondosa-120-capsulas\/#breadcrumb\",\"itemListElement\":[{\"@type\":\"ListItem\",\"position\":1,\"name\":\"Home\",\"item\":\"https:\/\/dutchmicrodosing.com\/es\/\"},{\"@type\":\"ListItem\",\"position\":2,\"name\":\"Tienda\",\"item\":\"https:\/\/dutchmicrodosing.com\/es\/tienda\/\"},{\"@type\":\"ListItem\",\"position\":3,\"name\":\"Maitake (Grifola Frondosa) -120 Tapas\"}]},{\"@type\":\"WebSite\",\"@id\":\"https:\/\/dutchmicrodosing.com\/es\/#website\",\"url\":\"https:\/\/dutchmicrodosing.com\/es\/\",\"name\":\"Dutchmicrodosing\",\"description\":\"\",\"publisher\":{\"@id\":\"https:\/\/dutchmicrodosing.com\/es\/#organization\"},\"potentialAction\":[{\"@type\":\"SearchAction\",\"target\":{\"@type\":\"EntryPoint\",\"urlTemplate\":\"https:\/\/dutchmicrodosing.com\/es\/?s={search_term_string}\"},\"query-input\":{\"@type\":\"PropertyValueSpecification\",\"valueRequired\":true,\"valueName\":\"search_term_string\"}}],\"inLanguage\":\"es\"},{\"@type\":\"Organization\",\"@id\":\"https:\/\/dutchmicrodosing.com\/es\/#organization\",\"name\":\"Dutchmicrodosing\",\"url\":\"https:\/\/dutchmicrodosing.com\/es\/\",\"logo\":{\"@type\":\"ImageObject\",\"inLanguage\":\"es\",\"@id\":\"https:\/\/dutchmicrodosing.com\/es\/#\/schema\/logo\/image\/\",\"url\":\"https:\/\/dutchmicrodosing.com\/wp-content\/uploads\/2021\/01\/microdosing-categorie-pic-nieuw.jpg\",\"contentUrl\":\"https:\/\/dutchmicrodosing.com\/wp-content\/uploads\/2021\/01\/microdosing-categorie-pic-nieuw.jpg\",\"width\":500,\"height\":500,\"caption\":\"Dutchmicrodosing\"},\"image\":{\"@id\":\"https:\/\/dutchmicrodosing.com\/es\/#\/schema\/logo\/image\/\"},\"sameAs\":[\"https:\/\/www.facebook.com\/Dutchmicrodosingxp\/\",\"https:\/\/www.instagram.com\/dutchmicrodosing\/\"]}]}<\/script>\n<meta property=\"product:price:amount\" content=\"34.95\" \/>\n<meta property=\"product:price:currency\" content=\"EUR\" \/>\n<meta property=\"og:availability\" content=\"instock\" \/>\n<meta property=\"product:availability\" content=\"instock\" \/>\n<meta property=\"product:retailer_item_id\" content=\"2203473\" \/>\n<meta property=\"product:condition\" content=\"new\" \/>\n<!-- \/ Yoast SEO Premium plugin. -->","yoast_head_json":{"title":"Maitake (Grifola Frondosa) -120 Tapas - Dutchmicrodosing","robots":{"index":"index","follow":"follow","max-snippet":"max-snippet:-1","max-image-preview":"max-image-preview:large","max-video-preview":"max-video-preview:-1"},"canonical":"https:\/\/dutchmicrodosing.com\/es\/setas-medicinales\/maitake-grifola-frondosa-120-capsulas\/","og_locale":"es_ES","og_type":"article","og_title":"Maitake (Grifola Frondosa) -120 Tapas","og_description":"En la b\u00fasqueda de formas naturales de mejorar nuestra salud, el hongo medicinal Maitake (Grifola Frondosa) est\u00e1 cada vez m\u00e1s en el punto de mira. Este","og_url":"https:\/\/dutchmicrodosing.com\/es\/setas-medicinales\/maitake-grifola-frondosa-120-capsulas\/","og_site_name":"Dutchmicrodosing","article_publisher":"https:\/\/www.facebook.com\/Dutchmicrodosingxp\/","article_modified_time":"2025-11-06T09:33:34+00:00","og_image":[{"width":768,"height":768,"url":"https:\/\/dutchmicrodosing.com\/wp-content\/uploads\/2022\/04\/Meitake-03-768x768-1.jpg","type":"image\/jpeg"}],"twitter_card":"summary_large_image","schema":{"@context":"https:\/\/schema.org","@graph":[{"@type":"WebPage","@id":"https:\/\/dutchmicrodosing.com\/es\/setas-medicinales\/maitake-grifola-frondosa-120-capsulas\/","url":"https:\/\/dutchmicrodosing.com\/es\/setas-medicinales\/maitake-grifola-frondosa-120-capsulas\/","name":"Maitake (Grifola Frondosa) -120 Tapas - Dutchmicrodosing","isPartOf":{"@id":"https:\/\/dutchmicrodosing.com\/es\/#website"},"primaryImageOfPage":{"@id":"https:\/\/dutchmicrodosing.com\/es\/setas-medicinales\/maitake-grifola-frondosa-120-capsulas\/#primaryimage"},"image":{"@id":"https:\/\/dutchmicrodosing.com\/es\/setas-medicinales\/maitake-grifola-frondosa-120-capsulas\/#primaryimage"},"thumbnailUrl":"https:\/\/dutchmicrodosing.com\/wp-content\/uploads\/2022\/04\/Meitake-03-768x768-1.jpg","datePublished":"2022-04-02T18:11:03+00:00","dateModified":"2025-11-06T09:33:34+00:00","breadcrumb":{"@id":"https:\/\/dutchmicrodosing.com\/es\/setas-medicinales\/maitake-grifola-frondosa-120-capsulas\/#breadcrumb"},"inLanguage":"es","potentialAction":[{"@type":"ReadAction","target":["https:\/\/dutchmicrodosing.com\/es\/setas-medicinales\/maitake-grifola-frondosa-120-capsulas\/"]}]},{"@type":"ImageObject","inLanguage":"es","@id":"https:\/\/dutchmicrodosing.com\/es\/setas-medicinales\/maitake-grifola-frondosa-120-capsulas\/#primaryimage","url":"https:\/\/dutchmicrodosing.com\/wp-content\/uploads\/2022\/04\/Meitake-03-768x768-1.jpg","contentUrl":"https:\/\/dutchmicrodosing.com\/wp-content\/uploads\/2022\/04\/Meitake-03-768x768-1.jpg","width":768,"height":768},{"@type":"BreadcrumbList","@id":"https:\/\/dutchmicrodosing.com\/es\/setas-medicinales\/maitake-grifola-frondosa-120-capsulas\/#breadcrumb","itemListElement":[{"@type":"ListItem","position":1,"name":"Home","item":"https:\/\/dutchmicrodosing.com\/es\/"},{"@type":"ListItem","position":2,"name":"Tienda","item":"https:\/\/dutchmicrodosing.com\/es\/tienda\/"},{"@type":"ListItem","position":3,"name":"Maitake (Grifola Frondosa) -120 Tapas"}]},{"@type":"WebSite","@id":"https:\/\/dutchmicrodosing.com\/es\/#website","url":"https:\/\/dutchmicrodosing.com\/es\/","name":"Dutchmicrodosing","description":"","publisher":{"@id":"https:\/\/dutchmicrodosing.com\/es\/#organization"},"potentialAction":[{"@type":"SearchAction","target":{"@type":"EntryPoint","urlTemplate":"https:\/\/dutchmicrodosing.com\/es\/?s={search_term_string}"},"query-input":{"@type":"PropertyValueSpecification","valueRequired":true,"valueName":"search_term_string"}}],"inLanguage":"es"},{"@type":"Organization","@id":"https:\/\/dutchmicrodosing.com\/es\/#organization","name":"Dutchmicrodosing","url":"https:\/\/dutchmicrodosing.com\/es\/","logo":{"@type":"ImageObject","inLanguage":"es","@id":"https:\/\/dutchmicrodosing.com\/es\/#\/schema\/logo\/image\/","url":"https:\/\/dutchmicrodosing.com\/wp-content\/uploads\/2021\/01\/microdosing-categorie-pic-nieuw.jpg","contentUrl":"https:\/\/dutchmicrodosing.com\/wp-content\/uploads\/2021\/01\/microdosing-categorie-pic-nieuw.jpg","width":500,"height":500,"caption":"Dutchmicrodosing"},"image":{"@id":"https:\/\/dutchmicrodosing.com\/es\/#\/schema\/logo\/image\/"},"sameAs":["https:\/\/www.facebook.com\/Dutchmicrodosingxp\/","https:\/\/www.instagram.com\/dutchmicrodosing\/"]}]},"product_price_amount":"34.95","product_price_currency":"EUR","og_availability":"instock","product_availability":"instock","product_retailer_item_id":"2203473","product_condition":"new"},"_links":{"self":[{"href":"https:\/\/dutchmicrodosing.com\/es\/wp-json\/wp\/v2\/product\/30098","targetHints":{"allow":["GET"]}}],"collection":[{"href":"https:\/\/dutchmicrodosing.com\/es\/wp-json\/wp\/v2\/product"}],"about":[{"href":"https:\/\/dutchmicrodosing.com\/es\/wp-json\/wp\/v2\/types\/product"}],"replies":[{"embeddable":true,"href":"https:\/\/dutchmicrodosing.com\/es\/wp-json\/wp\/v2\/comments?post=30098"}],"version-history":[{"count":1,"href":"https:\/\/dutchmicrodosing.com\/es\/wp-json\/wp\/v2\/product\/30098\/revisions"}],"predecessor-version":[{"id":61014,"href":"https:\/\/dutchmicrodosing.com\/es\/wp-json\/wp\/v2\/product\/30098\/revisions\/61014"}],"wp:featuredmedia":[{"embeddable":true,"href":"https:\/\/dutchmicrodosing.com\/es\/wp-json\/wp\/v2\/media\/12030"}],"wp:attachment":[{"href":"https:\/\/dutchmicrodosing.com\/es\/wp-json\/wp\/v2\/media?parent=30098"}],"wp:term":[{"taxonomy":"product_brand","embeddable":true,"href":"https:\/\/dutchmicrodosing.com\/es\/wp-json\/wp\/v2\/product_brand?post=30098"},{"taxonomy":"product_cat","embeddable":true,"href":"https:\/\/dutchmicrodosing.com\/es\/wp-json\/wp\/v2\/product_cat?post=30098"},{"taxonomy":"product_tag","embeddable":true,"href":"https:\/\/dutchmicrodosing.com\/es\/wp-json\/wp\/v2\/product_tag?post=30098"}],"curies":[{"name":"wp","href":"https:\/\/api.w.org\/{rel}","templated":true}]}}