{"id":30797,"date":"2023-10-25T14:04:48","date_gmt":"2023-10-25T12:04:48","guid":{"rendered":"https:\/\/dutchmicrodosing.com\/shop\/sin%20categor\u00eda\/hombre-leon-polvo-organico\/"},"modified":"2026-04-16T17:22:56","modified_gmt":"2026-04-16T15:22:56","slug":"hombre-leon-polvo-organico","status":"publish","type":"product","link":"https:\/\/dutchmicrodosing.com\/es\/setas-medicinales\/hombre-leon-polvo-organico\/","title":{"rendered":"Melena de Le\u00f3n (Hericium Erinaceus) &#8211; Apoyo Cerebral"},"content":{"rendered":"<p><strong>El polvo de melena<\/strong> de le\u00f3n es un suplemento en polvo obtenido del hongo melena de le\u00f3n, tambi\u00e9n conocido como melena de le\u00f3n. Esta seta es conocida por su aspecto \u00fanico, en forma de flecos, que recuerda a la melena de un le\u00f3n, de ah\u00ed su nombre. El polvo se obtiene secando y triturando las setas, y se suele utilizar por sus posibles beneficios para la salud, como el apoyo a las funciones cognitivas, el fomento del crecimiento nervioso y la reducci\u00f3n de la inflamaci\u00f3n.<\/p>\n<h3>Ingredientes<\/h3>\n<p>Polvo de seta melena de le\u00f3n Ecol\u00f3gica.<\/p>\n<h3>Utilice<\/h3>\n<p>Se recomienda empezar con una peque\u00f1a cantidad, por ejemplo media cucharadita al d\u00eda, para ver c\u00f3mo reacciona el organismo. Puede aumentar gradualmente la dosis hasta un m\u00e1ximo de 2 cucharaditas al d\u00eda, en funci\u00f3n de sus necesidades individuales y de las recomendaciones del fabricante. Puede mezclar el polvo de hongo reishi con agua tibia para preparar un simple t\u00e9. A\u00f1adir el polvo al agua y remover bien. D\u00e9jelo reposar unos minutos y b\u00e9baselo. Tambi\u00e9n puede a\u00f1adir el polvo a batidos, zumos, caf\u00e9 o t\u00e9. Tiene un sabor ligeramente amargo, por lo que se puede a\u00f1adir miel u otro edulcorante para realzar el sabor. La melena de le\u00f3n en polvo tambi\u00e9n puede utilizarse como ingrediente en las comidas.<\/p>\n<h3>Consejos de almacenamiento<\/h3>\n<p>Guarde este producto en un lugar oscuro y fresco, como un armario de cocina, y fuera del alcance de los ni\u00f1os.<\/p>\n<h3>Contenido<\/h3>\n<p>Polvo de seta melena de le\u00f3n Bio &#8211; 100 gramos.<\/p>\n","protected":false},"excerpt":{"rendered":"<p>El polvo de melena de le\u00f3n es un suplemento en polvo obtenido del hongo melena de le\u00f3n, tambi\u00e9n conocido como melena de le\u00f3n. Esta seta es conocida por su aspecto \u00fanico, en forma de flecos, que recuerda a la melena de un le\u00f3n, de ah\u00ed su nombre. El polvo se obtiene secando y triturando las [&hellip;]<\/p>\n","protected":false},"featured_media":62975,"comment_status":"closed","ping_status":"closed","template":"","meta":[],"product_brand":[],"product_cat":[91,283,298],"product_tag":[],"class_list":{"0":"post-30797","1":"product","2":"type-product","3":"status-publish","4":"has-post-thumbnail","6":"product_cat-setas-medicinales","7":"product_cat-superalimentos","8":"product_cat-suplementos-para-el-sistema-inmunitario","10":"first","11":"instock","12":"taxable","13":"shipping-taxable","14":"purchasable","15":"product-type-simple"},"yoast_head":"<!-- This site is optimized with the Yoast SEO Premium plugin v26.4 (Yoast SEO v27.4) - https:\/\/yoast.com\/product\/yoast-seo-premium-wordpress\/ -->\n<title>Melena de Le\u00f3n (Hericium Erinaceus) - Apoyo Cerebral - Dutchmicrodosing<\/title>\n<meta name=\"description\" content=\"El polvo de melena de le\u00f3n es un suplemento en polvo obtenido del hongo melena de le\u00f3n, tambi\u00e9n conocido como melena de le\u00f3n. Esta seta...\" \/>\n<meta name=\"robots\" content=\"index, follow, max-snippet:-1, max-image-preview:large, max-video-preview:-1\" \/>\n<link rel=\"canonical\" href=\"https:\/\/dutchmicrodosing.com\/es\/setas-medicinales\/hombre-leon-polvo-organico\/\" \/>\n<meta property=\"og:locale\" content=\"es_ES\" \/>\n<meta property=\"og:type\" content=\"article\" \/>\n<meta property=\"og:title\" content=\"Melena de Le\u00f3n (Hericium Erinaceus) - Apoyo Cerebral\" \/>\n<meta property=\"og:description\" content=\"El polvo de melena de le\u00f3n es un suplemento en polvo obtenido del hongo melena de le\u00f3n, tambi\u00e9n conocido como melena de le\u00f3n. Esta seta es conocida por su\" \/>\n<meta property=\"og:url\" content=\"https:\/\/dutchmicrodosing.com\/es\/setas-medicinales\/hombre-leon-polvo-organico\/\" \/>\n<meta property=\"og:site_name\" content=\"Dutchmicrodosing\" \/>\n<meta property=\"article:publisher\" content=\"https:\/\/www.facebook.com\/Dutchmicrodosingxp\/\" \/>\n<meta property=\"article:modified_time\" content=\"2026-04-16T15:22:56+00:00\" \/>\n<meta property=\"og:image\" content=\"https:\/\/dutchmicrodosing.com\/wp-content\/uploads\/2023\/10\/Lions_Mane_1000x1000.jpg\" \/>\n\t<meta property=\"og:image:width\" content=\"1000\" \/>\n\t<meta property=\"og:image:height\" content=\"1000\" \/>\n\t<meta property=\"og:image:type\" content=\"image\/jpeg\" \/>\n<meta name=\"twitter:card\" content=\"summary_large_image\" \/>\n<script type=\"application\/ld+json\" class=\"yoast-schema-graph\">{\"@context\":\"https:\\\/\\\/schema.org\",\"@graph\":[{\"@type\":\"WebPage\",\"@id\":\"https:\\\/\\\/dutchmicrodosing.com\\\/es\\\/setas-medicinales\\\/hombre-leon-polvo-organico\\\/\",\"url\":\"https:\\\/\\\/dutchmicrodosing.com\\\/es\\\/setas-medicinales\\\/hombre-leon-polvo-organico\\\/\",\"name\":\"Melena de Le\u00f3n (Hericium Erinaceus) - Apoyo Cerebral - Dutchmicrodosing\",\"isPartOf\":{\"@id\":\"https:\\\/\\\/dutchmicrodosing.com\\\/es\\\/#website\"},\"primaryImageOfPage\":{\"@id\":\"https:\\\/\\\/dutchmicrodosing.com\\\/es\\\/setas-medicinales\\\/hombre-leon-polvo-organico\\\/#primaryimage\"},\"image\":{\"@id\":\"https:\\\/\\\/dutchmicrodosing.com\\\/es\\\/setas-medicinales\\\/hombre-leon-polvo-organico\\\/#primaryimage\"},\"thumbnailUrl\":\"https:\\\/\\\/dutchmicrodosing.com\\\/wp-content\\\/uploads\\\/2025\\\/11\\\/Lions-Mane-Powder_1.jpg\",\"datePublished\":\"2023-10-25T12:04:48+00:00\",\"dateModified\":\"2026-04-16T15:22:56+00:00\",\"description\":\"El polvo de melena de le\u00f3n es un suplemento en polvo obtenido del hongo melena de le\u00f3n, tambi\u00e9n conocido como melena de le\u00f3n. Esta seta...\",\"breadcrumb\":{\"@id\":\"https:\\\/\\\/dutchmicrodosing.com\\\/es\\\/setas-medicinales\\\/hombre-leon-polvo-organico\\\/#breadcrumb\"},\"inLanguage\":\"es\",\"potentialAction\":[{\"@type\":\"ReadAction\",\"target\":[\"https:\\\/\\\/dutchmicrodosing.com\\\/es\\\/setas-medicinales\\\/hombre-leon-polvo-organico\\\/\"]}]},{\"@type\":\"ImageObject\",\"inLanguage\":\"es\",\"@id\":\"https:\\\/\\\/dutchmicrodosing.com\\\/es\\\/setas-medicinales\\\/hombre-leon-polvo-organico\\\/#primaryimage\",\"url\":\"https:\\\/\\\/dutchmicrodosing.com\\\/wp-content\\\/uploads\\\/2025\\\/11\\\/Lions-Mane-Powder_1.jpg\",\"contentUrl\":\"https:\\\/\\\/dutchmicrodosing.com\\\/wp-content\\\/uploads\\\/2025\\\/11\\\/Lions-Mane-Powder_1.jpg\",\"width\":1500,\"height\":1500,\"caption\":\"Lion's Mane Powder\"},{\"@type\":\"BreadcrumbList\",\"@id\":\"https:\\\/\\\/dutchmicrodosing.com\\\/es\\\/setas-medicinales\\\/hombre-leon-polvo-organico\\\/#breadcrumb\",\"itemListElement\":[{\"@type\":\"ListItem\",\"position\":1,\"name\":\"Home\",\"item\":\"https:\\\/\\\/dutchmicrodosing.com\\\/es\\\/\"},{\"@type\":\"ListItem\",\"position\":2,\"name\":\"Tienda\",\"item\":\"https:\\\/\\\/dutchmicrodosing.com\\\/es\\\/tienda\\\/\"},{\"@type\":\"ListItem\",\"position\":3,\"name\":\"Melena de Le\u00f3n (Hericium Erinaceus) &#8211; Apoyo Cerebral\"}]},{\"@type\":\"WebSite\",\"@id\":\"https:\\\/\\\/dutchmicrodosing.com\\\/es\\\/#website\",\"url\":\"https:\\\/\\\/dutchmicrodosing.com\\\/es\\\/\",\"name\":\"Dutchmicrodosing\",\"description\":\"\",\"publisher\":{\"@id\":\"https:\\\/\\\/dutchmicrodosing.com\\\/es\\\/#organization\"},\"potentialAction\":[{\"@type\":\"SearchAction\",\"target\":{\"@type\":\"EntryPoint\",\"urlTemplate\":\"https:\\\/\\\/dutchmicrodosing.com\\\/es\\\/?s={search_term_string}\"},\"query-input\":{\"@type\":\"PropertyValueSpecification\",\"valueRequired\":true,\"valueName\":\"search_term_string\"}}],\"inLanguage\":\"es\"},{\"@type\":\"Organization\",\"@id\":\"https:\\\/\\\/dutchmicrodosing.com\\\/es\\\/#organization\",\"name\":\"Dutchmicrodosing\",\"url\":\"https:\\\/\\\/dutchmicrodosing.com\\\/es\\\/\",\"logo\":{\"@type\":\"ImageObject\",\"inLanguage\":\"es\",\"@id\":\"https:\\\/\\\/dutchmicrodosing.com\\\/es\\\/#\\\/schema\\\/logo\\\/image\\\/\",\"url\":\"https:\\\/\\\/dutchmicrodosing.com\\\/wp-content\\\/uploads\\\/2021\\\/01\\\/microdosing-categorie-pic-nieuw.jpg\",\"contentUrl\":\"https:\\\/\\\/dutchmicrodosing.com\\\/wp-content\\\/uploads\\\/2021\\\/01\\\/microdosing-categorie-pic-nieuw.jpg\",\"width\":500,\"height\":500,\"caption\":\"Dutchmicrodosing\"},\"image\":{\"@id\":\"https:\\\/\\\/dutchmicrodosing.com\\\/es\\\/#\\\/schema\\\/logo\\\/image\\\/\"},\"sameAs\":[\"https:\\\/\\\/www.facebook.com\\\/Dutchmicrodosingxp\\\/\",\"https:\\\/\\\/www.instagram.com\\\/dutchmicrodosing\\\/\"]}]}<\/script>\n<meta property=\"product:price:amount\" content=\"19.95\" \/>\n<meta property=\"product:price:currency\" content=\"EUR\" \/>\n<meta property=\"og:availability\" content=\"instock\" \/>\n<meta property=\"product:availability\" content=\"instock\" \/>\n<meta property=\"product:retailer_item_id\" content=\"3210509\" \/>\n<meta property=\"product:condition\" content=\"new\" \/>\n<!-- \/ Yoast SEO Premium plugin. -->","yoast_head_json":{"title":"Melena de Le\u00f3n (Hericium Erinaceus) - Apoyo Cerebral - Dutchmicrodosing","description":"El polvo de melena de le\u00f3n es un suplemento en polvo obtenido del hongo melena de le\u00f3n, tambi\u00e9n conocido como melena de le\u00f3n. Esta seta...","robots":{"index":"index","follow":"follow","max-snippet":"max-snippet:-1","max-image-preview":"max-image-preview:large","max-video-preview":"max-video-preview:-1"},"canonical":"https:\/\/dutchmicrodosing.com\/es\/setas-medicinales\/hombre-leon-polvo-organico\/","og_locale":"es_ES","og_type":"article","og_title":"Melena de Le\u00f3n (Hericium Erinaceus) - Apoyo Cerebral","og_description":"El polvo de melena de le\u00f3n es un suplemento en polvo obtenido del hongo melena de le\u00f3n, tambi\u00e9n conocido como melena de le\u00f3n. Esta seta es conocida por su","og_url":"https:\/\/dutchmicrodosing.com\/es\/setas-medicinales\/hombre-leon-polvo-organico\/","og_site_name":"Dutchmicrodosing","article_publisher":"https:\/\/www.facebook.com\/Dutchmicrodosingxp\/","article_modified_time":"2026-04-16T15:22:56+00:00","og_image":[{"width":1000,"height":1000,"url":"https:\/\/dutchmicrodosing.com\/wp-content\/uploads\/2023\/10\/Lions_Mane_1000x1000.jpg","type":"image\/jpeg"}],"twitter_card":"summary_large_image","schema":{"@context":"https:\/\/schema.org","@graph":[{"@type":"WebPage","@id":"https:\/\/dutchmicrodosing.com\/es\/setas-medicinales\/hombre-leon-polvo-organico\/","url":"https:\/\/dutchmicrodosing.com\/es\/setas-medicinales\/hombre-leon-polvo-organico\/","name":"Melena de Le\u00f3n (Hericium Erinaceus) - Apoyo Cerebral - Dutchmicrodosing","isPartOf":{"@id":"https:\/\/dutchmicrodosing.com\/es\/#website"},"primaryImageOfPage":{"@id":"https:\/\/dutchmicrodosing.com\/es\/setas-medicinales\/hombre-leon-polvo-organico\/#primaryimage"},"image":{"@id":"https:\/\/dutchmicrodosing.com\/es\/setas-medicinales\/hombre-leon-polvo-organico\/#primaryimage"},"thumbnailUrl":"https:\/\/dutchmicrodosing.com\/wp-content\/uploads\/2025\/11\/Lions-Mane-Powder_1.jpg","datePublished":"2023-10-25T12:04:48+00:00","dateModified":"2026-04-16T15:22:56+00:00","description":"El polvo de melena de le\u00f3n es un suplemento en polvo obtenido del hongo melena de le\u00f3n, tambi\u00e9n conocido como melena de le\u00f3n. Esta seta...","breadcrumb":{"@id":"https:\/\/dutchmicrodosing.com\/es\/setas-medicinales\/hombre-leon-polvo-organico\/#breadcrumb"},"inLanguage":"es","potentialAction":[{"@type":"ReadAction","target":["https:\/\/dutchmicrodosing.com\/es\/setas-medicinales\/hombre-leon-polvo-organico\/"]}]},{"@type":"ImageObject","inLanguage":"es","@id":"https:\/\/dutchmicrodosing.com\/es\/setas-medicinales\/hombre-leon-polvo-organico\/#primaryimage","url":"https:\/\/dutchmicrodosing.com\/wp-content\/uploads\/2025\/11\/Lions-Mane-Powder_1.jpg","contentUrl":"https:\/\/dutchmicrodosing.com\/wp-content\/uploads\/2025\/11\/Lions-Mane-Powder_1.jpg","width":1500,"height":1500,"caption":"Lion's Mane Powder"},{"@type":"BreadcrumbList","@id":"https:\/\/dutchmicrodosing.com\/es\/setas-medicinales\/hombre-leon-polvo-organico\/#breadcrumb","itemListElement":[{"@type":"ListItem","position":1,"name":"Home","item":"https:\/\/dutchmicrodosing.com\/es\/"},{"@type":"ListItem","position":2,"name":"Tienda","item":"https:\/\/dutchmicrodosing.com\/es\/tienda\/"},{"@type":"ListItem","position":3,"name":"Melena de Le\u00f3n (Hericium Erinaceus) &#8211; Apoyo Cerebral"}]},{"@type":"WebSite","@id":"https:\/\/dutchmicrodosing.com\/es\/#website","url":"https:\/\/dutchmicrodosing.com\/es\/","name":"Dutchmicrodosing","description":"","publisher":{"@id":"https:\/\/dutchmicrodosing.com\/es\/#organization"},"potentialAction":[{"@type":"SearchAction","target":{"@type":"EntryPoint","urlTemplate":"https:\/\/dutchmicrodosing.com\/es\/?s={search_term_string}"},"query-input":{"@type":"PropertyValueSpecification","valueRequired":true,"valueName":"search_term_string"}}],"inLanguage":"es"},{"@type":"Organization","@id":"https:\/\/dutchmicrodosing.com\/es\/#organization","name":"Dutchmicrodosing","url":"https:\/\/dutchmicrodosing.com\/es\/","logo":{"@type":"ImageObject","inLanguage":"es","@id":"https:\/\/dutchmicrodosing.com\/es\/#\/schema\/logo\/image\/","url":"https:\/\/dutchmicrodosing.com\/wp-content\/uploads\/2021\/01\/microdosing-categorie-pic-nieuw.jpg","contentUrl":"https:\/\/dutchmicrodosing.com\/wp-content\/uploads\/2021\/01\/microdosing-categorie-pic-nieuw.jpg","width":500,"height":500,"caption":"Dutchmicrodosing"},"image":{"@id":"https:\/\/dutchmicrodosing.com\/es\/#\/schema\/logo\/image\/"},"sameAs":["https:\/\/www.facebook.com\/Dutchmicrodosingxp\/","https:\/\/www.instagram.com\/dutchmicrodosing\/"]}]},"product_price_amount":"19.95","product_price_currency":"EUR","og_availability":"instock","product_availability":"instock","product_retailer_item_id":"3210509","product_condition":"new"},"_links":{"self":[{"href":"https:\/\/dutchmicrodosing.com\/es\/wp-json\/wp\/v2\/product\/30797","targetHints":{"allow":["GET"]}}],"collection":[{"href":"https:\/\/dutchmicrodosing.com\/es\/wp-json\/wp\/v2\/product"}],"about":[{"href":"https:\/\/dutchmicrodosing.com\/es\/wp-json\/wp\/v2\/types\/product"}],"replies":[{"embeddable":true,"href":"https:\/\/dutchmicrodosing.com\/es\/wp-json\/wp\/v2\/comments?post=30797"}],"version-history":[{"count":0,"href":"https:\/\/dutchmicrodosing.com\/es\/wp-json\/wp\/v2\/product\/30797\/revisions"}],"wp:featuredmedia":[{"embeddable":true,"href":"https:\/\/dutchmicrodosing.com\/es\/wp-json\/wp\/v2\/media\/62975"}],"wp:attachment":[{"href":"https:\/\/dutchmicrodosing.com\/es\/wp-json\/wp\/v2\/media?parent=30797"}],"wp:term":[{"taxonomy":"product_brand","embeddable":true,"href":"https:\/\/dutchmicrodosing.com\/es\/wp-json\/wp\/v2\/product_brand?post=30797"},{"taxonomy":"product_cat","embeddable":true,"href":"https:\/\/dutchmicrodosing.com\/es\/wp-json\/wp\/v2\/product_cat?post=30797"},{"taxonomy":"product_tag","embeddable":true,"href":"https:\/\/dutchmicrodosing.com\/es\/wp-json\/wp\/v2\/product_tag?post=30797"}],"curies":[{"name":"wp","href":"https:\/\/api.w.org\/{rel}","templated":true}]}}