{"id":30827,"date":"2023-11-09T16:22:11","date_gmt":"2023-11-09T15:22:11","guid":{"rendered":"https:\/\/dutchmicrodosing.com\/?post_type=product&#038;p=30827"},"modified":"2025-08-18T15:28:00","modified_gmt":"2025-08-18T13:28:00","slug":"matcha-poeder-biologisch","status":"publish","type":"product","link":"https:\/\/dutchmicrodosing.com\/es\/herbolario\/superalimentos\/matcha-poeder-biologisch\/","title":{"rendered":"Matcha en polvo ecol\u00f3gico"},"content":{"rendered":"<p>De hecho, <strong>el matcha<\/strong> ha ganado mucha popularidad en los \u00faltimos a\u00f1os, entre otras cosas por la forma especial en que se produce. Se elabora a partir de las hojas de Camellia sinensis, la planta del t\u00e9 verde. Estas plantas se cultivan a la sombra durante tres o cuatro semanas, lo que permite una mayor producci\u00f3n de teanina y cafe\u00edna, as\u00ed como de amino\u00e1cidos y clorofila, que contribuyen a los beneficios del matcha para la salud.<\/p>\n<p>Tras la cosecha, las hojas se procesan para obtener polvo de matcha 100% ecol\u00f3gico, eliminando los tallos y las venas. El resultado es un producto vers\u00e1til que puede ofrecerse como t\u00e9 a granel, en bolsitas o como polvo concentrado. Debido a esta forma concentrada, el polvo de matcha org\u00e1nico contiene abundantes antioxidantes, cafe\u00edna, teanina, minerales y amino\u00e1cidos, lo que lo convierte en una opci\u00f3n muy nutritiva.<\/p>\n<h3>Ingrediente<\/h3>\n<p>Polvo de matcha 100% ecol\u00f3gico (Camellia sinensis).<\/p>\n<h3>Operaci\u00f3n<\/h3>\n<p>La vitamina B12 desempe\u00f1a un papel importante en la formaci\u00f3n de gl\u00f3bulos rojos, garantiza el buen funcionamiento del sistema nervioso y es un factor esencial para el crecimiento.<\/p>\n<h3>Utilice<\/h3>\n<p>El matcha es una excelente alternativa al caf\u00e9 o al t\u00e9 normal. Sin embargo, tambi\u00e9n puede a\u00f1adirse a platos dulces y salados. Para preparar t\u00e9 matcha, pon un poco de polvo matcha en un colador y cu\u00e9lalo en un cuenco especial para matcha. A continuaci\u00f3n, a\u00f1ada un poco de agua caliente y utilice un batidor de matcha para batir en\u00e9rgicamente hasta que el polvo se disuelva por completo. Esto crea una capa de espuma. A continuaci\u00f3n, vierta el contenido en una taza o un vaso y a\u00f1ada m\u00e1s agua caliente o leche caliente si lo desea.<\/p>\n<h3>Consejos de almacenamiento<\/h3>\n<p>Guarde este producto en un lugar oscuro y fresco, como un armario de cocina, y fuera del alcance de los ni\u00f1os.<\/p>\n<h3>Contenido<\/h3>\n<p>100% Polvo de matcha ecol\u00f3gico (Camellia sinensis) &#8211; 100 g.<\/p>\n","protected":false},"excerpt":{"rendered":"<p>De hecho, el matcha ha ganado mucha popularidad en los \u00faltimos a\u00f1os, entre otras cosas por la forma especial en que se produce. Se elabora a partir de las hojas de Camellia sinensis, la planta del t\u00e9 verde. Estas plantas se cultivan a la sombra durante tres o cuatro semanas, lo que permite una mayor [&hellip;]<\/p>\n","protected":false},"featured_media":30821,"comment_status":"closed","ping_status":"closed","template":"","meta":[],"product_brand":[],"product_cat":[298,283],"product_tag":[],"class_list":{"0":"post-30827","1":"product","2":"type-product","3":"status-publish","4":"has-post-thumbnail","6":"product_cat-suplementos-para-el-sistema-inmunitario","7":"product_cat-superalimentos","9":"first","10":"instock","11":"taxable","12":"shipping-taxable","13":"purchasable","14":"product-type-simple"},"yoast_head":"<!-- This site is optimized with the Yoast SEO Premium plugin v26.4 (Yoast SEO v27.2) - https:\/\/yoast.com\/product\/yoast-seo-premium-wordpress\/ -->\n<title>Matcha en polvo ecol\u00f3gico - Dutchmicrodosing<\/title>\n<meta name=\"robots\" content=\"index, follow, max-snippet:-1, max-image-preview:large, max-video-preview:-1\" \/>\n<link rel=\"canonical\" href=\"https:\/\/dutchmicrodosing.com\/es\/herbolario\/superalimentos\/matcha-poeder-biologisch\/\" \/>\n<meta property=\"og:locale\" content=\"es_ES\" \/>\n<meta property=\"og:type\" content=\"article\" \/>\n<meta property=\"og:title\" content=\"Matcha en polvo ecol\u00f3gico\" \/>\n<meta property=\"og:description\" content=\"De hecho, el matcha ha ganado mucha popularidad en los \u00faltimos a\u00f1os, entre otras cosas por la forma especial en que se produce. Se elabora a partir de las\" \/>\n<meta property=\"og:url\" content=\"https:\/\/dutchmicrodosing.com\/es\/herbolario\/superalimentos\/matcha-poeder-biologisch\/\" \/>\n<meta property=\"og:site_name\" content=\"Dutchmicrodosing\" \/>\n<meta property=\"article:publisher\" content=\"https:\/\/www.facebook.com\/Dutchmicrodosingxp\/\" \/>\n<meta property=\"article:modified_time\" content=\"2025-08-18T13:28:00+00:00\" \/>\n<meta property=\"og:image\" content=\"https:\/\/dutchmicrodosing.com\/wp-content\/uploads\/2023\/11\/1350939426.jpg\" \/>\n\t<meta property=\"og:image:width\" content=\"500\" \/>\n\t<meta property=\"og:image:height\" content=\"500\" \/>\n\t<meta property=\"og:image:type\" content=\"image\/jpeg\" \/>\n<meta name=\"twitter:card\" content=\"summary_large_image\" \/>\n<script type=\"application\/ld+json\" class=\"yoast-schema-graph\">{\"@context\":\"https:\/\/schema.org\",\"@graph\":[{\"@type\":\"WebPage\",\"@id\":\"https:\/\/dutchmicrodosing.com\/es\/herbolario\/superalimentos\/matcha-poeder-biologisch\/\",\"url\":\"https:\/\/dutchmicrodosing.com\/es\/herbolario\/superalimentos\/matcha-poeder-biologisch\/\",\"name\":\"Matcha en polvo ecol\u00f3gico - Dutchmicrodosing\",\"isPartOf\":{\"@id\":\"https:\/\/dutchmicrodosing.com\/es\/#website\"},\"primaryImageOfPage\":{\"@id\":\"https:\/\/dutchmicrodosing.com\/es\/herbolario\/superalimentos\/matcha-poeder-biologisch\/#primaryimage\"},\"image\":{\"@id\":\"https:\/\/dutchmicrodosing.com\/es\/herbolario\/superalimentos\/matcha-poeder-biologisch\/#primaryimage\"},\"thumbnailUrl\":\"https:\/\/dutchmicrodosing.com\/wp-content\/uploads\/2023\/11\/1350939426.jpg\",\"datePublished\":\"2023-11-09T15:22:11+00:00\",\"dateModified\":\"2025-08-18T13:28:00+00:00\",\"breadcrumb\":{\"@id\":\"https:\/\/dutchmicrodosing.com\/es\/herbolario\/superalimentos\/matcha-poeder-biologisch\/#breadcrumb\"},\"inLanguage\":\"es\",\"potentialAction\":[{\"@type\":\"ReadAction\",\"target\":[\"https:\/\/dutchmicrodosing.com\/es\/herbolario\/superalimentos\/matcha-poeder-biologisch\/\"]}]},{\"@type\":\"ImageObject\",\"inLanguage\":\"es\",\"@id\":\"https:\/\/dutchmicrodosing.com\/es\/herbolario\/superalimentos\/matcha-poeder-biologisch\/#primaryimage\",\"url\":\"https:\/\/dutchmicrodosing.com\/wp-content\/uploads\/2023\/11\/1350939426.jpg\",\"contentUrl\":\"https:\/\/dutchmicrodosing.com\/wp-content\/uploads\/2023\/11\/1350939426.jpg\",\"width\":500,\"height\":500},{\"@type\":\"BreadcrumbList\",\"@id\":\"https:\/\/dutchmicrodosing.com\/es\/herbolario\/superalimentos\/matcha-poeder-biologisch\/#breadcrumb\",\"itemListElement\":[{\"@type\":\"ListItem\",\"position\":1,\"name\":\"Home\",\"item\":\"https:\/\/dutchmicrodosing.com\/es\/\"},{\"@type\":\"ListItem\",\"position\":2,\"name\":\"Tienda\",\"item\":\"https:\/\/dutchmicrodosing.com\/es\/tienda\/\"},{\"@type\":\"ListItem\",\"position\":3,\"name\":\"Matcha en polvo ecol\u00f3gico\"}]},{\"@type\":\"WebSite\",\"@id\":\"https:\/\/dutchmicrodosing.com\/es\/#website\",\"url\":\"https:\/\/dutchmicrodosing.com\/es\/\",\"name\":\"Dutchmicrodosing\",\"description\":\"\",\"publisher\":{\"@id\":\"https:\/\/dutchmicrodosing.com\/es\/#organization\"},\"potentialAction\":[{\"@type\":\"SearchAction\",\"target\":{\"@type\":\"EntryPoint\",\"urlTemplate\":\"https:\/\/dutchmicrodosing.com\/es\/?s={search_term_string}\"},\"query-input\":{\"@type\":\"PropertyValueSpecification\",\"valueRequired\":true,\"valueName\":\"search_term_string\"}}],\"inLanguage\":\"es\"},{\"@type\":\"Organization\",\"@id\":\"https:\/\/dutchmicrodosing.com\/es\/#organization\",\"name\":\"Dutchmicrodosing\",\"url\":\"https:\/\/dutchmicrodosing.com\/es\/\",\"logo\":{\"@type\":\"ImageObject\",\"inLanguage\":\"es\",\"@id\":\"https:\/\/dutchmicrodosing.com\/es\/#\/schema\/logo\/image\/\",\"url\":\"https:\/\/dutchmicrodosing.com\/wp-content\/uploads\/2021\/01\/microdosing-categorie-pic-nieuw.jpg\",\"contentUrl\":\"https:\/\/dutchmicrodosing.com\/wp-content\/uploads\/2021\/01\/microdosing-categorie-pic-nieuw.jpg\",\"width\":500,\"height\":500,\"caption\":\"Dutchmicrodosing\"},\"image\":{\"@id\":\"https:\/\/dutchmicrodosing.com\/es\/#\/schema\/logo\/image\/\"},\"sameAs\":[\"https:\/\/www.facebook.com\/Dutchmicrodosingxp\/\",\"https:\/\/www.instagram.com\/dutchmicrodosing\/\"]}]}<\/script>\n<meta property=\"product:price:amount\" content=\"9.95\" \/>\n<meta property=\"product:price:currency\" content=\"EUR\" \/>\n<meta property=\"og:availability\" content=\"instock\" \/>\n<meta property=\"product:availability\" content=\"instock\" \/>\n<meta property=\"product:retailer_item_id\" content=\"3208536\" \/>\n<meta property=\"product:condition\" content=\"new\" \/>\n<!-- \/ Yoast SEO Premium plugin. -->","yoast_head_json":{"title":"Matcha en polvo ecol\u00f3gico - Dutchmicrodosing","robots":{"index":"index","follow":"follow","max-snippet":"max-snippet:-1","max-image-preview":"max-image-preview:large","max-video-preview":"max-video-preview:-1"},"canonical":"https:\/\/dutchmicrodosing.com\/es\/herbolario\/superalimentos\/matcha-poeder-biologisch\/","og_locale":"es_ES","og_type":"article","og_title":"Matcha en polvo ecol\u00f3gico","og_description":"De hecho, el matcha ha ganado mucha popularidad en los \u00faltimos a\u00f1os, entre otras cosas por la forma especial en que se produce. Se elabora a partir de las","og_url":"https:\/\/dutchmicrodosing.com\/es\/herbolario\/superalimentos\/matcha-poeder-biologisch\/","og_site_name":"Dutchmicrodosing","article_publisher":"https:\/\/www.facebook.com\/Dutchmicrodosingxp\/","article_modified_time":"2025-08-18T13:28:00+00:00","og_image":[{"width":500,"height":500,"url":"https:\/\/dutchmicrodosing.com\/wp-content\/uploads\/2023\/11\/1350939426.jpg","type":"image\/jpeg"}],"twitter_card":"summary_large_image","schema":{"@context":"https:\/\/schema.org","@graph":[{"@type":"WebPage","@id":"https:\/\/dutchmicrodosing.com\/es\/herbolario\/superalimentos\/matcha-poeder-biologisch\/","url":"https:\/\/dutchmicrodosing.com\/es\/herbolario\/superalimentos\/matcha-poeder-biologisch\/","name":"Matcha en polvo ecol\u00f3gico - Dutchmicrodosing","isPartOf":{"@id":"https:\/\/dutchmicrodosing.com\/es\/#website"},"primaryImageOfPage":{"@id":"https:\/\/dutchmicrodosing.com\/es\/herbolario\/superalimentos\/matcha-poeder-biologisch\/#primaryimage"},"image":{"@id":"https:\/\/dutchmicrodosing.com\/es\/herbolario\/superalimentos\/matcha-poeder-biologisch\/#primaryimage"},"thumbnailUrl":"https:\/\/dutchmicrodosing.com\/wp-content\/uploads\/2023\/11\/1350939426.jpg","datePublished":"2023-11-09T15:22:11+00:00","dateModified":"2025-08-18T13:28:00+00:00","breadcrumb":{"@id":"https:\/\/dutchmicrodosing.com\/es\/herbolario\/superalimentos\/matcha-poeder-biologisch\/#breadcrumb"},"inLanguage":"es","potentialAction":[{"@type":"ReadAction","target":["https:\/\/dutchmicrodosing.com\/es\/herbolario\/superalimentos\/matcha-poeder-biologisch\/"]}]},{"@type":"ImageObject","inLanguage":"es","@id":"https:\/\/dutchmicrodosing.com\/es\/herbolario\/superalimentos\/matcha-poeder-biologisch\/#primaryimage","url":"https:\/\/dutchmicrodosing.com\/wp-content\/uploads\/2023\/11\/1350939426.jpg","contentUrl":"https:\/\/dutchmicrodosing.com\/wp-content\/uploads\/2023\/11\/1350939426.jpg","width":500,"height":500},{"@type":"BreadcrumbList","@id":"https:\/\/dutchmicrodosing.com\/es\/herbolario\/superalimentos\/matcha-poeder-biologisch\/#breadcrumb","itemListElement":[{"@type":"ListItem","position":1,"name":"Home","item":"https:\/\/dutchmicrodosing.com\/es\/"},{"@type":"ListItem","position":2,"name":"Tienda","item":"https:\/\/dutchmicrodosing.com\/es\/tienda\/"},{"@type":"ListItem","position":3,"name":"Matcha en polvo ecol\u00f3gico"}]},{"@type":"WebSite","@id":"https:\/\/dutchmicrodosing.com\/es\/#website","url":"https:\/\/dutchmicrodosing.com\/es\/","name":"Dutchmicrodosing","description":"","publisher":{"@id":"https:\/\/dutchmicrodosing.com\/es\/#organization"},"potentialAction":[{"@type":"SearchAction","target":{"@type":"EntryPoint","urlTemplate":"https:\/\/dutchmicrodosing.com\/es\/?s={search_term_string}"},"query-input":{"@type":"PropertyValueSpecification","valueRequired":true,"valueName":"search_term_string"}}],"inLanguage":"es"},{"@type":"Organization","@id":"https:\/\/dutchmicrodosing.com\/es\/#organization","name":"Dutchmicrodosing","url":"https:\/\/dutchmicrodosing.com\/es\/","logo":{"@type":"ImageObject","inLanguage":"es","@id":"https:\/\/dutchmicrodosing.com\/es\/#\/schema\/logo\/image\/","url":"https:\/\/dutchmicrodosing.com\/wp-content\/uploads\/2021\/01\/microdosing-categorie-pic-nieuw.jpg","contentUrl":"https:\/\/dutchmicrodosing.com\/wp-content\/uploads\/2021\/01\/microdosing-categorie-pic-nieuw.jpg","width":500,"height":500,"caption":"Dutchmicrodosing"},"image":{"@id":"https:\/\/dutchmicrodosing.com\/es\/#\/schema\/logo\/image\/"},"sameAs":["https:\/\/www.facebook.com\/Dutchmicrodosingxp\/","https:\/\/www.instagram.com\/dutchmicrodosing\/"]}]},"product_price_amount":"9.95","product_price_currency":"EUR","og_availability":"instock","product_availability":"instock","product_retailer_item_id":"3208536","product_condition":"new"},"_links":{"self":[{"href":"https:\/\/dutchmicrodosing.com\/es\/wp-json\/wp\/v2\/product\/30827","targetHints":{"allow":["GET"]}}],"collection":[{"href":"https:\/\/dutchmicrodosing.com\/es\/wp-json\/wp\/v2\/product"}],"about":[{"href":"https:\/\/dutchmicrodosing.com\/es\/wp-json\/wp\/v2\/types\/product"}],"replies":[{"embeddable":true,"href":"https:\/\/dutchmicrodosing.com\/es\/wp-json\/wp\/v2\/comments?post=30827"}],"version-history":[{"count":0,"href":"https:\/\/dutchmicrodosing.com\/es\/wp-json\/wp\/v2\/product\/30827\/revisions"}],"wp:featuredmedia":[{"embeddable":true,"href":"https:\/\/dutchmicrodosing.com\/es\/wp-json\/wp\/v2\/media\/30821"}],"wp:attachment":[{"href":"https:\/\/dutchmicrodosing.com\/es\/wp-json\/wp\/v2\/media?parent=30827"}],"wp:term":[{"taxonomy":"product_brand","embeddable":true,"href":"https:\/\/dutchmicrodosing.com\/es\/wp-json\/wp\/v2\/product_brand?post=30827"},{"taxonomy":"product_cat","embeddable":true,"href":"https:\/\/dutchmicrodosing.com\/es\/wp-json\/wp\/v2\/product_cat?post=30827"},{"taxonomy":"product_tag","embeddable":true,"href":"https:\/\/dutchmicrodosing.com\/es\/wp-json\/wp\/v2\/product_tag?post=30827"}],"curies":[{"name":"wp","href":"https:\/\/api.w.org\/{rel}","templated":true}]}}