{"id":30893,"date":"2023-11-10T08:20:20","date_gmt":"2023-11-10T07:20:20","guid":{"rendered":"https:\/\/dutchmicrodosing.com\/shop\/sin%20categor\u00eda\/acai-en-polvo-liofilizado-ecologico\/"},"modified":"2026-02-03T16:42:29","modified_gmt":"2026-02-03T15:42:29","slug":"acai-en-polvo-liofilizado-ecologico","status":"publish","type":"product","link":"https:\/\/dutchmicrodosing.com\/es\/herbolario\/superalimentos\/acai-en-polvo-liofilizado-ecologico\/","title":{"rendered":"Acai en polvo liofilizado ecol\u00f3gico"},"content":{"rendered":"<p>La baya de a\u00e7a\u00ed, a menudo llamada \u00abacia\u00bb, es un peque\u00f1o fruto de color p\u00farpura oscuro procedente de la selva amaz\u00f3nica. Esta baya es conocida desde hace mucho tiempo por las tribus ind\u00edgenas por sus cualidades beneficiosas y nutritivas. Con una alimentaci\u00f3n sana y sostenible cada vez m\u00e1s popular, la demanda de <strong>polvo de a\u00e7a\u00ed<\/strong> ecol\u00f3gico aumenta en todo el mundo. Pero, \u00bfpor qu\u00e9 es tan especial este polvo? Las bayas de asa\u00ed son muy nutritivas y est\u00e1n repletas de antioxidantes, fibra, \u00e1cidos grasos omega-3 y una gran variedad de vitaminas y minerales. Los antioxidantes del a\u00e7a\u00ed, especialmente las antocianinas, son conocidos por su capacidad para combatir los radicales libres da\u00f1inos del organismo. Estos radicales pueden da\u00f1ar las c\u00e9lulas, acelerar el envejecimiento y contribuir a diversas enfermedades. El polvo de a\u00e7a\u00ed liofilizado ecol\u00f3gico contiene minerales esenciales como magnesio, zinc y hierro, y es rico en fitonutrientes. Por ello, es un excelente complemento de una dieta equilibrada.<\/p>\n<h3>Ingrediente<\/h3>\n<p>Pulpa de a\u00e7a\u00ed 100% ecol\u00f3gica (sin c\u00e1scara ni semillas).<\/p>\n<h3>Operaci\u00f3n<\/h3>\n<ul>\n<li>Mejora del estado de la piel.<\/li>\n<li>Mejora cognitiva.<\/li>\n<li>Proporciona una desintoxicaci\u00f3n natural.<\/li>\n<li>Contribuye a una buena digesti\u00f3n.<\/li>\n<li>Protege contra las enfermedades cardiovasculares.<\/li>\n<li>Saciante, ayuda a perder peso.<\/li>\n<\/ul>\n<h3>Utilice<\/h3>\n<ul>\n<li>Tomar de 2 a 3 gramos al d\u00eda.<\/li>\n<li>Gu\u00e1rdelo en un lugar oscuro y fresco.<\/li>\n<li>Mantener fuera del alcance de los ni\u00f1os.<\/li>\n<\/ul>\n<h3>Consejos de almacenamiento<\/h3>\n<p>Guarde este producto en un lugar oscuro y fresco, como un armario de cocina, y fuera del alcance de los ni\u00f1os.<\/p>\n<h3>Contenido<\/h3>\n<p>Pulpa de a\u00e7a\u00ed 100% ecol\u00f3gica (sin c\u00e1scara ni semillas) &#8211; 100 g.<\/p>\n","protected":false},"excerpt":{"rendered":"<p>La baya de a\u00e7a\u00ed, a menudo llamada \u00abacia\u00bb, es un peque\u00f1o fruto de color p\u00farpura oscuro procedente de la selva amaz\u00f3nica. Esta baya es conocida desde hace mucho tiempo por las tribus ind\u00edgenas por sus cualidades beneficiosas y nutritivas. Con una alimentaci\u00f3n sana y sostenible cada vez m\u00e1s popular, la demanda de polvo de a\u00e7a\u00ed [&hellip;]<\/p>\n","protected":false},"featured_media":30887,"comment_status":"closed","ping_status":"closed","template":"","meta":[],"product_brand":[],"product_cat":[298,283],"product_tag":[],"class_list":{"0":"post-30893","1":"product","2":"type-product","3":"status-publish","4":"has-post-thumbnail","6":"product_cat-suplementos-para-el-sistema-inmunitario","7":"product_cat-superalimentos","9":"first","10":"instock","11":"taxable","12":"shipping-taxable","13":"purchasable","14":"product-type-simple"},"yoast_head":"<!-- This site is optimized with the Yoast SEO Premium plugin v26.4 (Yoast SEO v27.4) - https:\/\/yoast.com\/product\/yoast-seo-premium-wordpress\/ -->\n<title>Acai en polvo liofilizado ecol\u00f3gico - Dutchmicrodosing<\/title>\n<meta name=\"description\" content=\"La baya de a\u00e7a\u00ed, a menudo llamada &quot;acia&quot;, es un peque\u00f1o fruto de color p\u00farpura oscuro procedente de la selva amaz\u00f3nica. Esta baya es conocida desde hace mucho tiempo por las tribus ind\u00edgenas\" \/>\n<meta name=\"robots\" content=\"index, follow, max-snippet:-1, max-image-preview:large, max-video-preview:-1\" \/>\n<link rel=\"canonical\" href=\"https:\/\/dutchmicrodosing.com\/es\/herbolario\/superalimentos\/acai-en-polvo-liofilizado-ecologico\/\" \/>\n<meta property=\"og:locale\" content=\"es_ES\" \/>\n<meta property=\"og:type\" content=\"article\" \/>\n<meta property=\"og:title\" content=\"Acai en polvo liofilizado ecol\u00f3gico\" \/>\n<meta property=\"og:description\" content=\"La baya de a\u00e7a\u00ed, a menudo llamada &quot;acia&quot;, es un peque\u00f1o fruto de color p\u00farpura oscuro procedente de la selva amaz\u00f3nica. Esta baya es conocida desde hace\" \/>\n<meta property=\"og:url\" content=\"https:\/\/dutchmicrodosing.com\/es\/herbolario\/superalimentos\/acai-en-polvo-liofilizado-ecologico\/\" \/>\n<meta property=\"og:site_name\" content=\"Dutchmicrodosing\" \/>\n<meta property=\"article:publisher\" content=\"https:\/\/www.facebook.com\/Dutchmicrodosingxp\/\" \/>\n<meta property=\"article:modified_time\" content=\"2026-02-03T15:42:29+00:00\" \/>\n<meta property=\"og:image\" content=\"https:\/\/dutchmicrodosing.com\/wp-content\/uploads\/2023\/11\/superfoods_acai2_8_185-1.webp\" \/>\n\t<meta property=\"og:image:width\" content=\"440\" \/>\n\t<meta property=\"og:image:height\" content=\"440\" \/>\n\t<meta property=\"og:image:type\" content=\"image\/webp\" \/>\n<meta name=\"twitter:card\" content=\"summary_large_image\" \/>\n<script type=\"application\/ld+json\" class=\"yoast-schema-graph\">{\"@context\":\"https:\\\/\\\/schema.org\",\"@graph\":[{\"@type\":\"WebPage\",\"@id\":\"https:\\\/\\\/dutchmicrodosing.com\\\/es\\\/herbolario\\\/superalimentos\\\/acai-en-polvo-liofilizado-ecologico\\\/\",\"url\":\"https:\\\/\\\/dutchmicrodosing.com\\\/es\\\/herbolario\\\/superalimentos\\\/acai-en-polvo-liofilizado-ecologico\\\/\",\"name\":\"Acai en polvo liofilizado ecol\u00f3gico - Dutchmicrodosing\",\"isPartOf\":{\"@id\":\"https:\\\/\\\/dutchmicrodosing.com\\\/es\\\/#website\"},\"primaryImageOfPage\":{\"@id\":\"https:\\\/\\\/dutchmicrodosing.com\\\/es\\\/herbolario\\\/superalimentos\\\/acai-en-polvo-liofilizado-ecologico\\\/#primaryimage\"},\"image\":{\"@id\":\"https:\\\/\\\/dutchmicrodosing.com\\\/es\\\/herbolario\\\/superalimentos\\\/acai-en-polvo-liofilizado-ecologico\\\/#primaryimage\"},\"thumbnailUrl\":\"https:\\\/\\\/dutchmicrodosing.com\\\/wp-content\\\/uploads\\\/2023\\\/11\\\/superfoods_acai2_8_185-1.webp\",\"datePublished\":\"2023-11-10T07:20:20+00:00\",\"dateModified\":\"2026-02-03T15:42:29+00:00\",\"description\":\"La baya de a\u00e7a\u00ed, a menudo llamada \\\"acia\\\", es un peque\u00f1o fruto de color p\u00farpura oscuro procedente de la selva amaz\u00f3nica. Esta baya es conocida desde hace mucho tiempo por las tribus ind\u00edgenas\",\"breadcrumb\":{\"@id\":\"https:\\\/\\\/dutchmicrodosing.com\\\/es\\\/herbolario\\\/superalimentos\\\/acai-en-polvo-liofilizado-ecologico\\\/#breadcrumb\"},\"inLanguage\":\"es\",\"potentialAction\":[{\"@type\":\"ReadAction\",\"target\":[\"https:\\\/\\\/dutchmicrodosing.com\\\/es\\\/herbolario\\\/superalimentos\\\/acai-en-polvo-liofilizado-ecologico\\\/\"]}]},{\"@type\":\"ImageObject\",\"inLanguage\":\"es\",\"@id\":\"https:\\\/\\\/dutchmicrodosing.com\\\/es\\\/herbolario\\\/superalimentos\\\/acai-en-polvo-liofilizado-ecologico\\\/#primaryimage\",\"url\":\"https:\\\/\\\/dutchmicrodosing.com\\\/wp-content\\\/uploads\\\/2023\\\/11\\\/superfoods_acai2_8_185-1.webp\",\"contentUrl\":\"https:\\\/\\\/dutchmicrodosing.com\\\/wp-content\\\/uploads\\\/2023\\\/11\\\/superfoods_acai2_8_185-1.webp\",\"width\":440,\"height\":440},{\"@type\":\"BreadcrumbList\",\"@id\":\"https:\\\/\\\/dutchmicrodosing.com\\\/es\\\/herbolario\\\/superalimentos\\\/acai-en-polvo-liofilizado-ecologico\\\/#breadcrumb\",\"itemListElement\":[{\"@type\":\"ListItem\",\"position\":1,\"name\":\"Home\",\"item\":\"https:\\\/\\\/dutchmicrodosing.com\\\/es\\\/\"},{\"@type\":\"ListItem\",\"position\":2,\"name\":\"Tienda\",\"item\":\"https:\\\/\\\/dutchmicrodosing.com\\\/es\\\/tienda\\\/\"},{\"@type\":\"ListItem\",\"position\":3,\"name\":\"Acai en polvo liofilizado ecol\u00f3gico\"}]},{\"@type\":\"WebSite\",\"@id\":\"https:\\\/\\\/dutchmicrodosing.com\\\/es\\\/#website\",\"url\":\"https:\\\/\\\/dutchmicrodosing.com\\\/es\\\/\",\"name\":\"Dutchmicrodosing\",\"description\":\"\",\"publisher\":{\"@id\":\"https:\\\/\\\/dutchmicrodosing.com\\\/es\\\/#organization\"},\"potentialAction\":[{\"@type\":\"SearchAction\",\"target\":{\"@type\":\"EntryPoint\",\"urlTemplate\":\"https:\\\/\\\/dutchmicrodosing.com\\\/es\\\/?s={search_term_string}\"},\"query-input\":{\"@type\":\"PropertyValueSpecification\",\"valueRequired\":true,\"valueName\":\"search_term_string\"}}],\"inLanguage\":\"es\"},{\"@type\":\"Organization\",\"@id\":\"https:\\\/\\\/dutchmicrodosing.com\\\/es\\\/#organization\",\"name\":\"Dutchmicrodosing\",\"url\":\"https:\\\/\\\/dutchmicrodosing.com\\\/es\\\/\",\"logo\":{\"@type\":\"ImageObject\",\"inLanguage\":\"es\",\"@id\":\"https:\\\/\\\/dutchmicrodosing.com\\\/es\\\/#\\\/schema\\\/logo\\\/image\\\/\",\"url\":\"https:\\\/\\\/dutchmicrodosing.com\\\/wp-content\\\/uploads\\\/2021\\\/01\\\/microdosing-categorie-pic-nieuw.jpg\",\"contentUrl\":\"https:\\\/\\\/dutchmicrodosing.com\\\/wp-content\\\/uploads\\\/2021\\\/01\\\/microdosing-categorie-pic-nieuw.jpg\",\"width\":500,\"height\":500,\"caption\":\"Dutchmicrodosing\"},\"image\":{\"@id\":\"https:\\\/\\\/dutchmicrodosing.com\\\/es\\\/#\\\/schema\\\/logo\\\/image\\\/\"},\"sameAs\":[\"https:\\\/\\\/www.facebook.com\\\/Dutchmicrodosingxp\\\/\",\"https:\\\/\\\/www.instagram.com\\\/dutchmicrodosing\\\/\"]}]}<\/script>\n<meta property=\"product:price:amount\" content=\"14.95\" \/>\n<meta property=\"product:price:currency\" content=\"EUR\" \/>\n<meta property=\"og:availability\" content=\"instock\" \/>\n<meta property=\"product:availability\" content=\"instock\" \/>\n<meta property=\"product:retailer_item_id\" content=\"3208150\" \/>\n<meta property=\"product:condition\" content=\"new\" \/>\n<!-- \/ Yoast SEO Premium plugin. -->","yoast_head_json":{"title":"Acai en polvo liofilizado ecol\u00f3gico - Dutchmicrodosing","description":"La baya de a\u00e7a\u00ed, a menudo llamada \"acia\", es un peque\u00f1o fruto de color p\u00farpura oscuro procedente de la selva amaz\u00f3nica. Esta baya es conocida desde hace mucho tiempo por las tribus ind\u00edgenas","robots":{"index":"index","follow":"follow","max-snippet":"max-snippet:-1","max-image-preview":"max-image-preview:large","max-video-preview":"max-video-preview:-1"},"canonical":"https:\/\/dutchmicrodosing.com\/es\/herbolario\/superalimentos\/acai-en-polvo-liofilizado-ecologico\/","og_locale":"es_ES","og_type":"article","og_title":"Acai en polvo liofilizado ecol\u00f3gico","og_description":"La baya de a\u00e7a\u00ed, a menudo llamada \"acia\", es un peque\u00f1o fruto de color p\u00farpura oscuro procedente de la selva amaz\u00f3nica. Esta baya es conocida desde hace","og_url":"https:\/\/dutchmicrodosing.com\/es\/herbolario\/superalimentos\/acai-en-polvo-liofilizado-ecologico\/","og_site_name":"Dutchmicrodosing","article_publisher":"https:\/\/www.facebook.com\/Dutchmicrodosingxp\/","article_modified_time":"2026-02-03T15:42:29+00:00","og_image":[{"width":440,"height":440,"url":"https:\/\/dutchmicrodosing.com\/wp-content\/uploads\/2023\/11\/superfoods_acai2_8_185-1.webp","type":"image\/webp"}],"twitter_card":"summary_large_image","schema":{"@context":"https:\/\/schema.org","@graph":[{"@type":"WebPage","@id":"https:\/\/dutchmicrodosing.com\/es\/herbolario\/superalimentos\/acai-en-polvo-liofilizado-ecologico\/","url":"https:\/\/dutchmicrodosing.com\/es\/herbolario\/superalimentos\/acai-en-polvo-liofilizado-ecologico\/","name":"Acai en polvo liofilizado ecol\u00f3gico - Dutchmicrodosing","isPartOf":{"@id":"https:\/\/dutchmicrodosing.com\/es\/#website"},"primaryImageOfPage":{"@id":"https:\/\/dutchmicrodosing.com\/es\/herbolario\/superalimentos\/acai-en-polvo-liofilizado-ecologico\/#primaryimage"},"image":{"@id":"https:\/\/dutchmicrodosing.com\/es\/herbolario\/superalimentos\/acai-en-polvo-liofilizado-ecologico\/#primaryimage"},"thumbnailUrl":"https:\/\/dutchmicrodosing.com\/wp-content\/uploads\/2023\/11\/superfoods_acai2_8_185-1.webp","datePublished":"2023-11-10T07:20:20+00:00","dateModified":"2026-02-03T15:42:29+00:00","description":"La baya de a\u00e7a\u00ed, a menudo llamada \"acia\", es un peque\u00f1o fruto de color p\u00farpura oscuro procedente de la selva amaz\u00f3nica. Esta baya es conocida desde hace mucho tiempo por las tribus ind\u00edgenas","breadcrumb":{"@id":"https:\/\/dutchmicrodosing.com\/es\/herbolario\/superalimentos\/acai-en-polvo-liofilizado-ecologico\/#breadcrumb"},"inLanguage":"es","potentialAction":[{"@type":"ReadAction","target":["https:\/\/dutchmicrodosing.com\/es\/herbolario\/superalimentos\/acai-en-polvo-liofilizado-ecologico\/"]}]},{"@type":"ImageObject","inLanguage":"es","@id":"https:\/\/dutchmicrodosing.com\/es\/herbolario\/superalimentos\/acai-en-polvo-liofilizado-ecologico\/#primaryimage","url":"https:\/\/dutchmicrodosing.com\/wp-content\/uploads\/2023\/11\/superfoods_acai2_8_185-1.webp","contentUrl":"https:\/\/dutchmicrodosing.com\/wp-content\/uploads\/2023\/11\/superfoods_acai2_8_185-1.webp","width":440,"height":440},{"@type":"BreadcrumbList","@id":"https:\/\/dutchmicrodosing.com\/es\/herbolario\/superalimentos\/acai-en-polvo-liofilizado-ecologico\/#breadcrumb","itemListElement":[{"@type":"ListItem","position":1,"name":"Home","item":"https:\/\/dutchmicrodosing.com\/es\/"},{"@type":"ListItem","position":2,"name":"Tienda","item":"https:\/\/dutchmicrodosing.com\/es\/tienda\/"},{"@type":"ListItem","position":3,"name":"Acai en polvo liofilizado ecol\u00f3gico"}]},{"@type":"WebSite","@id":"https:\/\/dutchmicrodosing.com\/es\/#website","url":"https:\/\/dutchmicrodosing.com\/es\/","name":"Dutchmicrodosing","description":"","publisher":{"@id":"https:\/\/dutchmicrodosing.com\/es\/#organization"},"potentialAction":[{"@type":"SearchAction","target":{"@type":"EntryPoint","urlTemplate":"https:\/\/dutchmicrodosing.com\/es\/?s={search_term_string}"},"query-input":{"@type":"PropertyValueSpecification","valueRequired":true,"valueName":"search_term_string"}}],"inLanguage":"es"},{"@type":"Organization","@id":"https:\/\/dutchmicrodosing.com\/es\/#organization","name":"Dutchmicrodosing","url":"https:\/\/dutchmicrodosing.com\/es\/","logo":{"@type":"ImageObject","inLanguage":"es","@id":"https:\/\/dutchmicrodosing.com\/es\/#\/schema\/logo\/image\/","url":"https:\/\/dutchmicrodosing.com\/wp-content\/uploads\/2021\/01\/microdosing-categorie-pic-nieuw.jpg","contentUrl":"https:\/\/dutchmicrodosing.com\/wp-content\/uploads\/2021\/01\/microdosing-categorie-pic-nieuw.jpg","width":500,"height":500,"caption":"Dutchmicrodosing"},"image":{"@id":"https:\/\/dutchmicrodosing.com\/es\/#\/schema\/logo\/image\/"},"sameAs":["https:\/\/www.facebook.com\/Dutchmicrodosingxp\/","https:\/\/www.instagram.com\/dutchmicrodosing\/"]}]},"product_price_amount":"14.95","product_price_currency":"EUR","og_availability":"instock","product_availability":"instock","product_retailer_item_id":"3208150","product_condition":"new"},"_links":{"self":[{"href":"https:\/\/dutchmicrodosing.com\/es\/wp-json\/wp\/v2\/product\/30893","targetHints":{"allow":["GET"]}}],"collection":[{"href":"https:\/\/dutchmicrodosing.com\/es\/wp-json\/wp\/v2\/product"}],"about":[{"href":"https:\/\/dutchmicrodosing.com\/es\/wp-json\/wp\/v2\/types\/product"}],"replies":[{"embeddable":true,"href":"https:\/\/dutchmicrodosing.com\/es\/wp-json\/wp\/v2\/comments?post=30893"}],"version-history":[{"count":1,"href":"https:\/\/dutchmicrodosing.com\/es\/wp-json\/wp\/v2\/product\/30893\/revisions"}],"predecessor-version":[{"id":64287,"href":"https:\/\/dutchmicrodosing.com\/es\/wp-json\/wp\/v2\/product\/30893\/revisions\/64287"}],"wp:featuredmedia":[{"embeddable":true,"href":"https:\/\/dutchmicrodosing.com\/es\/wp-json\/wp\/v2\/media\/30887"}],"wp:attachment":[{"href":"https:\/\/dutchmicrodosing.com\/es\/wp-json\/wp\/v2\/media?parent=30893"}],"wp:term":[{"taxonomy":"product_brand","embeddable":true,"href":"https:\/\/dutchmicrodosing.com\/es\/wp-json\/wp\/v2\/product_brand?post=30893"},{"taxonomy":"product_cat","embeddable":true,"href":"https:\/\/dutchmicrodosing.com\/es\/wp-json\/wp\/v2\/product_cat?post=30893"},{"taxonomy":"product_tag","embeddable":true,"href":"https:\/\/dutchmicrodosing.com\/es\/wp-json\/wp\/v2\/product_tag?post=30893"}],"curies":[{"name":"wp","href":"https:\/\/api.w.org\/{rel}","templated":true}]}}