{"id":30927,"date":"2023-11-10T10:55:20","date_gmt":"2023-11-10T09:55:20","guid":{"rendered":"https:\/\/dutchmicrodosing.com\/shop\/sin%20categor\u00eda\/plant-of-remedy-met-kurkuma-olie-10-cbd-1000mg\/"},"modified":"2025-08-27T10:01:22","modified_gmt":"2025-08-27T08:01:22","slug":"plant-of-remedy-met-kurkuma-olie-10-cbd-1000mg","status":"publish","type":"product","link":"https:\/\/dutchmicrodosing.com\/es\/herbolario\/cbd-y-suplementos-alimenticios\/plant-of-remedy-met-kurkuma-olie-10-cbd-1000mg\/","title":{"rendered":"Planta de Remedio con Aceite de C\u00farcuma &#8211; 10% CBD (1000mg)"},"content":{"rendered":"<p>El <strong>Aceite de C\u00farcuma 10% CBD Planta de Remedio<\/strong> es un producto org\u00e1nico y natural que combina cannabidiol (CBD) y c\u00farcuma. La c\u00farcuma es una potente especia antioxidante y antiinflamatoria con muchos beneficios. Con una concentraci\u00f3n de CBD del 10%, este producto se dirige a los usuarios interesados en las sustancias de los extractos de c\u00e1\u00f1amo.<\/p>\n<h3>Ingredientes<\/h3>\n<div>\n<ul>\n<li>Aceite de nuez de Argania Spinosa<\/li>\n<li>Cannabidiol<\/li>\n<li>Extracci\u00f3n de CO2 del CBD.<\/li>\n<li>No contiene aditivos ni ingredientes sint\u00e9ticos.<\/li>\n<li>No contiene THC.<\/li>\n<li>200 gotas por frasco &#8211; (5 mg de CBD por gota)<\/li>\n<\/ul>\n<h3>Utilice<\/h3>\n<ul>\n<li>Poner 2 gotas bajo la lengua<\/li>\n<li>M\u00e1ximo 10 gotas<\/li>\n<li>Agitar bien antes de usar<\/li>\n<li>No superar la dosis diaria recomendada<\/li>\n<\/ul>\n<h3>Consejos de almacenamiento<\/h3>\n<p>Guarde este producto en un lugar fresco y oscuro, como un armario de cocina, y fuera del alcance de los ni\u00f1os.<\/p>\n<\/div>\n<h3>Contenido<\/h3>\n<div>\n<p>Plant of Remedy Aceite de C\u00farcuma 10% CBD &#8211; frasco de 10 ml (1000 mg CBD)<\/p>\n<\/div>\n","protected":false},"excerpt":{"rendered":"<p>El Aceite de C\u00farcuma 10% CBD Planta de Remedio es un producto org\u00e1nico y natural que combina cannabidiol (CBD) y c\u00farcuma. La c\u00farcuma es una potente especia antioxidante y antiinflamatoria con muchos beneficios. Con una concentraci\u00f3n de CBD del 10%, este producto se dirige a los usuarios interesados en las sustancias de los extractos de [&hellip;]<\/p>\n","protected":false},"featured_media":30919,"comment_status":"closed","ping_status":"closed","template":"","meta":[],"product_brand":[],"product_cat":[288],"product_tag":[],"class_list":{"0":"post-30927","1":"product","2":"type-product","3":"status-publish","4":"has-post-thumbnail","6":"product_cat-cbd-y-suplementos-alimenticios","8":"first","9":"outofstock","10":"taxable","11":"shipping-taxable","12":"purchasable","13":"product-type-simple"},"yoast_head":"<!-- This site is optimized with the Yoast SEO Premium plugin v26.4 (Yoast SEO v27.2) - https:\/\/yoast.com\/product\/yoast-seo-premium-wordpress\/ -->\n<title>Planta de Remedio con Aceite de C\u00farcuma - 10% CBD (1000mg) - Dutchmicrodosing<\/title>\n<meta name=\"description\" content=\"La Planta de Remedio C\u00farcuma 10% de aceite de CBD es un producto de salud org\u00e1nico y natural que ofrece las propiedades potencialmente terap\u00e9uticas...\" \/>\n<meta name=\"robots\" content=\"index, follow, max-snippet:-1, max-image-preview:large, max-video-preview:-1\" \/>\n<link rel=\"canonical\" href=\"https:\/\/dutchmicrodosing.com\/es\/herbolario\/cbd-y-suplementos-alimenticios\/plant-of-remedy-met-kurkuma-olie-10-cbd-1000mg\/\" \/>\n<meta property=\"og:locale\" content=\"es_ES\" \/>\n<meta property=\"og:type\" content=\"article\" \/>\n<meta property=\"og:title\" content=\"Planta de Remedio con Aceite de C\u00farcuma - 10% CBD (1000mg)\" \/>\n<meta property=\"og:description\" content=\"El Aceite de C\u00farcuma 10% CBD Planta de Remedio es un producto org\u00e1nico y natural que combina cannabidiol (CBD) y c\u00farcuma. La c\u00farcuma es una potente\" \/>\n<meta property=\"og:url\" content=\"https:\/\/dutchmicrodosing.com\/es\/herbolario\/cbd-y-suplementos-alimenticios\/plant-of-remedy-met-kurkuma-olie-10-cbd-1000mg\/\" \/>\n<meta property=\"og:site_name\" content=\"Dutchmicrodosing\" \/>\n<meta property=\"article:publisher\" content=\"https:\/\/www.facebook.com\/Dutchmicrodosingxp\/\" \/>\n<meta property=\"article:modified_time\" content=\"2025-08-27T08:01:22+00:00\" \/>\n<meta property=\"og:image\" content=\"https:\/\/dutchmicrodosing.com\/wp-content\/uploads\/2023\/11\/turmeric10-1.jpg\" \/>\n\t<meta property=\"og:image:width\" content=\"600\" \/>\n\t<meta property=\"og:image:height\" content=\"600\" \/>\n\t<meta property=\"og:image:type\" content=\"image\/jpeg\" \/>\n<meta name=\"twitter:card\" content=\"summary_large_image\" \/>\n<script type=\"application\/ld+json\" class=\"yoast-schema-graph\">{\"@context\":\"https:\/\/schema.org\",\"@graph\":[{\"@type\":\"WebPage\",\"@id\":\"https:\/\/dutchmicrodosing.com\/es\/herbolario\/cbd-y-suplementos-alimenticios\/plant-of-remedy-met-kurkuma-olie-10-cbd-1000mg\/\",\"url\":\"https:\/\/dutchmicrodosing.com\/es\/herbolario\/cbd-y-suplementos-alimenticios\/plant-of-remedy-met-kurkuma-olie-10-cbd-1000mg\/\",\"name\":\"Planta de Remedio con Aceite de C\u00farcuma - 10% CBD (1000mg) - Dutchmicrodosing\",\"isPartOf\":{\"@id\":\"https:\/\/dutchmicrodosing.com\/es\/#website\"},\"primaryImageOfPage\":{\"@id\":\"https:\/\/dutchmicrodosing.com\/es\/herbolario\/cbd-y-suplementos-alimenticios\/plant-of-remedy-met-kurkuma-olie-10-cbd-1000mg\/#primaryimage\"},\"image\":{\"@id\":\"https:\/\/dutchmicrodosing.com\/es\/herbolario\/cbd-y-suplementos-alimenticios\/plant-of-remedy-met-kurkuma-olie-10-cbd-1000mg\/#primaryimage\"},\"thumbnailUrl\":\"https:\/\/dutchmicrodosing.com\/wp-content\/uploads\/2023\/11\/turmeric10-1.jpg\",\"datePublished\":\"2023-11-10T09:55:20+00:00\",\"dateModified\":\"2025-08-27T08:01:22+00:00\",\"description\":\"La Planta de Remedio C\u00farcuma 10% de aceite de CBD es un producto de salud org\u00e1nico y natural que ofrece las propiedades potencialmente terap\u00e9uticas...\",\"breadcrumb\":{\"@id\":\"https:\/\/dutchmicrodosing.com\/es\/herbolario\/cbd-y-suplementos-alimenticios\/plant-of-remedy-met-kurkuma-olie-10-cbd-1000mg\/#breadcrumb\"},\"inLanguage\":\"es\",\"potentialAction\":[{\"@type\":\"ReadAction\",\"target\":[\"https:\/\/dutchmicrodosing.com\/es\/herbolario\/cbd-y-suplementos-alimenticios\/plant-of-remedy-met-kurkuma-olie-10-cbd-1000mg\/\"]}]},{\"@type\":\"ImageObject\",\"inLanguage\":\"es\",\"@id\":\"https:\/\/dutchmicrodosing.com\/es\/herbolario\/cbd-y-suplementos-alimenticios\/plant-of-remedy-met-kurkuma-olie-10-cbd-1000mg\/#primaryimage\",\"url\":\"https:\/\/dutchmicrodosing.com\/wp-content\/uploads\/2023\/11\/turmeric10-1.jpg\",\"contentUrl\":\"https:\/\/dutchmicrodosing.com\/wp-content\/uploads\/2023\/11\/turmeric10-1.jpg\",\"width\":600,\"height\":600},{\"@type\":\"BreadcrumbList\",\"@id\":\"https:\/\/dutchmicrodosing.com\/es\/herbolario\/cbd-y-suplementos-alimenticios\/plant-of-remedy-met-kurkuma-olie-10-cbd-1000mg\/#breadcrumb\",\"itemListElement\":[{\"@type\":\"ListItem\",\"position\":1,\"name\":\"Home\",\"item\":\"https:\/\/dutchmicrodosing.com\/es\/\"},{\"@type\":\"ListItem\",\"position\":2,\"name\":\"Tienda\",\"item\":\"https:\/\/dutchmicrodosing.com\/es\/tienda\/\"},{\"@type\":\"ListItem\",\"position\":3,\"name\":\"Planta de Remedio con Aceite de C\u00farcuma &#8211; 10% CBD (1000mg)\"}]},{\"@type\":\"WebSite\",\"@id\":\"https:\/\/dutchmicrodosing.com\/es\/#website\",\"url\":\"https:\/\/dutchmicrodosing.com\/es\/\",\"name\":\"Dutchmicrodosing\",\"description\":\"\",\"publisher\":{\"@id\":\"https:\/\/dutchmicrodosing.com\/es\/#organization\"},\"potentialAction\":[{\"@type\":\"SearchAction\",\"target\":{\"@type\":\"EntryPoint\",\"urlTemplate\":\"https:\/\/dutchmicrodosing.com\/es\/?s={search_term_string}\"},\"query-input\":{\"@type\":\"PropertyValueSpecification\",\"valueRequired\":true,\"valueName\":\"search_term_string\"}}],\"inLanguage\":\"es\"},{\"@type\":\"Organization\",\"@id\":\"https:\/\/dutchmicrodosing.com\/es\/#organization\",\"name\":\"Dutchmicrodosing\",\"url\":\"https:\/\/dutchmicrodosing.com\/es\/\",\"logo\":{\"@type\":\"ImageObject\",\"inLanguage\":\"es\",\"@id\":\"https:\/\/dutchmicrodosing.com\/es\/#\/schema\/logo\/image\/\",\"url\":\"https:\/\/dutchmicrodosing.com\/wp-content\/uploads\/2021\/01\/microdosing-categorie-pic-nieuw.jpg\",\"contentUrl\":\"https:\/\/dutchmicrodosing.com\/wp-content\/uploads\/2021\/01\/microdosing-categorie-pic-nieuw.jpg\",\"width\":500,\"height\":500,\"caption\":\"Dutchmicrodosing\"},\"image\":{\"@id\":\"https:\/\/dutchmicrodosing.com\/es\/#\/schema\/logo\/image\/\"},\"sameAs\":[\"https:\/\/www.facebook.com\/Dutchmicrodosingxp\/\",\"https:\/\/www.instagram.com\/dutchmicrodosing\/\"]}]}<\/script>\n<meta property=\"product:price:amount\" content=\"14.95\" \/>\n<meta property=\"product:price:currency\" content=\"EUR\" \/>\n<meta property=\"og:availability\" content=\"out of stock\" \/>\n<meta property=\"product:availability\" content=\"out of stock\" \/>\n<meta property=\"product:retailer_item_id\" content=\"1204712\" \/>\n<meta property=\"product:condition\" content=\"new\" \/>\n<!-- \/ Yoast SEO Premium plugin. -->","yoast_head_json":{"title":"Planta de Remedio con Aceite de C\u00farcuma - 10% CBD (1000mg) - Dutchmicrodosing","description":"La Planta de Remedio C\u00farcuma 10% de aceite de CBD es un producto de salud org\u00e1nico y natural que ofrece las propiedades potencialmente terap\u00e9uticas...","robots":{"index":"index","follow":"follow","max-snippet":"max-snippet:-1","max-image-preview":"max-image-preview:large","max-video-preview":"max-video-preview:-1"},"canonical":"https:\/\/dutchmicrodosing.com\/es\/herbolario\/cbd-y-suplementos-alimenticios\/plant-of-remedy-met-kurkuma-olie-10-cbd-1000mg\/","og_locale":"es_ES","og_type":"article","og_title":"Planta de Remedio con Aceite de C\u00farcuma - 10% CBD (1000mg)","og_description":"El Aceite de C\u00farcuma 10% CBD Planta de Remedio es un producto org\u00e1nico y natural que combina cannabidiol (CBD) y c\u00farcuma. La c\u00farcuma es una potente","og_url":"https:\/\/dutchmicrodosing.com\/es\/herbolario\/cbd-y-suplementos-alimenticios\/plant-of-remedy-met-kurkuma-olie-10-cbd-1000mg\/","og_site_name":"Dutchmicrodosing","article_publisher":"https:\/\/www.facebook.com\/Dutchmicrodosingxp\/","article_modified_time":"2025-08-27T08:01:22+00:00","og_image":[{"width":600,"height":600,"url":"https:\/\/dutchmicrodosing.com\/wp-content\/uploads\/2023\/11\/turmeric10-1.jpg","type":"image\/jpeg"}],"twitter_card":"summary_large_image","schema":{"@context":"https:\/\/schema.org","@graph":[{"@type":"WebPage","@id":"https:\/\/dutchmicrodosing.com\/es\/herbolario\/cbd-y-suplementos-alimenticios\/plant-of-remedy-met-kurkuma-olie-10-cbd-1000mg\/","url":"https:\/\/dutchmicrodosing.com\/es\/herbolario\/cbd-y-suplementos-alimenticios\/plant-of-remedy-met-kurkuma-olie-10-cbd-1000mg\/","name":"Planta de Remedio con Aceite de C\u00farcuma - 10% CBD (1000mg) - Dutchmicrodosing","isPartOf":{"@id":"https:\/\/dutchmicrodosing.com\/es\/#website"},"primaryImageOfPage":{"@id":"https:\/\/dutchmicrodosing.com\/es\/herbolario\/cbd-y-suplementos-alimenticios\/plant-of-remedy-met-kurkuma-olie-10-cbd-1000mg\/#primaryimage"},"image":{"@id":"https:\/\/dutchmicrodosing.com\/es\/herbolario\/cbd-y-suplementos-alimenticios\/plant-of-remedy-met-kurkuma-olie-10-cbd-1000mg\/#primaryimage"},"thumbnailUrl":"https:\/\/dutchmicrodosing.com\/wp-content\/uploads\/2023\/11\/turmeric10-1.jpg","datePublished":"2023-11-10T09:55:20+00:00","dateModified":"2025-08-27T08:01:22+00:00","description":"La Planta de Remedio C\u00farcuma 10% de aceite de CBD es un producto de salud org\u00e1nico y natural que ofrece las propiedades potencialmente terap\u00e9uticas...","breadcrumb":{"@id":"https:\/\/dutchmicrodosing.com\/es\/herbolario\/cbd-y-suplementos-alimenticios\/plant-of-remedy-met-kurkuma-olie-10-cbd-1000mg\/#breadcrumb"},"inLanguage":"es","potentialAction":[{"@type":"ReadAction","target":["https:\/\/dutchmicrodosing.com\/es\/herbolario\/cbd-y-suplementos-alimenticios\/plant-of-remedy-met-kurkuma-olie-10-cbd-1000mg\/"]}]},{"@type":"ImageObject","inLanguage":"es","@id":"https:\/\/dutchmicrodosing.com\/es\/herbolario\/cbd-y-suplementos-alimenticios\/plant-of-remedy-met-kurkuma-olie-10-cbd-1000mg\/#primaryimage","url":"https:\/\/dutchmicrodosing.com\/wp-content\/uploads\/2023\/11\/turmeric10-1.jpg","contentUrl":"https:\/\/dutchmicrodosing.com\/wp-content\/uploads\/2023\/11\/turmeric10-1.jpg","width":600,"height":600},{"@type":"BreadcrumbList","@id":"https:\/\/dutchmicrodosing.com\/es\/herbolario\/cbd-y-suplementos-alimenticios\/plant-of-remedy-met-kurkuma-olie-10-cbd-1000mg\/#breadcrumb","itemListElement":[{"@type":"ListItem","position":1,"name":"Home","item":"https:\/\/dutchmicrodosing.com\/es\/"},{"@type":"ListItem","position":2,"name":"Tienda","item":"https:\/\/dutchmicrodosing.com\/es\/tienda\/"},{"@type":"ListItem","position":3,"name":"Planta de Remedio con Aceite de C\u00farcuma &#8211; 10% CBD (1000mg)"}]},{"@type":"WebSite","@id":"https:\/\/dutchmicrodosing.com\/es\/#website","url":"https:\/\/dutchmicrodosing.com\/es\/","name":"Dutchmicrodosing","description":"","publisher":{"@id":"https:\/\/dutchmicrodosing.com\/es\/#organization"},"potentialAction":[{"@type":"SearchAction","target":{"@type":"EntryPoint","urlTemplate":"https:\/\/dutchmicrodosing.com\/es\/?s={search_term_string}"},"query-input":{"@type":"PropertyValueSpecification","valueRequired":true,"valueName":"search_term_string"}}],"inLanguage":"es"},{"@type":"Organization","@id":"https:\/\/dutchmicrodosing.com\/es\/#organization","name":"Dutchmicrodosing","url":"https:\/\/dutchmicrodosing.com\/es\/","logo":{"@type":"ImageObject","inLanguage":"es","@id":"https:\/\/dutchmicrodosing.com\/es\/#\/schema\/logo\/image\/","url":"https:\/\/dutchmicrodosing.com\/wp-content\/uploads\/2021\/01\/microdosing-categorie-pic-nieuw.jpg","contentUrl":"https:\/\/dutchmicrodosing.com\/wp-content\/uploads\/2021\/01\/microdosing-categorie-pic-nieuw.jpg","width":500,"height":500,"caption":"Dutchmicrodosing"},"image":{"@id":"https:\/\/dutchmicrodosing.com\/es\/#\/schema\/logo\/image\/"},"sameAs":["https:\/\/www.facebook.com\/Dutchmicrodosingxp\/","https:\/\/www.instagram.com\/dutchmicrodosing\/"]}]},"product_price_amount":"14.95","product_price_currency":"EUR","og_availability":"out of stock","product_availability":"out of stock","product_retailer_item_id":"1204712","product_condition":"new"},"_links":{"self":[{"href":"https:\/\/dutchmicrodosing.com\/es\/wp-json\/wp\/v2\/product\/30927","targetHints":{"allow":["GET"]}}],"collection":[{"href":"https:\/\/dutchmicrodosing.com\/es\/wp-json\/wp\/v2\/product"}],"about":[{"href":"https:\/\/dutchmicrodosing.com\/es\/wp-json\/wp\/v2\/types\/product"}],"replies":[{"embeddable":true,"href":"https:\/\/dutchmicrodosing.com\/es\/wp-json\/wp\/v2\/comments?post=30927"}],"version-history":[{"count":0,"href":"https:\/\/dutchmicrodosing.com\/es\/wp-json\/wp\/v2\/product\/30927\/revisions"}],"wp:featuredmedia":[{"embeddable":true,"href":"https:\/\/dutchmicrodosing.com\/es\/wp-json\/wp\/v2\/media\/30919"}],"wp:attachment":[{"href":"https:\/\/dutchmicrodosing.com\/es\/wp-json\/wp\/v2\/media?parent=30927"}],"wp:term":[{"taxonomy":"product_brand","embeddable":true,"href":"https:\/\/dutchmicrodosing.com\/es\/wp-json\/wp\/v2\/product_brand?post=30927"},{"taxonomy":"product_cat","embeddable":true,"href":"https:\/\/dutchmicrodosing.com\/es\/wp-json\/wp\/v2\/product_cat?post=30927"},{"taxonomy":"product_tag","embeddable":true,"href":"https:\/\/dutchmicrodosing.com\/es\/wp-json\/wp\/v2\/product_tag?post=30927"}],"curies":[{"name":"wp","href":"https:\/\/api.w.org\/{rel}","templated":true}]}}