{"id":30932,"date":"2023-11-10T10:47:57","date_gmt":"2023-11-10T09:59:04","guid":{"rendered":"https:\/\/dutchmicrodosing.com\/shop\/sin%20categor\u00eda\/plant-of-remedy-cannabis-oil-with-olive-oil-15-cbd-1500mg\/"},"modified":"2025-02-20T14:21:50","modified_gmt":"2025-02-20T13:21:50","slug":"plant-of-remedy-cannabis-oil-with-olive-oil-15-cbd-1500mg","status":"publish","type":"product","link":"https:\/\/dutchmicrodosing.com\/es\/herbolario\/cbd-y-suplementos-alimenticios\/plant-of-remedy-cannabis-oil-with-olive-oil-15-cbd-1500mg\/","title":{"rendered":"Plant of Remedy Aceite de Cannabis con Aceite de Oliva &#8211; 15% CBD (1500mg)"},"content":{"rendered":"<p>El producto<strong> Planta de Remedio con Aceite de<\/strong> Oliva es un aceite de CBD con una concentraci\u00f3n relativamente alta de cannabidiol, concretamente del 15%. Est\u00e1 formulado con aceite de oliva, un aceite natural a menudo elogiado por sus propiedades naturales. Este aceite est\u00e1 clasificado como un producto de \u00abespectro completo\u00bb, lo que indica que contiene una amplia gama de cannabinoides extra\u00eddos de la planta de c\u00e1\u00f1amo, pero sin la presencia de THC. Esto significa que ofrece todas las sustancias (excepto el THC) de la planta entera, pero sin los efectos intoxicantes asociados al THC.<\/p>\n<h3>Ingredientes<\/h3>\n<ul>\n<li>Aceite de Cannabis Sativa &#8211; Oliva<\/li>\n<li>15% CBD<\/li>\n<li>100% org\u00e1nico<\/li>\n<li>200 gotas por frasco &#8211; (7,5 mg CBD \/ gota)<\/li>\n<\/ul>\n<h3>Utilice<\/h3>\n<ul>\n<li>Poner 2 gotas bajo la lengua<\/li>\n<li>M\u00e1ximo 10 gotas<\/li>\n<li>Agitar bien antes de usar<\/li>\n<li>No superar la dosis diaria recomendada<\/li>\n<\/ul>\n<h3>Consejos para el almacenamiento<\/h3>\n<p>Guarde este producto en un lugar fresco y oscuro, como un armario de cocina, y fuera del alcance de los ni\u00f1os.<\/p>\n<h3>Contenido<\/h3>\n<p>Plant of Remedy Aceite de CBD 15% CBD(1500mg CBD) con aceite de oliva &#8211; 10ML<\/p>\n","protected":false},"excerpt":{"rendered":"<p>El producto Planta de Remedio con Aceite de Oliva es un aceite de CBD con una concentraci\u00f3n relativamente alta de cannabidiol, concretamente del 15%. Est\u00e1 formulado con aceite de oliva, un aceite natural a menudo elogiado por sus propiedades naturales. Este aceite est\u00e1 clasificado como un producto de \u00abespectro completo\u00bb, lo que indica que contiene [&hellip;]<\/p>\n","protected":false},"featured_media":30911,"comment_status":"closed","ping_status":"closed","template":"","meta":[],"product_brand":[],"product_cat":[288],"product_tag":[],"class_list":{"0":"post-30932","1":"product","2":"type-product","3":"status-publish","4":"has-post-thumbnail","6":"product_cat-cbd-y-suplementos-alimenticios","8":"first","9":"outofstock","10":"taxable","11":"shipping-taxable","12":"purchasable","13":"product-type-simple"},"yoast_head":"<!-- This site is optimized with the Yoast SEO Premium plugin v26.4 (Yoast SEO v27.2) - https:\/\/yoast.com\/product\/yoast-seo-premium-wordpress\/ -->\n<title>Plant of Remedy Aceite de Cannabis con Aceite de Oliva - 15% CBD (1500mg) - Dutchmicrodosing<\/title>\n<meta name=\"description\" content=\"El producto Planta de Remedio con Aceite de Oliva es un aceite de CBD con una concentraci\u00f3n relativamente alta de cannabidiol, concretamente del 15%. Est\u00e1 compuesto con...\" \/>\n<meta name=\"robots\" content=\"index, follow, max-snippet:-1, max-image-preview:large, max-video-preview:-1\" \/>\n<link rel=\"canonical\" href=\"https:\/\/dutchmicrodosing.com\/es\/herbolario\/cbd-y-suplementos-alimenticios\/plant-of-remedy-cannabis-oil-with-olive-oil-15-cbd-1500mg\/\" \/>\n<meta property=\"og:locale\" content=\"es_ES\" \/>\n<meta property=\"og:type\" content=\"article\" \/>\n<meta property=\"og:title\" content=\"Plant of Remedy Aceite de Cannabis con Aceite de Oliva - 15% CBD (1500mg)\" \/>\n<meta property=\"og:description\" content=\"El producto Planta de Remedio con Aceite de Oliva es un aceite de CBD con una concentraci\u00f3n relativamente alta de cannabidiol, concretamente del 15%. Est\u00e1\" \/>\n<meta property=\"og:url\" content=\"https:\/\/dutchmicrodosing.com\/es\/herbolario\/cbd-y-suplementos-alimenticios\/plant-of-remedy-cannabis-oil-with-olive-oil-15-cbd-1500mg\/\" \/>\n<meta property=\"og:site_name\" content=\"Dutchmicrodosing\" \/>\n<meta property=\"article:publisher\" content=\"https:\/\/www.facebook.com\/Dutchmicrodosingxp\/\" \/>\n<meta property=\"article:modified_time\" content=\"2025-02-20T13:21:50+00:00\" \/>\n<meta property=\"og:image\" content=\"https:\/\/dutchmicrodosing.com\/wp-content\/uploads\/2023\/11\/oliva15-1.jpg\" \/>\n\t<meta property=\"og:image:width\" content=\"600\" \/>\n\t<meta property=\"og:image:height\" content=\"600\" \/>\n\t<meta property=\"og:image:type\" content=\"image\/jpeg\" \/>\n<meta name=\"twitter:card\" content=\"summary_large_image\" \/>\n<script type=\"application\/ld+json\" class=\"yoast-schema-graph\">{\"@context\":\"https:\/\/schema.org\",\"@graph\":[{\"@type\":\"WebPage\",\"@id\":\"https:\/\/dutchmicrodosing.com\/es\/herbolario\/cbd-y-suplementos-alimenticios\/plant-of-remedy-cannabis-oil-with-olive-oil-15-cbd-1500mg\/\",\"url\":\"https:\/\/dutchmicrodosing.com\/es\/herbolario\/cbd-y-suplementos-alimenticios\/plant-of-remedy-cannabis-oil-with-olive-oil-15-cbd-1500mg\/\",\"name\":\"Plant of Remedy Aceite de Cannabis con Aceite de Oliva - 15% CBD (1500mg) - Dutchmicrodosing\",\"isPartOf\":{\"@id\":\"https:\/\/dutchmicrodosing.com\/es\/#website\"},\"primaryImageOfPage\":{\"@id\":\"https:\/\/dutchmicrodosing.com\/es\/herbolario\/cbd-y-suplementos-alimenticios\/plant-of-remedy-cannabis-oil-with-olive-oil-15-cbd-1500mg\/#primaryimage\"},\"image\":{\"@id\":\"https:\/\/dutchmicrodosing.com\/es\/herbolario\/cbd-y-suplementos-alimenticios\/plant-of-remedy-cannabis-oil-with-olive-oil-15-cbd-1500mg\/#primaryimage\"},\"thumbnailUrl\":\"https:\/\/dutchmicrodosing.com\/wp-content\/uploads\/2023\/11\/oliva15-1.jpg\",\"datePublished\":\"2023-11-10T09:59:04+00:00\",\"dateModified\":\"2025-02-20T13:21:50+00:00\",\"description\":\"El producto Planta de Remedio con Aceite de Oliva es un aceite de CBD con una concentraci\u00f3n relativamente alta de cannabidiol, concretamente del 15%. Est\u00e1 compuesto con...\",\"breadcrumb\":{\"@id\":\"https:\/\/dutchmicrodosing.com\/es\/herbolario\/cbd-y-suplementos-alimenticios\/plant-of-remedy-cannabis-oil-with-olive-oil-15-cbd-1500mg\/#breadcrumb\"},\"inLanguage\":\"es\",\"potentialAction\":[{\"@type\":\"ReadAction\",\"target\":[\"https:\/\/dutchmicrodosing.com\/es\/herbolario\/cbd-y-suplementos-alimenticios\/plant-of-remedy-cannabis-oil-with-olive-oil-15-cbd-1500mg\/\"]}]},{\"@type\":\"ImageObject\",\"inLanguage\":\"es\",\"@id\":\"https:\/\/dutchmicrodosing.com\/es\/herbolario\/cbd-y-suplementos-alimenticios\/plant-of-remedy-cannabis-oil-with-olive-oil-15-cbd-1500mg\/#primaryimage\",\"url\":\"https:\/\/dutchmicrodosing.com\/wp-content\/uploads\/2023\/11\/oliva15-1.jpg\",\"contentUrl\":\"https:\/\/dutchmicrodosing.com\/wp-content\/uploads\/2023\/11\/oliva15-1.jpg\",\"width\":600,\"height\":600},{\"@type\":\"BreadcrumbList\",\"@id\":\"https:\/\/dutchmicrodosing.com\/es\/herbolario\/cbd-y-suplementos-alimenticios\/plant-of-remedy-cannabis-oil-with-olive-oil-15-cbd-1500mg\/#breadcrumb\",\"itemListElement\":[{\"@type\":\"ListItem\",\"position\":1,\"name\":\"Home\",\"item\":\"https:\/\/dutchmicrodosing.com\/es\/\"},{\"@type\":\"ListItem\",\"position\":2,\"name\":\"Tienda\",\"item\":\"https:\/\/dutchmicrodosing.com\/es\/tienda\/\"},{\"@type\":\"ListItem\",\"position\":3,\"name\":\"Plant of Remedy Aceite de Cannabis con Aceite de Oliva &#8211; 15% CBD (1500mg)\"}]},{\"@type\":\"WebSite\",\"@id\":\"https:\/\/dutchmicrodosing.com\/es\/#website\",\"url\":\"https:\/\/dutchmicrodosing.com\/es\/\",\"name\":\"Dutchmicrodosing\",\"description\":\"\",\"publisher\":{\"@id\":\"https:\/\/dutchmicrodosing.com\/es\/#organization\"},\"potentialAction\":[{\"@type\":\"SearchAction\",\"target\":{\"@type\":\"EntryPoint\",\"urlTemplate\":\"https:\/\/dutchmicrodosing.com\/es\/?s={search_term_string}\"},\"query-input\":{\"@type\":\"PropertyValueSpecification\",\"valueRequired\":true,\"valueName\":\"search_term_string\"}}],\"inLanguage\":\"es\"},{\"@type\":\"Organization\",\"@id\":\"https:\/\/dutchmicrodosing.com\/es\/#organization\",\"name\":\"Dutchmicrodosing\",\"url\":\"https:\/\/dutchmicrodosing.com\/es\/\",\"logo\":{\"@type\":\"ImageObject\",\"inLanguage\":\"es\",\"@id\":\"https:\/\/dutchmicrodosing.com\/es\/#\/schema\/logo\/image\/\",\"url\":\"https:\/\/dutchmicrodosing.com\/wp-content\/uploads\/2021\/01\/microdosing-categorie-pic-nieuw.jpg\",\"contentUrl\":\"https:\/\/dutchmicrodosing.com\/wp-content\/uploads\/2021\/01\/microdosing-categorie-pic-nieuw.jpg\",\"width\":500,\"height\":500,\"caption\":\"Dutchmicrodosing\"},\"image\":{\"@id\":\"https:\/\/dutchmicrodosing.com\/es\/#\/schema\/logo\/image\/\"},\"sameAs\":[\"https:\/\/www.facebook.com\/Dutchmicrodosingxp\/\",\"https:\/\/www.instagram.com\/dutchmicrodosing\/\"]}]}<\/script>\n<meta property=\"product:price:amount\" content=\"15.95\" \/>\n<meta property=\"product:price:currency\" content=\"EUR\" \/>\n<meta property=\"og:availability\" content=\"out of stock\" \/>\n<meta property=\"product:availability\" content=\"out of stock\" \/>\n<meta property=\"product:retailer_item_id\" content=\"0211824\" \/>\n<meta property=\"product:condition\" content=\"new\" \/>\n<!-- \/ Yoast SEO Premium plugin. -->","yoast_head_json":{"title":"Plant of Remedy Aceite de Cannabis con Aceite de Oliva - 15% CBD (1500mg) - Dutchmicrodosing","description":"El producto Planta de Remedio con Aceite de Oliva es un aceite de CBD con una concentraci\u00f3n relativamente alta de cannabidiol, concretamente del 15%. Est\u00e1 compuesto con...","robots":{"index":"index","follow":"follow","max-snippet":"max-snippet:-1","max-image-preview":"max-image-preview:large","max-video-preview":"max-video-preview:-1"},"canonical":"https:\/\/dutchmicrodosing.com\/es\/herbolario\/cbd-y-suplementos-alimenticios\/plant-of-remedy-cannabis-oil-with-olive-oil-15-cbd-1500mg\/","og_locale":"es_ES","og_type":"article","og_title":"Plant of Remedy Aceite de Cannabis con Aceite de Oliva - 15% CBD (1500mg)","og_description":"El producto Planta de Remedio con Aceite de Oliva es un aceite de CBD con una concentraci\u00f3n relativamente alta de cannabidiol, concretamente del 15%. Est\u00e1","og_url":"https:\/\/dutchmicrodosing.com\/es\/herbolario\/cbd-y-suplementos-alimenticios\/plant-of-remedy-cannabis-oil-with-olive-oil-15-cbd-1500mg\/","og_site_name":"Dutchmicrodosing","article_publisher":"https:\/\/www.facebook.com\/Dutchmicrodosingxp\/","article_modified_time":"2025-02-20T13:21:50+00:00","og_image":[{"width":600,"height":600,"url":"https:\/\/dutchmicrodosing.com\/wp-content\/uploads\/2023\/11\/oliva15-1.jpg","type":"image\/jpeg"}],"twitter_card":"summary_large_image","schema":{"@context":"https:\/\/schema.org","@graph":[{"@type":"WebPage","@id":"https:\/\/dutchmicrodosing.com\/es\/herbolario\/cbd-y-suplementos-alimenticios\/plant-of-remedy-cannabis-oil-with-olive-oil-15-cbd-1500mg\/","url":"https:\/\/dutchmicrodosing.com\/es\/herbolario\/cbd-y-suplementos-alimenticios\/plant-of-remedy-cannabis-oil-with-olive-oil-15-cbd-1500mg\/","name":"Plant of Remedy Aceite de Cannabis con Aceite de Oliva - 15% CBD (1500mg) - Dutchmicrodosing","isPartOf":{"@id":"https:\/\/dutchmicrodosing.com\/es\/#website"},"primaryImageOfPage":{"@id":"https:\/\/dutchmicrodosing.com\/es\/herbolario\/cbd-y-suplementos-alimenticios\/plant-of-remedy-cannabis-oil-with-olive-oil-15-cbd-1500mg\/#primaryimage"},"image":{"@id":"https:\/\/dutchmicrodosing.com\/es\/herbolario\/cbd-y-suplementos-alimenticios\/plant-of-remedy-cannabis-oil-with-olive-oil-15-cbd-1500mg\/#primaryimage"},"thumbnailUrl":"https:\/\/dutchmicrodosing.com\/wp-content\/uploads\/2023\/11\/oliva15-1.jpg","datePublished":"2023-11-10T09:59:04+00:00","dateModified":"2025-02-20T13:21:50+00:00","description":"El producto Planta de Remedio con Aceite de Oliva es un aceite de CBD con una concentraci\u00f3n relativamente alta de cannabidiol, concretamente del 15%. Est\u00e1 compuesto con...","breadcrumb":{"@id":"https:\/\/dutchmicrodosing.com\/es\/herbolario\/cbd-y-suplementos-alimenticios\/plant-of-remedy-cannabis-oil-with-olive-oil-15-cbd-1500mg\/#breadcrumb"},"inLanguage":"es","potentialAction":[{"@type":"ReadAction","target":["https:\/\/dutchmicrodosing.com\/es\/herbolario\/cbd-y-suplementos-alimenticios\/plant-of-remedy-cannabis-oil-with-olive-oil-15-cbd-1500mg\/"]}]},{"@type":"ImageObject","inLanguage":"es","@id":"https:\/\/dutchmicrodosing.com\/es\/herbolario\/cbd-y-suplementos-alimenticios\/plant-of-remedy-cannabis-oil-with-olive-oil-15-cbd-1500mg\/#primaryimage","url":"https:\/\/dutchmicrodosing.com\/wp-content\/uploads\/2023\/11\/oliva15-1.jpg","contentUrl":"https:\/\/dutchmicrodosing.com\/wp-content\/uploads\/2023\/11\/oliva15-1.jpg","width":600,"height":600},{"@type":"BreadcrumbList","@id":"https:\/\/dutchmicrodosing.com\/es\/herbolario\/cbd-y-suplementos-alimenticios\/plant-of-remedy-cannabis-oil-with-olive-oil-15-cbd-1500mg\/#breadcrumb","itemListElement":[{"@type":"ListItem","position":1,"name":"Home","item":"https:\/\/dutchmicrodosing.com\/es\/"},{"@type":"ListItem","position":2,"name":"Tienda","item":"https:\/\/dutchmicrodosing.com\/es\/tienda\/"},{"@type":"ListItem","position":3,"name":"Plant of Remedy Aceite de Cannabis con Aceite de Oliva &#8211; 15% CBD (1500mg)"}]},{"@type":"WebSite","@id":"https:\/\/dutchmicrodosing.com\/es\/#website","url":"https:\/\/dutchmicrodosing.com\/es\/","name":"Dutchmicrodosing","description":"","publisher":{"@id":"https:\/\/dutchmicrodosing.com\/es\/#organization"},"potentialAction":[{"@type":"SearchAction","target":{"@type":"EntryPoint","urlTemplate":"https:\/\/dutchmicrodosing.com\/es\/?s={search_term_string}"},"query-input":{"@type":"PropertyValueSpecification","valueRequired":true,"valueName":"search_term_string"}}],"inLanguage":"es"},{"@type":"Organization","@id":"https:\/\/dutchmicrodosing.com\/es\/#organization","name":"Dutchmicrodosing","url":"https:\/\/dutchmicrodosing.com\/es\/","logo":{"@type":"ImageObject","inLanguage":"es","@id":"https:\/\/dutchmicrodosing.com\/es\/#\/schema\/logo\/image\/","url":"https:\/\/dutchmicrodosing.com\/wp-content\/uploads\/2021\/01\/microdosing-categorie-pic-nieuw.jpg","contentUrl":"https:\/\/dutchmicrodosing.com\/wp-content\/uploads\/2021\/01\/microdosing-categorie-pic-nieuw.jpg","width":500,"height":500,"caption":"Dutchmicrodosing"},"image":{"@id":"https:\/\/dutchmicrodosing.com\/es\/#\/schema\/logo\/image\/"},"sameAs":["https:\/\/www.facebook.com\/Dutchmicrodosingxp\/","https:\/\/www.instagram.com\/dutchmicrodosing\/"]}]},"product_price_amount":"15.95","product_price_currency":"EUR","og_availability":"out of stock","product_availability":"out of stock","product_retailer_item_id":"0211824","product_condition":"new"},"_links":{"self":[{"href":"https:\/\/dutchmicrodosing.com\/es\/wp-json\/wp\/v2\/product\/30932","targetHints":{"allow":["GET"]}}],"collection":[{"href":"https:\/\/dutchmicrodosing.com\/es\/wp-json\/wp\/v2\/product"}],"about":[{"href":"https:\/\/dutchmicrodosing.com\/es\/wp-json\/wp\/v2\/types\/product"}],"replies":[{"embeddable":true,"href":"https:\/\/dutchmicrodosing.com\/es\/wp-json\/wp\/v2\/comments?post=30932"}],"version-history":[{"count":0,"href":"https:\/\/dutchmicrodosing.com\/es\/wp-json\/wp\/v2\/product\/30932\/revisions"}],"wp:featuredmedia":[{"embeddable":true,"href":"https:\/\/dutchmicrodosing.com\/es\/wp-json\/wp\/v2\/media\/30911"}],"wp:attachment":[{"href":"https:\/\/dutchmicrodosing.com\/es\/wp-json\/wp\/v2\/media?parent=30932"}],"wp:term":[{"taxonomy":"product_brand","embeddable":true,"href":"https:\/\/dutchmicrodosing.com\/es\/wp-json\/wp\/v2\/product_brand?post=30932"},{"taxonomy":"product_cat","embeddable":true,"href":"https:\/\/dutchmicrodosing.com\/es\/wp-json\/wp\/v2\/product_cat?post=30932"},{"taxonomy":"product_tag","embeddable":true,"href":"https:\/\/dutchmicrodosing.com\/es\/wp-json\/wp\/v2\/product_tag?post=30932"}],"curies":[{"name":"wp","href":"https:\/\/api.w.org\/{rel}","templated":true}]}}