{"id":31073,"date":"2023-11-10T13:44:48","date_gmt":"2023-11-10T12:44:48","guid":{"rendered":"https:\/\/dutchmicrodosing.com\/shop\/sin%20categor\u00eda\/cbd-pearlcaps-5mg-90-unidades\/"},"modified":"2025-09-02T08:43:17","modified_gmt":"2025-09-02T06:43:17","slug":"cbd-pearlcaps-5mg-90-unidades","status":"publish","type":"product","link":"https:\/\/dutchmicrodosing.com\/es\/herbolario\/cbd-y-suplementos-alimenticios\/cbd-pearlcaps-5mg-90-unidades\/","title":{"rendered":"CBD Pearlcaps 5MG &#8211; 90 unidades"},"content":{"rendered":"<div>\n<p><strong>HempCare CBD PEARLCAPS<\/strong> se compone de todos los componentes naturales de la planta de c\u00e1\u00f1amo. Adem\u00e1s de cannabidiol, contiene otros cannabinoides y flavonoides, terpenos y fenoles. Se trata de un producto completamente natural con sustancias que nuestro organismo reconoce y absorbe. La c\u00e1psula de gelatina blanda a base de prote\u00ednas se disuelve en el est\u00f3mago. En el proceso, se liberan los cannabinoides y otras sustancias. El conjunto es un producto completamente natural con sustancias que nuestro cuerpo reconoce y absorbe.La c\u00e1psula de gelatina blanda a base de prote\u00ednas se disuelve en el est\u00f3mago. En el proceso, se liberan los cannabinoides y otras sustancias.<\/p>\n<p>La composici\u00f3n de las sustancias es similar a la de CBD RAW. Cada c\u00e1psula de gelatina blanda contiene 5 mg de CBD y otros ingredientes. La ingesta de 1 c\u00e1psula equivale a unas 3 gotas de CBD RAW. Una ventaja de una c\u00e1psula de CBD es que el olor y el sabor no son un factor. Sin embargo, la acci\u00f3n en el organismo es diferente. Al gotear aceite de CBD en la lengua, los ingredientes activos se absorben directamente en el cuerpo a trav\u00e9s de las membranas mucosas. Una c\u00e1psula de CBD tiene que pasar primero por el est\u00f3mago. All\u00ed, los jugos g\u00e1stricos descomponen la c\u00e1psula, tras lo cual las sustancias activas llegan al organismo.<\/p>\n<\/div>\n<div>\n<h3><strong>Utilice<\/strong><\/h3>\n<p>Tomar una c\u00e1psula con abundante agua. HempCare recomienda comenzar la dosis con dos c\u00e1psulas al d\u00eda. A continuaci\u00f3n, aumente hasta un m\u00e1ximo de 4 c\u00e1psulas al d\u00eda, en funci\u00f3n de los resultados. Para que cualquier aceite de CBD funcione correctamente y estimule el organismo, debe utilizarse durante al menos cinco d\u00edas. El cuerpo absorbe s\u00f3lo lo que necesita, excretando el exceso con la orina, la transpiraci\u00f3n u otros medios.<\/p>\n<h3>Consejos de almacenamiento<\/h3>\n<p>Guarde este producto en un lugar fresco y oscuro, como un armario de cocina, y fuera del alcance de los ni\u00f1os.<\/p>\n<h3>Contenido<\/h3>\n<p>HempCare CBD PEARLCAPS &#8211; 9o c\u00e1psulas de gelatina blanda<\/p>\n<\/div>\n","protected":false},"excerpt":{"rendered":"<p>HempCare CBD PEARLCAPS se compone de todos los componentes naturales de la planta de c\u00e1\u00f1amo. Adem\u00e1s de cannabidiol, contiene otros cannabinoides y flavonoides, terpenos y fenoles. Se trata de un producto completamente natural con sustancias que nuestro organismo reconoce y absorbe. La c\u00e1psula de gelatina blanda a base de prote\u00ednas se disuelve en el est\u00f3mago. [&hellip;]<\/p>\n","protected":false},"featured_media":31079,"comment_status":"closed","ping_status":"closed","template":"","meta":[],"product_brand":[],"product_cat":[288],"product_tag":[],"class_list":{"0":"post-31073","1":"product","2":"type-product","3":"status-publish","4":"has-post-thumbnail","6":"product_cat-cbd-y-suplementos-alimenticios","8":"first","9":"instock","10":"taxable","11":"shipping-taxable","12":"purchasable","13":"product-type-simple"},"yoast_head":"<!-- This site is optimized with the Yoast SEO Premium plugin v26.4 (Yoast SEO v27.4) - https:\/\/yoast.com\/product\/yoast-seo-premium-wordpress\/ -->\n<title>CBD Pearlcaps 5MG - 90 unidades - Dutchmicrodosing<\/title>\n<meta name=\"description\" content=\"HempCare CBD PEARLCAPS se compone de todos los componentes naturales de la planta de c\u00e1\u00f1amo. Adem\u00e1s de Cannabidiol, contiene los otros cannabinoides...\" \/>\n<meta name=\"robots\" content=\"index, follow, max-snippet:-1, max-image-preview:large, max-video-preview:-1\" \/>\n<link rel=\"canonical\" href=\"https:\/\/dutchmicrodosing.com\/es\/herbolario\/cbd-y-suplementos-alimenticios\/cbd-pearlcaps-5mg-90-unidades\/\" \/>\n<meta property=\"og:locale\" content=\"es_ES\" \/>\n<meta property=\"og:type\" content=\"article\" \/>\n<meta property=\"og:title\" content=\"CBD Pearlcaps 5MG - 90 unidades\" \/>\n<meta property=\"og:description\" content=\"HempCare CBD PEARLCAPS se compone de todos los componentes naturales de la planta de c\u00e1\u00f1amo. Adem\u00e1s de cannabidiol, contiene otros cannabinoides y\" \/>\n<meta property=\"og:url\" content=\"https:\/\/dutchmicrodosing.com\/es\/herbolario\/cbd-y-suplementos-alimenticios\/cbd-pearlcaps-5mg-90-unidades\/\" \/>\n<meta property=\"og:site_name\" content=\"Dutchmicrodosing\" \/>\n<meta property=\"article:publisher\" content=\"https:\/\/www.facebook.com\/Dutchmicrodosingxp\/\" \/>\n<meta property=\"article:modified_time\" content=\"2025-09-02T06:43:17+00:00\" \/>\n<meta property=\"og:image\" content=\"https:\/\/dutchmicrodosing.com\/wp-content\/uploads\/2023\/11\/31505-Pearlcaps.jpg\" \/>\n\t<meta property=\"og:image:width\" content=\"1000\" \/>\n\t<meta property=\"og:image:height\" content=\"1000\" \/>\n\t<meta property=\"og:image:type\" content=\"image\/jpeg\" \/>\n<meta name=\"twitter:card\" content=\"summary_large_image\" \/>\n<script type=\"application\/ld+json\" class=\"yoast-schema-graph\">{\"@context\":\"https:\\\/\\\/schema.org\",\"@graph\":[{\"@type\":\"WebPage\",\"@id\":\"https:\\\/\\\/dutchmicrodosing.com\\\/es\\\/herbolario\\\/cbd-y-suplementos-alimenticios\\\/cbd-pearlcaps-5mg-90-unidades\\\/\",\"url\":\"https:\\\/\\\/dutchmicrodosing.com\\\/es\\\/herbolario\\\/cbd-y-suplementos-alimenticios\\\/cbd-pearlcaps-5mg-90-unidades\\\/\",\"name\":\"CBD Pearlcaps 5MG - 90 unidades - Dutchmicrodosing\",\"isPartOf\":{\"@id\":\"https:\\\/\\\/dutchmicrodosing.com\\\/es\\\/#website\"},\"primaryImageOfPage\":{\"@id\":\"https:\\\/\\\/dutchmicrodosing.com\\\/es\\\/herbolario\\\/cbd-y-suplementos-alimenticios\\\/cbd-pearlcaps-5mg-90-unidades\\\/#primaryimage\"},\"image\":{\"@id\":\"https:\\\/\\\/dutchmicrodosing.com\\\/es\\\/herbolario\\\/cbd-y-suplementos-alimenticios\\\/cbd-pearlcaps-5mg-90-unidades\\\/#primaryimage\"},\"thumbnailUrl\":\"https:\\\/\\\/dutchmicrodosing.com\\\/wp-content\\\/uploads\\\/2023\\\/11\\\/31505-Pearlcaps.jpg\",\"datePublished\":\"2023-11-10T12:44:48+00:00\",\"dateModified\":\"2025-09-02T06:43:17+00:00\",\"description\":\"HempCare CBD PEARLCAPS se compone de todos los componentes naturales de la planta de c\u00e1\u00f1amo. Adem\u00e1s de Cannabidiol, contiene los otros cannabinoides...\",\"breadcrumb\":{\"@id\":\"https:\\\/\\\/dutchmicrodosing.com\\\/es\\\/herbolario\\\/cbd-y-suplementos-alimenticios\\\/cbd-pearlcaps-5mg-90-unidades\\\/#breadcrumb\"},\"inLanguage\":\"es\",\"potentialAction\":[{\"@type\":\"ReadAction\",\"target\":[\"https:\\\/\\\/dutchmicrodosing.com\\\/es\\\/herbolario\\\/cbd-y-suplementos-alimenticios\\\/cbd-pearlcaps-5mg-90-unidades\\\/\"]}]},{\"@type\":\"ImageObject\",\"inLanguage\":\"es\",\"@id\":\"https:\\\/\\\/dutchmicrodosing.com\\\/es\\\/herbolario\\\/cbd-y-suplementos-alimenticios\\\/cbd-pearlcaps-5mg-90-unidades\\\/#primaryimage\",\"url\":\"https:\\\/\\\/dutchmicrodosing.com\\\/wp-content\\\/uploads\\\/2023\\\/11\\\/31505-Pearlcaps.jpg\",\"contentUrl\":\"https:\\\/\\\/dutchmicrodosing.com\\\/wp-content\\\/uploads\\\/2023\\\/11\\\/31505-Pearlcaps.jpg\",\"width\":1000,\"height\":1000},{\"@type\":\"BreadcrumbList\",\"@id\":\"https:\\\/\\\/dutchmicrodosing.com\\\/es\\\/herbolario\\\/cbd-y-suplementos-alimenticios\\\/cbd-pearlcaps-5mg-90-unidades\\\/#breadcrumb\",\"itemListElement\":[{\"@type\":\"ListItem\",\"position\":1,\"name\":\"Home\",\"item\":\"https:\\\/\\\/dutchmicrodosing.com\\\/es\\\/\"},{\"@type\":\"ListItem\",\"position\":2,\"name\":\"Tienda\",\"item\":\"https:\\\/\\\/dutchmicrodosing.com\\\/es\\\/tienda\\\/\"},{\"@type\":\"ListItem\",\"position\":3,\"name\":\"CBD Pearlcaps 5MG &#8211; 90 unidades\"}]},{\"@type\":\"WebSite\",\"@id\":\"https:\\\/\\\/dutchmicrodosing.com\\\/es\\\/#website\",\"url\":\"https:\\\/\\\/dutchmicrodosing.com\\\/es\\\/\",\"name\":\"Dutchmicrodosing\",\"description\":\"\",\"publisher\":{\"@id\":\"https:\\\/\\\/dutchmicrodosing.com\\\/es\\\/#organization\"},\"potentialAction\":[{\"@type\":\"SearchAction\",\"target\":{\"@type\":\"EntryPoint\",\"urlTemplate\":\"https:\\\/\\\/dutchmicrodosing.com\\\/es\\\/?s={search_term_string}\"},\"query-input\":{\"@type\":\"PropertyValueSpecification\",\"valueRequired\":true,\"valueName\":\"search_term_string\"}}],\"inLanguage\":\"es\"},{\"@type\":\"Organization\",\"@id\":\"https:\\\/\\\/dutchmicrodosing.com\\\/es\\\/#organization\",\"name\":\"Dutchmicrodosing\",\"url\":\"https:\\\/\\\/dutchmicrodosing.com\\\/es\\\/\",\"logo\":{\"@type\":\"ImageObject\",\"inLanguage\":\"es\",\"@id\":\"https:\\\/\\\/dutchmicrodosing.com\\\/es\\\/#\\\/schema\\\/logo\\\/image\\\/\",\"url\":\"https:\\\/\\\/dutchmicrodosing.com\\\/wp-content\\\/uploads\\\/2021\\\/01\\\/microdosing-categorie-pic-nieuw.jpg\",\"contentUrl\":\"https:\\\/\\\/dutchmicrodosing.com\\\/wp-content\\\/uploads\\\/2021\\\/01\\\/microdosing-categorie-pic-nieuw.jpg\",\"width\":500,\"height\":500,\"caption\":\"Dutchmicrodosing\"},\"image\":{\"@id\":\"https:\\\/\\\/dutchmicrodosing.com\\\/es\\\/#\\\/schema\\\/logo\\\/image\\\/\"},\"sameAs\":[\"https:\\\/\\\/www.facebook.com\\\/Dutchmicrodosingxp\\\/\",\"https:\\\/\\\/www.instagram.com\\\/dutchmicrodosing\\\/\"]}]}<\/script>\n<meta property=\"product:price:amount\" content=\"29.95\" \/>\n<meta property=\"product:price:currency\" content=\"EUR\" \/>\n<meta property=\"og:availability\" content=\"instock\" \/>\n<meta property=\"product:availability\" content=\"instock\" \/>\n<meta property=\"product:retailer_item_id\" content=\"9107304\" \/>\n<meta property=\"product:condition\" content=\"new\" \/>\n<!-- \/ Yoast SEO Premium plugin. -->","yoast_head_json":{"title":"CBD Pearlcaps 5MG - 90 unidades - Dutchmicrodosing","description":"HempCare CBD PEARLCAPS se compone de todos los componentes naturales de la planta de c\u00e1\u00f1amo. Adem\u00e1s de Cannabidiol, contiene los otros cannabinoides...","robots":{"index":"index","follow":"follow","max-snippet":"max-snippet:-1","max-image-preview":"max-image-preview:large","max-video-preview":"max-video-preview:-1"},"canonical":"https:\/\/dutchmicrodosing.com\/es\/herbolario\/cbd-y-suplementos-alimenticios\/cbd-pearlcaps-5mg-90-unidades\/","og_locale":"es_ES","og_type":"article","og_title":"CBD Pearlcaps 5MG - 90 unidades","og_description":"HempCare CBD PEARLCAPS se compone de todos los componentes naturales de la planta de c\u00e1\u00f1amo. Adem\u00e1s de cannabidiol, contiene otros cannabinoides y","og_url":"https:\/\/dutchmicrodosing.com\/es\/herbolario\/cbd-y-suplementos-alimenticios\/cbd-pearlcaps-5mg-90-unidades\/","og_site_name":"Dutchmicrodosing","article_publisher":"https:\/\/www.facebook.com\/Dutchmicrodosingxp\/","article_modified_time":"2025-09-02T06:43:17+00:00","og_image":[{"width":1000,"height":1000,"url":"https:\/\/dutchmicrodosing.com\/wp-content\/uploads\/2023\/11\/31505-Pearlcaps.jpg","type":"image\/jpeg"}],"twitter_card":"summary_large_image","schema":{"@context":"https:\/\/schema.org","@graph":[{"@type":"WebPage","@id":"https:\/\/dutchmicrodosing.com\/es\/herbolario\/cbd-y-suplementos-alimenticios\/cbd-pearlcaps-5mg-90-unidades\/","url":"https:\/\/dutchmicrodosing.com\/es\/herbolario\/cbd-y-suplementos-alimenticios\/cbd-pearlcaps-5mg-90-unidades\/","name":"CBD Pearlcaps 5MG - 90 unidades - Dutchmicrodosing","isPartOf":{"@id":"https:\/\/dutchmicrodosing.com\/es\/#website"},"primaryImageOfPage":{"@id":"https:\/\/dutchmicrodosing.com\/es\/herbolario\/cbd-y-suplementos-alimenticios\/cbd-pearlcaps-5mg-90-unidades\/#primaryimage"},"image":{"@id":"https:\/\/dutchmicrodosing.com\/es\/herbolario\/cbd-y-suplementos-alimenticios\/cbd-pearlcaps-5mg-90-unidades\/#primaryimage"},"thumbnailUrl":"https:\/\/dutchmicrodosing.com\/wp-content\/uploads\/2023\/11\/31505-Pearlcaps.jpg","datePublished":"2023-11-10T12:44:48+00:00","dateModified":"2025-09-02T06:43:17+00:00","description":"HempCare CBD PEARLCAPS se compone de todos los componentes naturales de la planta de c\u00e1\u00f1amo. Adem\u00e1s de Cannabidiol, contiene los otros cannabinoides...","breadcrumb":{"@id":"https:\/\/dutchmicrodosing.com\/es\/herbolario\/cbd-y-suplementos-alimenticios\/cbd-pearlcaps-5mg-90-unidades\/#breadcrumb"},"inLanguage":"es","potentialAction":[{"@type":"ReadAction","target":["https:\/\/dutchmicrodosing.com\/es\/herbolario\/cbd-y-suplementos-alimenticios\/cbd-pearlcaps-5mg-90-unidades\/"]}]},{"@type":"ImageObject","inLanguage":"es","@id":"https:\/\/dutchmicrodosing.com\/es\/herbolario\/cbd-y-suplementos-alimenticios\/cbd-pearlcaps-5mg-90-unidades\/#primaryimage","url":"https:\/\/dutchmicrodosing.com\/wp-content\/uploads\/2023\/11\/31505-Pearlcaps.jpg","contentUrl":"https:\/\/dutchmicrodosing.com\/wp-content\/uploads\/2023\/11\/31505-Pearlcaps.jpg","width":1000,"height":1000},{"@type":"BreadcrumbList","@id":"https:\/\/dutchmicrodosing.com\/es\/herbolario\/cbd-y-suplementos-alimenticios\/cbd-pearlcaps-5mg-90-unidades\/#breadcrumb","itemListElement":[{"@type":"ListItem","position":1,"name":"Home","item":"https:\/\/dutchmicrodosing.com\/es\/"},{"@type":"ListItem","position":2,"name":"Tienda","item":"https:\/\/dutchmicrodosing.com\/es\/tienda\/"},{"@type":"ListItem","position":3,"name":"CBD Pearlcaps 5MG &#8211; 90 unidades"}]},{"@type":"WebSite","@id":"https:\/\/dutchmicrodosing.com\/es\/#website","url":"https:\/\/dutchmicrodosing.com\/es\/","name":"Dutchmicrodosing","description":"","publisher":{"@id":"https:\/\/dutchmicrodosing.com\/es\/#organization"},"potentialAction":[{"@type":"SearchAction","target":{"@type":"EntryPoint","urlTemplate":"https:\/\/dutchmicrodosing.com\/es\/?s={search_term_string}"},"query-input":{"@type":"PropertyValueSpecification","valueRequired":true,"valueName":"search_term_string"}}],"inLanguage":"es"},{"@type":"Organization","@id":"https:\/\/dutchmicrodosing.com\/es\/#organization","name":"Dutchmicrodosing","url":"https:\/\/dutchmicrodosing.com\/es\/","logo":{"@type":"ImageObject","inLanguage":"es","@id":"https:\/\/dutchmicrodosing.com\/es\/#\/schema\/logo\/image\/","url":"https:\/\/dutchmicrodosing.com\/wp-content\/uploads\/2021\/01\/microdosing-categorie-pic-nieuw.jpg","contentUrl":"https:\/\/dutchmicrodosing.com\/wp-content\/uploads\/2021\/01\/microdosing-categorie-pic-nieuw.jpg","width":500,"height":500,"caption":"Dutchmicrodosing"},"image":{"@id":"https:\/\/dutchmicrodosing.com\/es\/#\/schema\/logo\/image\/"},"sameAs":["https:\/\/www.facebook.com\/Dutchmicrodosingxp\/","https:\/\/www.instagram.com\/dutchmicrodosing\/"]}]},"product_price_amount":"29.95","product_price_currency":"EUR","og_availability":"instock","product_availability":"instock","product_retailer_item_id":"9107304","product_condition":"new"},"_links":{"self":[{"href":"https:\/\/dutchmicrodosing.com\/es\/wp-json\/wp\/v2\/product\/31073","targetHints":{"allow":["GET"]}}],"collection":[{"href":"https:\/\/dutchmicrodosing.com\/es\/wp-json\/wp\/v2\/product"}],"about":[{"href":"https:\/\/dutchmicrodosing.com\/es\/wp-json\/wp\/v2\/types\/product"}],"replies":[{"embeddable":true,"href":"https:\/\/dutchmicrodosing.com\/es\/wp-json\/wp\/v2\/comments?post=31073"}],"version-history":[{"count":0,"href":"https:\/\/dutchmicrodosing.com\/es\/wp-json\/wp\/v2\/product\/31073\/revisions"}],"wp:featuredmedia":[{"embeddable":true,"href":"https:\/\/dutchmicrodosing.com\/es\/wp-json\/wp\/v2\/media\/31079"}],"wp:attachment":[{"href":"https:\/\/dutchmicrodosing.com\/es\/wp-json\/wp\/v2\/media?parent=31073"}],"wp:term":[{"taxonomy":"product_brand","embeddable":true,"href":"https:\/\/dutchmicrodosing.com\/es\/wp-json\/wp\/v2\/product_brand?post=31073"},{"taxonomy":"product_cat","embeddable":true,"href":"https:\/\/dutchmicrodosing.com\/es\/wp-json\/wp\/v2\/product_cat?post=31073"},{"taxonomy":"product_tag","embeddable":true,"href":"https:\/\/dutchmicrodosing.com\/es\/wp-json\/wp\/v2\/product_tag?post=31073"}],"curies":[{"name":"wp","href":"https:\/\/api.w.org\/{rel}","templated":true}]}}