{"id":31190,"date":"2023-11-13T09:18:16","date_gmt":"2023-11-13T08:18:16","guid":{"rendered":"https:\/\/dutchmicrodosing.com\/shop\/sin%20categor\u00eda\/ginseng-en-polvo-panax-ginseng\/"},"modified":"2025-08-29T11:41:13","modified_gmt":"2025-08-29T09:41:13","slug":"ginseng-en-polvo-panax-ginseng","status":"publish","type":"product","link":"https:\/\/dutchmicrodosing.com\/es\/herbolario\/suplementos-energeticos\/ginseng-en-polvo-panax-ginseng\/","title":{"rendered":"Ginseng en polvo &#8211; Panax Ginseng"},"content":{"rendered":"<p><strong>El ginseng<\/strong>, profundamente arraigado en las tradiciones culturales de Asia Oriental, se ha valorado y utilizado durante miles de a\u00f1os. El ginseng Panax, originario de la pen\u00ednsula de Corea, goza de fama mundial. No s\u00f3lo se utiliza en la medicina tradicional, sino que tambi\u00e9n forma parte del consumo diario de muchas personas en Asia y otros continentes.<\/p>\n<p>Los supuestos beneficios del ginseng Panax, atribuidos principalmente a sus componentes activos ginsen\u00f3sidos, son diversos. Se dice que aumentan la energ\u00eda, refuerzan el sistema inmunitario, mejoran el rendimiento cognitivo y favorecen la salud sexual, entre otras cosas. Gracias en parte al inter\u00e9s por los productos naturales para la salud, la popularidad del ginseng sigue aumentando.<\/p>\n<h3>Ingredientes<\/h3>\n<p>Ginseng ecol\u00f3gico en polvo<\/p>\n<h3>Utilice<\/h3>\n<p>Disuelva una cucharadita en un zumo de frutas, refresco, t\u00e9, chocolate caliente u otra bebida. Para preparar t\u00e9 de ginseng, hierve 3 gramos de polvo en agua durante 5 a 10 minutos. Despu\u00e9s se cuela y ya est\u00e1 listo para beber. No tome m\u00e1s de 6 gramos al d\u00eda.<\/p>\n<h3>Informaci\u00f3n complementaria<\/h3>\n<p>Es importante llevar una vida sana y una dieta variada y equilibrada; los suplementos no pueden sustituirla. Mantenga los suplementos fuera del alcance de los ni\u00f1os, no tome m\u00e1s de la cantidad recomendada y cons\u00e9rvelos en un lugar fresco y oscuro. Consulte a un profesional si tiene problemas de salud, toma medicamentos, est\u00e1 embarazada o en periodo de lactancia, e interrumpa su uso si experimenta alg\u00fan efecto secundario.<\/p>\n<h3>Contenido<\/h3>\n<p>Ginseng &#8211; 25 gramos<\/p>\n","protected":false},"excerpt":{"rendered":"<p>El ginseng, profundamente arraigado en las tradiciones culturales de Asia Oriental, se ha valorado y utilizado durante miles de a\u00f1os. El ginseng Panax, originario de la pen\u00ednsula de Corea, goza de fama mundial. No s\u00f3lo se utiliza en la medicina tradicional, sino que tambi\u00e9n forma parte del consumo diario de muchas personas en Asia y [&hellip;]<\/p>\n","protected":false},"featured_media":31184,"comment_status":"closed","ping_status":"closed","template":"","meta":[],"product_brand":[],"product_cat":[297,298,324],"product_tag":[],"class_list":{"0":"post-31190","1":"product","2":"type-product","3":"status-publish","4":"has-post-thumbnail","6":"product_cat-suplementos-energeticos","7":"product_cat-suplementos-para-el-sistema-inmunitario","8":"product_cat-suplementos-para-la-concentracion","10":"first","11":"instock","12":"taxable","13":"shipping-taxable","14":"purchasable","15":"product-type-simple"},"yoast_head":"<!-- This site is optimized with the Yoast SEO Premium plugin v26.4 (Yoast SEO v27.4) - https:\/\/yoast.com\/product\/yoast-seo-premium-wordpress\/ -->\n<title>Ginseng en polvo - Panax Ginseng - Dutchmicrodosing<\/title>\n<meta name=\"description\" content=\"El ginseng, profundamente arraigado en las tradiciones culturales de Asia Oriental, se ha valorado y utilizado durante miles de a\u00f1os. El Panax ginseng, originario de...\" \/>\n<meta name=\"robots\" content=\"index, follow, max-snippet:-1, max-image-preview:large, max-video-preview:-1\" \/>\n<link rel=\"canonical\" href=\"https:\/\/dutchmicrodosing.com\/es\/herbolario\/suplementos-energeticos\/ginseng-en-polvo-panax-ginseng\/\" \/>\n<meta property=\"og:locale\" content=\"es_ES\" \/>\n<meta property=\"og:type\" content=\"article\" \/>\n<meta property=\"og:title\" content=\"Ginseng en polvo - Panax Ginseng\" \/>\n<meta property=\"og:description\" content=\"El ginseng, profundamente arraigado en las tradiciones culturales de Asia Oriental, se ha valorado y utilizado durante miles de a\u00f1os. El ginseng Panax,\" \/>\n<meta property=\"og:url\" content=\"https:\/\/dutchmicrodosing.com\/es\/herbolario\/suplementos-energeticos\/ginseng-en-polvo-panax-ginseng\/\" \/>\n<meta property=\"og:site_name\" content=\"Dutchmicrodosing\" \/>\n<meta property=\"article:publisher\" content=\"https:\/\/www.facebook.com\/Dutchmicrodosingxp\/\" \/>\n<meta property=\"article:modified_time\" content=\"2025-08-29T09:41:13+00:00\" \/>\n<meta property=\"og:image\" content=\"https:\/\/dutchmicrodosing.com\/wp-content\/uploads\/2023\/11\/Ginseng.png\" \/>\n\t<meta property=\"og:image:width\" content=\"500\" \/>\n\t<meta property=\"og:image:height\" content=\"500\" \/>\n\t<meta property=\"og:image:type\" content=\"image\/png\" \/>\n<meta name=\"twitter:card\" content=\"summary_large_image\" \/>\n<script type=\"application\/ld+json\" class=\"yoast-schema-graph\">{\"@context\":\"https:\\\/\\\/schema.org\",\"@graph\":[{\"@type\":\"WebPage\",\"@id\":\"https:\\\/\\\/dutchmicrodosing.com\\\/es\\\/herbolario\\\/suplementos-energeticos\\\/ginseng-en-polvo-panax-ginseng\\\/\",\"url\":\"https:\\\/\\\/dutchmicrodosing.com\\\/es\\\/herbolario\\\/suplementos-energeticos\\\/ginseng-en-polvo-panax-ginseng\\\/\",\"name\":\"Ginseng en polvo - Panax Ginseng - Dutchmicrodosing\",\"isPartOf\":{\"@id\":\"https:\\\/\\\/dutchmicrodosing.com\\\/es\\\/#website\"},\"primaryImageOfPage\":{\"@id\":\"https:\\\/\\\/dutchmicrodosing.com\\\/es\\\/herbolario\\\/suplementos-energeticos\\\/ginseng-en-polvo-panax-ginseng\\\/#primaryimage\"},\"image\":{\"@id\":\"https:\\\/\\\/dutchmicrodosing.com\\\/es\\\/herbolario\\\/suplementos-energeticos\\\/ginseng-en-polvo-panax-ginseng\\\/#primaryimage\"},\"thumbnailUrl\":\"https:\\\/\\\/dutchmicrodosing.com\\\/wp-content\\\/uploads\\\/2023\\\/11\\\/Ginseng.png\",\"datePublished\":\"2023-11-13T08:18:16+00:00\",\"dateModified\":\"2025-08-29T09:41:13+00:00\",\"description\":\"El ginseng, profundamente arraigado en las tradiciones culturales de Asia Oriental, se ha valorado y utilizado durante miles de a\u00f1os. El Panax ginseng, originario de...\",\"breadcrumb\":{\"@id\":\"https:\\\/\\\/dutchmicrodosing.com\\\/es\\\/herbolario\\\/suplementos-energeticos\\\/ginseng-en-polvo-panax-ginseng\\\/#breadcrumb\"},\"inLanguage\":\"es\",\"potentialAction\":[{\"@type\":\"ReadAction\",\"target\":[\"https:\\\/\\\/dutchmicrodosing.com\\\/es\\\/herbolario\\\/suplementos-energeticos\\\/ginseng-en-polvo-panax-ginseng\\\/\"]}]},{\"@type\":\"ImageObject\",\"inLanguage\":\"es\",\"@id\":\"https:\\\/\\\/dutchmicrodosing.com\\\/es\\\/herbolario\\\/suplementos-energeticos\\\/ginseng-en-polvo-panax-ginseng\\\/#primaryimage\",\"url\":\"https:\\\/\\\/dutchmicrodosing.com\\\/wp-content\\\/uploads\\\/2023\\\/11\\\/Ginseng.png\",\"contentUrl\":\"https:\\\/\\\/dutchmicrodosing.com\\\/wp-content\\\/uploads\\\/2023\\\/11\\\/Ginseng.png\",\"width\":500,\"height\":500},{\"@type\":\"BreadcrumbList\",\"@id\":\"https:\\\/\\\/dutchmicrodosing.com\\\/es\\\/herbolario\\\/suplementos-energeticos\\\/ginseng-en-polvo-panax-ginseng\\\/#breadcrumb\",\"itemListElement\":[{\"@type\":\"ListItem\",\"position\":1,\"name\":\"Home\",\"item\":\"https:\\\/\\\/dutchmicrodosing.com\\\/es\\\/\"},{\"@type\":\"ListItem\",\"position\":2,\"name\":\"Tienda\",\"item\":\"https:\\\/\\\/dutchmicrodosing.com\\\/es\\\/tienda\\\/\"},{\"@type\":\"ListItem\",\"position\":3,\"name\":\"Ginseng en polvo &#8211; Panax Ginseng\"}]},{\"@type\":\"WebSite\",\"@id\":\"https:\\\/\\\/dutchmicrodosing.com\\\/es\\\/#website\",\"url\":\"https:\\\/\\\/dutchmicrodosing.com\\\/es\\\/\",\"name\":\"Dutchmicrodosing\",\"description\":\"\",\"publisher\":{\"@id\":\"https:\\\/\\\/dutchmicrodosing.com\\\/es\\\/#organization\"},\"potentialAction\":[{\"@type\":\"SearchAction\",\"target\":{\"@type\":\"EntryPoint\",\"urlTemplate\":\"https:\\\/\\\/dutchmicrodosing.com\\\/es\\\/?s={search_term_string}\"},\"query-input\":{\"@type\":\"PropertyValueSpecification\",\"valueRequired\":true,\"valueName\":\"search_term_string\"}}],\"inLanguage\":\"es\"},{\"@type\":\"Organization\",\"@id\":\"https:\\\/\\\/dutchmicrodosing.com\\\/es\\\/#organization\",\"name\":\"Dutchmicrodosing\",\"url\":\"https:\\\/\\\/dutchmicrodosing.com\\\/es\\\/\",\"logo\":{\"@type\":\"ImageObject\",\"inLanguage\":\"es\",\"@id\":\"https:\\\/\\\/dutchmicrodosing.com\\\/es\\\/#\\\/schema\\\/logo\\\/image\\\/\",\"url\":\"https:\\\/\\\/dutchmicrodosing.com\\\/wp-content\\\/uploads\\\/2021\\\/01\\\/microdosing-categorie-pic-nieuw.jpg\",\"contentUrl\":\"https:\\\/\\\/dutchmicrodosing.com\\\/wp-content\\\/uploads\\\/2021\\\/01\\\/microdosing-categorie-pic-nieuw.jpg\",\"width\":500,\"height\":500,\"caption\":\"Dutchmicrodosing\"},\"image\":{\"@id\":\"https:\\\/\\\/dutchmicrodosing.com\\\/es\\\/#\\\/schema\\\/logo\\\/image\\\/\"},\"sameAs\":[\"https:\\\/\\\/www.facebook.com\\\/Dutchmicrodosingxp\\\/\",\"https:\\\/\\\/www.instagram.com\\\/dutchmicrodosing\\\/\"]}]}<\/script>\n<meta property=\"product:price:amount\" content=\"10.95\" \/>\n<meta property=\"product:price:currency\" content=\"EUR\" \/>\n<meta property=\"og:availability\" content=\"instock\" \/>\n<meta property=\"product:availability\" content=\"instock\" \/>\n<meta property=\"product:retailer_item_id\" content=\"3211666\" \/>\n<meta property=\"product:condition\" content=\"new\" \/>\n<!-- \/ Yoast SEO Premium plugin. -->","yoast_head_json":{"title":"Ginseng en polvo - Panax Ginseng - Dutchmicrodosing","description":"El ginseng, profundamente arraigado en las tradiciones culturales de Asia Oriental, se ha valorado y utilizado durante miles de a\u00f1os. El Panax ginseng, originario de...","robots":{"index":"index","follow":"follow","max-snippet":"max-snippet:-1","max-image-preview":"max-image-preview:large","max-video-preview":"max-video-preview:-1"},"canonical":"https:\/\/dutchmicrodosing.com\/es\/herbolario\/suplementos-energeticos\/ginseng-en-polvo-panax-ginseng\/","og_locale":"es_ES","og_type":"article","og_title":"Ginseng en polvo - Panax Ginseng","og_description":"El ginseng, profundamente arraigado en las tradiciones culturales de Asia Oriental, se ha valorado y utilizado durante miles de a\u00f1os. El ginseng Panax,","og_url":"https:\/\/dutchmicrodosing.com\/es\/herbolario\/suplementos-energeticos\/ginseng-en-polvo-panax-ginseng\/","og_site_name":"Dutchmicrodosing","article_publisher":"https:\/\/www.facebook.com\/Dutchmicrodosingxp\/","article_modified_time":"2025-08-29T09:41:13+00:00","og_image":[{"width":500,"height":500,"url":"https:\/\/dutchmicrodosing.com\/wp-content\/uploads\/2023\/11\/Ginseng.png","type":"image\/png"}],"twitter_card":"summary_large_image","schema":{"@context":"https:\/\/schema.org","@graph":[{"@type":"WebPage","@id":"https:\/\/dutchmicrodosing.com\/es\/herbolario\/suplementos-energeticos\/ginseng-en-polvo-panax-ginseng\/","url":"https:\/\/dutchmicrodosing.com\/es\/herbolario\/suplementos-energeticos\/ginseng-en-polvo-panax-ginseng\/","name":"Ginseng en polvo - Panax Ginseng - Dutchmicrodosing","isPartOf":{"@id":"https:\/\/dutchmicrodosing.com\/es\/#website"},"primaryImageOfPage":{"@id":"https:\/\/dutchmicrodosing.com\/es\/herbolario\/suplementos-energeticos\/ginseng-en-polvo-panax-ginseng\/#primaryimage"},"image":{"@id":"https:\/\/dutchmicrodosing.com\/es\/herbolario\/suplementos-energeticos\/ginseng-en-polvo-panax-ginseng\/#primaryimage"},"thumbnailUrl":"https:\/\/dutchmicrodosing.com\/wp-content\/uploads\/2023\/11\/Ginseng.png","datePublished":"2023-11-13T08:18:16+00:00","dateModified":"2025-08-29T09:41:13+00:00","description":"El ginseng, profundamente arraigado en las tradiciones culturales de Asia Oriental, se ha valorado y utilizado durante miles de a\u00f1os. El Panax ginseng, originario de...","breadcrumb":{"@id":"https:\/\/dutchmicrodosing.com\/es\/herbolario\/suplementos-energeticos\/ginseng-en-polvo-panax-ginseng\/#breadcrumb"},"inLanguage":"es","potentialAction":[{"@type":"ReadAction","target":["https:\/\/dutchmicrodosing.com\/es\/herbolario\/suplementos-energeticos\/ginseng-en-polvo-panax-ginseng\/"]}]},{"@type":"ImageObject","inLanguage":"es","@id":"https:\/\/dutchmicrodosing.com\/es\/herbolario\/suplementos-energeticos\/ginseng-en-polvo-panax-ginseng\/#primaryimage","url":"https:\/\/dutchmicrodosing.com\/wp-content\/uploads\/2023\/11\/Ginseng.png","contentUrl":"https:\/\/dutchmicrodosing.com\/wp-content\/uploads\/2023\/11\/Ginseng.png","width":500,"height":500},{"@type":"BreadcrumbList","@id":"https:\/\/dutchmicrodosing.com\/es\/herbolario\/suplementos-energeticos\/ginseng-en-polvo-panax-ginseng\/#breadcrumb","itemListElement":[{"@type":"ListItem","position":1,"name":"Home","item":"https:\/\/dutchmicrodosing.com\/es\/"},{"@type":"ListItem","position":2,"name":"Tienda","item":"https:\/\/dutchmicrodosing.com\/es\/tienda\/"},{"@type":"ListItem","position":3,"name":"Ginseng en polvo &#8211; Panax Ginseng"}]},{"@type":"WebSite","@id":"https:\/\/dutchmicrodosing.com\/es\/#website","url":"https:\/\/dutchmicrodosing.com\/es\/","name":"Dutchmicrodosing","description":"","publisher":{"@id":"https:\/\/dutchmicrodosing.com\/es\/#organization"},"potentialAction":[{"@type":"SearchAction","target":{"@type":"EntryPoint","urlTemplate":"https:\/\/dutchmicrodosing.com\/es\/?s={search_term_string}"},"query-input":{"@type":"PropertyValueSpecification","valueRequired":true,"valueName":"search_term_string"}}],"inLanguage":"es"},{"@type":"Organization","@id":"https:\/\/dutchmicrodosing.com\/es\/#organization","name":"Dutchmicrodosing","url":"https:\/\/dutchmicrodosing.com\/es\/","logo":{"@type":"ImageObject","inLanguage":"es","@id":"https:\/\/dutchmicrodosing.com\/es\/#\/schema\/logo\/image\/","url":"https:\/\/dutchmicrodosing.com\/wp-content\/uploads\/2021\/01\/microdosing-categorie-pic-nieuw.jpg","contentUrl":"https:\/\/dutchmicrodosing.com\/wp-content\/uploads\/2021\/01\/microdosing-categorie-pic-nieuw.jpg","width":500,"height":500,"caption":"Dutchmicrodosing"},"image":{"@id":"https:\/\/dutchmicrodosing.com\/es\/#\/schema\/logo\/image\/"},"sameAs":["https:\/\/www.facebook.com\/Dutchmicrodosingxp\/","https:\/\/www.instagram.com\/dutchmicrodosing\/"]}]},"product_price_amount":"10.95","product_price_currency":"EUR","og_availability":"instock","product_availability":"instock","product_retailer_item_id":"3211666","product_condition":"new"},"_links":{"self":[{"href":"https:\/\/dutchmicrodosing.com\/es\/wp-json\/wp\/v2\/product\/31190","targetHints":{"allow":["GET"]}}],"collection":[{"href":"https:\/\/dutchmicrodosing.com\/es\/wp-json\/wp\/v2\/product"}],"about":[{"href":"https:\/\/dutchmicrodosing.com\/es\/wp-json\/wp\/v2\/types\/product"}],"replies":[{"embeddable":true,"href":"https:\/\/dutchmicrodosing.com\/es\/wp-json\/wp\/v2\/comments?post=31190"}],"version-history":[{"count":0,"href":"https:\/\/dutchmicrodosing.com\/es\/wp-json\/wp\/v2\/product\/31190\/revisions"}],"wp:featuredmedia":[{"embeddable":true,"href":"https:\/\/dutchmicrodosing.com\/es\/wp-json\/wp\/v2\/media\/31184"}],"wp:attachment":[{"href":"https:\/\/dutchmicrodosing.com\/es\/wp-json\/wp\/v2\/media?parent=31190"}],"wp:term":[{"taxonomy":"product_brand","embeddable":true,"href":"https:\/\/dutchmicrodosing.com\/es\/wp-json\/wp\/v2\/product_brand?post=31190"},{"taxonomy":"product_cat","embeddable":true,"href":"https:\/\/dutchmicrodosing.com\/es\/wp-json\/wp\/v2\/product_cat?post=31190"},{"taxonomy":"product_tag","embeddable":true,"href":"https:\/\/dutchmicrodosing.com\/es\/wp-json\/wp\/v2\/product_tag?post=31190"}],"curies":[{"name":"wp","href":"https:\/\/api.w.org\/{rel}","templated":true}]}}