{"id":31204,"date":"2023-11-13T10:08:55","date_gmt":"2023-11-13T09:08:55","guid":{"rendered":"https:\/\/dutchmicrodosing.com\/shop\/sin%20categor\u00eda\/yerba-mate-hojas-polvo-organico\/"},"modified":"2025-09-23T09:26:54","modified_gmt":"2025-09-23T07:26:54","slug":"yerba-mate-hojas-polvo-organico","status":"publish","type":"product","link":"https:\/\/dutchmicrodosing.com\/es\/herbolario\/suplementos-energeticos\/yerba-mate-hojas-polvo-organico\/","title":{"rendered":"Yerba mate en polvo bio"},"content":{"rendered":"<p>La <strong>yerba<\/strong> mate est\u00e1 profundamente arraigada en la cultura de Sudam\u00e9rica, donde se consume desde hace siglos. Este t\u00e9, popular en Argentina, Paraguay, Uruguay y Brasil, es conocido por su composici\u00f3n nutritiva, que incluye abundantes vitaminas, minerales y antioxidantes que lo convierten en una bebida saludable. El aprecio por la yerba mate trasciende las fronteras culinarias y se ha abierto camino tambi\u00e9n en el mundo del deporte. Es la bebida favorita de muchos deportistas de \u00e9lite, incluidos futbolistas de fama mundial como Messi, Neymar y Ronaldo, gracias en parte a los estimulantes naturales como la cafe\u00edna y los alcaloides de xantina que contiene.<\/p>\n<p>El propio arbusto de la yerba mate, que puede crecer hasta convertirse en un gran \u00e1rbol, es visualmente atractivo por sus exuberantes hojas verdes y sus hermosas flores verdes y blancas. El uso de las hojas para hacer t\u00e9 forma parte de una larga tradici\u00f3n que no s\u00f3lo tiene valor cultural sino tambi\u00e9n nutricional en Sudam\u00e9rica.<\/p>\n<h3>Ingredientes<\/h3>\n<p>Yerba mate en polvo 100% ecol\u00f3gica.<\/p>\n<h3>Utilice<\/h3>\n<p>La yerba mate puede utilizarse como t\u00e9. Ponga una cucharada por taza en un colador y d\u00e9jela reposar en agua caliente (pero no hirviendo) durante unos 3-4 minutos.<\/p>\n<h3>Contenido<\/h3>\n<p>Yerba mate Bio &#8211; 100 gramos<\/p>\n","protected":false},"excerpt":{"rendered":"<p>La yerba mate est\u00e1 profundamente arraigada en la cultura de Sudam\u00e9rica, donde se consume desde hace siglos. Este t\u00e9, popular en Argentina, Paraguay, Uruguay y Brasil, es conocido por su composici\u00f3n nutritiva, que incluye abundantes vitaminas, minerales y antioxidantes que lo convierten en una bebida saludable. El aprecio por la yerba mate trasciende las fronteras [&hellip;]<\/p>\n","protected":false},"featured_media":31198,"comment_status":"closed","ping_status":"closed","template":"","meta":[],"product_brand":[],"product_cat":[297,298],"product_tag":[],"class_list":{"0":"post-31204","1":"product","2":"type-product","3":"status-publish","4":"has-post-thumbnail","6":"product_cat-suplementos-energeticos","7":"product_cat-suplementos-para-el-sistema-inmunitario","9":"first","10":"instock","11":"taxable","12":"shipping-taxable","13":"purchasable","14":"product-type-simple"},"yoast_head":"<!-- This site is optimized with the Yoast SEO Premium plugin v26.4 (Yoast SEO v27.4) - https:\/\/yoast.com\/product\/yoast-seo-premium-wordpress\/ -->\n<title>Yerba mate en polvo bio - Dutchmicrodosing<\/title>\n<meta name=\"description\" content=\"La yerba mate est\u00e1 profundamente arraigada en la cultura de Sudam\u00e9rica, donde se consume desde hace siglos. Esta variedad de t\u00e9, popular en Argentina, Paraguay...\" \/>\n<meta name=\"robots\" content=\"index, follow, max-snippet:-1, max-image-preview:large, max-video-preview:-1\" \/>\n<link rel=\"canonical\" href=\"https:\/\/dutchmicrodosing.com\/es\/herbolario\/suplementos-energeticos\/yerba-mate-hojas-polvo-organico\/\" \/>\n<meta property=\"og:locale\" content=\"es_ES\" \/>\n<meta property=\"og:type\" content=\"article\" \/>\n<meta property=\"og:title\" content=\"Yerba mate en polvo bio\" \/>\n<meta property=\"og:description\" content=\"La yerba mate est\u00e1 profundamente arraigada en la cultura de Sudam\u00e9rica, donde se consume desde hace siglos. Este t\u00e9, popular en Argentina, Paraguay,\" \/>\n<meta property=\"og:url\" content=\"https:\/\/dutchmicrodosing.com\/es\/herbolario\/suplementos-energeticos\/yerba-mate-hojas-polvo-organico\/\" \/>\n<meta property=\"og:site_name\" content=\"Dutchmicrodosing\" \/>\n<meta property=\"article:publisher\" content=\"https:\/\/www.facebook.com\/Dutchmicrodosingxp\/\" \/>\n<meta property=\"article:modified_time\" content=\"2025-09-23T07:26:54+00:00\" \/>\n<meta property=\"og:image\" content=\"https:\/\/dutchmicrodosing.com\/wp-content\/uploads\/2023\/11\/yerba.png\" \/>\n\t<meta property=\"og:image:width\" content=\"500\" \/>\n\t<meta property=\"og:image:height\" content=\"500\" \/>\n\t<meta property=\"og:image:type\" content=\"image\/png\" \/>\n<meta name=\"twitter:card\" content=\"summary_large_image\" \/>\n<script type=\"application\/ld+json\" class=\"yoast-schema-graph\">{\"@context\":\"https:\\\/\\\/schema.org\",\"@graph\":[{\"@type\":\"WebPage\",\"@id\":\"https:\\\/\\\/dutchmicrodosing.com\\\/es\\\/herbolario\\\/suplementos-energeticos\\\/yerba-mate-hojas-polvo-organico\\\/\",\"url\":\"https:\\\/\\\/dutchmicrodosing.com\\\/es\\\/herbolario\\\/suplementos-energeticos\\\/yerba-mate-hojas-polvo-organico\\\/\",\"name\":\"Yerba mate en polvo bio - Dutchmicrodosing\",\"isPartOf\":{\"@id\":\"https:\\\/\\\/dutchmicrodosing.com\\\/es\\\/#website\"},\"primaryImageOfPage\":{\"@id\":\"https:\\\/\\\/dutchmicrodosing.com\\\/es\\\/herbolario\\\/suplementos-energeticos\\\/yerba-mate-hojas-polvo-organico\\\/#primaryimage\"},\"image\":{\"@id\":\"https:\\\/\\\/dutchmicrodosing.com\\\/es\\\/herbolario\\\/suplementos-energeticos\\\/yerba-mate-hojas-polvo-organico\\\/#primaryimage\"},\"thumbnailUrl\":\"https:\\\/\\\/dutchmicrodosing.com\\\/wp-content\\\/uploads\\\/2023\\\/11\\\/yerba.png\",\"datePublished\":\"2023-11-13T09:08:55+00:00\",\"dateModified\":\"2025-09-23T07:26:54+00:00\",\"description\":\"La yerba mate est\u00e1 profundamente arraigada en la cultura de Sudam\u00e9rica, donde se consume desde hace siglos. Esta variedad de t\u00e9, popular en Argentina, Paraguay...\",\"breadcrumb\":{\"@id\":\"https:\\\/\\\/dutchmicrodosing.com\\\/es\\\/herbolario\\\/suplementos-energeticos\\\/yerba-mate-hojas-polvo-organico\\\/#breadcrumb\"},\"inLanguage\":\"es\",\"potentialAction\":[{\"@type\":\"ReadAction\",\"target\":[\"https:\\\/\\\/dutchmicrodosing.com\\\/es\\\/herbolario\\\/suplementos-energeticos\\\/yerba-mate-hojas-polvo-organico\\\/\"]}]},{\"@type\":\"ImageObject\",\"inLanguage\":\"es\",\"@id\":\"https:\\\/\\\/dutchmicrodosing.com\\\/es\\\/herbolario\\\/suplementos-energeticos\\\/yerba-mate-hojas-polvo-organico\\\/#primaryimage\",\"url\":\"https:\\\/\\\/dutchmicrodosing.com\\\/wp-content\\\/uploads\\\/2023\\\/11\\\/yerba.png\",\"contentUrl\":\"https:\\\/\\\/dutchmicrodosing.com\\\/wp-content\\\/uploads\\\/2023\\\/11\\\/yerba.png\",\"width\":500,\"height\":500},{\"@type\":\"BreadcrumbList\",\"@id\":\"https:\\\/\\\/dutchmicrodosing.com\\\/es\\\/herbolario\\\/suplementos-energeticos\\\/yerba-mate-hojas-polvo-organico\\\/#breadcrumb\",\"itemListElement\":[{\"@type\":\"ListItem\",\"position\":1,\"name\":\"Home\",\"item\":\"https:\\\/\\\/dutchmicrodosing.com\\\/es\\\/\"},{\"@type\":\"ListItem\",\"position\":2,\"name\":\"Tienda\",\"item\":\"https:\\\/\\\/dutchmicrodosing.com\\\/es\\\/tienda\\\/\"},{\"@type\":\"ListItem\",\"position\":3,\"name\":\"Yerba mate en polvo bio\"}]},{\"@type\":\"WebSite\",\"@id\":\"https:\\\/\\\/dutchmicrodosing.com\\\/es\\\/#website\",\"url\":\"https:\\\/\\\/dutchmicrodosing.com\\\/es\\\/\",\"name\":\"Dutchmicrodosing\",\"description\":\"\",\"publisher\":{\"@id\":\"https:\\\/\\\/dutchmicrodosing.com\\\/es\\\/#organization\"},\"potentialAction\":[{\"@type\":\"SearchAction\",\"target\":{\"@type\":\"EntryPoint\",\"urlTemplate\":\"https:\\\/\\\/dutchmicrodosing.com\\\/es\\\/?s={search_term_string}\"},\"query-input\":{\"@type\":\"PropertyValueSpecification\",\"valueRequired\":true,\"valueName\":\"search_term_string\"}}],\"inLanguage\":\"es\"},{\"@type\":\"Organization\",\"@id\":\"https:\\\/\\\/dutchmicrodosing.com\\\/es\\\/#organization\",\"name\":\"Dutchmicrodosing\",\"url\":\"https:\\\/\\\/dutchmicrodosing.com\\\/es\\\/\",\"logo\":{\"@type\":\"ImageObject\",\"inLanguage\":\"es\",\"@id\":\"https:\\\/\\\/dutchmicrodosing.com\\\/es\\\/#\\\/schema\\\/logo\\\/image\\\/\",\"url\":\"https:\\\/\\\/dutchmicrodosing.com\\\/wp-content\\\/uploads\\\/2021\\\/01\\\/microdosing-categorie-pic-nieuw.jpg\",\"contentUrl\":\"https:\\\/\\\/dutchmicrodosing.com\\\/wp-content\\\/uploads\\\/2021\\\/01\\\/microdosing-categorie-pic-nieuw.jpg\",\"width\":500,\"height\":500,\"caption\":\"Dutchmicrodosing\"},\"image\":{\"@id\":\"https:\\\/\\\/dutchmicrodosing.com\\\/es\\\/#\\\/schema\\\/logo\\\/image\\\/\"},\"sameAs\":[\"https:\\\/\\\/www.facebook.com\\\/Dutchmicrodosingxp\\\/\",\"https:\\\/\\\/www.instagram.com\\\/dutchmicrodosing\\\/\"]}]}<\/script>\n<meta property=\"product:price:amount\" content=\"6.95\" \/>\n<meta property=\"product:price:currency\" content=\"EUR\" \/>\n<meta property=\"og:availability\" content=\"instock\" \/>\n<meta property=\"product:availability\" content=\"instock\" \/>\n<meta property=\"product:retailer_item_id\" content=\"3211235\" \/>\n<meta property=\"product:condition\" content=\"new\" \/>\n<!-- \/ Yoast SEO Premium plugin. -->","yoast_head_json":{"title":"Yerba mate en polvo bio - Dutchmicrodosing","description":"La yerba mate est\u00e1 profundamente arraigada en la cultura de Sudam\u00e9rica, donde se consume desde hace siglos. Esta variedad de t\u00e9, popular en Argentina, Paraguay...","robots":{"index":"index","follow":"follow","max-snippet":"max-snippet:-1","max-image-preview":"max-image-preview:large","max-video-preview":"max-video-preview:-1"},"canonical":"https:\/\/dutchmicrodosing.com\/es\/herbolario\/suplementos-energeticos\/yerba-mate-hojas-polvo-organico\/","og_locale":"es_ES","og_type":"article","og_title":"Yerba mate en polvo bio","og_description":"La yerba mate est\u00e1 profundamente arraigada en la cultura de Sudam\u00e9rica, donde se consume desde hace siglos. Este t\u00e9, popular en Argentina, Paraguay,","og_url":"https:\/\/dutchmicrodosing.com\/es\/herbolario\/suplementos-energeticos\/yerba-mate-hojas-polvo-organico\/","og_site_name":"Dutchmicrodosing","article_publisher":"https:\/\/www.facebook.com\/Dutchmicrodosingxp\/","article_modified_time":"2025-09-23T07:26:54+00:00","og_image":[{"width":500,"height":500,"url":"https:\/\/dutchmicrodosing.com\/wp-content\/uploads\/2023\/11\/yerba.png","type":"image\/png"}],"twitter_card":"summary_large_image","schema":{"@context":"https:\/\/schema.org","@graph":[{"@type":"WebPage","@id":"https:\/\/dutchmicrodosing.com\/es\/herbolario\/suplementos-energeticos\/yerba-mate-hojas-polvo-organico\/","url":"https:\/\/dutchmicrodosing.com\/es\/herbolario\/suplementos-energeticos\/yerba-mate-hojas-polvo-organico\/","name":"Yerba mate en polvo bio - Dutchmicrodosing","isPartOf":{"@id":"https:\/\/dutchmicrodosing.com\/es\/#website"},"primaryImageOfPage":{"@id":"https:\/\/dutchmicrodosing.com\/es\/herbolario\/suplementos-energeticos\/yerba-mate-hojas-polvo-organico\/#primaryimage"},"image":{"@id":"https:\/\/dutchmicrodosing.com\/es\/herbolario\/suplementos-energeticos\/yerba-mate-hojas-polvo-organico\/#primaryimage"},"thumbnailUrl":"https:\/\/dutchmicrodosing.com\/wp-content\/uploads\/2023\/11\/yerba.png","datePublished":"2023-11-13T09:08:55+00:00","dateModified":"2025-09-23T07:26:54+00:00","description":"La yerba mate est\u00e1 profundamente arraigada en la cultura de Sudam\u00e9rica, donde se consume desde hace siglos. Esta variedad de t\u00e9, popular en Argentina, Paraguay...","breadcrumb":{"@id":"https:\/\/dutchmicrodosing.com\/es\/herbolario\/suplementos-energeticos\/yerba-mate-hojas-polvo-organico\/#breadcrumb"},"inLanguage":"es","potentialAction":[{"@type":"ReadAction","target":["https:\/\/dutchmicrodosing.com\/es\/herbolario\/suplementos-energeticos\/yerba-mate-hojas-polvo-organico\/"]}]},{"@type":"ImageObject","inLanguage":"es","@id":"https:\/\/dutchmicrodosing.com\/es\/herbolario\/suplementos-energeticos\/yerba-mate-hojas-polvo-organico\/#primaryimage","url":"https:\/\/dutchmicrodosing.com\/wp-content\/uploads\/2023\/11\/yerba.png","contentUrl":"https:\/\/dutchmicrodosing.com\/wp-content\/uploads\/2023\/11\/yerba.png","width":500,"height":500},{"@type":"BreadcrumbList","@id":"https:\/\/dutchmicrodosing.com\/es\/herbolario\/suplementos-energeticos\/yerba-mate-hojas-polvo-organico\/#breadcrumb","itemListElement":[{"@type":"ListItem","position":1,"name":"Home","item":"https:\/\/dutchmicrodosing.com\/es\/"},{"@type":"ListItem","position":2,"name":"Tienda","item":"https:\/\/dutchmicrodosing.com\/es\/tienda\/"},{"@type":"ListItem","position":3,"name":"Yerba mate en polvo bio"}]},{"@type":"WebSite","@id":"https:\/\/dutchmicrodosing.com\/es\/#website","url":"https:\/\/dutchmicrodosing.com\/es\/","name":"Dutchmicrodosing","description":"","publisher":{"@id":"https:\/\/dutchmicrodosing.com\/es\/#organization"},"potentialAction":[{"@type":"SearchAction","target":{"@type":"EntryPoint","urlTemplate":"https:\/\/dutchmicrodosing.com\/es\/?s={search_term_string}"},"query-input":{"@type":"PropertyValueSpecification","valueRequired":true,"valueName":"search_term_string"}}],"inLanguage":"es"},{"@type":"Organization","@id":"https:\/\/dutchmicrodosing.com\/es\/#organization","name":"Dutchmicrodosing","url":"https:\/\/dutchmicrodosing.com\/es\/","logo":{"@type":"ImageObject","inLanguage":"es","@id":"https:\/\/dutchmicrodosing.com\/es\/#\/schema\/logo\/image\/","url":"https:\/\/dutchmicrodosing.com\/wp-content\/uploads\/2021\/01\/microdosing-categorie-pic-nieuw.jpg","contentUrl":"https:\/\/dutchmicrodosing.com\/wp-content\/uploads\/2021\/01\/microdosing-categorie-pic-nieuw.jpg","width":500,"height":500,"caption":"Dutchmicrodosing"},"image":{"@id":"https:\/\/dutchmicrodosing.com\/es\/#\/schema\/logo\/image\/"},"sameAs":["https:\/\/www.facebook.com\/Dutchmicrodosingxp\/","https:\/\/www.instagram.com\/dutchmicrodosing\/"]}]},"product_price_amount":"6.95","product_price_currency":"EUR","og_availability":"instock","product_availability":"instock","product_retailer_item_id":"3211235","product_condition":"new"},"_links":{"self":[{"href":"https:\/\/dutchmicrodosing.com\/es\/wp-json\/wp\/v2\/product\/31204","targetHints":{"allow":["GET"]}}],"collection":[{"href":"https:\/\/dutchmicrodosing.com\/es\/wp-json\/wp\/v2\/product"}],"about":[{"href":"https:\/\/dutchmicrodosing.com\/es\/wp-json\/wp\/v2\/types\/product"}],"replies":[{"embeddable":true,"href":"https:\/\/dutchmicrodosing.com\/es\/wp-json\/wp\/v2\/comments?post=31204"}],"version-history":[{"count":0,"href":"https:\/\/dutchmicrodosing.com\/es\/wp-json\/wp\/v2\/product\/31204\/revisions"}],"wp:featuredmedia":[{"embeddable":true,"href":"https:\/\/dutchmicrodosing.com\/es\/wp-json\/wp\/v2\/media\/31198"}],"wp:attachment":[{"href":"https:\/\/dutchmicrodosing.com\/es\/wp-json\/wp\/v2\/media?parent=31204"}],"wp:term":[{"taxonomy":"product_brand","embeddable":true,"href":"https:\/\/dutchmicrodosing.com\/es\/wp-json\/wp\/v2\/product_brand?post=31204"},{"taxonomy":"product_cat","embeddable":true,"href":"https:\/\/dutchmicrodosing.com\/es\/wp-json\/wp\/v2\/product_cat?post=31204"},{"taxonomy":"product_tag","embeddable":true,"href":"https:\/\/dutchmicrodosing.com\/es\/wp-json\/wp\/v2\/product_tag?post=31204"}],"curies":[{"name":"wp","href":"https:\/\/api.w.org\/{rel}","templated":true}]}}