{"id":31983,"date":"2023-11-15T01:40:37","date_gmt":"2023-11-16T19:58:47","guid":{"rendered":"https:\/\/dutchmicrodosing.com\/shop\/sin%20categor\u00eda\/brain-e\/"},"modified":"2025-02-20T14:20:49","modified_gmt":"2025-02-20T13:20:49","slug":"brain-e","status":"publish","type":"product","link":"https:\/\/dutchmicrodosing.com\/es\/herbolario\/suplementos-para-la-concentracion\/brain-e\/","title":{"rendered":"Cerebro-E"},"content":{"rendered":"<p><strong>Brain-E Happy Caps<\/strong> favorece la atenci\u00f3n, la concentraci\u00f3n y el pensamiento creativo. Estas c\u00e1psulas de hierbas son ideales para una larga sesi\u00f3n de estudio y o proyectos que a menudo tienen una fecha l\u00edmite adjunta. Con el Brain-E, todos los plazos se cumplir\u00e1n gracias a la concentraci\u00f3n y el enfoque. Memorizar informaci\u00f3n y procesarla en papel es mucho m\u00e1s f\u00e1cil con el uso de Brain-E Happy Caps. Este potenciador cerebral funciona mejor durante largas sesiones de estudio u otras situaciones en las que necesite mantener la atenci\u00f3n durante periodos de tiempo prolongados. \u00a1Entrega tu trabajo o tarea de estudio a tiempo con las Happy Caps de Brain-E!<\/p>\n<h3>Ingredientes<\/h3>\n<p>Extracto de Rhodolia rosea 100mg, l-tript\u00f3fano 100mg, colina 100mg, DMAE 75mg, gaba 75mg, niacina 15mg, l-teanina 60mg, cafe\u00edna 25mg, Gaba 75mg, l-carnitina 50mg, estearato de magnesio, hidroxipropilmetilcelulosa (c\u00e1psula vegetal).<\/p>\n<h3>Utilice<\/h3>\n<p>Tomar de 1 a 2 c\u00e1psulas unos 45 minutos antes del efecto deseado. No supere la dosis m\u00e1xima de 2 c\u00e1psulas en 24 horas.<\/p>\n<h3>Consejos para el almacenamiento<\/h3>\n<p>Guarde este producto en un lugar fresco y oscuro, como un armario de cocina, y fuera del alcance de los ni\u00f1os.<\/p>\n<h3>Contenido<\/h3>\n<p>Happy Caps Brain-E (Energ\u00eda y Concentraci\u00f3n) &#8211; 4 c\u00e1psulas.<\/p>\n<h3>Advertencia<\/h3>\n<p>No combine Brain-E Happy Caps con otros ISRS (Seroxat, Prozac) o IMAO. Consulte siempre primero a su m\u00e9dico y lea el prospecto de su medicamento para evitar riesgos para la salud. Adem\u00e1s, no utilice Brain-E Happy Caps si est\u00e1 embarazada o en per\u00edodo de lactancia.<\/p>\n","protected":false},"excerpt":{"rendered":"<p>Brain-E Happy Caps favorece la atenci\u00f3n, la concentraci\u00f3n y el pensamiento creativo. Estas c\u00e1psulas de hierbas son ideales para una larga sesi\u00f3n de estudio y o proyectos que a menudo tienen una fecha l\u00edmite adjunta. Con el Brain-E, todos los plazos se cumplir\u00e1n gracias a la concentraci\u00f3n y el enfoque. Memorizar informaci\u00f3n y procesarla en [&hellip;]<\/p>\n","protected":false},"featured_media":31619,"comment_status":"closed","ping_status":"closed","template":"","meta":[],"product_brand":[],"product_cat":[324],"product_tag":[],"class_list":{"0":"post-31983","1":"product","2":"type-product","3":"status-publish","4":"has-post-thumbnail","6":"product_cat-suplementos-para-la-concentracion","8":"first","9":"outofstock","10":"taxable","11":"shipping-taxable","12":"purchasable","13":"product-type-simple"},"yoast_head":"<!-- This site is optimized with the Yoast SEO Premium plugin v26.4 (Yoast SEO v27.2) - https:\/\/yoast.com\/product\/yoast-seo-premium-wordpress\/ -->\n<title>Cerebro-E - Dutchmicrodosing<\/title>\n<meta name=\"description\" content=\"Brain-E Happy Caps favorece la atenci\u00f3n, la concentraci\u00f3n y el pensamiento creativo. Estas c\u00e1psulas de hierbas son ideales para largas sesiones de estudio,\" \/>\n<meta name=\"robots\" content=\"index, follow, max-snippet:-1, max-image-preview:large, max-video-preview:-1\" \/>\n<link rel=\"canonical\" href=\"https:\/\/dutchmicrodosing.com\/es\/herbolario\/suplementos-para-la-concentracion\/brain-e\/\" \/>\n<meta property=\"og:locale\" content=\"es_ES\" \/>\n<meta property=\"og:type\" content=\"article\" \/>\n<meta property=\"og:title\" content=\"Cerebro-E\" \/>\n<meta property=\"og:description\" content=\"Brain-E Happy Caps favorece la atenci\u00f3n, la concentraci\u00f3n y el pensamiento creativo. Estas c\u00e1psulas de hierbas son ideales para una larga sesi\u00f3n de\" \/>\n<meta property=\"og:url\" content=\"https:\/\/dutchmicrodosing.com\/es\/herbolario\/suplementos-para-la-concentracion\/brain-e\/\" \/>\n<meta property=\"og:site_name\" content=\"Dutchmicrodosing\" \/>\n<meta property=\"article:publisher\" content=\"https:\/\/www.facebook.com\/Dutchmicrodosingxp\/\" \/>\n<meta property=\"article:modified_time\" content=\"2025-02-20T13:20:49+00:00\" \/>\n<meta property=\"og:image\" content=\"https:\/\/dutchmicrodosing.com\/wp-content\/uploads\/2023\/11\/happycaps-brain-e-2019.jpg\" \/>\n\t<meta property=\"og:image:width\" content=\"700\" \/>\n\t<meta property=\"og:image:height\" content=\"700\" \/>\n\t<meta property=\"og:image:type\" content=\"image\/jpeg\" \/>\n<meta name=\"twitter:card\" content=\"summary_large_image\" \/>\n<script type=\"application\/ld+json\" class=\"yoast-schema-graph\">{\"@context\":\"https:\/\/schema.org\",\"@graph\":[{\"@type\":\"WebPage\",\"@id\":\"https:\/\/dutchmicrodosing.com\/es\/herbolario\/suplementos-para-la-concentracion\/brain-e\/\",\"url\":\"https:\/\/dutchmicrodosing.com\/es\/herbolario\/suplementos-para-la-concentracion\/brain-e\/\",\"name\":\"Cerebro-E - Dutchmicrodosing\",\"isPartOf\":{\"@id\":\"https:\/\/dutchmicrodosing.com\/es\/#website\"},\"primaryImageOfPage\":{\"@id\":\"https:\/\/dutchmicrodosing.com\/es\/herbolario\/suplementos-para-la-concentracion\/brain-e\/#primaryimage\"},\"image\":{\"@id\":\"https:\/\/dutchmicrodosing.com\/es\/herbolario\/suplementos-para-la-concentracion\/brain-e\/#primaryimage\"},\"thumbnailUrl\":\"https:\/\/dutchmicrodosing.com\/wp-content\/uploads\/2023\/11\/happycaps-brain-e-2019.jpg\",\"datePublished\":\"2023-11-16T19:58:47+00:00\",\"dateModified\":\"2025-02-20T13:20:49+00:00\",\"description\":\"Brain-E Happy Caps favorece la atenci\u00f3n, la concentraci\u00f3n y el pensamiento creativo. Estas c\u00e1psulas de hierbas son ideales para largas sesiones de estudio,\",\"breadcrumb\":{\"@id\":\"https:\/\/dutchmicrodosing.com\/es\/herbolario\/suplementos-para-la-concentracion\/brain-e\/#breadcrumb\"},\"inLanguage\":\"es\",\"potentialAction\":[{\"@type\":\"ReadAction\",\"target\":[\"https:\/\/dutchmicrodosing.com\/es\/herbolario\/suplementos-para-la-concentracion\/brain-e\/\"]}]},{\"@type\":\"ImageObject\",\"inLanguage\":\"es\",\"@id\":\"https:\/\/dutchmicrodosing.com\/es\/herbolario\/suplementos-para-la-concentracion\/brain-e\/#primaryimage\",\"url\":\"https:\/\/dutchmicrodosing.com\/wp-content\/uploads\/2023\/11\/happycaps-brain-e-2019.jpg\",\"contentUrl\":\"https:\/\/dutchmicrodosing.com\/wp-content\/uploads\/2023\/11\/happycaps-brain-e-2019.jpg\",\"width\":700,\"height\":700},{\"@type\":\"BreadcrumbList\",\"@id\":\"https:\/\/dutchmicrodosing.com\/es\/herbolario\/suplementos-para-la-concentracion\/brain-e\/#breadcrumb\",\"itemListElement\":[{\"@type\":\"ListItem\",\"position\":1,\"name\":\"Home\",\"item\":\"https:\/\/dutchmicrodosing.com\/es\/\"},{\"@type\":\"ListItem\",\"position\":2,\"name\":\"Tienda\",\"item\":\"https:\/\/dutchmicrodosing.com\/es\/tienda\/\"},{\"@type\":\"ListItem\",\"position\":3,\"name\":\"Cerebro-E\"}]},{\"@type\":\"WebSite\",\"@id\":\"https:\/\/dutchmicrodosing.com\/es\/#website\",\"url\":\"https:\/\/dutchmicrodosing.com\/es\/\",\"name\":\"Dutchmicrodosing\",\"description\":\"\",\"publisher\":{\"@id\":\"https:\/\/dutchmicrodosing.com\/es\/#organization\"},\"potentialAction\":[{\"@type\":\"SearchAction\",\"target\":{\"@type\":\"EntryPoint\",\"urlTemplate\":\"https:\/\/dutchmicrodosing.com\/es\/?s={search_term_string}\"},\"query-input\":{\"@type\":\"PropertyValueSpecification\",\"valueRequired\":true,\"valueName\":\"search_term_string\"}}],\"inLanguage\":\"es\"},{\"@type\":\"Organization\",\"@id\":\"https:\/\/dutchmicrodosing.com\/es\/#organization\",\"name\":\"Dutchmicrodosing\",\"url\":\"https:\/\/dutchmicrodosing.com\/es\/\",\"logo\":{\"@type\":\"ImageObject\",\"inLanguage\":\"es\",\"@id\":\"https:\/\/dutchmicrodosing.com\/es\/#\/schema\/logo\/image\/\",\"url\":\"https:\/\/dutchmicrodosing.com\/wp-content\/uploads\/2021\/01\/microdosing-categorie-pic-nieuw.jpg\",\"contentUrl\":\"https:\/\/dutchmicrodosing.com\/wp-content\/uploads\/2021\/01\/microdosing-categorie-pic-nieuw.jpg\",\"width\":500,\"height\":500,\"caption\":\"Dutchmicrodosing\"},\"image\":{\"@id\":\"https:\/\/dutchmicrodosing.com\/es\/#\/schema\/logo\/image\/\"},\"sameAs\":[\"https:\/\/www.facebook.com\/Dutchmicrodosingxp\/\",\"https:\/\/www.instagram.com\/dutchmicrodosing\/\"]}]}<\/script>\n<meta property=\"product:price:amount\" content=\"8.95\" \/>\n<meta property=\"product:price:currency\" content=\"EUR\" \/>\n<meta property=\"og:availability\" content=\"out of stock\" \/>\n<meta property=\"product:availability\" content=\"out of stock\" \/>\n<meta property=\"product:retailer_item_id\" content=\"8101712\" \/>\n<meta property=\"product:condition\" content=\"new\" \/>\n<!-- \/ Yoast SEO Premium plugin. -->","yoast_head_json":{"title":"Cerebro-E - Dutchmicrodosing","description":"Brain-E Happy Caps favorece la atenci\u00f3n, la concentraci\u00f3n y el pensamiento creativo. Estas c\u00e1psulas de hierbas son ideales para largas sesiones de estudio,","robots":{"index":"index","follow":"follow","max-snippet":"max-snippet:-1","max-image-preview":"max-image-preview:large","max-video-preview":"max-video-preview:-1"},"canonical":"https:\/\/dutchmicrodosing.com\/es\/herbolario\/suplementos-para-la-concentracion\/brain-e\/","og_locale":"es_ES","og_type":"article","og_title":"Cerebro-E","og_description":"Brain-E Happy Caps favorece la atenci\u00f3n, la concentraci\u00f3n y el pensamiento creativo. Estas c\u00e1psulas de hierbas son ideales para una larga sesi\u00f3n de","og_url":"https:\/\/dutchmicrodosing.com\/es\/herbolario\/suplementos-para-la-concentracion\/brain-e\/","og_site_name":"Dutchmicrodosing","article_publisher":"https:\/\/www.facebook.com\/Dutchmicrodosingxp\/","article_modified_time":"2025-02-20T13:20:49+00:00","og_image":[{"width":700,"height":700,"url":"https:\/\/dutchmicrodosing.com\/wp-content\/uploads\/2023\/11\/happycaps-brain-e-2019.jpg","type":"image\/jpeg"}],"twitter_card":"summary_large_image","schema":{"@context":"https:\/\/schema.org","@graph":[{"@type":"WebPage","@id":"https:\/\/dutchmicrodosing.com\/es\/herbolario\/suplementos-para-la-concentracion\/brain-e\/","url":"https:\/\/dutchmicrodosing.com\/es\/herbolario\/suplementos-para-la-concentracion\/brain-e\/","name":"Cerebro-E - Dutchmicrodosing","isPartOf":{"@id":"https:\/\/dutchmicrodosing.com\/es\/#website"},"primaryImageOfPage":{"@id":"https:\/\/dutchmicrodosing.com\/es\/herbolario\/suplementos-para-la-concentracion\/brain-e\/#primaryimage"},"image":{"@id":"https:\/\/dutchmicrodosing.com\/es\/herbolario\/suplementos-para-la-concentracion\/brain-e\/#primaryimage"},"thumbnailUrl":"https:\/\/dutchmicrodosing.com\/wp-content\/uploads\/2023\/11\/happycaps-brain-e-2019.jpg","datePublished":"2023-11-16T19:58:47+00:00","dateModified":"2025-02-20T13:20:49+00:00","description":"Brain-E Happy Caps favorece la atenci\u00f3n, la concentraci\u00f3n y el pensamiento creativo. Estas c\u00e1psulas de hierbas son ideales para largas sesiones de estudio,","breadcrumb":{"@id":"https:\/\/dutchmicrodosing.com\/es\/herbolario\/suplementos-para-la-concentracion\/brain-e\/#breadcrumb"},"inLanguage":"es","potentialAction":[{"@type":"ReadAction","target":["https:\/\/dutchmicrodosing.com\/es\/herbolario\/suplementos-para-la-concentracion\/brain-e\/"]}]},{"@type":"ImageObject","inLanguage":"es","@id":"https:\/\/dutchmicrodosing.com\/es\/herbolario\/suplementos-para-la-concentracion\/brain-e\/#primaryimage","url":"https:\/\/dutchmicrodosing.com\/wp-content\/uploads\/2023\/11\/happycaps-brain-e-2019.jpg","contentUrl":"https:\/\/dutchmicrodosing.com\/wp-content\/uploads\/2023\/11\/happycaps-brain-e-2019.jpg","width":700,"height":700},{"@type":"BreadcrumbList","@id":"https:\/\/dutchmicrodosing.com\/es\/herbolario\/suplementos-para-la-concentracion\/brain-e\/#breadcrumb","itemListElement":[{"@type":"ListItem","position":1,"name":"Home","item":"https:\/\/dutchmicrodosing.com\/es\/"},{"@type":"ListItem","position":2,"name":"Tienda","item":"https:\/\/dutchmicrodosing.com\/es\/tienda\/"},{"@type":"ListItem","position":3,"name":"Cerebro-E"}]},{"@type":"WebSite","@id":"https:\/\/dutchmicrodosing.com\/es\/#website","url":"https:\/\/dutchmicrodosing.com\/es\/","name":"Dutchmicrodosing","description":"","publisher":{"@id":"https:\/\/dutchmicrodosing.com\/es\/#organization"},"potentialAction":[{"@type":"SearchAction","target":{"@type":"EntryPoint","urlTemplate":"https:\/\/dutchmicrodosing.com\/es\/?s={search_term_string}"},"query-input":{"@type":"PropertyValueSpecification","valueRequired":true,"valueName":"search_term_string"}}],"inLanguage":"es"},{"@type":"Organization","@id":"https:\/\/dutchmicrodosing.com\/es\/#organization","name":"Dutchmicrodosing","url":"https:\/\/dutchmicrodosing.com\/es\/","logo":{"@type":"ImageObject","inLanguage":"es","@id":"https:\/\/dutchmicrodosing.com\/es\/#\/schema\/logo\/image\/","url":"https:\/\/dutchmicrodosing.com\/wp-content\/uploads\/2021\/01\/microdosing-categorie-pic-nieuw.jpg","contentUrl":"https:\/\/dutchmicrodosing.com\/wp-content\/uploads\/2021\/01\/microdosing-categorie-pic-nieuw.jpg","width":500,"height":500,"caption":"Dutchmicrodosing"},"image":{"@id":"https:\/\/dutchmicrodosing.com\/es\/#\/schema\/logo\/image\/"},"sameAs":["https:\/\/www.facebook.com\/Dutchmicrodosingxp\/","https:\/\/www.instagram.com\/dutchmicrodosing\/"]}]},"product_price_amount":"8.95","product_price_currency":"EUR","og_availability":"out of stock","product_availability":"out of stock","product_retailer_item_id":"8101712","product_condition":"new"},"_links":{"self":[{"href":"https:\/\/dutchmicrodosing.com\/es\/wp-json\/wp\/v2\/product\/31983","targetHints":{"allow":["GET"]}}],"collection":[{"href":"https:\/\/dutchmicrodosing.com\/es\/wp-json\/wp\/v2\/product"}],"about":[{"href":"https:\/\/dutchmicrodosing.com\/es\/wp-json\/wp\/v2\/types\/product"}],"replies":[{"embeddable":true,"href":"https:\/\/dutchmicrodosing.com\/es\/wp-json\/wp\/v2\/comments?post=31983"}],"version-history":[{"count":0,"href":"https:\/\/dutchmicrodosing.com\/es\/wp-json\/wp\/v2\/product\/31983\/revisions"}],"wp:featuredmedia":[{"embeddable":true,"href":"https:\/\/dutchmicrodosing.com\/es\/wp-json\/wp\/v2\/media\/31619"}],"wp:attachment":[{"href":"https:\/\/dutchmicrodosing.com\/es\/wp-json\/wp\/v2\/media?parent=31983"}],"wp:term":[{"taxonomy":"product_brand","embeddable":true,"href":"https:\/\/dutchmicrodosing.com\/es\/wp-json\/wp\/v2\/product_brand?post=31983"},{"taxonomy":"product_cat","embeddable":true,"href":"https:\/\/dutchmicrodosing.com\/es\/wp-json\/wp\/v2\/product_cat?post=31983"},{"taxonomy":"product_tag","embeddable":true,"href":"https:\/\/dutchmicrodosing.com\/es\/wp-json\/wp\/v2\/product_tag?post=31983"}],"curies":[{"name":"wp","href":"https:\/\/api.w.org\/{rel}","templated":true}]}}