{"id":31988,"date":"2023-11-16T12:43:36","date_gmt":"2023-11-16T11:43:36","guid":{"rendered":"https:\/\/dutchmicrodosing.com\/shop\/sin%20categor\u00eda\/damiana-11-extracto-turnera-diffusa\/"},"modified":"2025-09-05T19:18:06","modified_gmt":"2025-09-05T17:18:06","slug":"damiana-11-extracto-turnera-diffusa","status":"publish","type":"product","link":"https:\/\/dutchmicrodosing.com\/es\/herbolario\/suplementos-relaxt\/damiana-11-extracto-turnera-diffusa\/","title":{"rendered":"Damiana 1:1 Extracto &#8211; Turnera Diffusa"},"content":{"rendered":"<p>La <strong>damiana (Turnera diffusa)<\/strong> es una hierba conocida por sus efectos afrodis\u00edacos desde hace m\u00e1s de mil a\u00f1os. Tradicionalmente ha sido muy utilizada por los pueblos ind\u00edgenas de Am\u00e9rica Central y del Sur, incluidos los mayas, que empleaban la hierba para tratar la p\u00e9rdida de equilibrio y los mareos. Los mexicanos preparaban un elixir de amor con Damiana mezclando las hojas con az\u00facar para suavizar el amargor. La damiana tambi\u00e9n se utiliza para relajarse y desconectar.<\/p>\n<h3>Ingredientes<\/h3>\n<p>Turnera diffusa (Damiana).<\/p>\n<h3>Utilice<\/h3>\n<p>No tomar m\u00e1s de 5 a 10 gotas bajo la lengua. Los suplementos no sustituyen a una dieta sana.<\/p>\n<h3>Efectos<\/h3>\n<ul>\n<li>Calmante<\/li>\n<li>Calmante<\/li>\n<li>Ligeramente euf\u00f3rico<\/li>\n<li>afrodis\u00edaco<\/li>\n<\/ul>\n<h3>Consejos de almacenamiento<\/h3>\n<p>Guarde este producto en un lugar oscuro y fresco, como un armario de cocina, y fuera del alcance de los ni\u00f1os.<\/p>\n<h3>Contenido<\/h3>\n<p>Global Herbs Mayorista de Damiana (Turnera diffusa) Extracto 1:1 &#8211; 10 ml.<\/p>\n<h3>\u00a1Atenci\u00f3n!<\/h3>\n<p>No utilizar con problemas de salud mental, tomando medicaci\u00f3n o durante el embarazo.<\/p>\n","protected":false},"excerpt":{"rendered":"<p>La damiana (Turnera diffusa) es una hierba conocida por sus efectos afrodis\u00edacos desde hace m\u00e1s de mil a\u00f1os. Tradicionalmente ha sido muy utilizada por los pueblos ind\u00edgenas de Am\u00e9rica Central y del Sur, incluidos los mayas, que empleaban la hierba para tratar la p\u00e9rdida de equilibrio y los mareos. Los mexicanos preparaban un elixir de [&hellip;]<\/p>\n","protected":false},"featured_media":31697,"comment_status":"closed","ping_status":"closed","template":"","meta":[],"product_brand":[],"product_cat":[303],"product_tag":[],"class_list":{"0":"post-31988","1":"product","2":"type-product","3":"status-publish","4":"has-post-thumbnail","6":"product_cat-suplementos-relaxt","8":"first","9":"instock","10":"taxable","11":"shipping-taxable","12":"purchasable","13":"product-type-simple"},"yoast_head":"<!-- This site is optimized with the Yoast SEO Premium plugin v26.4 (Yoast SEO v27.4) - https:\/\/yoast.com\/product\/yoast-seo-premium-wordpress\/ -->\n<title>Damiana 1:1 Extracto - Turnera Diffusa - Dutchmicrodosing<\/title>\n<meta name=\"description\" content=\"La damiana (Turnera diffusa) es una hierba conocida por sus efectos afrodis\u00edacos desde hace m\u00e1s de mil a\u00f1os. Tradicionalmente ha sido muy utilizado por...\" \/>\n<meta name=\"robots\" content=\"index, follow, max-snippet:-1, max-image-preview:large, max-video-preview:-1\" \/>\n<link rel=\"canonical\" href=\"https:\/\/dutchmicrodosing.com\/es\/herbolario\/suplementos-relaxt\/damiana-11-extracto-turnera-diffusa\/\" \/>\n<meta property=\"og:locale\" content=\"es_ES\" \/>\n<meta property=\"og:type\" content=\"article\" \/>\n<meta property=\"og:title\" content=\"Damiana 1:1 Extracto - Turnera Diffusa\" \/>\n<meta property=\"og:description\" content=\"La damiana (Turnera diffusa) es una hierba conocida por sus efectos afrodis\u00edacos desde hace m\u00e1s de mil a\u00f1os. Tradicionalmente ha sido muy utilizada por\" \/>\n<meta property=\"og:url\" content=\"https:\/\/dutchmicrodosing.com\/es\/herbolario\/suplementos-relaxt\/damiana-11-extracto-turnera-diffusa\/\" \/>\n<meta property=\"og:site_name\" content=\"Dutchmicrodosing\" \/>\n<meta property=\"article:publisher\" content=\"https:\/\/www.facebook.com\/Dutchmicrodosingxp\/\" \/>\n<meta property=\"article:modified_time\" content=\"2025-09-05T17:18:06+00:00\" \/>\n<meta property=\"og:image\" content=\"https:\/\/dutchmicrodosing.com\/wp-content\/uploads\/2023\/11\/damiana-extract-turnera.jpg\" \/>\n\t<meta property=\"og:image:width\" content=\"500\" \/>\n\t<meta property=\"og:image:height\" content=\"500\" \/>\n\t<meta property=\"og:image:type\" content=\"image\/jpeg\" \/>\n<meta name=\"twitter:card\" content=\"summary_large_image\" \/>\n<script type=\"application\/ld+json\" class=\"yoast-schema-graph\">{\"@context\":\"https:\\\/\\\/schema.org\",\"@graph\":[{\"@type\":\"WebPage\",\"@id\":\"https:\\\/\\\/dutchmicrodosing.com\\\/es\\\/herbolario\\\/suplementos-relaxt\\\/damiana-11-extracto-turnera-diffusa\\\/\",\"url\":\"https:\\\/\\\/dutchmicrodosing.com\\\/es\\\/herbolario\\\/suplementos-relaxt\\\/damiana-11-extracto-turnera-diffusa\\\/\",\"name\":\"Damiana 1:1 Extracto - Turnera Diffusa - Dutchmicrodosing\",\"isPartOf\":{\"@id\":\"https:\\\/\\\/dutchmicrodosing.com\\\/es\\\/#website\"},\"primaryImageOfPage\":{\"@id\":\"https:\\\/\\\/dutchmicrodosing.com\\\/es\\\/herbolario\\\/suplementos-relaxt\\\/damiana-11-extracto-turnera-diffusa\\\/#primaryimage\"},\"image\":{\"@id\":\"https:\\\/\\\/dutchmicrodosing.com\\\/es\\\/herbolario\\\/suplementos-relaxt\\\/damiana-11-extracto-turnera-diffusa\\\/#primaryimage\"},\"thumbnailUrl\":\"https:\\\/\\\/dutchmicrodosing.com\\\/wp-content\\\/uploads\\\/2023\\\/11\\\/damiana-extract-turnera.jpg\",\"datePublished\":\"2023-11-16T11:43:36+00:00\",\"dateModified\":\"2025-09-05T17:18:06+00:00\",\"description\":\"La damiana (Turnera diffusa) es una hierba conocida por sus efectos afrodis\u00edacos desde hace m\u00e1s de mil a\u00f1os. Tradicionalmente ha sido muy utilizado por...\",\"breadcrumb\":{\"@id\":\"https:\\\/\\\/dutchmicrodosing.com\\\/es\\\/herbolario\\\/suplementos-relaxt\\\/damiana-11-extracto-turnera-diffusa\\\/#breadcrumb\"},\"inLanguage\":\"es\",\"potentialAction\":[{\"@type\":\"ReadAction\",\"target\":[\"https:\\\/\\\/dutchmicrodosing.com\\\/es\\\/herbolario\\\/suplementos-relaxt\\\/damiana-11-extracto-turnera-diffusa\\\/\"]}]},{\"@type\":\"ImageObject\",\"inLanguage\":\"es\",\"@id\":\"https:\\\/\\\/dutchmicrodosing.com\\\/es\\\/herbolario\\\/suplementos-relaxt\\\/damiana-11-extracto-turnera-diffusa\\\/#primaryimage\",\"url\":\"https:\\\/\\\/dutchmicrodosing.com\\\/wp-content\\\/uploads\\\/2023\\\/11\\\/damiana-extract-turnera.jpg\",\"contentUrl\":\"https:\\\/\\\/dutchmicrodosing.com\\\/wp-content\\\/uploads\\\/2023\\\/11\\\/damiana-extract-turnera.jpg\",\"width\":500,\"height\":500},{\"@type\":\"BreadcrumbList\",\"@id\":\"https:\\\/\\\/dutchmicrodosing.com\\\/es\\\/herbolario\\\/suplementos-relaxt\\\/damiana-11-extracto-turnera-diffusa\\\/#breadcrumb\",\"itemListElement\":[{\"@type\":\"ListItem\",\"position\":1,\"name\":\"Home\",\"item\":\"https:\\\/\\\/dutchmicrodosing.com\\\/es\\\/\"},{\"@type\":\"ListItem\",\"position\":2,\"name\":\"Tienda\",\"item\":\"https:\\\/\\\/dutchmicrodosing.com\\\/es\\\/tienda\\\/\"},{\"@type\":\"ListItem\",\"position\":3,\"name\":\"Damiana 1:1 Extracto &#8211; Turnera Diffusa\"}]},{\"@type\":\"WebSite\",\"@id\":\"https:\\\/\\\/dutchmicrodosing.com\\\/es\\\/#website\",\"url\":\"https:\\\/\\\/dutchmicrodosing.com\\\/es\\\/\",\"name\":\"Dutchmicrodosing\",\"description\":\"\",\"publisher\":{\"@id\":\"https:\\\/\\\/dutchmicrodosing.com\\\/es\\\/#organization\"},\"potentialAction\":[{\"@type\":\"SearchAction\",\"target\":{\"@type\":\"EntryPoint\",\"urlTemplate\":\"https:\\\/\\\/dutchmicrodosing.com\\\/es\\\/?s={search_term_string}\"},\"query-input\":{\"@type\":\"PropertyValueSpecification\",\"valueRequired\":true,\"valueName\":\"search_term_string\"}}],\"inLanguage\":\"es\"},{\"@type\":\"Organization\",\"@id\":\"https:\\\/\\\/dutchmicrodosing.com\\\/es\\\/#organization\",\"name\":\"Dutchmicrodosing\",\"url\":\"https:\\\/\\\/dutchmicrodosing.com\\\/es\\\/\",\"logo\":{\"@type\":\"ImageObject\",\"inLanguage\":\"es\",\"@id\":\"https:\\\/\\\/dutchmicrodosing.com\\\/es\\\/#\\\/schema\\\/logo\\\/image\\\/\",\"url\":\"https:\\\/\\\/dutchmicrodosing.com\\\/wp-content\\\/uploads\\\/2021\\\/01\\\/microdosing-categorie-pic-nieuw.jpg\",\"contentUrl\":\"https:\\\/\\\/dutchmicrodosing.com\\\/wp-content\\\/uploads\\\/2021\\\/01\\\/microdosing-categorie-pic-nieuw.jpg\",\"width\":500,\"height\":500,\"caption\":\"Dutchmicrodosing\"},\"image\":{\"@id\":\"https:\\\/\\\/dutchmicrodosing.com\\\/es\\\/#\\\/schema\\\/logo\\\/image\\\/\"},\"sameAs\":[\"https:\\\/\\\/www.facebook.com\\\/Dutchmicrodosingxp\\\/\",\"https:\\\/\\\/www.instagram.com\\\/dutchmicrodosing\\\/\"]}]}<\/script>\n<meta property=\"product:price:amount\" content=\"14.95\" \/>\n<meta property=\"product:price:currency\" content=\"EUR\" \/>\n<meta property=\"og:availability\" content=\"instock\" \/>\n<meta property=\"product:availability\" content=\"instock\" \/>\n<meta property=\"product:retailer_item_id\" content=\"0207321\" \/>\n<meta property=\"product:condition\" content=\"new\" \/>\n<!-- \/ Yoast SEO Premium plugin. -->","yoast_head_json":{"title":"Damiana 1:1 Extracto - Turnera Diffusa - Dutchmicrodosing","description":"La damiana (Turnera diffusa) es una hierba conocida por sus efectos afrodis\u00edacos desde hace m\u00e1s de mil a\u00f1os. Tradicionalmente ha sido muy utilizado por...","robots":{"index":"index","follow":"follow","max-snippet":"max-snippet:-1","max-image-preview":"max-image-preview:large","max-video-preview":"max-video-preview:-1"},"canonical":"https:\/\/dutchmicrodosing.com\/es\/herbolario\/suplementos-relaxt\/damiana-11-extracto-turnera-diffusa\/","og_locale":"es_ES","og_type":"article","og_title":"Damiana 1:1 Extracto - Turnera Diffusa","og_description":"La damiana (Turnera diffusa) es una hierba conocida por sus efectos afrodis\u00edacos desde hace m\u00e1s de mil a\u00f1os. Tradicionalmente ha sido muy utilizada por","og_url":"https:\/\/dutchmicrodosing.com\/es\/herbolario\/suplementos-relaxt\/damiana-11-extracto-turnera-diffusa\/","og_site_name":"Dutchmicrodosing","article_publisher":"https:\/\/www.facebook.com\/Dutchmicrodosingxp\/","article_modified_time":"2025-09-05T17:18:06+00:00","og_image":[{"width":500,"height":500,"url":"https:\/\/dutchmicrodosing.com\/wp-content\/uploads\/2023\/11\/damiana-extract-turnera.jpg","type":"image\/jpeg"}],"twitter_card":"summary_large_image","schema":{"@context":"https:\/\/schema.org","@graph":[{"@type":"WebPage","@id":"https:\/\/dutchmicrodosing.com\/es\/herbolario\/suplementos-relaxt\/damiana-11-extracto-turnera-diffusa\/","url":"https:\/\/dutchmicrodosing.com\/es\/herbolario\/suplementos-relaxt\/damiana-11-extracto-turnera-diffusa\/","name":"Damiana 1:1 Extracto - Turnera Diffusa - Dutchmicrodosing","isPartOf":{"@id":"https:\/\/dutchmicrodosing.com\/es\/#website"},"primaryImageOfPage":{"@id":"https:\/\/dutchmicrodosing.com\/es\/herbolario\/suplementos-relaxt\/damiana-11-extracto-turnera-diffusa\/#primaryimage"},"image":{"@id":"https:\/\/dutchmicrodosing.com\/es\/herbolario\/suplementos-relaxt\/damiana-11-extracto-turnera-diffusa\/#primaryimage"},"thumbnailUrl":"https:\/\/dutchmicrodosing.com\/wp-content\/uploads\/2023\/11\/damiana-extract-turnera.jpg","datePublished":"2023-11-16T11:43:36+00:00","dateModified":"2025-09-05T17:18:06+00:00","description":"La damiana (Turnera diffusa) es una hierba conocida por sus efectos afrodis\u00edacos desde hace m\u00e1s de mil a\u00f1os. Tradicionalmente ha sido muy utilizado por...","breadcrumb":{"@id":"https:\/\/dutchmicrodosing.com\/es\/herbolario\/suplementos-relaxt\/damiana-11-extracto-turnera-diffusa\/#breadcrumb"},"inLanguage":"es","potentialAction":[{"@type":"ReadAction","target":["https:\/\/dutchmicrodosing.com\/es\/herbolario\/suplementos-relaxt\/damiana-11-extracto-turnera-diffusa\/"]}]},{"@type":"ImageObject","inLanguage":"es","@id":"https:\/\/dutchmicrodosing.com\/es\/herbolario\/suplementos-relaxt\/damiana-11-extracto-turnera-diffusa\/#primaryimage","url":"https:\/\/dutchmicrodosing.com\/wp-content\/uploads\/2023\/11\/damiana-extract-turnera.jpg","contentUrl":"https:\/\/dutchmicrodosing.com\/wp-content\/uploads\/2023\/11\/damiana-extract-turnera.jpg","width":500,"height":500},{"@type":"BreadcrumbList","@id":"https:\/\/dutchmicrodosing.com\/es\/herbolario\/suplementos-relaxt\/damiana-11-extracto-turnera-diffusa\/#breadcrumb","itemListElement":[{"@type":"ListItem","position":1,"name":"Home","item":"https:\/\/dutchmicrodosing.com\/es\/"},{"@type":"ListItem","position":2,"name":"Tienda","item":"https:\/\/dutchmicrodosing.com\/es\/tienda\/"},{"@type":"ListItem","position":3,"name":"Damiana 1:1 Extracto &#8211; Turnera Diffusa"}]},{"@type":"WebSite","@id":"https:\/\/dutchmicrodosing.com\/es\/#website","url":"https:\/\/dutchmicrodosing.com\/es\/","name":"Dutchmicrodosing","description":"","publisher":{"@id":"https:\/\/dutchmicrodosing.com\/es\/#organization"},"potentialAction":[{"@type":"SearchAction","target":{"@type":"EntryPoint","urlTemplate":"https:\/\/dutchmicrodosing.com\/es\/?s={search_term_string}"},"query-input":{"@type":"PropertyValueSpecification","valueRequired":true,"valueName":"search_term_string"}}],"inLanguage":"es"},{"@type":"Organization","@id":"https:\/\/dutchmicrodosing.com\/es\/#organization","name":"Dutchmicrodosing","url":"https:\/\/dutchmicrodosing.com\/es\/","logo":{"@type":"ImageObject","inLanguage":"es","@id":"https:\/\/dutchmicrodosing.com\/es\/#\/schema\/logo\/image\/","url":"https:\/\/dutchmicrodosing.com\/wp-content\/uploads\/2021\/01\/microdosing-categorie-pic-nieuw.jpg","contentUrl":"https:\/\/dutchmicrodosing.com\/wp-content\/uploads\/2021\/01\/microdosing-categorie-pic-nieuw.jpg","width":500,"height":500,"caption":"Dutchmicrodosing"},"image":{"@id":"https:\/\/dutchmicrodosing.com\/es\/#\/schema\/logo\/image\/"},"sameAs":["https:\/\/www.facebook.com\/Dutchmicrodosingxp\/","https:\/\/www.instagram.com\/dutchmicrodosing\/"]}]},"product_price_amount":"14.95","product_price_currency":"EUR","og_availability":"instock","product_availability":"instock","product_retailer_item_id":"0207321","product_condition":"new"},"_links":{"self":[{"href":"https:\/\/dutchmicrodosing.com\/es\/wp-json\/wp\/v2\/product\/31988","targetHints":{"allow":["GET"]}}],"collection":[{"href":"https:\/\/dutchmicrodosing.com\/es\/wp-json\/wp\/v2\/product"}],"about":[{"href":"https:\/\/dutchmicrodosing.com\/es\/wp-json\/wp\/v2\/types\/product"}],"replies":[{"embeddable":true,"href":"https:\/\/dutchmicrodosing.com\/es\/wp-json\/wp\/v2\/comments?post=31988"}],"version-history":[{"count":0,"href":"https:\/\/dutchmicrodosing.com\/es\/wp-json\/wp\/v2\/product\/31988\/revisions"}],"wp:featuredmedia":[{"embeddable":true,"href":"https:\/\/dutchmicrodosing.com\/es\/wp-json\/wp\/v2\/media\/31697"}],"wp:attachment":[{"href":"https:\/\/dutchmicrodosing.com\/es\/wp-json\/wp\/v2\/media?parent=31988"}],"wp:term":[{"taxonomy":"product_brand","embeddable":true,"href":"https:\/\/dutchmicrodosing.com\/es\/wp-json\/wp\/v2\/product_brand?post=31988"},{"taxonomy":"product_cat","embeddable":true,"href":"https:\/\/dutchmicrodosing.com\/es\/wp-json\/wp\/v2\/product_cat?post=31988"},{"taxonomy":"product_tag","embeddable":true,"href":"https:\/\/dutchmicrodosing.com\/es\/wp-json\/wp\/v2\/product_tag?post=31988"}],"curies":[{"name":"wp","href":"https:\/\/api.w.org\/{rel}","templated":true}]}}