{"id":31994,"date":"2023-11-15T15:07:36","date_gmt":"2023-11-15T14:07:36","guid":{"rendered":"https:\/\/dutchmicrodosing.com\/shop\/sin%20categor\u00eda\/ashwaganda-11-extracto-whithania-somnifera\/"},"modified":"2026-02-19T00:47:34","modified_gmt":"2026-02-18T23:47:34","slug":"ashwaganda-11-extracto-whithania-somnifera","status":"publish","type":"product","link":"https:\/\/dutchmicrodosing.com\/es\/herbolario\/suplementos-para-la-concentracion\/ashwaganda-11-extracto-whithania-somnifera\/","title":{"rendered":"Extracto de Ashwaganda 1:1 &#8211; Whithania Somnifera"},"content":{"rendered":"<p><strong>La ashwagandha,<\/strong> tambi\u00e9n conocida como \u00abginseng indio\u00bb en Ayurveda, es muy apreciada por sus propiedades terap\u00e9uticas. Esta ra\u00edz es conocida por su multitud de efectos beneficiosos tanto para el cuerpo como para la mente. Se dice que la ashwagandha ayuda a retrasar el envejecimiento celular, mejora el estado de \u00e1nimo y aumenta la resistencia, adem\u00e1s de reforzar la memoria y las funciones cognitivas. El extracto 1:1 de Ashwagandha &#8211; Withania somnifera &#8211; tambi\u00e9n es conocido por su efecto calmante sobre la ansiedad y el estr\u00e9s, y act\u00faa como antiinflamatorio. Adem\u00e1s, esta ra\u00edz tiene un sutil efecto afrodis\u00edaco tanto para las mujeres como para los hombres. La ashwagandha se considera realmente un regalo de los dioses.<\/p>\n<h3>Ingredientes<\/h3>\n<p>Whithania somnifera (Ashwaganda)<\/p>\n<h3>Efectos<\/h3>\n<ul>\n<li>Ralentiza el proceso de envejecimiento<\/li>\n<li>Ligeramente afrodis\u00edaco<\/li>\n<li>Soporta memoria<\/li>\n<li>Estimula el proceso de pensamiento<\/li>\n<li>Alivia el estr\u00e9s, la ansiedad y la inflamaci\u00f3n<\/li>\n<li>Efecto antidepresivo<\/li>\n<\/ul>\n<h3>Utilice<\/h3>\n<p>No tomar m\u00e1s de 5 a 10 gotas bajo la lengua. Los suplementos no sustituyen a una dieta sana.<\/p>\n<h3>Consejos de almacenamiento<\/h3>\n<p>Guarde este producto en un lugar oscuro y fresco, como un armario de cocina, y fuera del alcance de los ni\u00f1os.<\/p>\n<h3>Contenido<\/h3>\n<p>Global Herbs Mayorista Ashwaganda (Whithania somnifera) Extracto 1:1 &#8211; 10 ml.<\/p>\n<h3>\u00a1Atenci\u00f3n!<\/h3>\n<p>No debe utilizarse en caso de problemas de salud mental, toma de medicamentos o durante el embarazo.<\/p>\n","protected":false},"excerpt":{"rendered":"<p>La ashwagandha, tambi\u00e9n conocida como \u00abginseng indio\u00bb en Ayurveda, es muy apreciada por sus propiedades terap\u00e9uticas. Esta ra\u00edz es conocida por su multitud de efectos beneficiosos tanto para el cuerpo como para la mente. Se dice que la ashwagandha ayuda a retrasar el envejecimiento celular, mejora el estado de \u00e1nimo y aumenta la resistencia, adem\u00e1s [&hellip;]<\/p>\n","protected":false},"featured_media":31663,"comment_status":"closed","ping_status":"closed","template":"","meta":[],"product_brand":[],"product_cat":[324,319],"product_tag":[],"class_list":{"0":"post-31994","1":"product","2":"type-product","3":"status-publish","4":"has-post-thumbnail","6":"product_cat-suplementos-para-la-concentracion","7":"product_cat-suplementos-para-la-creatividad","9":"first","10":"instock","11":"taxable","12":"shipping-taxable","13":"purchasable","14":"product-type-simple"},"yoast_head":"<!-- This site is optimized with the Yoast SEO Premium plugin v26.4 (Yoast SEO v27.4) - https:\/\/yoast.com\/product\/yoast-seo-premium-wordpress\/ -->\n<title>Extracto de Ashwaganda 1:1 - Whithania Somnifera - Dutchmicrodosing<\/title>\n<meta name=\"description\" content=\"La ashwagandha, tambi\u00e9n conocida como &quot;ginseng indio&quot; en Ayurveda, es muy apreciada por sus propiedades terap\u00e9uticas. Esta ra\u00edz es conocida por...\" \/>\n<meta name=\"robots\" content=\"index, follow, max-snippet:-1, max-image-preview:large, max-video-preview:-1\" \/>\n<link rel=\"canonical\" href=\"https:\/\/dutchmicrodosing.com\/es\/herbolario\/suplementos-para-la-concentracion\/ashwaganda-11-extracto-whithania-somnifera\/\" \/>\n<meta property=\"og:locale\" content=\"es_ES\" \/>\n<meta property=\"og:type\" content=\"article\" \/>\n<meta property=\"og:title\" content=\"Extracto de Ashwaganda 1:1 - Whithania Somnifera\" \/>\n<meta property=\"og:description\" content=\"La ashwagandha, tambi\u00e9n conocida como &quot;ginseng indio&quot; en Ayurveda, es muy apreciada por sus propiedades terap\u00e9uticas. Esta ra\u00edz es conocida por su\" \/>\n<meta property=\"og:url\" content=\"https:\/\/dutchmicrodosing.com\/es\/herbolario\/suplementos-para-la-concentracion\/ashwaganda-11-extracto-whithania-somnifera\/\" \/>\n<meta property=\"og:site_name\" content=\"Dutchmicrodosing\" \/>\n<meta property=\"article:publisher\" content=\"https:\/\/www.facebook.com\/Dutchmicrodosingxp\/\" \/>\n<meta property=\"article:modified_time\" content=\"2026-02-18T23:47:34+00:00\" \/>\n<meta property=\"og:image\" content=\"https:\/\/dutchmicrodosing.com\/wp-content\/uploads\/2023\/11\/ashwaganda-extract.jpg\" \/>\n\t<meta property=\"og:image:width\" content=\"500\" \/>\n\t<meta property=\"og:image:height\" content=\"500\" \/>\n\t<meta property=\"og:image:type\" content=\"image\/jpeg\" \/>\n<meta name=\"twitter:card\" content=\"summary_large_image\" \/>\n<script type=\"application\/ld+json\" class=\"yoast-schema-graph\">{\"@context\":\"https:\\\/\\\/schema.org\",\"@graph\":[{\"@type\":\"WebPage\",\"@id\":\"https:\\\/\\\/dutchmicrodosing.com\\\/es\\\/herbolario\\\/suplementos-para-la-concentracion\\\/ashwaganda-11-extracto-whithania-somnifera\\\/\",\"url\":\"https:\\\/\\\/dutchmicrodosing.com\\\/es\\\/herbolario\\\/suplementos-para-la-concentracion\\\/ashwaganda-11-extracto-whithania-somnifera\\\/\",\"name\":\"Extracto de Ashwaganda 1:1 - Whithania Somnifera - Dutchmicrodosing\",\"isPartOf\":{\"@id\":\"https:\\\/\\\/dutchmicrodosing.com\\\/es\\\/#website\"},\"primaryImageOfPage\":{\"@id\":\"https:\\\/\\\/dutchmicrodosing.com\\\/es\\\/herbolario\\\/suplementos-para-la-concentracion\\\/ashwaganda-11-extracto-whithania-somnifera\\\/#primaryimage\"},\"image\":{\"@id\":\"https:\\\/\\\/dutchmicrodosing.com\\\/es\\\/herbolario\\\/suplementos-para-la-concentracion\\\/ashwaganda-11-extracto-whithania-somnifera\\\/#primaryimage\"},\"thumbnailUrl\":\"https:\\\/\\\/dutchmicrodosing.com\\\/wp-content\\\/uploads\\\/2023\\\/11\\\/ashwaganda-extract.jpg\",\"datePublished\":\"2023-11-15T14:07:36+00:00\",\"dateModified\":\"2026-02-18T23:47:34+00:00\",\"description\":\"La ashwagandha, tambi\u00e9n conocida como \\\"ginseng indio\\\" en Ayurveda, es muy apreciada por sus propiedades terap\u00e9uticas. Esta ra\u00edz es conocida por...\",\"breadcrumb\":{\"@id\":\"https:\\\/\\\/dutchmicrodosing.com\\\/es\\\/herbolario\\\/suplementos-para-la-concentracion\\\/ashwaganda-11-extracto-whithania-somnifera\\\/#breadcrumb\"},\"inLanguage\":\"es\",\"potentialAction\":[{\"@type\":\"ReadAction\",\"target\":[\"https:\\\/\\\/dutchmicrodosing.com\\\/es\\\/herbolario\\\/suplementos-para-la-concentracion\\\/ashwaganda-11-extracto-whithania-somnifera\\\/\"]}]},{\"@type\":\"ImageObject\",\"inLanguage\":\"es\",\"@id\":\"https:\\\/\\\/dutchmicrodosing.com\\\/es\\\/herbolario\\\/suplementos-para-la-concentracion\\\/ashwaganda-11-extracto-whithania-somnifera\\\/#primaryimage\",\"url\":\"https:\\\/\\\/dutchmicrodosing.com\\\/wp-content\\\/uploads\\\/2023\\\/11\\\/ashwaganda-extract.jpg\",\"contentUrl\":\"https:\\\/\\\/dutchmicrodosing.com\\\/wp-content\\\/uploads\\\/2023\\\/11\\\/ashwaganda-extract.jpg\",\"width\":500,\"height\":500,\"caption\":\"ashwaganda\"},{\"@type\":\"BreadcrumbList\",\"@id\":\"https:\\\/\\\/dutchmicrodosing.com\\\/es\\\/herbolario\\\/suplementos-para-la-concentracion\\\/ashwaganda-11-extracto-whithania-somnifera\\\/#breadcrumb\",\"itemListElement\":[{\"@type\":\"ListItem\",\"position\":1,\"name\":\"Home\",\"item\":\"https:\\\/\\\/dutchmicrodosing.com\\\/es\\\/\"},{\"@type\":\"ListItem\",\"position\":2,\"name\":\"Tienda\",\"item\":\"https:\\\/\\\/dutchmicrodosing.com\\\/es\\\/tienda\\\/\"},{\"@type\":\"ListItem\",\"position\":3,\"name\":\"Extracto de Ashwaganda 1:1 &#8211; Whithania Somnifera\"}]},{\"@type\":\"WebSite\",\"@id\":\"https:\\\/\\\/dutchmicrodosing.com\\\/es\\\/#website\",\"url\":\"https:\\\/\\\/dutchmicrodosing.com\\\/es\\\/\",\"name\":\"Dutchmicrodosing\",\"description\":\"\",\"publisher\":{\"@id\":\"https:\\\/\\\/dutchmicrodosing.com\\\/es\\\/#organization\"},\"potentialAction\":[{\"@type\":\"SearchAction\",\"target\":{\"@type\":\"EntryPoint\",\"urlTemplate\":\"https:\\\/\\\/dutchmicrodosing.com\\\/es\\\/?s={search_term_string}\"},\"query-input\":{\"@type\":\"PropertyValueSpecification\",\"valueRequired\":true,\"valueName\":\"search_term_string\"}}],\"inLanguage\":\"es\"},{\"@type\":\"Organization\",\"@id\":\"https:\\\/\\\/dutchmicrodosing.com\\\/es\\\/#organization\",\"name\":\"Dutchmicrodosing\",\"url\":\"https:\\\/\\\/dutchmicrodosing.com\\\/es\\\/\",\"logo\":{\"@type\":\"ImageObject\",\"inLanguage\":\"es\",\"@id\":\"https:\\\/\\\/dutchmicrodosing.com\\\/es\\\/#\\\/schema\\\/logo\\\/image\\\/\",\"url\":\"https:\\\/\\\/dutchmicrodosing.com\\\/wp-content\\\/uploads\\\/2021\\\/01\\\/microdosing-categorie-pic-nieuw.jpg\",\"contentUrl\":\"https:\\\/\\\/dutchmicrodosing.com\\\/wp-content\\\/uploads\\\/2021\\\/01\\\/microdosing-categorie-pic-nieuw.jpg\",\"width\":500,\"height\":500,\"caption\":\"Dutchmicrodosing\"},\"image\":{\"@id\":\"https:\\\/\\\/dutchmicrodosing.com\\\/es\\\/#\\\/schema\\\/logo\\\/image\\\/\"},\"sameAs\":[\"https:\\\/\\\/www.facebook.com\\\/Dutchmicrodosingxp\\\/\",\"https:\\\/\\\/www.instagram.com\\\/dutchmicrodosing\\\/\"]}]}<\/script>\n<meta property=\"product:price:amount\" content=\"14.95\" \/>\n<meta property=\"product:price:currency\" content=\"EUR\" \/>\n<meta property=\"og:availability\" content=\"instock\" \/>\n<meta property=\"product:availability\" content=\"instock\" \/>\n<meta property=\"product:retailer_item_id\" content=\"0207834\" \/>\n<meta property=\"product:condition\" content=\"new\" \/>\n<!-- \/ Yoast SEO Premium plugin. -->","yoast_head_json":{"title":"Extracto de Ashwaganda 1:1 - Whithania Somnifera - Dutchmicrodosing","description":"La ashwagandha, tambi\u00e9n conocida como \"ginseng indio\" en Ayurveda, es muy apreciada por sus propiedades terap\u00e9uticas. Esta ra\u00edz es conocida por...","robots":{"index":"index","follow":"follow","max-snippet":"max-snippet:-1","max-image-preview":"max-image-preview:large","max-video-preview":"max-video-preview:-1"},"canonical":"https:\/\/dutchmicrodosing.com\/es\/herbolario\/suplementos-para-la-concentracion\/ashwaganda-11-extracto-whithania-somnifera\/","og_locale":"es_ES","og_type":"article","og_title":"Extracto de Ashwaganda 1:1 - Whithania Somnifera","og_description":"La ashwagandha, tambi\u00e9n conocida como \"ginseng indio\" en Ayurveda, es muy apreciada por sus propiedades terap\u00e9uticas. Esta ra\u00edz es conocida por su","og_url":"https:\/\/dutchmicrodosing.com\/es\/herbolario\/suplementos-para-la-concentracion\/ashwaganda-11-extracto-whithania-somnifera\/","og_site_name":"Dutchmicrodosing","article_publisher":"https:\/\/www.facebook.com\/Dutchmicrodosingxp\/","article_modified_time":"2026-02-18T23:47:34+00:00","og_image":[{"width":500,"height":500,"url":"https:\/\/dutchmicrodosing.com\/wp-content\/uploads\/2023\/11\/ashwaganda-extract.jpg","type":"image\/jpeg"}],"twitter_card":"summary_large_image","schema":{"@context":"https:\/\/schema.org","@graph":[{"@type":"WebPage","@id":"https:\/\/dutchmicrodosing.com\/es\/herbolario\/suplementos-para-la-concentracion\/ashwaganda-11-extracto-whithania-somnifera\/","url":"https:\/\/dutchmicrodosing.com\/es\/herbolario\/suplementos-para-la-concentracion\/ashwaganda-11-extracto-whithania-somnifera\/","name":"Extracto de Ashwaganda 1:1 - Whithania Somnifera - Dutchmicrodosing","isPartOf":{"@id":"https:\/\/dutchmicrodosing.com\/es\/#website"},"primaryImageOfPage":{"@id":"https:\/\/dutchmicrodosing.com\/es\/herbolario\/suplementos-para-la-concentracion\/ashwaganda-11-extracto-whithania-somnifera\/#primaryimage"},"image":{"@id":"https:\/\/dutchmicrodosing.com\/es\/herbolario\/suplementos-para-la-concentracion\/ashwaganda-11-extracto-whithania-somnifera\/#primaryimage"},"thumbnailUrl":"https:\/\/dutchmicrodosing.com\/wp-content\/uploads\/2023\/11\/ashwaganda-extract.jpg","datePublished":"2023-11-15T14:07:36+00:00","dateModified":"2026-02-18T23:47:34+00:00","description":"La ashwagandha, tambi\u00e9n conocida como \"ginseng indio\" en Ayurveda, es muy apreciada por sus propiedades terap\u00e9uticas. Esta ra\u00edz es conocida por...","breadcrumb":{"@id":"https:\/\/dutchmicrodosing.com\/es\/herbolario\/suplementos-para-la-concentracion\/ashwaganda-11-extracto-whithania-somnifera\/#breadcrumb"},"inLanguage":"es","potentialAction":[{"@type":"ReadAction","target":["https:\/\/dutchmicrodosing.com\/es\/herbolario\/suplementos-para-la-concentracion\/ashwaganda-11-extracto-whithania-somnifera\/"]}]},{"@type":"ImageObject","inLanguage":"es","@id":"https:\/\/dutchmicrodosing.com\/es\/herbolario\/suplementos-para-la-concentracion\/ashwaganda-11-extracto-whithania-somnifera\/#primaryimage","url":"https:\/\/dutchmicrodosing.com\/wp-content\/uploads\/2023\/11\/ashwaganda-extract.jpg","contentUrl":"https:\/\/dutchmicrodosing.com\/wp-content\/uploads\/2023\/11\/ashwaganda-extract.jpg","width":500,"height":500,"caption":"ashwaganda"},{"@type":"BreadcrumbList","@id":"https:\/\/dutchmicrodosing.com\/es\/herbolario\/suplementos-para-la-concentracion\/ashwaganda-11-extracto-whithania-somnifera\/#breadcrumb","itemListElement":[{"@type":"ListItem","position":1,"name":"Home","item":"https:\/\/dutchmicrodosing.com\/es\/"},{"@type":"ListItem","position":2,"name":"Tienda","item":"https:\/\/dutchmicrodosing.com\/es\/tienda\/"},{"@type":"ListItem","position":3,"name":"Extracto de Ashwaganda 1:1 &#8211; Whithania Somnifera"}]},{"@type":"WebSite","@id":"https:\/\/dutchmicrodosing.com\/es\/#website","url":"https:\/\/dutchmicrodosing.com\/es\/","name":"Dutchmicrodosing","description":"","publisher":{"@id":"https:\/\/dutchmicrodosing.com\/es\/#organization"},"potentialAction":[{"@type":"SearchAction","target":{"@type":"EntryPoint","urlTemplate":"https:\/\/dutchmicrodosing.com\/es\/?s={search_term_string}"},"query-input":{"@type":"PropertyValueSpecification","valueRequired":true,"valueName":"search_term_string"}}],"inLanguage":"es"},{"@type":"Organization","@id":"https:\/\/dutchmicrodosing.com\/es\/#organization","name":"Dutchmicrodosing","url":"https:\/\/dutchmicrodosing.com\/es\/","logo":{"@type":"ImageObject","inLanguage":"es","@id":"https:\/\/dutchmicrodosing.com\/es\/#\/schema\/logo\/image\/","url":"https:\/\/dutchmicrodosing.com\/wp-content\/uploads\/2021\/01\/microdosing-categorie-pic-nieuw.jpg","contentUrl":"https:\/\/dutchmicrodosing.com\/wp-content\/uploads\/2021\/01\/microdosing-categorie-pic-nieuw.jpg","width":500,"height":500,"caption":"Dutchmicrodosing"},"image":{"@id":"https:\/\/dutchmicrodosing.com\/es\/#\/schema\/logo\/image\/"},"sameAs":["https:\/\/www.facebook.com\/Dutchmicrodosingxp\/","https:\/\/www.instagram.com\/dutchmicrodosing\/"]}]},"product_price_amount":"14.95","product_price_currency":"EUR","og_availability":"instock","product_availability":"instock","product_retailer_item_id":"0207834","product_condition":"new"},"_links":{"self":[{"href":"https:\/\/dutchmicrodosing.com\/es\/wp-json\/wp\/v2\/product\/31994","targetHints":{"allow":["GET"]}}],"collection":[{"href":"https:\/\/dutchmicrodosing.com\/es\/wp-json\/wp\/v2\/product"}],"about":[{"href":"https:\/\/dutchmicrodosing.com\/es\/wp-json\/wp\/v2\/types\/product"}],"replies":[{"embeddable":true,"href":"https:\/\/dutchmicrodosing.com\/es\/wp-json\/wp\/v2\/comments?post=31994"}],"version-history":[{"count":0,"href":"https:\/\/dutchmicrodosing.com\/es\/wp-json\/wp\/v2\/product\/31994\/revisions"}],"wp:featuredmedia":[{"embeddable":true,"href":"https:\/\/dutchmicrodosing.com\/es\/wp-json\/wp\/v2\/media\/31663"}],"wp:attachment":[{"href":"https:\/\/dutchmicrodosing.com\/es\/wp-json\/wp\/v2\/media?parent=31994"}],"wp:term":[{"taxonomy":"product_brand","embeddable":true,"href":"https:\/\/dutchmicrodosing.com\/es\/wp-json\/wp\/v2\/product_brand?post=31994"},{"taxonomy":"product_cat","embeddable":true,"href":"https:\/\/dutchmicrodosing.com\/es\/wp-json\/wp\/v2\/product_cat?post=31994"},{"taxonomy":"product_tag","embeddable":true,"href":"https:\/\/dutchmicrodosing.com\/es\/wp-json\/wp\/v2\/product_tag?post=31994"}],"curies":[{"name":"wp","href":"https:\/\/api.w.org\/{rel}","templated":true}]}}