{"id":32016,"date":"2023-11-13T14:52:36","date_gmt":"2023-11-13T13:52:36","guid":{"rendered":"https:\/\/dutchmicrodosing.com\/shop\/sin%20categor\u00eda\/raiz-entera-ashwagandha-30-capsulas\/"},"modified":"2025-08-31T08:52:17","modified_gmt":"2025-08-31T06:52:17","slug":"raiz-entera-ashwagandha-30-capsulas","status":"publish","type":"product","link":"https:\/\/dutchmicrodosing.com\/es\/herbolario\/suplementos-para-el-sistema-inmunitario\/raiz-entera-ashwagandha-30-capsulas\/","title":{"rendered":"Ashwagandha Ra\u00edz Entera &#8211; 30 Caps"},"content":{"rendered":"<p>El <strong>suplemento de ashwagandha<\/strong> de Together procede de la regi\u00f3n de Rajast\u00e1n, en el norte de la India, una zona famosa por sus condiciones ideales para el cultivo de ashwagandha de alta calidad. Esta hierba es muy apreciada por sus cualidades adapt\u00f3genas, que pueden ayudar al organismo en situaciones de estr\u00e9s. Su producci\u00f3n destaca por el uso de un m\u00e9todo de extracci\u00f3n \u00fanico que no utiliza disolventes sint\u00e9ticos, produciendo un extracto con una alta concentraci\u00f3n de los principios activos y preservando la integridad de los componentes naturales de la hierba.<\/p>\n<p>Una caracter\u00edstica notable de Together&#8217;s Whole Root Ashwagandha es su porcentaje excepcionalmente alto de withan\u00f3lidos, que constituyen m\u00e1s del 5% del extracto, lo que la convierte en uno de los productos de ashwagandha m\u00e1s potentes del mercado. Los withan\u00f3lidos son los principales componentes bioactivos de la ashwagandha que contribuyen a sus efectos adapt\u00f3genos.<\/p>\n<h3><strong>Valores nutricionales por c\u00e1psula<\/strong><strong><br \/>\n<\/strong><\/h3>\n<p>Ashwagandha 500 mg<\/p>\n<h3><strong>Ingredientes<\/strong><em><br \/>\n<\/em><\/h3>\n<ul>\n<li>KSM-66\u00ae Ashwagandha ecol\u00f3gica (extracto de ra\u00edz entera de Withania somnifera)<\/li>\n<li>Vegecap (celulosa vegetal)<\/li>\n<\/ul>\n<h3><strong>Advertencias<\/strong><\/h3>\n<p>Se recomienda precauci\u00f3n en personas con hipertiroidismo o enfermedad hep\u00e1tica grave con el uso de ashwagandha. Antes de usarlo, consulte a su m\u00e9dico o farmac\u00e9utico en caso de uso de medicamentos (antidepresivos), enfermedad hep\u00e1tica, enfermedad tiroidea y\/o uso de hormonas tiroideas.<\/p>\n<h3>Contenido<\/h3>\n<p>Juntos Ra\u00edz Entera Ashwagandha &#8211; 30 Caps<\/p>\n","protected":false},"excerpt":{"rendered":"<p>El suplemento de ashwagandha de Together procede de la regi\u00f3n de Rajast\u00e1n, en el norte de la India, una zona famosa por sus condiciones ideales para el cultivo de ashwagandha de alta calidad. Esta hierba es muy apreciada por sus cualidades adapt\u00f3genas, que pueden ayudar al organismo en situaciones de estr\u00e9s. Su producci\u00f3n destaca por [&hellip;]<\/p>\n","protected":false},"featured_media":31292,"comment_status":"closed","ping_status":"closed","template":"","meta":[],"product_brand":[],"product_cat":[319,297,298,324,140],"product_tag":[],"class_list":{"0":"post-32016","1":"product","2":"type-product","3":"status-publish","4":"has-post-thumbnail","6":"product_cat-suplementos-para-la-creatividad","7":"product_cat-suplementos-energeticos","8":"product_cat-suplementos-para-el-sistema-inmunitario","9":"product_cat-suplementos-para-la-concentracion","10":"product_cat-suplementos-de-vitaminas","12":"first","13":"instock","14":"taxable","15":"shipping-taxable","16":"purchasable","17":"product-type-simple"},"yoast_head":"<!-- This site is optimized with the Yoast SEO Premium plugin v26.4 (Yoast SEO v27.2) - https:\/\/yoast.com\/product\/yoast-seo-premium-wordpress\/ -->\n<title>Ashwagandha Ra\u00edz Entera - 30 Caps - Dutchmicrodosing<\/title>\n<meta name=\"description\" content=\"El suplemento de ashwagandha de Together procede de la regi\u00f3n de Rajast\u00e1n, en el norte de la India, una zona famosa por sus condiciones ideales para...\" \/>\n<meta name=\"robots\" content=\"index, follow, max-snippet:-1, max-image-preview:large, max-video-preview:-1\" \/>\n<link rel=\"canonical\" href=\"https:\/\/dutchmicrodosing.com\/es\/herbolario\/suplementos-para-el-sistema-inmunitario\/raiz-entera-ashwagandha-30-capsulas\/\" \/>\n<meta property=\"og:locale\" content=\"es_ES\" \/>\n<meta property=\"og:type\" content=\"article\" \/>\n<meta property=\"og:title\" content=\"Ashwagandha Ra\u00edz Entera - 30 Caps\" \/>\n<meta property=\"og:description\" content=\"El suplemento de ashwagandha de Together procede de la regi\u00f3n de Rajast\u00e1n, en el norte de la India, una zona famosa por sus condiciones ideales para el\" \/>\n<meta property=\"og:url\" content=\"https:\/\/dutchmicrodosing.com\/es\/herbolario\/suplementos-para-el-sistema-inmunitario\/raiz-entera-ashwagandha-30-capsulas\/\" \/>\n<meta property=\"og:site_name\" content=\"Dutchmicrodosing\" \/>\n<meta property=\"article:publisher\" content=\"https:\/\/www.facebook.com\/Dutchmicrodosingxp\/\" \/>\n<meta property=\"article:modified_time\" content=\"2025-08-31T06:52:17+00:00\" \/>\n<meta property=\"og:image\" content=\"https:\/\/dutchmicrodosing.com\/wp-content\/uploads\/2023\/11\/2415_whole_root_ashwagandha__together__30caps.jpg\" \/>\n\t<meta property=\"og:image:width\" content=\"700\" \/>\n\t<meta property=\"og:image:height\" content=\"700\" \/>\n\t<meta property=\"og:image:type\" content=\"image\/jpeg\" \/>\n<meta name=\"twitter:card\" content=\"summary_large_image\" \/>\n<script type=\"application\/ld+json\" class=\"yoast-schema-graph\">{\"@context\":\"https:\/\/schema.org\",\"@graph\":[{\"@type\":\"WebPage\",\"@id\":\"https:\/\/dutchmicrodosing.com\/es\/herbolario\/suplementos-para-el-sistema-inmunitario\/raiz-entera-ashwagandha-30-capsulas\/\",\"url\":\"https:\/\/dutchmicrodosing.com\/es\/herbolario\/suplementos-para-el-sistema-inmunitario\/raiz-entera-ashwagandha-30-capsulas\/\",\"name\":\"Ashwagandha Ra\u00edz Entera - 30 Caps - Dutchmicrodosing\",\"isPartOf\":{\"@id\":\"https:\/\/dutchmicrodosing.com\/es\/#website\"},\"primaryImageOfPage\":{\"@id\":\"https:\/\/dutchmicrodosing.com\/es\/herbolario\/suplementos-para-el-sistema-inmunitario\/raiz-entera-ashwagandha-30-capsulas\/#primaryimage\"},\"image\":{\"@id\":\"https:\/\/dutchmicrodosing.com\/es\/herbolario\/suplementos-para-el-sistema-inmunitario\/raiz-entera-ashwagandha-30-capsulas\/#primaryimage\"},\"thumbnailUrl\":\"https:\/\/dutchmicrodosing.com\/wp-content\/uploads\/2023\/11\/2415_whole_root_ashwagandha__together__30caps.jpg\",\"datePublished\":\"2023-11-13T13:52:36+00:00\",\"dateModified\":\"2025-08-31T06:52:17+00:00\",\"description\":\"El suplemento de ashwagandha de Together procede de la regi\u00f3n de Rajast\u00e1n, en el norte de la India, una zona famosa por sus condiciones ideales para...\",\"breadcrumb\":{\"@id\":\"https:\/\/dutchmicrodosing.com\/es\/herbolario\/suplementos-para-el-sistema-inmunitario\/raiz-entera-ashwagandha-30-capsulas\/#breadcrumb\"},\"inLanguage\":\"es\",\"potentialAction\":[{\"@type\":\"ReadAction\",\"target\":[\"https:\/\/dutchmicrodosing.com\/es\/herbolario\/suplementos-para-el-sistema-inmunitario\/raiz-entera-ashwagandha-30-capsulas\/\"]}]},{\"@type\":\"ImageObject\",\"inLanguage\":\"es\",\"@id\":\"https:\/\/dutchmicrodosing.com\/es\/herbolario\/suplementos-para-el-sistema-inmunitario\/raiz-entera-ashwagandha-30-capsulas\/#primaryimage\",\"url\":\"https:\/\/dutchmicrodosing.com\/wp-content\/uploads\/2023\/11\/2415_whole_root_ashwagandha__together__30caps.jpg\",\"contentUrl\":\"https:\/\/dutchmicrodosing.com\/wp-content\/uploads\/2023\/11\/2415_whole_root_ashwagandha__together__30caps.jpg\",\"width\":700,\"height\":700},{\"@type\":\"BreadcrumbList\",\"@id\":\"https:\/\/dutchmicrodosing.com\/es\/herbolario\/suplementos-para-el-sistema-inmunitario\/raiz-entera-ashwagandha-30-capsulas\/#breadcrumb\",\"itemListElement\":[{\"@type\":\"ListItem\",\"position\":1,\"name\":\"Home\",\"item\":\"https:\/\/dutchmicrodosing.com\/es\/\"},{\"@type\":\"ListItem\",\"position\":2,\"name\":\"Tienda\",\"item\":\"https:\/\/dutchmicrodosing.com\/es\/tienda\/\"},{\"@type\":\"ListItem\",\"position\":3,\"name\":\"Ashwagandha Ra\u00edz Entera &#8211; 30 Caps\"}]},{\"@type\":\"WebSite\",\"@id\":\"https:\/\/dutchmicrodosing.com\/es\/#website\",\"url\":\"https:\/\/dutchmicrodosing.com\/es\/\",\"name\":\"Dutchmicrodosing\",\"description\":\"\",\"publisher\":{\"@id\":\"https:\/\/dutchmicrodosing.com\/es\/#organization\"},\"potentialAction\":[{\"@type\":\"SearchAction\",\"target\":{\"@type\":\"EntryPoint\",\"urlTemplate\":\"https:\/\/dutchmicrodosing.com\/es\/?s={search_term_string}\"},\"query-input\":{\"@type\":\"PropertyValueSpecification\",\"valueRequired\":true,\"valueName\":\"search_term_string\"}}],\"inLanguage\":\"es\"},{\"@type\":\"Organization\",\"@id\":\"https:\/\/dutchmicrodosing.com\/es\/#organization\",\"name\":\"Dutchmicrodosing\",\"url\":\"https:\/\/dutchmicrodosing.com\/es\/\",\"logo\":{\"@type\":\"ImageObject\",\"inLanguage\":\"es\",\"@id\":\"https:\/\/dutchmicrodosing.com\/es\/#\/schema\/logo\/image\/\",\"url\":\"https:\/\/dutchmicrodosing.com\/wp-content\/uploads\/2021\/01\/microdosing-categorie-pic-nieuw.jpg\",\"contentUrl\":\"https:\/\/dutchmicrodosing.com\/wp-content\/uploads\/2021\/01\/microdosing-categorie-pic-nieuw.jpg\",\"width\":500,\"height\":500,\"caption\":\"Dutchmicrodosing\"},\"image\":{\"@id\":\"https:\/\/dutchmicrodosing.com\/es\/#\/schema\/logo\/image\/\"},\"sameAs\":[\"https:\/\/www.facebook.com\/Dutchmicrodosingxp\/\",\"https:\/\/www.instagram.com\/dutchmicrodosing\/\"]}]}<\/script>\n<meta property=\"product:price:amount\" content=\"14.95\" \/>\n<meta property=\"product:price:currency\" content=\"EUR\" \/>\n<meta property=\"og:availability\" content=\"instock\" \/>\n<meta property=\"product:availability\" content=\"instock\" \/>\n<meta property=\"product:retailer_item_id\" content=\"3211126\" \/>\n<meta property=\"product:condition\" content=\"new\" \/>\n<!-- \/ Yoast SEO Premium plugin. -->","yoast_head_json":{"title":"Ashwagandha Ra\u00edz Entera - 30 Caps - Dutchmicrodosing","description":"El suplemento de ashwagandha de Together procede de la regi\u00f3n de Rajast\u00e1n, en el norte de la India, una zona famosa por sus condiciones ideales para...","robots":{"index":"index","follow":"follow","max-snippet":"max-snippet:-1","max-image-preview":"max-image-preview:large","max-video-preview":"max-video-preview:-1"},"canonical":"https:\/\/dutchmicrodosing.com\/es\/herbolario\/suplementos-para-el-sistema-inmunitario\/raiz-entera-ashwagandha-30-capsulas\/","og_locale":"es_ES","og_type":"article","og_title":"Ashwagandha Ra\u00edz Entera - 30 Caps","og_description":"El suplemento de ashwagandha de Together procede de la regi\u00f3n de Rajast\u00e1n, en el norte de la India, una zona famosa por sus condiciones ideales para el","og_url":"https:\/\/dutchmicrodosing.com\/es\/herbolario\/suplementos-para-el-sistema-inmunitario\/raiz-entera-ashwagandha-30-capsulas\/","og_site_name":"Dutchmicrodosing","article_publisher":"https:\/\/www.facebook.com\/Dutchmicrodosingxp\/","article_modified_time":"2025-08-31T06:52:17+00:00","og_image":[{"width":700,"height":700,"url":"https:\/\/dutchmicrodosing.com\/wp-content\/uploads\/2023\/11\/2415_whole_root_ashwagandha__together__30caps.jpg","type":"image\/jpeg"}],"twitter_card":"summary_large_image","schema":{"@context":"https:\/\/schema.org","@graph":[{"@type":"WebPage","@id":"https:\/\/dutchmicrodosing.com\/es\/herbolario\/suplementos-para-el-sistema-inmunitario\/raiz-entera-ashwagandha-30-capsulas\/","url":"https:\/\/dutchmicrodosing.com\/es\/herbolario\/suplementos-para-el-sistema-inmunitario\/raiz-entera-ashwagandha-30-capsulas\/","name":"Ashwagandha Ra\u00edz Entera - 30 Caps - Dutchmicrodosing","isPartOf":{"@id":"https:\/\/dutchmicrodosing.com\/es\/#website"},"primaryImageOfPage":{"@id":"https:\/\/dutchmicrodosing.com\/es\/herbolario\/suplementos-para-el-sistema-inmunitario\/raiz-entera-ashwagandha-30-capsulas\/#primaryimage"},"image":{"@id":"https:\/\/dutchmicrodosing.com\/es\/herbolario\/suplementos-para-el-sistema-inmunitario\/raiz-entera-ashwagandha-30-capsulas\/#primaryimage"},"thumbnailUrl":"https:\/\/dutchmicrodosing.com\/wp-content\/uploads\/2023\/11\/2415_whole_root_ashwagandha__together__30caps.jpg","datePublished":"2023-11-13T13:52:36+00:00","dateModified":"2025-08-31T06:52:17+00:00","description":"El suplemento de ashwagandha de Together procede de la regi\u00f3n de Rajast\u00e1n, en el norte de la India, una zona famosa por sus condiciones ideales para...","breadcrumb":{"@id":"https:\/\/dutchmicrodosing.com\/es\/herbolario\/suplementos-para-el-sistema-inmunitario\/raiz-entera-ashwagandha-30-capsulas\/#breadcrumb"},"inLanguage":"es","potentialAction":[{"@type":"ReadAction","target":["https:\/\/dutchmicrodosing.com\/es\/herbolario\/suplementos-para-el-sistema-inmunitario\/raiz-entera-ashwagandha-30-capsulas\/"]}]},{"@type":"ImageObject","inLanguage":"es","@id":"https:\/\/dutchmicrodosing.com\/es\/herbolario\/suplementos-para-el-sistema-inmunitario\/raiz-entera-ashwagandha-30-capsulas\/#primaryimage","url":"https:\/\/dutchmicrodosing.com\/wp-content\/uploads\/2023\/11\/2415_whole_root_ashwagandha__together__30caps.jpg","contentUrl":"https:\/\/dutchmicrodosing.com\/wp-content\/uploads\/2023\/11\/2415_whole_root_ashwagandha__together__30caps.jpg","width":700,"height":700},{"@type":"BreadcrumbList","@id":"https:\/\/dutchmicrodosing.com\/es\/herbolario\/suplementos-para-el-sistema-inmunitario\/raiz-entera-ashwagandha-30-capsulas\/#breadcrumb","itemListElement":[{"@type":"ListItem","position":1,"name":"Home","item":"https:\/\/dutchmicrodosing.com\/es\/"},{"@type":"ListItem","position":2,"name":"Tienda","item":"https:\/\/dutchmicrodosing.com\/es\/tienda\/"},{"@type":"ListItem","position":3,"name":"Ashwagandha Ra\u00edz Entera &#8211; 30 Caps"}]},{"@type":"WebSite","@id":"https:\/\/dutchmicrodosing.com\/es\/#website","url":"https:\/\/dutchmicrodosing.com\/es\/","name":"Dutchmicrodosing","description":"","publisher":{"@id":"https:\/\/dutchmicrodosing.com\/es\/#organization"},"potentialAction":[{"@type":"SearchAction","target":{"@type":"EntryPoint","urlTemplate":"https:\/\/dutchmicrodosing.com\/es\/?s={search_term_string}"},"query-input":{"@type":"PropertyValueSpecification","valueRequired":true,"valueName":"search_term_string"}}],"inLanguage":"es"},{"@type":"Organization","@id":"https:\/\/dutchmicrodosing.com\/es\/#organization","name":"Dutchmicrodosing","url":"https:\/\/dutchmicrodosing.com\/es\/","logo":{"@type":"ImageObject","inLanguage":"es","@id":"https:\/\/dutchmicrodosing.com\/es\/#\/schema\/logo\/image\/","url":"https:\/\/dutchmicrodosing.com\/wp-content\/uploads\/2021\/01\/microdosing-categorie-pic-nieuw.jpg","contentUrl":"https:\/\/dutchmicrodosing.com\/wp-content\/uploads\/2021\/01\/microdosing-categorie-pic-nieuw.jpg","width":500,"height":500,"caption":"Dutchmicrodosing"},"image":{"@id":"https:\/\/dutchmicrodosing.com\/es\/#\/schema\/logo\/image\/"},"sameAs":["https:\/\/www.facebook.com\/Dutchmicrodosingxp\/","https:\/\/www.instagram.com\/dutchmicrodosing\/"]}]},"product_price_amount":"14.95","product_price_currency":"EUR","og_availability":"instock","product_availability":"instock","product_retailer_item_id":"3211126","product_condition":"new"},"_links":{"self":[{"href":"https:\/\/dutchmicrodosing.com\/es\/wp-json\/wp\/v2\/product\/32016","targetHints":{"allow":["GET"]}}],"collection":[{"href":"https:\/\/dutchmicrodosing.com\/es\/wp-json\/wp\/v2\/product"}],"about":[{"href":"https:\/\/dutchmicrodosing.com\/es\/wp-json\/wp\/v2\/types\/product"}],"replies":[{"embeddable":true,"href":"https:\/\/dutchmicrodosing.com\/es\/wp-json\/wp\/v2\/comments?post=32016"}],"version-history":[{"count":0,"href":"https:\/\/dutchmicrodosing.com\/es\/wp-json\/wp\/v2\/product\/32016\/revisions"}],"wp:featuredmedia":[{"embeddable":true,"href":"https:\/\/dutchmicrodosing.com\/es\/wp-json\/wp\/v2\/media\/31292"}],"wp:attachment":[{"href":"https:\/\/dutchmicrodosing.com\/es\/wp-json\/wp\/v2\/media?parent=32016"}],"wp:term":[{"taxonomy":"product_brand","embeddable":true,"href":"https:\/\/dutchmicrodosing.com\/es\/wp-json\/wp\/v2\/product_brand?post=32016"},{"taxonomy":"product_cat","embeddable":true,"href":"https:\/\/dutchmicrodosing.com\/es\/wp-json\/wp\/v2\/product_cat?post=32016"},{"taxonomy":"product_tag","embeddable":true,"href":"https:\/\/dutchmicrodosing.com\/es\/wp-json\/wp\/v2\/product_tag?post=32016"}],"curies":[{"name":"wp","href":"https:\/\/api.w.org\/{rel}","templated":true}]}}