{"id":32071,"date":"2023-11-16T22:44:23","date_gmt":"2023-11-16T21:44:23","guid":{"rendered":"https:\/\/dutchmicrodosing.com\/shop\/sin%20categor\u00eda\/cbd-choco-hojas\/"},"modified":"2025-08-22T07:39:11","modified_gmt":"2025-08-22T05:39:11","slug":"cbd-choco-hojas","status":"publish","type":"product","link":"https:\/\/dutchmicrodosing.com\/es\/herbolario\/cbd-y-suplementos-alimenticios\/cbd-choco-hojas\/","title":{"rendered":"CBD Choco Leaves"},"content":{"rendered":"<p><strong>CBD Choco Leaves <\/strong>son una deliciosa mezcla de sabroso chocolate y CBD de primera calidad. Cada trozo de chocolate en forma de hoja est\u00e1 compuesto de suave manteca de cacao y arom\u00e1tica vainilla, enriquecido con 10 mg de CBD. Esta cantidad es la justa para cubrir las necesidades diarias de CBD de forma agradable.<\/p>\n<h3>Ingredientes<\/h3>\n<ul>\n<li>Masa de cacao<\/li>\n<li>Az\u00facar<\/li>\n<li>Manteca de cacao<\/li>\n<li>Lecitina de soja<\/li>\n<li>Vainilla<\/li>\n<\/ul>\n<h3>Utilice<\/h3>\n<p>No tome m\u00e1s de 3 \u00f3 4 hojas al d\u00eda.<\/p>\n<h3>Consejos de almacenamiento<\/h3>\n<p>No apto para mujeres embarazadas ni ni\u00f1os. Gu\u00e1rdelo en un lugar oscuro y fresco.<\/p>\n<h3>Contenido<\/h3>\n<p>CBD Choco Leaves (10 mg CBD por hoja) &#8211; 40 gramos<\/p>\n","protected":false},"excerpt":{"rendered":"<p>CBD Choco Leaves son una deliciosa mezcla de sabroso chocolate y CBD de primera calidad. Cada trozo de chocolate en forma de hoja est\u00e1 compuesto de suave manteca de cacao y arom\u00e1tica vainilla, enriquecido con 10 mg de CBD. Esta cantidad es la justa para cubrir las necesidades diarias de CBD de forma agradable. Ingredientes [&hellip;]<\/p>\n","protected":false},"featured_media":32050,"comment_status":"closed","ping_status":"closed","template":"","meta":[],"product_brand":[],"product_cat":[288],"product_tag":[],"class_list":{"0":"post-32071","1":"product","2":"type-product","3":"status-publish","4":"has-post-thumbnail","6":"product_cat-cbd-y-suplementos-alimenticios","8":"first","9":"instock","10":"taxable","11":"shipping-taxable","12":"purchasable","13":"product-type-simple"},"yoast_head":"<!-- This site is optimized with the Yoast SEO Premium plugin v26.4 (Yoast SEO v27.4) - https:\/\/yoast.com\/product\/yoast-seo-premium-wordpress\/ -->\n<title>CBD Choco Leaves - Dutchmicrodosing<\/title>\n<meta name=\"description\" content=\"CBD Choco Leaves son una deliciosa mezcla de sabroso chocolate y CBD de primera calidad. Cada trozo de chocolate en forma de hoja...\" \/>\n<meta name=\"robots\" content=\"index, follow, max-snippet:-1, max-image-preview:large, max-video-preview:-1\" \/>\n<link rel=\"canonical\" href=\"https:\/\/dutchmicrodosing.com\/es\/herbolario\/cbd-y-suplementos-alimenticios\/cbd-choco-hojas\/\" \/>\n<meta property=\"og:locale\" content=\"es_ES\" \/>\n<meta property=\"og:type\" content=\"article\" \/>\n<meta property=\"og:title\" content=\"CBD Choco Leaves\" \/>\n<meta property=\"og:description\" content=\"CBD Choco Leaves son una deliciosa mezcla de sabroso chocolate y CBD de primera calidad. Cada trozo de chocolate en forma de hoja est\u00e1 compuesto de suave\" \/>\n<meta property=\"og:url\" content=\"https:\/\/dutchmicrodosing.com\/es\/herbolario\/cbd-y-suplementos-alimenticios\/cbd-choco-hojas\/\" \/>\n<meta property=\"og:site_name\" content=\"Dutchmicrodosing\" \/>\n<meta property=\"article:publisher\" content=\"https:\/\/www.facebook.com\/Dutchmicrodosingxp\/\" \/>\n<meta property=\"article:modified_time\" content=\"2025-08-22T05:39:11+00:00\" \/>\n<meta property=\"og:image\" content=\"https:\/\/dutchmicrodosing.com\/wp-content\/uploads\/2023\/11\/3320-3588-2.jpg\" \/>\n\t<meta property=\"og:image:width\" content=\"300\" \/>\n\t<meta property=\"og:image:height\" content=\"300\" \/>\n\t<meta property=\"og:image:type\" content=\"image\/jpeg\" \/>\n<meta name=\"twitter:card\" content=\"summary_large_image\" \/>\n<script type=\"application\/ld+json\" class=\"yoast-schema-graph\">{\"@context\":\"https:\\\/\\\/schema.org\",\"@graph\":[{\"@type\":\"WebPage\",\"@id\":\"https:\\\/\\\/dutchmicrodosing.com\\\/es\\\/herbolario\\\/cbd-y-suplementos-alimenticios\\\/cbd-choco-hojas\\\/\",\"url\":\"https:\\\/\\\/dutchmicrodosing.com\\\/es\\\/herbolario\\\/cbd-y-suplementos-alimenticios\\\/cbd-choco-hojas\\\/\",\"name\":\"CBD Choco Leaves - Dutchmicrodosing\",\"isPartOf\":{\"@id\":\"https:\\\/\\\/dutchmicrodosing.com\\\/es\\\/#website\"},\"primaryImageOfPage\":{\"@id\":\"https:\\\/\\\/dutchmicrodosing.com\\\/es\\\/herbolario\\\/cbd-y-suplementos-alimenticios\\\/cbd-choco-hojas\\\/#primaryimage\"},\"image\":{\"@id\":\"https:\\\/\\\/dutchmicrodosing.com\\\/es\\\/herbolario\\\/cbd-y-suplementos-alimenticios\\\/cbd-choco-hojas\\\/#primaryimage\"},\"thumbnailUrl\":\"https:\\\/\\\/dutchmicrodosing.com\\\/wp-content\\\/uploads\\\/2023\\\/11\\\/3320-3588-2.jpg\",\"datePublished\":\"2023-11-16T21:44:23+00:00\",\"dateModified\":\"2025-08-22T05:39:11+00:00\",\"description\":\"CBD Choco Leaves son una deliciosa mezcla de sabroso chocolate y CBD de primera calidad. Cada trozo de chocolate en forma de hoja...\",\"breadcrumb\":{\"@id\":\"https:\\\/\\\/dutchmicrodosing.com\\\/es\\\/herbolario\\\/cbd-y-suplementos-alimenticios\\\/cbd-choco-hojas\\\/#breadcrumb\"},\"inLanguage\":\"es\",\"potentialAction\":[{\"@type\":\"ReadAction\",\"target\":[\"https:\\\/\\\/dutchmicrodosing.com\\\/es\\\/herbolario\\\/cbd-y-suplementos-alimenticios\\\/cbd-choco-hojas\\\/\"]}]},{\"@type\":\"ImageObject\",\"inLanguage\":\"es\",\"@id\":\"https:\\\/\\\/dutchmicrodosing.com\\\/es\\\/herbolario\\\/cbd-y-suplementos-alimenticios\\\/cbd-choco-hojas\\\/#primaryimage\",\"url\":\"https:\\\/\\\/dutchmicrodosing.com\\\/wp-content\\\/uploads\\\/2023\\\/11\\\/3320-3588-2.jpg\",\"contentUrl\":\"https:\\\/\\\/dutchmicrodosing.com\\\/wp-content\\\/uploads\\\/2023\\\/11\\\/3320-3588-2.jpg\",\"width\":300,\"height\":300},{\"@type\":\"BreadcrumbList\",\"@id\":\"https:\\\/\\\/dutchmicrodosing.com\\\/es\\\/herbolario\\\/cbd-y-suplementos-alimenticios\\\/cbd-choco-hojas\\\/#breadcrumb\",\"itemListElement\":[{\"@type\":\"ListItem\",\"position\":1,\"name\":\"Home\",\"item\":\"https:\\\/\\\/dutchmicrodosing.com\\\/es\\\/\"},{\"@type\":\"ListItem\",\"position\":2,\"name\":\"Tienda\",\"item\":\"https:\\\/\\\/dutchmicrodosing.com\\\/es\\\/tienda\\\/\"},{\"@type\":\"ListItem\",\"position\":3,\"name\":\"CBD Choco Leaves\"}]},{\"@type\":\"WebSite\",\"@id\":\"https:\\\/\\\/dutchmicrodosing.com\\\/es\\\/#website\",\"url\":\"https:\\\/\\\/dutchmicrodosing.com\\\/es\\\/\",\"name\":\"Dutchmicrodosing\",\"description\":\"\",\"publisher\":{\"@id\":\"https:\\\/\\\/dutchmicrodosing.com\\\/es\\\/#organization\"},\"potentialAction\":[{\"@type\":\"SearchAction\",\"target\":{\"@type\":\"EntryPoint\",\"urlTemplate\":\"https:\\\/\\\/dutchmicrodosing.com\\\/es\\\/?s={search_term_string}\"},\"query-input\":{\"@type\":\"PropertyValueSpecification\",\"valueRequired\":true,\"valueName\":\"search_term_string\"}}],\"inLanguage\":\"es\"},{\"@type\":\"Organization\",\"@id\":\"https:\\\/\\\/dutchmicrodosing.com\\\/es\\\/#organization\",\"name\":\"Dutchmicrodosing\",\"url\":\"https:\\\/\\\/dutchmicrodosing.com\\\/es\\\/\",\"logo\":{\"@type\":\"ImageObject\",\"inLanguage\":\"es\",\"@id\":\"https:\\\/\\\/dutchmicrodosing.com\\\/es\\\/#\\\/schema\\\/logo\\\/image\\\/\",\"url\":\"https:\\\/\\\/dutchmicrodosing.com\\\/wp-content\\\/uploads\\\/2021\\\/01\\\/microdosing-categorie-pic-nieuw.jpg\",\"contentUrl\":\"https:\\\/\\\/dutchmicrodosing.com\\\/wp-content\\\/uploads\\\/2021\\\/01\\\/microdosing-categorie-pic-nieuw.jpg\",\"width\":500,\"height\":500,\"caption\":\"Dutchmicrodosing\"},\"image\":{\"@id\":\"https:\\\/\\\/dutchmicrodosing.com\\\/es\\\/#\\\/schema\\\/logo\\\/image\\\/\"},\"sameAs\":[\"https:\\\/\\\/www.facebook.com\\\/Dutchmicrodosingxp\\\/\",\"https:\\\/\\\/www.instagram.com\\\/dutchmicrodosing\\\/\"]}]}<\/script>\n<meta property=\"product:price:amount\" content=\"9.95\" \/>\n<meta property=\"product:price:currency\" content=\"EUR\" \/>\n<meta property=\"og:availability\" content=\"instock\" \/>\n<meta property=\"product:availability\" content=\"instock\" \/>\n<meta property=\"product:retailer_item_id\" content=\"2203364\" \/>\n<meta property=\"product:condition\" content=\"new\" \/>\n<!-- \/ Yoast SEO Premium plugin. -->","yoast_head_json":{"title":"CBD Choco Leaves - Dutchmicrodosing","description":"CBD Choco Leaves son una deliciosa mezcla de sabroso chocolate y CBD de primera calidad. Cada trozo de chocolate en forma de hoja...","robots":{"index":"index","follow":"follow","max-snippet":"max-snippet:-1","max-image-preview":"max-image-preview:large","max-video-preview":"max-video-preview:-1"},"canonical":"https:\/\/dutchmicrodosing.com\/es\/herbolario\/cbd-y-suplementos-alimenticios\/cbd-choco-hojas\/","og_locale":"es_ES","og_type":"article","og_title":"CBD Choco Leaves","og_description":"CBD Choco Leaves son una deliciosa mezcla de sabroso chocolate y CBD de primera calidad. Cada trozo de chocolate en forma de hoja est\u00e1 compuesto de suave","og_url":"https:\/\/dutchmicrodosing.com\/es\/herbolario\/cbd-y-suplementos-alimenticios\/cbd-choco-hojas\/","og_site_name":"Dutchmicrodosing","article_publisher":"https:\/\/www.facebook.com\/Dutchmicrodosingxp\/","article_modified_time":"2025-08-22T05:39:11+00:00","og_image":[{"width":300,"height":300,"url":"https:\/\/dutchmicrodosing.com\/wp-content\/uploads\/2023\/11\/3320-3588-2.jpg","type":"image\/jpeg"}],"twitter_card":"summary_large_image","schema":{"@context":"https:\/\/schema.org","@graph":[{"@type":"WebPage","@id":"https:\/\/dutchmicrodosing.com\/es\/herbolario\/cbd-y-suplementos-alimenticios\/cbd-choco-hojas\/","url":"https:\/\/dutchmicrodosing.com\/es\/herbolario\/cbd-y-suplementos-alimenticios\/cbd-choco-hojas\/","name":"CBD Choco Leaves - Dutchmicrodosing","isPartOf":{"@id":"https:\/\/dutchmicrodosing.com\/es\/#website"},"primaryImageOfPage":{"@id":"https:\/\/dutchmicrodosing.com\/es\/herbolario\/cbd-y-suplementos-alimenticios\/cbd-choco-hojas\/#primaryimage"},"image":{"@id":"https:\/\/dutchmicrodosing.com\/es\/herbolario\/cbd-y-suplementos-alimenticios\/cbd-choco-hojas\/#primaryimage"},"thumbnailUrl":"https:\/\/dutchmicrodosing.com\/wp-content\/uploads\/2023\/11\/3320-3588-2.jpg","datePublished":"2023-11-16T21:44:23+00:00","dateModified":"2025-08-22T05:39:11+00:00","description":"CBD Choco Leaves son una deliciosa mezcla de sabroso chocolate y CBD de primera calidad. Cada trozo de chocolate en forma de hoja...","breadcrumb":{"@id":"https:\/\/dutchmicrodosing.com\/es\/herbolario\/cbd-y-suplementos-alimenticios\/cbd-choco-hojas\/#breadcrumb"},"inLanguage":"es","potentialAction":[{"@type":"ReadAction","target":["https:\/\/dutchmicrodosing.com\/es\/herbolario\/cbd-y-suplementos-alimenticios\/cbd-choco-hojas\/"]}]},{"@type":"ImageObject","inLanguage":"es","@id":"https:\/\/dutchmicrodosing.com\/es\/herbolario\/cbd-y-suplementos-alimenticios\/cbd-choco-hojas\/#primaryimage","url":"https:\/\/dutchmicrodosing.com\/wp-content\/uploads\/2023\/11\/3320-3588-2.jpg","contentUrl":"https:\/\/dutchmicrodosing.com\/wp-content\/uploads\/2023\/11\/3320-3588-2.jpg","width":300,"height":300},{"@type":"BreadcrumbList","@id":"https:\/\/dutchmicrodosing.com\/es\/herbolario\/cbd-y-suplementos-alimenticios\/cbd-choco-hojas\/#breadcrumb","itemListElement":[{"@type":"ListItem","position":1,"name":"Home","item":"https:\/\/dutchmicrodosing.com\/es\/"},{"@type":"ListItem","position":2,"name":"Tienda","item":"https:\/\/dutchmicrodosing.com\/es\/tienda\/"},{"@type":"ListItem","position":3,"name":"CBD Choco Leaves"}]},{"@type":"WebSite","@id":"https:\/\/dutchmicrodosing.com\/es\/#website","url":"https:\/\/dutchmicrodosing.com\/es\/","name":"Dutchmicrodosing","description":"","publisher":{"@id":"https:\/\/dutchmicrodosing.com\/es\/#organization"},"potentialAction":[{"@type":"SearchAction","target":{"@type":"EntryPoint","urlTemplate":"https:\/\/dutchmicrodosing.com\/es\/?s={search_term_string}"},"query-input":{"@type":"PropertyValueSpecification","valueRequired":true,"valueName":"search_term_string"}}],"inLanguage":"es"},{"@type":"Organization","@id":"https:\/\/dutchmicrodosing.com\/es\/#organization","name":"Dutchmicrodosing","url":"https:\/\/dutchmicrodosing.com\/es\/","logo":{"@type":"ImageObject","inLanguage":"es","@id":"https:\/\/dutchmicrodosing.com\/es\/#\/schema\/logo\/image\/","url":"https:\/\/dutchmicrodosing.com\/wp-content\/uploads\/2021\/01\/microdosing-categorie-pic-nieuw.jpg","contentUrl":"https:\/\/dutchmicrodosing.com\/wp-content\/uploads\/2021\/01\/microdosing-categorie-pic-nieuw.jpg","width":500,"height":500,"caption":"Dutchmicrodosing"},"image":{"@id":"https:\/\/dutchmicrodosing.com\/es\/#\/schema\/logo\/image\/"},"sameAs":["https:\/\/www.facebook.com\/Dutchmicrodosingxp\/","https:\/\/www.instagram.com\/dutchmicrodosing\/"]}]},"product_price_amount":"9.95","product_price_currency":"EUR","og_availability":"instock","product_availability":"instock","product_retailer_item_id":"2203364","product_condition":"new"},"_links":{"self":[{"href":"https:\/\/dutchmicrodosing.com\/es\/wp-json\/wp\/v2\/product\/32071","targetHints":{"allow":["GET"]}}],"collection":[{"href":"https:\/\/dutchmicrodosing.com\/es\/wp-json\/wp\/v2\/product"}],"about":[{"href":"https:\/\/dutchmicrodosing.com\/es\/wp-json\/wp\/v2\/types\/product"}],"replies":[{"embeddable":true,"href":"https:\/\/dutchmicrodosing.com\/es\/wp-json\/wp\/v2\/comments?post=32071"}],"version-history":[{"count":0,"href":"https:\/\/dutchmicrodosing.com\/es\/wp-json\/wp\/v2\/product\/32071\/revisions"}],"wp:featuredmedia":[{"embeddable":true,"href":"https:\/\/dutchmicrodosing.com\/es\/wp-json\/wp\/v2\/media\/32050"}],"wp:attachment":[{"href":"https:\/\/dutchmicrodosing.com\/es\/wp-json\/wp\/v2\/media?parent=32071"}],"wp:term":[{"taxonomy":"product_brand","embeddable":true,"href":"https:\/\/dutchmicrodosing.com\/es\/wp-json\/wp\/v2\/product_brand?post=32071"},{"taxonomy":"product_cat","embeddable":true,"href":"https:\/\/dutchmicrodosing.com\/es\/wp-json\/wp\/v2\/product_cat?post=32071"},{"taxonomy":"product_tag","embeddable":true,"href":"https:\/\/dutchmicrodosing.com\/es\/wp-json\/wp\/v2\/product_tag?post=32071"}],"curies":[{"name":"wp","href":"https:\/\/api.w.org\/{rel}","templated":true}]}}