{"id":33051,"date":"2023-12-08T14:21:33","date_gmt":"2023-12-08T13:21:33","guid":{"rendered":"https:\/\/dutchmicrodosing.com\/shop\/sin%20categor\u00eda\/tremella-fuciformis-120-capsulas\/"},"modified":"2025-08-28T11:08:42","modified_gmt":"2025-08-28T09:08:42","slug":"tremella-fuciformis-120-capsulas","status":"publish","type":"product","link":"https:\/\/dutchmicrodosing.com\/es\/setas-medicinales\/tremella-fuciformis-120-capsulas\/","title":{"rendered":"Tremella Fuciformis -120 C\u00e1psulas"},"content":{"rendered":"<p>La <strong>Tremella Fuciformis<\/strong>, m\u00e1s conocida como \u00aboreja de plata de los pantanos\u00bb, es un hongo apreciado en la medicina tradicional china por sus numerosos beneficios para la salud. Estos beneficios se deben principalmente a su rico contenido en antioxidantes y polisac\u00e1ridos, que refuerzan el sistema inmunitario y contribuyen a una piel sana y resistente.<\/p>\n<p>Descubierta originalmente en regiones tropicales, la popularidad de la Tremella Fuciformis ha crecido en todo el mundo, dando lugar a su cultivo global. Gracias a sus excelentes propiedades hidratantes y su capacidad para mejorar la elasticidad de la piel, este hongo se utiliza en diversos productos, como suplementos diet\u00e9ticos y productos para el cuidado de la piel. Esto hace que la Tremella Fuciformis sea un ingrediente valioso para cualquiera que se esfuerce por llevar un estilo de vida saludable y un apoyo natural al bienestar.<\/p>\n<h3>Ingredientes por c\u00e1psula vegana:<\/h3>\n<ul>\n<li>400 mg de extracto org\u00e1nico de Tremella Fuciformis procedente al 100% del cuerpo del fruto (hongo)<\/li>\n<li>Vitamina C: 15 mg<\/li>\n<li>Zinc: 10 mg<\/li>\n<li>Excipientes: Citrato de magnesio y di\u00f3xido de silicio.<\/li>\n<\/ul>\n<h3>Utilice<\/h3>\n<p>No tome m\u00e1s de 1 c\u00e1psula dos veces al d\u00eda con agua durante una comida.<\/p>\n<h3>Consejos de almacenamiento<\/h3>\n<p>Guarde este producto en un lugar oscuro y fresco, como un armario de cocina, y fuera del alcance de los ni\u00f1os.<\/p>\n<h3>Contenido<\/h3>\n<p>Tremella Fuciformis McMyco &#8211; 120 c\u00e1psulas.<\/p>\n<h3>\u00a1Atenci\u00f3n!<\/h3>\n<p>Consulte a su m\u00e9dico antes de utilizarlo en caso de embarazo, lactancia o problemas de salud.<\/p>\n","protected":false},"excerpt":{"rendered":"<p>La Tremella Fuciformis, m\u00e1s conocida como \u00aboreja de plata de los pantanos\u00bb, es un hongo apreciado en la medicina tradicional china por sus numerosos beneficios para la salud. Estos beneficios se deben principalmente a su rico contenido en antioxidantes y polisac\u00e1ridos, que refuerzan el sistema inmunitario y contribuyen a una piel sana y resistente. Descubierta [&hellip;]<\/p>\n","protected":false},"featured_media":33045,"comment_status":"closed","ping_status":"closed","template":"","meta":[],"product_brand":[],"product_cat":[91,297,298],"product_tag":[],"class_list":{"0":"post-33051","1":"product","2":"type-product","3":"status-publish","4":"has-post-thumbnail","6":"product_cat-setas-medicinales","7":"product_cat-suplementos-energeticos","8":"product_cat-suplementos-para-el-sistema-inmunitario","10":"first","11":"outofstock","12":"taxable","13":"shipping-taxable","14":"purchasable","15":"product-type-simple"},"yoast_head":"<!-- This site is optimized with the Yoast SEO Premium plugin v26.4 (Yoast SEO v27.4) - https:\/\/yoast.com\/product\/yoast-seo-premium-wordpress\/ -->\n<title>Tremella Fuciformis -120 C\u00e1psulas - Dutchmicrodosing<\/title>\n<meta name=\"description\" content=\"La Tremella Fuciformis, m\u00e1s conocida como &quot;Oreja de Plata del Pantano&quot;, es un hongo apreciado en la medicina tradicional china por su...\" \/>\n<meta name=\"robots\" content=\"index, follow, max-snippet:-1, max-image-preview:large, max-video-preview:-1\" \/>\n<link rel=\"canonical\" href=\"https:\/\/dutchmicrodosing.com\/es\/setas-medicinales\/tremella-fuciformis-120-capsulas\/\" \/>\n<meta property=\"og:locale\" content=\"es_ES\" \/>\n<meta property=\"og:type\" content=\"article\" \/>\n<meta property=\"og:title\" content=\"Tremella Fuciformis -120 C\u00e1psulas\" \/>\n<meta property=\"og:description\" content=\"La Tremella Fuciformis, m\u00e1s conocida como &quot;oreja de plata de los pantanos&quot;, es un hongo apreciado en la medicina tradicional china por sus numerosos\" \/>\n<meta property=\"og:url\" content=\"https:\/\/dutchmicrodosing.com\/es\/setas-medicinales\/tremella-fuciformis-120-capsulas\/\" \/>\n<meta property=\"og:site_name\" content=\"Dutchmicrodosing\" \/>\n<meta property=\"article:publisher\" content=\"https:\/\/www.facebook.com\/Dutchmicrodosingxp\/\" \/>\n<meta property=\"article:modified_time\" content=\"2025-08-28T09:08:42+00:00\" \/>\n<meta property=\"og:image\" content=\"https:\/\/dutchmicrodosing.com\/wp-content\/uploads\/2023\/12\/2023_Productfoto_Tremella-caps.jpg\" \/>\n\t<meta property=\"og:image:width\" content=\"1000\" \/>\n\t<meta property=\"og:image:height\" content=\"1000\" \/>\n\t<meta property=\"og:image:type\" content=\"image\/jpeg\" \/>\n<meta name=\"twitter:card\" content=\"summary_large_image\" \/>\n<script type=\"application\/ld+json\" class=\"yoast-schema-graph\">{\"@context\":\"https:\\\/\\\/schema.org\",\"@graph\":[{\"@type\":\"WebPage\",\"@id\":\"https:\\\/\\\/dutchmicrodosing.com\\\/es\\\/setas-medicinales\\\/tremella-fuciformis-120-capsulas\\\/\",\"url\":\"https:\\\/\\\/dutchmicrodosing.com\\\/es\\\/setas-medicinales\\\/tremella-fuciformis-120-capsulas\\\/\",\"name\":\"Tremella Fuciformis -120 C\u00e1psulas - Dutchmicrodosing\",\"isPartOf\":{\"@id\":\"https:\\\/\\\/dutchmicrodosing.com\\\/es\\\/#website\"},\"primaryImageOfPage\":{\"@id\":\"https:\\\/\\\/dutchmicrodosing.com\\\/es\\\/setas-medicinales\\\/tremella-fuciformis-120-capsulas\\\/#primaryimage\"},\"image\":{\"@id\":\"https:\\\/\\\/dutchmicrodosing.com\\\/es\\\/setas-medicinales\\\/tremella-fuciformis-120-capsulas\\\/#primaryimage\"},\"thumbnailUrl\":\"https:\\\/\\\/dutchmicrodosing.com\\\/wp-content\\\/uploads\\\/2023\\\/12\\\/2023_Productfoto_Tremella-caps.jpg\",\"datePublished\":\"2023-12-08T13:21:33+00:00\",\"dateModified\":\"2025-08-28T09:08:42+00:00\",\"description\":\"La Tremella Fuciformis, m\u00e1s conocida como \\\"Oreja de Plata del Pantano\\\", es un hongo apreciado en la medicina tradicional china por su...\",\"breadcrumb\":{\"@id\":\"https:\\\/\\\/dutchmicrodosing.com\\\/es\\\/setas-medicinales\\\/tremella-fuciformis-120-capsulas\\\/#breadcrumb\"},\"inLanguage\":\"es\",\"potentialAction\":[{\"@type\":\"ReadAction\",\"target\":[\"https:\\\/\\\/dutchmicrodosing.com\\\/es\\\/setas-medicinales\\\/tremella-fuciformis-120-capsulas\\\/\"]}]},{\"@type\":\"ImageObject\",\"inLanguage\":\"es\",\"@id\":\"https:\\\/\\\/dutchmicrodosing.com\\\/es\\\/setas-medicinales\\\/tremella-fuciformis-120-capsulas\\\/#primaryimage\",\"url\":\"https:\\\/\\\/dutchmicrodosing.com\\\/wp-content\\\/uploads\\\/2023\\\/12\\\/2023_Productfoto_Tremella-caps.jpg\",\"contentUrl\":\"https:\\\/\\\/dutchmicrodosing.com\\\/wp-content\\\/uploads\\\/2023\\\/12\\\/2023_Productfoto_Tremella-caps.jpg\",\"width\":1000,\"height\":1000},{\"@type\":\"BreadcrumbList\",\"@id\":\"https:\\\/\\\/dutchmicrodosing.com\\\/es\\\/setas-medicinales\\\/tremella-fuciformis-120-capsulas\\\/#breadcrumb\",\"itemListElement\":[{\"@type\":\"ListItem\",\"position\":1,\"name\":\"Home\",\"item\":\"https:\\\/\\\/dutchmicrodosing.com\\\/es\\\/\"},{\"@type\":\"ListItem\",\"position\":2,\"name\":\"Tienda\",\"item\":\"https:\\\/\\\/dutchmicrodosing.com\\\/es\\\/tienda\\\/\"},{\"@type\":\"ListItem\",\"position\":3,\"name\":\"Tremella Fuciformis -120 C\u00e1psulas\"}]},{\"@type\":\"WebSite\",\"@id\":\"https:\\\/\\\/dutchmicrodosing.com\\\/es\\\/#website\",\"url\":\"https:\\\/\\\/dutchmicrodosing.com\\\/es\\\/\",\"name\":\"Dutchmicrodosing\",\"description\":\"\",\"publisher\":{\"@id\":\"https:\\\/\\\/dutchmicrodosing.com\\\/es\\\/#organization\"},\"potentialAction\":[{\"@type\":\"SearchAction\",\"target\":{\"@type\":\"EntryPoint\",\"urlTemplate\":\"https:\\\/\\\/dutchmicrodosing.com\\\/es\\\/?s={search_term_string}\"},\"query-input\":{\"@type\":\"PropertyValueSpecification\",\"valueRequired\":true,\"valueName\":\"search_term_string\"}}],\"inLanguage\":\"es\"},{\"@type\":\"Organization\",\"@id\":\"https:\\\/\\\/dutchmicrodosing.com\\\/es\\\/#organization\",\"name\":\"Dutchmicrodosing\",\"url\":\"https:\\\/\\\/dutchmicrodosing.com\\\/es\\\/\",\"logo\":{\"@type\":\"ImageObject\",\"inLanguage\":\"es\",\"@id\":\"https:\\\/\\\/dutchmicrodosing.com\\\/es\\\/#\\\/schema\\\/logo\\\/image\\\/\",\"url\":\"https:\\\/\\\/dutchmicrodosing.com\\\/wp-content\\\/uploads\\\/2021\\\/01\\\/microdosing-categorie-pic-nieuw.jpg\",\"contentUrl\":\"https:\\\/\\\/dutchmicrodosing.com\\\/wp-content\\\/uploads\\\/2021\\\/01\\\/microdosing-categorie-pic-nieuw.jpg\",\"width\":500,\"height\":500,\"caption\":\"Dutchmicrodosing\"},\"image\":{\"@id\":\"https:\\\/\\\/dutchmicrodosing.com\\\/es\\\/#\\\/schema\\\/logo\\\/image\\\/\"},\"sameAs\":[\"https:\\\/\\\/www.facebook.com\\\/Dutchmicrodosingxp\\\/\",\"https:\\\/\\\/www.instagram.com\\\/dutchmicrodosing\\\/\"]}]}<\/script>\n<meta property=\"product:price:amount\" content=\"34.95\" \/>\n<meta property=\"product:price:currency\" content=\"EUR\" \/>\n<meta property=\"og:availability\" content=\"out of stock\" \/>\n<meta property=\"product:availability\" content=\"out of stock\" \/>\n<meta property=\"product:retailer_item_id\" content=\"3212292\" \/>\n<meta property=\"product:condition\" content=\"new\" \/>\n<!-- \/ Yoast SEO Premium plugin. -->","yoast_head_json":{"title":"Tremella Fuciformis -120 C\u00e1psulas - Dutchmicrodosing","description":"La Tremella Fuciformis, m\u00e1s conocida como \"Oreja de Plata del Pantano\", es un hongo apreciado en la medicina tradicional china por su...","robots":{"index":"index","follow":"follow","max-snippet":"max-snippet:-1","max-image-preview":"max-image-preview:large","max-video-preview":"max-video-preview:-1"},"canonical":"https:\/\/dutchmicrodosing.com\/es\/setas-medicinales\/tremella-fuciformis-120-capsulas\/","og_locale":"es_ES","og_type":"article","og_title":"Tremella Fuciformis -120 C\u00e1psulas","og_description":"La Tremella Fuciformis, m\u00e1s conocida como \"oreja de plata de los pantanos\", es un hongo apreciado en la medicina tradicional china por sus numerosos","og_url":"https:\/\/dutchmicrodosing.com\/es\/setas-medicinales\/tremella-fuciformis-120-capsulas\/","og_site_name":"Dutchmicrodosing","article_publisher":"https:\/\/www.facebook.com\/Dutchmicrodosingxp\/","article_modified_time":"2025-08-28T09:08:42+00:00","og_image":[{"width":1000,"height":1000,"url":"https:\/\/dutchmicrodosing.com\/wp-content\/uploads\/2023\/12\/2023_Productfoto_Tremella-caps.jpg","type":"image\/jpeg"}],"twitter_card":"summary_large_image","schema":{"@context":"https:\/\/schema.org","@graph":[{"@type":"WebPage","@id":"https:\/\/dutchmicrodosing.com\/es\/setas-medicinales\/tremella-fuciformis-120-capsulas\/","url":"https:\/\/dutchmicrodosing.com\/es\/setas-medicinales\/tremella-fuciformis-120-capsulas\/","name":"Tremella Fuciformis -120 C\u00e1psulas - Dutchmicrodosing","isPartOf":{"@id":"https:\/\/dutchmicrodosing.com\/es\/#website"},"primaryImageOfPage":{"@id":"https:\/\/dutchmicrodosing.com\/es\/setas-medicinales\/tremella-fuciformis-120-capsulas\/#primaryimage"},"image":{"@id":"https:\/\/dutchmicrodosing.com\/es\/setas-medicinales\/tremella-fuciformis-120-capsulas\/#primaryimage"},"thumbnailUrl":"https:\/\/dutchmicrodosing.com\/wp-content\/uploads\/2023\/12\/2023_Productfoto_Tremella-caps.jpg","datePublished":"2023-12-08T13:21:33+00:00","dateModified":"2025-08-28T09:08:42+00:00","description":"La Tremella Fuciformis, m\u00e1s conocida como \"Oreja de Plata del Pantano\", es un hongo apreciado en la medicina tradicional china por su...","breadcrumb":{"@id":"https:\/\/dutchmicrodosing.com\/es\/setas-medicinales\/tremella-fuciformis-120-capsulas\/#breadcrumb"},"inLanguage":"es","potentialAction":[{"@type":"ReadAction","target":["https:\/\/dutchmicrodosing.com\/es\/setas-medicinales\/tremella-fuciformis-120-capsulas\/"]}]},{"@type":"ImageObject","inLanguage":"es","@id":"https:\/\/dutchmicrodosing.com\/es\/setas-medicinales\/tremella-fuciformis-120-capsulas\/#primaryimage","url":"https:\/\/dutchmicrodosing.com\/wp-content\/uploads\/2023\/12\/2023_Productfoto_Tremella-caps.jpg","contentUrl":"https:\/\/dutchmicrodosing.com\/wp-content\/uploads\/2023\/12\/2023_Productfoto_Tremella-caps.jpg","width":1000,"height":1000},{"@type":"BreadcrumbList","@id":"https:\/\/dutchmicrodosing.com\/es\/setas-medicinales\/tremella-fuciformis-120-capsulas\/#breadcrumb","itemListElement":[{"@type":"ListItem","position":1,"name":"Home","item":"https:\/\/dutchmicrodosing.com\/es\/"},{"@type":"ListItem","position":2,"name":"Tienda","item":"https:\/\/dutchmicrodosing.com\/es\/tienda\/"},{"@type":"ListItem","position":3,"name":"Tremella Fuciformis -120 C\u00e1psulas"}]},{"@type":"WebSite","@id":"https:\/\/dutchmicrodosing.com\/es\/#website","url":"https:\/\/dutchmicrodosing.com\/es\/","name":"Dutchmicrodosing","description":"","publisher":{"@id":"https:\/\/dutchmicrodosing.com\/es\/#organization"},"potentialAction":[{"@type":"SearchAction","target":{"@type":"EntryPoint","urlTemplate":"https:\/\/dutchmicrodosing.com\/es\/?s={search_term_string}"},"query-input":{"@type":"PropertyValueSpecification","valueRequired":true,"valueName":"search_term_string"}}],"inLanguage":"es"},{"@type":"Organization","@id":"https:\/\/dutchmicrodosing.com\/es\/#organization","name":"Dutchmicrodosing","url":"https:\/\/dutchmicrodosing.com\/es\/","logo":{"@type":"ImageObject","inLanguage":"es","@id":"https:\/\/dutchmicrodosing.com\/es\/#\/schema\/logo\/image\/","url":"https:\/\/dutchmicrodosing.com\/wp-content\/uploads\/2021\/01\/microdosing-categorie-pic-nieuw.jpg","contentUrl":"https:\/\/dutchmicrodosing.com\/wp-content\/uploads\/2021\/01\/microdosing-categorie-pic-nieuw.jpg","width":500,"height":500,"caption":"Dutchmicrodosing"},"image":{"@id":"https:\/\/dutchmicrodosing.com\/es\/#\/schema\/logo\/image\/"},"sameAs":["https:\/\/www.facebook.com\/Dutchmicrodosingxp\/","https:\/\/www.instagram.com\/dutchmicrodosing\/"]}]},"product_price_amount":"34.95","product_price_currency":"EUR","og_availability":"out of stock","product_availability":"out of stock","product_retailer_item_id":"3212292","product_condition":"new"},"_links":{"self":[{"href":"https:\/\/dutchmicrodosing.com\/es\/wp-json\/wp\/v2\/product\/33051","targetHints":{"allow":["GET"]}}],"collection":[{"href":"https:\/\/dutchmicrodosing.com\/es\/wp-json\/wp\/v2\/product"}],"about":[{"href":"https:\/\/dutchmicrodosing.com\/es\/wp-json\/wp\/v2\/types\/product"}],"replies":[{"embeddable":true,"href":"https:\/\/dutchmicrodosing.com\/es\/wp-json\/wp\/v2\/comments?post=33051"}],"version-history":[{"count":0,"href":"https:\/\/dutchmicrodosing.com\/es\/wp-json\/wp\/v2\/product\/33051\/revisions"}],"wp:featuredmedia":[{"embeddable":true,"href":"https:\/\/dutchmicrodosing.com\/es\/wp-json\/wp\/v2\/media\/33045"}],"wp:attachment":[{"href":"https:\/\/dutchmicrodosing.com\/es\/wp-json\/wp\/v2\/media?parent=33051"}],"wp:term":[{"taxonomy":"product_brand","embeddable":true,"href":"https:\/\/dutchmicrodosing.com\/es\/wp-json\/wp\/v2\/product_brand?post=33051"},{"taxonomy":"product_cat","embeddable":true,"href":"https:\/\/dutchmicrodosing.com\/es\/wp-json\/wp\/v2\/product_cat?post=33051"},{"taxonomy":"product_tag","embeddable":true,"href":"https:\/\/dutchmicrodosing.com\/es\/wp-json\/wp\/v2\/product_tag?post=33051"}],"curies":[{"name":"wp","href":"https:\/\/api.w.org\/{rel}","templated":true}]}}