{"id":33193,"date":"2023-11-10T14:10:16","date_gmt":"2023-11-10T13:10:16","guid":{"rendered":"https:\/\/dutchmicrodosing.com\/?post_type=product&#038;p=33193"},"modified":"2025-09-16T01:44:50","modified_gmt":"2025-09-15T23:44:50","slug":"premium-full-spectrum-oil-30-10-ml","status":"publish","type":"product","link":"https:\/\/dutchmicrodosing.com\/es\/herbolario\/cbd-y-suplementos-alimenticios\/premium-full-spectrum-oil-30-10-ml\/","title":{"rendered":"Aceite Premium de Espectro Completo 30% &#8211; 10 ML"},"content":{"rendered":"<p><strong>El aceite de CBD Full Spectrum 30% de alta calidad<\/strong> del Dr. Candy es un ejemplo fascinante del enfoque vanguardista en el mundo de los productos de CBD. Este aceite destaca por su compleja composici\u00f3n, que va m\u00e1s all\u00e1 del CBD por s\u00ed solo. He aqu\u00ed algunos puntos clave que hacen especial a este aceite:<\/p>\n<ol>\n<li><strong>Diversidad de cannabinoides<\/strong>: Adem\u00e1s de CBD, este aceite tambi\u00e9n contiene otros cannabinoides como CBG, CBN, CBC y CBDV. Cada cannabinoide tiene propiedades y beneficios \u00fanicos, y su sinergia con el CBD puede aumentar la eficacia general del producto.<\/li>\n<li><strong>Flavonoides y ter<\/strong>penos: El aceite contiene flavonoides, conocidos por sus propiedades antioxidantes, y terpenos, que contribuyen a los aromas y sabores del aceite.<\/li>\n<li><strong>Base de aceite M<\/strong>CT: La elecci\u00f3n del aceite MCT como base es estrat\u00e9gica. El aceite MCT ayuda a la absorci\u00f3n del CBD y otros cannabinoides y mejora la vida \u00fatil y la estabilidad del producto.<\/li>\n<li><strong>Proceso de winterizaci\u00f3n<\/strong>: este proceso, en el que el aceite se filtra en fr\u00edo, ayuda a eliminar sustancias no deseadas y refina el sabor, lo que da como resultado un sabor a c\u00e1\u00f1amo m\u00e1s aut\u00e9ntico.<\/li>\n<li><strong>Enfoque de espectro completo<\/strong>: A diferencia de los aceites de CBD aislado, que s\u00f3lo contienen CBD, el aceite de espectro completo ofrece una experiencia m\u00e1s completa al aprovechar la sinergia de todas las sustancias presentes.<\/li>\n<\/ol>\n<h3>Utilice Dr.Candy Full Spectrum CBD oil 30% 10ml<\/h3>\n<ul>\n<li>Tomar 2-4 gotas de aceite de CBD dos veces al d\u00eda cada vez<\/li>\n<li>Tomar aceite de CBD 30% Full spectrum 30 minutos antes o 30 minutos despu\u00e9s de una comida.<\/li>\n<\/ul>\n<h3>\u00bfHay THC en el aceite de CBD?<\/h3>\n<p>Adem\u00e1s de los cannabinoides y terpenos mencionados, durante el proceso de producci\u00f3n tambi\u00e9n queda un porcentaje muy peque\u00f1o de THC. Este porcentaje es inferior al 0,05% y no es mensurable. No puede sentirse drogado y puede, por supuesto, participar en el tr\u00e1fico.<\/p>\n<h3>Consejos de almacenamiento<\/h3>\n<p>Conservar en lugar fresco, oscuro y seco y fuera del alcance de los ni\u00f1os.<\/p>\n<h3>Contenido<\/h3>\n<p>Dr Candy Aceite de CBD Full Spectrum 30% &#8211; 10ML<\/p>\n","protected":false},"excerpt":{"rendered":"<p>El aceite de CBD Full Spectrum 30% de alta calidad del Dr. Candy es un ejemplo fascinante del enfoque vanguardista en el mundo de los productos de CBD. Este aceite destaca por su compleja composici\u00f3n, que va m\u00e1s all\u00e1 del CBD por s\u00ed solo. He aqu\u00ed algunos puntos clave que hacen especial a este aceite: [&hellip;]<\/p>\n","protected":false},"featured_media":37555,"comment_status":"closed","ping_status":"closed","template":"","meta":[],"product_brand":[],"product_cat":[288],"product_tag":[],"class_list":{"0":"post-33193","1":"product","2":"type-product","3":"status-publish","4":"has-post-thumbnail","6":"product_cat-cbd-y-suplementos-alimenticios","8":"first","9":"instock","10":"taxable","11":"shipping-taxable","12":"purchasable","13":"product-type-simple"},"yoast_head":"<!-- This site is optimized with the Yoast SEO Premium plugin v26.4 (Yoast SEO v27.2) - https:\/\/yoast.com\/product\/yoast-seo-premium-wordpress\/ -->\n<title>Aceite Premium de Espectro Completo 30% - 10 ML - Dutchmicrodosing<\/title>\n<meta name=\"description\" content=\"El aceite de CBD Full Spectrum 30% de alta calidad del Dr. Candy es un ejemplo fascinante del enfoque vanguardista en el mundo de los productos de CBD.\" \/>\n<meta name=\"robots\" content=\"index, follow, max-snippet:-1, max-image-preview:large, max-video-preview:-1\" \/>\n<link rel=\"canonical\" href=\"https:\/\/dutchmicrodosing.com\/es\/herbolario\/cbd-y-suplementos-alimenticios\/premium-full-spectrum-oil-30-10-ml\/\" \/>\n<meta property=\"og:locale\" content=\"es_ES\" \/>\n<meta property=\"og:type\" content=\"article\" \/>\n<meta property=\"og:title\" content=\"Aceite Premium de Espectro Completo 30% - 10 ML\" \/>\n<meta property=\"og:description\" content=\"El aceite de CBD Full Spectrum 30% de alta calidad del Dr. Candy es un ejemplo fascinante del enfoque vanguardista en el mundo de los productos de CBD.\" \/>\n<meta property=\"og:url\" content=\"https:\/\/dutchmicrodosing.com\/es\/herbolario\/cbd-y-suplementos-alimenticios\/premium-full-spectrum-oil-30-10-ml\/\" \/>\n<meta property=\"og:site_name\" content=\"Dutchmicrodosing\" \/>\n<meta property=\"article:publisher\" content=\"https:\/\/www.facebook.com\/Dutchmicrodosingxp\/\" \/>\n<meta property=\"article:modified_time\" content=\"2025-09-15T23:44:50+00:00\" \/>\n<meta property=\"og:image\" content=\"https:\/\/dutchmicrodosing.com\/wp-content\/uploads\/2023\/11\/Drcandy_Premium_30.jpg\" \/>\n\t<meta property=\"og:image:width\" content=\"1000\" \/>\n\t<meta property=\"og:image:height\" content=\"1000\" \/>\n\t<meta property=\"og:image:type\" content=\"image\/jpeg\" \/>\n<meta name=\"twitter:card\" content=\"summary_large_image\" \/>\n<script type=\"application\/ld+json\" class=\"yoast-schema-graph\">{\"@context\":\"https:\/\/schema.org\",\"@graph\":[{\"@type\":\"WebPage\",\"@id\":\"https:\/\/dutchmicrodosing.com\/es\/herbolario\/cbd-y-suplementos-alimenticios\/premium-full-spectrum-oil-30-10-ml\/\",\"url\":\"https:\/\/dutchmicrodosing.com\/es\/herbolario\/cbd-y-suplementos-alimenticios\/premium-full-spectrum-oil-30-10-ml\/\",\"name\":\"Aceite Premium de Espectro Completo 30% - 10 ML - Dutchmicrodosing\",\"isPartOf\":{\"@id\":\"https:\/\/dutchmicrodosing.com\/es\/#website\"},\"primaryImageOfPage\":{\"@id\":\"https:\/\/dutchmicrodosing.com\/es\/herbolario\/cbd-y-suplementos-alimenticios\/premium-full-spectrum-oil-30-10-ml\/#primaryimage\"},\"image\":{\"@id\":\"https:\/\/dutchmicrodosing.com\/es\/herbolario\/cbd-y-suplementos-alimenticios\/premium-full-spectrum-oil-30-10-ml\/#primaryimage\"},\"thumbnailUrl\":\"https:\/\/dutchmicrodosing.com\/wp-content\/uploads\/2023\/11\/Drcandy_Premium_30.jpg\",\"datePublished\":\"2023-11-10T13:10:16+00:00\",\"dateModified\":\"2025-09-15T23:44:50+00:00\",\"description\":\"El aceite de CBD Full Spectrum 30% de alta calidad del Dr. Candy es un ejemplo fascinante del enfoque vanguardista en el mundo de los productos de CBD.\",\"breadcrumb\":{\"@id\":\"https:\/\/dutchmicrodosing.com\/es\/herbolario\/cbd-y-suplementos-alimenticios\/premium-full-spectrum-oil-30-10-ml\/#breadcrumb\"},\"inLanguage\":\"es\",\"potentialAction\":[{\"@type\":\"ReadAction\",\"target\":[\"https:\/\/dutchmicrodosing.com\/es\/herbolario\/cbd-y-suplementos-alimenticios\/premium-full-spectrum-oil-30-10-ml\/\"]}]},{\"@type\":\"ImageObject\",\"inLanguage\":\"es\",\"@id\":\"https:\/\/dutchmicrodosing.com\/es\/herbolario\/cbd-y-suplementos-alimenticios\/premium-full-spectrum-oil-30-10-ml\/#primaryimage\",\"url\":\"https:\/\/dutchmicrodosing.com\/wp-content\/uploads\/2023\/11\/Drcandy_Premium_30.jpg\",\"contentUrl\":\"https:\/\/dutchmicrodosing.com\/wp-content\/uploads\/2023\/11\/Drcandy_Premium_30.jpg\",\"width\":1000,\"height\":1000},{\"@type\":\"BreadcrumbList\",\"@id\":\"https:\/\/dutchmicrodosing.com\/es\/herbolario\/cbd-y-suplementos-alimenticios\/premium-full-spectrum-oil-30-10-ml\/#breadcrumb\",\"itemListElement\":[{\"@type\":\"ListItem\",\"position\":1,\"name\":\"Home\",\"item\":\"https:\/\/dutchmicrodosing.com\/es\/\"},{\"@type\":\"ListItem\",\"position\":2,\"name\":\"Tienda\",\"item\":\"https:\/\/dutchmicrodosing.com\/es\/tienda\/\"},{\"@type\":\"ListItem\",\"position\":3,\"name\":\"Aceite Premium de Espectro Completo 30% &#8211; 10 ML\"}]},{\"@type\":\"WebSite\",\"@id\":\"https:\/\/dutchmicrodosing.com\/es\/#website\",\"url\":\"https:\/\/dutchmicrodosing.com\/es\/\",\"name\":\"Dutchmicrodosing\",\"description\":\"\",\"publisher\":{\"@id\":\"https:\/\/dutchmicrodosing.com\/es\/#organization\"},\"potentialAction\":[{\"@type\":\"SearchAction\",\"target\":{\"@type\":\"EntryPoint\",\"urlTemplate\":\"https:\/\/dutchmicrodosing.com\/es\/?s={search_term_string}\"},\"query-input\":{\"@type\":\"PropertyValueSpecification\",\"valueRequired\":true,\"valueName\":\"search_term_string\"}}],\"inLanguage\":\"es\"},{\"@type\":\"Organization\",\"@id\":\"https:\/\/dutchmicrodosing.com\/es\/#organization\",\"name\":\"Dutchmicrodosing\",\"url\":\"https:\/\/dutchmicrodosing.com\/es\/\",\"logo\":{\"@type\":\"ImageObject\",\"inLanguage\":\"es\",\"@id\":\"https:\/\/dutchmicrodosing.com\/es\/#\/schema\/logo\/image\/\",\"url\":\"https:\/\/dutchmicrodosing.com\/wp-content\/uploads\/2021\/01\/microdosing-categorie-pic-nieuw.jpg\",\"contentUrl\":\"https:\/\/dutchmicrodosing.com\/wp-content\/uploads\/2021\/01\/microdosing-categorie-pic-nieuw.jpg\",\"width\":500,\"height\":500,\"caption\":\"Dutchmicrodosing\"},\"image\":{\"@id\":\"https:\/\/dutchmicrodosing.com\/es\/#\/schema\/logo\/image\/\"},\"sameAs\":[\"https:\/\/www.facebook.com\/Dutchmicrodosingxp\/\",\"https:\/\/www.instagram.com\/dutchmicrodosing\/\"]}]}<\/script>\n<meta property=\"product:price:amount\" content=\"44.95\" \/>\n<meta property=\"product:price:currency\" content=\"EUR\" \/>\n<meta property=\"og:availability\" content=\"instock\" \/>\n<meta property=\"product:availability\" content=\"instock\" \/>\n<meta property=\"product:retailer_item_id\" content=\"3211928\" \/>\n<meta property=\"product:condition\" content=\"new\" \/>\n<!-- \/ Yoast SEO Premium plugin. -->","yoast_head_json":{"title":"Aceite Premium de Espectro Completo 30% - 10 ML - Dutchmicrodosing","description":"El aceite de CBD Full Spectrum 30% de alta calidad del Dr. Candy es un ejemplo fascinante del enfoque vanguardista en el mundo de los productos de CBD.","robots":{"index":"index","follow":"follow","max-snippet":"max-snippet:-1","max-image-preview":"max-image-preview:large","max-video-preview":"max-video-preview:-1"},"canonical":"https:\/\/dutchmicrodosing.com\/es\/herbolario\/cbd-y-suplementos-alimenticios\/premium-full-spectrum-oil-30-10-ml\/","og_locale":"es_ES","og_type":"article","og_title":"Aceite Premium de Espectro Completo 30% - 10 ML","og_description":"El aceite de CBD Full Spectrum 30% de alta calidad del Dr. Candy es un ejemplo fascinante del enfoque vanguardista en el mundo de los productos de CBD.","og_url":"https:\/\/dutchmicrodosing.com\/es\/herbolario\/cbd-y-suplementos-alimenticios\/premium-full-spectrum-oil-30-10-ml\/","og_site_name":"Dutchmicrodosing","article_publisher":"https:\/\/www.facebook.com\/Dutchmicrodosingxp\/","article_modified_time":"2025-09-15T23:44:50+00:00","og_image":[{"width":1000,"height":1000,"url":"https:\/\/dutchmicrodosing.com\/wp-content\/uploads\/2023\/11\/Drcandy_Premium_30.jpg","type":"image\/jpeg"}],"twitter_card":"summary_large_image","schema":{"@context":"https:\/\/schema.org","@graph":[{"@type":"WebPage","@id":"https:\/\/dutchmicrodosing.com\/es\/herbolario\/cbd-y-suplementos-alimenticios\/premium-full-spectrum-oil-30-10-ml\/","url":"https:\/\/dutchmicrodosing.com\/es\/herbolario\/cbd-y-suplementos-alimenticios\/premium-full-spectrum-oil-30-10-ml\/","name":"Aceite Premium de Espectro Completo 30% - 10 ML - Dutchmicrodosing","isPartOf":{"@id":"https:\/\/dutchmicrodosing.com\/es\/#website"},"primaryImageOfPage":{"@id":"https:\/\/dutchmicrodosing.com\/es\/herbolario\/cbd-y-suplementos-alimenticios\/premium-full-spectrum-oil-30-10-ml\/#primaryimage"},"image":{"@id":"https:\/\/dutchmicrodosing.com\/es\/herbolario\/cbd-y-suplementos-alimenticios\/premium-full-spectrum-oil-30-10-ml\/#primaryimage"},"thumbnailUrl":"https:\/\/dutchmicrodosing.com\/wp-content\/uploads\/2023\/11\/Drcandy_Premium_30.jpg","datePublished":"2023-11-10T13:10:16+00:00","dateModified":"2025-09-15T23:44:50+00:00","description":"El aceite de CBD Full Spectrum 30% de alta calidad del Dr. Candy es un ejemplo fascinante del enfoque vanguardista en el mundo de los productos de CBD.","breadcrumb":{"@id":"https:\/\/dutchmicrodosing.com\/es\/herbolario\/cbd-y-suplementos-alimenticios\/premium-full-spectrum-oil-30-10-ml\/#breadcrumb"},"inLanguage":"es","potentialAction":[{"@type":"ReadAction","target":["https:\/\/dutchmicrodosing.com\/es\/herbolario\/cbd-y-suplementos-alimenticios\/premium-full-spectrum-oil-30-10-ml\/"]}]},{"@type":"ImageObject","inLanguage":"es","@id":"https:\/\/dutchmicrodosing.com\/es\/herbolario\/cbd-y-suplementos-alimenticios\/premium-full-spectrum-oil-30-10-ml\/#primaryimage","url":"https:\/\/dutchmicrodosing.com\/wp-content\/uploads\/2023\/11\/Drcandy_Premium_30.jpg","contentUrl":"https:\/\/dutchmicrodosing.com\/wp-content\/uploads\/2023\/11\/Drcandy_Premium_30.jpg","width":1000,"height":1000},{"@type":"BreadcrumbList","@id":"https:\/\/dutchmicrodosing.com\/es\/herbolario\/cbd-y-suplementos-alimenticios\/premium-full-spectrum-oil-30-10-ml\/#breadcrumb","itemListElement":[{"@type":"ListItem","position":1,"name":"Home","item":"https:\/\/dutchmicrodosing.com\/es\/"},{"@type":"ListItem","position":2,"name":"Tienda","item":"https:\/\/dutchmicrodosing.com\/es\/tienda\/"},{"@type":"ListItem","position":3,"name":"Aceite Premium de Espectro Completo 30% &#8211; 10 ML"}]},{"@type":"WebSite","@id":"https:\/\/dutchmicrodosing.com\/es\/#website","url":"https:\/\/dutchmicrodosing.com\/es\/","name":"Dutchmicrodosing","description":"","publisher":{"@id":"https:\/\/dutchmicrodosing.com\/es\/#organization"},"potentialAction":[{"@type":"SearchAction","target":{"@type":"EntryPoint","urlTemplate":"https:\/\/dutchmicrodosing.com\/es\/?s={search_term_string}"},"query-input":{"@type":"PropertyValueSpecification","valueRequired":true,"valueName":"search_term_string"}}],"inLanguage":"es"},{"@type":"Organization","@id":"https:\/\/dutchmicrodosing.com\/es\/#organization","name":"Dutchmicrodosing","url":"https:\/\/dutchmicrodosing.com\/es\/","logo":{"@type":"ImageObject","inLanguage":"es","@id":"https:\/\/dutchmicrodosing.com\/es\/#\/schema\/logo\/image\/","url":"https:\/\/dutchmicrodosing.com\/wp-content\/uploads\/2021\/01\/microdosing-categorie-pic-nieuw.jpg","contentUrl":"https:\/\/dutchmicrodosing.com\/wp-content\/uploads\/2021\/01\/microdosing-categorie-pic-nieuw.jpg","width":500,"height":500,"caption":"Dutchmicrodosing"},"image":{"@id":"https:\/\/dutchmicrodosing.com\/es\/#\/schema\/logo\/image\/"},"sameAs":["https:\/\/www.facebook.com\/Dutchmicrodosingxp\/","https:\/\/www.instagram.com\/dutchmicrodosing\/"]}]},"product_price_amount":"44.95","product_price_currency":"EUR","og_availability":"instock","product_availability":"instock","product_retailer_item_id":"3211928","product_condition":"new"},"_links":{"self":[{"href":"https:\/\/dutchmicrodosing.com\/es\/wp-json\/wp\/v2\/product\/33193","targetHints":{"allow":["GET"]}}],"collection":[{"href":"https:\/\/dutchmicrodosing.com\/es\/wp-json\/wp\/v2\/product"}],"about":[{"href":"https:\/\/dutchmicrodosing.com\/es\/wp-json\/wp\/v2\/types\/product"}],"replies":[{"embeddable":true,"href":"https:\/\/dutchmicrodosing.com\/es\/wp-json\/wp\/v2\/comments?post=33193"}],"version-history":[{"count":0,"href":"https:\/\/dutchmicrodosing.com\/es\/wp-json\/wp\/v2\/product\/33193\/revisions"}],"wp:featuredmedia":[{"embeddable":true,"href":"https:\/\/dutchmicrodosing.com\/es\/wp-json\/wp\/v2\/media\/37555"}],"wp:attachment":[{"href":"https:\/\/dutchmicrodosing.com\/es\/wp-json\/wp\/v2\/media?parent=33193"}],"wp:term":[{"taxonomy":"product_brand","embeddable":true,"href":"https:\/\/dutchmicrodosing.com\/es\/wp-json\/wp\/v2\/product_brand?post=33193"},{"taxonomy":"product_cat","embeddable":true,"href":"https:\/\/dutchmicrodosing.com\/es\/wp-json\/wp\/v2\/product_cat?post=33193"},{"taxonomy":"product_tag","embeddable":true,"href":"https:\/\/dutchmicrodosing.com\/es\/wp-json\/wp\/v2\/product_tag?post=33193"}],"curies":[{"name":"wp","href":"https:\/\/api.w.org\/{rel}","templated":true}]}}