{"id":33255,"date":"2023-12-13T11:34:18","date_gmt":"2023-12-13T10:34:18","guid":{"rendered":"https:\/\/dutchmicrodosing.com\/shop\/sin%20categor\u00eda\/hongos-azucarados-25-gr\/"},"modified":"2026-02-03T16:42:36","modified_gmt":"2026-02-03T15:42:36","slug":"hongos-azucarados-25-gr","status":"publish","type":"product","link":"https:\/\/dutchmicrodosing.com\/es\/trufas-de-psilocibina\/trufas-magicas\/hongos-azucarados-25-gr\/","title":{"rendered":"Setas de az\u00facar 25 Gr"},"content":{"rendered":"<p>Bienvenido a <strong>SugaShrooms<\/strong> \u00abPsilocybe Amanitea\u00bb, un mundo misterioso y seductor donde cada trufa m\u00e1gica abre una puerta a una aventura sin precedentes. Ad\u00e9ntrese en un paisaje donde los colores vibrantes bailan ante sus ojos, y cada tono y matiz cuenta su propia historia. En el mundo de SugaShrooms \u00abPsilocybe Amanitea\u00bb, tus sentidos se despiertan y se agudizan, permiti\u00e9ndote experimentar una realidad m\u00e1s rica e intensa que cualquier cosa que hayas conocido antes.<\/p>\n<h2>\u00bfQu\u00e9 hace m\u00e1gicas a las trufas Sugashrooms?<\/h2>\n<p>Las Trufas SugaShrooms son trufas m\u00e1gicas gracias al ingrediente activo psilocibina. Esto provoca las alucinaciones visuales y las visiones que tienes despu\u00e9s de comer las trufas m\u00e1gicas. Por ello, la psilocibina es enormemente popular, lo que convierte a las trufas sugashrooms en una de las trufas m\u00e1gicas m\u00e1s populares de los Pa\u00edses Bajos.<\/p>\n<h2>\u00bfC\u00f3mo se utilizan las trufas SugaShrooms?<\/h2>\n<p>Es preferible comer las trufas de hongos azucarados por etapas. Especialmente cuando se utiliza por primera vez. Por lo tanto, tome primero media dosis de las trufas para comprobar su reacci\u00f3n. Observar\u00e1 que al cabo de unos 45 minutos, el principio activo psilocina har\u00e1 efecto. En ese momento, tambi\u00e9n decides si quieres comer m\u00e1s trufas o si esto es suficiente para un fuerte viaje visual. Elige utilizar las trufas en un entorno tranquilo y familiar. Recomendamos tener siempre cerca un cuidador de viaje. Las trufas funcionan mejor con el est\u00f3mago vac\u00edo. Aseg\u00farese de que los efectos sean \u00f3ptimos masticando bien y largamente las trufas de hongos azucarados antes de tragarlas. Tambi\u00e9n puedes optar por preparar t\u00e9 con ella. Para ello, coloca las trufas troceadas en agua caliente (65 grados) durante 20 minutos y deja que se infusionen.<\/p>\n<h2>Consejos de conservaci\u00f3n Trufas SugaShrooms<\/h2>\n<p>Si guarda las trufas Sugashrooms en un lugar fresco y seco, podr\u00e1 conservarlas durante al menos un mes m\u00e1s. La temperatura ideal es entre 2 y 4 grados cent\u00edgrados. Aseg\u00farese de comprobar la fecha de caducidad que figura en el envase para saber cu\u00e1nto tiempo se conservan. Mantenga este producto fuera del alcance de los ni\u00f1os.<\/p>\n<h2>Contenido SugaShrooms<\/h2>\n<p>McSmart SugaShrooms &#8211; 25 gramos<\/p>\n<h2>Compra tus Trufas online en Dutchmicrodosing<\/h2>\n<p>Estas trufas m\u00e1gicas est\u00e1n disponibles en l\u00ednea. Cuando lo pida, lo recibir\u00e1 ordenado y r\u00e1pidamente en su casa. Puede comprarnos sugashrooms en cajas de 25 gramos de trufas m\u00e1gicas. Todas las trufas que suministramos son frescas y se entregan envasadas al vac\u00edo.<\/p>\n<h3>Advertencia sobre el producto<\/h3>\n<ul>\n<li>No utilice las trufas de hongos si est\u00e1 de mal humor, deprimido, psic\u00f3tico o con alg\u00fan otro sesgo mental. Las trufas m\u00e1gicas no son aptas para menores o mujeres embarazadas, ni es prudente conducir o manejar maquinaria pesada bajo los efectos de la psilocibina.<\/li>\n<li>Las trufas de hongos no deben utilizarse nunca en combinaci\u00f3n con alcohol u otras drogas (recetadas o ilegales). Empieza con una peque\u00f1a dosis y aseg\u00farate de que te sientes c\u00f3modo con la compa\u00f1\u00eda y el entorno.<\/li>\n<li>Todas nuestras trufas de setas m\u00e1gicas est\u00e1n reci\u00e9n envasadas. Hay que guardarlos en la nevera. Sin abrir, se pueden conservar en la nevera durante unos 2 meses. Sin embargo, una vez abiertas, las trufas s\u00f3lo pueden conservarse durante unos d\u00edas.<\/li>\n<\/ul>\n<h2>Las Trufas M\u00e1gicas contienen los siguientes valores nutricionales por 100 gramos:<\/h2>\n<ul>\n<li>Energ\u00eda 464,7 kJ<\/li>\n<li>Energ\u00eda 110,5 kcal<\/li>\n<li>Carbohidratos 13,2 gramos<\/li>\n<li>Prote\u00edna 5,3 gramos<\/li>\n<li>Grasa 0,4 gramos<\/li>\n<li>Fibra alimentaria 16,7 gramos<\/li>\n<li>Sal ( NaCl) 0,3 gramos<\/li>\n<li>Vitamina D 10,0 UI<\/li>\n<li>Sodio (Na) 13,6 mg<\/li>\n<li>F\u00f3sforo (P) 169,3 mg<\/li>\n<li>Potasio (K) 210,0 mg<\/li>\n<li>Calcio (Ca) 12,5 mg<\/li>\n<li>Hierro (F) 0,7 mg<\/li>\n<\/ul>\n","protected":false},"excerpt":{"rendered":"<p>Bienvenido a SugaShrooms \u00abPsilocybe Amanitea\u00bb, un mundo misterioso y seductor donde cada trufa m\u00e1gica abre una puerta a una aventura sin precedentes. Ad\u00e9ntrese en un paisaje donde los colores vibrantes bailan ante sus ojos, y cada tono y matiz cuenta su propia historia. En el mundo de SugaShrooms \u00abPsilocybe Amanitea\u00bb, tus sentidos se despiertan y [&hellip;]<\/p>\n","protected":false},"featured_media":33250,"comment_status":"closed","ping_status":"closed","template":"","meta":[],"product_brand":[],"product_cat":[204],"product_tag":[],"class_list":{"0":"post-33255","1":"product","2":"type-product","3":"status-publish","4":"has-post-thumbnail","6":"product_cat-trufas-magicas","8":"first","9":"instock","10":"taxable","11":"shipping-taxable","12":"purchasable","13":"product-type-simple"},"yoast_head":"<!-- This site is optimized with the Yoast SEO Premium plugin v26.4 (Yoast SEO v27.2) - https:\/\/yoast.com\/product\/yoast-seo-premium-wordpress\/ -->\n<title>Setas de az\u00facar 25 Gr - Dutchmicrodosing<\/title>\n<meta name=\"description\" content=\"Bienvenido a SugaShrooms &quot;Psilocybe Amanitea&quot;, un mundo misterioso y seductor donde cada trufa m\u00e1gica abre una puerta a una aventura sin precedentes....\" \/>\n<meta name=\"robots\" content=\"index, follow, max-snippet:-1, max-image-preview:large, max-video-preview:-1\" \/>\n<link rel=\"canonical\" href=\"https:\/\/dutchmicrodosing.com\/es\/trufas-de-psilocibina\/trufas-magicas\/hongos-azucarados-25-gr\/\" \/>\n<meta property=\"og:locale\" content=\"es_ES\" \/>\n<meta property=\"og:type\" content=\"article\" \/>\n<meta property=\"og:title\" content=\"Setas de az\u00facar 25 Gr\" \/>\n<meta property=\"og:description\" content=\"Bienvenido a SugaShrooms &quot;Psilocybe Amanitea&quot;, un mundo misterioso y seductor donde cada trufa m\u00e1gica abre una puerta a una aventura sin precedentes.\" \/>\n<meta property=\"og:url\" content=\"https:\/\/dutchmicrodosing.com\/es\/trufas-de-psilocibina\/trufas-magicas\/hongos-azucarados-25-gr\/\" \/>\n<meta property=\"og:site_name\" content=\"Dutchmicrodosing\" \/>\n<meta property=\"article:publisher\" content=\"https:\/\/www.facebook.com\/Dutchmicrodosingxp\/\" \/>\n<meta property=\"article:modified_time\" content=\"2026-02-03T15:42:36+00:00\" \/>\n<meta property=\"og:image\" content=\"https:\/\/dutchmicrodosing.com\/wp-content\/uploads\/2023\/12\/Sugashrooms_01.jpg\" \/>\n\t<meta property=\"og:image:width\" content=\"1000\" \/>\n\t<meta property=\"og:image:height\" content=\"1000\" \/>\n\t<meta property=\"og:image:type\" content=\"image\/jpeg\" \/>\n<meta name=\"twitter:card\" content=\"summary_large_image\" \/>\n<script type=\"application\/ld+json\" class=\"yoast-schema-graph\">{\"@context\":\"https:\/\/schema.org\",\"@graph\":[{\"@type\":\"WebPage\",\"@id\":\"https:\/\/dutchmicrodosing.com\/es\/trufas-de-psilocibina\/trufas-magicas\/hongos-azucarados-25-gr\/\",\"url\":\"https:\/\/dutchmicrodosing.com\/es\/trufas-de-psilocibina\/trufas-magicas\/hongos-azucarados-25-gr\/\",\"name\":\"Setas de az\u00facar 25 Gr - Dutchmicrodosing\",\"isPartOf\":{\"@id\":\"https:\/\/dutchmicrodosing.com\/es\/#website\"},\"primaryImageOfPage\":{\"@id\":\"https:\/\/dutchmicrodosing.com\/es\/trufas-de-psilocibina\/trufas-magicas\/hongos-azucarados-25-gr\/#primaryimage\"},\"image\":{\"@id\":\"https:\/\/dutchmicrodosing.com\/es\/trufas-de-psilocibina\/trufas-magicas\/hongos-azucarados-25-gr\/#primaryimage\"},\"thumbnailUrl\":\"https:\/\/dutchmicrodosing.com\/wp-content\/uploads\/2023\/12\/Sugashrooms_01.jpg\",\"datePublished\":\"2023-12-13T10:34:18+00:00\",\"dateModified\":\"2026-02-03T15:42:36+00:00\",\"description\":\"Bienvenido a SugaShrooms \\\"Psilocybe Amanitea\\\", un mundo misterioso y seductor donde cada trufa m\u00e1gica abre una puerta a una aventura sin precedentes....\",\"breadcrumb\":{\"@id\":\"https:\/\/dutchmicrodosing.com\/es\/trufas-de-psilocibina\/trufas-magicas\/hongos-azucarados-25-gr\/#breadcrumb\"},\"inLanguage\":\"es\",\"potentialAction\":[{\"@type\":\"ReadAction\",\"target\":[\"https:\/\/dutchmicrodosing.com\/es\/trufas-de-psilocibina\/trufas-magicas\/hongos-azucarados-25-gr\/\"]}]},{\"@type\":\"ImageObject\",\"inLanguage\":\"es\",\"@id\":\"https:\/\/dutchmicrodosing.com\/es\/trufas-de-psilocibina\/trufas-magicas\/hongos-azucarados-25-gr\/#primaryimage\",\"url\":\"https:\/\/dutchmicrodosing.com\/wp-content\/uploads\/2023\/12\/Sugashrooms_01.jpg\",\"contentUrl\":\"https:\/\/dutchmicrodosing.com\/wp-content\/uploads\/2023\/12\/Sugashrooms_01.jpg\",\"width\":1000,\"height\":1000},{\"@type\":\"BreadcrumbList\",\"@id\":\"https:\/\/dutchmicrodosing.com\/es\/trufas-de-psilocibina\/trufas-magicas\/hongos-azucarados-25-gr\/#breadcrumb\",\"itemListElement\":[{\"@type\":\"ListItem\",\"position\":1,\"name\":\"Home\",\"item\":\"https:\/\/dutchmicrodosing.com\/es\/\"},{\"@type\":\"ListItem\",\"position\":2,\"name\":\"Tienda\",\"item\":\"https:\/\/dutchmicrodosing.com\/es\/tienda\/\"},{\"@type\":\"ListItem\",\"position\":3,\"name\":\"Setas de az\u00facar 25 Gr\"}]},{\"@type\":\"WebSite\",\"@id\":\"https:\/\/dutchmicrodosing.com\/es\/#website\",\"url\":\"https:\/\/dutchmicrodosing.com\/es\/\",\"name\":\"Dutchmicrodosing\",\"description\":\"\",\"publisher\":{\"@id\":\"https:\/\/dutchmicrodosing.com\/es\/#organization\"},\"potentialAction\":[{\"@type\":\"SearchAction\",\"target\":{\"@type\":\"EntryPoint\",\"urlTemplate\":\"https:\/\/dutchmicrodosing.com\/es\/?s={search_term_string}\"},\"query-input\":{\"@type\":\"PropertyValueSpecification\",\"valueRequired\":true,\"valueName\":\"search_term_string\"}}],\"inLanguage\":\"es\"},{\"@type\":\"Organization\",\"@id\":\"https:\/\/dutchmicrodosing.com\/es\/#organization\",\"name\":\"Dutchmicrodosing\",\"url\":\"https:\/\/dutchmicrodosing.com\/es\/\",\"logo\":{\"@type\":\"ImageObject\",\"inLanguage\":\"es\",\"@id\":\"https:\/\/dutchmicrodosing.com\/es\/#\/schema\/logo\/image\/\",\"url\":\"https:\/\/dutchmicrodosing.com\/wp-content\/uploads\/2021\/01\/microdosing-categorie-pic-nieuw.jpg\",\"contentUrl\":\"https:\/\/dutchmicrodosing.com\/wp-content\/uploads\/2021\/01\/microdosing-categorie-pic-nieuw.jpg\",\"width\":500,\"height\":500,\"caption\":\"Dutchmicrodosing\"},\"image\":{\"@id\":\"https:\/\/dutchmicrodosing.com\/es\/#\/schema\/logo\/image\/\"},\"sameAs\":[\"https:\/\/www.facebook.com\/Dutchmicrodosingxp\/\",\"https:\/\/www.instagram.com\/dutchmicrodosing\/\"]}]}<\/script>\n<meta property=\"product:price:amount\" content=\"19.95\" \/>\n<meta property=\"product:price:currency\" content=\"EUR\" \/>\n<meta property=\"og:availability\" content=\"instock\" \/>\n<meta property=\"product:availability\" content=\"instock\" \/>\n<meta property=\"product:retailer_item_id\" content=\"3212466\" \/>\n<meta property=\"product:condition\" content=\"new\" \/>\n<!-- \/ Yoast SEO Premium plugin. -->","yoast_head_json":{"title":"Setas de az\u00facar 25 Gr - Dutchmicrodosing","description":"Bienvenido a SugaShrooms \"Psilocybe Amanitea\", un mundo misterioso y seductor donde cada trufa m\u00e1gica abre una puerta a una aventura sin precedentes....","robots":{"index":"index","follow":"follow","max-snippet":"max-snippet:-1","max-image-preview":"max-image-preview:large","max-video-preview":"max-video-preview:-1"},"canonical":"https:\/\/dutchmicrodosing.com\/es\/trufas-de-psilocibina\/trufas-magicas\/hongos-azucarados-25-gr\/","og_locale":"es_ES","og_type":"article","og_title":"Setas de az\u00facar 25 Gr","og_description":"Bienvenido a SugaShrooms \"Psilocybe Amanitea\", un mundo misterioso y seductor donde cada trufa m\u00e1gica abre una puerta a una aventura sin precedentes.","og_url":"https:\/\/dutchmicrodosing.com\/es\/trufas-de-psilocibina\/trufas-magicas\/hongos-azucarados-25-gr\/","og_site_name":"Dutchmicrodosing","article_publisher":"https:\/\/www.facebook.com\/Dutchmicrodosingxp\/","article_modified_time":"2026-02-03T15:42:36+00:00","og_image":[{"width":1000,"height":1000,"url":"https:\/\/dutchmicrodosing.com\/wp-content\/uploads\/2023\/12\/Sugashrooms_01.jpg","type":"image\/jpeg"}],"twitter_card":"summary_large_image","schema":{"@context":"https:\/\/schema.org","@graph":[{"@type":"WebPage","@id":"https:\/\/dutchmicrodosing.com\/es\/trufas-de-psilocibina\/trufas-magicas\/hongos-azucarados-25-gr\/","url":"https:\/\/dutchmicrodosing.com\/es\/trufas-de-psilocibina\/trufas-magicas\/hongos-azucarados-25-gr\/","name":"Setas de az\u00facar 25 Gr - Dutchmicrodosing","isPartOf":{"@id":"https:\/\/dutchmicrodosing.com\/es\/#website"},"primaryImageOfPage":{"@id":"https:\/\/dutchmicrodosing.com\/es\/trufas-de-psilocibina\/trufas-magicas\/hongos-azucarados-25-gr\/#primaryimage"},"image":{"@id":"https:\/\/dutchmicrodosing.com\/es\/trufas-de-psilocibina\/trufas-magicas\/hongos-azucarados-25-gr\/#primaryimage"},"thumbnailUrl":"https:\/\/dutchmicrodosing.com\/wp-content\/uploads\/2023\/12\/Sugashrooms_01.jpg","datePublished":"2023-12-13T10:34:18+00:00","dateModified":"2026-02-03T15:42:36+00:00","description":"Bienvenido a SugaShrooms \"Psilocybe Amanitea\", un mundo misterioso y seductor donde cada trufa m\u00e1gica abre una puerta a una aventura sin precedentes....","breadcrumb":{"@id":"https:\/\/dutchmicrodosing.com\/es\/trufas-de-psilocibina\/trufas-magicas\/hongos-azucarados-25-gr\/#breadcrumb"},"inLanguage":"es","potentialAction":[{"@type":"ReadAction","target":["https:\/\/dutchmicrodosing.com\/es\/trufas-de-psilocibina\/trufas-magicas\/hongos-azucarados-25-gr\/"]}]},{"@type":"ImageObject","inLanguage":"es","@id":"https:\/\/dutchmicrodosing.com\/es\/trufas-de-psilocibina\/trufas-magicas\/hongos-azucarados-25-gr\/#primaryimage","url":"https:\/\/dutchmicrodosing.com\/wp-content\/uploads\/2023\/12\/Sugashrooms_01.jpg","contentUrl":"https:\/\/dutchmicrodosing.com\/wp-content\/uploads\/2023\/12\/Sugashrooms_01.jpg","width":1000,"height":1000},{"@type":"BreadcrumbList","@id":"https:\/\/dutchmicrodosing.com\/es\/trufas-de-psilocibina\/trufas-magicas\/hongos-azucarados-25-gr\/#breadcrumb","itemListElement":[{"@type":"ListItem","position":1,"name":"Home","item":"https:\/\/dutchmicrodosing.com\/es\/"},{"@type":"ListItem","position":2,"name":"Tienda","item":"https:\/\/dutchmicrodosing.com\/es\/tienda\/"},{"@type":"ListItem","position":3,"name":"Setas de az\u00facar 25 Gr"}]},{"@type":"WebSite","@id":"https:\/\/dutchmicrodosing.com\/es\/#website","url":"https:\/\/dutchmicrodosing.com\/es\/","name":"Dutchmicrodosing","description":"","publisher":{"@id":"https:\/\/dutchmicrodosing.com\/es\/#organization"},"potentialAction":[{"@type":"SearchAction","target":{"@type":"EntryPoint","urlTemplate":"https:\/\/dutchmicrodosing.com\/es\/?s={search_term_string}"},"query-input":{"@type":"PropertyValueSpecification","valueRequired":true,"valueName":"search_term_string"}}],"inLanguage":"es"},{"@type":"Organization","@id":"https:\/\/dutchmicrodosing.com\/es\/#organization","name":"Dutchmicrodosing","url":"https:\/\/dutchmicrodosing.com\/es\/","logo":{"@type":"ImageObject","inLanguage":"es","@id":"https:\/\/dutchmicrodosing.com\/es\/#\/schema\/logo\/image\/","url":"https:\/\/dutchmicrodosing.com\/wp-content\/uploads\/2021\/01\/microdosing-categorie-pic-nieuw.jpg","contentUrl":"https:\/\/dutchmicrodosing.com\/wp-content\/uploads\/2021\/01\/microdosing-categorie-pic-nieuw.jpg","width":500,"height":500,"caption":"Dutchmicrodosing"},"image":{"@id":"https:\/\/dutchmicrodosing.com\/es\/#\/schema\/logo\/image\/"},"sameAs":["https:\/\/www.facebook.com\/Dutchmicrodosingxp\/","https:\/\/www.instagram.com\/dutchmicrodosing\/"]}]},"product_price_amount":"19.95","product_price_currency":"EUR","og_availability":"instock","product_availability":"instock","product_retailer_item_id":"3212466","product_condition":"new"},"_links":{"self":[{"href":"https:\/\/dutchmicrodosing.com\/es\/wp-json\/wp\/v2\/product\/33255","targetHints":{"allow":["GET"]}}],"collection":[{"href":"https:\/\/dutchmicrodosing.com\/es\/wp-json\/wp\/v2\/product"}],"about":[{"href":"https:\/\/dutchmicrodosing.com\/es\/wp-json\/wp\/v2\/types\/product"}],"replies":[{"embeddable":true,"href":"https:\/\/dutchmicrodosing.com\/es\/wp-json\/wp\/v2\/comments?post=33255"}],"version-history":[{"count":1,"href":"https:\/\/dutchmicrodosing.com\/es\/wp-json\/wp\/v2\/product\/33255\/revisions"}],"predecessor-version":[{"id":64297,"href":"https:\/\/dutchmicrodosing.com\/es\/wp-json\/wp\/v2\/product\/33255\/revisions\/64297"}],"wp:featuredmedia":[{"embeddable":true,"href":"https:\/\/dutchmicrodosing.com\/es\/wp-json\/wp\/v2\/media\/33250"}],"wp:attachment":[{"href":"https:\/\/dutchmicrodosing.com\/es\/wp-json\/wp\/v2\/media?parent=33255"}],"wp:term":[{"taxonomy":"product_brand","embeddable":true,"href":"https:\/\/dutchmicrodosing.com\/es\/wp-json\/wp\/v2\/product_brand?post=33255"},{"taxonomy":"product_cat","embeddable":true,"href":"https:\/\/dutchmicrodosing.com\/es\/wp-json\/wp\/v2\/product_cat?post=33255"},{"taxonomy":"product_tag","embeddable":true,"href":"https:\/\/dutchmicrodosing.com\/es\/wp-json\/wp\/v2\/product_tag?post=33255"}],"curies":[{"name":"wp","href":"https:\/\/api.w.org\/{rel}","templated":true}]}}