{"id":33747,"date":"2024-01-03T17:48:38","date_gmt":"2024-01-03T16:48:38","guid":{"rendered":"https:\/\/dutchmicrodosing.com\/shop\/sin%20categor\u00eda\/cbd-olie-bosvruchten-10-10ml-1000mg\/"},"modified":"2026-02-03T16:42:37","modified_gmt":"2026-02-03T15:42:37","slug":"cbd-olie-bosvruchten-10-10ml-1000mg","status":"publish","type":"product","link":"https:\/\/dutchmicrodosing.com\/es\/herbolario\/cbd-y-suplementos-alimenticios\/cbd-olie-bosvruchten-10-10ml-1000mg\/","title":{"rendered":"Aceite CBD Fruta del Bosque 10% &#8211; 10ML (1000MG)"},"content":{"rendered":"<p>Estamos encantados de presentar el <strong>aceite de CBD con sabor a frutas del bosque 10% de Dr<\/strong> Candy, un producto de alta calidad formulado con cuidado y precisi\u00f3n a partir de los mejores ingredientes. Este aceite de alta calidad contiene un extracto destilado enriquecido con una amplia gama de cannabinoides menores. Para una experiencia de sabor a\u00fan mejor, el aceite est\u00e1 enriquecido con aceite MCT y terpenos naturales de frutas del bosque. El aceite de MCT es conocido por sus m\u00faltiples beneficios, como favorecer la p\u00e9rdida de peso, proporcionar energ\u00eda instant\u00e1nea y favorecer la funci\u00f3n cerebral. La adici\u00f3n de terpenos naturales de frutas del bosque confiere al aceite un sabor delicioso.<\/p>\n<h3>Ingredientes<\/h3>\n<p>10% CBD, aceite MCT y terpenos naturales de frutas del bosque.<\/p>\n<h3>Utilice<\/h3>\n<ul>\n<li>Poner 2 gotas bajo la lengua<\/li>\n<li>M\u00e1ximo 10 gotas<\/li>\n<li>Agitar bien antes de usar<\/li>\n<li>No superar la dosis diaria recomendada<\/li>\n<\/ul>\n<h3><strong>Consejos de almacenamiento<\/strong><\/h3>\n<p>Conservar en lugar fresco, oscuro y seco y fuera del alcance de los ni\u00f1os.<\/p>\n<h3><strong>Contenido<\/strong><\/h3>\n<p>Dr Candy Aceite CBD frutos del bosque 10% &#8211; 10ML<\/p>\n","protected":false},"excerpt":{"rendered":"<p>Estamos encantados de presentar el aceite de CBD con sabor a frutas del bosque 10% de Dr Candy, un producto de alta calidad formulado con cuidado y precisi\u00f3n a partir de los mejores ingredientes. Este aceite de alta calidad contiene un extracto destilado enriquecido con una amplia gama de cannabinoides menores. Para una experiencia de [&hellip;]<\/p>\n","protected":false},"featured_media":33713,"comment_status":"closed","ping_status":"closed","template":"","meta":[],"product_brand":[],"product_cat":[288],"product_tag":[],"class_list":{"0":"post-33747","1":"product","2":"type-product","3":"status-publish","4":"has-post-thumbnail","6":"product_cat-cbd-y-suplementos-alimenticios","8":"first","9":"instock","10":"taxable","11":"shipping-taxable","12":"purchasable","13":"product-type-simple"},"yoast_head":"<!-- This site is optimized with the Yoast SEO Premium plugin v26.4 (Yoast SEO v27.4) - https:\/\/yoast.com\/product\/yoast-seo-premium-wordpress\/ -->\n<title>Aceite CBD Fruta del Bosque 10% - 10ML (1000MG) - Dutchmicrodosing<\/title>\n<meta name=\"description\" content=\"Estamos encantados de presentar el aceite de CBD con sabor a frutas del bosque 10% de Dr Candy, \u00a1\u00a1\u00a1un producto \u00fanico formulado con esmero y precisi\u00f3n!!!\" \/>\n<meta name=\"robots\" content=\"index, follow, max-snippet:-1, max-image-preview:large, max-video-preview:-1\" \/>\n<link rel=\"canonical\" href=\"https:\/\/dutchmicrodosing.com\/es\/herbolario\/cbd-y-suplementos-alimenticios\/cbd-olie-bosvruchten-10-10ml-1000mg\/\" \/>\n<meta property=\"og:locale\" content=\"es_ES\" \/>\n<meta property=\"og:type\" content=\"article\" \/>\n<meta property=\"og:title\" content=\"Aceite CBD Fruta del Bosque 10% - 10ML (1000MG)\" \/>\n<meta property=\"og:description\" content=\"Estamos encantados de presentar el aceite de CBD con sabor a frutas del bosque 10% de Dr Candy, un producto de alta calidad formulado con cuidado y\" \/>\n<meta property=\"og:url\" content=\"https:\/\/dutchmicrodosing.com\/es\/herbolario\/cbd-y-suplementos-alimenticios\/cbd-olie-bosvruchten-10-10ml-1000mg\/\" \/>\n<meta property=\"og:site_name\" content=\"Dutchmicrodosing\" \/>\n<meta property=\"article:publisher\" content=\"https:\/\/www.facebook.com\/Dutchmicrodosingxp\/\" \/>\n<meta property=\"article:modified_time\" content=\"2026-02-03T15:42:37+00:00\" \/>\n<meta property=\"og:image\" content=\"https:\/\/dutchmicrodosing.com\/wp-content\/uploads\/2024\/01\/Voorkant_forrestfruit-002.png\" \/>\n\t<meta property=\"og:image:width\" content=\"1000\" \/>\n\t<meta property=\"og:image:height\" content=\"1000\" \/>\n\t<meta property=\"og:image:type\" content=\"image\/png\" \/>\n<meta name=\"twitter:card\" content=\"summary_large_image\" \/>\n<script type=\"application\/ld+json\" class=\"yoast-schema-graph\">{\"@context\":\"https:\\\/\\\/schema.org\",\"@graph\":[{\"@type\":\"WebPage\",\"@id\":\"https:\\\/\\\/dutchmicrodosing.com\\\/es\\\/herbolario\\\/cbd-y-suplementos-alimenticios\\\/cbd-olie-bosvruchten-10-10ml-1000mg\\\/\",\"url\":\"https:\\\/\\\/dutchmicrodosing.com\\\/es\\\/herbolario\\\/cbd-y-suplementos-alimenticios\\\/cbd-olie-bosvruchten-10-10ml-1000mg\\\/\",\"name\":\"Aceite CBD Fruta del Bosque 10% - 10ML (1000MG) - Dutchmicrodosing\",\"isPartOf\":{\"@id\":\"https:\\\/\\\/dutchmicrodosing.com\\\/es\\\/#website\"},\"primaryImageOfPage\":{\"@id\":\"https:\\\/\\\/dutchmicrodosing.com\\\/es\\\/herbolario\\\/cbd-y-suplementos-alimenticios\\\/cbd-olie-bosvruchten-10-10ml-1000mg\\\/#primaryimage\"},\"image\":{\"@id\":\"https:\\\/\\\/dutchmicrodosing.com\\\/es\\\/herbolario\\\/cbd-y-suplementos-alimenticios\\\/cbd-olie-bosvruchten-10-10ml-1000mg\\\/#primaryimage\"},\"thumbnailUrl\":\"https:\\\/\\\/dutchmicrodosing.com\\\/wp-content\\\/uploads\\\/2024\\\/01\\\/Voorkant_forrestfruit-002.png\",\"datePublished\":\"2024-01-03T16:48:38+00:00\",\"dateModified\":\"2026-02-03T15:42:37+00:00\",\"description\":\"Estamos encantados de presentar el aceite de CBD con sabor a frutas del bosque 10% de Dr Candy, \u00a1\u00a1\u00a1un producto \u00fanico formulado con esmero y precisi\u00f3n!!!\",\"breadcrumb\":{\"@id\":\"https:\\\/\\\/dutchmicrodosing.com\\\/es\\\/herbolario\\\/cbd-y-suplementos-alimenticios\\\/cbd-olie-bosvruchten-10-10ml-1000mg\\\/#breadcrumb\"},\"inLanguage\":\"es\",\"potentialAction\":[{\"@type\":\"ReadAction\",\"target\":[\"https:\\\/\\\/dutchmicrodosing.com\\\/es\\\/herbolario\\\/cbd-y-suplementos-alimenticios\\\/cbd-olie-bosvruchten-10-10ml-1000mg\\\/\"]}]},{\"@type\":\"ImageObject\",\"inLanguage\":\"es\",\"@id\":\"https:\\\/\\\/dutchmicrodosing.com\\\/es\\\/herbolario\\\/cbd-y-suplementos-alimenticios\\\/cbd-olie-bosvruchten-10-10ml-1000mg\\\/#primaryimage\",\"url\":\"https:\\\/\\\/dutchmicrodosing.com\\\/wp-content\\\/uploads\\\/2024\\\/01\\\/Voorkant_forrestfruit-002.png\",\"contentUrl\":\"https:\\\/\\\/dutchmicrodosing.com\\\/wp-content\\\/uploads\\\/2024\\\/01\\\/Voorkant_forrestfruit-002.png\",\"width\":1000,\"height\":1000},{\"@type\":\"BreadcrumbList\",\"@id\":\"https:\\\/\\\/dutchmicrodosing.com\\\/es\\\/herbolario\\\/cbd-y-suplementos-alimenticios\\\/cbd-olie-bosvruchten-10-10ml-1000mg\\\/#breadcrumb\",\"itemListElement\":[{\"@type\":\"ListItem\",\"position\":1,\"name\":\"Home\",\"item\":\"https:\\\/\\\/dutchmicrodosing.com\\\/es\\\/\"},{\"@type\":\"ListItem\",\"position\":2,\"name\":\"Tienda\",\"item\":\"https:\\\/\\\/dutchmicrodosing.com\\\/es\\\/tienda\\\/\"},{\"@type\":\"ListItem\",\"position\":3,\"name\":\"Aceite CBD Fruta del Bosque 10% &#8211; 10ML (1000MG)\"}]},{\"@type\":\"WebSite\",\"@id\":\"https:\\\/\\\/dutchmicrodosing.com\\\/es\\\/#website\",\"url\":\"https:\\\/\\\/dutchmicrodosing.com\\\/es\\\/\",\"name\":\"Dutchmicrodosing\",\"description\":\"\",\"publisher\":{\"@id\":\"https:\\\/\\\/dutchmicrodosing.com\\\/es\\\/#organization\"},\"potentialAction\":[{\"@type\":\"SearchAction\",\"target\":{\"@type\":\"EntryPoint\",\"urlTemplate\":\"https:\\\/\\\/dutchmicrodosing.com\\\/es\\\/?s={search_term_string}\"},\"query-input\":{\"@type\":\"PropertyValueSpecification\",\"valueRequired\":true,\"valueName\":\"search_term_string\"}}],\"inLanguage\":\"es\"},{\"@type\":\"Organization\",\"@id\":\"https:\\\/\\\/dutchmicrodosing.com\\\/es\\\/#organization\",\"name\":\"Dutchmicrodosing\",\"url\":\"https:\\\/\\\/dutchmicrodosing.com\\\/es\\\/\",\"logo\":{\"@type\":\"ImageObject\",\"inLanguage\":\"es\",\"@id\":\"https:\\\/\\\/dutchmicrodosing.com\\\/es\\\/#\\\/schema\\\/logo\\\/image\\\/\",\"url\":\"https:\\\/\\\/dutchmicrodosing.com\\\/wp-content\\\/uploads\\\/2021\\\/01\\\/microdosing-categorie-pic-nieuw.jpg\",\"contentUrl\":\"https:\\\/\\\/dutchmicrodosing.com\\\/wp-content\\\/uploads\\\/2021\\\/01\\\/microdosing-categorie-pic-nieuw.jpg\",\"width\":500,\"height\":500,\"caption\":\"Dutchmicrodosing\"},\"image\":{\"@id\":\"https:\\\/\\\/dutchmicrodosing.com\\\/es\\\/#\\\/schema\\\/logo\\\/image\\\/\"},\"sameAs\":[\"https:\\\/\\\/www.facebook.com\\\/Dutchmicrodosingxp\\\/\",\"https:\\\/\\\/www.instagram.com\\\/dutchmicrodosing\\\/\"]}]}<\/script>\n<meta property=\"product:price:amount\" content=\"29.95\" \/>\n<meta property=\"product:price:currency\" content=\"EUR\" \/>\n<meta property=\"og:availability\" content=\"instock\" \/>\n<meta property=\"product:availability\" content=\"instock\" \/>\n<meta property=\"product:retailer_item_id\" content=\"3210321\" \/>\n<meta property=\"product:condition\" content=\"new\" \/>\n<!-- \/ Yoast SEO Premium plugin. -->","yoast_head_json":{"title":"Aceite CBD Fruta del Bosque 10% - 10ML (1000MG) - Dutchmicrodosing","description":"Estamos encantados de presentar el aceite de CBD con sabor a frutas del bosque 10% de Dr Candy, \u00a1\u00a1\u00a1un producto \u00fanico formulado con esmero y precisi\u00f3n!!!","robots":{"index":"index","follow":"follow","max-snippet":"max-snippet:-1","max-image-preview":"max-image-preview:large","max-video-preview":"max-video-preview:-1"},"canonical":"https:\/\/dutchmicrodosing.com\/es\/herbolario\/cbd-y-suplementos-alimenticios\/cbd-olie-bosvruchten-10-10ml-1000mg\/","og_locale":"es_ES","og_type":"article","og_title":"Aceite CBD Fruta del Bosque 10% - 10ML (1000MG)","og_description":"Estamos encantados de presentar el aceite de CBD con sabor a frutas del bosque 10% de Dr Candy, un producto de alta calidad formulado con cuidado y","og_url":"https:\/\/dutchmicrodosing.com\/es\/herbolario\/cbd-y-suplementos-alimenticios\/cbd-olie-bosvruchten-10-10ml-1000mg\/","og_site_name":"Dutchmicrodosing","article_publisher":"https:\/\/www.facebook.com\/Dutchmicrodosingxp\/","article_modified_time":"2026-02-03T15:42:37+00:00","og_image":[{"width":1000,"height":1000,"url":"https:\/\/dutchmicrodosing.com\/wp-content\/uploads\/2024\/01\/Voorkant_forrestfruit-002.png","type":"image\/png"}],"twitter_card":"summary_large_image","schema":{"@context":"https:\/\/schema.org","@graph":[{"@type":"WebPage","@id":"https:\/\/dutchmicrodosing.com\/es\/herbolario\/cbd-y-suplementos-alimenticios\/cbd-olie-bosvruchten-10-10ml-1000mg\/","url":"https:\/\/dutchmicrodosing.com\/es\/herbolario\/cbd-y-suplementos-alimenticios\/cbd-olie-bosvruchten-10-10ml-1000mg\/","name":"Aceite CBD Fruta del Bosque 10% - 10ML (1000MG) - Dutchmicrodosing","isPartOf":{"@id":"https:\/\/dutchmicrodosing.com\/es\/#website"},"primaryImageOfPage":{"@id":"https:\/\/dutchmicrodosing.com\/es\/herbolario\/cbd-y-suplementos-alimenticios\/cbd-olie-bosvruchten-10-10ml-1000mg\/#primaryimage"},"image":{"@id":"https:\/\/dutchmicrodosing.com\/es\/herbolario\/cbd-y-suplementos-alimenticios\/cbd-olie-bosvruchten-10-10ml-1000mg\/#primaryimage"},"thumbnailUrl":"https:\/\/dutchmicrodosing.com\/wp-content\/uploads\/2024\/01\/Voorkant_forrestfruit-002.png","datePublished":"2024-01-03T16:48:38+00:00","dateModified":"2026-02-03T15:42:37+00:00","description":"Estamos encantados de presentar el aceite de CBD con sabor a frutas del bosque 10% de Dr Candy, \u00a1\u00a1\u00a1un producto \u00fanico formulado con esmero y precisi\u00f3n!!!","breadcrumb":{"@id":"https:\/\/dutchmicrodosing.com\/es\/herbolario\/cbd-y-suplementos-alimenticios\/cbd-olie-bosvruchten-10-10ml-1000mg\/#breadcrumb"},"inLanguage":"es","potentialAction":[{"@type":"ReadAction","target":["https:\/\/dutchmicrodosing.com\/es\/herbolario\/cbd-y-suplementos-alimenticios\/cbd-olie-bosvruchten-10-10ml-1000mg\/"]}]},{"@type":"ImageObject","inLanguage":"es","@id":"https:\/\/dutchmicrodosing.com\/es\/herbolario\/cbd-y-suplementos-alimenticios\/cbd-olie-bosvruchten-10-10ml-1000mg\/#primaryimage","url":"https:\/\/dutchmicrodosing.com\/wp-content\/uploads\/2024\/01\/Voorkant_forrestfruit-002.png","contentUrl":"https:\/\/dutchmicrodosing.com\/wp-content\/uploads\/2024\/01\/Voorkant_forrestfruit-002.png","width":1000,"height":1000},{"@type":"BreadcrumbList","@id":"https:\/\/dutchmicrodosing.com\/es\/herbolario\/cbd-y-suplementos-alimenticios\/cbd-olie-bosvruchten-10-10ml-1000mg\/#breadcrumb","itemListElement":[{"@type":"ListItem","position":1,"name":"Home","item":"https:\/\/dutchmicrodosing.com\/es\/"},{"@type":"ListItem","position":2,"name":"Tienda","item":"https:\/\/dutchmicrodosing.com\/es\/tienda\/"},{"@type":"ListItem","position":3,"name":"Aceite CBD Fruta del Bosque 10% &#8211; 10ML (1000MG)"}]},{"@type":"WebSite","@id":"https:\/\/dutchmicrodosing.com\/es\/#website","url":"https:\/\/dutchmicrodosing.com\/es\/","name":"Dutchmicrodosing","description":"","publisher":{"@id":"https:\/\/dutchmicrodosing.com\/es\/#organization"},"potentialAction":[{"@type":"SearchAction","target":{"@type":"EntryPoint","urlTemplate":"https:\/\/dutchmicrodosing.com\/es\/?s={search_term_string}"},"query-input":{"@type":"PropertyValueSpecification","valueRequired":true,"valueName":"search_term_string"}}],"inLanguage":"es"},{"@type":"Organization","@id":"https:\/\/dutchmicrodosing.com\/es\/#organization","name":"Dutchmicrodosing","url":"https:\/\/dutchmicrodosing.com\/es\/","logo":{"@type":"ImageObject","inLanguage":"es","@id":"https:\/\/dutchmicrodosing.com\/es\/#\/schema\/logo\/image\/","url":"https:\/\/dutchmicrodosing.com\/wp-content\/uploads\/2021\/01\/microdosing-categorie-pic-nieuw.jpg","contentUrl":"https:\/\/dutchmicrodosing.com\/wp-content\/uploads\/2021\/01\/microdosing-categorie-pic-nieuw.jpg","width":500,"height":500,"caption":"Dutchmicrodosing"},"image":{"@id":"https:\/\/dutchmicrodosing.com\/es\/#\/schema\/logo\/image\/"},"sameAs":["https:\/\/www.facebook.com\/Dutchmicrodosingxp\/","https:\/\/www.instagram.com\/dutchmicrodosing\/"]}]},"product_price_amount":"29.95","product_price_currency":"EUR","og_availability":"instock","product_availability":"instock","product_retailer_item_id":"3210321","product_condition":"new"},"_links":{"self":[{"href":"https:\/\/dutchmicrodosing.com\/es\/wp-json\/wp\/v2\/product\/33747","targetHints":{"allow":["GET"]}}],"collection":[{"href":"https:\/\/dutchmicrodosing.com\/es\/wp-json\/wp\/v2\/product"}],"about":[{"href":"https:\/\/dutchmicrodosing.com\/es\/wp-json\/wp\/v2\/types\/product"}],"replies":[{"embeddable":true,"href":"https:\/\/dutchmicrodosing.com\/es\/wp-json\/wp\/v2\/comments?post=33747"}],"version-history":[{"count":1,"href":"https:\/\/dutchmicrodosing.com\/es\/wp-json\/wp\/v2\/product\/33747\/revisions"}],"predecessor-version":[{"id":64298,"href":"https:\/\/dutchmicrodosing.com\/es\/wp-json\/wp\/v2\/product\/33747\/revisions\/64298"}],"wp:featuredmedia":[{"embeddable":true,"href":"https:\/\/dutchmicrodosing.com\/es\/wp-json\/wp\/v2\/media\/33713"}],"wp:attachment":[{"href":"https:\/\/dutchmicrodosing.com\/es\/wp-json\/wp\/v2\/media?parent=33747"}],"wp:term":[{"taxonomy":"product_brand","embeddable":true,"href":"https:\/\/dutchmicrodosing.com\/es\/wp-json\/wp\/v2\/product_brand?post=33747"},{"taxonomy":"product_cat","embeddable":true,"href":"https:\/\/dutchmicrodosing.com\/es\/wp-json\/wp\/v2\/product_cat?post=33747"},{"taxonomy":"product_tag","embeddable":true,"href":"https:\/\/dutchmicrodosing.com\/es\/wp-json\/wp\/v2\/product_tag?post=33747"}],"curies":[{"name":"wp","href":"https:\/\/api.w.org\/{rel}","templated":true}]}}