{"id":34599,"date":"2024-01-29T15:32:42","date_gmt":"2024-01-29T14:32:42","guid":{"rendered":"https:\/\/dutchmicrodosing.com\/shop\/sin%20categor\u00eda\/leones-hombres-gominolas-mezclas-2\/"},"modified":"2025-08-19T16:28:32","modified_gmt":"2025-08-19T14:28:32","slug":"leones-hombres-gominolas-mezclas","status":"publish","type":"product","link":"https:\/\/dutchmicrodosing.com\/es\/herbolario\/comestibles-de-hongos\/leones-hombres-gominolas-mezclas\/","title":{"rendered":"Gominolas Crin de Le\u00f3n &#8211; Mixtas"},"content":{"rendered":"<p><strong>Lion&#8217;s Mane Mushroom Gummies<\/strong> son una deliciosa golosina que combina los beneficios para la salud del extracto de melena de le\u00f3n con una deliciosa sensaci\u00f3n de sabor. Cada gominola est\u00e1 enriquecida con 250 mg de extracto de melena de le\u00f3n, ofreciendo una forma sencilla y agradable de experimentar los beneficios potenciales de este hongo especial. La melena de le\u00f3n es conocida por su capacidad para potenciar las funciones cognitivas y forma parte de la medicina tradicional china desde hace siglos. Estas gominolas le permiten apoyar la funci\u00f3n cerebral y el bienestar general de una forma sabrosa.<\/p>\n<p>Las gominolas tienen forma de peque\u00f1as setas y se presentan en un pr\u00e1ctico envase de 40 gramos. Vienen en un surtido de sabores mezclados, haciendo que cada dosis no s\u00f3lo sea un est\u00edmulo para su salud, sino tambi\u00e9n una delicia para sus papilas gustativas.<\/p>\n<h3>Ingredientes<\/h3>\n<ul>\n<li>Glucosa<\/li>\n<li>extracto de melena de le\u00f3n<\/li>\n<li>Az\u00facar<\/li>\n<li>Aromas naturales (cereza, manzana, cola, naranja, mora)<\/li>\n<li>Tinte<\/li>\n<li>Gelatina (vacuno)<\/li>\n<li>\u00c1cido c\u00edtrico<\/li>\n<\/ul>\n<h3>Utilice<\/h3>\n<p>No utilice m\u00e1s de 4 \u00f3 5 gominolas al d\u00eda.<\/p>\n<h3>Consejos de almacenamiento<\/h3>\n<p>Guarde este producto en un lugar fresco y oscuro, como un armario de cocina, y fuera del alcance de los ni\u00f1os.<\/p>\n<h3>Contenido<\/h3>\n<p>Dr.Candy Melena de Le\u00f3n gominolas (cada gominola contiene +\/- 250 mg de extracto de melena de le\u00f3n) &#8211; 40 gramos<\/p>\n","protected":false},"excerpt":{"rendered":"<p>Lion&#8217;s Mane Mushroom Gummies son una deliciosa golosina que combina los beneficios para la salud del extracto de melena de le\u00f3n con una deliciosa sensaci\u00f3n de sabor. Cada gominola est\u00e1 enriquecida con 250 mg de extracto de melena de le\u00f3n, ofreciendo una forma sencilla y agradable de experimentar los beneficios potenciales de este hongo especial. [&hellip;]<\/p>\n","protected":false},"featured_media":33380,"comment_status":"closed","ping_status":"closed","template":"","meta":[],"product_brand":[],"product_cat":[329],"product_tag":[],"class_list":{"0":"post-34599","1":"product","2":"type-product","3":"status-publish","4":"has-post-thumbnail","6":"product_cat-comestibles-de-hongos","8":"first","9":"instock","10":"taxable","11":"shipping-taxable","12":"purchasable","13":"product-type-simple"},"yoast_head":"<!-- This site is optimized with the Yoast SEO Premium plugin v26.4 (Yoast SEO v27.4) - https:\/\/yoast.com\/product\/yoast-seo-premium-wordpress\/ -->\n<title>Gominolas Crin de Le\u00f3n - Mixtas - Dutchmicrodosing<\/title>\n<meta name=\"description\" content=\"Las Gominolas de Setas Melena de Le\u00f3n son una deliciosa golosina que combina los beneficios para la salud del extracto de melena de le\u00f3n ...\" \/>\n<meta name=\"robots\" content=\"index, follow, max-snippet:-1, max-image-preview:large, max-video-preview:-1\" \/>\n<link rel=\"canonical\" href=\"https:\/\/dutchmicrodosing.com\/es\/herbolario\/comestibles-de-hongos\/leones-hombres-gominolas-mezclas\/\" \/>\n<meta property=\"og:locale\" content=\"es_ES\" \/>\n<meta property=\"og:type\" content=\"article\" \/>\n<meta property=\"og:title\" content=\"Gominolas Crin de Le\u00f3n - Mixtas\" \/>\n<meta property=\"og:description\" content=\"Lion&#039;s Mane Mushroom Gummies son una deliciosa golosina que combina los beneficios para la salud del extracto de melena de le\u00f3n con una deliciosa\" \/>\n<meta property=\"og:url\" content=\"https:\/\/dutchmicrodosing.com\/es\/herbolario\/comestibles-de-hongos\/leones-hombres-gominolas-mezclas\/\" \/>\n<meta property=\"og:site_name\" content=\"Dutchmicrodosing\" \/>\n<meta property=\"article:publisher\" content=\"https:\/\/www.facebook.com\/Dutchmicrodosingxp\/\" \/>\n<meta property=\"article:modified_time\" content=\"2025-08-19T14:28:32+00:00\" \/>\n<meta property=\"og:image\" content=\"https:\/\/dutchmicrodosing.com\/wp-content\/uploads\/2023\/10\/Mushroom_Lionsmane_voorkant.jpg\" \/>\n\t<meta property=\"og:image:width\" content=\"1000\" \/>\n\t<meta property=\"og:image:height\" content=\"1000\" \/>\n\t<meta property=\"og:image:type\" content=\"image\/jpeg\" \/>\n<meta name=\"twitter:card\" content=\"summary_large_image\" \/>\n<script type=\"application\/ld+json\" class=\"yoast-schema-graph\">{\"@context\":\"https:\\\/\\\/schema.org\",\"@graph\":[{\"@type\":\"WebPage\",\"@id\":\"https:\\\/\\\/dutchmicrodosing.com\\\/es\\\/herbolario\\\/comestibles-de-hongos\\\/leones-hombres-gominolas-mezclas\\\/\",\"url\":\"https:\\\/\\\/dutchmicrodosing.com\\\/es\\\/herbolario\\\/comestibles-de-hongos\\\/leones-hombres-gominolas-mezclas\\\/\",\"name\":\"Gominolas Crin de Le\u00f3n - Mixtas - Dutchmicrodosing\",\"isPartOf\":{\"@id\":\"https:\\\/\\\/dutchmicrodosing.com\\\/es\\\/#website\"},\"primaryImageOfPage\":{\"@id\":\"https:\\\/\\\/dutchmicrodosing.com\\\/es\\\/herbolario\\\/comestibles-de-hongos\\\/leones-hombres-gominolas-mezclas\\\/#primaryimage\"},\"image\":{\"@id\":\"https:\\\/\\\/dutchmicrodosing.com\\\/es\\\/herbolario\\\/comestibles-de-hongos\\\/leones-hombres-gominolas-mezclas\\\/#primaryimage\"},\"thumbnailUrl\":\"https:\\\/\\\/dutchmicrodosing.com\\\/wp-content\\\/uploads\\\/2023\\\/10\\\/Mushroom_Lionsmane_voorkant.jpg\",\"datePublished\":\"2024-01-29T14:32:42+00:00\",\"dateModified\":\"2025-08-19T14:28:32+00:00\",\"description\":\"Las Gominolas de Setas Melena de Le\u00f3n son una deliciosa golosina que combina los beneficios para la salud del extracto de melena de le\u00f3n ...\",\"breadcrumb\":{\"@id\":\"https:\\\/\\\/dutchmicrodosing.com\\\/es\\\/herbolario\\\/comestibles-de-hongos\\\/leones-hombres-gominolas-mezclas\\\/#breadcrumb\"},\"inLanguage\":\"es\",\"potentialAction\":[{\"@type\":\"ReadAction\",\"target\":[\"https:\\\/\\\/dutchmicrodosing.com\\\/es\\\/herbolario\\\/comestibles-de-hongos\\\/leones-hombres-gominolas-mezclas\\\/\"]}]},{\"@type\":\"ImageObject\",\"inLanguage\":\"es\",\"@id\":\"https:\\\/\\\/dutchmicrodosing.com\\\/es\\\/herbolario\\\/comestibles-de-hongos\\\/leones-hombres-gominolas-mezclas\\\/#primaryimage\",\"url\":\"https:\\\/\\\/dutchmicrodosing.com\\\/wp-content\\\/uploads\\\/2023\\\/10\\\/Mushroom_Lionsmane_voorkant.jpg\",\"contentUrl\":\"https:\\\/\\\/dutchmicrodosing.com\\\/wp-content\\\/uploads\\\/2023\\\/10\\\/Mushroom_Lionsmane_voorkant.jpg\",\"width\":1000,\"height\":1000},{\"@type\":\"BreadcrumbList\",\"@id\":\"https:\\\/\\\/dutchmicrodosing.com\\\/es\\\/herbolario\\\/comestibles-de-hongos\\\/leones-hombres-gominolas-mezclas\\\/#breadcrumb\",\"itemListElement\":[{\"@type\":\"ListItem\",\"position\":1,\"name\":\"Home\",\"item\":\"https:\\\/\\\/dutchmicrodosing.com\\\/es\\\/\"},{\"@type\":\"ListItem\",\"position\":2,\"name\":\"Tienda\",\"item\":\"https:\\\/\\\/dutchmicrodosing.com\\\/es\\\/tienda\\\/\"},{\"@type\":\"ListItem\",\"position\":3,\"name\":\"Gominolas Crin de Le\u00f3n &#8211; Mixtas\"}]},{\"@type\":\"WebSite\",\"@id\":\"https:\\\/\\\/dutchmicrodosing.com\\\/es\\\/#website\",\"url\":\"https:\\\/\\\/dutchmicrodosing.com\\\/es\\\/\",\"name\":\"Dutchmicrodosing\",\"description\":\"\",\"publisher\":{\"@id\":\"https:\\\/\\\/dutchmicrodosing.com\\\/es\\\/#organization\"},\"potentialAction\":[{\"@type\":\"SearchAction\",\"target\":{\"@type\":\"EntryPoint\",\"urlTemplate\":\"https:\\\/\\\/dutchmicrodosing.com\\\/es\\\/?s={search_term_string}\"},\"query-input\":{\"@type\":\"PropertyValueSpecification\",\"valueRequired\":true,\"valueName\":\"search_term_string\"}}],\"inLanguage\":\"es\"},{\"@type\":\"Organization\",\"@id\":\"https:\\\/\\\/dutchmicrodosing.com\\\/es\\\/#organization\",\"name\":\"Dutchmicrodosing\",\"url\":\"https:\\\/\\\/dutchmicrodosing.com\\\/es\\\/\",\"logo\":{\"@type\":\"ImageObject\",\"inLanguage\":\"es\",\"@id\":\"https:\\\/\\\/dutchmicrodosing.com\\\/es\\\/#\\\/schema\\\/logo\\\/image\\\/\",\"url\":\"https:\\\/\\\/dutchmicrodosing.com\\\/wp-content\\\/uploads\\\/2021\\\/01\\\/microdosing-categorie-pic-nieuw.jpg\",\"contentUrl\":\"https:\\\/\\\/dutchmicrodosing.com\\\/wp-content\\\/uploads\\\/2021\\\/01\\\/microdosing-categorie-pic-nieuw.jpg\",\"width\":500,\"height\":500,\"caption\":\"Dutchmicrodosing\"},\"image\":{\"@id\":\"https:\\\/\\\/dutchmicrodosing.com\\\/es\\\/#\\\/schema\\\/logo\\\/image\\\/\"},\"sameAs\":[\"https:\\\/\\\/www.facebook.com\\\/Dutchmicrodosingxp\\\/\",\"https:\\\/\\\/www.instagram.com\\\/dutchmicrodosing\\\/\"]}]}<\/script>\n<meta property=\"product:price:amount\" content=\"9.95\" \/>\n<meta property=\"product:price:currency\" content=\"EUR\" \/>\n<meta property=\"og:availability\" content=\"instock\" \/>\n<meta property=\"product:availability\" content=\"instock\" \/>\n<meta property=\"product:retailer_item_id\" content=\"3210653\" \/>\n<meta property=\"product:condition\" content=\"new\" \/>\n<!-- \/ Yoast SEO Premium plugin. -->","yoast_head_json":{"title":"Gominolas Crin de Le\u00f3n - Mixtas - Dutchmicrodosing","description":"Las Gominolas de Setas Melena de Le\u00f3n son una deliciosa golosina que combina los beneficios para la salud del extracto de melena de le\u00f3n ...","robots":{"index":"index","follow":"follow","max-snippet":"max-snippet:-1","max-image-preview":"max-image-preview:large","max-video-preview":"max-video-preview:-1"},"canonical":"https:\/\/dutchmicrodosing.com\/es\/herbolario\/comestibles-de-hongos\/leones-hombres-gominolas-mezclas\/","og_locale":"es_ES","og_type":"article","og_title":"Gominolas Crin de Le\u00f3n - Mixtas","og_description":"Lion's Mane Mushroom Gummies son una deliciosa golosina que combina los beneficios para la salud del extracto de melena de le\u00f3n con una deliciosa","og_url":"https:\/\/dutchmicrodosing.com\/es\/herbolario\/comestibles-de-hongos\/leones-hombres-gominolas-mezclas\/","og_site_name":"Dutchmicrodosing","article_publisher":"https:\/\/www.facebook.com\/Dutchmicrodosingxp\/","article_modified_time":"2025-08-19T14:28:32+00:00","og_image":[{"width":1000,"height":1000,"url":"https:\/\/dutchmicrodosing.com\/wp-content\/uploads\/2023\/10\/Mushroom_Lionsmane_voorkant.jpg","type":"image\/jpeg"}],"twitter_card":"summary_large_image","schema":{"@context":"https:\/\/schema.org","@graph":[{"@type":"WebPage","@id":"https:\/\/dutchmicrodosing.com\/es\/herbolario\/comestibles-de-hongos\/leones-hombres-gominolas-mezclas\/","url":"https:\/\/dutchmicrodosing.com\/es\/herbolario\/comestibles-de-hongos\/leones-hombres-gominolas-mezclas\/","name":"Gominolas Crin de Le\u00f3n - Mixtas - Dutchmicrodosing","isPartOf":{"@id":"https:\/\/dutchmicrodosing.com\/es\/#website"},"primaryImageOfPage":{"@id":"https:\/\/dutchmicrodosing.com\/es\/herbolario\/comestibles-de-hongos\/leones-hombres-gominolas-mezclas\/#primaryimage"},"image":{"@id":"https:\/\/dutchmicrodosing.com\/es\/herbolario\/comestibles-de-hongos\/leones-hombres-gominolas-mezclas\/#primaryimage"},"thumbnailUrl":"https:\/\/dutchmicrodosing.com\/wp-content\/uploads\/2023\/10\/Mushroom_Lionsmane_voorkant.jpg","datePublished":"2024-01-29T14:32:42+00:00","dateModified":"2025-08-19T14:28:32+00:00","description":"Las Gominolas de Setas Melena de Le\u00f3n son una deliciosa golosina que combina los beneficios para la salud del extracto de melena de le\u00f3n ...","breadcrumb":{"@id":"https:\/\/dutchmicrodosing.com\/es\/herbolario\/comestibles-de-hongos\/leones-hombres-gominolas-mezclas\/#breadcrumb"},"inLanguage":"es","potentialAction":[{"@type":"ReadAction","target":["https:\/\/dutchmicrodosing.com\/es\/herbolario\/comestibles-de-hongos\/leones-hombres-gominolas-mezclas\/"]}]},{"@type":"ImageObject","inLanguage":"es","@id":"https:\/\/dutchmicrodosing.com\/es\/herbolario\/comestibles-de-hongos\/leones-hombres-gominolas-mezclas\/#primaryimage","url":"https:\/\/dutchmicrodosing.com\/wp-content\/uploads\/2023\/10\/Mushroom_Lionsmane_voorkant.jpg","contentUrl":"https:\/\/dutchmicrodosing.com\/wp-content\/uploads\/2023\/10\/Mushroom_Lionsmane_voorkant.jpg","width":1000,"height":1000},{"@type":"BreadcrumbList","@id":"https:\/\/dutchmicrodosing.com\/es\/herbolario\/comestibles-de-hongos\/leones-hombres-gominolas-mezclas\/#breadcrumb","itemListElement":[{"@type":"ListItem","position":1,"name":"Home","item":"https:\/\/dutchmicrodosing.com\/es\/"},{"@type":"ListItem","position":2,"name":"Tienda","item":"https:\/\/dutchmicrodosing.com\/es\/tienda\/"},{"@type":"ListItem","position":3,"name":"Gominolas Crin de Le\u00f3n &#8211; Mixtas"}]},{"@type":"WebSite","@id":"https:\/\/dutchmicrodosing.com\/es\/#website","url":"https:\/\/dutchmicrodosing.com\/es\/","name":"Dutchmicrodosing","description":"","publisher":{"@id":"https:\/\/dutchmicrodosing.com\/es\/#organization"},"potentialAction":[{"@type":"SearchAction","target":{"@type":"EntryPoint","urlTemplate":"https:\/\/dutchmicrodosing.com\/es\/?s={search_term_string}"},"query-input":{"@type":"PropertyValueSpecification","valueRequired":true,"valueName":"search_term_string"}}],"inLanguage":"es"},{"@type":"Organization","@id":"https:\/\/dutchmicrodosing.com\/es\/#organization","name":"Dutchmicrodosing","url":"https:\/\/dutchmicrodosing.com\/es\/","logo":{"@type":"ImageObject","inLanguage":"es","@id":"https:\/\/dutchmicrodosing.com\/es\/#\/schema\/logo\/image\/","url":"https:\/\/dutchmicrodosing.com\/wp-content\/uploads\/2021\/01\/microdosing-categorie-pic-nieuw.jpg","contentUrl":"https:\/\/dutchmicrodosing.com\/wp-content\/uploads\/2021\/01\/microdosing-categorie-pic-nieuw.jpg","width":500,"height":500,"caption":"Dutchmicrodosing"},"image":{"@id":"https:\/\/dutchmicrodosing.com\/es\/#\/schema\/logo\/image\/"},"sameAs":["https:\/\/www.facebook.com\/Dutchmicrodosingxp\/","https:\/\/www.instagram.com\/dutchmicrodosing\/"]}]},"product_price_amount":"9.95","product_price_currency":"EUR","og_availability":"instock","product_availability":"instock","product_retailer_item_id":"3210653","product_condition":"new"},"_links":{"self":[{"href":"https:\/\/dutchmicrodosing.com\/es\/wp-json\/wp\/v2\/product\/34599","targetHints":{"allow":["GET"]}}],"collection":[{"href":"https:\/\/dutchmicrodosing.com\/es\/wp-json\/wp\/v2\/product"}],"about":[{"href":"https:\/\/dutchmicrodosing.com\/es\/wp-json\/wp\/v2\/types\/product"}],"replies":[{"embeddable":true,"href":"https:\/\/dutchmicrodosing.com\/es\/wp-json\/wp\/v2\/comments?post=34599"}],"version-history":[{"count":0,"href":"https:\/\/dutchmicrodosing.com\/es\/wp-json\/wp\/v2\/product\/34599\/revisions"}],"wp:featuredmedia":[{"embeddable":true,"href":"https:\/\/dutchmicrodosing.com\/es\/wp-json\/wp\/v2\/media\/33380"}],"wp:attachment":[{"href":"https:\/\/dutchmicrodosing.com\/es\/wp-json\/wp\/v2\/media?parent=34599"}],"wp:term":[{"taxonomy":"product_brand","embeddable":true,"href":"https:\/\/dutchmicrodosing.com\/es\/wp-json\/wp\/v2\/product_brand?post=34599"},{"taxonomy":"product_cat","embeddable":true,"href":"https:\/\/dutchmicrodosing.com\/es\/wp-json\/wp\/v2\/product_cat?post=34599"},{"taxonomy":"product_tag","embeddable":true,"href":"https:\/\/dutchmicrodosing.com\/es\/wp-json\/wp\/v2\/product_tag?post=34599"}],"curies":[{"name":"wp","href":"https:\/\/api.w.org\/{rel}","templated":true}]}}