{"id":35829,"date":"2024-02-08T11:05:54","date_gmt":"2024-02-08T10:05:54","guid":{"rendered":"https:\/\/dutchmicrodosing.com\/shop\/sin%20categor\u00eda\/golden-teacher-truffles\/"},"modified":"2026-02-03T16:42:44","modified_gmt":"2026-02-03T15:42:44","slug":"golden-teacher-truffles","status":"publish","type":"product","link":"https:\/\/dutchmicrodosing.com\/es\/trufas-de-psilocibina\/trufas-magicas\/golden-teacher-truffles\/","title":{"rendered":"Trufas Golden Teacher 15 Gr"},"content":{"rendered":"<p>Estas <strong>trufas Golden Teacher<\/strong> no son trufas para principiantes. Con una indicaci\u00f3n de potencia de 6 estrellas, se trata de una trufa m\u00e1gica impresionante que te proporcionar\u00e1 visuales brillantes y en dosis altas es incluso capaz de inducir alucinaciones. El Profesor Dorado es una aut\u00e9ntica bomba de efectos. Expansi\u00f3n mental, risas, euforia, intensidad, efectos visuales y colores brillantes son s\u00f3lo algunos de los efectos con los que este Golden Teacher puede sorprenderte.<\/p>\n<h2>Dosificaci\u00f3n de la Trufa Maestra de Oro<\/h2>\n<p>Estas trufas Golden Teacher se envasan por 15 gramos especialmente para viajes fuertes. Puede consumir las trufas superfrescas directamente del paquete o preparar un t\u00e9 con ellas. Siempre se prefiere comer las trufas m\u00e1gicas. Esto se debe a que existe la posibilidad de que al preparar el t\u00e9 de trufa se utilice agua demasiado caliente, lo que debilita el efecto de la psilocibina. Las trufas funcionan mejor con el est\u00f3mago vac\u00edo. Asegure una absorci\u00f3n \u00f3ptima masticando bien y largamente las trufas Golden Teacher antes de tragarlas. Si no est\u00e1s acostumbrado al mundo de las trufas de psilocibina, empieza con una dosis de 10 gramos para ver qu\u00e9 te hace. Despu\u00e9s de 40 minutos, puede decidir si necesita los 5 gramos restantes o no. Consulte al final del texto cu\u00e1l podr\u00eda ser la dosis adecuada para usted.<\/p>\n<h3>Consumir trufas<\/h3>\n<p>Las trufas funcionan mejor con el est\u00f3mago vac\u00edo. Para obtener el mejor efecto, se recomienda masticar bien las trufas y durante mucho tiempo antes de tragarlas. Si el sabor te resulta desagradable, puedes prepararte un t\u00e9 con ella.<\/p>\n<h3>Trufas m\u00e1gicas para preparar t\u00e9<\/h3>\n<p>Preparar el t\u00e9, cortar las trufas en trozos. Tenga cuidado de no meter las trufas Golden Teacher en agua hirviendo. El agua hirviendo o caliente debilitar\u00e1 el efecto psicod\u00e9lico. Para el t\u00e9, utilice agua con una temperatura m\u00e1xima de 68 grados cent\u00edgrados. Deje reposar la trufa Golden Teacher durante 10-15 minutos antes de beber el t\u00e9 y, para obtener los m\u00e1ximos resultados, c\u00f3mase tambi\u00e9n las trufas. Si lo desea, puede a\u00f1adir miel para darle sabor.<\/p>\n<h2>\u00bfCu\u00e1nto dura un viaje con las trufas m\u00e1gicas Golden Teacher?<\/h2>\n<p>La duraci\u00f3n de una excursi\u00f3n a la trufa Golden Teacher oscila entre 5 y 6 horas. Los primeros efectos se notar\u00e1n tras la ingesti\u00f3n despu\u00e9s de unos 45 minutos.<\/p>\n<h2>Preparar un viaje en Trufas M\u00e1gicas Golden Teacher<\/h2>\n<p>Para la mayor\u00eda de los consumidores, la experiencia del viaje trufero es fant\u00e1stica y casi m\u00e1gica. Algunas personas no pueden tolerar los efectos visuales o el cambio en la percepci\u00f3n de la realidad, lo que les provoca miedo. Esta sensaci\u00f3n desagradable se denomina mal viaje. No te preocupes, los efectos desaparecen despu\u00e9s de unas horas. En estos casos, es muy recomendable contar con un \u00abtripsitter\u00bb entre quienes vayan a utilizar las trufas. Un canguro de viaje o cuidador es una persona de confianza y con los pies en la tierra que puede hacer frente a estas situaciones y servir de apoyo emocional si es necesario. Recomendamos tomar las trufas en un entorno tranquilo y familiar.<\/p>\n<p>Tambi\u00e9n es aconsejable tener un \u00bbTrip Stopper\u00bb en casa. Los Trip Stoppers se utilizan cuando los viajes psicod\u00e9licos se tuercen r\u00e1pidamente. Por ejemplo, si sufres desorientaci\u00f3n y visiones intensas durante tu viaje psicod\u00e9lico con setas m\u00e1gicas o trufas, un Trip Stopper te ayudar\u00e1 a rebajar el subid\u00f3n, aliviar la ansiedad y volver a la tierra. Con un Trip Stopper, estar\u00e1 bien preparado para su viaje. Especialmente si es una de tus primeras veces yendo a un viaje psicod\u00e9lico, es aconsejable tener un Trip Stopper al alcance, nosotros tambi\u00e9n los vendemos.<\/p>\n<h2>Conservaci\u00f3n de las trufas Golden Teacher<\/h2>\n<p>Si decide no consumir las trufas Golden Teacher frescas de inmediato, puede guardarlas. Gu\u00e1rdelos en un lugar fresco y seco. La nevera es un lugar excelente para ello. La temperatura ideal es entre 2 y 4 grados cent\u00edgrados. Aseg\u00farese de comprobar la fecha de caducidad que figura en el envase para saber cu\u00e1nto tiempo se conservan.<\/p>\n<h2>Advertencia sobre el producto<\/h2>\n<ul>\n<li>No consuma trufas si est\u00e1 de mal humor, deprimido, psic\u00f3tico o tiene alg\u00fan otro tipo de prejuicio mental. Las trufas m\u00e1gicas no son aptas para menores o mujeres embarazadas, ni es prudente conducir o manejar maquinaria pesada bajo los efectos de la psilocibina.<\/li>\n<li>Las trufas de psilocibina nunca deben consumirse en combinaci\u00f3n con alcohol u otras drogas (prescritas o ilegales). Empieza con una peque\u00f1a dosis y aseg\u00farate de que te sientes c\u00f3modo con la compa\u00f1\u00eda y el entorno.<\/li>\n<li>Todas nuestras trufas de setas m\u00e1gicas est\u00e1n reci\u00e9n envasadas. Hay que guardarlos en la nevera. Sin abrir, se pueden conservar en la nevera durante unos 2 meses. Sin embargo, una vez abiertas, las trufas s\u00f3lo pueden conservarse durante unos d\u00edas.<\/li>\n<\/ul>\n<h2>Dosificaci\u00f3n del viaje Trufas m\u00e1gicas<\/h2>\n<p>Estas dosis son para las personas que quieren familiarizarse con las trufas de psilocibina por primera vez. Si ya tienes experiencia con trufas de psilocibina u hongos m\u00e1gicos, puedes aumentar la dosis seg\u00fan tu deseo.<\/p>\n<p>Viaje ligero Viaje leve Viaje intenso<\/p>\n<p>50 kg = 5 gramos 6,7 gramos 11,2 gramos<br \/>\n60 kg = 6 gramos 8 gramos 13,4 gramos<br \/>\n70 kg = 7 gramos 9,3 gramos 16 gramos<br \/>\n80 kg = 8 gramos 10,6 gramos 18,2 gramos<br \/>\n90 kg = 9 gramos 11,9 gramos 21 gramos<br \/>\n100 kilos = 10 gramos 13,5 gramos 23 gramos<\/p>\n<h2>Trufas M\u00e1gicas Valores nutricionales por 100 gramos:<\/h2>\n<ul>\n<li>Energ\u00eda 464,7 kJ<\/li>\n<li>Energ\u00eda 110,5 kcal<\/li>\n<li>Carbohidratos 13,2 gramos<\/li>\n<li>Prote\u00edna 5,3 gramos<\/li>\n<li>Grasa 0,4 gramos<\/li>\n<li>Fibra diet\u00e9tica 16,7 gramos<\/li>\n<li>Sal ( NaCl) 0,3 gramos<\/li>\n<li>Vitamina D 10,0 UI<\/li>\n<li>Sodio (Na) 13,6 mg<\/li>\n<li>F\u00f3sforo (P) 169,3 mg<\/li>\n<li>Potasio (K) 210,0 mg<\/li>\n<li>Calcio (Ca) 12,5 mg<\/li>\n<li>Hierro (F) 0,7 mg<\/li>\n<\/ul>\n","protected":false},"excerpt":{"rendered":"<p>Estas trufas Golden Teacher no son trufas para principiantes. Con una indicaci\u00f3n de potencia de 6 estrellas, se trata de una trufa m\u00e1gica impresionante que te proporcionar\u00e1 visuales brillantes y en dosis altas es incluso capaz de inducir alucinaciones. El Profesor Dorado es una aut\u00e9ntica bomba de efectos. Expansi\u00f3n mental, risas, euforia, intensidad, efectos visuales [&hellip;]<\/p>\n","protected":false},"featured_media":35924,"comment_status":"closed","ping_status":"closed","template":"","meta":[],"product_brand":[],"product_cat":[204],"product_tag":[],"class_list":{"0":"post-35829","1":"product","2":"type-product","3":"status-publish","4":"has-post-thumbnail","6":"product_cat-trufas-magicas","8":"first","9":"instock","10":"taxable","11":"shipping-taxable","12":"purchasable","13":"product-type-simple"},"yoast_head":"<!-- This site is optimized with the Yoast SEO Premium plugin v26.4 (Yoast SEO v27.2) - https:\/\/yoast.com\/product\/yoast-seo-premium-wordpress\/ -->\n<title>Trufas Golden Teacher 15 Gr - Dutchmicrodosing<\/title>\n<meta name=\"robots\" content=\"index, follow, max-snippet:-1, max-image-preview:large, max-video-preview:-1\" \/>\n<link rel=\"canonical\" href=\"https:\/\/dutchmicrodosing.com\/es\/trufas-de-psilocibina\/trufas-magicas\/golden-teacher-truffles\/\" \/>\n<meta property=\"og:locale\" content=\"es_ES\" \/>\n<meta property=\"og:type\" content=\"article\" \/>\n<meta property=\"og:title\" content=\"Trufas Golden Teacher 15 Gr\" \/>\n<meta property=\"og:description\" content=\"Estas trufas Golden Teacher no son trufas para principiantes. Con una indicaci\u00f3n de potencia de 6 estrellas, se trata de una trufa m\u00e1gica impresionante\" \/>\n<meta property=\"og:url\" content=\"https:\/\/dutchmicrodosing.com\/es\/trufas-de-psilocibina\/trufas-magicas\/golden-teacher-truffles\/\" \/>\n<meta property=\"og:site_name\" content=\"Dutchmicrodosing\" \/>\n<meta property=\"article:publisher\" content=\"https:\/\/www.facebook.com\/Dutchmicrodosingxp\/\" \/>\n<meta property=\"article:modified_time\" content=\"2026-02-03T15:42:44+00:00\" \/>\n<meta property=\"og:image\" content=\"https:\/\/dutchmicrodosing.com\/wp-content\/uploads\/2024\/02\/Goldenteacher_product_shop1000x1000.jpg\" \/>\n\t<meta property=\"og:image:width\" content=\"1000\" \/>\n\t<meta property=\"og:image:height\" content=\"1000\" \/>\n\t<meta property=\"og:image:type\" content=\"image\/jpeg\" \/>\n<meta name=\"twitter:card\" content=\"summary_large_image\" \/>\n<script type=\"application\/ld+json\" class=\"yoast-schema-graph\">{\"@context\":\"https:\/\/schema.org\",\"@graph\":[{\"@type\":\"WebPage\",\"@id\":\"https:\/\/dutchmicrodosing.com\/es\/trufas-de-psilocibina\/trufas-magicas\/golden-teacher-truffles\/\",\"url\":\"https:\/\/dutchmicrodosing.com\/es\/trufas-de-psilocibina\/trufas-magicas\/golden-teacher-truffles\/\",\"name\":\"Trufas Golden Teacher 15 Gr - Dutchmicrodosing\",\"isPartOf\":{\"@id\":\"https:\/\/dutchmicrodosing.com\/es\/#website\"},\"primaryImageOfPage\":{\"@id\":\"https:\/\/dutchmicrodosing.com\/es\/trufas-de-psilocibina\/trufas-magicas\/golden-teacher-truffles\/#primaryimage\"},\"image\":{\"@id\":\"https:\/\/dutchmicrodosing.com\/es\/trufas-de-psilocibina\/trufas-magicas\/golden-teacher-truffles\/#primaryimage\"},\"thumbnailUrl\":\"https:\/\/dutchmicrodosing.com\/wp-content\/uploads\/2024\/02\/Goldenteacher_product_shop1000x1000.jpg\",\"datePublished\":\"2024-02-08T10:05:54+00:00\",\"dateModified\":\"2026-02-03T15:42:44+00:00\",\"breadcrumb\":{\"@id\":\"https:\/\/dutchmicrodosing.com\/es\/trufas-de-psilocibina\/trufas-magicas\/golden-teacher-truffles\/#breadcrumb\"},\"inLanguage\":\"es\",\"potentialAction\":[{\"@type\":\"ReadAction\",\"target\":[\"https:\/\/dutchmicrodosing.com\/es\/trufas-de-psilocibina\/trufas-magicas\/golden-teacher-truffles\/\"]}]},{\"@type\":\"ImageObject\",\"inLanguage\":\"es\",\"@id\":\"https:\/\/dutchmicrodosing.com\/es\/trufas-de-psilocibina\/trufas-magicas\/golden-teacher-truffles\/#primaryimage\",\"url\":\"https:\/\/dutchmicrodosing.com\/wp-content\/uploads\/2024\/02\/Goldenteacher_product_shop1000x1000.jpg\",\"contentUrl\":\"https:\/\/dutchmicrodosing.com\/wp-content\/uploads\/2024\/02\/Goldenteacher_product_shop1000x1000.jpg\",\"width\":1000,\"height\":1000},{\"@type\":\"BreadcrumbList\",\"@id\":\"https:\/\/dutchmicrodosing.com\/es\/trufas-de-psilocibina\/trufas-magicas\/golden-teacher-truffles\/#breadcrumb\",\"itemListElement\":[{\"@type\":\"ListItem\",\"position\":1,\"name\":\"Home\",\"item\":\"https:\/\/dutchmicrodosing.com\/es\/\"},{\"@type\":\"ListItem\",\"position\":2,\"name\":\"Tienda\",\"item\":\"https:\/\/dutchmicrodosing.com\/es\/tienda\/\"},{\"@type\":\"ListItem\",\"position\":3,\"name\":\"Trufas Golden Teacher 15 Gr\"}]},{\"@type\":\"WebSite\",\"@id\":\"https:\/\/dutchmicrodosing.com\/es\/#website\",\"url\":\"https:\/\/dutchmicrodosing.com\/es\/\",\"name\":\"Dutchmicrodosing\",\"description\":\"\",\"publisher\":{\"@id\":\"https:\/\/dutchmicrodosing.com\/es\/#organization\"},\"potentialAction\":[{\"@type\":\"SearchAction\",\"target\":{\"@type\":\"EntryPoint\",\"urlTemplate\":\"https:\/\/dutchmicrodosing.com\/es\/?s={search_term_string}\"},\"query-input\":{\"@type\":\"PropertyValueSpecification\",\"valueRequired\":true,\"valueName\":\"search_term_string\"}}],\"inLanguage\":\"es\"},{\"@type\":\"Organization\",\"@id\":\"https:\/\/dutchmicrodosing.com\/es\/#organization\",\"name\":\"Dutchmicrodosing\",\"url\":\"https:\/\/dutchmicrodosing.com\/es\/\",\"logo\":{\"@type\":\"ImageObject\",\"inLanguage\":\"es\",\"@id\":\"https:\/\/dutchmicrodosing.com\/es\/#\/schema\/logo\/image\/\",\"url\":\"https:\/\/dutchmicrodosing.com\/wp-content\/uploads\/2021\/01\/microdosing-categorie-pic-nieuw.jpg\",\"contentUrl\":\"https:\/\/dutchmicrodosing.com\/wp-content\/uploads\/2021\/01\/microdosing-categorie-pic-nieuw.jpg\",\"width\":500,\"height\":500,\"caption\":\"Dutchmicrodosing\"},\"image\":{\"@id\":\"https:\/\/dutchmicrodosing.com\/es\/#\/schema\/logo\/image\/\"},\"sameAs\":[\"https:\/\/www.facebook.com\/Dutchmicrodosingxp\/\",\"https:\/\/www.instagram.com\/dutchmicrodosing\/\"]}]}<\/script>\n<meta property=\"product:price:amount\" content=\"16.95\" \/>\n<meta property=\"product:price:currency\" content=\"EUR\" \/>\n<meta property=\"og:availability\" content=\"instock\" \/>\n<meta property=\"product:availability\" content=\"instock\" \/>\n<meta property=\"product:retailer_item_id\" content=\"4202774\" \/>\n<meta property=\"product:condition\" content=\"new\" \/>\n<!-- \/ Yoast SEO Premium plugin. -->","yoast_head_json":{"title":"Trufas Golden Teacher 15 Gr - Dutchmicrodosing","robots":{"index":"index","follow":"follow","max-snippet":"max-snippet:-1","max-image-preview":"max-image-preview:large","max-video-preview":"max-video-preview:-1"},"canonical":"https:\/\/dutchmicrodosing.com\/es\/trufas-de-psilocibina\/trufas-magicas\/golden-teacher-truffles\/","og_locale":"es_ES","og_type":"article","og_title":"Trufas Golden Teacher 15 Gr","og_description":"Estas trufas Golden Teacher no son trufas para principiantes. Con una indicaci\u00f3n de potencia de 6 estrellas, se trata de una trufa m\u00e1gica impresionante","og_url":"https:\/\/dutchmicrodosing.com\/es\/trufas-de-psilocibina\/trufas-magicas\/golden-teacher-truffles\/","og_site_name":"Dutchmicrodosing","article_publisher":"https:\/\/www.facebook.com\/Dutchmicrodosingxp\/","article_modified_time":"2026-02-03T15:42:44+00:00","og_image":[{"width":1000,"height":1000,"url":"https:\/\/dutchmicrodosing.com\/wp-content\/uploads\/2024\/02\/Goldenteacher_product_shop1000x1000.jpg","type":"image\/jpeg"}],"twitter_card":"summary_large_image","schema":{"@context":"https:\/\/schema.org","@graph":[{"@type":"WebPage","@id":"https:\/\/dutchmicrodosing.com\/es\/trufas-de-psilocibina\/trufas-magicas\/golden-teacher-truffles\/","url":"https:\/\/dutchmicrodosing.com\/es\/trufas-de-psilocibina\/trufas-magicas\/golden-teacher-truffles\/","name":"Trufas Golden Teacher 15 Gr - Dutchmicrodosing","isPartOf":{"@id":"https:\/\/dutchmicrodosing.com\/es\/#website"},"primaryImageOfPage":{"@id":"https:\/\/dutchmicrodosing.com\/es\/trufas-de-psilocibina\/trufas-magicas\/golden-teacher-truffles\/#primaryimage"},"image":{"@id":"https:\/\/dutchmicrodosing.com\/es\/trufas-de-psilocibina\/trufas-magicas\/golden-teacher-truffles\/#primaryimage"},"thumbnailUrl":"https:\/\/dutchmicrodosing.com\/wp-content\/uploads\/2024\/02\/Goldenteacher_product_shop1000x1000.jpg","datePublished":"2024-02-08T10:05:54+00:00","dateModified":"2026-02-03T15:42:44+00:00","breadcrumb":{"@id":"https:\/\/dutchmicrodosing.com\/es\/trufas-de-psilocibina\/trufas-magicas\/golden-teacher-truffles\/#breadcrumb"},"inLanguage":"es","potentialAction":[{"@type":"ReadAction","target":["https:\/\/dutchmicrodosing.com\/es\/trufas-de-psilocibina\/trufas-magicas\/golden-teacher-truffles\/"]}]},{"@type":"ImageObject","inLanguage":"es","@id":"https:\/\/dutchmicrodosing.com\/es\/trufas-de-psilocibina\/trufas-magicas\/golden-teacher-truffles\/#primaryimage","url":"https:\/\/dutchmicrodosing.com\/wp-content\/uploads\/2024\/02\/Goldenteacher_product_shop1000x1000.jpg","contentUrl":"https:\/\/dutchmicrodosing.com\/wp-content\/uploads\/2024\/02\/Goldenteacher_product_shop1000x1000.jpg","width":1000,"height":1000},{"@type":"BreadcrumbList","@id":"https:\/\/dutchmicrodosing.com\/es\/trufas-de-psilocibina\/trufas-magicas\/golden-teacher-truffles\/#breadcrumb","itemListElement":[{"@type":"ListItem","position":1,"name":"Home","item":"https:\/\/dutchmicrodosing.com\/es\/"},{"@type":"ListItem","position":2,"name":"Tienda","item":"https:\/\/dutchmicrodosing.com\/es\/tienda\/"},{"@type":"ListItem","position":3,"name":"Trufas Golden Teacher 15 Gr"}]},{"@type":"WebSite","@id":"https:\/\/dutchmicrodosing.com\/es\/#website","url":"https:\/\/dutchmicrodosing.com\/es\/","name":"Dutchmicrodosing","description":"","publisher":{"@id":"https:\/\/dutchmicrodosing.com\/es\/#organization"},"potentialAction":[{"@type":"SearchAction","target":{"@type":"EntryPoint","urlTemplate":"https:\/\/dutchmicrodosing.com\/es\/?s={search_term_string}"},"query-input":{"@type":"PropertyValueSpecification","valueRequired":true,"valueName":"search_term_string"}}],"inLanguage":"es"},{"@type":"Organization","@id":"https:\/\/dutchmicrodosing.com\/es\/#organization","name":"Dutchmicrodosing","url":"https:\/\/dutchmicrodosing.com\/es\/","logo":{"@type":"ImageObject","inLanguage":"es","@id":"https:\/\/dutchmicrodosing.com\/es\/#\/schema\/logo\/image\/","url":"https:\/\/dutchmicrodosing.com\/wp-content\/uploads\/2021\/01\/microdosing-categorie-pic-nieuw.jpg","contentUrl":"https:\/\/dutchmicrodosing.com\/wp-content\/uploads\/2021\/01\/microdosing-categorie-pic-nieuw.jpg","width":500,"height":500,"caption":"Dutchmicrodosing"},"image":{"@id":"https:\/\/dutchmicrodosing.com\/es\/#\/schema\/logo\/image\/"},"sameAs":["https:\/\/www.facebook.com\/Dutchmicrodosingxp\/","https:\/\/www.instagram.com\/dutchmicrodosing\/"]}]},"product_price_amount":"16.95","product_price_currency":"EUR","og_availability":"instock","product_availability":"instock","product_retailer_item_id":"4202774","product_condition":"new"},"_links":{"self":[{"href":"https:\/\/dutchmicrodosing.com\/es\/wp-json\/wp\/v2\/product\/35829","targetHints":{"allow":["GET"]}}],"collection":[{"href":"https:\/\/dutchmicrodosing.com\/es\/wp-json\/wp\/v2\/product"}],"about":[{"href":"https:\/\/dutchmicrodosing.com\/es\/wp-json\/wp\/v2\/types\/product"}],"replies":[{"embeddable":true,"href":"https:\/\/dutchmicrodosing.com\/es\/wp-json\/wp\/v2\/comments?post=35829"}],"version-history":[{"count":1,"href":"https:\/\/dutchmicrodosing.com\/es\/wp-json\/wp\/v2\/product\/35829\/revisions"}],"predecessor-version":[{"id":64307,"href":"https:\/\/dutchmicrodosing.com\/es\/wp-json\/wp\/v2\/product\/35829\/revisions\/64307"}],"wp:featuredmedia":[{"embeddable":true,"href":"https:\/\/dutchmicrodosing.com\/es\/wp-json\/wp\/v2\/media\/35924"}],"wp:attachment":[{"href":"https:\/\/dutchmicrodosing.com\/es\/wp-json\/wp\/v2\/media?parent=35829"}],"wp:term":[{"taxonomy":"product_brand","embeddable":true,"href":"https:\/\/dutchmicrodosing.com\/es\/wp-json\/wp\/v2\/product_brand?post=35829"},{"taxonomy":"product_cat","embeddable":true,"href":"https:\/\/dutchmicrodosing.com\/es\/wp-json\/wp\/v2\/product_cat?post=35829"},{"taxonomy":"product_tag","embeddable":true,"href":"https:\/\/dutchmicrodosing.com\/es\/wp-json\/wp\/v2\/product_tag?post=35829"}],"curies":[{"name":"wp","href":"https:\/\/api.w.org\/{rel}","templated":true}]}}