{"id":36713,"date":"2024-02-17T16:22:37","date_gmt":"2024-02-17T15:22:37","guid":{"rendered":"https:\/\/dutchmicrodosing.com\/shop\/sin%20categor\u00eda\/cacao-crudo-nibs-ecuador-ceremonia-calidad\/"},"modified":"2026-02-19T00:47:32","modified_gmt":"2026-02-18T23:47:32","slug":"cacao-crudo-nibs-ecuador-ceremonia-calidad","status":"publish","type":"product","link":"https:\/\/dutchmicrodosing.com\/es\/herbolario\/suplementos-energeticos\/cacao-crudo-nibs-ecuador-ceremonia-calidad\/","title":{"rendered":"Cacao Crudo Org\u00e1nico Nibs Per\u00fa &#8211; Calidad Ceremonial"},"content":{"rendered":"<p><strong>Organic Raw Cacao Nibs Per\u00fa<\/strong> son una aut\u00e9ntica delicia tanto para los amantes de la buena mesa como para las personas concienciadas con su salud. Estos peque\u00f1os pero poderosos trozos del grano de cacao no s\u00f3lo son deliciosos, sino que tambi\u00e9n est\u00e1n repletos de nutrientes. Proceden del exuberante y biodiverso paisaje de Per\u00fa y ofrecen una experiencia de sabor \u00fanica y numerosos beneficios para la salud. Estos nibs de cacao de primera calidad proceden de granos de cacao ceremonial de Per\u00fa con certificaci\u00f3n ecol\u00f3gica y cultivados de forma sostenible. Se han seleccionado con sumo cuidado y atenci\u00f3n a la calidad y la pureza, espec\u00edficamente para uso ceremonial. Nuestro compromiso con el comercio justo y la sostenibilidad est\u00e1 garantizado en todas las fases del proceso de producci\u00f3n, lo que nos permite ofrecer un producto \u00e9tico y de alta calidad que cumple las normas m\u00e1s estrictas.<\/p>\n<h3>Beneficios para la salud de los Nibs de Cacao Crudos<\/h3>\n<p>Los nibs de cacao crudo son una excelente fuente de antioxidantes, especialmente flavonoides, que pueden ayudar a proteger contra el estr\u00e9s oxidativo y la inflamaci\u00f3n. Tambi\u00e9n contienen minerales esenciales como magnesio, hierro y potasio, que contribuyen a un coraz\u00f3n sano, m\u00fasculos fuertes y un sistema nervioso equilibrado. Adem\u00e1s, ofrecen una buena cantidad de fibra para una digesti\u00f3n saludable y pueden mejorar el estado de \u00e1nimo gracias a la presencia de teobromina y una peque\u00f1a cantidad de cafe\u00edna.<\/p>\n<h3>Ingredientes<\/h3>\n<p>100% Cacao crudo ceremonial de Per\u00fa.<\/p>\n<h3>Uso de los Nibs de Cacao Crudos<\/h3>\n<p>Puedes consumir Raw Cacao Nibs directamente o a\u00f1adirlos a la comida.<\/p>\n<h4>Uso Ceremonial<\/h4>\n<p>La utilizaci\u00f3n de los nibs de cacao para uso ceremonial se remonta a las antiguas culturas mesoamericanas, como los mayas y los aztecas, que consideraban el cacao un regalo sagrado de los dioses. Una pauta general para una dosis ceremonial es de entre 20 y 40 gramos de nibs de cacao crudos. Esto equivale aproximadamente a entre 20 y 40 gramos de granos de cacao crudos. Sin embargo, algunas ceremonias pueden utilizar cantidades superiores, de hasta 42 gramos o incluso m\u00e1s, dependiendo de la tradici\u00f3n, la intenci\u00f3n de la ceremonia y la experiencia y sensibilidad de los participantes.<\/p>\n<ol>\n<li>Intenci\u00f3n Zetten:<br \/>\nAntes de empezar, es importante establecer claramente la intenci\u00f3n de la ceremonia. Puede tratarse de crecimiento personal, curaci\u00f3n, muestra de gratitud o b\u00fasqueda de orientaci\u00f3n sobre un reto concreto.<\/li>\n<li>Cacao nibs Select:<br \/>\nAseg\u00farese de utilizar nibs de cacao org\u00e1nico crudo de alta calidad, preferiblemente de una fuente que apoye las pr\u00e1cticas de comercio justo y sostenible. Esto no s\u00f3lo respeta la naturaleza sagrada del cacao, sino que tambi\u00e9n garantiza que la energ\u00eda que transporta sea pura.<\/li>\n<li>Elaboraci\u00f3n de bebidas ceremoniales de cacao:<br \/>\n-Comenzar tostando suavemente los nibs de cacao a baja temperatura para liberar sus aromas. Esto es opcional y depende de las preferencias personales.<br \/>\n&#8211; Triturar los nibs de cacao tostados o crudos hasta obtener un polvo fino con un molinillo o un mortero.<br \/>\n&#8211; Mezclar el cacao en polvo con agua caliente o una leche vegetal de su elecci\u00f3n. La cantidad de agua o leche depende de lo espesa o fina que prefiera la bebida.<br \/>\n&#8211; Si lo desea, a\u00f1ada edulcorantes naturales como miel o sirope de arce, junto con especias como guindilla, canela o vainilla para darle m\u00e1s sabor y propiedades energizantes.<\/li>\n<li>La ceremonia:<br \/>\n&#8211; Crea un espacio sagrado limpiando tu entorno con salvia, Palo Santo o incienso, por ejemplo.<br \/>\n&#8211; Invita a los participantes a sentarse en c\u00edrculo y a compartir la bebida de cacao.<br \/>\n&#8211; Mientras todos sostienen la bebida de cacao, an\u00edmales a soplar sus intenciones en el cacao, \u00abactiv\u00e1ndolo\u00bb energ\u00e9ticamente con sus oraciones o deseos personales.<br \/>\n&#8211; Beban juntos la bebida de cacao. T\u00f3mese su tiempo para sentir el sabor, la calidez y la energ\u00eda del cacao.<br \/>\n&#8211; La ceremonia puede continuar con meditaci\u00f3n, cantos, bailes, tambores u otras actividades que ayuden al grupo a conectar y profundizar en sus intenciones.<\/li>\n<\/ol>\n<h3>Contenido<\/h3>\n<p>Cacao Crudo Org\u00e1nico Nibs Per\u00fa &#8211; 200g.<\/p>\n","protected":false},"excerpt":{"rendered":"<p>Organic Raw Cacao Nibs Per\u00fa son una aut\u00e9ntica delicia tanto para los amantes de la buena mesa como para las personas concienciadas con su salud. Estos peque\u00f1os pero poderosos trozos del grano de cacao no s\u00f3lo son deliciosos, sino que tambi\u00e9n est\u00e1n repletos de nutrientes. Proceden del exuberante y biodiverso paisaje de Per\u00fa y ofrecen [&hellip;]<\/p>\n","protected":false},"featured_media":36604,"comment_status":"closed","ping_status":"closed","template":"","meta":[],"product_brand":[],"product_cat":[339,297,298],"product_tag":[],"class_list":{"0":"post-36713","1":"product","2":"type-product","3":"status-publish","4":"has-post-thumbnail","6":"product_cat-cacao-crudo","7":"product_cat-suplementos-energeticos","8":"product_cat-suplementos-para-el-sistema-inmunitario","10":"first","11":"instock","12":"taxable","13":"shipping-taxable","14":"purchasable","15":"product-type-simple"},"yoast_head":"<!-- This site is optimized with the Yoast SEO Premium plugin v26.4 (Yoast SEO v27.2) - https:\/\/yoast.com\/product\/yoast-seo-premium-wordpress\/ -->\n<title>Cacao Crudo Org\u00e1nico Nibs Per\u00fa - Calidad Ceremonial - Dutchmicrodosing<\/title>\n<meta name=\"robots\" content=\"index, follow, max-snippet:-1, max-image-preview:large, max-video-preview:-1\" \/>\n<link rel=\"canonical\" href=\"https:\/\/dutchmicrodosing.com\/es\/herbolario\/suplementos-energeticos\/cacao-crudo-nibs-ecuador-ceremonia-calidad\/\" \/>\n<meta property=\"og:locale\" content=\"es_ES\" \/>\n<meta property=\"og:type\" content=\"article\" \/>\n<meta property=\"og:title\" content=\"Cacao Crudo Org\u00e1nico Nibs Per\u00fa - Calidad Ceremonial\" \/>\n<meta property=\"og:description\" content=\"Organic Raw Cacao Nibs Per\u00fa son una aut\u00e9ntica delicia tanto para los amantes de la buena mesa como para las personas concienciadas con su salud. Estos\" \/>\n<meta property=\"og:url\" content=\"https:\/\/dutchmicrodosing.com\/es\/herbolario\/suplementos-energeticos\/cacao-crudo-nibs-ecuador-ceremonia-calidad\/\" \/>\n<meta property=\"og:site_name\" content=\"Dutchmicrodosing\" \/>\n<meta property=\"article:publisher\" content=\"https:\/\/www.facebook.com\/Dutchmicrodosingxp\/\" \/>\n<meta property=\"article:modified_time\" content=\"2026-02-18T23:47:32+00:00\" \/>\n<meta property=\"og:image\" content=\"https:\/\/dutchmicrodosing.com\/wp-content\/uploads\/2024\/02\/shutterstock_385625917-scaled.jpg\" \/>\n\t<meta property=\"og:image:width\" content=\"2560\" \/>\n\t<meta property=\"og:image:height\" content=\"2310\" \/>\n\t<meta property=\"og:image:type\" content=\"image\/jpeg\" \/>\n<meta name=\"twitter:card\" content=\"summary_large_image\" \/>\n<script type=\"application\/ld+json\" class=\"yoast-schema-graph\">{\"@context\":\"https:\/\/schema.org\",\"@graph\":[{\"@type\":\"WebPage\",\"@id\":\"https:\/\/dutchmicrodosing.com\/es\/herbolario\/suplementos-energeticos\/cacao-crudo-nibs-ecuador-ceremonia-calidad\/\",\"url\":\"https:\/\/dutchmicrodosing.com\/es\/herbolario\/suplementos-energeticos\/cacao-crudo-nibs-ecuador-ceremonia-calidad\/\",\"name\":\"Cacao Crudo Org\u00e1nico Nibs Per\u00fa - Calidad Ceremonial - Dutchmicrodosing\",\"isPartOf\":{\"@id\":\"https:\/\/dutchmicrodosing.com\/es\/#website\"},\"primaryImageOfPage\":{\"@id\":\"https:\/\/dutchmicrodosing.com\/es\/herbolario\/suplementos-energeticos\/cacao-crudo-nibs-ecuador-ceremonia-calidad\/#primaryimage\"},\"image\":{\"@id\":\"https:\/\/dutchmicrodosing.com\/es\/herbolario\/suplementos-energeticos\/cacao-crudo-nibs-ecuador-ceremonia-calidad\/#primaryimage\"},\"thumbnailUrl\":\"https:\/\/dutchmicrodosing.com\/wp-content\/uploads\/2024\/02\/shutterstock_385625917-scaled.jpg\",\"datePublished\":\"2024-02-17T15:22:37+00:00\",\"dateModified\":\"2026-02-18T23:47:32+00:00\",\"breadcrumb\":{\"@id\":\"https:\/\/dutchmicrodosing.com\/es\/herbolario\/suplementos-energeticos\/cacao-crudo-nibs-ecuador-ceremonia-calidad\/#breadcrumb\"},\"inLanguage\":\"es\",\"potentialAction\":[{\"@type\":\"ReadAction\",\"target\":[\"https:\/\/dutchmicrodosing.com\/es\/herbolario\/suplementos-energeticos\/cacao-crudo-nibs-ecuador-ceremonia-calidad\/\"]}]},{\"@type\":\"ImageObject\",\"inLanguage\":\"es\",\"@id\":\"https:\/\/dutchmicrodosing.com\/es\/herbolario\/suplementos-energeticos\/cacao-crudo-nibs-ecuador-ceremonia-calidad\/#primaryimage\",\"url\":\"https:\/\/dutchmicrodosing.com\/wp-content\/uploads\/2024\/02\/shutterstock_385625917-scaled.jpg\",\"contentUrl\":\"https:\/\/dutchmicrodosing.com\/wp-content\/uploads\/2024\/02\/shutterstock_385625917-scaled.jpg\",\"width\":2560,\"height\":2310},{\"@type\":\"BreadcrumbList\",\"@id\":\"https:\/\/dutchmicrodosing.com\/es\/herbolario\/suplementos-energeticos\/cacao-crudo-nibs-ecuador-ceremonia-calidad\/#breadcrumb\",\"itemListElement\":[{\"@type\":\"ListItem\",\"position\":1,\"name\":\"Home\",\"item\":\"https:\/\/dutchmicrodosing.com\/es\/\"},{\"@type\":\"ListItem\",\"position\":2,\"name\":\"Tienda\",\"item\":\"https:\/\/dutchmicrodosing.com\/es\/tienda\/\"},{\"@type\":\"ListItem\",\"position\":3,\"name\":\"Cacao Crudo Org\u00e1nico Nibs Per\u00fa &#8211; Calidad Ceremonial\"}]},{\"@type\":\"WebSite\",\"@id\":\"https:\/\/dutchmicrodosing.com\/es\/#website\",\"url\":\"https:\/\/dutchmicrodosing.com\/es\/\",\"name\":\"Dutchmicrodosing\",\"description\":\"\",\"publisher\":{\"@id\":\"https:\/\/dutchmicrodosing.com\/es\/#organization\"},\"potentialAction\":[{\"@type\":\"SearchAction\",\"target\":{\"@type\":\"EntryPoint\",\"urlTemplate\":\"https:\/\/dutchmicrodosing.com\/es\/?s={search_term_string}\"},\"query-input\":{\"@type\":\"PropertyValueSpecification\",\"valueRequired\":true,\"valueName\":\"search_term_string\"}}],\"inLanguage\":\"es\"},{\"@type\":\"Organization\",\"@id\":\"https:\/\/dutchmicrodosing.com\/es\/#organization\",\"name\":\"Dutchmicrodosing\",\"url\":\"https:\/\/dutchmicrodosing.com\/es\/\",\"logo\":{\"@type\":\"ImageObject\",\"inLanguage\":\"es\",\"@id\":\"https:\/\/dutchmicrodosing.com\/es\/#\/schema\/logo\/image\/\",\"url\":\"https:\/\/dutchmicrodosing.com\/wp-content\/uploads\/2021\/01\/microdosing-categorie-pic-nieuw.jpg\",\"contentUrl\":\"https:\/\/dutchmicrodosing.com\/wp-content\/uploads\/2021\/01\/microdosing-categorie-pic-nieuw.jpg\",\"width\":500,\"height\":500,\"caption\":\"Dutchmicrodosing\"},\"image\":{\"@id\":\"https:\/\/dutchmicrodosing.com\/es\/#\/schema\/logo\/image\/\"},\"sameAs\":[\"https:\/\/www.facebook.com\/Dutchmicrodosingxp\/\",\"https:\/\/www.instagram.com\/dutchmicrodosing\/\"]}]}<\/script>\n<meta property=\"product:price:amount\" content=\"14.95\" \/>\n<meta property=\"product:price:currency\" content=\"EUR\" \/>\n<meta property=\"og:availability\" content=\"instock\" \/>\n<meta property=\"product:availability\" content=\"instock\" \/>\n<meta property=\"product:retailer_item_id\" content=\"4202293\" \/>\n<meta property=\"product:condition\" content=\"new\" \/>\n<!-- \/ Yoast SEO Premium plugin. -->","yoast_head_json":{"title":"Cacao Crudo Org\u00e1nico Nibs Per\u00fa - Calidad Ceremonial - Dutchmicrodosing","robots":{"index":"index","follow":"follow","max-snippet":"max-snippet:-1","max-image-preview":"max-image-preview:large","max-video-preview":"max-video-preview:-1"},"canonical":"https:\/\/dutchmicrodosing.com\/es\/herbolario\/suplementos-energeticos\/cacao-crudo-nibs-ecuador-ceremonia-calidad\/","og_locale":"es_ES","og_type":"article","og_title":"Cacao Crudo Org\u00e1nico Nibs Per\u00fa - Calidad Ceremonial","og_description":"Organic Raw Cacao Nibs Per\u00fa son una aut\u00e9ntica delicia tanto para los amantes de la buena mesa como para las personas concienciadas con su salud. Estos","og_url":"https:\/\/dutchmicrodosing.com\/es\/herbolario\/suplementos-energeticos\/cacao-crudo-nibs-ecuador-ceremonia-calidad\/","og_site_name":"Dutchmicrodosing","article_publisher":"https:\/\/www.facebook.com\/Dutchmicrodosingxp\/","article_modified_time":"2026-02-18T23:47:32+00:00","og_image":[{"width":2560,"height":2310,"url":"https:\/\/dutchmicrodosing.com\/wp-content\/uploads\/2024\/02\/shutterstock_385625917-scaled.jpg","type":"image\/jpeg"}],"twitter_card":"summary_large_image","schema":{"@context":"https:\/\/schema.org","@graph":[{"@type":"WebPage","@id":"https:\/\/dutchmicrodosing.com\/es\/herbolario\/suplementos-energeticos\/cacao-crudo-nibs-ecuador-ceremonia-calidad\/","url":"https:\/\/dutchmicrodosing.com\/es\/herbolario\/suplementos-energeticos\/cacao-crudo-nibs-ecuador-ceremonia-calidad\/","name":"Cacao Crudo Org\u00e1nico Nibs Per\u00fa - Calidad Ceremonial - Dutchmicrodosing","isPartOf":{"@id":"https:\/\/dutchmicrodosing.com\/es\/#website"},"primaryImageOfPage":{"@id":"https:\/\/dutchmicrodosing.com\/es\/herbolario\/suplementos-energeticos\/cacao-crudo-nibs-ecuador-ceremonia-calidad\/#primaryimage"},"image":{"@id":"https:\/\/dutchmicrodosing.com\/es\/herbolario\/suplementos-energeticos\/cacao-crudo-nibs-ecuador-ceremonia-calidad\/#primaryimage"},"thumbnailUrl":"https:\/\/dutchmicrodosing.com\/wp-content\/uploads\/2024\/02\/shutterstock_385625917-scaled.jpg","datePublished":"2024-02-17T15:22:37+00:00","dateModified":"2026-02-18T23:47:32+00:00","breadcrumb":{"@id":"https:\/\/dutchmicrodosing.com\/es\/herbolario\/suplementos-energeticos\/cacao-crudo-nibs-ecuador-ceremonia-calidad\/#breadcrumb"},"inLanguage":"es","potentialAction":[{"@type":"ReadAction","target":["https:\/\/dutchmicrodosing.com\/es\/herbolario\/suplementos-energeticos\/cacao-crudo-nibs-ecuador-ceremonia-calidad\/"]}]},{"@type":"ImageObject","inLanguage":"es","@id":"https:\/\/dutchmicrodosing.com\/es\/herbolario\/suplementos-energeticos\/cacao-crudo-nibs-ecuador-ceremonia-calidad\/#primaryimage","url":"https:\/\/dutchmicrodosing.com\/wp-content\/uploads\/2024\/02\/shutterstock_385625917-scaled.jpg","contentUrl":"https:\/\/dutchmicrodosing.com\/wp-content\/uploads\/2024\/02\/shutterstock_385625917-scaled.jpg","width":2560,"height":2310},{"@type":"BreadcrumbList","@id":"https:\/\/dutchmicrodosing.com\/es\/herbolario\/suplementos-energeticos\/cacao-crudo-nibs-ecuador-ceremonia-calidad\/#breadcrumb","itemListElement":[{"@type":"ListItem","position":1,"name":"Home","item":"https:\/\/dutchmicrodosing.com\/es\/"},{"@type":"ListItem","position":2,"name":"Tienda","item":"https:\/\/dutchmicrodosing.com\/es\/tienda\/"},{"@type":"ListItem","position":3,"name":"Cacao Crudo Org\u00e1nico Nibs Per\u00fa &#8211; Calidad Ceremonial"}]},{"@type":"WebSite","@id":"https:\/\/dutchmicrodosing.com\/es\/#website","url":"https:\/\/dutchmicrodosing.com\/es\/","name":"Dutchmicrodosing","description":"","publisher":{"@id":"https:\/\/dutchmicrodosing.com\/es\/#organization"},"potentialAction":[{"@type":"SearchAction","target":{"@type":"EntryPoint","urlTemplate":"https:\/\/dutchmicrodosing.com\/es\/?s={search_term_string}"},"query-input":{"@type":"PropertyValueSpecification","valueRequired":true,"valueName":"search_term_string"}}],"inLanguage":"es"},{"@type":"Organization","@id":"https:\/\/dutchmicrodosing.com\/es\/#organization","name":"Dutchmicrodosing","url":"https:\/\/dutchmicrodosing.com\/es\/","logo":{"@type":"ImageObject","inLanguage":"es","@id":"https:\/\/dutchmicrodosing.com\/es\/#\/schema\/logo\/image\/","url":"https:\/\/dutchmicrodosing.com\/wp-content\/uploads\/2021\/01\/microdosing-categorie-pic-nieuw.jpg","contentUrl":"https:\/\/dutchmicrodosing.com\/wp-content\/uploads\/2021\/01\/microdosing-categorie-pic-nieuw.jpg","width":500,"height":500,"caption":"Dutchmicrodosing"},"image":{"@id":"https:\/\/dutchmicrodosing.com\/es\/#\/schema\/logo\/image\/"},"sameAs":["https:\/\/www.facebook.com\/Dutchmicrodosingxp\/","https:\/\/www.instagram.com\/dutchmicrodosing\/"]}]},"product_price_amount":"14.95","product_price_currency":"EUR","og_availability":"instock","product_availability":"instock","product_retailer_item_id":"4202293","product_condition":"new"},"_links":{"self":[{"href":"https:\/\/dutchmicrodosing.com\/es\/wp-json\/wp\/v2\/product\/36713","targetHints":{"allow":["GET"]}}],"collection":[{"href":"https:\/\/dutchmicrodosing.com\/es\/wp-json\/wp\/v2\/product"}],"about":[{"href":"https:\/\/dutchmicrodosing.com\/es\/wp-json\/wp\/v2\/types\/product"}],"replies":[{"embeddable":true,"href":"https:\/\/dutchmicrodosing.com\/es\/wp-json\/wp\/v2\/comments?post=36713"}],"version-history":[{"count":0,"href":"https:\/\/dutchmicrodosing.com\/es\/wp-json\/wp\/v2\/product\/36713\/revisions"}],"wp:featuredmedia":[{"embeddable":true,"href":"https:\/\/dutchmicrodosing.com\/es\/wp-json\/wp\/v2\/media\/36604"}],"wp:attachment":[{"href":"https:\/\/dutchmicrodosing.com\/es\/wp-json\/wp\/v2\/media?parent=36713"}],"wp:term":[{"taxonomy":"product_brand","embeddable":true,"href":"https:\/\/dutchmicrodosing.com\/es\/wp-json\/wp\/v2\/product_brand?post=36713"},{"taxonomy":"product_cat","embeddable":true,"href":"https:\/\/dutchmicrodosing.com\/es\/wp-json\/wp\/v2\/product_cat?post=36713"},{"taxonomy":"product_tag","embeddable":true,"href":"https:\/\/dutchmicrodosing.com\/es\/wp-json\/wp\/v2\/product_tag?post=36713"}],"curies":[{"name":"wp","href":"https:\/\/api.w.org\/{rel}","templated":true}]}}