{"id":36817,"date":"2024-03-01T09:10:07","date_gmt":"2024-03-01T08:10:07","guid":{"rendered":"https:\/\/dutchmicrodosing.com\/?post_type=product&#038;p=36817"},"modified":"2025-09-28T20:46:39","modified_gmt":"2025-09-28T18:46:39","slug":"molinillo-agitador-de-chocolate","status":"publish","type":"product","link":"https:\/\/dutchmicrodosing.com\/es\/herbolario\/cacao-crudo\/molinillo-agitador-de-chocolate\/","title":{"rendered":"Molinillo &#8211; Agitador de chocolate"},"content":{"rendered":"<p><strong>Molinillo &#8211; Agitador de chocolate <\/strong>es una hermosa pieza de artesan\u00eda tradicional originaria de Mesoam\u00e9rica. Este utensilio de cocina de madera, utilizado hace siglos por los mayas y los aztecas y extendido posteriormente por Europa, se sigue utilizando para mezclar y espumar aut\u00e9nticamente bebidas de chocolate caliente.<\/p>\n<h3>Caracter\u00edsticas<\/h3>\n<ul>\n<li>Hecho a mano en madera, con atenci\u00f3n al detalle y a la tradici\u00f3n<\/li>\n<li>Ideal para espumar bebidas de cacao tradicionales<\/li>\n<li>Funcional a la vez que decorativo: a\u00f1ade un elemento cultural a su cocina<\/li>\n<li>Un v\u00ednculo tangible con la historia culinaria de Mesoam\u00e9rica<\/li>\n<\/ul>\n<h3>Utilice<\/h3>\n<p>El funcionamiento del Molinillo es sencillo pero eficaz. Coloca el Molinillo en una bebida de cacao caliente y haz rodar el eje entre las palmas de las manos para que el instrumento empiece a girar. Este remolino mezcla la bebida e introduce aire en el l\u00edquido, creando una textura cremosa y espumosa. Adem\u00e1s de su funci\u00f3n pr\u00e1ctica, el uso del Molinillo es tambi\u00e9n una parte ritual de la cocina, que rinde homenaje a tradiciones ancestrales.<\/p>\n<h3>Contenido<\/h3>\n<p>1 Molinillo de madera hecho a mano<\/p>\n<h3>Descargo de responsabilidad<\/h3>\n<p><em>El contenido de este texto es meramente informativo y no sustituye al asesoramiento profesional. Utilice este producto \u00fanicamente para los fines previstos.<\/em><\/p>\n","protected":false},"excerpt":{"rendered":"<p>Molinillo &#8211; Agitador de chocolate es una hermosa pieza de artesan\u00eda tradicional originaria de Mesoam\u00e9rica. Este utensilio de cocina de madera, utilizado hace siglos por los mayas y los aztecas y extendido posteriormente por Europa, se sigue utilizando para mezclar y espumar aut\u00e9nticamente bebidas de chocolate caliente. Caracter\u00edsticas Hecho a mano en madera, con atenci\u00f3n [&hellip;]<\/p>\n","protected":false},"featured_media":36720,"comment_status":"closed","ping_status":"closed","template":"","meta":[],"product_brand":[],"product_cat":[339],"product_tag":[],"class_list":{"0":"post-36817","1":"product","2":"type-product","3":"status-publish","4":"has-post-thumbnail","6":"product_cat-cacao-crudo","8":"first","9":"instock","10":"taxable","11":"shipping-taxable","12":"purchasable","13":"product-type-simple"},"yoast_head":"<!-- This site is optimized with the Yoast SEO Premium plugin v26.4 (Yoast SEO v27.2) - https:\/\/yoast.com\/product\/yoast-seo-premium-wordpress\/ -->\n<title>Molinillo - Agitador de chocolate - Dutchmicrodosing<\/title>\n<meta name=\"description\" content=\"Molinillo hecho a mano, utensilio de cocina tradicional de madera para espumar cacao caliente. Aut\u00e9ntico, decorativo y funcional.\" \/>\n<meta name=\"robots\" content=\"index, follow, max-snippet:-1, max-image-preview:large, max-video-preview:-1\" \/>\n<link rel=\"canonical\" href=\"https:\/\/dutchmicrodosing.com\/es\/herbolario\/cacao-crudo\/molinillo-agitador-de-chocolate\/\" \/>\n<meta property=\"og:locale\" content=\"es_ES\" \/>\n<meta property=\"og:type\" content=\"article\" \/>\n<meta property=\"og:title\" content=\"Molinillo - Agitador de chocolate\" \/>\n<meta property=\"og:description\" content=\"Molinillo - Agitador de chocolate es una hermosa pieza de artesan\u00eda tradicional originaria de Mesoam\u00e9rica. Este utensilio de cocina de madera, utilizado\" \/>\n<meta property=\"og:url\" content=\"https:\/\/dutchmicrodosing.com\/es\/herbolario\/cacao-crudo\/molinillo-agitador-de-chocolate\/\" \/>\n<meta property=\"og:site_name\" content=\"Dutchmicrodosing\" \/>\n<meta property=\"article:publisher\" content=\"https:\/\/www.facebook.com\/Dutchmicrodosingxp\/\" \/>\n<meta property=\"article:modified_time\" content=\"2025-09-28T18:46:39+00:00\" \/>\n<meta property=\"og:image\" content=\"https:\/\/dutchmicrodosing.com\/wp-content\/uploads\/2024\/03\/chocolate-stirrer-NEW.jpg\" \/>\n\t<meta property=\"og:image:width\" content=\"500\" \/>\n\t<meta property=\"og:image:height\" content=\"500\" \/>\n\t<meta property=\"og:image:type\" content=\"image\/jpeg\" \/>\n<meta name=\"twitter:card\" content=\"summary_large_image\" \/>\n<script type=\"application\/ld+json\" class=\"yoast-schema-graph\">{\"@context\":\"https:\/\/schema.org\",\"@graph\":[{\"@type\":\"WebPage\",\"@id\":\"https:\/\/dutchmicrodosing.com\/es\/herbolario\/cacao-crudo\/molinillo-agitador-de-chocolate\/\",\"url\":\"https:\/\/dutchmicrodosing.com\/es\/herbolario\/cacao-crudo\/molinillo-agitador-de-chocolate\/\",\"name\":\"Molinillo - Agitador de chocolate - Dutchmicrodosing\",\"isPartOf\":{\"@id\":\"https:\/\/dutchmicrodosing.com\/es\/#website\"},\"primaryImageOfPage\":{\"@id\":\"https:\/\/dutchmicrodosing.com\/es\/herbolario\/cacao-crudo\/molinillo-agitador-de-chocolate\/#primaryimage\"},\"image\":{\"@id\":\"https:\/\/dutchmicrodosing.com\/es\/herbolario\/cacao-crudo\/molinillo-agitador-de-chocolate\/#primaryimage\"},\"thumbnailUrl\":\"https:\/\/dutchmicrodosing.com\/wp-content\/uploads\/2024\/03\/chocolate-stirrer-NEW.jpg\",\"datePublished\":\"2024-03-01T08:10:07+00:00\",\"dateModified\":\"2025-09-28T18:46:39+00:00\",\"description\":\"Molinillo hecho a mano, utensilio de cocina tradicional de madera para espumar cacao caliente. Aut\u00e9ntico, decorativo y funcional.\",\"breadcrumb\":{\"@id\":\"https:\/\/dutchmicrodosing.com\/es\/herbolario\/cacao-crudo\/molinillo-agitador-de-chocolate\/#breadcrumb\"},\"inLanguage\":\"es\",\"potentialAction\":[{\"@type\":\"ReadAction\",\"target\":[\"https:\/\/dutchmicrodosing.com\/es\/herbolario\/cacao-crudo\/molinillo-agitador-de-chocolate\/\"]}]},{\"@type\":\"ImageObject\",\"inLanguage\":\"es\",\"@id\":\"https:\/\/dutchmicrodosing.com\/es\/herbolario\/cacao-crudo\/molinillo-agitador-de-chocolate\/#primaryimage\",\"url\":\"https:\/\/dutchmicrodosing.com\/wp-content\/uploads\/2024\/03\/chocolate-stirrer-NEW.jpg\",\"contentUrl\":\"https:\/\/dutchmicrodosing.com\/wp-content\/uploads\/2024\/03\/chocolate-stirrer-NEW.jpg\",\"width\":500,\"height\":500},{\"@type\":\"BreadcrumbList\",\"@id\":\"https:\/\/dutchmicrodosing.com\/es\/herbolario\/cacao-crudo\/molinillo-agitador-de-chocolate\/#breadcrumb\",\"itemListElement\":[{\"@type\":\"ListItem\",\"position\":1,\"name\":\"Home\",\"item\":\"https:\/\/dutchmicrodosing.com\/es\/\"},{\"@type\":\"ListItem\",\"position\":2,\"name\":\"Tienda\",\"item\":\"https:\/\/dutchmicrodosing.com\/es\/tienda\/\"},{\"@type\":\"ListItem\",\"position\":3,\"name\":\"Molinillo &#8211; Agitador de chocolate\"}]},{\"@type\":\"WebSite\",\"@id\":\"https:\/\/dutchmicrodosing.com\/es\/#website\",\"url\":\"https:\/\/dutchmicrodosing.com\/es\/\",\"name\":\"Dutchmicrodosing\",\"description\":\"\",\"publisher\":{\"@id\":\"https:\/\/dutchmicrodosing.com\/es\/#organization\"},\"potentialAction\":[{\"@type\":\"SearchAction\",\"target\":{\"@type\":\"EntryPoint\",\"urlTemplate\":\"https:\/\/dutchmicrodosing.com\/es\/?s={search_term_string}\"},\"query-input\":{\"@type\":\"PropertyValueSpecification\",\"valueRequired\":true,\"valueName\":\"search_term_string\"}}],\"inLanguage\":\"es\"},{\"@type\":\"Organization\",\"@id\":\"https:\/\/dutchmicrodosing.com\/es\/#organization\",\"name\":\"Dutchmicrodosing\",\"url\":\"https:\/\/dutchmicrodosing.com\/es\/\",\"logo\":{\"@type\":\"ImageObject\",\"inLanguage\":\"es\",\"@id\":\"https:\/\/dutchmicrodosing.com\/es\/#\/schema\/logo\/image\/\",\"url\":\"https:\/\/dutchmicrodosing.com\/wp-content\/uploads\/2021\/01\/microdosing-categorie-pic-nieuw.jpg\",\"contentUrl\":\"https:\/\/dutchmicrodosing.com\/wp-content\/uploads\/2021\/01\/microdosing-categorie-pic-nieuw.jpg\",\"width\":500,\"height\":500,\"caption\":\"Dutchmicrodosing\"},\"image\":{\"@id\":\"https:\/\/dutchmicrodosing.com\/es\/#\/schema\/logo\/image\/\"},\"sameAs\":[\"https:\/\/www.facebook.com\/Dutchmicrodosingxp\/\",\"https:\/\/www.instagram.com\/dutchmicrodosing\/\"]}]}<\/script>\n<meta property=\"product:price:amount\" content=\"19.95\" \/>\n<meta property=\"product:price:currency\" content=\"EUR\" \/>\n<meta property=\"og:availability\" content=\"instock\" \/>\n<meta property=\"product:availability\" content=\"instock\" \/>\n<meta property=\"product:retailer_item_id\" content=\"4203162\" \/>\n<meta property=\"product:condition\" content=\"new\" \/>\n<!-- \/ Yoast SEO Premium plugin. -->","yoast_head_json":{"title":"Molinillo - Agitador de chocolate - Dutchmicrodosing","description":"Molinillo hecho a mano, utensilio de cocina tradicional de madera para espumar cacao caliente. Aut\u00e9ntico, decorativo y funcional.","robots":{"index":"index","follow":"follow","max-snippet":"max-snippet:-1","max-image-preview":"max-image-preview:large","max-video-preview":"max-video-preview:-1"},"canonical":"https:\/\/dutchmicrodosing.com\/es\/herbolario\/cacao-crudo\/molinillo-agitador-de-chocolate\/","og_locale":"es_ES","og_type":"article","og_title":"Molinillo - Agitador de chocolate","og_description":"Molinillo - Agitador de chocolate es una hermosa pieza de artesan\u00eda tradicional originaria de Mesoam\u00e9rica. Este utensilio de cocina de madera, utilizado","og_url":"https:\/\/dutchmicrodosing.com\/es\/herbolario\/cacao-crudo\/molinillo-agitador-de-chocolate\/","og_site_name":"Dutchmicrodosing","article_publisher":"https:\/\/www.facebook.com\/Dutchmicrodosingxp\/","article_modified_time":"2025-09-28T18:46:39+00:00","og_image":[{"width":500,"height":500,"url":"https:\/\/dutchmicrodosing.com\/wp-content\/uploads\/2024\/03\/chocolate-stirrer-NEW.jpg","type":"image\/jpeg"}],"twitter_card":"summary_large_image","schema":{"@context":"https:\/\/schema.org","@graph":[{"@type":"WebPage","@id":"https:\/\/dutchmicrodosing.com\/es\/herbolario\/cacao-crudo\/molinillo-agitador-de-chocolate\/","url":"https:\/\/dutchmicrodosing.com\/es\/herbolario\/cacao-crudo\/molinillo-agitador-de-chocolate\/","name":"Molinillo - Agitador de chocolate - Dutchmicrodosing","isPartOf":{"@id":"https:\/\/dutchmicrodosing.com\/es\/#website"},"primaryImageOfPage":{"@id":"https:\/\/dutchmicrodosing.com\/es\/herbolario\/cacao-crudo\/molinillo-agitador-de-chocolate\/#primaryimage"},"image":{"@id":"https:\/\/dutchmicrodosing.com\/es\/herbolario\/cacao-crudo\/molinillo-agitador-de-chocolate\/#primaryimage"},"thumbnailUrl":"https:\/\/dutchmicrodosing.com\/wp-content\/uploads\/2024\/03\/chocolate-stirrer-NEW.jpg","datePublished":"2024-03-01T08:10:07+00:00","dateModified":"2025-09-28T18:46:39+00:00","description":"Molinillo hecho a mano, utensilio de cocina tradicional de madera para espumar cacao caliente. Aut\u00e9ntico, decorativo y funcional.","breadcrumb":{"@id":"https:\/\/dutchmicrodosing.com\/es\/herbolario\/cacao-crudo\/molinillo-agitador-de-chocolate\/#breadcrumb"},"inLanguage":"es","potentialAction":[{"@type":"ReadAction","target":["https:\/\/dutchmicrodosing.com\/es\/herbolario\/cacao-crudo\/molinillo-agitador-de-chocolate\/"]}]},{"@type":"ImageObject","inLanguage":"es","@id":"https:\/\/dutchmicrodosing.com\/es\/herbolario\/cacao-crudo\/molinillo-agitador-de-chocolate\/#primaryimage","url":"https:\/\/dutchmicrodosing.com\/wp-content\/uploads\/2024\/03\/chocolate-stirrer-NEW.jpg","contentUrl":"https:\/\/dutchmicrodosing.com\/wp-content\/uploads\/2024\/03\/chocolate-stirrer-NEW.jpg","width":500,"height":500},{"@type":"BreadcrumbList","@id":"https:\/\/dutchmicrodosing.com\/es\/herbolario\/cacao-crudo\/molinillo-agitador-de-chocolate\/#breadcrumb","itemListElement":[{"@type":"ListItem","position":1,"name":"Home","item":"https:\/\/dutchmicrodosing.com\/es\/"},{"@type":"ListItem","position":2,"name":"Tienda","item":"https:\/\/dutchmicrodosing.com\/es\/tienda\/"},{"@type":"ListItem","position":3,"name":"Molinillo &#8211; Agitador de chocolate"}]},{"@type":"WebSite","@id":"https:\/\/dutchmicrodosing.com\/es\/#website","url":"https:\/\/dutchmicrodosing.com\/es\/","name":"Dutchmicrodosing","description":"","publisher":{"@id":"https:\/\/dutchmicrodosing.com\/es\/#organization"},"potentialAction":[{"@type":"SearchAction","target":{"@type":"EntryPoint","urlTemplate":"https:\/\/dutchmicrodosing.com\/es\/?s={search_term_string}"},"query-input":{"@type":"PropertyValueSpecification","valueRequired":true,"valueName":"search_term_string"}}],"inLanguage":"es"},{"@type":"Organization","@id":"https:\/\/dutchmicrodosing.com\/es\/#organization","name":"Dutchmicrodosing","url":"https:\/\/dutchmicrodosing.com\/es\/","logo":{"@type":"ImageObject","inLanguage":"es","@id":"https:\/\/dutchmicrodosing.com\/es\/#\/schema\/logo\/image\/","url":"https:\/\/dutchmicrodosing.com\/wp-content\/uploads\/2021\/01\/microdosing-categorie-pic-nieuw.jpg","contentUrl":"https:\/\/dutchmicrodosing.com\/wp-content\/uploads\/2021\/01\/microdosing-categorie-pic-nieuw.jpg","width":500,"height":500,"caption":"Dutchmicrodosing"},"image":{"@id":"https:\/\/dutchmicrodosing.com\/es\/#\/schema\/logo\/image\/"},"sameAs":["https:\/\/www.facebook.com\/Dutchmicrodosingxp\/","https:\/\/www.instagram.com\/dutchmicrodosing\/"]}]},"product_price_amount":"19.95","product_price_currency":"EUR","og_availability":"instock","product_availability":"instock","product_retailer_item_id":"4203162","product_condition":"new"},"_links":{"self":[{"href":"https:\/\/dutchmicrodosing.com\/es\/wp-json\/wp\/v2\/product\/36817","targetHints":{"allow":["GET"]}}],"collection":[{"href":"https:\/\/dutchmicrodosing.com\/es\/wp-json\/wp\/v2\/product"}],"about":[{"href":"https:\/\/dutchmicrodosing.com\/es\/wp-json\/wp\/v2\/types\/product"}],"replies":[{"embeddable":true,"href":"https:\/\/dutchmicrodosing.com\/es\/wp-json\/wp\/v2\/comments?post=36817"}],"version-history":[{"count":0,"href":"https:\/\/dutchmicrodosing.com\/es\/wp-json\/wp\/v2\/product\/36817\/revisions"}],"wp:featuredmedia":[{"embeddable":true,"href":"https:\/\/dutchmicrodosing.com\/es\/wp-json\/wp\/v2\/media\/36720"}],"wp:attachment":[{"href":"https:\/\/dutchmicrodosing.com\/es\/wp-json\/wp\/v2\/media?parent=36817"}],"wp:term":[{"taxonomy":"product_brand","embeddable":true,"href":"https:\/\/dutchmicrodosing.com\/es\/wp-json\/wp\/v2\/product_brand?post=36817"},{"taxonomy":"product_cat","embeddable":true,"href":"https:\/\/dutchmicrodosing.com\/es\/wp-json\/wp\/v2\/product_cat?post=36817"},{"taxonomy":"product_tag","embeddable":true,"href":"https:\/\/dutchmicrodosing.com\/es\/wp-json\/wp\/v2\/product_tag?post=36817"}],"curies":[{"name":"wp","href":"https:\/\/api.w.org\/{rel}","templated":true}]}}