{"id":36838,"date":"2024-02-21T20:48:53","date_gmt":"2024-02-21T19:48:53","guid":{"rendered":"https:\/\/dutchmicrodosing.com\/shop\/sin%20categor\u00eda\/copos-de-cacao-crudo-ecuador-calidad-ceremonia\/"},"modified":"2025-09-02T10:30:45","modified_gmt":"2025-09-02T08:30:45","slug":"copos-de-cacao-crudo-ecuador-calidad-ceremonia","status":"publish","type":"product","link":"https:\/\/dutchmicrodosing.com\/es\/herbolario\/superalimentos\/copos-de-cacao-crudo-ecuador-calidad-ceremonia\/","title":{"rendered":"Pasta de Cacao Crudo Org\u00e1nico Ecuador &#8211; Calidad Ceremonial"},"content":{"rendered":"<p><strong>Pasta de Cacao Crudo Ecol\u00f3gico<\/strong> Ceremonial <strong>Ecuador &#8211; La calidad Ceremonial<\/strong> se obtiene de granos aut\u00f3ctonos Arriba \u00abNacional\u00bb y se somete a un proceso especial en fr\u00edo para conservar los nutrientes naturales. El cacao Arriba \u00abNacional\u00bb es conocido como una de las mejores variedades de cacao y se considera de primera calidad. Es conocida por su delicioso sabor y sus fragancias arom\u00e1ticas, que se unen en una textura suave y sedosa. Este cacao se cultiva en sistemas de perma-cultivo rodeados de \u00e1rboles frutales tropicales como naranjos, aguacates y mangos. El cacao ceremonial lo cuidan con esmero peque\u00f1os agricultores que dominan el arte del cultivo del cacao, tienen una profunda conexi\u00f3n con la naturaleza y trabajan seg\u00fan estrictas normas de comercio justo.<\/p>\n<h3>Ingredientes:<\/h3>\n<p>100% Pasta de cacao crudo ceremonial Arriba \u00abNacional\u00bb de Ecuador.<\/p>\n<h3>Uso:<\/h3>\n<p>La pasta de cacao puede desmenuzarse y consumirse, a\u00f1adirse a los alimentos o fundirse. Se funde mejor al ba\u00f1o mar\u00eda o a muy baja temperatura en una sart\u00e9n para evitar que se queme.<\/p>\n<h4>Usa Ceremonial:<\/h4>\n<ol>\n<li>Preparaci\u00f3n de la sala de ceremonias: Aseg\u00farese de que la sala est\u00e9 limpia, tranquila y libre de elementos perturbadores. Puedes purificar el espacio con humo de salvia blanca o palo santo.<\/li>\n<li>Establecer intenciones: T\u00f3mate un momento para reflexionar y formular tus intenciones para la ceremonia, como la curaci\u00f3n personal, el crecimiento espiritual o la b\u00fasqueda de respuestas a preguntas vitales.<\/li>\n<li>Preparaci\u00f3n de la bebida de cacao:<br \/>\n&#8211; Calentar agua o leche vegetal en un cazo y a\u00f1adir la pasta de cacao.<br \/>\n&#8211; Remover la pasta de cacao en el agua caliente o la leche vegetal hasta su completa disoluci\u00f3n.<br \/>\n&#8211; A\u00f1ada edulcorantes naturales y especias al gusto, como miel, jarabe de arce, guindilla, canela o vainilla.<\/li>\n<\/ol>\n<h4>Dosis recomendada:<\/h4>\n<p>La dosis para uso ceremonial var\u00eda en funci\u00f3n de la tolerancia personal, la experiencia con el cacao y la intensidad deseada de la experiencia. Una pauta general para la dosificaci\u00f3n ceremonial de pasta de cacao 100% es la siguiente:<\/p>\n<ul>\n<li>Principiantes: 20-25 gramos<\/li>\n<li>Promedio: 25-40 gramos<\/li>\n<li>Experimentados: 40-50 gramos<\/li>\n<\/ul>\n<p>Las ceremonias del cacao ofrecen una poderosa forma de conectar con tu interior y con el mundo espiritual. Si utilizas la pasta de cacao con respeto y con intenciones claras, puedes crear una experiencia profunda y significativa.<\/p>\n<h3>Contenido:<\/h3>\n<p>Pasta de Cacao Crudo Ecol\u00f3gico Ecuador \/ Calidad Ceremonial &#8211; 150g.<\/p>\n","protected":false},"excerpt":{"rendered":"<p>Pasta de Cacao Crudo Ecol\u00f3gico Ceremonial Ecuador &#8211; La calidad Ceremonial se obtiene de granos aut\u00f3ctonos Arriba \u00abNacional\u00bb y se somete a un proceso especial en fr\u00edo para conservar los nutrientes naturales. El cacao Arriba \u00abNacional\u00bb es conocido como una de las mejores variedades de cacao y se considera de primera calidad. Es conocida por [&hellip;]<\/p>\n","protected":false},"featured_media":36973,"comment_status":"closed","ping_status":"closed","template":"","meta":[],"product_brand":[],"product_cat":[339,297,298,283],"product_tag":[],"class_list":{"0":"post-36838","1":"product","2":"type-product","3":"status-publish","4":"has-post-thumbnail","6":"product_cat-cacao-crudo","7":"product_cat-suplementos-energeticos","8":"product_cat-suplementos-para-el-sistema-inmunitario","9":"product_cat-superalimentos","11":"first","12":"instock","13":"taxable","14":"shipping-taxable","15":"purchasable","16":"product-type-simple"},"yoast_head":"<!-- This site is optimized with the Yoast SEO Premium plugin v26.4 (Yoast SEO v27.4) - https:\/\/yoast.com\/product\/yoast-seo-premium-wordpress\/ -->\n<title>Pasta de Cacao Crudo Org\u00e1nico Ecuador - Calidad Ceremonial - Dutchmicrodosing<\/title>\n<meta name=\"robots\" content=\"index, follow, max-snippet:-1, max-image-preview:large, max-video-preview:-1\" \/>\n<link rel=\"canonical\" href=\"https:\/\/dutchmicrodosing.com\/es\/herbolario\/superalimentos\/copos-de-cacao-crudo-ecuador-calidad-ceremonia\/\" \/>\n<meta property=\"og:locale\" content=\"es_ES\" \/>\n<meta property=\"og:type\" content=\"article\" \/>\n<meta property=\"og:title\" content=\"Pasta de Cacao Crudo Org\u00e1nico Ecuador - Calidad Ceremonial\" \/>\n<meta property=\"og:description\" content=\"Pasta de Cacao Crudo Ecol\u00f3gico Ceremonial Ecuador - La calidad Ceremonial se obtiene de granos aut\u00f3ctonos Arriba &quot;Nacional&quot; y se somete a un proceso\" \/>\n<meta property=\"og:url\" content=\"https:\/\/dutchmicrodosing.com\/es\/herbolario\/superalimentos\/copos-de-cacao-crudo-ecuador-calidad-ceremonia\/\" \/>\n<meta property=\"og:site_name\" content=\"Dutchmicrodosing\" \/>\n<meta property=\"article:publisher\" content=\"https:\/\/www.facebook.com\/Dutchmicrodosingxp\/\" \/>\n<meta property=\"article:modified_time\" content=\"2025-09-02T08:30:45+00:00\" \/>\n<meta property=\"og:image\" content=\"https:\/\/dutchmicrodosing.com\/wp-content\/uploads\/2024\/02\/ssss.png\" \/>\n\t<meta property=\"og:image:width\" content=\"500\" \/>\n\t<meta property=\"og:image:height\" content=\"500\" \/>\n\t<meta property=\"og:image:type\" content=\"image\/png\" \/>\n<meta name=\"twitter:card\" content=\"summary_large_image\" \/>\n<script type=\"application\/ld+json\" class=\"yoast-schema-graph\">{\"@context\":\"https:\\\/\\\/schema.org\",\"@graph\":[{\"@type\":\"WebPage\",\"@id\":\"https:\\\/\\\/dutchmicrodosing.com\\\/es\\\/herbolario\\\/superalimentos\\\/copos-de-cacao-crudo-ecuador-calidad-ceremonia\\\/\",\"url\":\"https:\\\/\\\/dutchmicrodosing.com\\\/es\\\/herbolario\\\/superalimentos\\\/copos-de-cacao-crudo-ecuador-calidad-ceremonia\\\/\",\"name\":\"Pasta de Cacao Crudo Org\u00e1nico Ecuador - Calidad Ceremonial - Dutchmicrodosing\",\"isPartOf\":{\"@id\":\"https:\\\/\\\/dutchmicrodosing.com\\\/es\\\/#website\"},\"primaryImageOfPage\":{\"@id\":\"https:\\\/\\\/dutchmicrodosing.com\\\/es\\\/herbolario\\\/superalimentos\\\/copos-de-cacao-crudo-ecuador-calidad-ceremonia\\\/#primaryimage\"},\"image\":{\"@id\":\"https:\\\/\\\/dutchmicrodosing.com\\\/es\\\/herbolario\\\/superalimentos\\\/copos-de-cacao-crudo-ecuador-calidad-ceremonia\\\/#primaryimage\"},\"thumbnailUrl\":\"https:\\\/\\\/dutchmicrodosing.com\\\/wp-content\\\/uploads\\\/2024\\\/02\\\/ssss.png\",\"datePublished\":\"2024-02-21T19:48:53+00:00\",\"dateModified\":\"2025-09-02T08:30:45+00:00\",\"breadcrumb\":{\"@id\":\"https:\\\/\\\/dutchmicrodosing.com\\\/es\\\/herbolario\\\/superalimentos\\\/copos-de-cacao-crudo-ecuador-calidad-ceremonia\\\/#breadcrumb\"},\"inLanguage\":\"es\",\"potentialAction\":[{\"@type\":\"ReadAction\",\"target\":[\"https:\\\/\\\/dutchmicrodosing.com\\\/es\\\/herbolario\\\/superalimentos\\\/copos-de-cacao-crudo-ecuador-calidad-ceremonia\\\/\"]}]},{\"@type\":\"ImageObject\",\"inLanguage\":\"es\",\"@id\":\"https:\\\/\\\/dutchmicrodosing.com\\\/es\\\/herbolario\\\/superalimentos\\\/copos-de-cacao-crudo-ecuador-calidad-ceremonia\\\/#primaryimage\",\"url\":\"https:\\\/\\\/dutchmicrodosing.com\\\/wp-content\\\/uploads\\\/2024\\\/02\\\/ssss.png\",\"contentUrl\":\"https:\\\/\\\/dutchmicrodosing.com\\\/wp-content\\\/uploads\\\/2024\\\/02\\\/ssss.png\",\"width\":500,\"height\":500},{\"@type\":\"BreadcrumbList\",\"@id\":\"https:\\\/\\\/dutchmicrodosing.com\\\/es\\\/herbolario\\\/superalimentos\\\/copos-de-cacao-crudo-ecuador-calidad-ceremonia\\\/#breadcrumb\",\"itemListElement\":[{\"@type\":\"ListItem\",\"position\":1,\"name\":\"Home\",\"item\":\"https:\\\/\\\/dutchmicrodosing.com\\\/es\\\/\"},{\"@type\":\"ListItem\",\"position\":2,\"name\":\"Tienda\",\"item\":\"https:\\\/\\\/dutchmicrodosing.com\\\/es\\\/tienda\\\/\"},{\"@type\":\"ListItem\",\"position\":3,\"name\":\"Pasta de Cacao Crudo Org\u00e1nico Ecuador &#8211; Calidad Ceremonial\"}]},{\"@type\":\"WebSite\",\"@id\":\"https:\\\/\\\/dutchmicrodosing.com\\\/es\\\/#website\",\"url\":\"https:\\\/\\\/dutchmicrodosing.com\\\/es\\\/\",\"name\":\"Dutchmicrodosing\",\"description\":\"\",\"publisher\":{\"@id\":\"https:\\\/\\\/dutchmicrodosing.com\\\/es\\\/#organization\"},\"potentialAction\":[{\"@type\":\"SearchAction\",\"target\":{\"@type\":\"EntryPoint\",\"urlTemplate\":\"https:\\\/\\\/dutchmicrodosing.com\\\/es\\\/?s={search_term_string}\"},\"query-input\":{\"@type\":\"PropertyValueSpecification\",\"valueRequired\":true,\"valueName\":\"search_term_string\"}}],\"inLanguage\":\"es\"},{\"@type\":\"Organization\",\"@id\":\"https:\\\/\\\/dutchmicrodosing.com\\\/es\\\/#organization\",\"name\":\"Dutchmicrodosing\",\"url\":\"https:\\\/\\\/dutchmicrodosing.com\\\/es\\\/\",\"logo\":{\"@type\":\"ImageObject\",\"inLanguage\":\"es\",\"@id\":\"https:\\\/\\\/dutchmicrodosing.com\\\/es\\\/#\\\/schema\\\/logo\\\/image\\\/\",\"url\":\"https:\\\/\\\/dutchmicrodosing.com\\\/wp-content\\\/uploads\\\/2021\\\/01\\\/microdosing-categorie-pic-nieuw.jpg\",\"contentUrl\":\"https:\\\/\\\/dutchmicrodosing.com\\\/wp-content\\\/uploads\\\/2021\\\/01\\\/microdosing-categorie-pic-nieuw.jpg\",\"width\":500,\"height\":500,\"caption\":\"Dutchmicrodosing\"},\"image\":{\"@id\":\"https:\\\/\\\/dutchmicrodosing.com\\\/es\\\/#\\\/schema\\\/logo\\\/image\\\/\"},\"sameAs\":[\"https:\\\/\\\/www.facebook.com\\\/Dutchmicrodosingxp\\\/\",\"https:\\\/\\\/www.instagram.com\\\/dutchmicrodosing\\\/\"]}]}<\/script>\n<meta property=\"product:price:amount\" content=\"14.95\" \/>\n<meta property=\"product:price:currency\" content=\"EUR\" \/>\n<meta property=\"og:availability\" content=\"instock\" \/>\n<meta property=\"product:availability\" content=\"instock\" \/>\n<meta property=\"product:retailer_item_id\" content=\"4202666\" \/>\n<meta property=\"product:condition\" content=\"new\" \/>\n<!-- \/ Yoast SEO Premium plugin. -->","yoast_head_json":{"title":"Pasta de Cacao Crudo Org\u00e1nico Ecuador - Calidad Ceremonial - Dutchmicrodosing","robots":{"index":"index","follow":"follow","max-snippet":"max-snippet:-1","max-image-preview":"max-image-preview:large","max-video-preview":"max-video-preview:-1"},"canonical":"https:\/\/dutchmicrodosing.com\/es\/herbolario\/superalimentos\/copos-de-cacao-crudo-ecuador-calidad-ceremonia\/","og_locale":"es_ES","og_type":"article","og_title":"Pasta de Cacao Crudo Org\u00e1nico Ecuador - Calidad Ceremonial","og_description":"Pasta de Cacao Crudo Ecol\u00f3gico Ceremonial Ecuador - La calidad Ceremonial se obtiene de granos aut\u00f3ctonos Arriba \"Nacional\" y se somete a un proceso","og_url":"https:\/\/dutchmicrodosing.com\/es\/herbolario\/superalimentos\/copos-de-cacao-crudo-ecuador-calidad-ceremonia\/","og_site_name":"Dutchmicrodosing","article_publisher":"https:\/\/www.facebook.com\/Dutchmicrodosingxp\/","article_modified_time":"2025-09-02T08:30:45+00:00","og_image":[{"width":500,"height":500,"url":"https:\/\/dutchmicrodosing.com\/wp-content\/uploads\/2024\/02\/ssss.png","type":"image\/png"}],"twitter_card":"summary_large_image","schema":{"@context":"https:\/\/schema.org","@graph":[{"@type":"WebPage","@id":"https:\/\/dutchmicrodosing.com\/es\/herbolario\/superalimentos\/copos-de-cacao-crudo-ecuador-calidad-ceremonia\/","url":"https:\/\/dutchmicrodosing.com\/es\/herbolario\/superalimentos\/copos-de-cacao-crudo-ecuador-calidad-ceremonia\/","name":"Pasta de Cacao Crudo Org\u00e1nico Ecuador - Calidad Ceremonial - Dutchmicrodosing","isPartOf":{"@id":"https:\/\/dutchmicrodosing.com\/es\/#website"},"primaryImageOfPage":{"@id":"https:\/\/dutchmicrodosing.com\/es\/herbolario\/superalimentos\/copos-de-cacao-crudo-ecuador-calidad-ceremonia\/#primaryimage"},"image":{"@id":"https:\/\/dutchmicrodosing.com\/es\/herbolario\/superalimentos\/copos-de-cacao-crudo-ecuador-calidad-ceremonia\/#primaryimage"},"thumbnailUrl":"https:\/\/dutchmicrodosing.com\/wp-content\/uploads\/2024\/02\/ssss.png","datePublished":"2024-02-21T19:48:53+00:00","dateModified":"2025-09-02T08:30:45+00:00","breadcrumb":{"@id":"https:\/\/dutchmicrodosing.com\/es\/herbolario\/superalimentos\/copos-de-cacao-crudo-ecuador-calidad-ceremonia\/#breadcrumb"},"inLanguage":"es","potentialAction":[{"@type":"ReadAction","target":["https:\/\/dutchmicrodosing.com\/es\/herbolario\/superalimentos\/copos-de-cacao-crudo-ecuador-calidad-ceremonia\/"]}]},{"@type":"ImageObject","inLanguage":"es","@id":"https:\/\/dutchmicrodosing.com\/es\/herbolario\/superalimentos\/copos-de-cacao-crudo-ecuador-calidad-ceremonia\/#primaryimage","url":"https:\/\/dutchmicrodosing.com\/wp-content\/uploads\/2024\/02\/ssss.png","contentUrl":"https:\/\/dutchmicrodosing.com\/wp-content\/uploads\/2024\/02\/ssss.png","width":500,"height":500},{"@type":"BreadcrumbList","@id":"https:\/\/dutchmicrodosing.com\/es\/herbolario\/superalimentos\/copos-de-cacao-crudo-ecuador-calidad-ceremonia\/#breadcrumb","itemListElement":[{"@type":"ListItem","position":1,"name":"Home","item":"https:\/\/dutchmicrodosing.com\/es\/"},{"@type":"ListItem","position":2,"name":"Tienda","item":"https:\/\/dutchmicrodosing.com\/es\/tienda\/"},{"@type":"ListItem","position":3,"name":"Pasta de Cacao Crudo Org\u00e1nico Ecuador &#8211; Calidad Ceremonial"}]},{"@type":"WebSite","@id":"https:\/\/dutchmicrodosing.com\/es\/#website","url":"https:\/\/dutchmicrodosing.com\/es\/","name":"Dutchmicrodosing","description":"","publisher":{"@id":"https:\/\/dutchmicrodosing.com\/es\/#organization"},"potentialAction":[{"@type":"SearchAction","target":{"@type":"EntryPoint","urlTemplate":"https:\/\/dutchmicrodosing.com\/es\/?s={search_term_string}"},"query-input":{"@type":"PropertyValueSpecification","valueRequired":true,"valueName":"search_term_string"}}],"inLanguage":"es"},{"@type":"Organization","@id":"https:\/\/dutchmicrodosing.com\/es\/#organization","name":"Dutchmicrodosing","url":"https:\/\/dutchmicrodosing.com\/es\/","logo":{"@type":"ImageObject","inLanguage":"es","@id":"https:\/\/dutchmicrodosing.com\/es\/#\/schema\/logo\/image\/","url":"https:\/\/dutchmicrodosing.com\/wp-content\/uploads\/2021\/01\/microdosing-categorie-pic-nieuw.jpg","contentUrl":"https:\/\/dutchmicrodosing.com\/wp-content\/uploads\/2021\/01\/microdosing-categorie-pic-nieuw.jpg","width":500,"height":500,"caption":"Dutchmicrodosing"},"image":{"@id":"https:\/\/dutchmicrodosing.com\/es\/#\/schema\/logo\/image\/"},"sameAs":["https:\/\/www.facebook.com\/Dutchmicrodosingxp\/","https:\/\/www.instagram.com\/dutchmicrodosing\/"]}]},"product_price_amount":"14.95","product_price_currency":"EUR","og_availability":"instock","product_availability":"instock","product_retailer_item_id":"4202666","product_condition":"new"},"_links":{"self":[{"href":"https:\/\/dutchmicrodosing.com\/es\/wp-json\/wp\/v2\/product\/36838","targetHints":{"allow":["GET"]}}],"collection":[{"href":"https:\/\/dutchmicrodosing.com\/es\/wp-json\/wp\/v2\/product"}],"about":[{"href":"https:\/\/dutchmicrodosing.com\/es\/wp-json\/wp\/v2\/types\/product"}],"replies":[{"embeddable":true,"href":"https:\/\/dutchmicrodosing.com\/es\/wp-json\/wp\/v2\/comments?post=36838"}],"version-history":[{"count":0,"href":"https:\/\/dutchmicrodosing.com\/es\/wp-json\/wp\/v2\/product\/36838\/revisions"}],"wp:featuredmedia":[{"embeddable":true,"href":"https:\/\/dutchmicrodosing.com\/es\/wp-json\/wp\/v2\/media\/36973"}],"wp:attachment":[{"href":"https:\/\/dutchmicrodosing.com\/es\/wp-json\/wp\/v2\/media?parent=36838"}],"wp:term":[{"taxonomy":"product_brand","embeddable":true,"href":"https:\/\/dutchmicrodosing.com\/es\/wp-json\/wp\/v2\/product_brand?post=36838"},{"taxonomy":"product_cat","embeddable":true,"href":"https:\/\/dutchmicrodosing.com\/es\/wp-json\/wp\/v2\/product_cat?post=36838"},{"taxonomy":"product_tag","embeddable":true,"href":"https:\/\/dutchmicrodosing.com\/es\/wp-json\/wp\/v2\/product_tag?post=36838"}],"curies":[{"name":"wp","href":"https:\/\/api.w.org\/{rel}","templated":true}]}}