{"id":36849,"date":"2024-02-21T20:09:35","date_gmt":"2024-02-21T19:09:35","guid":{"rendered":"https:\/\/dutchmicrodosing.com\/?post_type=product&#038;p=36849"},"modified":"2025-08-19T15:31:46","modified_gmt":"2025-08-19T13:31:46","slug":"ceremonial-cacao-semillas-bolivia","status":"publish","type":"product","link":"https:\/\/dutchmicrodosing.com\/es\/herbolario\/superalimentos\/ceremonial-cacao-semillas-bolivia\/","title":{"rendered":"Semillas de Cacao Org\u00e1nico Bolivia &#8211; Calidad Ceremonial"},"content":{"rendered":"<p><strong>Las semillas de cacao ecol\u00f3gico Bolivia <\/strong>de la variedad \u00fanica Beniano se recolectan de forma silvestre en Beni, en el noreste de Bolivia. Esta variedad concreta de cacao, que ha prosperado en la selva amaz\u00f3nica durante cientos de a\u00f1os, es pura y no se ha visto afectada por cruces con otras variedades, lo que la convierte en una variedad rara y muy buscada entre los conocedores del cacao. Estos granos se utilizan a menudo en contextos ceremoniales. Las comunidades locales consideran la selva tropical y sus recursos de cacao como propiedad comunal, y los gestionan mediante la toma colectiva de decisiones. La recolecci\u00f3n de estos granos de cacao silvestre se realiza manualmente de enero a marzo, sin m\u00e1quinas-herramienta, lo que beneficia a la biodiversidad de la selva y subraya el estatus especial de este cacao silvestre.<\/p>\n<h3>El Ceibo<\/h3>\n<p>En Bolivia, el cacao crece de forma natural en los bosques de Beni, Cochabamba y el norte de La Paz. Estos granos de cacao son suministrados por El Ceibo, una cooperativa de segundo grado fundada en 1977 por 12 cooperativas de base. El Ceibo re\u00fane a m\u00e1s de 1.200 peque\u00f1os productores dedicados al cultivo ecol\u00f3gico del cacao en la regi\u00f3n del Alto Beni. Desde su creaci\u00f3n en 1977, la cooperativa ha trabajado para mejorar los medios de subsistencia de sus socios. Durante muchos a\u00f1os, El Ceibo, en colaboraci\u00f3n con el PIAF (Programa de Implementaci\u00f3n Agroecol\u00f3gica y Forestal), ha promovido el cultivo del cacao en sistemas de plantaci\u00f3n agroforestales. Aqu\u00ed, el cacao se cultiva en combinaci\u00f3n con frutales, plantas medicinales y madera.<\/p>\n<h3>Ingredientes<\/h3>\n<p>100% Semillas de cacao ecol\u00f3gico de Bolivia<\/p>\n<h3>Operaci\u00f3n<\/h3>\n<ul>\n<li>Potencia antioxidante.<\/li>\n<li>Refuerzo natural del estado de \u00e1nimo.<\/li>\n<li>Favorece la salud del coraz\u00f3n.<\/li>\n<li>Rico en minerales.<\/li>\n<li>Mejora de la funci\u00f3n cerebral.<\/li>\n<\/ul>\n<h3>Utilice<\/h3>\n<p>Las habas de cacao son muy vers\u00e1tiles. Puedes hacer chocolate casero con ellas, o triturarlas y a\u00f1adirlas a batidos, tortitas, muesli o yogur. Se recomienda no consumir m\u00e1s de 10-15 gramos de cacao en grano al d\u00eda.<\/p>\n<h3>Uso ceremonial<\/h3>\n<p>He aqu\u00ed una gu\u00eda general para la preparaci\u00f3n de los granos de cacao con fines ceremoniales, tal como se utilizan en diversas ceremonias tradicionales y contempor\u00e1neas:<\/p>\n<ol>\n<li><strong>Limpieza<\/strong><br \/>\nEmpieza con una limpieza f\u00edsica y energ\u00e9tica del espacio, de ti mismo y de los granos de cacao. Esto puede incluir humo de salvia blanca, palo santo u otro ritual de limpieza. En cuanto a las jud\u00edas, puede bastar con enjuagarlas bajo el grifo, con la intenci\u00f3n de limpiarlas de cualquier energ\u00eda negativa.<\/li>\n<li><strong>Tostadas<\/strong><br \/>\nTostar las habas de cacao ayuda a desarrollar los sabores y facilita la eliminaci\u00f3n de la c\u00e1scara. Tuesta los granos ligeramente a fuego lento, mientras mantienes tu atenci\u00f3n e intenci\u00f3n en el proceso y en la ceremonia que se avecina. Remover constantemente para evitar que se queme.<\/li>\n<li><strong>Peeling<\/strong><br \/>\nDespu\u00e9s de tostarlas, deje que se enfr\u00eden. A continuaci\u00f3n, pele la piel de cada jud\u00eda. Esto puede hacerse manualmente, a veces haciendo rodar las jud\u00edas ligeramente entre las manos o sobre un pa\u00f1o limpio para facilitar el proceso.<\/li>\n<li><strong>Rectificado<\/strong><br \/>\nA continuaci\u00f3n, las alubias desgranadas pueden molerse hasta obtener una pasta fina. Esto puede hacerse con una picadora manual, una picadora de piedra o un moderno robot de cocina. La intenci\u00f3n y la atenci\u00f3n durante este proceso son cruciales para preservar las cualidades espirituales del cacao.<\/li>\n<li><strong>Preparaci\u00f3n de la bebida<\/strong><br \/>\nMezclar la pasta de cacao con agua caliente (no utilizar agua hirviendo, ya que podr\u00eda da\u00f1ar los principios activos) y remover bien. Tradicionalmente, no se a\u00f1aden edulcorantes, pero dependiendo de la ceremonia concreta y de las preferencias personales, se puede a\u00f1adir miel, guindilla, vainilla u otros ingredientes naturales para enriquecer la experiencia.<\/li>\n<li><strong>Intenci\u00f3n y oraci\u00f3n<\/strong><br \/>\nAntes de servir el cacao, reza una intenci\u00f3n u oraci\u00f3n sobre la bebida. Es el momento de invocar al esp\u00edritu del cacao y pedir permiso y bendiciones para la ceremonia.<\/li>\n<li><strong>Consumo<\/strong><br \/>\nLa bebida de cacao se bebe en un contexto ceremonial, a menudo en c\u00edrculo y acompa\u00f1ado por un animador o cham\u00e1n. Se puede animar a los participantes a meditar sobre su intenci\u00f3n, compartir en c\u00edrculo o participar en otras pr\u00e1cticas rituales.<\/li>\n<li>Es importante recordar que el respeto por el cacao y las culturas que han utilizado esta planta sagrada durante siglos es fundamental en cualquier ceremonia. El uso ceremonial del cacao es una forma poderosa de conectar con tu coraz\u00f3n, con los dem\u00e1s y con la tierra.<\/li>\n<\/ol>\n<p>Consulte siempre a su m\u00e9dico antes de a\u00f1adir a su dieta alimentos de alto valor nutritivo. Conserve este producto hasta 18 meses en su envase original, preferiblemente en un lugar fresco y seco.<\/p>\n<h3>Contenido<\/h3>\n<p>Semillas de Cacao 100% Org\u00e1nico Bolivia &#8211; 200 g.<\/p>\n","protected":false},"excerpt":{"rendered":"<p>Las semillas de cacao ecol\u00f3gico Bolivia de la variedad \u00fanica Beniano se recolectan de forma silvestre en Beni, en el noreste de Bolivia. Esta variedad concreta de cacao, que ha prosperado en la selva amaz\u00f3nica durante cientos de a\u00f1os, es pura y no se ha visto afectada por cruces con otras variedades, lo que la [&hellip;]<\/p>\n","protected":false},"featured_media":36945,"comment_status":"closed","ping_status":"closed","template":"","meta":[],"product_brand":[],"product_cat":[339,298,283],"product_tag":[],"class_list":{"0":"post-36849","1":"product","2":"type-product","3":"status-publish","4":"has-post-thumbnail","6":"product_cat-cacao-crudo","7":"product_cat-suplementos-para-el-sistema-inmunitario","8":"product_cat-superalimentos","10":"first","11":"instock","12":"taxable","13":"shipping-taxable","14":"purchasable","15":"product-type-simple"},"yoast_head":"<!-- This site is optimized with the Yoast SEO Premium plugin v26.4 (Yoast SEO v27.4) - https:\/\/yoast.com\/product\/yoast-seo-premium-wordpress\/ -->\n<title>Semillas de Cacao Org\u00e1nico Bolivia - Calidad Ceremonial - Dutchmicrodosing<\/title>\n<meta name=\"robots\" content=\"index, follow, max-snippet:-1, max-image-preview:large, max-video-preview:-1\" \/>\n<link rel=\"canonical\" href=\"https:\/\/dutchmicrodosing.com\/es\/herbolario\/superalimentos\/ceremonial-cacao-semillas-bolivia\/\" \/>\n<meta property=\"og:locale\" content=\"es_ES\" \/>\n<meta property=\"og:type\" content=\"article\" \/>\n<meta property=\"og:title\" content=\"Semillas de Cacao Org\u00e1nico Bolivia - Calidad Ceremonial\" \/>\n<meta property=\"og:description\" content=\"Las semillas de cacao ecol\u00f3gico Bolivia de la variedad \u00fanica Beniano se recolectan de forma silvestre en Beni, en el noreste de Bolivia. Esta variedad\" \/>\n<meta property=\"og:url\" content=\"https:\/\/dutchmicrodosing.com\/es\/herbolario\/superalimentos\/ceremonial-cacao-semillas-bolivia\/\" \/>\n<meta property=\"og:site_name\" content=\"Dutchmicrodosing\" \/>\n<meta property=\"article:publisher\" content=\"https:\/\/www.facebook.com\/Dutchmicrodosingxp\/\" \/>\n<meta property=\"article:modified_time\" content=\"2025-08-19T13:31:46+00:00\" \/>\n<meta property=\"og:image\" content=\"https:\/\/dutchmicrodosing.com\/wp-content\/uploads\/2024\/02\/cacao.png\" \/>\n\t<meta property=\"og:image:width\" content=\"500\" \/>\n\t<meta property=\"og:image:height\" content=\"500\" \/>\n\t<meta property=\"og:image:type\" content=\"image\/png\" \/>\n<meta name=\"twitter:card\" content=\"summary_large_image\" \/>\n<script type=\"application\/ld+json\" class=\"yoast-schema-graph\">{\"@context\":\"https:\\\/\\\/schema.org\",\"@graph\":[{\"@type\":\"WebPage\",\"@id\":\"https:\\\/\\\/dutchmicrodosing.com\\\/es\\\/herbolario\\\/superalimentos\\\/ceremonial-cacao-semillas-bolivia\\\/\",\"url\":\"https:\\\/\\\/dutchmicrodosing.com\\\/es\\\/herbolario\\\/superalimentos\\\/ceremonial-cacao-semillas-bolivia\\\/\",\"name\":\"Semillas de Cacao Org\u00e1nico Bolivia - Calidad Ceremonial - Dutchmicrodosing\",\"isPartOf\":{\"@id\":\"https:\\\/\\\/dutchmicrodosing.com\\\/es\\\/#website\"},\"primaryImageOfPage\":{\"@id\":\"https:\\\/\\\/dutchmicrodosing.com\\\/es\\\/herbolario\\\/superalimentos\\\/ceremonial-cacao-semillas-bolivia\\\/#primaryimage\"},\"image\":{\"@id\":\"https:\\\/\\\/dutchmicrodosing.com\\\/es\\\/herbolario\\\/superalimentos\\\/ceremonial-cacao-semillas-bolivia\\\/#primaryimage\"},\"thumbnailUrl\":\"https:\\\/\\\/dutchmicrodosing.com\\\/wp-content\\\/uploads\\\/2024\\\/02\\\/cacao.png\",\"datePublished\":\"2024-02-21T19:09:35+00:00\",\"dateModified\":\"2025-08-19T13:31:46+00:00\",\"breadcrumb\":{\"@id\":\"https:\\\/\\\/dutchmicrodosing.com\\\/es\\\/herbolario\\\/superalimentos\\\/ceremonial-cacao-semillas-bolivia\\\/#breadcrumb\"},\"inLanguage\":\"es\",\"potentialAction\":[{\"@type\":\"ReadAction\",\"target\":[\"https:\\\/\\\/dutchmicrodosing.com\\\/es\\\/herbolario\\\/superalimentos\\\/ceremonial-cacao-semillas-bolivia\\\/\"]}]},{\"@type\":\"ImageObject\",\"inLanguage\":\"es\",\"@id\":\"https:\\\/\\\/dutchmicrodosing.com\\\/es\\\/herbolario\\\/superalimentos\\\/ceremonial-cacao-semillas-bolivia\\\/#primaryimage\",\"url\":\"https:\\\/\\\/dutchmicrodosing.com\\\/wp-content\\\/uploads\\\/2024\\\/02\\\/cacao.png\",\"contentUrl\":\"https:\\\/\\\/dutchmicrodosing.com\\\/wp-content\\\/uploads\\\/2024\\\/02\\\/cacao.png\",\"width\":500,\"height\":500},{\"@type\":\"BreadcrumbList\",\"@id\":\"https:\\\/\\\/dutchmicrodosing.com\\\/es\\\/herbolario\\\/superalimentos\\\/ceremonial-cacao-semillas-bolivia\\\/#breadcrumb\",\"itemListElement\":[{\"@type\":\"ListItem\",\"position\":1,\"name\":\"Home\",\"item\":\"https:\\\/\\\/dutchmicrodosing.com\\\/es\\\/\"},{\"@type\":\"ListItem\",\"position\":2,\"name\":\"Tienda\",\"item\":\"https:\\\/\\\/dutchmicrodosing.com\\\/es\\\/tienda\\\/\"},{\"@type\":\"ListItem\",\"position\":3,\"name\":\"Semillas de Cacao Org\u00e1nico Bolivia &#8211; Calidad Ceremonial\"}]},{\"@type\":\"WebSite\",\"@id\":\"https:\\\/\\\/dutchmicrodosing.com\\\/es\\\/#website\",\"url\":\"https:\\\/\\\/dutchmicrodosing.com\\\/es\\\/\",\"name\":\"Dutchmicrodosing\",\"description\":\"\",\"publisher\":{\"@id\":\"https:\\\/\\\/dutchmicrodosing.com\\\/es\\\/#organization\"},\"potentialAction\":[{\"@type\":\"SearchAction\",\"target\":{\"@type\":\"EntryPoint\",\"urlTemplate\":\"https:\\\/\\\/dutchmicrodosing.com\\\/es\\\/?s={search_term_string}\"},\"query-input\":{\"@type\":\"PropertyValueSpecification\",\"valueRequired\":true,\"valueName\":\"search_term_string\"}}],\"inLanguage\":\"es\"},{\"@type\":\"Organization\",\"@id\":\"https:\\\/\\\/dutchmicrodosing.com\\\/es\\\/#organization\",\"name\":\"Dutchmicrodosing\",\"url\":\"https:\\\/\\\/dutchmicrodosing.com\\\/es\\\/\",\"logo\":{\"@type\":\"ImageObject\",\"inLanguage\":\"es\",\"@id\":\"https:\\\/\\\/dutchmicrodosing.com\\\/es\\\/#\\\/schema\\\/logo\\\/image\\\/\",\"url\":\"https:\\\/\\\/dutchmicrodosing.com\\\/wp-content\\\/uploads\\\/2021\\\/01\\\/microdosing-categorie-pic-nieuw.jpg\",\"contentUrl\":\"https:\\\/\\\/dutchmicrodosing.com\\\/wp-content\\\/uploads\\\/2021\\\/01\\\/microdosing-categorie-pic-nieuw.jpg\",\"width\":500,\"height\":500,\"caption\":\"Dutchmicrodosing\"},\"image\":{\"@id\":\"https:\\\/\\\/dutchmicrodosing.com\\\/es\\\/#\\\/schema\\\/logo\\\/image\\\/\"},\"sameAs\":[\"https:\\\/\\\/www.facebook.com\\\/Dutchmicrodosingxp\\\/\",\"https:\\\/\\\/www.instagram.com\\\/dutchmicrodosing\\\/\"]}]}<\/script>\n<meta property=\"product:price:amount\" content=\"9.95\" \/>\n<meta property=\"product:price:currency\" content=\"EUR\" \/>\n<meta property=\"og:availability\" content=\"instock\" \/>\n<meta property=\"product:availability\" content=\"instock\" \/>\n<meta property=\"product:retailer_item_id\" content=\"4202644\" \/>\n<meta property=\"product:condition\" content=\"new\" \/>\n<!-- \/ Yoast SEO Premium plugin. -->","yoast_head_json":{"title":"Semillas de Cacao Org\u00e1nico Bolivia - Calidad Ceremonial - Dutchmicrodosing","robots":{"index":"index","follow":"follow","max-snippet":"max-snippet:-1","max-image-preview":"max-image-preview:large","max-video-preview":"max-video-preview:-1"},"canonical":"https:\/\/dutchmicrodosing.com\/es\/herbolario\/superalimentos\/ceremonial-cacao-semillas-bolivia\/","og_locale":"es_ES","og_type":"article","og_title":"Semillas de Cacao Org\u00e1nico Bolivia - Calidad Ceremonial","og_description":"Las semillas de cacao ecol\u00f3gico Bolivia de la variedad \u00fanica Beniano se recolectan de forma silvestre en Beni, en el noreste de Bolivia. Esta variedad","og_url":"https:\/\/dutchmicrodosing.com\/es\/herbolario\/superalimentos\/ceremonial-cacao-semillas-bolivia\/","og_site_name":"Dutchmicrodosing","article_publisher":"https:\/\/www.facebook.com\/Dutchmicrodosingxp\/","article_modified_time":"2025-08-19T13:31:46+00:00","og_image":[{"width":500,"height":500,"url":"https:\/\/dutchmicrodosing.com\/wp-content\/uploads\/2024\/02\/cacao.png","type":"image\/png"}],"twitter_card":"summary_large_image","schema":{"@context":"https:\/\/schema.org","@graph":[{"@type":"WebPage","@id":"https:\/\/dutchmicrodosing.com\/es\/herbolario\/superalimentos\/ceremonial-cacao-semillas-bolivia\/","url":"https:\/\/dutchmicrodosing.com\/es\/herbolario\/superalimentos\/ceremonial-cacao-semillas-bolivia\/","name":"Semillas de Cacao Org\u00e1nico Bolivia - Calidad Ceremonial - Dutchmicrodosing","isPartOf":{"@id":"https:\/\/dutchmicrodosing.com\/es\/#website"},"primaryImageOfPage":{"@id":"https:\/\/dutchmicrodosing.com\/es\/herbolario\/superalimentos\/ceremonial-cacao-semillas-bolivia\/#primaryimage"},"image":{"@id":"https:\/\/dutchmicrodosing.com\/es\/herbolario\/superalimentos\/ceremonial-cacao-semillas-bolivia\/#primaryimage"},"thumbnailUrl":"https:\/\/dutchmicrodosing.com\/wp-content\/uploads\/2024\/02\/cacao.png","datePublished":"2024-02-21T19:09:35+00:00","dateModified":"2025-08-19T13:31:46+00:00","breadcrumb":{"@id":"https:\/\/dutchmicrodosing.com\/es\/herbolario\/superalimentos\/ceremonial-cacao-semillas-bolivia\/#breadcrumb"},"inLanguage":"es","potentialAction":[{"@type":"ReadAction","target":["https:\/\/dutchmicrodosing.com\/es\/herbolario\/superalimentos\/ceremonial-cacao-semillas-bolivia\/"]}]},{"@type":"ImageObject","inLanguage":"es","@id":"https:\/\/dutchmicrodosing.com\/es\/herbolario\/superalimentos\/ceremonial-cacao-semillas-bolivia\/#primaryimage","url":"https:\/\/dutchmicrodosing.com\/wp-content\/uploads\/2024\/02\/cacao.png","contentUrl":"https:\/\/dutchmicrodosing.com\/wp-content\/uploads\/2024\/02\/cacao.png","width":500,"height":500},{"@type":"BreadcrumbList","@id":"https:\/\/dutchmicrodosing.com\/es\/herbolario\/superalimentos\/ceremonial-cacao-semillas-bolivia\/#breadcrumb","itemListElement":[{"@type":"ListItem","position":1,"name":"Home","item":"https:\/\/dutchmicrodosing.com\/es\/"},{"@type":"ListItem","position":2,"name":"Tienda","item":"https:\/\/dutchmicrodosing.com\/es\/tienda\/"},{"@type":"ListItem","position":3,"name":"Semillas de Cacao Org\u00e1nico Bolivia &#8211; Calidad Ceremonial"}]},{"@type":"WebSite","@id":"https:\/\/dutchmicrodosing.com\/es\/#website","url":"https:\/\/dutchmicrodosing.com\/es\/","name":"Dutchmicrodosing","description":"","publisher":{"@id":"https:\/\/dutchmicrodosing.com\/es\/#organization"},"potentialAction":[{"@type":"SearchAction","target":{"@type":"EntryPoint","urlTemplate":"https:\/\/dutchmicrodosing.com\/es\/?s={search_term_string}"},"query-input":{"@type":"PropertyValueSpecification","valueRequired":true,"valueName":"search_term_string"}}],"inLanguage":"es"},{"@type":"Organization","@id":"https:\/\/dutchmicrodosing.com\/es\/#organization","name":"Dutchmicrodosing","url":"https:\/\/dutchmicrodosing.com\/es\/","logo":{"@type":"ImageObject","inLanguage":"es","@id":"https:\/\/dutchmicrodosing.com\/es\/#\/schema\/logo\/image\/","url":"https:\/\/dutchmicrodosing.com\/wp-content\/uploads\/2021\/01\/microdosing-categorie-pic-nieuw.jpg","contentUrl":"https:\/\/dutchmicrodosing.com\/wp-content\/uploads\/2021\/01\/microdosing-categorie-pic-nieuw.jpg","width":500,"height":500,"caption":"Dutchmicrodosing"},"image":{"@id":"https:\/\/dutchmicrodosing.com\/es\/#\/schema\/logo\/image\/"},"sameAs":["https:\/\/www.facebook.com\/Dutchmicrodosingxp\/","https:\/\/www.instagram.com\/dutchmicrodosing\/"]}]},"product_price_amount":"9.95","product_price_currency":"EUR","og_availability":"instock","product_availability":"instock","product_retailer_item_id":"4202644","product_condition":"new"},"_links":{"self":[{"href":"https:\/\/dutchmicrodosing.com\/es\/wp-json\/wp\/v2\/product\/36849","targetHints":{"allow":["GET"]}}],"collection":[{"href":"https:\/\/dutchmicrodosing.com\/es\/wp-json\/wp\/v2\/product"}],"about":[{"href":"https:\/\/dutchmicrodosing.com\/es\/wp-json\/wp\/v2\/types\/product"}],"replies":[{"embeddable":true,"href":"https:\/\/dutchmicrodosing.com\/es\/wp-json\/wp\/v2\/comments?post=36849"}],"version-history":[{"count":0,"href":"https:\/\/dutchmicrodosing.com\/es\/wp-json\/wp\/v2\/product\/36849\/revisions"}],"wp:featuredmedia":[{"embeddable":true,"href":"https:\/\/dutchmicrodosing.com\/es\/wp-json\/wp\/v2\/media\/36945"}],"wp:attachment":[{"href":"https:\/\/dutchmicrodosing.com\/es\/wp-json\/wp\/v2\/media?parent=36849"}],"wp:term":[{"taxonomy":"product_brand","embeddable":true,"href":"https:\/\/dutchmicrodosing.com\/es\/wp-json\/wp\/v2\/product_brand?post=36849"},{"taxonomy":"product_cat","embeddable":true,"href":"https:\/\/dutchmicrodosing.com\/es\/wp-json\/wp\/v2\/product_cat?post=36849"},{"taxonomy":"product_tag","embeddable":true,"href":"https:\/\/dutchmicrodosing.com\/es\/wp-json\/wp\/v2\/product_tag?post=36849"}],"curies":[{"name":"wp","href":"https:\/\/api.w.org\/{rel}","templated":true}]}}