{"id":36959,"date":"2023-11-09T16:10:18","date_gmt":"2023-11-09T15:10:18","guid":{"rendered":"https:\/\/dutchmicrodosing.com\/shop\/sin%20categor\u00eda\/cacao-en-grano-crudo-ecologico\/"},"modified":"2025-08-07T09:36:50","modified_gmt":"2025-08-07T07:36:50","slug":"cacao-en-grano-crudo-ecologico","status":"publish","type":"product","link":"https:\/\/dutchmicrodosing.com\/es\/herbolario\/superalimentos\/cacao-en-grano-crudo-ecologico\/","title":{"rendered":"Semillas de cacao ecol\u00f3gico"},"content":{"rendered":"<p>Estas <strong>habas de cacao crudo<\/strong> son de cultivo ecol\u00f3gico y puramente naturales. Se recolectan en los \u00e1rboles de cacao Theobroma de Per\u00fa y Ecuador, y tienen una caracter\u00edstica forma de almendra. Tras la recolecci\u00f3n manual, se limpian cuidadosamente en agua limpia y se seleccionan en funci\u00f3n de su calidad. Durante el proceso de producci\u00f3n, se cuida de preservar su valor nutritivo. Al no llevar aditivos, estas alubias son aptas para veganos y vegetarianos.<\/p>\n<p>Las habas de cacao se consideran superalimentos por su alto contenido en antioxidantes, hierro, magnesio y calcio. Son un valioso complemento en la cocina, no s\u00f3lo para dulces y postres, sino tambi\u00e9n como potenciador del sabor en platos salados y salsas. En resumen, estos granos de cacao son un ingrediente vers\u00e1til y nutritivo que puede disfrutarse en diversas creaciones culinarias.<\/p>\n<h3>Ingredientes<\/h3>\n<p>Cacao en grano 100% ecol\u00f3gico y org\u00e1nico.<\/p>\n<h3>Operaci\u00f3n<\/h3>\n<ul>\n<li>Potencia antioxidante.<\/li>\n<li>Refuerzo natural del estado de \u00e1nimo.<\/li>\n<li>Favorece la salud del coraz\u00f3n.<\/li>\n<li>Rico en minerales.<\/li>\n<li>Mejora de la funci\u00f3n cerebral.<\/li>\n<\/ul>\n<h3>Utilice<\/h3>\n<p>Las habas de cacao son muy vers\u00e1tiles. Puedes hacer chocolate casero con ellas, o triturarlas y a\u00f1adirlas a batidos, tortitas, muesli o yogur. Tambi\u00e9n puede a\u00f1adir granos de cacao molidos a sus platos favoritos para darles m\u00e1s sabor. Se recomienda no consumir m\u00e1s de 10-15g de granos de cacao al d\u00eda. Consulte siempre a su m\u00e9dico antes de a\u00f1adir a su dieta alimentos de alto valor nutritivo. Conserve este producto hasta 18 meses en su envase original, preferiblemente en un lugar fresco y seco.<\/p>\n<h3>Consejos para el almacenamiento<\/h3>\n<p>Guarde este producto en un lugar oscuro y fresco, como un armario de cocina, y fuera del alcance de los ni\u00f1os.<\/p>\n<h3>Contenido<\/h3>\n<p>Cacao en grano 100% ecol\u00f3gico &#8211; 100 g.<\/p>\n","protected":false},"excerpt":{"rendered":"<p>Estas habas de cacao crudo son de cultivo ecol\u00f3gico y puramente naturales. Se recolectan en los \u00e1rboles de cacao Theobroma de Per\u00fa y Ecuador, y tienen una caracter\u00edstica forma de almendra. Tras la recolecci\u00f3n manual, se limpian cuidadosamente en agua limpia y se seleccionan en funci\u00f3n de su calidad. Durante el proceso de producci\u00f3n, se [&hellip;]<\/p>\n","protected":false},"featured_media":30812,"comment_status":"closed","ping_status":"closed","template":"","meta":[],"product_brand":[],"product_cat":[339,298,283],"product_tag":[],"class_list":{"0":"post-36959","1":"product","2":"type-product","3":"status-publish","4":"has-post-thumbnail","6":"product_cat-cacao-crudo","7":"product_cat-suplementos-para-el-sistema-inmunitario","8":"product_cat-superalimentos","10":"first","11":"outofstock","12":"taxable","13":"shipping-taxable","14":"purchasable","15":"product-type-simple"},"yoast_head":"<!-- This site is optimized with the Yoast SEO Premium plugin v26.4 (Yoast SEO v27.2) - https:\/\/yoast.com\/product\/yoast-seo-premium-wordpress\/ -->\n<title>Semillas de cacao ecol\u00f3gico - Dutchmicrodosing<\/title>\n<meta name=\"robots\" content=\"index, follow, max-snippet:-1, max-image-preview:large, max-video-preview:-1\" \/>\n<link rel=\"canonical\" href=\"https:\/\/dutchmicrodosing.com\/es\/herbolario\/superalimentos\/cacao-en-grano-crudo-ecologico\/\" \/>\n<meta property=\"og:locale\" content=\"es_ES\" \/>\n<meta property=\"og:type\" content=\"article\" \/>\n<meta property=\"og:title\" content=\"Semillas de cacao ecol\u00f3gico\" \/>\n<meta property=\"og:description\" content=\"Estas habas de cacao crudo son de cultivo ecol\u00f3gico y puramente naturales. Se recolectan en los \u00e1rboles de cacao Theobroma de Per\u00fa y Ecuador, y tienen una\" \/>\n<meta property=\"og:url\" content=\"https:\/\/dutchmicrodosing.com\/es\/herbolario\/superalimentos\/cacao-en-grano-crudo-ecologico\/\" \/>\n<meta property=\"og:site_name\" content=\"Dutchmicrodosing\" \/>\n<meta property=\"article:publisher\" content=\"https:\/\/www.facebook.com\/Dutchmicrodosingxp\/\" \/>\n<meta property=\"article:modified_time\" content=\"2025-08-07T07:36:50+00:00\" \/>\n<meta property=\"og:image\" content=\"https:\/\/dutchmicrodosing.com\/wp-content\/uploads\/2023\/11\/organic-cacao-beans-mai00n-min.jpg\" \/>\n\t<meta property=\"og:image:width\" content=\"1160\" \/>\n\t<meta property=\"og:image:height\" content=\"1160\" \/>\n\t<meta property=\"og:image:type\" content=\"image\/jpeg\" \/>\n<meta name=\"twitter:card\" content=\"summary_large_image\" \/>\n<script type=\"application\/ld+json\" class=\"yoast-schema-graph\">{\"@context\":\"https:\/\/schema.org\",\"@graph\":[{\"@type\":\"WebPage\",\"@id\":\"https:\/\/dutchmicrodosing.com\/es\/herbolario\/superalimentos\/cacao-en-grano-crudo-ecologico\/\",\"url\":\"https:\/\/dutchmicrodosing.com\/es\/herbolario\/superalimentos\/cacao-en-grano-crudo-ecologico\/\",\"name\":\"Semillas de cacao ecol\u00f3gico - Dutchmicrodosing\",\"isPartOf\":{\"@id\":\"https:\/\/dutchmicrodosing.com\/es\/#website\"},\"primaryImageOfPage\":{\"@id\":\"https:\/\/dutchmicrodosing.com\/es\/herbolario\/superalimentos\/cacao-en-grano-crudo-ecologico\/#primaryimage\"},\"image\":{\"@id\":\"https:\/\/dutchmicrodosing.com\/es\/herbolario\/superalimentos\/cacao-en-grano-crudo-ecologico\/#primaryimage\"},\"thumbnailUrl\":\"https:\/\/dutchmicrodosing.com\/wp-content\/uploads\/2023\/11\/organic-cacao-beans-mai00n-min.jpg\",\"datePublished\":\"2023-11-09T15:10:18+00:00\",\"dateModified\":\"2025-08-07T07:36:50+00:00\",\"breadcrumb\":{\"@id\":\"https:\/\/dutchmicrodosing.com\/es\/herbolario\/superalimentos\/cacao-en-grano-crudo-ecologico\/#breadcrumb\"},\"inLanguage\":\"es\",\"potentialAction\":[{\"@type\":\"ReadAction\",\"target\":[\"https:\/\/dutchmicrodosing.com\/es\/herbolario\/superalimentos\/cacao-en-grano-crudo-ecologico\/\"]}]},{\"@type\":\"ImageObject\",\"inLanguage\":\"es\",\"@id\":\"https:\/\/dutchmicrodosing.com\/es\/herbolario\/superalimentos\/cacao-en-grano-crudo-ecologico\/#primaryimage\",\"url\":\"https:\/\/dutchmicrodosing.com\/wp-content\/uploads\/2023\/11\/organic-cacao-beans-mai00n-min.jpg\",\"contentUrl\":\"https:\/\/dutchmicrodosing.com\/wp-content\/uploads\/2023\/11\/organic-cacao-beans-mai00n-min.jpg\",\"width\":1160,\"height\":1160},{\"@type\":\"BreadcrumbList\",\"@id\":\"https:\/\/dutchmicrodosing.com\/es\/herbolario\/superalimentos\/cacao-en-grano-crudo-ecologico\/#breadcrumb\",\"itemListElement\":[{\"@type\":\"ListItem\",\"position\":1,\"name\":\"Home\",\"item\":\"https:\/\/dutchmicrodosing.com\/es\/\"},{\"@type\":\"ListItem\",\"position\":2,\"name\":\"Tienda\",\"item\":\"https:\/\/dutchmicrodosing.com\/es\/tienda\/\"},{\"@type\":\"ListItem\",\"position\":3,\"name\":\"Semillas de cacao ecol\u00f3gico\"}]},{\"@type\":\"WebSite\",\"@id\":\"https:\/\/dutchmicrodosing.com\/es\/#website\",\"url\":\"https:\/\/dutchmicrodosing.com\/es\/\",\"name\":\"Dutchmicrodosing\",\"description\":\"\",\"publisher\":{\"@id\":\"https:\/\/dutchmicrodosing.com\/es\/#organization\"},\"potentialAction\":[{\"@type\":\"SearchAction\",\"target\":{\"@type\":\"EntryPoint\",\"urlTemplate\":\"https:\/\/dutchmicrodosing.com\/es\/?s={search_term_string}\"},\"query-input\":{\"@type\":\"PropertyValueSpecification\",\"valueRequired\":true,\"valueName\":\"search_term_string\"}}],\"inLanguage\":\"es\"},{\"@type\":\"Organization\",\"@id\":\"https:\/\/dutchmicrodosing.com\/es\/#organization\",\"name\":\"Dutchmicrodosing\",\"url\":\"https:\/\/dutchmicrodosing.com\/es\/\",\"logo\":{\"@type\":\"ImageObject\",\"inLanguage\":\"es\",\"@id\":\"https:\/\/dutchmicrodosing.com\/es\/#\/schema\/logo\/image\/\",\"url\":\"https:\/\/dutchmicrodosing.com\/wp-content\/uploads\/2021\/01\/microdosing-categorie-pic-nieuw.jpg\",\"contentUrl\":\"https:\/\/dutchmicrodosing.com\/wp-content\/uploads\/2021\/01\/microdosing-categorie-pic-nieuw.jpg\",\"width\":500,\"height\":500,\"caption\":\"Dutchmicrodosing\"},\"image\":{\"@id\":\"https:\/\/dutchmicrodosing.com\/es\/#\/schema\/logo\/image\/\"},\"sameAs\":[\"https:\/\/www.facebook.com\/Dutchmicrodosingxp\/\",\"https:\/\/www.instagram.com\/dutchmicrodosing\/\"]}]}<\/script>\n<meta property=\"product:price:amount\" content=\"5.95\" \/>\n<meta property=\"product:price:currency\" content=\"EUR\" \/>\n<meta property=\"og:availability\" content=\"out of stock\" \/>\n<meta property=\"product:availability\" content=\"out of stock\" \/>\n<meta property=\"product:retailer_item_id\" content=\"3208383\" \/>\n<meta property=\"product:condition\" content=\"new\" \/>\n<!-- \/ Yoast SEO Premium plugin. -->","yoast_head_json":{"title":"Semillas de cacao ecol\u00f3gico - Dutchmicrodosing","robots":{"index":"index","follow":"follow","max-snippet":"max-snippet:-1","max-image-preview":"max-image-preview:large","max-video-preview":"max-video-preview:-1"},"canonical":"https:\/\/dutchmicrodosing.com\/es\/herbolario\/superalimentos\/cacao-en-grano-crudo-ecologico\/","og_locale":"es_ES","og_type":"article","og_title":"Semillas de cacao ecol\u00f3gico","og_description":"Estas habas de cacao crudo son de cultivo ecol\u00f3gico y puramente naturales. Se recolectan en los \u00e1rboles de cacao Theobroma de Per\u00fa y Ecuador, y tienen una","og_url":"https:\/\/dutchmicrodosing.com\/es\/herbolario\/superalimentos\/cacao-en-grano-crudo-ecologico\/","og_site_name":"Dutchmicrodosing","article_publisher":"https:\/\/www.facebook.com\/Dutchmicrodosingxp\/","article_modified_time":"2025-08-07T07:36:50+00:00","og_image":[{"width":1160,"height":1160,"url":"https:\/\/dutchmicrodosing.com\/wp-content\/uploads\/2023\/11\/organic-cacao-beans-mai00n-min.jpg","type":"image\/jpeg"}],"twitter_card":"summary_large_image","schema":{"@context":"https:\/\/schema.org","@graph":[{"@type":"WebPage","@id":"https:\/\/dutchmicrodosing.com\/es\/herbolario\/superalimentos\/cacao-en-grano-crudo-ecologico\/","url":"https:\/\/dutchmicrodosing.com\/es\/herbolario\/superalimentos\/cacao-en-grano-crudo-ecologico\/","name":"Semillas de cacao ecol\u00f3gico - Dutchmicrodosing","isPartOf":{"@id":"https:\/\/dutchmicrodosing.com\/es\/#website"},"primaryImageOfPage":{"@id":"https:\/\/dutchmicrodosing.com\/es\/herbolario\/superalimentos\/cacao-en-grano-crudo-ecologico\/#primaryimage"},"image":{"@id":"https:\/\/dutchmicrodosing.com\/es\/herbolario\/superalimentos\/cacao-en-grano-crudo-ecologico\/#primaryimage"},"thumbnailUrl":"https:\/\/dutchmicrodosing.com\/wp-content\/uploads\/2023\/11\/organic-cacao-beans-mai00n-min.jpg","datePublished":"2023-11-09T15:10:18+00:00","dateModified":"2025-08-07T07:36:50+00:00","breadcrumb":{"@id":"https:\/\/dutchmicrodosing.com\/es\/herbolario\/superalimentos\/cacao-en-grano-crudo-ecologico\/#breadcrumb"},"inLanguage":"es","potentialAction":[{"@type":"ReadAction","target":["https:\/\/dutchmicrodosing.com\/es\/herbolario\/superalimentos\/cacao-en-grano-crudo-ecologico\/"]}]},{"@type":"ImageObject","inLanguage":"es","@id":"https:\/\/dutchmicrodosing.com\/es\/herbolario\/superalimentos\/cacao-en-grano-crudo-ecologico\/#primaryimage","url":"https:\/\/dutchmicrodosing.com\/wp-content\/uploads\/2023\/11\/organic-cacao-beans-mai00n-min.jpg","contentUrl":"https:\/\/dutchmicrodosing.com\/wp-content\/uploads\/2023\/11\/organic-cacao-beans-mai00n-min.jpg","width":1160,"height":1160},{"@type":"BreadcrumbList","@id":"https:\/\/dutchmicrodosing.com\/es\/herbolario\/superalimentos\/cacao-en-grano-crudo-ecologico\/#breadcrumb","itemListElement":[{"@type":"ListItem","position":1,"name":"Home","item":"https:\/\/dutchmicrodosing.com\/es\/"},{"@type":"ListItem","position":2,"name":"Tienda","item":"https:\/\/dutchmicrodosing.com\/es\/tienda\/"},{"@type":"ListItem","position":3,"name":"Semillas de cacao ecol\u00f3gico"}]},{"@type":"WebSite","@id":"https:\/\/dutchmicrodosing.com\/es\/#website","url":"https:\/\/dutchmicrodosing.com\/es\/","name":"Dutchmicrodosing","description":"","publisher":{"@id":"https:\/\/dutchmicrodosing.com\/es\/#organization"},"potentialAction":[{"@type":"SearchAction","target":{"@type":"EntryPoint","urlTemplate":"https:\/\/dutchmicrodosing.com\/es\/?s={search_term_string}"},"query-input":{"@type":"PropertyValueSpecification","valueRequired":true,"valueName":"search_term_string"}}],"inLanguage":"es"},{"@type":"Organization","@id":"https:\/\/dutchmicrodosing.com\/es\/#organization","name":"Dutchmicrodosing","url":"https:\/\/dutchmicrodosing.com\/es\/","logo":{"@type":"ImageObject","inLanguage":"es","@id":"https:\/\/dutchmicrodosing.com\/es\/#\/schema\/logo\/image\/","url":"https:\/\/dutchmicrodosing.com\/wp-content\/uploads\/2021\/01\/microdosing-categorie-pic-nieuw.jpg","contentUrl":"https:\/\/dutchmicrodosing.com\/wp-content\/uploads\/2021\/01\/microdosing-categorie-pic-nieuw.jpg","width":500,"height":500,"caption":"Dutchmicrodosing"},"image":{"@id":"https:\/\/dutchmicrodosing.com\/es\/#\/schema\/logo\/image\/"},"sameAs":["https:\/\/www.facebook.com\/Dutchmicrodosingxp\/","https:\/\/www.instagram.com\/dutchmicrodosing\/"]}]},"product_price_amount":"5.95","product_price_currency":"EUR","og_availability":"out of stock","product_availability":"out of stock","product_retailer_item_id":"3208383","product_condition":"new"},"_links":{"self":[{"href":"https:\/\/dutchmicrodosing.com\/es\/wp-json\/wp\/v2\/product\/36959","targetHints":{"allow":["GET"]}}],"collection":[{"href":"https:\/\/dutchmicrodosing.com\/es\/wp-json\/wp\/v2\/product"}],"about":[{"href":"https:\/\/dutchmicrodosing.com\/es\/wp-json\/wp\/v2\/types\/product"}],"replies":[{"embeddable":true,"href":"https:\/\/dutchmicrodosing.com\/es\/wp-json\/wp\/v2\/comments?post=36959"}],"version-history":[{"count":0,"href":"https:\/\/dutchmicrodosing.com\/es\/wp-json\/wp\/v2\/product\/36959\/revisions"}],"wp:featuredmedia":[{"embeddable":true,"href":"https:\/\/dutchmicrodosing.com\/es\/wp-json\/wp\/v2\/media\/30812"}],"wp:attachment":[{"href":"https:\/\/dutchmicrodosing.com\/es\/wp-json\/wp\/v2\/media?parent=36959"}],"wp:term":[{"taxonomy":"product_brand","embeddable":true,"href":"https:\/\/dutchmicrodosing.com\/es\/wp-json\/wp\/v2\/product_brand?post=36959"},{"taxonomy":"product_cat","embeddable":true,"href":"https:\/\/dutchmicrodosing.com\/es\/wp-json\/wp\/v2\/product_cat?post=36959"},{"taxonomy":"product_tag","embeddable":true,"href":"https:\/\/dutchmicrodosing.com\/es\/wp-json\/wp\/v2\/product_tag?post=36959"}],"curies":[{"name":"wp","href":"https:\/\/api.w.org\/{rel}","templated":true}]}}