{"id":38005,"date":"2024-04-05T08:55:22","date_gmt":"2024-04-05T06:55:22","guid":{"rendered":"https:\/\/dutchmicrodosing.com\/shop\/sin%20categor\u00eda\/kaleidoscope-party-truffle-glasses\/"},"modified":"2025-08-19T16:38:54","modified_gmt":"2025-08-19T14:38:54","slug":"kaleidoscope-party-truffle-glasses","status":"publish","type":"product","link":"https:\/\/dutchmicrodosing.com\/es\/trufas-de-psilocibina\/trufas-magicas-ecologicas-xp\/kaleidoscope-party-truffle-glasses\/","title":{"rendered":"Fiesta Caleidoscopio\/Gafas Trufa"},"content":{"rendered":"<p>El uso de <strong>vasos caleidosc\u00f3picos para fiestas\/Truffle<\/strong>, junto con trufas m\u00e1gicas, ofrece una experiencia \u00fanica y envolvente por la forma en que intensifican y alteran la percepci\u00f3n sensorial. Las trufas m\u00e1gicas, conocidas por sus propiedades psicoactivas, pueden afectar profundamente a la forma de pensar, sentir y percibir el mundo que nos rodea. Cuando esta experiencia se combina con unas gafas caleidosc\u00f3picas, que fragmentan y reorganizan la realidad visual a trav\u00e9s de sus lentes prism\u00e1ticas, puede dar lugar a una experiencia visual y psicol\u00f3gica a\u00fan m\u00e1s enriquecedora.<\/p>\n<h3>El efecto de las gafas caleidoscopio<\/h3>\n<p>Las gafas refractan y reflejan la luz de formas espec\u00edficas, sumergiendo a los usuarios en un mundo de im\u00e1genes distorsionadas, colores vivos y patrones din\u00e1micos. Esto puede potenciar los efectos naturales de las trufas, como la percepci\u00f3n mejorada del color y las visualizaciones geom\u00e9tricas. La combinaci\u00f3n de ambos puede dar lugar a una experiencia m\u00e1s profunda y compleja, que para muchos usuarios resulta fascinante e inolvidable.<\/p>\n<h3>Contenido<\/h3>\n<p>fiesta caleidoscopio\/vasos de trufa<\/p>\n","protected":false},"excerpt":{"rendered":"<p>El uso de vasos caleidosc\u00f3picos para fiestas\/Truffle, junto con trufas m\u00e1gicas, ofrece una experiencia \u00fanica y envolvente por la forma en que intensifican y alteran la percepci\u00f3n sensorial. Las trufas m\u00e1gicas, conocidas por sus propiedades psicoactivas, pueden afectar profundamente a la forma de pensar, sentir y percibir el mundo que nos rodea. Cuando esta experiencia [&hellip;]<\/p>\n","protected":false},"featured_media":38000,"comment_status":"closed","ping_status":"closed","template":"","meta":[],"product_brand":[],"product_cat":[204,127],"product_tag":[],"class_list":{"0":"post-38005","1":"product","2":"type-product","3":"status-publish","4":"has-post-thumbnail","6":"product_cat-trufas-magicas","7":"product_cat-trufas-magicas-ecologicas-xp","9":"first","10":"instock","11":"taxable","12":"shipping-taxable","13":"purchasable","14":"product-type-simple"},"yoast_head":"<!-- This site is optimized with the Yoast SEO Premium plugin v26.4 (Yoast SEO v27.2) - https:\/\/yoast.com\/product\/yoast-seo-premium-wordpress\/ -->\n<title>Fiesta Caleidoscopio\/Gafas Trufa - Dutchmicrodosing<\/title>\n<meta name=\"robots\" content=\"index, follow, max-snippet:-1, max-image-preview:large, max-video-preview:-1\" \/>\n<link rel=\"canonical\" href=\"https:\/\/dutchmicrodosing.com\/es\/trufas-de-psilocibina\/trufas-magicas-ecologicas-xp\/kaleidoscope-party-truffle-glasses\/\" \/>\n<meta property=\"og:locale\" content=\"es_ES\" \/>\n<meta property=\"og:type\" content=\"article\" \/>\n<meta property=\"og:title\" content=\"Fiesta Caleidoscopio\/Gafas Trufa\" \/>\n<meta property=\"og:description\" content=\"El uso de vasos caleidosc\u00f3picos para fiestas\/Truffle, junto con trufas m\u00e1gicas, ofrece una experiencia \u00fanica y envolvente por la forma en que intensifican\" \/>\n<meta property=\"og:url\" content=\"https:\/\/dutchmicrodosing.com\/es\/trufas-de-psilocibina\/trufas-magicas-ecologicas-xp\/kaleidoscope-party-truffle-glasses\/\" \/>\n<meta property=\"og:site_name\" content=\"Dutchmicrodosing\" \/>\n<meta property=\"article:publisher\" content=\"https:\/\/www.facebook.com\/Dutchmicrodosingxp\/\" \/>\n<meta property=\"article:modified_time\" content=\"2025-08-19T14:38:54+00:00\" \/>\n<meta property=\"og:image\" content=\"https:\/\/dutchmicrodosing.com\/wp-content\/uploads\/2024\/04\/Partybril_Royalmagictruffles-002.jpg\" \/>\n\t<meta property=\"og:image:width\" content=\"1000\" \/>\n\t<meta property=\"og:image:height\" content=\"1000\" \/>\n\t<meta property=\"og:image:type\" content=\"image\/jpeg\" \/>\n<meta name=\"twitter:card\" content=\"summary_large_image\" \/>\n<script type=\"application\/ld+json\" class=\"yoast-schema-graph\">{\"@context\":\"https:\/\/schema.org\",\"@graph\":[{\"@type\":\"WebPage\",\"@id\":\"https:\/\/dutchmicrodosing.com\/es\/trufas-de-psilocibina\/trufas-magicas-ecologicas-xp\/kaleidoscope-party-truffle-glasses\/\",\"url\":\"https:\/\/dutchmicrodosing.com\/es\/trufas-de-psilocibina\/trufas-magicas-ecologicas-xp\/kaleidoscope-party-truffle-glasses\/\",\"name\":\"Fiesta Caleidoscopio\/Gafas Trufa - Dutchmicrodosing\",\"isPartOf\":{\"@id\":\"https:\/\/dutchmicrodosing.com\/es\/#website\"},\"primaryImageOfPage\":{\"@id\":\"https:\/\/dutchmicrodosing.com\/es\/trufas-de-psilocibina\/trufas-magicas-ecologicas-xp\/kaleidoscope-party-truffle-glasses\/#primaryimage\"},\"image\":{\"@id\":\"https:\/\/dutchmicrodosing.com\/es\/trufas-de-psilocibina\/trufas-magicas-ecologicas-xp\/kaleidoscope-party-truffle-glasses\/#primaryimage\"},\"thumbnailUrl\":\"https:\/\/dutchmicrodosing.com\/wp-content\/uploads\/2024\/04\/Partybril_Royalmagictruffles-002.jpg\",\"datePublished\":\"2024-04-05T06:55:22+00:00\",\"dateModified\":\"2025-08-19T14:38:54+00:00\",\"breadcrumb\":{\"@id\":\"https:\/\/dutchmicrodosing.com\/es\/trufas-de-psilocibina\/trufas-magicas-ecologicas-xp\/kaleidoscope-party-truffle-glasses\/#breadcrumb\"},\"inLanguage\":\"es\",\"potentialAction\":[{\"@type\":\"ReadAction\",\"target\":[\"https:\/\/dutchmicrodosing.com\/es\/trufas-de-psilocibina\/trufas-magicas-ecologicas-xp\/kaleidoscope-party-truffle-glasses\/\"]}]},{\"@type\":\"ImageObject\",\"inLanguage\":\"es\",\"@id\":\"https:\/\/dutchmicrodosing.com\/es\/trufas-de-psilocibina\/trufas-magicas-ecologicas-xp\/kaleidoscope-party-truffle-glasses\/#primaryimage\",\"url\":\"https:\/\/dutchmicrodosing.com\/wp-content\/uploads\/2024\/04\/Partybril_Royalmagictruffles-002.jpg\",\"contentUrl\":\"https:\/\/dutchmicrodosing.com\/wp-content\/uploads\/2024\/04\/Partybril_Royalmagictruffles-002.jpg\",\"width\":1000,\"height\":1000},{\"@type\":\"BreadcrumbList\",\"@id\":\"https:\/\/dutchmicrodosing.com\/es\/trufas-de-psilocibina\/trufas-magicas-ecologicas-xp\/kaleidoscope-party-truffle-glasses\/#breadcrumb\",\"itemListElement\":[{\"@type\":\"ListItem\",\"position\":1,\"name\":\"Home\",\"item\":\"https:\/\/dutchmicrodosing.com\/es\/\"},{\"@type\":\"ListItem\",\"position\":2,\"name\":\"Tienda\",\"item\":\"https:\/\/dutchmicrodosing.com\/es\/tienda\/\"},{\"@type\":\"ListItem\",\"position\":3,\"name\":\"Fiesta Caleidoscopio\/Gafas Trufa\"}]},{\"@type\":\"WebSite\",\"@id\":\"https:\/\/dutchmicrodosing.com\/es\/#website\",\"url\":\"https:\/\/dutchmicrodosing.com\/es\/\",\"name\":\"Dutchmicrodosing\",\"description\":\"\",\"publisher\":{\"@id\":\"https:\/\/dutchmicrodosing.com\/es\/#organization\"},\"potentialAction\":[{\"@type\":\"SearchAction\",\"target\":{\"@type\":\"EntryPoint\",\"urlTemplate\":\"https:\/\/dutchmicrodosing.com\/es\/?s={search_term_string}\"},\"query-input\":{\"@type\":\"PropertyValueSpecification\",\"valueRequired\":true,\"valueName\":\"search_term_string\"}}],\"inLanguage\":\"es\"},{\"@type\":\"Organization\",\"@id\":\"https:\/\/dutchmicrodosing.com\/es\/#organization\",\"name\":\"Dutchmicrodosing\",\"url\":\"https:\/\/dutchmicrodosing.com\/es\/\",\"logo\":{\"@type\":\"ImageObject\",\"inLanguage\":\"es\",\"@id\":\"https:\/\/dutchmicrodosing.com\/es\/#\/schema\/logo\/image\/\",\"url\":\"https:\/\/dutchmicrodosing.com\/wp-content\/uploads\/2021\/01\/microdosing-categorie-pic-nieuw.jpg\",\"contentUrl\":\"https:\/\/dutchmicrodosing.com\/wp-content\/uploads\/2021\/01\/microdosing-categorie-pic-nieuw.jpg\",\"width\":500,\"height\":500,\"caption\":\"Dutchmicrodosing\"},\"image\":{\"@id\":\"https:\/\/dutchmicrodosing.com\/es\/#\/schema\/logo\/image\/\"},\"sameAs\":[\"https:\/\/www.facebook.com\/Dutchmicrodosingxp\/\",\"https:\/\/www.instagram.com\/dutchmicrodosing\/\"]}]}<\/script>\n<meta property=\"product:price:amount\" content=\"9.95\" \/>\n<meta property=\"product:price:currency\" content=\"EUR\" \/>\n<meta property=\"og:availability\" content=\"instock\" \/>\n<meta property=\"product:availability\" content=\"instock\" \/>\n<meta property=\"product:retailer_item_id\" content=\"4204305\" \/>\n<meta property=\"product:condition\" content=\"new\" \/>\n<!-- \/ Yoast SEO Premium plugin. -->","yoast_head_json":{"title":"Fiesta Caleidoscopio\/Gafas Trufa - Dutchmicrodosing","robots":{"index":"index","follow":"follow","max-snippet":"max-snippet:-1","max-image-preview":"max-image-preview:large","max-video-preview":"max-video-preview:-1"},"canonical":"https:\/\/dutchmicrodosing.com\/es\/trufas-de-psilocibina\/trufas-magicas-ecologicas-xp\/kaleidoscope-party-truffle-glasses\/","og_locale":"es_ES","og_type":"article","og_title":"Fiesta Caleidoscopio\/Gafas Trufa","og_description":"El uso de vasos caleidosc\u00f3picos para fiestas\/Truffle, junto con trufas m\u00e1gicas, ofrece una experiencia \u00fanica y envolvente por la forma en que intensifican","og_url":"https:\/\/dutchmicrodosing.com\/es\/trufas-de-psilocibina\/trufas-magicas-ecologicas-xp\/kaleidoscope-party-truffle-glasses\/","og_site_name":"Dutchmicrodosing","article_publisher":"https:\/\/www.facebook.com\/Dutchmicrodosingxp\/","article_modified_time":"2025-08-19T14:38:54+00:00","og_image":[{"width":1000,"height":1000,"url":"https:\/\/dutchmicrodosing.com\/wp-content\/uploads\/2024\/04\/Partybril_Royalmagictruffles-002.jpg","type":"image\/jpeg"}],"twitter_card":"summary_large_image","schema":{"@context":"https:\/\/schema.org","@graph":[{"@type":"WebPage","@id":"https:\/\/dutchmicrodosing.com\/es\/trufas-de-psilocibina\/trufas-magicas-ecologicas-xp\/kaleidoscope-party-truffle-glasses\/","url":"https:\/\/dutchmicrodosing.com\/es\/trufas-de-psilocibina\/trufas-magicas-ecologicas-xp\/kaleidoscope-party-truffle-glasses\/","name":"Fiesta Caleidoscopio\/Gafas Trufa - Dutchmicrodosing","isPartOf":{"@id":"https:\/\/dutchmicrodosing.com\/es\/#website"},"primaryImageOfPage":{"@id":"https:\/\/dutchmicrodosing.com\/es\/trufas-de-psilocibina\/trufas-magicas-ecologicas-xp\/kaleidoscope-party-truffle-glasses\/#primaryimage"},"image":{"@id":"https:\/\/dutchmicrodosing.com\/es\/trufas-de-psilocibina\/trufas-magicas-ecologicas-xp\/kaleidoscope-party-truffle-glasses\/#primaryimage"},"thumbnailUrl":"https:\/\/dutchmicrodosing.com\/wp-content\/uploads\/2024\/04\/Partybril_Royalmagictruffles-002.jpg","datePublished":"2024-04-05T06:55:22+00:00","dateModified":"2025-08-19T14:38:54+00:00","breadcrumb":{"@id":"https:\/\/dutchmicrodosing.com\/es\/trufas-de-psilocibina\/trufas-magicas-ecologicas-xp\/kaleidoscope-party-truffle-glasses\/#breadcrumb"},"inLanguage":"es","potentialAction":[{"@type":"ReadAction","target":["https:\/\/dutchmicrodosing.com\/es\/trufas-de-psilocibina\/trufas-magicas-ecologicas-xp\/kaleidoscope-party-truffle-glasses\/"]}]},{"@type":"ImageObject","inLanguage":"es","@id":"https:\/\/dutchmicrodosing.com\/es\/trufas-de-psilocibina\/trufas-magicas-ecologicas-xp\/kaleidoscope-party-truffle-glasses\/#primaryimage","url":"https:\/\/dutchmicrodosing.com\/wp-content\/uploads\/2024\/04\/Partybril_Royalmagictruffles-002.jpg","contentUrl":"https:\/\/dutchmicrodosing.com\/wp-content\/uploads\/2024\/04\/Partybril_Royalmagictruffles-002.jpg","width":1000,"height":1000},{"@type":"BreadcrumbList","@id":"https:\/\/dutchmicrodosing.com\/es\/trufas-de-psilocibina\/trufas-magicas-ecologicas-xp\/kaleidoscope-party-truffle-glasses\/#breadcrumb","itemListElement":[{"@type":"ListItem","position":1,"name":"Home","item":"https:\/\/dutchmicrodosing.com\/es\/"},{"@type":"ListItem","position":2,"name":"Tienda","item":"https:\/\/dutchmicrodosing.com\/es\/tienda\/"},{"@type":"ListItem","position":3,"name":"Fiesta Caleidoscopio\/Gafas Trufa"}]},{"@type":"WebSite","@id":"https:\/\/dutchmicrodosing.com\/es\/#website","url":"https:\/\/dutchmicrodosing.com\/es\/","name":"Dutchmicrodosing","description":"","publisher":{"@id":"https:\/\/dutchmicrodosing.com\/es\/#organization"},"potentialAction":[{"@type":"SearchAction","target":{"@type":"EntryPoint","urlTemplate":"https:\/\/dutchmicrodosing.com\/es\/?s={search_term_string}"},"query-input":{"@type":"PropertyValueSpecification","valueRequired":true,"valueName":"search_term_string"}}],"inLanguage":"es"},{"@type":"Organization","@id":"https:\/\/dutchmicrodosing.com\/es\/#organization","name":"Dutchmicrodosing","url":"https:\/\/dutchmicrodosing.com\/es\/","logo":{"@type":"ImageObject","inLanguage":"es","@id":"https:\/\/dutchmicrodosing.com\/es\/#\/schema\/logo\/image\/","url":"https:\/\/dutchmicrodosing.com\/wp-content\/uploads\/2021\/01\/microdosing-categorie-pic-nieuw.jpg","contentUrl":"https:\/\/dutchmicrodosing.com\/wp-content\/uploads\/2021\/01\/microdosing-categorie-pic-nieuw.jpg","width":500,"height":500,"caption":"Dutchmicrodosing"},"image":{"@id":"https:\/\/dutchmicrodosing.com\/es\/#\/schema\/logo\/image\/"},"sameAs":["https:\/\/www.facebook.com\/Dutchmicrodosingxp\/","https:\/\/www.instagram.com\/dutchmicrodosing\/"]}]},"product_price_amount":"9.95","product_price_currency":"EUR","og_availability":"instock","product_availability":"instock","product_retailer_item_id":"4204305","product_condition":"new"},"_links":{"self":[{"href":"https:\/\/dutchmicrodosing.com\/es\/wp-json\/wp\/v2\/product\/38005","targetHints":{"allow":["GET"]}}],"collection":[{"href":"https:\/\/dutchmicrodosing.com\/es\/wp-json\/wp\/v2\/product"}],"about":[{"href":"https:\/\/dutchmicrodosing.com\/es\/wp-json\/wp\/v2\/types\/product"}],"replies":[{"embeddable":true,"href":"https:\/\/dutchmicrodosing.com\/es\/wp-json\/wp\/v2\/comments?post=38005"}],"version-history":[{"count":0,"href":"https:\/\/dutchmicrodosing.com\/es\/wp-json\/wp\/v2\/product\/38005\/revisions"}],"wp:featuredmedia":[{"embeddable":true,"href":"https:\/\/dutchmicrodosing.com\/es\/wp-json\/wp\/v2\/media\/38000"}],"wp:attachment":[{"href":"https:\/\/dutchmicrodosing.com\/es\/wp-json\/wp\/v2\/media?parent=38005"}],"wp:term":[{"taxonomy":"product_brand","embeddable":true,"href":"https:\/\/dutchmicrodosing.com\/es\/wp-json\/wp\/v2\/product_brand?post=38005"},{"taxonomy":"product_cat","embeddable":true,"href":"https:\/\/dutchmicrodosing.com\/es\/wp-json\/wp\/v2\/product_cat?post=38005"},{"taxonomy":"product_tag","embeddable":true,"href":"https:\/\/dutchmicrodosing.com\/es\/wp-json\/wp\/v2\/product_tag?post=38005"}],"curies":[{"name":"wp","href":"https:\/\/api.w.org\/{rel}","templated":true}]}}