{"id":38082,"date":"2024-04-10T07:31:01","date_gmt":"2024-04-10T05:31:01","guid":{"rendered":"https:\/\/dutchmicrodosing.com\/?post_type=product&#038;p=38082"},"modified":"2025-08-18T16:21:35","modified_gmt":"2025-08-18T14:21:35","slug":"kit-de-cultivo-jack-frost-paddo","status":"publish","type":"product","link":"https:\/\/dutchmicrodosing.com\/es\/setas-alucinogenas\/kits-de-cultivo-mystic-fungi\/kit-de-cultivo-jack-frost-paddo\/","title":{"rendered":"Kit de cultivo de setas Jack Frost"},"content":{"rendered":"<p>El <strong>kit de cultivo de setas Jack Frost<\/strong> es una variedad especial de la familia Psilocybe cubensis, conocida por su gran potencia y su aspecto \u00fanico. Este tipo de seta es el resultado de un cruce entre dos especies igualmente distintivas: la True Albino Teacher (TAT) y la Albino Penis Envy (APE). Ambas cepas parentales son conocidas por sus potentes efectos psicod\u00e9licos y sus caracter\u00edsticas visualmente atractivas, lo que las convierte en opciones populares entre los amantes de la psicodelia.<\/p>\n<p>El nombre \u00abJack Frost\u00bb hace referencia directa al caracter\u00edstico aspecto helado de estas setas. Se distinguen por su color blanco puro, poco frecuente entre las especies de Psilocybe cubensis. Esta caracter\u00edstica \u00fanica, junto con los sombreros planos que caracter\u00edsticamente se curvan hacia arriba a medida que el hongo madura, hace que el Jack Frost sea visualmente distintivo.<\/p>\n<p>Es importante tener en cuenta la advertencia sobre la fuerza de esta especie. Debido a su alta potencia, que proviene de los antecedentes gen\u00e9ticos tanto de True Albino Teacher como de Albino Penis Envy, se recomienda ajustar la dosis. Los principiantes o aquellos con menos experiencia con psicod\u00e9licos deber\u00edan considerar empezar con una dosis m\u00e1s baja de lo habitual. As\u00ed se garantiza que la experiencia siga siendo manejable y agradable.<\/p>\n<h2>Cultiva tus propias setas Jack Frost<\/h2>\n<p>Este kit promete mayores rendimientos (700 gramos) y m\u00e1s setas, con menos esfuerzo en la gesti\u00f3n y menos riesgo de contaminaci\u00f3n. Las instrucciones son f\u00e1ciles de seguir, por lo que tendr\u00e1s que preocuparte menos por el crecimiento de tus setas. Adecuado tanto para principiantes como para cultivadores avanzados, el kit de cultivo garantiza una experiencia de cultivo sin esfuerzo. S\u00f3lo tienes que seguir nuestras claras instrucciones y en pocas semanas podr\u00e1s ser testigo de la aparici\u00f3n de potentes setas Jack Frost. El sustrato ya est\u00e1 inoculado con esporas, lo que significa que no se necesitan pasos complicados: s\u00f3lo tienes que a\u00f1adir agua, paciencia y un poco de curiosidad.<\/p>\n<h2>Cu\u00e1les son los efectos de las setas m\u00e1gicas Jack Frost<\/h2>\n<ul>\n<li>Cambios visuales: Pueden ir desde cambios sutiles en la percepci\u00f3n hasta alucinaciones visuales intensas, como cambios en los colores, patrones y formas.<\/li>\n<li>Patrones de pensamiento alterados: Las setas m\u00e1gicas Jack Frost pueden conducir a pensamientos m\u00e1s profundos, introspecci\u00f3n y alteraci\u00f3n de la conciencia de uno mismo y del entorno.<\/li>\n<li>Experiencias espirituales y m\u00edsticas: Los sentimientos de conexi\u00f3n, trascendencia e iluminaci\u00f3n espiritual son ciertamente posibles con las setas Jack Frost.<\/li>\n<\/ul>\n<h2>Cruce de Jack Frost entre dos poderosos hongos: Profesor Albino y Envidia del Pene Albino<\/h2>\n<p>La seta Jack Frost es un h\u00edbrido (cruce) de las cepas True Albino Teacher y Albino Penis Envy, conocidas por su atractivo aspecto y sus potentes efectos.<\/p>\n<h2>Instrucciones Kit de cultivo Jack Frost<\/h2>\n<p>Aseg\u00farate de que tu espacio de trabajo est\u00e1 limpio para evitar que otros microorganismos contaminen tu kit de cultivo. Es importante trabajar con higiene. Utiliza siempre agua limpia del grifo o agua mineral para nebulizar y empapar tu kit de cultivo. No utilices agua destilada o desmineralizada, ya que no es adecuada.<\/p>\n<ol>\n<li>Saca la bolsa de la caja y exti\u00e9ndela.<\/li>\n<li>Abre la bolsa retirando el clip herm\u00e9tico de la parte superior. Suministra a la bolsa un poco de aire fresco estir\u00e1ndola suavemente, y luego ci\u00e9rrala de nuevo con la pinza. Para evitar que los hongos crezcan en los laterales del sustrato, puedes poner una goma el\u00e1stica alrededor del exterior de la bolsa, justo por encima del nivel del sustrato.<\/li>\n<li>Vigila el crecimiento: Vigila de cerca la bolsa cuando las setas empiecen a crecer. Las dos primeras veces no necesitas regar. Una vez que los sombreros empiezan a abrirse, es hora de cosechar. Ten en cuenta que no todas las variedades tienen velos ni dejan caer esporas.<\/li>\n<li>Recolecci\u00f3n: Antes de recolectar, aseg\u00farate de que el entorno est\u00e9 limpio desinfect\u00e1ndote las manos con alcohol y, preferiblemente, poni\u00e9ndote guantes de l\u00e1tex. Para recolectarlas, gira las setas en el sentido de las agujas del reloj. Rec\u00f3gelos en cuanto los sombreros empiecen a abrirse para obtener una potencia \u00f3ptima. Los frutos est\u00e1n listos para la cosecha al cabo de dos a cuatro semanas, seg\u00fan las condiciones de cultivo y la variedad de seta.<\/li>\n<li>Mantenimiento tras la cosecha: Tras cosechar el segundo brote, a\u00f1ade una peque\u00f1a cantidad de agua (aproximadamente 1\/3 del nivel del sustrato en la bolsa). Vuelve a cerrar la bolsa con el clip y aseg\u00farate de que queda herm\u00e9ticamente cerrada. Recuerda a\u00f1adir aire fresco quitando y volviendo a poner el clip. Elimina el exceso de agua si no se ha absorbido en 12 horas.<\/li>\n<li>Controla la temperatura: Aseg\u00farate de que la temperatura se mantiene estable dentro del intervalo de 20-25 grados Celsius (68-77\u00b0F) para obtener los mejores resultados de crecimiento. Evita las grandes fluctuaciones de temperatura.<\/li>\n<li>Cosechas de seguimiento: Espera obtener al menos dos cosechas de cada bolsa, pero tambi\u00e9n es posible obtener tres o incluso cuatro cosechas. Despu\u00e9s de cada cosecha, vuelve a cerrar la bolsa y a\u00f1ade agua para fomentar nuevas sesiones de floraci\u00f3n.<\/li>\n<\/ol>\n<h2>Contenido Kit de cultivo Jack Frost<\/h2>\n<ul>\n<li>Capacidad: 2000 cc<\/li>\n<li>Dimensiones: 14 cm x 17 cm x 10 cm<\/li>\n<li>Variaci\u00f3n: Psilocybe Cubensis Jack Frost (cepa PE) (cruce de True Albino Teacher y Albino Penis Envy).<\/li>\n<li>Fase: totalmente colonizada<\/li>\n<li>Rendimiento de la cosecha: hasta 700 gramos<\/li>\n<\/ul>\n","protected":false},"excerpt":{"rendered":"<p>El kit de cultivo de setas Jack Frost es una variedad especial de la familia Psilocybe cubensis, conocida por su gran potencia y su aspecto \u00fanico. Este tipo de seta es el resultado de un cruce entre dos especies igualmente distintivas: la True Albino Teacher (TAT) y la Albino Penis Envy (APE). Ambas cepas parentales [&hellip;]<\/p>\n","protected":false},"featured_media":38476,"comment_status":"closed","ping_status":"closed","template":"","meta":[],"product_brand":[],"product_cat":[345],"product_tag":[],"class_list":{"0":"post-38082","1":"product","2":"type-product","3":"status-publish","4":"has-post-thumbnail","6":"product_cat-kits-de-cultivo-mystic-fungi","8":"first","9":"outofstock","10":"taxable","11":"shipping-taxable","12":"purchasable","13":"product-type-simple"},"yoast_head":"<!-- This site is optimized with the Yoast SEO Premium plugin v26.4 (Yoast SEO v27.2) - https:\/\/yoast.com\/product\/yoast-seo-premium-wordpress\/ -->\n<title>Kit de cultivo de setas Jack Frost - Dutchmicrodosing<\/title>\n<meta name=\"robots\" content=\"index, follow, max-snippet:-1, max-image-preview:large, max-video-preview:-1\" \/>\n<link rel=\"canonical\" href=\"https:\/\/dutchmicrodosing.com\/es\/setas-alucinogenas\/kits-de-cultivo-mystic-fungi\/kit-de-cultivo-jack-frost-paddo\/\" \/>\n<meta property=\"og:locale\" content=\"es_ES\" \/>\n<meta property=\"og:type\" content=\"article\" \/>\n<meta property=\"og:title\" content=\"Kit de cultivo de setas Jack Frost\" \/>\n<meta property=\"og:description\" content=\"El kit de cultivo de setas Jack Frost es una variedad especial de la familia Psilocybe cubensis, conocida por su gran potencia y su aspecto \u00fanico. Este\" \/>\n<meta property=\"og:url\" content=\"https:\/\/dutchmicrodosing.com\/es\/setas-alucinogenas\/kits-de-cultivo-mystic-fungi\/kit-de-cultivo-jack-frost-paddo\/\" \/>\n<meta property=\"og:site_name\" content=\"Dutchmicrodosing\" \/>\n<meta property=\"article:publisher\" content=\"https:\/\/www.facebook.com\/Dutchmicrodosingxp\/\" \/>\n<meta property=\"article:modified_time\" content=\"2025-08-18T14:21:35+00:00\" \/>\n<meta property=\"og:image\" content=\"https:\/\/dutchmicrodosing.com\/wp-content\/uploads\/2024\/04\/Jack_frost_bag.jpg\" \/>\n\t<meta property=\"og:image:width\" content=\"1000\" \/>\n\t<meta property=\"og:image:height\" content=\"1000\" \/>\n\t<meta property=\"og:image:type\" content=\"image\/jpeg\" \/>\n<meta name=\"twitter:card\" content=\"summary_large_image\" \/>\n<script type=\"application\/ld+json\" class=\"yoast-schema-graph\">{\"@context\":\"https:\/\/schema.org\",\"@graph\":[{\"@type\":\"WebPage\",\"@id\":\"https:\/\/dutchmicrodosing.com\/es\/setas-alucinogenas\/kits-de-cultivo-mystic-fungi\/kit-de-cultivo-jack-frost-paddo\/\",\"url\":\"https:\/\/dutchmicrodosing.com\/es\/setas-alucinogenas\/kits-de-cultivo-mystic-fungi\/kit-de-cultivo-jack-frost-paddo\/\",\"name\":\"Kit de cultivo de setas Jack Frost - Dutchmicrodosing\",\"isPartOf\":{\"@id\":\"https:\/\/dutchmicrodosing.com\/es\/#website\"},\"primaryImageOfPage\":{\"@id\":\"https:\/\/dutchmicrodosing.com\/es\/setas-alucinogenas\/kits-de-cultivo-mystic-fungi\/kit-de-cultivo-jack-frost-paddo\/#primaryimage\"},\"image\":{\"@id\":\"https:\/\/dutchmicrodosing.com\/es\/setas-alucinogenas\/kits-de-cultivo-mystic-fungi\/kit-de-cultivo-jack-frost-paddo\/#primaryimage\"},\"thumbnailUrl\":\"https:\/\/dutchmicrodosing.com\/wp-content\/uploads\/2024\/04\/Jack_frost_bag.jpg\",\"datePublished\":\"2024-04-10T05:31:01+00:00\",\"dateModified\":\"2025-08-18T14:21:35+00:00\",\"breadcrumb\":{\"@id\":\"https:\/\/dutchmicrodosing.com\/es\/setas-alucinogenas\/kits-de-cultivo-mystic-fungi\/kit-de-cultivo-jack-frost-paddo\/#breadcrumb\"},\"inLanguage\":\"es\",\"potentialAction\":[{\"@type\":\"ReadAction\",\"target\":[\"https:\/\/dutchmicrodosing.com\/es\/setas-alucinogenas\/kits-de-cultivo-mystic-fungi\/kit-de-cultivo-jack-frost-paddo\/\"]}]},{\"@type\":\"ImageObject\",\"inLanguage\":\"es\",\"@id\":\"https:\/\/dutchmicrodosing.com\/es\/setas-alucinogenas\/kits-de-cultivo-mystic-fungi\/kit-de-cultivo-jack-frost-paddo\/#primaryimage\",\"url\":\"https:\/\/dutchmicrodosing.com\/wp-content\/uploads\/2024\/04\/Jack_frost_bag.jpg\",\"contentUrl\":\"https:\/\/dutchmicrodosing.com\/wp-content\/uploads\/2024\/04\/Jack_frost_bag.jpg\",\"width\":1000,\"height\":1000,\"caption\":\"Kit de Cultivo Jack Frost Mystic Funghi\"},{\"@type\":\"BreadcrumbList\",\"@id\":\"https:\/\/dutchmicrodosing.com\/es\/setas-alucinogenas\/kits-de-cultivo-mystic-fungi\/kit-de-cultivo-jack-frost-paddo\/#breadcrumb\",\"itemListElement\":[{\"@type\":\"ListItem\",\"position\":1,\"name\":\"Home\",\"item\":\"https:\/\/dutchmicrodosing.com\/es\/\"},{\"@type\":\"ListItem\",\"position\":2,\"name\":\"Tienda\",\"item\":\"https:\/\/dutchmicrodosing.com\/es\/tienda\/\"},{\"@type\":\"ListItem\",\"position\":3,\"name\":\"Kit de cultivo de setas Jack Frost\"}]},{\"@type\":\"WebSite\",\"@id\":\"https:\/\/dutchmicrodosing.com\/es\/#website\",\"url\":\"https:\/\/dutchmicrodosing.com\/es\/\",\"name\":\"Dutchmicrodosing\",\"description\":\"\",\"publisher\":{\"@id\":\"https:\/\/dutchmicrodosing.com\/es\/#organization\"},\"potentialAction\":[{\"@type\":\"SearchAction\",\"target\":{\"@type\":\"EntryPoint\",\"urlTemplate\":\"https:\/\/dutchmicrodosing.com\/es\/?s={search_term_string}\"},\"query-input\":{\"@type\":\"PropertyValueSpecification\",\"valueRequired\":true,\"valueName\":\"search_term_string\"}}],\"inLanguage\":\"es\"},{\"@type\":\"Organization\",\"@id\":\"https:\/\/dutchmicrodosing.com\/es\/#organization\",\"name\":\"Dutchmicrodosing\",\"url\":\"https:\/\/dutchmicrodosing.com\/es\/\",\"logo\":{\"@type\":\"ImageObject\",\"inLanguage\":\"es\",\"@id\":\"https:\/\/dutchmicrodosing.com\/es\/#\/schema\/logo\/image\/\",\"url\":\"https:\/\/dutchmicrodosing.com\/wp-content\/uploads\/2021\/01\/microdosing-categorie-pic-nieuw.jpg\",\"contentUrl\":\"https:\/\/dutchmicrodosing.com\/wp-content\/uploads\/2021\/01\/microdosing-categorie-pic-nieuw.jpg\",\"width\":500,\"height\":500,\"caption\":\"Dutchmicrodosing\"},\"image\":{\"@id\":\"https:\/\/dutchmicrodosing.com\/es\/#\/schema\/logo\/image\/\"},\"sameAs\":[\"https:\/\/www.facebook.com\/Dutchmicrodosingxp\/\",\"https:\/\/www.instagram.com\/dutchmicrodosing\/\"]}]}<\/script>\n<meta property=\"product:price:amount\" content=\"44.95\" \/>\n<meta property=\"product:price:currency\" content=\"EUR\" \/>\n<meta property=\"og:availability\" content=\"out of stock\" \/>\n<meta property=\"product:availability\" content=\"out of stock\" \/>\n<meta property=\"product:retailer_item_id\" content=\"4204840\" \/>\n<meta property=\"product:condition\" content=\"new\" \/>\n<!-- \/ Yoast SEO Premium plugin. -->","yoast_head_json":{"title":"Kit de cultivo de setas Jack Frost - Dutchmicrodosing","robots":{"index":"index","follow":"follow","max-snippet":"max-snippet:-1","max-image-preview":"max-image-preview:large","max-video-preview":"max-video-preview:-1"},"canonical":"https:\/\/dutchmicrodosing.com\/es\/setas-alucinogenas\/kits-de-cultivo-mystic-fungi\/kit-de-cultivo-jack-frost-paddo\/","og_locale":"es_ES","og_type":"article","og_title":"Kit de cultivo de setas Jack Frost","og_description":"El kit de cultivo de setas Jack Frost es una variedad especial de la familia Psilocybe cubensis, conocida por su gran potencia y su aspecto \u00fanico. Este","og_url":"https:\/\/dutchmicrodosing.com\/es\/setas-alucinogenas\/kits-de-cultivo-mystic-fungi\/kit-de-cultivo-jack-frost-paddo\/","og_site_name":"Dutchmicrodosing","article_publisher":"https:\/\/www.facebook.com\/Dutchmicrodosingxp\/","article_modified_time":"2025-08-18T14:21:35+00:00","og_image":[{"width":1000,"height":1000,"url":"https:\/\/dutchmicrodosing.com\/wp-content\/uploads\/2024\/04\/Jack_frost_bag.jpg","type":"image\/jpeg"}],"twitter_card":"summary_large_image","schema":{"@context":"https:\/\/schema.org","@graph":[{"@type":"WebPage","@id":"https:\/\/dutchmicrodosing.com\/es\/setas-alucinogenas\/kits-de-cultivo-mystic-fungi\/kit-de-cultivo-jack-frost-paddo\/","url":"https:\/\/dutchmicrodosing.com\/es\/setas-alucinogenas\/kits-de-cultivo-mystic-fungi\/kit-de-cultivo-jack-frost-paddo\/","name":"Kit de cultivo de setas Jack Frost - Dutchmicrodosing","isPartOf":{"@id":"https:\/\/dutchmicrodosing.com\/es\/#website"},"primaryImageOfPage":{"@id":"https:\/\/dutchmicrodosing.com\/es\/setas-alucinogenas\/kits-de-cultivo-mystic-fungi\/kit-de-cultivo-jack-frost-paddo\/#primaryimage"},"image":{"@id":"https:\/\/dutchmicrodosing.com\/es\/setas-alucinogenas\/kits-de-cultivo-mystic-fungi\/kit-de-cultivo-jack-frost-paddo\/#primaryimage"},"thumbnailUrl":"https:\/\/dutchmicrodosing.com\/wp-content\/uploads\/2024\/04\/Jack_frost_bag.jpg","datePublished":"2024-04-10T05:31:01+00:00","dateModified":"2025-08-18T14:21:35+00:00","breadcrumb":{"@id":"https:\/\/dutchmicrodosing.com\/es\/setas-alucinogenas\/kits-de-cultivo-mystic-fungi\/kit-de-cultivo-jack-frost-paddo\/#breadcrumb"},"inLanguage":"es","potentialAction":[{"@type":"ReadAction","target":["https:\/\/dutchmicrodosing.com\/es\/setas-alucinogenas\/kits-de-cultivo-mystic-fungi\/kit-de-cultivo-jack-frost-paddo\/"]}]},{"@type":"ImageObject","inLanguage":"es","@id":"https:\/\/dutchmicrodosing.com\/es\/setas-alucinogenas\/kits-de-cultivo-mystic-fungi\/kit-de-cultivo-jack-frost-paddo\/#primaryimage","url":"https:\/\/dutchmicrodosing.com\/wp-content\/uploads\/2024\/04\/Jack_frost_bag.jpg","contentUrl":"https:\/\/dutchmicrodosing.com\/wp-content\/uploads\/2024\/04\/Jack_frost_bag.jpg","width":1000,"height":1000,"caption":"Kit de Cultivo Jack Frost Mystic Funghi"},{"@type":"BreadcrumbList","@id":"https:\/\/dutchmicrodosing.com\/es\/setas-alucinogenas\/kits-de-cultivo-mystic-fungi\/kit-de-cultivo-jack-frost-paddo\/#breadcrumb","itemListElement":[{"@type":"ListItem","position":1,"name":"Home","item":"https:\/\/dutchmicrodosing.com\/es\/"},{"@type":"ListItem","position":2,"name":"Tienda","item":"https:\/\/dutchmicrodosing.com\/es\/tienda\/"},{"@type":"ListItem","position":3,"name":"Kit de cultivo de setas Jack Frost"}]},{"@type":"WebSite","@id":"https:\/\/dutchmicrodosing.com\/es\/#website","url":"https:\/\/dutchmicrodosing.com\/es\/","name":"Dutchmicrodosing","description":"","publisher":{"@id":"https:\/\/dutchmicrodosing.com\/es\/#organization"},"potentialAction":[{"@type":"SearchAction","target":{"@type":"EntryPoint","urlTemplate":"https:\/\/dutchmicrodosing.com\/es\/?s={search_term_string}"},"query-input":{"@type":"PropertyValueSpecification","valueRequired":true,"valueName":"search_term_string"}}],"inLanguage":"es"},{"@type":"Organization","@id":"https:\/\/dutchmicrodosing.com\/es\/#organization","name":"Dutchmicrodosing","url":"https:\/\/dutchmicrodosing.com\/es\/","logo":{"@type":"ImageObject","inLanguage":"es","@id":"https:\/\/dutchmicrodosing.com\/es\/#\/schema\/logo\/image\/","url":"https:\/\/dutchmicrodosing.com\/wp-content\/uploads\/2021\/01\/microdosing-categorie-pic-nieuw.jpg","contentUrl":"https:\/\/dutchmicrodosing.com\/wp-content\/uploads\/2021\/01\/microdosing-categorie-pic-nieuw.jpg","width":500,"height":500,"caption":"Dutchmicrodosing"},"image":{"@id":"https:\/\/dutchmicrodosing.com\/es\/#\/schema\/logo\/image\/"},"sameAs":["https:\/\/www.facebook.com\/Dutchmicrodosingxp\/","https:\/\/www.instagram.com\/dutchmicrodosing\/"]}]},"product_price_amount":"44.95","product_price_currency":"EUR","og_availability":"out of stock","product_availability":"out of stock","product_retailer_item_id":"4204840","product_condition":"new"},"_links":{"self":[{"href":"https:\/\/dutchmicrodosing.com\/es\/wp-json\/wp\/v2\/product\/38082","targetHints":{"allow":["GET"]}}],"collection":[{"href":"https:\/\/dutchmicrodosing.com\/es\/wp-json\/wp\/v2\/product"}],"about":[{"href":"https:\/\/dutchmicrodosing.com\/es\/wp-json\/wp\/v2\/types\/product"}],"replies":[{"embeddable":true,"href":"https:\/\/dutchmicrodosing.com\/es\/wp-json\/wp\/v2\/comments?post=38082"}],"version-history":[{"count":0,"href":"https:\/\/dutchmicrodosing.com\/es\/wp-json\/wp\/v2\/product\/38082\/revisions"}],"wp:featuredmedia":[{"embeddable":true,"href":"https:\/\/dutchmicrodosing.com\/es\/wp-json\/wp\/v2\/media\/38476"}],"wp:attachment":[{"href":"https:\/\/dutchmicrodosing.com\/es\/wp-json\/wp\/v2\/media?parent=38082"}],"wp:term":[{"taxonomy":"product_brand","embeddable":true,"href":"https:\/\/dutchmicrodosing.com\/es\/wp-json\/wp\/v2\/product_brand?post=38082"},{"taxonomy":"product_cat","embeddable":true,"href":"https:\/\/dutchmicrodosing.com\/es\/wp-json\/wp\/v2\/product_cat?post=38082"},{"taxonomy":"product_tag","embeddable":true,"href":"https:\/\/dutchmicrodosing.com\/es\/wp-json\/wp\/v2\/product_tag?post=38082"}],"curies":[{"name":"wp","href":"https:\/\/api.w.org\/{rel}","templated":true}]}}