{"id":39099,"date":"2024-05-12T09:49:45","date_gmt":"2024-05-12T07:50:10","guid":{"rendered":"https:\/\/dutchmicrodosing.com\/shop\/sin%20categor\u00eda\/botella-traza-moby-dick\/"},"modified":"2025-02-20T14:19:12","modified_gmt":"2025-02-20T13:19:12","slug":"botella-traza-moby-dick","status":"publish","type":"product","link":"https:\/\/dutchmicrodosing.com\/es\/esporas-de-setas-magicas\/viales-de-esporas\/botella-traza-moby-dick\/","title":{"rendered":"Botella Moby Dick Trace"},"content":{"rendered":"<p>\u00a1Cultiva ahora setas blancas\/grises con la <strong>Botella de Esporas Moby Dick<\/strong> de Mondo! Esta seta recibe su nombre de la famosa ballena blanca del libro de Herman Melville. Estas setas, al igual que otras setas de psilocibina, contienen sustancias psicoactivas que, al consumirlas, pueden provocar efectos alucin\u00f3genos. Estos hongos se encuentran tanto en estado salvaje como cultivados para uso recreativo, a menudo por sus fuertes efectos psicol\u00f3gicos. El nombre y la asociaci\u00f3n con el color de la ballena dan una dimensi\u00f3n cultural adicional a esta especie concreta de seta.<\/p>\n<h2>Informaci\u00f3n sobre la cr\u00eda Moby Dick Botella de esporas<\/h2>\n<ul>\n<li>Dificultad de cultivo: F\u00e1cil<\/li>\n<li>Sustrato: Esti\u00e9rcol, paja, cereales diversos<\/li>\n<li>Tiempo de colonizaci\u00f3n: 12-14 d\u00edas<\/li>\n<li>Temperatura de colonizaci\u00f3n: 28-30 grados Celsius<\/li>\n<li>Temperatura de la fruta: 23-26 grados Celsius<\/li>\n<li>S\u00f3lo se necesitan 3 mililitros de soluci\u00f3n de esporas para colonizar 1 litro de sustrato<\/li>\n<\/ul>\n<h2>C\u00f3mo preparar mi botella Mondo Moby Dick Trace<\/h2>\n<p>Antes de empezar a inyectar tus esporas, primero debes haber preparado un sustrato en una bandeja o bolsa de cultivo donde vayas a dejar caer estas esporas. Los viales est\u00e9riles de esporas Mondo son muy f\u00e1ciles de usar.<\/p>\n<ol>\n<li>Ponte guantes y mascarilla bucal<\/li>\n<li>Agita en\u00e9rgicamente el vial de esporas de un lado a otro<\/li>\n<li>Desembala la aguja de inyecci\u00f3n e introduce la aguja a trav\u00e9s de la membrana de goma<\/li>\n<li>Ahora introduce suavemente el l\u00edquido en la jeringa<\/li>\n<li>Incluye el recipiente o la bolsa de cultivo con el sustrato<\/li>\n<li>Despu\u00e9s de llenar la jeringa, presiona lentamente el \u00e9mbolo y deja caer cada gota esparcida sobre el sustrato. El punto donde cae la gota sobre el sustrato es un punto potencial de crecimiento del micelio, dividi\u00e9ndolo optimizar\u00e1s la colonizaci\u00f3n.<\/li>\n<\/ol>\n<h2>Contenido de tu botella Moby Dick Trace<\/h2>\n<ul>\n<li>1 vial de esporas contiene varios millones de esporas disueltas en 10 ml de agua est\u00e9ril<\/li>\n<li>1 jeringa est\u00e9ril de 20 ml<\/li>\n<li>2 toallitas con alcohol<\/li>\n<\/ul>\n<h2>C\u00f3mo guardar tu botella Mondo Moby Dick Trace<\/h2>\n<p>Como se trata de un producto sensible, recomendamos colocar el frasco de esporas en el frigor\u00edfico a una temperatura de entre 2 y 8 grados inmediatamente despu\u00e9s de recibirlo, durante 24 horas antes de utilizarlo.<\/p>\n","protected":false},"excerpt":{"rendered":"<p>\u00a1Cultiva ahora setas blancas\/grises con la Botella de Esporas Moby Dick de Mondo! Esta seta recibe su nombre de la famosa ballena blanca del libro de Herman Melville. Estas setas, al igual que otras setas de psilocibina, contienen sustancias psicoactivas que, al consumirlas, pueden provocar efectos alucin\u00f3genos. Estos hongos se encuentran tanto en estado salvaje [&hellip;]<\/p>\n","protected":false},"featured_media":39115,"comment_status":"closed","ping_status":"closed","template":"","meta":[],"product_brand":[],"product_cat":[355],"product_tag":[],"class_list":{"0":"post-39099","1":"product","2":"type-product","3":"status-publish","4":"has-post-thumbnail","6":"product_cat-viales-de-esporas","8":"first","9":"outofstock","10":"taxable","11":"shipping-taxable","12":"purchasable","13":"product-type-simple"},"yoast_head":"<!-- This site is optimized with the Yoast SEO Premium plugin v26.4 (Yoast SEO v27.4) - https:\/\/yoast.com\/product\/yoast-seo-premium-wordpress\/ -->\n<title>Botella Moby Dick Trace - Dutchmicrodosing<\/title>\n<meta name=\"description\" content=\"Esporas de alta calidad para cultivar potentes setas Moby Dick. \u00a1Descubre las caracter\u00edsticas y efectos \u00fanicos de esta popular variedad!\" \/>\n<meta name=\"robots\" content=\"index, follow, max-snippet:-1, max-image-preview:large, max-video-preview:-1\" \/>\n<link rel=\"canonical\" href=\"https:\/\/dutchmicrodosing.com\/es\/esporas-de-setas-magicas\/viales-de-esporas\/botella-traza-moby-dick\/\" \/>\n<meta property=\"og:locale\" content=\"es_ES\" \/>\n<meta property=\"og:type\" content=\"article\" \/>\n<meta property=\"og:title\" content=\"Botella Moby Dick Trace\" \/>\n<meta property=\"og:description\" content=\"\u00a1Cultiva ahora setas blancas\/grises con la Botella de Esporas Moby Dick de Mondo! Esta seta recibe su nombre de la famosa ballena blanca del libro de\" \/>\n<meta property=\"og:url\" content=\"https:\/\/dutchmicrodosing.com\/es\/esporas-de-setas-magicas\/viales-de-esporas\/botella-traza-moby-dick\/\" \/>\n<meta property=\"og:site_name\" content=\"Dutchmicrodosing\" \/>\n<meta property=\"article:publisher\" content=\"https:\/\/www.facebook.com\/Dutchmicrodosingxp\/\" \/>\n<meta property=\"article:modified_time\" content=\"2025-02-20T13:19:12+00:00\" \/>\n<meta property=\"og:image\" content=\"https:\/\/dutchmicrodosing.com\/wp-content\/uploads\/2024\/05\/sporemate-mondo-vial-psilocybe-cubensis-golden-teacher.jpg\" \/>\n\t<meta property=\"og:image:width\" content=\"600\" \/>\n\t<meta property=\"og:image:height\" content=\"600\" \/>\n\t<meta property=\"og:image:type\" content=\"image\/jpeg\" \/>\n<meta name=\"twitter:card\" content=\"summary_large_image\" \/>\n<script type=\"application\/ld+json\" class=\"yoast-schema-graph\">{\"@context\":\"https:\\\/\\\/schema.org\",\"@graph\":[{\"@type\":\"WebPage\",\"@id\":\"https:\\\/\\\/dutchmicrodosing.com\\\/es\\\/esporas-de-setas-magicas\\\/viales-de-esporas\\\/botella-traza-moby-dick\\\/\",\"url\":\"https:\\\/\\\/dutchmicrodosing.com\\\/es\\\/esporas-de-setas-magicas\\\/viales-de-esporas\\\/botella-traza-moby-dick\\\/\",\"name\":\"Botella Moby Dick Trace - Dutchmicrodosing\",\"isPartOf\":{\"@id\":\"https:\\\/\\\/dutchmicrodosing.com\\\/es\\\/#website\"},\"primaryImageOfPage\":{\"@id\":\"https:\\\/\\\/dutchmicrodosing.com\\\/es\\\/esporas-de-setas-magicas\\\/viales-de-esporas\\\/botella-traza-moby-dick\\\/#primaryimage\"},\"image\":{\"@id\":\"https:\\\/\\\/dutchmicrodosing.com\\\/es\\\/esporas-de-setas-magicas\\\/viales-de-esporas\\\/botella-traza-moby-dick\\\/#primaryimage\"},\"thumbnailUrl\":\"https:\\\/\\\/dutchmicrodosing.com\\\/wp-content\\\/uploads\\\/2024\\\/05\\\/sporemate-mondo-vial-psilocybe-cubensis-golden-teacher.jpg\",\"datePublished\":\"2024-05-12T07:50:10+00:00\",\"dateModified\":\"2025-02-20T13:19:12+00:00\",\"description\":\"Esporas de alta calidad para cultivar potentes setas Moby Dick. \u00a1Descubre las caracter\u00edsticas y efectos \u00fanicos de esta popular variedad!\",\"breadcrumb\":{\"@id\":\"https:\\\/\\\/dutchmicrodosing.com\\\/es\\\/esporas-de-setas-magicas\\\/viales-de-esporas\\\/botella-traza-moby-dick\\\/#breadcrumb\"},\"inLanguage\":\"es\",\"potentialAction\":[{\"@type\":\"ReadAction\",\"target\":[\"https:\\\/\\\/dutchmicrodosing.com\\\/es\\\/esporas-de-setas-magicas\\\/viales-de-esporas\\\/botella-traza-moby-dick\\\/\"]}]},{\"@type\":\"ImageObject\",\"inLanguage\":\"es\",\"@id\":\"https:\\\/\\\/dutchmicrodosing.com\\\/es\\\/esporas-de-setas-magicas\\\/viales-de-esporas\\\/botella-traza-moby-dick\\\/#primaryimage\",\"url\":\"https:\\\/\\\/dutchmicrodosing.com\\\/wp-content\\\/uploads\\\/2024\\\/05\\\/sporemate-mondo-vial-psilocybe-cubensis-golden-teacher.jpg\",\"contentUrl\":\"https:\\\/\\\/dutchmicrodosing.com\\\/wp-content\\\/uploads\\\/2024\\\/05\\\/sporemate-mondo-vial-psilocybe-cubensis-golden-teacher.jpg\",\"width\":600,\"height\":600},{\"@type\":\"BreadcrumbList\",\"@id\":\"https:\\\/\\\/dutchmicrodosing.com\\\/es\\\/esporas-de-setas-magicas\\\/viales-de-esporas\\\/botella-traza-moby-dick\\\/#breadcrumb\",\"itemListElement\":[{\"@type\":\"ListItem\",\"position\":1,\"name\":\"Home\",\"item\":\"https:\\\/\\\/dutchmicrodosing.com\\\/es\\\/\"},{\"@type\":\"ListItem\",\"position\":2,\"name\":\"Tienda\",\"item\":\"https:\\\/\\\/dutchmicrodosing.com\\\/es\\\/tienda\\\/\"},{\"@type\":\"ListItem\",\"position\":3,\"name\":\"Botella Moby Dick Trace\"}]},{\"@type\":\"WebSite\",\"@id\":\"https:\\\/\\\/dutchmicrodosing.com\\\/es\\\/#website\",\"url\":\"https:\\\/\\\/dutchmicrodosing.com\\\/es\\\/\",\"name\":\"Dutchmicrodosing\",\"description\":\"\",\"publisher\":{\"@id\":\"https:\\\/\\\/dutchmicrodosing.com\\\/es\\\/#organization\"},\"potentialAction\":[{\"@type\":\"SearchAction\",\"target\":{\"@type\":\"EntryPoint\",\"urlTemplate\":\"https:\\\/\\\/dutchmicrodosing.com\\\/es\\\/?s={search_term_string}\"},\"query-input\":{\"@type\":\"PropertyValueSpecification\",\"valueRequired\":true,\"valueName\":\"search_term_string\"}}],\"inLanguage\":\"es\"},{\"@type\":\"Organization\",\"@id\":\"https:\\\/\\\/dutchmicrodosing.com\\\/es\\\/#organization\",\"name\":\"Dutchmicrodosing\",\"url\":\"https:\\\/\\\/dutchmicrodosing.com\\\/es\\\/\",\"logo\":{\"@type\":\"ImageObject\",\"inLanguage\":\"es\",\"@id\":\"https:\\\/\\\/dutchmicrodosing.com\\\/es\\\/#\\\/schema\\\/logo\\\/image\\\/\",\"url\":\"https:\\\/\\\/dutchmicrodosing.com\\\/wp-content\\\/uploads\\\/2021\\\/01\\\/microdosing-categorie-pic-nieuw.jpg\",\"contentUrl\":\"https:\\\/\\\/dutchmicrodosing.com\\\/wp-content\\\/uploads\\\/2021\\\/01\\\/microdosing-categorie-pic-nieuw.jpg\",\"width\":500,\"height\":500,\"caption\":\"Dutchmicrodosing\"},\"image\":{\"@id\":\"https:\\\/\\\/dutchmicrodosing.com\\\/es\\\/#\\\/schema\\\/logo\\\/image\\\/\"},\"sameAs\":[\"https:\\\/\\\/www.facebook.com\\\/Dutchmicrodosingxp\\\/\",\"https:\\\/\\\/www.instagram.com\\\/dutchmicrodosing\\\/\"]}]}<\/script>\n<meta property=\"product:price:amount\" content=\"17.95\" \/>\n<meta property=\"product:price:currency\" content=\"EUR\" \/>\n<meta property=\"og:availability\" content=\"out of stock\" \/>\n<meta property=\"product:availability\" content=\"out of stock\" \/>\n<meta property=\"product:retailer_item_id\" content=\"3204180\" \/>\n<meta property=\"product:condition\" content=\"new\" \/>\n<!-- \/ Yoast SEO Premium plugin. -->","yoast_head_json":{"title":"Botella Moby Dick Trace - Dutchmicrodosing","description":"Esporas de alta calidad para cultivar potentes setas Moby Dick. \u00a1Descubre las caracter\u00edsticas y efectos \u00fanicos de esta popular variedad!","robots":{"index":"index","follow":"follow","max-snippet":"max-snippet:-1","max-image-preview":"max-image-preview:large","max-video-preview":"max-video-preview:-1"},"canonical":"https:\/\/dutchmicrodosing.com\/es\/esporas-de-setas-magicas\/viales-de-esporas\/botella-traza-moby-dick\/","og_locale":"es_ES","og_type":"article","og_title":"Botella Moby Dick Trace","og_description":"\u00a1Cultiva ahora setas blancas\/grises con la Botella de Esporas Moby Dick de Mondo! Esta seta recibe su nombre de la famosa ballena blanca del libro de","og_url":"https:\/\/dutchmicrodosing.com\/es\/esporas-de-setas-magicas\/viales-de-esporas\/botella-traza-moby-dick\/","og_site_name":"Dutchmicrodosing","article_publisher":"https:\/\/www.facebook.com\/Dutchmicrodosingxp\/","article_modified_time":"2025-02-20T13:19:12+00:00","og_image":[{"width":600,"height":600,"url":"https:\/\/dutchmicrodosing.com\/wp-content\/uploads\/2024\/05\/sporemate-mondo-vial-psilocybe-cubensis-golden-teacher.jpg","type":"image\/jpeg"}],"twitter_card":"summary_large_image","schema":{"@context":"https:\/\/schema.org","@graph":[{"@type":"WebPage","@id":"https:\/\/dutchmicrodosing.com\/es\/esporas-de-setas-magicas\/viales-de-esporas\/botella-traza-moby-dick\/","url":"https:\/\/dutchmicrodosing.com\/es\/esporas-de-setas-magicas\/viales-de-esporas\/botella-traza-moby-dick\/","name":"Botella Moby Dick Trace - Dutchmicrodosing","isPartOf":{"@id":"https:\/\/dutchmicrodosing.com\/es\/#website"},"primaryImageOfPage":{"@id":"https:\/\/dutchmicrodosing.com\/es\/esporas-de-setas-magicas\/viales-de-esporas\/botella-traza-moby-dick\/#primaryimage"},"image":{"@id":"https:\/\/dutchmicrodosing.com\/es\/esporas-de-setas-magicas\/viales-de-esporas\/botella-traza-moby-dick\/#primaryimage"},"thumbnailUrl":"https:\/\/dutchmicrodosing.com\/wp-content\/uploads\/2024\/05\/sporemate-mondo-vial-psilocybe-cubensis-golden-teacher.jpg","datePublished":"2024-05-12T07:50:10+00:00","dateModified":"2025-02-20T13:19:12+00:00","description":"Esporas de alta calidad para cultivar potentes setas Moby Dick. \u00a1Descubre las caracter\u00edsticas y efectos \u00fanicos de esta popular variedad!","breadcrumb":{"@id":"https:\/\/dutchmicrodosing.com\/es\/esporas-de-setas-magicas\/viales-de-esporas\/botella-traza-moby-dick\/#breadcrumb"},"inLanguage":"es","potentialAction":[{"@type":"ReadAction","target":["https:\/\/dutchmicrodosing.com\/es\/esporas-de-setas-magicas\/viales-de-esporas\/botella-traza-moby-dick\/"]}]},{"@type":"ImageObject","inLanguage":"es","@id":"https:\/\/dutchmicrodosing.com\/es\/esporas-de-setas-magicas\/viales-de-esporas\/botella-traza-moby-dick\/#primaryimage","url":"https:\/\/dutchmicrodosing.com\/wp-content\/uploads\/2024\/05\/sporemate-mondo-vial-psilocybe-cubensis-golden-teacher.jpg","contentUrl":"https:\/\/dutchmicrodosing.com\/wp-content\/uploads\/2024\/05\/sporemate-mondo-vial-psilocybe-cubensis-golden-teacher.jpg","width":600,"height":600},{"@type":"BreadcrumbList","@id":"https:\/\/dutchmicrodosing.com\/es\/esporas-de-setas-magicas\/viales-de-esporas\/botella-traza-moby-dick\/#breadcrumb","itemListElement":[{"@type":"ListItem","position":1,"name":"Home","item":"https:\/\/dutchmicrodosing.com\/es\/"},{"@type":"ListItem","position":2,"name":"Tienda","item":"https:\/\/dutchmicrodosing.com\/es\/tienda\/"},{"@type":"ListItem","position":3,"name":"Botella Moby Dick Trace"}]},{"@type":"WebSite","@id":"https:\/\/dutchmicrodosing.com\/es\/#website","url":"https:\/\/dutchmicrodosing.com\/es\/","name":"Dutchmicrodosing","description":"","publisher":{"@id":"https:\/\/dutchmicrodosing.com\/es\/#organization"},"potentialAction":[{"@type":"SearchAction","target":{"@type":"EntryPoint","urlTemplate":"https:\/\/dutchmicrodosing.com\/es\/?s={search_term_string}"},"query-input":{"@type":"PropertyValueSpecification","valueRequired":true,"valueName":"search_term_string"}}],"inLanguage":"es"},{"@type":"Organization","@id":"https:\/\/dutchmicrodosing.com\/es\/#organization","name":"Dutchmicrodosing","url":"https:\/\/dutchmicrodosing.com\/es\/","logo":{"@type":"ImageObject","inLanguage":"es","@id":"https:\/\/dutchmicrodosing.com\/es\/#\/schema\/logo\/image\/","url":"https:\/\/dutchmicrodosing.com\/wp-content\/uploads\/2021\/01\/microdosing-categorie-pic-nieuw.jpg","contentUrl":"https:\/\/dutchmicrodosing.com\/wp-content\/uploads\/2021\/01\/microdosing-categorie-pic-nieuw.jpg","width":500,"height":500,"caption":"Dutchmicrodosing"},"image":{"@id":"https:\/\/dutchmicrodosing.com\/es\/#\/schema\/logo\/image\/"},"sameAs":["https:\/\/www.facebook.com\/Dutchmicrodosingxp\/","https:\/\/www.instagram.com\/dutchmicrodosing\/"]}]},"product_price_amount":"17.95","product_price_currency":"EUR","og_availability":"out of stock","product_availability":"out of stock","product_retailer_item_id":"3204180","product_condition":"new"},"_links":{"self":[{"href":"https:\/\/dutchmicrodosing.com\/es\/wp-json\/wp\/v2\/product\/39099","targetHints":{"allow":["GET"]}}],"collection":[{"href":"https:\/\/dutchmicrodosing.com\/es\/wp-json\/wp\/v2\/product"}],"about":[{"href":"https:\/\/dutchmicrodosing.com\/es\/wp-json\/wp\/v2\/types\/product"}],"replies":[{"embeddable":true,"href":"https:\/\/dutchmicrodosing.com\/es\/wp-json\/wp\/v2\/comments?post=39099"}],"version-history":[{"count":0,"href":"https:\/\/dutchmicrodosing.com\/es\/wp-json\/wp\/v2\/product\/39099\/revisions"}],"wp:featuredmedia":[{"embeddable":true,"href":"https:\/\/dutchmicrodosing.com\/es\/wp-json\/wp\/v2\/media\/39115"}],"wp:attachment":[{"href":"https:\/\/dutchmicrodosing.com\/es\/wp-json\/wp\/v2\/media?parent=39099"}],"wp:term":[{"taxonomy":"product_brand","embeddable":true,"href":"https:\/\/dutchmicrodosing.com\/es\/wp-json\/wp\/v2\/product_brand?post=39099"},{"taxonomy":"product_cat","embeddable":true,"href":"https:\/\/dutchmicrodosing.com\/es\/wp-json\/wp\/v2\/product_cat?post=39099"},{"taxonomy":"product_tag","embeddable":true,"href":"https:\/\/dutchmicrodosing.com\/es\/wp-json\/wp\/v2\/product_tag?post=39099"}],"curies":[{"name":"wp","href":"https:\/\/api.w.org\/{rel}","templated":true}]}}