{"id":39103,"date":"2024-04-26T17:41:49","date_gmt":"2024-04-26T15:41:49","guid":{"rendered":"https:\/\/dutchmicrodosing.com\/shop\/sin%20categor\u00eda\/jack-frost-liquid-culture-spray\/"},"modified":"2025-08-25T12:07:42","modified_gmt":"2025-08-25T10:07:42","slug":"jack-frost-liquid-culture-spray","status":"publish","type":"product","link":"https:\/\/dutchmicrodosing.com\/es\/esporas-de-setas-magicas\/jeringas-para-cultivo-de-liquidos\/jack-frost-liquid-culture-spray\/","title":{"rendered":"Jeringa de cultivo l\u00edquido Jack Frost"},"content":{"rendered":"<p>\u00a1Te presentamos la<strong> jeringuilla de cultivo l\u00edquido<\/strong> Psilocybe Cubensis<strong> Jack<\/strong> Frost! Es la soluci\u00f3n tanto para principiantes como para cultivadores experimentados, ya que te permite cultivar sin esfuerzo las ic\u00f3nicas setas Jack Frost. La seta Jack Frost es un cruce de la Verdadera Maestra Albina y la Envidia del Pene Albino. Este h\u00edbrido es conocido por su aspecto llamativo y sus potentes efectos. Esta jeringuilla de cultivo l\u00edquido avanzado, proporciona un entorno est\u00e9ril y nutritivo que acelera el crecimiento del micelio, permiti\u00e9ndote conseguir una cosecha vigorosa de forma r\u00e1pida y sencilla. En resumen, el Aerosol de Cultivo L\u00edquido de Setas Jack Frost hace que cultivar estas setas m\u00e1gicas en casa sea factible para todo el mundo, con una facilidad y precisi\u00f3n inigualables.<\/p>\n<h3>Ventajas de utilizar el pulverizador de cultivo l\u00edquido Jack Frost<\/h3>\n<ul>\n<li>Pureza gen\u00e9tica<\/li>\n<li>Vacunaci\u00f3n sin esfuerzo<\/li>\n<li>Crecimiento acelerado<\/li>\n<li>Cr\u00eda vers\u00e1til<\/li>\n<\/ul>\n<h3>Qu\u00e9 sustrato es adecuado para cultivar la seta Jack Frost<\/h3>\n<p>Para cultivar setas Jack Frost, puedes considerar varias opciones para el sustrato, pero una elecci\u00f3n popular y eficaz es una mezcla de vermiculita y harina de arroz integral. Esta mezcla ofrece una combinaci\u00f3n equilibrada de nutrientes, retenci\u00f3n de humedad y aireaci\u00f3n, que es beneficiosa para el desarrollo de los hongos. La vermiculita ayuda a retener la humedad y proporciona un buen drenaje, mientras que la harina de arroz integral es una fuente de nutrientes para las setas. Puedes hacer f\u00e1cilmente la mezcla del sustrato mezclando a partes iguales vermiculita y harina de arroz integral y humedeci\u00e9ndola despu\u00e9s hasta que alcance el nivel de humedad adecuado. Una vez preparado el sustrato, puedes a\u00f1adir las paddosporas para iniciar el crecimiento.<\/p>\n<h3><strong>Utilice<\/strong><\/h3>\n<p>Inocular tu sustrato nunca ha sido tan f\u00e1cil. Con una simple inyecci\u00f3n de Cultivo L\u00edquido de Setas Jack Frost, puedes ver c\u00f3mo se multiplica la red micelial y transforma tu medio de cultivo en un lienzo en el que pueden florecer las setas.<\/p>\n<ol>\n<li><strong>Esterilizaci\u00f3n<\/strong>: Esteriliza la mezcla de sustrato para eliminar las bacterias y hongos nocivos que puedan dificultar el crecimiento de las setas. Esto puede hacerse calentando la mezcla de sustrato en un autoclave o pasteuriz\u00e1ndola mediante vapor.<\/li>\n<li><strong>Inoculaci\u00f3n del sustrato<\/strong>: empieza preparando el sustrato, como vermiculita y harina de arroz integral, como se ha descrito antes. Aseg\u00farate de que el sustrato est\u00e9 h\u00famedo, pero no empapado. Luego toma un suplemento de esporas o un aerosol de esporas con esporas de sapo Jack Frost.<\/li>\n<li><strong>Proceso de inoculaci\u00f3n<\/strong>: Agita bien el suplemento de esporas o las jeringuillas que contienen las esporas de hongos para asegurarte de que las esporas se distribuyen uniformemente. A continuaci\u00f3n, utiliza una jeringuilla est\u00e9ril para distribuir las esporas uniformemente por el sustrato. Esto puede hacerse aplicando peque\u00f1as cantidades del suplemento de esporas en distintos puntos del sustrato.<\/li>\n<li><strong>Incubaci\u00f3n<\/strong>: Una vez inoculado el sustrato con las paddosporas, es el momento de incubarlo. Coloca el sustrato en una habitaci\u00f3n oscura y c\u00e1lida, con una temperatura constante entre 20-25\u00b0C. Esto favorece la colonizaci\u00f3n del sustrato por las paddosporas.<\/li>\n<li><strong>Crecimiento y cosecha<\/strong>: Al cabo de unas semanas, las esporas de los hongos deber\u00edan empezar a colonizar y convertirse en setas. Sigue comprobando la humedad del sustrato y cualquier signo de contaminaci\u00f3n. Una vez que las setas est\u00e1n completamente desarrolladas, pueden recolectarse para el consumo.<\/li>\n<\/ol>\n<h3>Contenido<\/h3>\n<p>Jeringa de cultivo l\u00edquido de esporas Jack Frost de 10 ml<\/p>\n<h3>Consejos de almacenamiento<\/h3>\n<ul>\n<li>Utilice el cultivo l\u00edquido en un plazo de 2 meses.<\/li>\n<li>Gu\u00e1rdelo en el frigor\u00edfico o en otro lugar fresco y oscuro.<\/li>\n<li>Evitar la exposici\u00f3n a los rayos UV.<\/li>\n<li>Fuera del alcance de los ni\u00f1os.<\/li>\n<\/ul>\n","protected":false},"excerpt":{"rendered":"<p>\u00a1Te presentamos la jeringuilla de cultivo l\u00edquido Psilocybe Cubensis Jack Frost! Es la soluci\u00f3n tanto para principiantes como para cultivadores experimentados, ya que te permite cultivar sin esfuerzo las ic\u00f3nicas setas Jack Frost. La seta Jack Frost es un cruce de la Verdadera Maestra Albina y la Envidia del Pene Albino. Este h\u00edbrido es conocido [&hellip;]<\/p>\n","protected":false},"featured_media":46286,"comment_status":"closed","ping_status":"closed","template":"","meta":[],"product_brand":[],"product_cat":[359],"product_tag":[],"class_list":{"0":"post-39103","1":"product","2":"type-product","3":"status-publish","4":"has-post-thumbnail","6":"product_cat-jeringas-para-cultivo-de-liquidos","8":"first","9":"instock","10":"taxable","11":"shipping-taxable","12":"purchasable","13":"product-type-simple"},"yoast_head":"<!-- This site is optimized with the Yoast SEO Premium plugin v26.4 (Yoast SEO v27.4) - https:\/\/yoast.com\/product\/yoast-seo-premium-wordpress\/ -->\n<title>Jeringa de cultivo l\u00edquido Jack Frost - Dutchmicrodosing<\/title>\n<meta name=\"description\" content=\"Jeringa de cultivo l\u00edquido Jack Frost de Mystic Fungi: Cultivo f\u00e1cil de setas Jack Frost para principiantes y expertos. \u00a1Ya disponible aqu\u00ed!\" \/>\n<meta name=\"robots\" content=\"index, follow, max-snippet:-1, max-image-preview:large, max-video-preview:-1\" \/>\n<link rel=\"canonical\" href=\"https:\/\/dutchmicrodosing.com\/es\/esporas-de-setas-magicas\/jeringas-para-cultivo-de-liquidos\/jack-frost-liquid-culture-spray\/\" \/>\n<meta property=\"og:locale\" content=\"es_ES\" \/>\n<meta property=\"og:type\" content=\"article\" \/>\n<meta property=\"og:title\" content=\"Jeringa de cultivo l\u00edquido Jack Frost\" \/>\n<meta property=\"og:description\" content=\"\u00a1Te presentamos la jeringuilla de cultivo l\u00edquido Psilocybe Cubensis Jack Frost! Es la soluci\u00f3n tanto para principiantes como para cultivadores\" \/>\n<meta property=\"og:url\" content=\"https:\/\/dutchmicrodosing.com\/es\/esporas-de-setas-magicas\/jeringas-para-cultivo-de-liquidos\/jack-frost-liquid-culture-spray\/\" \/>\n<meta property=\"og:site_name\" content=\"Dutchmicrodosing\" \/>\n<meta property=\"article:publisher\" content=\"https:\/\/www.facebook.com\/Dutchmicrodosingxp\/\" \/>\n<meta property=\"article:modified_time\" content=\"2025-08-25T10:07:42+00:00\" \/>\n<meta property=\"og:image\" content=\"https:\/\/dutchmicrodosing.com\/wp-content\/uploads\/2024\/04\/Philosophr-Liquid-culture-packaging-_2_.jpg\" \/>\n\t<meta property=\"og:image:width\" content=\"1512\" \/>\n\t<meta property=\"og:image:height\" content=\"1512\" \/>\n\t<meta property=\"og:image:type\" content=\"image\/jpeg\" \/>\n<meta name=\"twitter:card\" content=\"summary_large_image\" \/>\n<script type=\"application\/ld+json\" class=\"yoast-schema-graph\">{\"@context\":\"https:\\\/\\\/schema.org\",\"@graph\":[{\"@type\":\"WebPage\",\"@id\":\"https:\\\/\\\/dutchmicrodosing.com\\\/es\\\/esporas-de-setas-magicas\\\/jeringas-para-cultivo-de-liquidos\\\/jack-frost-liquid-culture-spray\\\/\",\"url\":\"https:\\\/\\\/dutchmicrodosing.com\\\/es\\\/esporas-de-setas-magicas\\\/jeringas-para-cultivo-de-liquidos\\\/jack-frost-liquid-culture-spray\\\/\",\"name\":\"Jeringa de cultivo l\u00edquido Jack Frost - Dutchmicrodosing\",\"isPartOf\":{\"@id\":\"https:\\\/\\\/dutchmicrodosing.com\\\/es\\\/#website\"},\"primaryImageOfPage\":{\"@id\":\"https:\\\/\\\/dutchmicrodosing.com\\\/es\\\/esporas-de-setas-magicas\\\/jeringas-para-cultivo-de-liquidos\\\/jack-frost-liquid-culture-spray\\\/#primaryimage\"},\"image\":{\"@id\":\"https:\\\/\\\/dutchmicrodosing.com\\\/es\\\/esporas-de-setas-magicas\\\/jeringas-para-cultivo-de-liquidos\\\/jack-frost-liquid-culture-spray\\\/#primaryimage\"},\"thumbnailUrl\":\"https:\\\/\\\/dutchmicrodosing.com\\\/wp-content\\\/uploads\\\/2024\\\/04\\\/Philosophr-Liquid-culture-packaging-_2_.jpg\",\"datePublished\":\"2024-04-26T15:41:49+00:00\",\"dateModified\":\"2025-08-25T10:07:42+00:00\",\"description\":\"Jeringa de cultivo l\u00edquido Jack Frost de Mystic Fungi: Cultivo f\u00e1cil de setas Jack Frost para principiantes y expertos. \u00a1Ya disponible aqu\u00ed!\",\"breadcrumb\":{\"@id\":\"https:\\\/\\\/dutchmicrodosing.com\\\/es\\\/esporas-de-setas-magicas\\\/jeringas-para-cultivo-de-liquidos\\\/jack-frost-liquid-culture-spray\\\/#breadcrumb\"},\"inLanguage\":\"es\",\"potentialAction\":[{\"@type\":\"ReadAction\",\"target\":[\"https:\\\/\\\/dutchmicrodosing.com\\\/es\\\/esporas-de-setas-magicas\\\/jeringas-para-cultivo-de-liquidos\\\/jack-frost-liquid-culture-spray\\\/\"]}]},{\"@type\":\"ImageObject\",\"inLanguage\":\"es\",\"@id\":\"https:\\\/\\\/dutchmicrodosing.com\\\/es\\\/esporas-de-setas-magicas\\\/jeringas-para-cultivo-de-liquidos\\\/jack-frost-liquid-culture-spray\\\/#primaryimage\",\"url\":\"https:\\\/\\\/dutchmicrodosing.com\\\/wp-content\\\/uploads\\\/2024\\\/04\\\/Philosophr-Liquid-culture-packaging-_2_.jpg\",\"contentUrl\":\"https:\\\/\\\/dutchmicrodosing.com\\\/wp-content\\\/uploads\\\/2024\\\/04\\\/Philosophr-Liquid-culture-packaging-_2_.jpg\",\"width\":1512,\"height\":1512},{\"@type\":\"BreadcrumbList\",\"@id\":\"https:\\\/\\\/dutchmicrodosing.com\\\/es\\\/esporas-de-setas-magicas\\\/jeringas-para-cultivo-de-liquidos\\\/jack-frost-liquid-culture-spray\\\/#breadcrumb\",\"itemListElement\":[{\"@type\":\"ListItem\",\"position\":1,\"name\":\"Home\",\"item\":\"https:\\\/\\\/dutchmicrodosing.com\\\/es\\\/\"},{\"@type\":\"ListItem\",\"position\":2,\"name\":\"Tienda\",\"item\":\"https:\\\/\\\/dutchmicrodosing.com\\\/es\\\/tienda\\\/\"},{\"@type\":\"ListItem\",\"position\":3,\"name\":\"Jeringa de cultivo l\u00edquido Jack Frost\"}]},{\"@type\":\"WebSite\",\"@id\":\"https:\\\/\\\/dutchmicrodosing.com\\\/es\\\/#website\",\"url\":\"https:\\\/\\\/dutchmicrodosing.com\\\/es\\\/\",\"name\":\"Dutchmicrodosing\",\"description\":\"\",\"publisher\":{\"@id\":\"https:\\\/\\\/dutchmicrodosing.com\\\/es\\\/#organization\"},\"potentialAction\":[{\"@type\":\"SearchAction\",\"target\":{\"@type\":\"EntryPoint\",\"urlTemplate\":\"https:\\\/\\\/dutchmicrodosing.com\\\/es\\\/?s={search_term_string}\"},\"query-input\":{\"@type\":\"PropertyValueSpecification\",\"valueRequired\":true,\"valueName\":\"search_term_string\"}}],\"inLanguage\":\"es\"},{\"@type\":\"Organization\",\"@id\":\"https:\\\/\\\/dutchmicrodosing.com\\\/es\\\/#organization\",\"name\":\"Dutchmicrodosing\",\"url\":\"https:\\\/\\\/dutchmicrodosing.com\\\/es\\\/\",\"logo\":{\"@type\":\"ImageObject\",\"inLanguage\":\"es\",\"@id\":\"https:\\\/\\\/dutchmicrodosing.com\\\/es\\\/#\\\/schema\\\/logo\\\/image\\\/\",\"url\":\"https:\\\/\\\/dutchmicrodosing.com\\\/wp-content\\\/uploads\\\/2021\\\/01\\\/microdosing-categorie-pic-nieuw.jpg\",\"contentUrl\":\"https:\\\/\\\/dutchmicrodosing.com\\\/wp-content\\\/uploads\\\/2021\\\/01\\\/microdosing-categorie-pic-nieuw.jpg\",\"width\":500,\"height\":500,\"caption\":\"Dutchmicrodosing\"},\"image\":{\"@id\":\"https:\\\/\\\/dutchmicrodosing.com\\\/es\\\/#\\\/schema\\\/logo\\\/image\\\/\"},\"sameAs\":[\"https:\\\/\\\/www.facebook.com\\\/Dutchmicrodosingxp\\\/\",\"https:\\\/\\\/www.instagram.com\\\/dutchmicrodosing\\\/\"]}]}<\/script>\n<meta property=\"product:price:amount\" content=\"18.95\" \/>\n<meta property=\"product:price:currency\" content=\"EUR\" \/>\n<meta property=\"og:availability\" content=\"instock\" \/>\n<meta property=\"product:availability\" content=\"instock\" \/>\n<meta property=\"product:retailer_item_id\" content=\"4204561\" \/>\n<meta property=\"product:condition\" content=\"new\" \/>\n<!-- \/ Yoast SEO Premium plugin. -->","yoast_head_json":{"title":"Jeringa de cultivo l\u00edquido Jack Frost - Dutchmicrodosing","description":"Jeringa de cultivo l\u00edquido Jack Frost de Mystic Fungi: Cultivo f\u00e1cil de setas Jack Frost para principiantes y expertos. \u00a1Ya disponible aqu\u00ed!","robots":{"index":"index","follow":"follow","max-snippet":"max-snippet:-1","max-image-preview":"max-image-preview:large","max-video-preview":"max-video-preview:-1"},"canonical":"https:\/\/dutchmicrodosing.com\/es\/esporas-de-setas-magicas\/jeringas-para-cultivo-de-liquidos\/jack-frost-liquid-culture-spray\/","og_locale":"es_ES","og_type":"article","og_title":"Jeringa de cultivo l\u00edquido Jack Frost","og_description":"\u00a1Te presentamos la jeringuilla de cultivo l\u00edquido Psilocybe Cubensis Jack Frost! Es la soluci\u00f3n tanto para principiantes como para cultivadores","og_url":"https:\/\/dutchmicrodosing.com\/es\/esporas-de-setas-magicas\/jeringas-para-cultivo-de-liquidos\/jack-frost-liquid-culture-spray\/","og_site_name":"Dutchmicrodosing","article_publisher":"https:\/\/www.facebook.com\/Dutchmicrodosingxp\/","article_modified_time":"2025-08-25T10:07:42+00:00","og_image":[{"width":1512,"height":1512,"url":"https:\/\/dutchmicrodosing.com\/wp-content\/uploads\/2024\/04\/Philosophr-Liquid-culture-packaging-_2_.jpg","type":"image\/jpeg"}],"twitter_card":"summary_large_image","schema":{"@context":"https:\/\/schema.org","@graph":[{"@type":"WebPage","@id":"https:\/\/dutchmicrodosing.com\/es\/esporas-de-setas-magicas\/jeringas-para-cultivo-de-liquidos\/jack-frost-liquid-culture-spray\/","url":"https:\/\/dutchmicrodosing.com\/es\/esporas-de-setas-magicas\/jeringas-para-cultivo-de-liquidos\/jack-frost-liquid-culture-spray\/","name":"Jeringa de cultivo l\u00edquido Jack Frost - Dutchmicrodosing","isPartOf":{"@id":"https:\/\/dutchmicrodosing.com\/es\/#website"},"primaryImageOfPage":{"@id":"https:\/\/dutchmicrodosing.com\/es\/esporas-de-setas-magicas\/jeringas-para-cultivo-de-liquidos\/jack-frost-liquid-culture-spray\/#primaryimage"},"image":{"@id":"https:\/\/dutchmicrodosing.com\/es\/esporas-de-setas-magicas\/jeringas-para-cultivo-de-liquidos\/jack-frost-liquid-culture-spray\/#primaryimage"},"thumbnailUrl":"https:\/\/dutchmicrodosing.com\/wp-content\/uploads\/2024\/04\/Philosophr-Liquid-culture-packaging-_2_.jpg","datePublished":"2024-04-26T15:41:49+00:00","dateModified":"2025-08-25T10:07:42+00:00","description":"Jeringa de cultivo l\u00edquido Jack Frost de Mystic Fungi: Cultivo f\u00e1cil de setas Jack Frost para principiantes y expertos. \u00a1Ya disponible aqu\u00ed!","breadcrumb":{"@id":"https:\/\/dutchmicrodosing.com\/es\/esporas-de-setas-magicas\/jeringas-para-cultivo-de-liquidos\/jack-frost-liquid-culture-spray\/#breadcrumb"},"inLanguage":"es","potentialAction":[{"@type":"ReadAction","target":["https:\/\/dutchmicrodosing.com\/es\/esporas-de-setas-magicas\/jeringas-para-cultivo-de-liquidos\/jack-frost-liquid-culture-spray\/"]}]},{"@type":"ImageObject","inLanguage":"es","@id":"https:\/\/dutchmicrodosing.com\/es\/esporas-de-setas-magicas\/jeringas-para-cultivo-de-liquidos\/jack-frost-liquid-culture-spray\/#primaryimage","url":"https:\/\/dutchmicrodosing.com\/wp-content\/uploads\/2024\/04\/Philosophr-Liquid-culture-packaging-_2_.jpg","contentUrl":"https:\/\/dutchmicrodosing.com\/wp-content\/uploads\/2024\/04\/Philosophr-Liquid-culture-packaging-_2_.jpg","width":1512,"height":1512},{"@type":"BreadcrumbList","@id":"https:\/\/dutchmicrodosing.com\/es\/esporas-de-setas-magicas\/jeringas-para-cultivo-de-liquidos\/jack-frost-liquid-culture-spray\/#breadcrumb","itemListElement":[{"@type":"ListItem","position":1,"name":"Home","item":"https:\/\/dutchmicrodosing.com\/es\/"},{"@type":"ListItem","position":2,"name":"Tienda","item":"https:\/\/dutchmicrodosing.com\/es\/tienda\/"},{"@type":"ListItem","position":3,"name":"Jeringa de cultivo l\u00edquido Jack Frost"}]},{"@type":"WebSite","@id":"https:\/\/dutchmicrodosing.com\/es\/#website","url":"https:\/\/dutchmicrodosing.com\/es\/","name":"Dutchmicrodosing","description":"","publisher":{"@id":"https:\/\/dutchmicrodosing.com\/es\/#organization"},"potentialAction":[{"@type":"SearchAction","target":{"@type":"EntryPoint","urlTemplate":"https:\/\/dutchmicrodosing.com\/es\/?s={search_term_string}"},"query-input":{"@type":"PropertyValueSpecification","valueRequired":true,"valueName":"search_term_string"}}],"inLanguage":"es"},{"@type":"Organization","@id":"https:\/\/dutchmicrodosing.com\/es\/#organization","name":"Dutchmicrodosing","url":"https:\/\/dutchmicrodosing.com\/es\/","logo":{"@type":"ImageObject","inLanguage":"es","@id":"https:\/\/dutchmicrodosing.com\/es\/#\/schema\/logo\/image\/","url":"https:\/\/dutchmicrodosing.com\/wp-content\/uploads\/2021\/01\/microdosing-categorie-pic-nieuw.jpg","contentUrl":"https:\/\/dutchmicrodosing.com\/wp-content\/uploads\/2021\/01\/microdosing-categorie-pic-nieuw.jpg","width":500,"height":500,"caption":"Dutchmicrodosing"},"image":{"@id":"https:\/\/dutchmicrodosing.com\/es\/#\/schema\/logo\/image\/"},"sameAs":["https:\/\/www.facebook.com\/Dutchmicrodosingxp\/","https:\/\/www.instagram.com\/dutchmicrodosing\/"]}]},"product_price_amount":"18.95","product_price_currency":"EUR","og_availability":"instock","product_availability":"instock","product_retailer_item_id":"4204561","product_condition":"new"},"_links":{"self":[{"href":"https:\/\/dutchmicrodosing.com\/es\/wp-json\/wp\/v2\/product\/39103","targetHints":{"allow":["GET"]}}],"collection":[{"href":"https:\/\/dutchmicrodosing.com\/es\/wp-json\/wp\/v2\/product"}],"about":[{"href":"https:\/\/dutchmicrodosing.com\/es\/wp-json\/wp\/v2\/types\/product"}],"replies":[{"embeddable":true,"href":"https:\/\/dutchmicrodosing.com\/es\/wp-json\/wp\/v2\/comments?post=39103"}],"version-history":[{"count":0,"href":"https:\/\/dutchmicrodosing.com\/es\/wp-json\/wp\/v2\/product\/39103\/revisions"}],"wp:featuredmedia":[{"embeddable":true,"href":"https:\/\/dutchmicrodosing.com\/es\/wp-json\/wp\/v2\/media\/46286"}],"wp:attachment":[{"href":"https:\/\/dutchmicrodosing.com\/es\/wp-json\/wp\/v2\/media?parent=39103"}],"wp:term":[{"taxonomy":"product_brand","embeddable":true,"href":"https:\/\/dutchmicrodosing.com\/es\/wp-json\/wp\/v2\/product_brand?post=39103"},{"taxonomy":"product_cat","embeddable":true,"href":"https:\/\/dutchmicrodosing.com\/es\/wp-json\/wp\/v2\/product_cat?post=39103"},{"taxonomy":"product_tag","embeddable":true,"href":"https:\/\/dutchmicrodosing.com\/es\/wp-json\/wp\/v2\/product_tag?post=39103"}],"curies":[{"name":"wp","href":"https:\/\/api.w.org\/{rel}","templated":true}]}}