{"id":39121,"date":"2024-05-12T10:23:11","date_gmt":"2024-05-12T08:23:11","guid":{"rendered":"https:\/\/dutchmicrodosing.com\/shop\/sin%20categor\u00eda\/botella-golden-teacher-track\/"},"modified":"2025-08-31T09:02:28","modified_gmt":"2025-08-31T07:02:28","slug":"botella-golden-teacher-track","status":"publish","type":"product","link":"https:\/\/dutchmicrodosing.com\/es\/esporas-de-setas-magicas\/viales-de-esporas\/botella-golden-teacher-track\/","title":{"rendered":"Botella Golden Teacher Trace"},"content":{"rendered":"<p>El<strong> frasco Golden Teacher Trace <\/strong>es conocido por su potencia y las profundas experiencias que puede ofrecer. Esta cepa suele ser apreciada por las esclarecedoras percepciones y las potentes alucinaciones visuales que puede inducir. Con su reputaci\u00f3n de transmitir \u00abconocimientos de oro\u00bb, es una elecci\u00f3n popular entre los consumidores experimentados de setas psilocibinas.<\/p>\n<p>Los efectos del Maestro Dorado incluyen experiencias visuales intensas, aumento de la energ\u00eda f\u00edsica y tendencia al pensamiento filos\u00f3fico, que puede conducir a una profunda autorreflexi\u00f3n y perspicacia. Esto la convierte en una opci\u00f3n adecuada para quienes ya tienen experiencia con psicod\u00e9licos y desean explorar m\u00e1s a fondo lo que estas sustancias pueden ofrecer.<\/p>\n<h2>Efectos de la botella Mondo Golden Teacher Trace<\/h2>\n<p>Los efectos de las setas m\u00e1gicas Golden Teacher son: fuertes efectos visuales, aumento de la creatividad, ataques de risa, agudizaci\u00f3n de tus sentidos. Tras la ingesti\u00f3n, los primeros efectos se notar\u00e1n unos 45 minutos despu\u00e9s. Un viaje con las setas m\u00e1gicas Golden Teacher puede durar f\u00e1cilmente entre 4 y 8 horas.<\/p>\n<h2>Informaci\u00f3n sobre el cultivo Frasco de esporas Mondo Golden Teacher<\/h2>\n<ul>\n<li>Dificultad de cultivo: F\u00e1cil<\/li>\n<li>Sustrato: Esti\u00e9rcol, paja, cereales diversos<\/li>\n<li>Tiempo de colonizaci\u00f3n: 12-14 d\u00edas<\/li>\n<li>Temperatura de colonizaci\u00f3n: 28-30 grados Celsius<\/li>\n<li>Temperatura de la fruta: 23-26 grados Celsius<\/li>\n<li>S\u00f3lo se necesitan 3 mililitros de soluci\u00f3n de esporas para colonizar 1 litro de sustrato<\/li>\n<\/ul>\n<h2>\u00bfCu\u00e1ntas setas Golden Teacher debes tomar?<\/h2>\n<p>Por t\u00e9rmino medio, puedes suponer las siguientes cantidades:<\/p>\n<ul>\n<li>Microdosificaci\u00f3n: 0,2 gramos de setas secas | 2 gramos de setas frescas<\/li>\n<li>Viaje suave: 1 gramo de setas secas | 10 gramos de setas frescas<\/li>\n<li>Viaje normal: 2 gramos de setas secas | 20 gramos de setas frescas<\/li>\n<li>Viaje intenso: 3 gramos de setas secas | 30 gramos de setas frescas<\/li>\n<\/ul>\n<h2>C\u00f3mo preparar mi botella Mondo Golden Teacher Trace<\/h2>\n<p>Antes de empezar a inyectar tus esporas, primero debes haber creado un sustrato en una bandeja o bolsa de cultivo donde dejar\u00e1s caer estas esporas. Los viales est\u00e9riles de esporas Mondo son muy f\u00e1ciles de usar.<\/p>\n<ol>\n<li>Ponte guantes y mascarilla bucal<\/li>\n<li>Agita en\u00e9rgicamente el vial de esporas de un lado a otro<\/li>\n<li>Desembala la aguja de inyecci\u00f3n e introduce la aguja a trav\u00e9s de la membrana de goma<\/li>\n<li>Ahora introduce suavemente el l\u00edquido en la jeringa<\/li>\n<li>Incluye el recipiente o la bolsa de cultivo con el sustrato<\/li>\n<li>Despu\u00e9s de llenar la jeringa, presiona lentamente el \u00e9mbolo y deja caer cada gota esparcida sobre el sustrato. El punto donde cae la gota sobre el sustrato es un punto potencial de crecimiento del micelio, dividi\u00e9ndolo optimizar\u00e1s la colonizaci\u00f3n.<\/li>\n<\/ol>\n<h2>Contenido de tu botella Mondo Golden Teacher Trace<\/h2>\n<ul>\n<li>1 vial de esporas contiene varios millones de esporas disueltas en 10 ml de agua est\u00e9ril<\/li>\n<li>1 jeringa est\u00e9ril de 20 ml<\/li>\n<li>2 toallitas con alcohol<\/li>\n<\/ul>\n<h2>C\u00f3mo guardar tu botella Mondo Golden Teacher Trace<\/h2>\n<p>Como se trata de un producto sensible, recomendamos colocar el frasco de esporas en el frigor\u00edfico a una temperatura de entre 2 y 8 grados inmediatamente despu\u00e9s de recibirlo, durante 24 horas antes de utilizarlo.<\/p>\n","protected":false},"excerpt":{"rendered":"<p>El frasco Golden Teacher Trace es conocido por su potencia y las profundas experiencias que puede ofrecer. Esta cepa suele ser apreciada por las esclarecedoras percepciones y las potentes alucinaciones visuales que puede inducir. Con su reputaci\u00f3n de transmitir \u00abconocimientos de oro\u00bb, es una elecci\u00f3n popular entre los consumidores experimentados de setas psilocibinas. Los efectos [&hellip;]<\/p>\n","protected":false},"featured_media":39115,"comment_status":"closed","ping_status":"closed","template":"","meta":[],"product_brand":[],"product_cat":[355],"product_tag":[],"class_list":{"0":"post-39121","1":"product","2":"type-product","3":"status-publish","4":"has-post-thumbnail","6":"product_cat-viales-de-esporas","8":"first","9":"instock","10":"taxable","11":"shipping-taxable","12":"purchasable","13":"product-type-simple"},"yoast_head":"<!-- This site is optimized with the Yoast SEO Premium plugin v26.4 (Yoast SEO v27.4) - https:\/\/yoast.com\/product\/yoast-seo-premium-wordpress\/ -->\n<title>Botella Golden Teacher Trace - Dutchmicrodosing<\/title>\n<meta name=\"description\" content=\"Descubre la magia de las Setas Maestras de Oro. \u00a1Perfecto para cultivadores caseros que buscan esporas de hongos psilocibios de alta calidad!\" \/>\n<meta name=\"robots\" content=\"index, follow, max-snippet:-1, max-image-preview:large, max-video-preview:-1\" \/>\n<link rel=\"canonical\" href=\"https:\/\/dutchmicrodosing.com\/es\/esporas-de-setas-magicas\/viales-de-esporas\/botella-golden-teacher-track\/\" \/>\n<meta property=\"og:locale\" content=\"es_ES\" \/>\n<meta property=\"og:type\" content=\"article\" \/>\n<meta property=\"og:title\" content=\"Botella Golden Teacher Trace\" \/>\n<meta property=\"og:description\" content=\"El frasco Golden Teacher Trace es conocido por su potencia y las profundas experiencias que puede ofrecer. Esta cepa suele ser apreciada por las\" \/>\n<meta property=\"og:url\" content=\"https:\/\/dutchmicrodosing.com\/es\/esporas-de-setas-magicas\/viales-de-esporas\/botella-golden-teacher-track\/\" \/>\n<meta property=\"og:site_name\" content=\"Dutchmicrodosing\" \/>\n<meta property=\"article:publisher\" content=\"https:\/\/www.facebook.com\/Dutchmicrodosingxp\/\" \/>\n<meta property=\"article:modified_time\" content=\"2025-08-31T07:02:28+00:00\" \/>\n<meta property=\"og:image\" content=\"https:\/\/dutchmicrodosing.com\/wp-content\/uploads\/2024\/05\/sporemate-mondo-vial-psilocybe-cubensis-golden-teacher.jpg\" \/>\n\t<meta property=\"og:image:width\" content=\"600\" \/>\n\t<meta property=\"og:image:height\" content=\"600\" \/>\n\t<meta property=\"og:image:type\" content=\"image\/jpeg\" \/>\n<meta name=\"twitter:card\" content=\"summary_large_image\" \/>\n<script type=\"application\/ld+json\" class=\"yoast-schema-graph\">{\"@context\":\"https:\\\/\\\/schema.org\",\"@graph\":[{\"@type\":\"WebPage\",\"@id\":\"https:\\\/\\\/dutchmicrodosing.com\\\/es\\\/esporas-de-setas-magicas\\\/viales-de-esporas\\\/botella-golden-teacher-track\\\/\",\"url\":\"https:\\\/\\\/dutchmicrodosing.com\\\/es\\\/esporas-de-setas-magicas\\\/viales-de-esporas\\\/botella-golden-teacher-track\\\/\",\"name\":\"Botella Golden Teacher Trace - Dutchmicrodosing\",\"isPartOf\":{\"@id\":\"https:\\\/\\\/dutchmicrodosing.com\\\/es\\\/#website\"},\"primaryImageOfPage\":{\"@id\":\"https:\\\/\\\/dutchmicrodosing.com\\\/es\\\/esporas-de-setas-magicas\\\/viales-de-esporas\\\/botella-golden-teacher-track\\\/#primaryimage\"},\"image\":{\"@id\":\"https:\\\/\\\/dutchmicrodosing.com\\\/es\\\/esporas-de-setas-magicas\\\/viales-de-esporas\\\/botella-golden-teacher-track\\\/#primaryimage\"},\"thumbnailUrl\":\"https:\\\/\\\/dutchmicrodosing.com\\\/wp-content\\\/uploads\\\/2024\\\/05\\\/sporemate-mondo-vial-psilocybe-cubensis-golden-teacher.jpg\",\"datePublished\":\"2024-05-12T08:23:11+00:00\",\"dateModified\":\"2025-08-31T07:02:28+00:00\",\"description\":\"Descubre la magia de las Setas Maestras de Oro. \u00a1Perfecto para cultivadores caseros que buscan esporas de hongos psilocibios de alta calidad!\",\"breadcrumb\":{\"@id\":\"https:\\\/\\\/dutchmicrodosing.com\\\/es\\\/esporas-de-setas-magicas\\\/viales-de-esporas\\\/botella-golden-teacher-track\\\/#breadcrumb\"},\"inLanguage\":\"es\",\"potentialAction\":[{\"@type\":\"ReadAction\",\"target\":[\"https:\\\/\\\/dutchmicrodosing.com\\\/es\\\/esporas-de-setas-magicas\\\/viales-de-esporas\\\/botella-golden-teacher-track\\\/\"]}]},{\"@type\":\"ImageObject\",\"inLanguage\":\"es\",\"@id\":\"https:\\\/\\\/dutchmicrodosing.com\\\/es\\\/esporas-de-setas-magicas\\\/viales-de-esporas\\\/botella-golden-teacher-track\\\/#primaryimage\",\"url\":\"https:\\\/\\\/dutchmicrodosing.com\\\/wp-content\\\/uploads\\\/2024\\\/05\\\/sporemate-mondo-vial-psilocybe-cubensis-golden-teacher.jpg\",\"contentUrl\":\"https:\\\/\\\/dutchmicrodosing.com\\\/wp-content\\\/uploads\\\/2024\\\/05\\\/sporemate-mondo-vial-psilocybe-cubensis-golden-teacher.jpg\",\"width\":600,\"height\":600},{\"@type\":\"BreadcrumbList\",\"@id\":\"https:\\\/\\\/dutchmicrodosing.com\\\/es\\\/esporas-de-setas-magicas\\\/viales-de-esporas\\\/botella-golden-teacher-track\\\/#breadcrumb\",\"itemListElement\":[{\"@type\":\"ListItem\",\"position\":1,\"name\":\"Home\",\"item\":\"https:\\\/\\\/dutchmicrodosing.com\\\/es\\\/\"},{\"@type\":\"ListItem\",\"position\":2,\"name\":\"Tienda\",\"item\":\"https:\\\/\\\/dutchmicrodosing.com\\\/es\\\/tienda\\\/\"},{\"@type\":\"ListItem\",\"position\":3,\"name\":\"Botella Golden Teacher Trace\"}]},{\"@type\":\"WebSite\",\"@id\":\"https:\\\/\\\/dutchmicrodosing.com\\\/es\\\/#website\",\"url\":\"https:\\\/\\\/dutchmicrodosing.com\\\/es\\\/\",\"name\":\"Dutchmicrodosing\",\"description\":\"\",\"publisher\":{\"@id\":\"https:\\\/\\\/dutchmicrodosing.com\\\/es\\\/#organization\"},\"potentialAction\":[{\"@type\":\"SearchAction\",\"target\":{\"@type\":\"EntryPoint\",\"urlTemplate\":\"https:\\\/\\\/dutchmicrodosing.com\\\/es\\\/?s={search_term_string}\"},\"query-input\":{\"@type\":\"PropertyValueSpecification\",\"valueRequired\":true,\"valueName\":\"search_term_string\"}}],\"inLanguage\":\"es\"},{\"@type\":\"Organization\",\"@id\":\"https:\\\/\\\/dutchmicrodosing.com\\\/es\\\/#organization\",\"name\":\"Dutchmicrodosing\",\"url\":\"https:\\\/\\\/dutchmicrodosing.com\\\/es\\\/\",\"logo\":{\"@type\":\"ImageObject\",\"inLanguage\":\"es\",\"@id\":\"https:\\\/\\\/dutchmicrodosing.com\\\/es\\\/#\\\/schema\\\/logo\\\/image\\\/\",\"url\":\"https:\\\/\\\/dutchmicrodosing.com\\\/wp-content\\\/uploads\\\/2021\\\/01\\\/microdosing-categorie-pic-nieuw.jpg\",\"contentUrl\":\"https:\\\/\\\/dutchmicrodosing.com\\\/wp-content\\\/uploads\\\/2021\\\/01\\\/microdosing-categorie-pic-nieuw.jpg\",\"width\":500,\"height\":500,\"caption\":\"Dutchmicrodosing\"},\"image\":{\"@id\":\"https:\\\/\\\/dutchmicrodosing.com\\\/es\\\/#\\\/schema\\\/logo\\\/image\\\/\"},\"sameAs\":[\"https:\\\/\\\/www.facebook.com\\\/Dutchmicrodosingxp\\\/\",\"https:\\\/\\\/www.instagram.com\\\/dutchmicrodosing\\\/\"]}]}<\/script>\n<meta property=\"product:price:amount\" content=\"17.95\" \/>\n<meta property=\"product:price:currency\" content=\"EUR\" \/>\n<meta property=\"og:availability\" content=\"instock\" \/>\n<meta property=\"product:availability\" content=\"instock\" \/>\n<meta property=\"product:retailer_item_id\" content=\"0212786\" \/>\n<meta property=\"product:condition\" content=\"new\" \/>\n<!-- \/ Yoast SEO Premium plugin. -->","yoast_head_json":{"title":"Botella Golden Teacher Trace - Dutchmicrodosing","description":"Descubre la magia de las Setas Maestras de Oro. \u00a1Perfecto para cultivadores caseros que buscan esporas de hongos psilocibios de alta calidad!","robots":{"index":"index","follow":"follow","max-snippet":"max-snippet:-1","max-image-preview":"max-image-preview:large","max-video-preview":"max-video-preview:-1"},"canonical":"https:\/\/dutchmicrodosing.com\/es\/esporas-de-setas-magicas\/viales-de-esporas\/botella-golden-teacher-track\/","og_locale":"es_ES","og_type":"article","og_title":"Botella Golden Teacher Trace","og_description":"El frasco Golden Teacher Trace es conocido por su potencia y las profundas experiencias que puede ofrecer. Esta cepa suele ser apreciada por las","og_url":"https:\/\/dutchmicrodosing.com\/es\/esporas-de-setas-magicas\/viales-de-esporas\/botella-golden-teacher-track\/","og_site_name":"Dutchmicrodosing","article_publisher":"https:\/\/www.facebook.com\/Dutchmicrodosingxp\/","article_modified_time":"2025-08-31T07:02:28+00:00","og_image":[{"width":600,"height":600,"url":"https:\/\/dutchmicrodosing.com\/wp-content\/uploads\/2024\/05\/sporemate-mondo-vial-psilocybe-cubensis-golden-teacher.jpg","type":"image\/jpeg"}],"twitter_card":"summary_large_image","schema":{"@context":"https:\/\/schema.org","@graph":[{"@type":"WebPage","@id":"https:\/\/dutchmicrodosing.com\/es\/esporas-de-setas-magicas\/viales-de-esporas\/botella-golden-teacher-track\/","url":"https:\/\/dutchmicrodosing.com\/es\/esporas-de-setas-magicas\/viales-de-esporas\/botella-golden-teacher-track\/","name":"Botella Golden Teacher Trace - Dutchmicrodosing","isPartOf":{"@id":"https:\/\/dutchmicrodosing.com\/es\/#website"},"primaryImageOfPage":{"@id":"https:\/\/dutchmicrodosing.com\/es\/esporas-de-setas-magicas\/viales-de-esporas\/botella-golden-teacher-track\/#primaryimage"},"image":{"@id":"https:\/\/dutchmicrodosing.com\/es\/esporas-de-setas-magicas\/viales-de-esporas\/botella-golden-teacher-track\/#primaryimage"},"thumbnailUrl":"https:\/\/dutchmicrodosing.com\/wp-content\/uploads\/2024\/05\/sporemate-mondo-vial-psilocybe-cubensis-golden-teacher.jpg","datePublished":"2024-05-12T08:23:11+00:00","dateModified":"2025-08-31T07:02:28+00:00","description":"Descubre la magia de las Setas Maestras de Oro. \u00a1Perfecto para cultivadores caseros que buscan esporas de hongos psilocibios de alta calidad!","breadcrumb":{"@id":"https:\/\/dutchmicrodosing.com\/es\/esporas-de-setas-magicas\/viales-de-esporas\/botella-golden-teacher-track\/#breadcrumb"},"inLanguage":"es","potentialAction":[{"@type":"ReadAction","target":["https:\/\/dutchmicrodosing.com\/es\/esporas-de-setas-magicas\/viales-de-esporas\/botella-golden-teacher-track\/"]}]},{"@type":"ImageObject","inLanguage":"es","@id":"https:\/\/dutchmicrodosing.com\/es\/esporas-de-setas-magicas\/viales-de-esporas\/botella-golden-teacher-track\/#primaryimage","url":"https:\/\/dutchmicrodosing.com\/wp-content\/uploads\/2024\/05\/sporemate-mondo-vial-psilocybe-cubensis-golden-teacher.jpg","contentUrl":"https:\/\/dutchmicrodosing.com\/wp-content\/uploads\/2024\/05\/sporemate-mondo-vial-psilocybe-cubensis-golden-teacher.jpg","width":600,"height":600},{"@type":"BreadcrumbList","@id":"https:\/\/dutchmicrodosing.com\/es\/esporas-de-setas-magicas\/viales-de-esporas\/botella-golden-teacher-track\/#breadcrumb","itemListElement":[{"@type":"ListItem","position":1,"name":"Home","item":"https:\/\/dutchmicrodosing.com\/es\/"},{"@type":"ListItem","position":2,"name":"Tienda","item":"https:\/\/dutchmicrodosing.com\/es\/tienda\/"},{"@type":"ListItem","position":3,"name":"Botella Golden Teacher Trace"}]},{"@type":"WebSite","@id":"https:\/\/dutchmicrodosing.com\/es\/#website","url":"https:\/\/dutchmicrodosing.com\/es\/","name":"Dutchmicrodosing","description":"","publisher":{"@id":"https:\/\/dutchmicrodosing.com\/es\/#organization"},"potentialAction":[{"@type":"SearchAction","target":{"@type":"EntryPoint","urlTemplate":"https:\/\/dutchmicrodosing.com\/es\/?s={search_term_string}"},"query-input":{"@type":"PropertyValueSpecification","valueRequired":true,"valueName":"search_term_string"}}],"inLanguage":"es"},{"@type":"Organization","@id":"https:\/\/dutchmicrodosing.com\/es\/#organization","name":"Dutchmicrodosing","url":"https:\/\/dutchmicrodosing.com\/es\/","logo":{"@type":"ImageObject","inLanguage":"es","@id":"https:\/\/dutchmicrodosing.com\/es\/#\/schema\/logo\/image\/","url":"https:\/\/dutchmicrodosing.com\/wp-content\/uploads\/2021\/01\/microdosing-categorie-pic-nieuw.jpg","contentUrl":"https:\/\/dutchmicrodosing.com\/wp-content\/uploads\/2021\/01\/microdosing-categorie-pic-nieuw.jpg","width":500,"height":500,"caption":"Dutchmicrodosing"},"image":{"@id":"https:\/\/dutchmicrodosing.com\/es\/#\/schema\/logo\/image\/"},"sameAs":["https:\/\/www.facebook.com\/Dutchmicrodosingxp\/","https:\/\/www.instagram.com\/dutchmicrodosing\/"]}]},"product_price_amount":"17.95","product_price_currency":"EUR","og_availability":"instock","product_availability":"instock","product_retailer_item_id":"0212786","product_condition":"new"},"_links":{"self":[{"href":"https:\/\/dutchmicrodosing.com\/es\/wp-json\/wp\/v2\/product\/39121","targetHints":{"allow":["GET"]}}],"collection":[{"href":"https:\/\/dutchmicrodosing.com\/es\/wp-json\/wp\/v2\/product"}],"about":[{"href":"https:\/\/dutchmicrodosing.com\/es\/wp-json\/wp\/v2\/types\/product"}],"replies":[{"embeddable":true,"href":"https:\/\/dutchmicrodosing.com\/es\/wp-json\/wp\/v2\/comments?post=39121"}],"version-history":[{"count":0,"href":"https:\/\/dutchmicrodosing.com\/es\/wp-json\/wp\/v2\/product\/39121\/revisions"}],"wp:featuredmedia":[{"embeddable":true,"href":"https:\/\/dutchmicrodosing.com\/es\/wp-json\/wp\/v2\/media\/39115"}],"wp:attachment":[{"href":"https:\/\/dutchmicrodosing.com\/es\/wp-json\/wp\/v2\/media?parent=39121"}],"wp:term":[{"taxonomy":"product_brand","embeddable":true,"href":"https:\/\/dutchmicrodosing.com\/es\/wp-json\/wp\/v2\/product_brand?post=39121"},{"taxonomy":"product_cat","embeddable":true,"href":"https:\/\/dutchmicrodosing.com\/es\/wp-json\/wp\/v2\/product_cat?post=39121"},{"taxonomy":"product_tag","embeddable":true,"href":"https:\/\/dutchmicrodosing.com\/es\/wp-json\/wp\/v2\/product_tag?post=39121"}],"curies":[{"name":"wp","href":"https:\/\/api.w.org\/{rel}","templated":true}]}}