{"id":39133,"date":"2024-05-12T10:45:21","date_gmt":"2024-05-12T08:45:21","guid":{"rendered":"https:\/\/dutchmicrodosing.com\/shop\/sin%20categor\u00eda\/mondo-pes-amazonia-esporas-botella\/"},"modified":"2025-08-25T07:56:11","modified_gmt":"2025-08-25T05:56:11","slug":"mondo-pes-amazonia-esporas-botella","status":"publish","type":"product","link":"https:\/\/dutchmicrodosing.com\/es\/esporas-de-setas-magicas\/viales-de-esporas\/mondo-pes-amazonia-esporas-botella\/","title":{"rendered":"Botella PES Rastro Amaz\u00f3nico"},"content":{"rendered":"<p>Conocida a menudo como una de las cepas m\u00e1s alegres y euf\u00f3ricas de la familia Psilocybe cubensis, la <strong>PES Amazonian Spore Bottle<\/strong> tiene sus or\u00edgenes en la regi\u00f3n amaz\u00f3nica, concretamente en Brasil y Colombia. Esta especie es conocida por su capacidad de producir grandes cuerpos fruct\u00edferos en condiciones clim\u00e1ticas adecuadas, con impresionantes longitudes de 15 a 30 cm.<\/p>\n<p>El consumo de las setas m\u00e1gicas amaz\u00f3nicas PES suele asociarse a experiencias intensas de felicidad e hilaridad, en las que los consumidores pueden re\u00edr a carcajadas y percibir objetos que adoptan formas extra\u00f1as. Los efectos iniciales tras el consumo incluyen una fuerte euforia, seguida de un \u00absubid\u00f3n\u00bb relajado y placentero. Esta combinaci\u00f3n de euforia y relajaci\u00f3n hace que la PES Amaz\u00f3nica sea una elecci\u00f3n popular tanto para uso recreativo como terap\u00e9utico, especialmente entre quienes buscan una experiencia psicod\u00e9lica positiva y desenfadada.<\/p>\n<h2>Efectos de la botella Mondo PES Rastro Amaz\u00f3nico<\/h2>\n<p>Los efectos de las setas amaz\u00f3nicas PES son: medior visuales, creativos y fuertemente filos\u00f3ficos. Tras la ingesti\u00f3n, los primeros efectos se notar\u00e1n unos 45 minutos despu\u00e9s. Un viaje con setas m\u00e1gicas amaz\u00f3nicas PES puede durar f\u00e1cilmente entre 4 y 7 horas.<\/p>\n<h2>Informaci\u00f3n sobre el cultivo Frasco de esporas amaz\u00f3nicas Mondo PES<\/h2>\n<ul>\n<li>Dificultad de cultivo: F\u00e1cil<\/li>\n<li>Sustrato: Esti\u00e9rcol, paja, cereales diversos<\/li>\n<li>Tiempo de colonizaci\u00f3n: 10-12 d\u00edas<\/li>\n<li>Temperatura de colonizaci\u00f3n: 28-30 grados Celsius<\/li>\n<li>Temperatura de la fruta: 23-27 grados Celsius<\/li>\n<li>3 ml de soluci\u00f3n son suficientes para inocular 1 litro de sustrato<\/li>\n<\/ul>\n<h2>\u00bfCu\u00e1ntas Setas Amaz\u00f3nicas PES debes tomar?<\/h2>\n<p>Por t\u00e9rmino medio, puedes suponer las siguientes cantidades:<\/p>\n<ul>\n<li>Microdosificaci\u00f3n: 0,2 gramos de setas secas | 2 gramos de setas frescas<\/li>\n<li>Viaje suave: 1 gramo de setas secas | 10 gramos de setas frescas<\/li>\n<li>Viaje normal: 2 gramos de setas secas | 20 gramos de setas frescas<\/li>\n<li>Viaje intenso: 3,5 gramos de setas secas | 35 gramos de setas frescas<\/li>\n<\/ul>\n<h2>C\u00f3mo preparar mi botella de Mondo PES Rastro Amaz\u00f3nico<\/h2>\n<p>Antes de empezar a inyectar tus esporas, primero debes haber preparado un sustrato en una bandeja o bolsa de cultivo donde vayas a dejar caer estas esporas. Los viales est\u00e9riles de esporas Mondo son muy f\u00e1ciles de usar.<\/p>\n<ol>\n<li>Ponte guantes y mascarilla bucal<\/li>\n<li>Agita en\u00e9rgicamente el vial de esporas de un lado a otro<\/li>\n<li>Desembala la aguja de inyecci\u00f3n e introduce la aguja a trav\u00e9s de la membrana de goma<\/li>\n<li>Ahora introduce suavemente el l\u00edquido en la jeringa<\/li>\n<li>Incluye el recipiente o la bolsa de cultivo con el sustrato<\/li>\n<li>Despu\u00e9s de llenar la jeringa, presiona lentamente el \u00e9mbolo y deja caer cada gota esparcida sobre el sustrato. El punto donde cae la gota sobre el sustrato es un punto potencial de crecimiento del micelio, dividi\u00e9ndolo optimizar\u00e1s la colonizaci\u00f3n.<\/li>\n<\/ol>\n<h2>Contenido de tu botella de Mondo PES Rastro Amaz\u00f3nico<\/h2>\n<ul>\n<li>1 frasco de esporas contiene varios millones de esporas disueltas en 10 ml de agua est\u00e9ril<\/li>\n<li>1 jeringa est\u00e9ril de 20 ml<\/li>\n<li>2 toallitas con alcohol<\/li>\n<\/ul>\n<h2>C\u00f3mo guardar tu botella de Mondo PES Rastro Amaz\u00f3nico<\/h2>\n<p>Como se trata de un producto sensible, recomendamos colocar el frasco de esporas en el frigor\u00edfico a una temperatura de entre 2 y 8 grados inmediatamente despu\u00e9s de recibirlo, durante 24 horas antes de utilizarlo.<\/p>\n","protected":false},"excerpt":{"rendered":"<p>Conocida a menudo como una de las cepas m\u00e1s alegres y euf\u00f3ricas de la familia Psilocybe cubensis, la PES Amazonian Spore Bottle tiene sus or\u00edgenes en la regi\u00f3n amaz\u00f3nica, concretamente en Brasil y Colombia. Esta especie es conocida por su capacidad de producir grandes cuerpos fruct\u00edferos en condiciones clim\u00e1ticas adecuadas, con impresionantes longitudes de 15 [&hellip;]<\/p>\n","protected":false},"featured_media":39115,"comment_status":"closed","ping_status":"closed","template":"","meta":[],"product_brand":[],"product_cat":[355],"product_tag":[],"class_list":{"0":"post-39133","1":"product","2":"type-product","3":"status-publish","4":"has-post-thumbnail","6":"product_cat-viales-de-esporas","8":"first","9":"instock","10":"taxable","11":"shipping-taxable","12":"purchasable","13":"product-type-simple"},"yoast_head":"<!-- This site is optimized with the Yoast SEO Premium plugin v26.4 (Yoast SEO v27.4) - https:\/\/yoast.com\/product\/yoast-seo-premium-wordpress\/ -->\n<title>Botella PES Rastro Amaz\u00f3nico - Dutchmicrodosing<\/title>\n<meta name=\"description\" content=\"Esporas de alta calidad para cultivar setas potentes y robustas. \u00a1Perfecto tanto para cultivadores principiantes como experimentados que buscan resultados!\" \/>\n<meta name=\"robots\" content=\"index, follow, max-snippet:-1, max-image-preview:large, max-video-preview:-1\" \/>\n<link rel=\"canonical\" href=\"https:\/\/dutchmicrodosing.com\/es\/esporas-de-setas-magicas\/viales-de-esporas\/mondo-pes-amazonia-esporas-botella\/\" \/>\n<meta property=\"og:locale\" content=\"es_ES\" \/>\n<meta property=\"og:type\" content=\"article\" \/>\n<meta property=\"og:title\" content=\"Botella PES Rastro Amaz\u00f3nico\" \/>\n<meta property=\"og:description\" content=\"Conocida a menudo como una de las cepas m\u00e1s alegres y euf\u00f3ricas de la familia Psilocybe cubensis, la PES Amazonian Spore Bottle tiene sus or\u00edgenes en la\" \/>\n<meta property=\"og:url\" content=\"https:\/\/dutchmicrodosing.com\/es\/esporas-de-setas-magicas\/viales-de-esporas\/mondo-pes-amazonia-esporas-botella\/\" \/>\n<meta property=\"og:site_name\" content=\"Dutchmicrodosing\" \/>\n<meta property=\"article:publisher\" content=\"https:\/\/www.facebook.com\/Dutchmicrodosingxp\/\" \/>\n<meta property=\"article:modified_time\" content=\"2025-08-25T05:56:11+00:00\" \/>\n<meta property=\"og:image\" content=\"https:\/\/dutchmicrodosing.com\/wp-content\/uploads\/2024\/05\/sporemate-mondo-vial-psilocybe-cubensis-golden-teacher.jpg\" \/>\n\t<meta property=\"og:image:width\" content=\"600\" \/>\n\t<meta property=\"og:image:height\" content=\"600\" \/>\n\t<meta property=\"og:image:type\" content=\"image\/jpeg\" \/>\n<meta name=\"twitter:card\" content=\"summary_large_image\" \/>\n<script type=\"application\/ld+json\" class=\"yoast-schema-graph\">{\"@context\":\"https:\\\/\\\/schema.org\",\"@graph\":[{\"@type\":\"WebPage\",\"@id\":\"https:\\\/\\\/dutchmicrodosing.com\\\/es\\\/esporas-de-setas-magicas\\\/viales-de-esporas\\\/mondo-pes-amazonia-esporas-botella\\\/\",\"url\":\"https:\\\/\\\/dutchmicrodosing.com\\\/es\\\/esporas-de-setas-magicas\\\/viales-de-esporas\\\/mondo-pes-amazonia-esporas-botella\\\/\",\"name\":\"Botella PES Rastro Amaz\u00f3nico - Dutchmicrodosing\",\"isPartOf\":{\"@id\":\"https:\\\/\\\/dutchmicrodosing.com\\\/es\\\/#website\"},\"primaryImageOfPage\":{\"@id\":\"https:\\\/\\\/dutchmicrodosing.com\\\/es\\\/esporas-de-setas-magicas\\\/viales-de-esporas\\\/mondo-pes-amazonia-esporas-botella\\\/#primaryimage\"},\"image\":{\"@id\":\"https:\\\/\\\/dutchmicrodosing.com\\\/es\\\/esporas-de-setas-magicas\\\/viales-de-esporas\\\/mondo-pes-amazonia-esporas-botella\\\/#primaryimage\"},\"thumbnailUrl\":\"https:\\\/\\\/dutchmicrodosing.com\\\/wp-content\\\/uploads\\\/2024\\\/05\\\/sporemate-mondo-vial-psilocybe-cubensis-golden-teacher.jpg\",\"datePublished\":\"2024-05-12T08:45:21+00:00\",\"dateModified\":\"2025-08-25T05:56:11+00:00\",\"description\":\"Esporas de alta calidad para cultivar setas potentes y robustas. \u00a1Perfecto tanto para cultivadores principiantes como experimentados que buscan resultados!\",\"breadcrumb\":{\"@id\":\"https:\\\/\\\/dutchmicrodosing.com\\\/es\\\/esporas-de-setas-magicas\\\/viales-de-esporas\\\/mondo-pes-amazonia-esporas-botella\\\/#breadcrumb\"},\"inLanguage\":\"es\",\"potentialAction\":[{\"@type\":\"ReadAction\",\"target\":[\"https:\\\/\\\/dutchmicrodosing.com\\\/es\\\/esporas-de-setas-magicas\\\/viales-de-esporas\\\/mondo-pes-amazonia-esporas-botella\\\/\"]}]},{\"@type\":\"ImageObject\",\"inLanguage\":\"es\",\"@id\":\"https:\\\/\\\/dutchmicrodosing.com\\\/es\\\/esporas-de-setas-magicas\\\/viales-de-esporas\\\/mondo-pes-amazonia-esporas-botella\\\/#primaryimage\",\"url\":\"https:\\\/\\\/dutchmicrodosing.com\\\/wp-content\\\/uploads\\\/2024\\\/05\\\/sporemate-mondo-vial-psilocybe-cubensis-golden-teacher.jpg\",\"contentUrl\":\"https:\\\/\\\/dutchmicrodosing.com\\\/wp-content\\\/uploads\\\/2024\\\/05\\\/sporemate-mondo-vial-psilocybe-cubensis-golden-teacher.jpg\",\"width\":600,\"height\":600},{\"@type\":\"BreadcrumbList\",\"@id\":\"https:\\\/\\\/dutchmicrodosing.com\\\/es\\\/esporas-de-setas-magicas\\\/viales-de-esporas\\\/mondo-pes-amazonia-esporas-botella\\\/#breadcrumb\",\"itemListElement\":[{\"@type\":\"ListItem\",\"position\":1,\"name\":\"Home\",\"item\":\"https:\\\/\\\/dutchmicrodosing.com\\\/es\\\/\"},{\"@type\":\"ListItem\",\"position\":2,\"name\":\"Tienda\",\"item\":\"https:\\\/\\\/dutchmicrodosing.com\\\/es\\\/tienda\\\/\"},{\"@type\":\"ListItem\",\"position\":3,\"name\":\"Botella PES Rastro Amaz\u00f3nico\"}]},{\"@type\":\"WebSite\",\"@id\":\"https:\\\/\\\/dutchmicrodosing.com\\\/es\\\/#website\",\"url\":\"https:\\\/\\\/dutchmicrodosing.com\\\/es\\\/\",\"name\":\"Dutchmicrodosing\",\"description\":\"\",\"publisher\":{\"@id\":\"https:\\\/\\\/dutchmicrodosing.com\\\/es\\\/#organization\"},\"potentialAction\":[{\"@type\":\"SearchAction\",\"target\":{\"@type\":\"EntryPoint\",\"urlTemplate\":\"https:\\\/\\\/dutchmicrodosing.com\\\/es\\\/?s={search_term_string}\"},\"query-input\":{\"@type\":\"PropertyValueSpecification\",\"valueRequired\":true,\"valueName\":\"search_term_string\"}}],\"inLanguage\":\"es\"},{\"@type\":\"Organization\",\"@id\":\"https:\\\/\\\/dutchmicrodosing.com\\\/es\\\/#organization\",\"name\":\"Dutchmicrodosing\",\"url\":\"https:\\\/\\\/dutchmicrodosing.com\\\/es\\\/\",\"logo\":{\"@type\":\"ImageObject\",\"inLanguage\":\"es\",\"@id\":\"https:\\\/\\\/dutchmicrodosing.com\\\/es\\\/#\\\/schema\\\/logo\\\/image\\\/\",\"url\":\"https:\\\/\\\/dutchmicrodosing.com\\\/wp-content\\\/uploads\\\/2021\\\/01\\\/microdosing-categorie-pic-nieuw.jpg\",\"contentUrl\":\"https:\\\/\\\/dutchmicrodosing.com\\\/wp-content\\\/uploads\\\/2021\\\/01\\\/microdosing-categorie-pic-nieuw.jpg\",\"width\":500,\"height\":500,\"caption\":\"Dutchmicrodosing\"},\"image\":{\"@id\":\"https:\\\/\\\/dutchmicrodosing.com\\\/es\\\/#\\\/schema\\\/logo\\\/image\\\/\"},\"sameAs\":[\"https:\\\/\\\/www.facebook.com\\\/Dutchmicrodosingxp\\\/\",\"https:\\\/\\\/www.instagram.com\\\/dutchmicrodosing\\\/\"]}]}<\/script>\n<meta property=\"product:price:amount\" content=\"17.95\" \/>\n<meta property=\"product:price:currency\" content=\"EUR\" \/>\n<meta property=\"og:availability\" content=\"instock\" \/>\n<meta property=\"product:availability\" content=\"instock\" \/>\n<meta property=\"product:retailer_item_id\" content=\"0212218\" \/>\n<meta property=\"product:condition\" content=\"new\" \/>\n<!-- \/ Yoast SEO Premium plugin. -->","yoast_head_json":{"title":"Botella PES Rastro Amaz\u00f3nico - Dutchmicrodosing","description":"Esporas de alta calidad para cultivar setas potentes y robustas. \u00a1Perfecto tanto para cultivadores principiantes como experimentados que buscan resultados!","robots":{"index":"index","follow":"follow","max-snippet":"max-snippet:-1","max-image-preview":"max-image-preview:large","max-video-preview":"max-video-preview:-1"},"canonical":"https:\/\/dutchmicrodosing.com\/es\/esporas-de-setas-magicas\/viales-de-esporas\/mondo-pes-amazonia-esporas-botella\/","og_locale":"es_ES","og_type":"article","og_title":"Botella PES Rastro Amaz\u00f3nico","og_description":"Conocida a menudo como una de las cepas m\u00e1s alegres y euf\u00f3ricas de la familia Psilocybe cubensis, la PES Amazonian Spore Bottle tiene sus or\u00edgenes en la","og_url":"https:\/\/dutchmicrodosing.com\/es\/esporas-de-setas-magicas\/viales-de-esporas\/mondo-pes-amazonia-esporas-botella\/","og_site_name":"Dutchmicrodosing","article_publisher":"https:\/\/www.facebook.com\/Dutchmicrodosingxp\/","article_modified_time":"2025-08-25T05:56:11+00:00","og_image":[{"width":600,"height":600,"url":"https:\/\/dutchmicrodosing.com\/wp-content\/uploads\/2024\/05\/sporemate-mondo-vial-psilocybe-cubensis-golden-teacher.jpg","type":"image\/jpeg"}],"twitter_card":"summary_large_image","schema":{"@context":"https:\/\/schema.org","@graph":[{"@type":"WebPage","@id":"https:\/\/dutchmicrodosing.com\/es\/esporas-de-setas-magicas\/viales-de-esporas\/mondo-pes-amazonia-esporas-botella\/","url":"https:\/\/dutchmicrodosing.com\/es\/esporas-de-setas-magicas\/viales-de-esporas\/mondo-pes-amazonia-esporas-botella\/","name":"Botella PES Rastro Amaz\u00f3nico - Dutchmicrodosing","isPartOf":{"@id":"https:\/\/dutchmicrodosing.com\/es\/#website"},"primaryImageOfPage":{"@id":"https:\/\/dutchmicrodosing.com\/es\/esporas-de-setas-magicas\/viales-de-esporas\/mondo-pes-amazonia-esporas-botella\/#primaryimage"},"image":{"@id":"https:\/\/dutchmicrodosing.com\/es\/esporas-de-setas-magicas\/viales-de-esporas\/mondo-pes-amazonia-esporas-botella\/#primaryimage"},"thumbnailUrl":"https:\/\/dutchmicrodosing.com\/wp-content\/uploads\/2024\/05\/sporemate-mondo-vial-psilocybe-cubensis-golden-teacher.jpg","datePublished":"2024-05-12T08:45:21+00:00","dateModified":"2025-08-25T05:56:11+00:00","description":"Esporas de alta calidad para cultivar setas potentes y robustas. \u00a1Perfecto tanto para cultivadores principiantes como experimentados que buscan resultados!","breadcrumb":{"@id":"https:\/\/dutchmicrodosing.com\/es\/esporas-de-setas-magicas\/viales-de-esporas\/mondo-pes-amazonia-esporas-botella\/#breadcrumb"},"inLanguage":"es","potentialAction":[{"@type":"ReadAction","target":["https:\/\/dutchmicrodosing.com\/es\/esporas-de-setas-magicas\/viales-de-esporas\/mondo-pes-amazonia-esporas-botella\/"]}]},{"@type":"ImageObject","inLanguage":"es","@id":"https:\/\/dutchmicrodosing.com\/es\/esporas-de-setas-magicas\/viales-de-esporas\/mondo-pes-amazonia-esporas-botella\/#primaryimage","url":"https:\/\/dutchmicrodosing.com\/wp-content\/uploads\/2024\/05\/sporemate-mondo-vial-psilocybe-cubensis-golden-teacher.jpg","contentUrl":"https:\/\/dutchmicrodosing.com\/wp-content\/uploads\/2024\/05\/sporemate-mondo-vial-psilocybe-cubensis-golden-teacher.jpg","width":600,"height":600},{"@type":"BreadcrumbList","@id":"https:\/\/dutchmicrodosing.com\/es\/esporas-de-setas-magicas\/viales-de-esporas\/mondo-pes-amazonia-esporas-botella\/#breadcrumb","itemListElement":[{"@type":"ListItem","position":1,"name":"Home","item":"https:\/\/dutchmicrodosing.com\/es\/"},{"@type":"ListItem","position":2,"name":"Tienda","item":"https:\/\/dutchmicrodosing.com\/es\/tienda\/"},{"@type":"ListItem","position":3,"name":"Botella PES Rastro Amaz\u00f3nico"}]},{"@type":"WebSite","@id":"https:\/\/dutchmicrodosing.com\/es\/#website","url":"https:\/\/dutchmicrodosing.com\/es\/","name":"Dutchmicrodosing","description":"","publisher":{"@id":"https:\/\/dutchmicrodosing.com\/es\/#organization"},"potentialAction":[{"@type":"SearchAction","target":{"@type":"EntryPoint","urlTemplate":"https:\/\/dutchmicrodosing.com\/es\/?s={search_term_string}"},"query-input":{"@type":"PropertyValueSpecification","valueRequired":true,"valueName":"search_term_string"}}],"inLanguage":"es"},{"@type":"Organization","@id":"https:\/\/dutchmicrodosing.com\/es\/#organization","name":"Dutchmicrodosing","url":"https:\/\/dutchmicrodosing.com\/es\/","logo":{"@type":"ImageObject","inLanguage":"es","@id":"https:\/\/dutchmicrodosing.com\/es\/#\/schema\/logo\/image\/","url":"https:\/\/dutchmicrodosing.com\/wp-content\/uploads\/2021\/01\/microdosing-categorie-pic-nieuw.jpg","contentUrl":"https:\/\/dutchmicrodosing.com\/wp-content\/uploads\/2021\/01\/microdosing-categorie-pic-nieuw.jpg","width":500,"height":500,"caption":"Dutchmicrodosing"},"image":{"@id":"https:\/\/dutchmicrodosing.com\/es\/#\/schema\/logo\/image\/"},"sameAs":["https:\/\/www.facebook.com\/Dutchmicrodosingxp\/","https:\/\/www.instagram.com\/dutchmicrodosing\/"]}]},"product_price_amount":"17.95","product_price_currency":"EUR","og_availability":"instock","product_availability":"instock","product_retailer_item_id":"0212218","product_condition":"new"},"_links":{"self":[{"href":"https:\/\/dutchmicrodosing.com\/es\/wp-json\/wp\/v2\/product\/39133","targetHints":{"allow":["GET"]}}],"collection":[{"href":"https:\/\/dutchmicrodosing.com\/es\/wp-json\/wp\/v2\/product"}],"about":[{"href":"https:\/\/dutchmicrodosing.com\/es\/wp-json\/wp\/v2\/types\/product"}],"replies":[{"embeddable":true,"href":"https:\/\/dutchmicrodosing.com\/es\/wp-json\/wp\/v2\/comments?post=39133"}],"version-history":[{"count":0,"href":"https:\/\/dutchmicrodosing.com\/es\/wp-json\/wp\/v2\/product\/39133\/revisions"}],"wp:featuredmedia":[{"embeddable":true,"href":"https:\/\/dutchmicrodosing.com\/es\/wp-json\/wp\/v2\/media\/39115"}],"wp:attachment":[{"href":"https:\/\/dutchmicrodosing.com\/es\/wp-json\/wp\/v2\/media?parent=39133"}],"wp:term":[{"taxonomy":"product_brand","embeddable":true,"href":"https:\/\/dutchmicrodosing.com\/es\/wp-json\/wp\/v2\/product_brand?post=39133"},{"taxonomy":"product_cat","embeddable":true,"href":"https:\/\/dutchmicrodosing.com\/es\/wp-json\/wp\/v2\/product_cat?post=39133"},{"taxonomy":"product_tag","embeddable":true,"href":"https:\/\/dutchmicrodosing.com\/es\/wp-json\/wp\/v2\/product_tag?post=39133"}],"curies":[{"name":"wp","href":"https:\/\/api.w.org\/{rel}","templated":true}]}}