{"id":39137,"date":"2024-05-12T10:39:00","date_gmt":"2024-05-12T08:39:00","guid":{"rendered":"https:\/\/dutchmicrodosing.com\/shop\/sin%20categor\u00eda\/frasco-de-esporas-albino\/"},"modified":"2025-10-06T18:58:55","modified_gmt":"2025-10-06T16:58:55","slug":"frasco-de-esporas-albino","status":"publish","type":"product","link":"https:\/\/dutchmicrodosing.com\/es\/esporas-de-setas-magicas\/viales-de-esporas\/frasco-de-esporas-albino\/","title":{"rendered":"Frasco de esporas Albino A+"},"content":{"rendered":"<p>Las setas del <strong>frasco de esporas Albino A+ <\/strong>son una variedad fascinante de la familia Psilocybe cubensis. Esta cepa tiene un aspecto blanco caracter\u00edstico, pero es importante comprender que este color no es consecuencia del albinismo, sino del leucismo. El leucismo es una mutaci\u00f3n gen\u00e9tica en la que la piel pierde pigmentaci\u00f3n, pero a diferencia del albinismo, los ojos no se vuelven rojos. En esta especie de hongos, esto significa que se vuelven blancos sin los t\u00edpicos cambios de pigmentaci\u00f3n en los ojos que se observar\u00edan en el albinismo.<\/p>\n<p>El color blanco de las setas Albino A+ es m\u00e1s prominente cuando crecen en condiciones de oscuridad, lo que realza su aspecto \u00fanico y fantasmal. Como estas setas proceden de un clima subtropical, requieren condiciones m\u00e1s c\u00e1lidas que otras cepas de Psilocybe cubensis. La temperatura de colonizaci\u00f3n \u00f3ptima para el cultivo de Albino A+ se sit\u00faa entre 28 y 30 grados Celsius, que es superior a la media para esta especie.<\/p>\n<p>Gracias a su naturaleza potente y a sus fuertes efectos, las setas Albino A+ son populares entre los consumidores experimentados de psilocibina. Ofrecen potentes alucinaciones visuales y profundas experiencias introspectivas, lo que las convierte en la opci\u00f3n favorita de los psiconautas que buscan una experiencia psicod\u00e9lica intensa.<\/p>\n<h2>Efectos de la botella Mondo Albino A+ Trace<\/h2>\n<p>Los efectos de las setas Albino A+ son: muy visuales, creativos y filos\u00f3ficos. Tras la ingesti\u00f3n, los primeros efectos se notar\u00e1n unos 45 minutos despu\u00e9s. Un viaje con setas m\u00e1gicas Albino A+ puede durar f\u00e1cilmente entre 4 y 7 horas.<\/p>\n<h2>Informaci\u00f3n de cr\u00eda Mondo Albino A+ Botella de esporas<\/h2>\n<ul>\n<li>Dificultad de cultivo: F\u00e1cil<\/li>\n<li>Sustrato: Esti\u00e9rcol, paja, cereales diversos<\/li>\n<li>Tiempo de colonizaci\u00f3n: 8-10 d\u00edas<\/li>\n<li>Temperatura de colonizaci\u00f3n: 28-30 grados Celsius<\/li>\n<li>Temperatura de la fruta: 23-26 grados Celsius<\/li>\n<\/ul>\n<h2>\u00bfCu\u00e1ntas setas Albino A+ debes tomar?<\/h2>\n<p>Por t\u00e9rmino medio, puedes suponer las siguientes cantidades:<\/p>\n<ul>\n<li>Microdosificaci\u00f3n: 0,2 gramos de setas secas | 2 gramos de setas frescas<\/li>\n<li>Viaje suave: 1 gramo de setas secas | 10 gramos de setas frescas<\/li>\n<li>Viaje normal: 2 gramos de setas secas | 20 gramos de setas frescas<\/li>\n<li>Viaje intenso: 3 gramos de setas secas | 30 gramos de setas frescas<\/li>\n<\/ul>\n<h2>C\u00f3mo preparar mi frasco de esporas Mondo Albino A+<\/h2>\n<p>Antes de empezar a inyectar tus esporas, primero debes haber preparado un sustrato en una bandeja o bolsa de cultivo donde vayas a dejar caer estas esporas. Los viales est\u00e9riles de esporas Mondo son muy f\u00e1ciles de usar.<\/p>\n<ol>\n<li>Ponte guantes y mascarilla bucal<\/li>\n<li>Agita en\u00e9rgicamente el vial de esporas de un lado a otro<\/li>\n<li>Desembala la aguja de inyecci\u00f3n e introduce la aguja a trav\u00e9s de la membrana de goma<\/li>\n<li>Ahora introduce suavemente el l\u00edquido en la jeringa<\/li>\n<li>Incluye el recipiente o la bolsa de cultivo con el sustrato<\/li>\n<li>Despu\u00e9s de llenar la jeringa, presiona lentamente el \u00e9mbolo y deja caer cada gota esparcida sobre el sustrato. El punto donde cae la gota sobre el sustrato es un punto potencial de crecimiento del micelio, dividi\u00e9ndolo optimizar\u00e1s la colonizaci\u00f3n.<\/li>\n<\/ol>\n<h2>Contenido de tu frasco de Mondo Albino A+ Esporas<\/h2>\n<ul>\n<li>1 vial de esporas contiene millones de esporas disueltas en 10 ml de agua est\u00e9ril<\/li>\n<li>1 jeringa est\u00e9ril de 20 ml<\/li>\n<li>2 toallitas con alcohol<\/li>\n<\/ul>\n<h2>C\u00f3mo guardar tu botella de Mondo Albino A+ Trace<\/h2>\n<p>Como se trata de un producto sensible, recomendamos colocar el frasco de esporas en el frigor\u00edfico a una temperatura de entre 2 y 8 grados inmediatamente despu\u00e9s de recibirlo, durante 24 horas antes de utilizarlo.<\/p>\n","protected":false},"excerpt":{"rendered":"<p>Las setas del frasco de esporas Albino A+ son una variedad fascinante de la familia Psilocybe cubensis. Esta cepa tiene un aspecto blanco caracter\u00edstico, pero es importante comprender que este color no es consecuencia del albinismo, sino del leucismo. El leucismo es una mutaci\u00f3n gen\u00e9tica en la que la piel pierde pigmentaci\u00f3n, pero a diferencia [&hellip;]<\/p>\n","protected":false},"featured_media":39115,"comment_status":"closed","ping_status":"closed","template":"","meta":[],"product_brand":[],"product_cat":[355],"product_tag":[],"class_list":{"0":"post-39137","1":"product","2":"type-product","3":"status-publish","4":"has-post-thumbnail","6":"product_cat-viales-de-esporas","8":"first","9":"instock","10":"taxable","11":"shipping-taxable","12":"purchasable","13":"product-type-simple"},"yoast_head":"<!-- This site is optimized with the Yoast SEO Premium plugin v26.4 (Yoast SEO v27.4) - https:\/\/yoast.com\/product\/yoast-seo-premium-wordpress\/ -->\n<title>Frasco de esporas Albino A+ - Dutchmicrodosing<\/title>\n<meta name=\"description\" content=\"Descubre el poder de los frascos de esporas Albino A+ para cultivar setas \u00fanicas. Trazas de alta calidad para resultados consistentes y fiables.\" \/>\n<meta name=\"robots\" content=\"index, follow, max-snippet:-1, max-image-preview:large, max-video-preview:-1\" \/>\n<link rel=\"canonical\" href=\"https:\/\/dutchmicrodosing.com\/es\/esporas-de-setas-magicas\/viales-de-esporas\/frasco-de-esporas-albino\/\" \/>\n<meta property=\"og:locale\" content=\"es_ES\" \/>\n<meta property=\"og:type\" content=\"article\" \/>\n<meta property=\"og:title\" content=\"Frasco de esporas Albino A+\" \/>\n<meta property=\"og:description\" content=\"Las setas del frasco de esporas Albino A+ son una variedad fascinante de la familia Psilocybe cubensis. Esta cepa tiene un aspecto blanco caracter\u00edstico,\" \/>\n<meta property=\"og:url\" content=\"https:\/\/dutchmicrodosing.com\/es\/esporas-de-setas-magicas\/viales-de-esporas\/frasco-de-esporas-albino\/\" \/>\n<meta property=\"og:site_name\" content=\"Dutchmicrodosing\" \/>\n<meta property=\"article:publisher\" content=\"https:\/\/www.facebook.com\/Dutchmicrodosingxp\/\" \/>\n<meta property=\"article:modified_time\" content=\"2025-10-06T16:58:55+00:00\" \/>\n<meta property=\"og:image\" content=\"https:\/\/dutchmicrodosing.com\/wp-content\/uploads\/2024\/05\/sporemate-mondo-vial-psilocybe-cubensis-golden-teacher.jpg\" \/>\n\t<meta property=\"og:image:width\" content=\"600\" \/>\n\t<meta property=\"og:image:height\" content=\"600\" \/>\n\t<meta property=\"og:image:type\" content=\"image\/jpeg\" \/>\n<meta name=\"twitter:card\" content=\"summary_large_image\" \/>\n<script type=\"application\/ld+json\" class=\"yoast-schema-graph\">{\"@context\":\"https:\\\/\\\/schema.org\",\"@graph\":[{\"@type\":\"WebPage\",\"@id\":\"https:\\\/\\\/dutchmicrodosing.com\\\/es\\\/esporas-de-setas-magicas\\\/viales-de-esporas\\\/frasco-de-esporas-albino\\\/\",\"url\":\"https:\\\/\\\/dutchmicrodosing.com\\\/es\\\/esporas-de-setas-magicas\\\/viales-de-esporas\\\/frasco-de-esporas-albino\\\/\",\"name\":\"Frasco de esporas Albino A+ - Dutchmicrodosing\",\"isPartOf\":{\"@id\":\"https:\\\/\\\/dutchmicrodosing.com\\\/es\\\/#website\"},\"primaryImageOfPage\":{\"@id\":\"https:\\\/\\\/dutchmicrodosing.com\\\/es\\\/esporas-de-setas-magicas\\\/viales-de-esporas\\\/frasco-de-esporas-albino\\\/#primaryimage\"},\"image\":{\"@id\":\"https:\\\/\\\/dutchmicrodosing.com\\\/es\\\/esporas-de-setas-magicas\\\/viales-de-esporas\\\/frasco-de-esporas-albino\\\/#primaryimage\"},\"thumbnailUrl\":\"https:\\\/\\\/dutchmicrodosing.com\\\/wp-content\\\/uploads\\\/2024\\\/05\\\/sporemate-mondo-vial-psilocybe-cubensis-golden-teacher.jpg\",\"datePublished\":\"2024-05-12T08:39:00+00:00\",\"dateModified\":\"2025-10-06T16:58:55+00:00\",\"description\":\"Descubre el poder de los frascos de esporas Albino A+ para cultivar setas \u00fanicas. Trazas de alta calidad para resultados consistentes y fiables.\",\"breadcrumb\":{\"@id\":\"https:\\\/\\\/dutchmicrodosing.com\\\/es\\\/esporas-de-setas-magicas\\\/viales-de-esporas\\\/frasco-de-esporas-albino\\\/#breadcrumb\"},\"inLanguage\":\"es\",\"potentialAction\":[{\"@type\":\"ReadAction\",\"target\":[\"https:\\\/\\\/dutchmicrodosing.com\\\/es\\\/esporas-de-setas-magicas\\\/viales-de-esporas\\\/frasco-de-esporas-albino\\\/\"]}]},{\"@type\":\"ImageObject\",\"inLanguage\":\"es\",\"@id\":\"https:\\\/\\\/dutchmicrodosing.com\\\/es\\\/esporas-de-setas-magicas\\\/viales-de-esporas\\\/frasco-de-esporas-albino\\\/#primaryimage\",\"url\":\"https:\\\/\\\/dutchmicrodosing.com\\\/wp-content\\\/uploads\\\/2024\\\/05\\\/sporemate-mondo-vial-psilocybe-cubensis-golden-teacher.jpg\",\"contentUrl\":\"https:\\\/\\\/dutchmicrodosing.com\\\/wp-content\\\/uploads\\\/2024\\\/05\\\/sporemate-mondo-vial-psilocybe-cubensis-golden-teacher.jpg\",\"width\":600,\"height\":600},{\"@type\":\"BreadcrumbList\",\"@id\":\"https:\\\/\\\/dutchmicrodosing.com\\\/es\\\/esporas-de-setas-magicas\\\/viales-de-esporas\\\/frasco-de-esporas-albino\\\/#breadcrumb\",\"itemListElement\":[{\"@type\":\"ListItem\",\"position\":1,\"name\":\"Home\",\"item\":\"https:\\\/\\\/dutchmicrodosing.com\\\/es\\\/\"},{\"@type\":\"ListItem\",\"position\":2,\"name\":\"Tienda\",\"item\":\"https:\\\/\\\/dutchmicrodosing.com\\\/es\\\/tienda\\\/\"},{\"@type\":\"ListItem\",\"position\":3,\"name\":\"Frasco de esporas Albino A+\"}]},{\"@type\":\"WebSite\",\"@id\":\"https:\\\/\\\/dutchmicrodosing.com\\\/es\\\/#website\",\"url\":\"https:\\\/\\\/dutchmicrodosing.com\\\/es\\\/\",\"name\":\"Dutchmicrodosing\",\"description\":\"\",\"publisher\":{\"@id\":\"https:\\\/\\\/dutchmicrodosing.com\\\/es\\\/#organization\"},\"potentialAction\":[{\"@type\":\"SearchAction\",\"target\":{\"@type\":\"EntryPoint\",\"urlTemplate\":\"https:\\\/\\\/dutchmicrodosing.com\\\/es\\\/?s={search_term_string}\"},\"query-input\":{\"@type\":\"PropertyValueSpecification\",\"valueRequired\":true,\"valueName\":\"search_term_string\"}}],\"inLanguage\":\"es\"},{\"@type\":\"Organization\",\"@id\":\"https:\\\/\\\/dutchmicrodosing.com\\\/es\\\/#organization\",\"name\":\"Dutchmicrodosing\",\"url\":\"https:\\\/\\\/dutchmicrodosing.com\\\/es\\\/\",\"logo\":{\"@type\":\"ImageObject\",\"inLanguage\":\"es\",\"@id\":\"https:\\\/\\\/dutchmicrodosing.com\\\/es\\\/#\\\/schema\\\/logo\\\/image\\\/\",\"url\":\"https:\\\/\\\/dutchmicrodosing.com\\\/wp-content\\\/uploads\\\/2021\\\/01\\\/microdosing-categorie-pic-nieuw.jpg\",\"contentUrl\":\"https:\\\/\\\/dutchmicrodosing.com\\\/wp-content\\\/uploads\\\/2021\\\/01\\\/microdosing-categorie-pic-nieuw.jpg\",\"width\":500,\"height\":500,\"caption\":\"Dutchmicrodosing\"},\"image\":{\"@id\":\"https:\\\/\\\/dutchmicrodosing.com\\\/es\\\/#\\\/schema\\\/logo\\\/image\\\/\"},\"sameAs\":[\"https:\\\/\\\/www.facebook.com\\\/Dutchmicrodosingxp\\\/\",\"https:\\\/\\\/www.instagram.com\\\/dutchmicrodosing\\\/\"]}]}<\/script>\n<meta property=\"product:price:amount\" content=\"17.95\" \/>\n<meta property=\"product:price:currency\" content=\"EUR\" \/>\n<meta property=\"og:availability\" content=\"instock\" \/>\n<meta property=\"product:availability\" content=\"instock\" \/>\n<meta property=\"product:retailer_item_id\" content=\"0212723\" \/>\n<meta property=\"product:condition\" content=\"new\" \/>\n<!-- \/ Yoast SEO Premium plugin. -->","yoast_head_json":{"title":"Frasco de esporas Albino A+ - Dutchmicrodosing","description":"Descubre el poder de los frascos de esporas Albino A+ para cultivar setas \u00fanicas. Trazas de alta calidad para resultados consistentes y fiables.","robots":{"index":"index","follow":"follow","max-snippet":"max-snippet:-1","max-image-preview":"max-image-preview:large","max-video-preview":"max-video-preview:-1"},"canonical":"https:\/\/dutchmicrodosing.com\/es\/esporas-de-setas-magicas\/viales-de-esporas\/frasco-de-esporas-albino\/","og_locale":"es_ES","og_type":"article","og_title":"Frasco de esporas Albino A+","og_description":"Las setas del frasco de esporas Albino A+ son una variedad fascinante de la familia Psilocybe cubensis. Esta cepa tiene un aspecto blanco caracter\u00edstico,","og_url":"https:\/\/dutchmicrodosing.com\/es\/esporas-de-setas-magicas\/viales-de-esporas\/frasco-de-esporas-albino\/","og_site_name":"Dutchmicrodosing","article_publisher":"https:\/\/www.facebook.com\/Dutchmicrodosingxp\/","article_modified_time":"2025-10-06T16:58:55+00:00","og_image":[{"width":600,"height":600,"url":"https:\/\/dutchmicrodosing.com\/wp-content\/uploads\/2024\/05\/sporemate-mondo-vial-psilocybe-cubensis-golden-teacher.jpg","type":"image\/jpeg"}],"twitter_card":"summary_large_image","schema":{"@context":"https:\/\/schema.org","@graph":[{"@type":"WebPage","@id":"https:\/\/dutchmicrodosing.com\/es\/esporas-de-setas-magicas\/viales-de-esporas\/frasco-de-esporas-albino\/","url":"https:\/\/dutchmicrodosing.com\/es\/esporas-de-setas-magicas\/viales-de-esporas\/frasco-de-esporas-albino\/","name":"Frasco de esporas Albino A+ - Dutchmicrodosing","isPartOf":{"@id":"https:\/\/dutchmicrodosing.com\/es\/#website"},"primaryImageOfPage":{"@id":"https:\/\/dutchmicrodosing.com\/es\/esporas-de-setas-magicas\/viales-de-esporas\/frasco-de-esporas-albino\/#primaryimage"},"image":{"@id":"https:\/\/dutchmicrodosing.com\/es\/esporas-de-setas-magicas\/viales-de-esporas\/frasco-de-esporas-albino\/#primaryimage"},"thumbnailUrl":"https:\/\/dutchmicrodosing.com\/wp-content\/uploads\/2024\/05\/sporemate-mondo-vial-psilocybe-cubensis-golden-teacher.jpg","datePublished":"2024-05-12T08:39:00+00:00","dateModified":"2025-10-06T16:58:55+00:00","description":"Descubre el poder de los frascos de esporas Albino A+ para cultivar setas \u00fanicas. Trazas de alta calidad para resultados consistentes y fiables.","breadcrumb":{"@id":"https:\/\/dutchmicrodosing.com\/es\/esporas-de-setas-magicas\/viales-de-esporas\/frasco-de-esporas-albino\/#breadcrumb"},"inLanguage":"es","potentialAction":[{"@type":"ReadAction","target":["https:\/\/dutchmicrodosing.com\/es\/esporas-de-setas-magicas\/viales-de-esporas\/frasco-de-esporas-albino\/"]}]},{"@type":"ImageObject","inLanguage":"es","@id":"https:\/\/dutchmicrodosing.com\/es\/esporas-de-setas-magicas\/viales-de-esporas\/frasco-de-esporas-albino\/#primaryimage","url":"https:\/\/dutchmicrodosing.com\/wp-content\/uploads\/2024\/05\/sporemate-mondo-vial-psilocybe-cubensis-golden-teacher.jpg","contentUrl":"https:\/\/dutchmicrodosing.com\/wp-content\/uploads\/2024\/05\/sporemate-mondo-vial-psilocybe-cubensis-golden-teacher.jpg","width":600,"height":600},{"@type":"BreadcrumbList","@id":"https:\/\/dutchmicrodosing.com\/es\/esporas-de-setas-magicas\/viales-de-esporas\/frasco-de-esporas-albino\/#breadcrumb","itemListElement":[{"@type":"ListItem","position":1,"name":"Home","item":"https:\/\/dutchmicrodosing.com\/es\/"},{"@type":"ListItem","position":2,"name":"Tienda","item":"https:\/\/dutchmicrodosing.com\/es\/tienda\/"},{"@type":"ListItem","position":3,"name":"Frasco de esporas Albino A+"}]},{"@type":"WebSite","@id":"https:\/\/dutchmicrodosing.com\/es\/#website","url":"https:\/\/dutchmicrodosing.com\/es\/","name":"Dutchmicrodosing","description":"","publisher":{"@id":"https:\/\/dutchmicrodosing.com\/es\/#organization"},"potentialAction":[{"@type":"SearchAction","target":{"@type":"EntryPoint","urlTemplate":"https:\/\/dutchmicrodosing.com\/es\/?s={search_term_string}"},"query-input":{"@type":"PropertyValueSpecification","valueRequired":true,"valueName":"search_term_string"}}],"inLanguage":"es"},{"@type":"Organization","@id":"https:\/\/dutchmicrodosing.com\/es\/#organization","name":"Dutchmicrodosing","url":"https:\/\/dutchmicrodosing.com\/es\/","logo":{"@type":"ImageObject","inLanguage":"es","@id":"https:\/\/dutchmicrodosing.com\/es\/#\/schema\/logo\/image\/","url":"https:\/\/dutchmicrodosing.com\/wp-content\/uploads\/2021\/01\/microdosing-categorie-pic-nieuw.jpg","contentUrl":"https:\/\/dutchmicrodosing.com\/wp-content\/uploads\/2021\/01\/microdosing-categorie-pic-nieuw.jpg","width":500,"height":500,"caption":"Dutchmicrodosing"},"image":{"@id":"https:\/\/dutchmicrodosing.com\/es\/#\/schema\/logo\/image\/"},"sameAs":["https:\/\/www.facebook.com\/Dutchmicrodosingxp\/","https:\/\/www.instagram.com\/dutchmicrodosing\/"]}]},"product_price_amount":"17.95","product_price_currency":"EUR","og_availability":"instock","product_availability":"instock","product_retailer_item_id":"0212723","product_condition":"new"},"_links":{"self":[{"href":"https:\/\/dutchmicrodosing.com\/es\/wp-json\/wp\/v2\/product\/39137","targetHints":{"allow":["GET"]}}],"collection":[{"href":"https:\/\/dutchmicrodosing.com\/es\/wp-json\/wp\/v2\/product"}],"about":[{"href":"https:\/\/dutchmicrodosing.com\/es\/wp-json\/wp\/v2\/types\/product"}],"replies":[{"embeddable":true,"href":"https:\/\/dutchmicrodosing.com\/es\/wp-json\/wp\/v2\/comments?post=39137"}],"version-history":[{"count":0,"href":"https:\/\/dutchmicrodosing.com\/es\/wp-json\/wp\/v2\/product\/39137\/revisions"}],"wp:featuredmedia":[{"embeddable":true,"href":"https:\/\/dutchmicrodosing.com\/es\/wp-json\/wp\/v2\/media\/39115"}],"wp:attachment":[{"href":"https:\/\/dutchmicrodosing.com\/es\/wp-json\/wp\/v2\/media?parent=39137"}],"wp:term":[{"taxonomy":"product_brand","embeddable":true,"href":"https:\/\/dutchmicrodosing.com\/es\/wp-json\/wp\/v2\/product_brand?post=39137"},{"taxonomy":"product_cat","embeddable":true,"href":"https:\/\/dutchmicrodosing.com\/es\/wp-json\/wp\/v2\/product_cat?post=39137"},{"taxonomy":"product_tag","embeddable":true,"href":"https:\/\/dutchmicrodosing.com\/es\/wp-json\/wp\/v2\/product_tag?post=39137"}],"curies":[{"name":"wp","href":"https:\/\/api.w.org\/{rel}","templated":true}]}}