{"id":39156,"date":"2024-05-12T11:01:22","date_gmt":"2024-05-12T09:01:22","guid":{"rendered":"https:\/\/dutchmicrodosing.com\/shop\/sin%20categor\u00eda\/jeringa-de-esporas-costa-del-tesoro\/"},"modified":"2025-10-31T12:01:46","modified_gmt":"2025-10-31T11:01:46","slug":"jeringa-de-esporas-costa-del-tesoro","status":"publish","type":"product","link":"https:\/\/dutchmicrodosing.com\/es\/esporas-de-setas-magicas\/jeringas-de-esporas\/jeringa-de-esporas-costa-del-tesoro\/","title":{"rendered":"Traza Spray Costa del Tesoro"},"content":{"rendered":"<p>El <strong>Pulverizador de Esporas Costa del Tesoro <\/strong>Psilocybe cubensis es una elecci\u00f3n excelente tanto para cultivadores de setas principiantes como experimentados. Esta cepa procede de la regi\u00f3n de Treasure Coast, en Florida, conocida por su r\u00e1pida colonizaci\u00f3n y producci\u00f3n de grandes racimos de setas psilocybe. Tras la germinaci\u00f3n de las esporas, el micelio se extiende r\u00e1pidamente y forma una masa densa, que luego florece en abundancia de setas que contienen psilocibina.<\/p>\n<p>Una caracter\u00edstica especial de la Treasure Coast es que esta cepa produce cosechas sucesivas r\u00e1pidas (flushes), lo que significa que no se necesita mucho tiempo entre cosecha y cosecha. Esto la convierte en una variedad eficaz y productiva de cultivar. Adem\u00e1s, las setas Treasure Coast son de tama\u00f1o medio y tambi\u00e9n crecen bien en condiciones exteriores, lo que hace que esta variedad sea vers\u00e1til y f\u00e1cil de usar.<\/p>\n<h2>Efectos de las setas de psilocibina Mondo Treasure Coast<\/h2>\n<p>Las setas m\u00e1gicas de Treasure Coast son conocidas como setas de la felicidad, con fuertes efectos visuales e inductores de la risa. Estas setas m\u00e1gicas pueden observarse con bastante rapidez, y los primeros efectos, como el coloc\u00f3n corporal, aparecen a los 20 minutos. Los sonidos suenan m\u00e1s intensos, los colores son brillantes, como el sol, y una sensaci\u00f3n agradable comienza a instalarse con visuales brillantes. Esta variedad de seta no es adecuada para un primer encuentro con la psilocibina.<\/p>\n<h2>Informaci\u00f3n sobre la cr\u00eda Mondo Spore Spray Treasure Coast<\/h2>\n<ul>\n<li>Dificultad de cultivo: F\u00e1cil<\/li>\n<li>Sustrato: Esti\u00e9rcol, paja, cereales diversos<\/li>\n<li>Tiempo de colonizaci\u00f3n: 14-18 d\u00edas<\/li>\n<li>Temperatura de colonizaci\u00f3n: 28-30 grados Celsius<\/li>\n<li>Temperatura de la fruta: 23-27 grados Celsius<\/li>\n<\/ul>\n<h2>C\u00f3mo preparar mi Mondo Trace Spray Treasure Coast<\/h2>\n<p>Antes de empezar a soltar las esporas con la jeringuilla para esporas, primero debes haber preparado un sustrato en una bandeja o bolsa de cultivo. Es importante distribuir bien las gotas de soluci\u00f3n trazadora sobre el sustrato. Esto permite que el micelio se desarrolle m\u00e1s r\u00e1pido y mejor. Las jeringuillas est\u00e9riles Mondo para esporas son muy f\u00e1ciles de usar. Con una jeringuilla de esporas Treasure Coast de 20 ml, puedes colonizar f\u00e1cilmente 6 litros de sustrato.<\/p>\n<ol>\n<li>Ponte guantes y mascarilla bucal<\/li>\n<li>Saca la jeringa Trace y la jeringa del embalaje<\/li>\n<li>Desenrosca la tapa roja de la jeringa de esporas y sustit\u00fayela por la aguja de la jeringa<\/li>\n<li>Incluye el recipiente o la bolsa de cultivo con el sustrato<\/li>\n<li>Presiona lentamente la parte posterior de la jeringa de esporas (el \u00e9mbolo) y deja caer cada gota esparcida sobre el sustrato. El lugar donde cae la gota sobre el sustrato es un punto potencial de crecimiento del micelio, distribuy\u00e9ndola bien optimizar\u00e1s la colonizaci\u00f3n.<\/li>\n<\/ol>\n<h2>Contenido de tu Mondo Trace Spray Treasure Coast<\/h2>\n<ul>\n<li>1 jeringa de esporas contiene varios millones de esporas disueltas en 20 ml de agua est\u00e9ril.<\/li>\n<li>1 Aguja hipod\u00e9rmica<\/li>\n<li>1 toallita con alcohol<\/li>\n<\/ul>\n<h2>\u00bfCu\u00e1ntas setas de la Costa del Tesoro debes tomar?<\/h2>\n<p>Por t\u00e9rmino medio, puedes suponer las siguientes cantidades:<\/p>\n<ul>\n<li>Microdosificaci\u00f3n: 0,2 gramos de setas secas | 2 gramos de setas m\u00e1gicas frescas<\/li>\n<li>Viaje suave: 1,5 gramos de setas secas | 15 gramos de setas m\u00e1gicas frescas<\/li>\n<li>Viaje normal: 2,5 gramos de setas secas | 25 gramos de setas m\u00e1gicas frescas<\/li>\n<li>Viaje intenso: 3,5 gramos de setas secas | 35 gramos de setas m\u00e1gicas frescas<\/li>\n<\/ul>\n<h2>C\u00f3mo guardar tu Mondo Trace Spray Treasure Coast<\/h2>\n<p>Como se trata de un producto sensible, recomendamos colocar la jeringa de esporas en el frigor\u00edfico a una temperatura de entre 2 y 8 grados cent\u00edgrados inmediatamente despu\u00e9s de recibirla durante 24 horas antes de utilizarla.<\/p>\n","protected":false},"excerpt":{"rendered":"<p>El Pulverizador de Esporas Costa del Tesoro Psilocybe cubensis es una elecci\u00f3n excelente tanto para cultivadores de setas principiantes como experimentados. Esta cepa procede de la regi\u00f3n de Treasure Coast, en Florida, conocida por su r\u00e1pida colonizaci\u00f3n y producci\u00f3n de grandes racimos de setas psilocybe. Tras la germinaci\u00f3n de las esporas, el micelio se extiende [&hellip;]<\/p>\n","protected":false},"featured_media":39151,"comment_status":"closed","ping_status":"closed","template":"","meta":[],"product_brand":[],"product_cat":[365],"product_tag":[],"class_list":{"0":"post-39156","1":"product","2":"type-product","3":"status-publish","4":"has-post-thumbnail","6":"product_cat-jeringas-de-esporas","8":"first","9":"instock","10":"taxable","11":"shipping-taxable","12":"purchasable","13":"product-type-simple"},"yoast_head":"<!-- This site is optimized with the Yoast SEO Premium plugin v26.4 (Yoast SEO v27.2) - https:\/\/yoast.com\/product\/yoast-seo-premium-wordpress\/ -->\n<title>Traza Spray Costa del Tesoro - Dutchmicrodosing<\/title>\n<meta name=\"description\" content=\"Perfectas para cultivadores principiantes y experimentados, estas esporas garantizan un crecimiento robusto y unos rendimientos impresionantes. Haz clic aqu\u00ed para m\u00e1s informaci\u00f3n...\" \/>\n<meta name=\"robots\" content=\"index, follow, max-snippet:-1, max-image-preview:large, max-video-preview:-1\" \/>\n<link rel=\"canonical\" href=\"https:\/\/dutchmicrodosing.com\/es\/esporas-de-setas-magicas\/jeringas-de-esporas\/jeringa-de-esporas-costa-del-tesoro\/\" \/>\n<meta property=\"og:locale\" content=\"es_ES\" \/>\n<meta property=\"og:type\" content=\"article\" \/>\n<meta property=\"og:title\" content=\"Traza Spray Costa del Tesoro\" \/>\n<meta property=\"og:description\" content=\"El Pulverizador de Esporas Costa del Tesoro Psilocybe cubensis es una elecci\u00f3n excelente tanto para cultivadores de setas principiantes como\" \/>\n<meta property=\"og:url\" content=\"https:\/\/dutchmicrodosing.com\/es\/esporas-de-setas-magicas\/jeringas-de-esporas\/jeringa-de-esporas-costa-del-tesoro\/\" \/>\n<meta property=\"og:site_name\" content=\"Dutchmicrodosing\" \/>\n<meta property=\"article:publisher\" content=\"https:\/\/www.facebook.com\/Dutchmicrodosingxp\/\" \/>\n<meta property=\"article:modified_time\" content=\"2025-10-31T11:01:46+00:00\" \/>\n<meta property=\"og:image\" content=\"https:\/\/dutchmicrodosing.com\/wp-content\/uploads\/2024\/05\/mondo-sporenspuit-psilocybe-cubensis-treasure-coast.jpg\" \/>\n\t<meta property=\"og:image:width\" content=\"330\" \/>\n\t<meta property=\"og:image:height\" content=\"330\" \/>\n\t<meta property=\"og:image:type\" content=\"image\/jpeg\" \/>\n<meta name=\"twitter:card\" content=\"summary_large_image\" \/>\n<script type=\"application\/ld+json\" class=\"yoast-schema-graph\">{\"@context\":\"https:\/\/schema.org\",\"@graph\":[{\"@type\":\"WebPage\",\"@id\":\"https:\/\/dutchmicrodosing.com\/es\/esporas-de-setas-magicas\/jeringas-de-esporas\/jeringa-de-esporas-costa-del-tesoro\/\",\"url\":\"https:\/\/dutchmicrodosing.com\/es\/esporas-de-setas-magicas\/jeringas-de-esporas\/jeringa-de-esporas-costa-del-tesoro\/\",\"name\":\"Traza Spray Costa del Tesoro - Dutchmicrodosing\",\"isPartOf\":{\"@id\":\"https:\/\/dutchmicrodosing.com\/es\/#website\"},\"primaryImageOfPage\":{\"@id\":\"https:\/\/dutchmicrodosing.com\/es\/esporas-de-setas-magicas\/jeringas-de-esporas\/jeringa-de-esporas-costa-del-tesoro\/#primaryimage\"},\"image\":{\"@id\":\"https:\/\/dutchmicrodosing.com\/es\/esporas-de-setas-magicas\/jeringas-de-esporas\/jeringa-de-esporas-costa-del-tesoro\/#primaryimage\"},\"thumbnailUrl\":\"https:\/\/dutchmicrodosing.com\/wp-content\/uploads\/2024\/05\/mondo-sporenspuit-psilocybe-cubensis-treasure-coast.jpg\",\"datePublished\":\"2024-05-12T09:01:22+00:00\",\"dateModified\":\"2025-10-31T11:01:46+00:00\",\"description\":\"Perfectas para cultivadores principiantes y experimentados, estas esporas garantizan un crecimiento robusto y unos rendimientos impresionantes. Haz clic aqu\u00ed para m\u00e1s informaci\u00f3n...\",\"breadcrumb\":{\"@id\":\"https:\/\/dutchmicrodosing.com\/es\/esporas-de-setas-magicas\/jeringas-de-esporas\/jeringa-de-esporas-costa-del-tesoro\/#breadcrumb\"},\"inLanguage\":\"es\",\"potentialAction\":[{\"@type\":\"ReadAction\",\"target\":[\"https:\/\/dutchmicrodosing.com\/es\/esporas-de-setas-magicas\/jeringas-de-esporas\/jeringa-de-esporas-costa-del-tesoro\/\"]}]},{\"@type\":\"ImageObject\",\"inLanguage\":\"es\",\"@id\":\"https:\/\/dutchmicrodosing.com\/es\/esporas-de-setas-magicas\/jeringas-de-esporas\/jeringa-de-esporas-costa-del-tesoro\/#primaryimage\",\"url\":\"https:\/\/dutchmicrodosing.com\/wp-content\/uploads\/2024\/05\/mondo-sporenspuit-psilocybe-cubensis-treasure-coast.jpg\",\"contentUrl\":\"https:\/\/dutchmicrodosing.com\/wp-content\/uploads\/2024\/05\/mondo-sporenspuit-psilocybe-cubensis-treasure-coast.jpg\",\"width\":330,\"height\":330},{\"@type\":\"BreadcrumbList\",\"@id\":\"https:\/\/dutchmicrodosing.com\/es\/esporas-de-setas-magicas\/jeringas-de-esporas\/jeringa-de-esporas-costa-del-tesoro\/#breadcrumb\",\"itemListElement\":[{\"@type\":\"ListItem\",\"position\":1,\"name\":\"Home\",\"item\":\"https:\/\/dutchmicrodosing.com\/es\/\"},{\"@type\":\"ListItem\",\"position\":2,\"name\":\"Tienda\",\"item\":\"https:\/\/dutchmicrodosing.com\/es\/tienda\/\"},{\"@type\":\"ListItem\",\"position\":3,\"name\":\"Traza Spray Costa del Tesoro\"}]},{\"@type\":\"WebSite\",\"@id\":\"https:\/\/dutchmicrodosing.com\/es\/#website\",\"url\":\"https:\/\/dutchmicrodosing.com\/es\/\",\"name\":\"Dutchmicrodosing\",\"description\":\"\",\"publisher\":{\"@id\":\"https:\/\/dutchmicrodosing.com\/es\/#organization\"},\"potentialAction\":[{\"@type\":\"SearchAction\",\"target\":{\"@type\":\"EntryPoint\",\"urlTemplate\":\"https:\/\/dutchmicrodosing.com\/es\/?s={search_term_string}\"},\"query-input\":{\"@type\":\"PropertyValueSpecification\",\"valueRequired\":true,\"valueName\":\"search_term_string\"}}],\"inLanguage\":\"es\"},{\"@type\":\"Organization\",\"@id\":\"https:\/\/dutchmicrodosing.com\/es\/#organization\",\"name\":\"Dutchmicrodosing\",\"url\":\"https:\/\/dutchmicrodosing.com\/es\/\",\"logo\":{\"@type\":\"ImageObject\",\"inLanguage\":\"es\",\"@id\":\"https:\/\/dutchmicrodosing.com\/es\/#\/schema\/logo\/image\/\",\"url\":\"https:\/\/dutchmicrodosing.com\/wp-content\/uploads\/2021\/01\/microdosing-categorie-pic-nieuw.jpg\",\"contentUrl\":\"https:\/\/dutchmicrodosing.com\/wp-content\/uploads\/2021\/01\/microdosing-categorie-pic-nieuw.jpg\",\"width\":500,\"height\":500,\"caption\":\"Dutchmicrodosing\"},\"image\":{\"@id\":\"https:\/\/dutchmicrodosing.com\/es\/#\/schema\/logo\/image\/\"},\"sameAs\":[\"https:\/\/www.facebook.com\/Dutchmicrodosingxp\/\",\"https:\/\/www.instagram.com\/dutchmicrodosing\/\"]}]}<\/script>\n<meta property=\"product:price:amount\" content=\"17.95\" \/>\n<meta property=\"product:price:currency\" content=\"EUR\" \/>\n<meta property=\"og:availability\" content=\"instock\" \/>\n<meta property=\"product:availability\" content=\"instock\" \/>\n<meta property=\"product:retailer_item_id\" content=\"0212566\" \/>\n<meta property=\"product:condition\" content=\"new\" \/>\n<!-- \/ Yoast SEO Premium plugin. -->","yoast_head_json":{"title":"Traza Spray Costa del Tesoro - Dutchmicrodosing","description":"Perfectas para cultivadores principiantes y experimentados, estas esporas garantizan un crecimiento robusto y unos rendimientos impresionantes. Haz clic aqu\u00ed para m\u00e1s informaci\u00f3n...","robots":{"index":"index","follow":"follow","max-snippet":"max-snippet:-1","max-image-preview":"max-image-preview:large","max-video-preview":"max-video-preview:-1"},"canonical":"https:\/\/dutchmicrodosing.com\/es\/esporas-de-setas-magicas\/jeringas-de-esporas\/jeringa-de-esporas-costa-del-tesoro\/","og_locale":"es_ES","og_type":"article","og_title":"Traza Spray Costa del Tesoro","og_description":"El Pulverizador de Esporas Costa del Tesoro Psilocybe cubensis es una elecci\u00f3n excelente tanto para cultivadores de setas principiantes como","og_url":"https:\/\/dutchmicrodosing.com\/es\/esporas-de-setas-magicas\/jeringas-de-esporas\/jeringa-de-esporas-costa-del-tesoro\/","og_site_name":"Dutchmicrodosing","article_publisher":"https:\/\/www.facebook.com\/Dutchmicrodosingxp\/","article_modified_time":"2025-10-31T11:01:46+00:00","og_image":[{"width":330,"height":330,"url":"https:\/\/dutchmicrodosing.com\/wp-content\/uploads\/2024\/05\/mondo-sporenspuit-psilocybe-cubensis-treasure-coast.jpg","type":"image\/jpeg"}],"twitter_card":"summary_large_image","schema":{"@context":"https:\/\/schema.org","@graph":[{"@type":"WebPage","@id":"https:\/\/dutchmicrodosing.com\/es\/esporas-de-setas-magicas\/jeringas-de-esporas\/jeringa-de-esporas-costa-del-tesoro\/","url":"https:\/\/dutchmicrodosing.com\/es\/esporas-de-setas-magicas\/jeringas-de-esporas\/jeringa-de-esporas-costa-del-tesoro\/","name":"Traza Spray Costa del Tesoro - Dutchmicrodosing","isPartOf":{"@id":"https:\/\/dutchmicrodosing.com\/es\/#website"},"primaryImageOfPage":{"@id":"https:\/\/dutchmicrodosing.com\/es\/esporas-de-setas-magicas\/jeringas-de-esporas\/jeringa-de-esporas-costa-del-tesoro\/#primaryimage"},"image":{"@id":"https:\/\/dutchmicrodosing.com\/es\/esporas-de-setas-magicas\/jeringas-de-esporas\/jeringa-de-esporas-costa-del-tesoro\/#primaryimage"},"thumbnailUrl":"https:\/\/dutchmicrodosing.com\/wp-content\/uploads\/2024\/05\/mondo-sporenspuit-psilocybe-cubensis-treasure-coast.jpg","datePublished":"2024-05-12T09:01:22+00:00","dateModified":"2025-10-31T11:01:46+00:00","description":"Perfectas para cultivadores principiantes y experimentados, estas esporas garantizan un crecimiento robusto y unos rendimientos impresionantes. Haz clic aqu\u00ed para m\u00e1s informaci\u00f3n...","breadcrumb":{"@id":"https:\/\/dutchmicrodosing.com\/es\/esporas-de-setas-magicas\/jeringas-de-esporas\/jeringa-de-esporas-costa-del-tesoro\/#breadcrumb"},"inLanguage":"es","potentialAction":[{"@type":"ReadAction","target":["https:\/\/dutchmicrodosing.com\/es\/esporas-de-setas-magicas\/jeringas-de-esporas\/jeringa-de-esporas-costa-del-tesoro\/"]}]},{"@type":"ImageObject","inLanguage":"es","@id":"https:\/\/dutchmicrodosing.com\/es\/esporas-de-setas-magicas\/jeringas-de-esporas\/jeringa-de-esporas-costa-del-tesoro\/#primaryimage","url":"https:\/\/dutchmicrodosing.com\/wp-content\/uploads\/2024\/05\/mondo-sporenspuit-psilocybe-cubensis-treasure-coast.jpg","contentUrl":"https:\/\/dutchmicrodosing.com\/wp-content\/uploads\/2024\/05\/mondo-sporenspuit-psilocybe-cubensis-treasure-coast.jpg","width":330,"height":330},{"@type":"BreadcrumbList","@id":"https:\/\/dutchmicrodosing.com\/es\/esporas-de-setas-magicas\/jeringas-de-esporas\/jeringa-de-esporas-costa-del-tesoro\/#breadcrumb","itemListElement":[{"@type":"ListItem","position":1,"name":"Home","item":"https:\/\/dutchmicrodosing.com\/es\/"},{"@type":"ListItem","position":2,"name":"Tienda","item":"https:\/\/dutchmicrodosing.com\/es\/tienda\/"},{"@type":"ListItem","position":3,"name":"Traza Spray Costa del Tesoro"}]},{"@type":"WebSite","@id":"https:\/\/dutchmicrodosing.com\/es\/#website","url":"https:\/\/dutchmicrodosing.com\/es\/","name":"Dutchmicrodosing","description":"","publisher":{"@id":"https:\/\/dutchmicrodosing.com\/es\/#organization"},"potentialAction":[{"@type":"SearchAction","target":{"@type":"EntryPoint","urlTemplate":"https:\/\/dutchmicrodosing.com\/es\/?s={search_term_string}"},"query-input":{"@type":"PropertyValueSpecification","valueRequired":true,"valueName":"search_term_string"}}],"inLanguage":"es"},{"@type":"Organization","@id":"https:\/\/dutchmicrodosing.com\/es\/#organization","name":"Dutchmicrodosing","url":"https:\/\/dutchmicrodosing.com\/es\/","logo":{"@type":"ImageObject","inLanguage":"es","@id":"https:\/\/dutchmicrodosing.com\/es\/#\/schema\/logo\/image\/","url":"https:\/\/dutchmicrodosing.com\/wp-content\/uploads\/2021\/01\/microdosing-categorie-pic-nieuw.jpg","contentUrl":"https:\/\/dutchmicrodosing.com\/wp-content\/uploads\/2021\/01\/microdosing-categorie-pic-nieuw.jpg","width":500,"height":500,"caption":"Dutchmicrodosing"},"image":{"@id":"https:\/\/dutchmicrodosing.com\/es\/#\/schema\/logo\/image\/"},"sameAs":["https:\/\/www.facebook.com\/Dutchmicrodosingxp\/","https:\/\/www.instagram.com\/dutchmicrodosing\/"]}]},"product_price_amount":"17.95","product_price_currency":"EUR","og_availability":"instock","product_availability":"instock","product_retailer_item_id":"0212566","product_condition":"new"},"_links":{"self":[{"href":"https:\/\/dutchmicrodosing.com\/es\/wp-json\/wp\/v2\/product\/39156","targetHints":{"allow":["GET"]}}],"collection":[{"href":"https:\/\/dutchmicrodosing.com\/es\/wp-json\/wp\/v2\/product"}],"about":[{"href":"https:\/\/dutchmicrodosing.com\/es\/wp-json\/wp\/v2\/types\/product"}],"replies":[{"embeddable":true,"href":"https:\/\/dutchmicrodosing.com\/es\/wp-json\/wp\/v2\/comments?post=39156"}],"version-history":[{"count":1,"href":"https:\/\/dutchmicrodosing.com\/es\/wp-json\/wp\/v2\/product\/39156\/revisions"}],"predecessor-version":[{"id":60136,"href":"https:\/\/dutchmicrodosing.com\/es\/wp-json\/wp\/v2\/product\/39156\/revisions\/60136"}],"wp:featuredmedia":[{"embeddable":true,"href":"https:\/\/dutchmicrodosing.com\/es\/wp-json\/wp\/v2\/media\/39151"}],"wp:attachment":[{"href":"https:\/\/dutchmicrodosing.com\/es\/wp-json\/wp\/v2\/media?parent=39156"}],"wp:term":[{"taxonomy":"product_brand","embeddable":true,"href":"https:\/\/dutchmicrodosing.com\/es\/wp-json\/wp\/v2\/product_brand?post=39156"},{"taxonomy":"product_cat","embeddable":true,"href":"https:\/\/dutchmicrodosing.com\/es\/wp-json\/wp\/v2\/product_cat?post=39156"},{"taxonomy":"product_tag","embeddable":true,"href":"https:\/\/dutchmicrodosing.com\/es\/wp-json\/wp\/v2\/product_tag?post=39156"}],"curies":[{"name":"wp","href":"https:\/\/api.w.org\/{rel}","templated":true}]}}