{"id":39171,"date":"2024-05-12T11:16:54","date_gmt":"2024-05-12T09:16:54","guid":{"rendered":"https:\/\/dutchmicrodosing.com\/shop\/sin%20categor\u00eda\/jeringa-de-esporas-pes-hawaii\/"},"modified":"2025-09-09T13:24:24","modified_gmt":"2025-09-09T11:24:24","slug":"jeringa-de-esporas-pes-hawaii","status":"publish","type":"product","link":"https:\/\/dutchmicrodosing.com\/es\/esporas-de-setas-magicas\/jeringas-de-esporas\/jeringa-de-esporas-pes-hawaii\/","title":{"rendered":"Jeringa de esporas PES Hawaii"},"content":{"rendered":"<p>La <strong>PES Hawaii Psilocybe cubensis<\/strong> es una cepa interesante, visualmente atractiva y conocida por sus efectos potencialmente potentes. A pesar de que el nombre evoca asociaciones con or\u00edgenes hawaianos, esta variedad lleva en realidad el nombre de la empresa Pacific Exotica Spora, con sede en Hawai. Estas setas no est\u00e1n emparentadas con la Copelandia hawaiana (Panaeolus cyanascens), m\u00e1s conocida y extremadamente potente, sino que pertenecen a la familia Psilocybe cubensis, m\u00e1s suave y potente.<\/p>\n<p>La PES Hawaii destaca por su est\u00e9tica, con sombreros acampanados de color entre caramelo y rojo oscuro, que la distinguen visualmente de muchas otras especies. En cuanto al tama\u00f1o, el micelio de la PES Hawaii tiene la capacidad de producir frutos m\u00e1s grandes en comparaci\u00f3n con la cepa camboyana, por ejemplo, lo que la convierte en una opci\u00f3n atractiva para los interesados en rendimientos importantes.<\/p>\n<h2>Efectos de las setas de psilocibina Mondo PES Hawaii<\/h2>\n<p>Las setas PES Hawaii son un poco demasiado fuertes para una primera introducci\u00f3n a las setas de psilocibina. Son f\u00e1ciles de cultivar y sus efectos son perfectos para los que ya han tomado setas de psilocibina y buscan algo m\u00e1s fuerte. La seta PES Hawaii es bastante alta en visuales, creatividad y media en filosof\u00eda y energ\u00eda corporal.<\/p>\n<h2>Informaci\u00f3n de cultivo Mondo Jeringa de esporas PES Hawaii<\/h2>\n<ul>\n<li>Dificultad de cultivo: F\u00e1cil<\/li>\n<li>Sustrato: Esti\u00e9rcol, paja, cereales diversos<\/li>\n<li>Tiempo de colonizaci\u00f3n: 10-13 d\u00edas<\/li>\n<li>Temperatura de colonizaci\u00f3n: 28-30 grados Celsius<\/li>\n<li>Temperatura de la fruta: 23-26 grados Celsius<\/li>\n<\/ul>\n<h2>C\u00f3mo preparar mi jeringa Mondo Spore PES Hawaii<\/h2>\n<p>Antes de empezar a soltar las esporas, primero tienes que haber preparado un sustrato en una bandeja o bolsa de cultivo. Es importante distribuir bien las gotas de soluci\u00f3n trazadora sobre el sustrato. Esto permite que el micelio se desarrolle m\u00e1s r\u00e1pido y mejor. Las jeringuillas est\u00e9riles Mondo para esporas son muy f\u00e1ciles de usar. Con una jeringa de esporas PES Hawaii de 20 ml, puedes colonizar f\u00e1cilmente 6 litros de sustrato.<\/p>\n<ol>\n<li>Ponte guantes y mascarilla bucal<\/li>\n<li>Saca la jeringa Trace y la jeringa del embalaje<\/li>\n<li>Desenrosca la tapa roja de la jeringa de esporas y sustit\u00fayela por la aguja de la jeringa<\/li>\n<li>Incluye el recipiente o la bolsa de cultivo con el sustrato<\/li>\n<li>Presiona lentamente la parte posterior de la jeringa (el \u00e9mbolo) y deja caer cada gota esparcida sobre el sustrato. El lugar donde cae la gota sobre el sustrato es un punto potencial de crecimiento del micelio, distribuy\u00e9ndola bien optimizar\u00e1s la colonizaci\u00f3n.<\/li>\n<\/ol>\n<h2>Contenido de tu jeringa Mondo Spore PES Hawaii<\/h2>\n<ul>\n<li>1 jeringa de esporas contiene varios millones de esporas disueltas en 20 ml de agua est\u00e9ril.<\/li>\n<li>1 Aguja hipod\u00e9rmica<\/li>\n<li>1 toallita con alcohol<\/li>\n<\/ul>\n<h2>\u00bfCu\u00e1ntas Setas hawaianas PES debes tomar?<\/h2>\n<p>Por t\u00e9rmino medio, puedes suponer las siguientes cantidades:<\/p>\n<ul>\n<li>Microdosificaci\u00f3n: 0,2 gramos de setas secas | 2 gramos de setas frescas<\/li>\n<li>Viaje suave: 1,5 gramos de setas secas | 15 gramos de setas frescas<\/li>\n<li>Viaje normal: 2,5 gramos de setas secas | 25 gramos de setas frescas<\/li>\n<li>Viaje intenso: 3,5 gramos de setas secas | 35 gramos de setas frescas<\/li>\n<\/ul>\n<h2>C\u00f3mo guardar tu jeringa Mondo Spore PES Hawaii<\/h2>\n<p>Como se trata de un producto sensible, recomendamos colocar la jeringuilla de esporas en el frigor\u00edfico inmediatamente despu\u00e9s de recibirla durante 24 horas a una temperatura de entre 2 y 8 grados antes de utilizarla.<\/p>\n","protected":false},"excerpt":{"rendered":"<p>La PES Hawaii Psilocybe cubensis es una cepa interesante, visualmente atractiva y conocida por sus efectos potencialmente potentes. A pesar de que el nombre evoca asociaciones con or\u00edgenes hawaianos, esta variedad lleva en realidad el nombre de la empresa Pacific Exotica Spora, con sede en Hawai. Estas setas no est\u00e1n emparentadas con la Copelandia hawaiana [&hellip;]<\/p>\n","protected":false},"featured_media":39151,"comment_status":"closed","ping_status":"closed","template":"","meta":[],"product_brand":[],"product_cat":[365],"product_tag":[],"class_list":{"0":"post-39171","1":"product","2":"type-product","3":"status-publish","4":"has-post-thumbnail","6":"product_cat-jeringas-de-esporas","8":"first","9":"instock","10":"taxable","11":"shipping-taxable","12":"purchasable","13":"product-type-simple"},"yoast_head":"<!-- This site is optimized with the Yoast SEO Premium plugin v26.4 (Yoast SEO v27.2) - https:\/\/yoast.com\/product\/yoast-seo-premium-wordpress\/ -->\n<title>Jeringa de esporas PES Hawaii - Dutchmicrodosing<\/title>\n<meta name=\"robots\" content=\"index, follow, max-snippet:-1, max-image-preview:large, max-video-preview:-1\" \/>\n<link rel=\"canonical\" href=\"https:\/\/dutchmicrodosing.com\/es\/esporas-de-setas-magicas\/jeringas-de-esporas\/jeringa-de-esporas-pes-hawaii\/\" \/>\n<meta property=\"og:locale\" content=\"es_ES\" \/>\n<meta property=\"og:type\" content=\"article\" \/>\n<meta property=\"og:title\" content=\"Jeringa de esporas PES Hawaii\" \/>\n<meta property=\"og:description\" content=\"La PES Hawaii Psilocybe cubensis es una cepa interesante, visualmente atractiva y conocida por sus efectos potencialmente potentes. A pesar de que el\" \/>\n<meta property=\"og:url\" content=\"https:\/\/dutchmicrodosing.com\/es\/esporas-de-setas-magicas\/jeringas-de-esporas\/jeringa-de-esporas-pes-hawaii\/\" \/>\n<meta property=\"og:site_name\" content=\"Dutchmicrodosing\" \/>\n<meta property=\"article:publisher\" content=\"https:\/\/www.facebook.com\/Dutchmicrodosingxp\/\" \/>\n<meta property=\"article:modified_time\" content=\"2025-09-09T11:24:24+00:00\" \/>\n<meta property=\"og:image\" content=\"https:\/\/dutchmicrodosing.com\/wp-content\/uploads\/2024\/05\/mondo-sporenspuit-psilocybe-cubensis-treasure-coast.jpg\" \/>\n\t<meta property=\"og:image:width\" content=\"330\" \/>\n\t<meta property=\"og:image:height\" content=\"330\" \/>\n\t<meta property=\"og:image:type\" content=\"image\/jpeg\" \/>\n<meta name=\"twitter:card\" content=\"summary_large_image\" \/>\n<script type=\"application\/ld+json\" class=\"yoast-schema-graph\">{\"@context\":\"https:\/\/schema.org\",\"@graph\":[{\"@type\":\"WebPage\",\"@id\":\"https:\/\/dutchmicrodosing.com\/es\/esporas-de-setas-magicas\/jeringas-de-esporas\/jeringa-de-esporas-pes-hawaii\/\",\"url\":\"https:\/\/dutchmicrodosing.com\/es\/esporas-de-setas-magicas\/jeringas-de-esporas\/jeringa-de-esporas-pes-hawaii\/\",\"name\":\"Jeringa de esporas PES Hawaii - Dutchmicrodosing\",\"isPartOf\":{\"@id\":\"https:\/\/dutchmicrodosing.com\/es\/#website\"},\"primaryImageOfPage\":{\"@id\":\"https:\/\/dutchmicrodosing.com\/es\/esporas-de-setas-magicas\/jeringas-de-esporas\/jeringa-de-esporas-pes-hawaii\/#primaryimage\"},\"image\":{\"@id\":\"https:\/\/dutchmicrodosing.com\/es\/esporas-de-setas-magicas\/jeringas-de-esporas\/jeringa-de-esporas-pes-hawaii\/#primaryimage\"},\"thumbnailUrl\":\"https:\/\/dutchmicrodosing.com\/wp-content\/uploads\/2024\/05\/mondo-sporenspuit-psilocybe-cubensis-treasure-coast.jpg\",\"datePublished\":\"2024-05-12T09:16:54+00:00\",\"dateModified\":\"2025-09-09T11:24:24+00:00\",\"breadcrumb\":{\"@id\":\"https:\/\/dutchmicrodosing.com\/es\/esporas-de-setas-magicas\/jeringas-de-esporas\/jeringa-de-esporas-pes-hawaii\/#breadcrumb\"},\"inLanguage\":\"es\",\"potentialAction\":[{\"@type\":\"ReadAction\",\"target\":[\"https:\/\/dutchmicrodosing.com\/es\/esporas-de-setas-magicas\/jeringas-de-esporas\/jeringa-de-esporas-pes-hawaii\/\"]}]},{\"@type\":\"ImageObject\",\"inLanguage\":\"es\",\"@id\":\"https:\/\/dutchmicrodosing.com\/es\/esporas-de-setas-magicas\/jeringas-de-esporas\/jeringa-de-esporas-pes-hawaii\/#primaryimage\",\"url\":\"https:\/\/dutchmicrodosing.com\/wp-content\/uploads\/2024\/05\/mondo-sporenspuit-psilocybe-cubensis-treasure-coast.jpg\",\"contentUrl\":\"https:\/\/dutchmicrodosing.com\/wp-content\/uploads\/2024\/05\/mondo-sporenspuit-psilocybe-cubensis-treasure-coast.jpg\",\"width\":330,\"height\":330},{\"@type\":\"BreadcrumbList\",\"@id\":\"https:\/\/dutchmicrodosing.com\/es\/esporas-de-setas-magicas\/jeringas-de-esporas\/jeringa-de-esporas-pes-hawaii\/#breadcrumb\",\"itemListElement\":[{\"@type\":\"ListItem\",\"position\":1,\"name\":\"Home\",\"item\":\"https:\/\/dutchmicrodosing.com\/es\/\"},{\"@type\":\"ListItem\",\"position\":2,\"name\":\"Tienda\",\"item\":\"https:\/\/dutchmicrodosing.com\/es\/tienda\/\"},{\"@type\":\"ListItem\",\"position\":3,\"name\":\"Jeringa de esporas PES Hawaii\"}]},{\"@type\":\"WebSite\",\"@id\":\"https:\/\/dutchmicrodosing.com\/es\/#website\",\"url\":\"https:\/\/dutchmicrodosing.com\/es\/\",\"name\":\"Dutchmicrodosing\",\"description\":\"\",\"publisher\":{\"@id\":\"https:\/\/dutchmicrodosing.com\/es\/#organization\"},\"potentialAction\":[{\"@type\":\"SearchAction\",\"target\":{\"@type\":\"EntryPoint\",\"urlTemplate\":\"https:\/\/dutchmicrodosing.com\/es\/?s={search_term_string}\"},\"query-input\":{\"@type\":\"PropertyValueSpecification\",\"valueRequired\":true,\"valueName\":\"search_term_string\"}}],\"inLanguage\":\"es\"},{\"@type\":\"Organization\",\"@id\":\"https:\/\/dutchmicrodosing.com\/es\/#organization\",\"name\":\"Dutchmicrodosing\",\"url\":\"https:\/\/dutchmicrodosing.com\/es\/\",\"logo\":{\"@type\":\"ImageObject\",\"inLanguage\":\"es\",\"@id\":\"https:\/\/dutchmicrodosing.com\/es\/#\/schema\/logo\/image\/\",\"url\":\"https:\/\/dutchmicrodosing.com\/wp-content\/uploads\/2021\/01\/microdosing-categorie-pic-nieuw.jpg\",\"contentUrl\":\"https:\/\/dutchmicrodosing.com\/wp-content\/uploads\/2021\/01\/microdosing-categorie-pic-nieuw.jpg\",\"width\":500,\"height\":500,\"caption\":\"Dutchmicrodosing\"},\"image\":{\"@id\":\"https:\/\/dutchmicrodosing.com\/es\/#\/schema\/logo\/image\/\"},\"sameAs\":[\"https:\/\/www.facebook.com\/Dutchmicrodosingxp\/\",\"https:\/\/www.instagram.com\/dutchmicrodosing\/\"]}]}<\/script>\n<meta property=\"product:price:amount\" content=\"17.95\" \/>\n<meta property=\"product:price:currency\" content=\"EUR\" \/>\n<meta property=\"og:availability\" content=\"instock\" \/>\n<meta property=\"product:availability\" content=\"instock\" \/>\n<meta property=\"product:retailer_item_id\" content=\"0212360\" \/>\n<meta property=\"product:condition\" content=\"new\" \/>\n<!-- \/ Yoast SEO Premium plugin. -->","yoast_head_json":{"title":"Jeringa de esporas PES Hawaii - Dutchmicrodosing","robots":{"index":"index","follow":"follow","max-snippet":"max-snippet:-1","max-image-preview":"max-image-preview:large","max-video-preview":"max-video-preview:-1"},"canonical":"https:\/\/dutchmicrodosing.com\/es\/esporas-de-setas-magicas\/jeringas-de-esporas\/jeringa-de-esporas-pes-hawaii\/","og_locale":"es_ES","og_type":"article","og_title":"Jeringa de esporas PES Hawaii","og_description":"La PES Hawaii Psilocybe cubensis es una cepa interesante, visualmente atractiva y conocida por sus efectos potencialmente potentes. A pesar de que el","og_url":"https:\/\/dutchmicrodosing.com\/es\/esporas-de-setas-magicas\/jeringas-de-esporas\/jeringa-de-esporas-pes-hawaii\/","og_site_name":"Dutchmicrodosing","article_publisher":"https:\/\/www.facebook.com\/Dutchmicrodosingxp\/","article_modified_time":"2025-09-09T11:24:24+00:00","og_image":[{"width":330,"height":330,"url":"https:\/\/dutchmicrodosing.com\/wp-content\/uploads\/2024\/05\/mondo-sporenspuit-psilocybe-cubensis-treasure-coast.jpg","type":"image\/jpeg"}],"twitter_card":"summary_large_image","schema":{"@context":"https:\/\/schema.org","@graph":[{"@type":"WebPage","@id":"https:\/\/dutchmicrodosing.com\/es\/esporas-de-setas-magicas\/jeringas-de-esporas\/jeringa-de-esporas-pes-hawaii\/","url":"https:\/\/dutchmicrodosing.com\/es\/esporas-de-setas-magicas\/jeringas-de-esporas\/jeringa-de-esporas-pes-hawaii\/","name":"Jeringa de esporas PES Hawaii - Dutchmicrodosing","isPartOf":{"@id":"https:\/\/dutchmicrodosing.com\/es\/#website"},"primaryImageOfPage":{"@id":"https:\/\/dutchmicrodosing.com\/es\/esporas-de-setas-magicas\/jeringas-de-esporas\/jeringa-de-esporas-pes-hawaii\/#primaryimage"},"image":{"@id":"https:\/\/dutchmicrodosing.com\/es\/esporas-de-setas-magicas\/jeringas-de-esporas\/jeringa-de-esporas-pes-hawaii\/#primaryimage"},"thumbnailUrl":"https:\/\/dutchmicrodosing.com\/wp-content\/uploads\/2024\/05\/mondo-sporenspuit-psilocybe-cubensis-treasure-coast.jpg","datePublished":"2024-05-12T09:16:54+00:00","dateModified":"2025-09-09T11:24:24+00:00","breadcrumb":{"@id":"https:\/\/dutchmicrodosing.com\/es\/esporas-de-setas-magicas\/jeringas-de-esporas\/jeringa-de-esporas-pes-hawaii\/#breadcrumb"},"inLanguage":"es","potentialAction":[{"@type":"ReadAction","target":["https:\/\/dutchmicrodosing.com\/es\/esporas-de-setas-magicas\/jeringas-de-esporas\/jeringa-de-esporas-pes-hawaii\/"]}]},{"@type":"ImageObject","inLanguage":"es","@id":"https:\/\/dutchmicrodosing.com\/es\/esporas-de-setas-magicas\/jeringas-de-esporas\/jeringa-de-esporas-pes-hawaii\/#primaryimage","url":"https:\/\/dutchmicrodosing.com\/wp-content\/uploads\/2024\/05\/mondo-sporenspuit-psilocybe-cubensis-treasure-coast.jpg","contentUrl":"https:\/\/dutchmicrodosing.com\/wp-content\/uploads\/2024\/05\/mondo-sporenspuit-psilocybe-cubensis-treasure-coast.jpg","width":330,"height":330},{"@type":"BreadcrumbList","@id":"https:\/\/dutchmicrodosing.com\/es\/esporas-de-setas-magicas\/jeringas-de-esporas\/jeringa-de-esporas-pes-hawaii\/#breadcrumb","itemListElement":[{"@type":"ListItem","position":1,"name":"Home","item":"https:\/\/dutchmicrodosing.com\/es\/"},{"@type":"ListItem","position":2,"name":"Tienda","item":"https:\/\/dutchmicrodosing.com\/es\/tienda\/"},{"@type":"ListItem","position":3,"name":"Jeringa de esporas PES Hawaii"}]},{"@type":"WebSite","@id":"https:\/\/dutchmicrodosing.com\/es\/#website","url":"https:\/\/dutchmicrodosing.com\/es\/","name":"Dutchmicrodosing","description":"","publisher":{"@id":"https:\/\/dutchmicrodosing.com\/es\/#organization"},"potentialAction":[{"@type":"SearchAction","target":{"@type":"EntryPoint","urlTemplate":"https:\/\/dutchmicrodosing.com\/es\/?s={search_term_string}"},"query-input":{"@type":"PropertyValueSpecification","valueRequired":true,"valueName":"search_term_string"}}],"inLanguage":"es"},{"@type":"Organization","@id":"https:\/\/dutchmicrodosing.com\/es\/#organization","name":"Dutchmicrodosing","url":"https:\/\/dutchmicrodosing.com\/es\/","logo":{"@type":"ImageObject","inLanguage":"es","@id":"https:\/\/dutchmicrodosing.com\/es\/#\/schema\/logo\/image\/","url":"https:\/\/dutchmicrodosing.com\/wp-content\/uploads\/2021\/01\/microdosing-categorie-pic-nieuw.jpg","contentUrl":"https:\/\/dutchmicrodosing.com\/wp-content\/uploads\/2021\/01\/microdosing-categorie-pic-nieuw.jpg","width":500,"height":500,"caption":"Dutchmicrodosing"},"image":{"@id":"https:\/\/dutchmicrodosing.com\/es\/#\/schema\/logo\/image\/"},"sameAs":["https:\/\/www.facebook.com\/Dutchmicrodosingxp\/","https:\/\/www.instagram.com\/dutchmicrodosing\/"]}]},"product_price_amount":"17.95","product_price_currency":"EUR","og_availability":"instock","product_availability":"instock","product_retailer_item_id":"0212360","product_condition":"new"},"_links":{"self":[{"href":"https:\/\/dutchmicrodosing.com\/es\/wp-json\/wp\/v2\/product\/39171","targetHints":{"allow":["GET"]}}],"collection":[{"href":"https:\/\/dutchmicrodosing.com\/es\/wp-json\/wp\/v2\/product"}],"about":[{"href":"https:\/\/dutchmicrodosing.com\/es\/wp-json\/wp\/v2\/types\/product"}],"replies":[{"embeddable":true,"href":"https:\/\/dutchmicrodosing.com\/es\/wp-json\/wp\/v2\/comments?post=39171"}],"version-history":[{"count":0,"href":"https:\/\/dutchmicrodosing.com\/es\/wp-json\/wp\/v2\/product\/39171\/revisions"}],"wp:featuredmedia":[{"embeddable":true,"href":"https:\/\/dutchmicrodosing.com\/es\/wp-json\/wp\/v2\/media\/39151"}],"wp:attachment":[{"href":"https:\/\/dutchmicrodosing.com\/es\/wp-json\/wp\/v2\/media?parent=39171"}],"wp:term":[{"taxonomy":"product_brand","embeddable":true,"href":"https:\/\/dutchmicrodosing.com\/es\/wp-json\/wp\/v2\/product_brand?post=39171"},{"taxonomy":"product_cat","embeddable":true,"href":"https:\/\/dutchmicrodosing.com\/es\/wp-json\/wp\/v2\/product_cat?post=39171"},{"taxonomy":"product_tag","embeddable":true,"href":"https:\/\/dutchmicrodosing.com\/es\/wp-json\/wp\/v2\/product_tag?post=39171"}],"curies":[{"name":"wp","href":"https:\/\/api.w.org\/{rel}","templated":true}]}}