{"id":39177,"date":"2024-05-12T11:24:16","date_gmt":"2024-05-12T09:24:16","guid":{"rendered":"https:\/\/dutchmicrodosing.com\/shop\/sin%20categor\u00eda\/jeringa-de-esporas-mckennaii\/"},"modified":"2025-08-26T01:10:16","modified_gmt":"2025-08-25T23:10:16","slug":"jeringa-de-esporas-mckennaii","status":"publish","type":"product","link":"https:\/\/dutchmicrodosing.com\/es\/esporas-de-setas-magicas\/jeringas-de-esporas\/jeringa-de-esporas-mckennaii\/","title":{"rendered":"Jeringa de esporas McKennaii"},"content":{"rendered":"<p>El <strong>pulverizador de esporas McKennaii<\/strong> es una variante notable dentro de la especie Psilocybe cubensis y es conocido por sus efectos especialmente potentes. Este hongo debe su nombre a Terrence McKenna, un influyente etnomic\u00f3logo y experto en psicod\u00e9licos. McKenna fue un pionero en la investigaci\u00f3n y promoci\u00f3n del uso de sustancias psicod\u00e9licas, incluidos los hongos psilocibios, y ha tenido un impacto significativo en las percepciones modernas de estas sustancias.<\/p>\n<p>El hongo McKennaii en s\u00ed produce frutos de tama\u00f1o medio con sombreros de color marr\u00f3n claro que no crecen especialmente grandes, pero la fuerza de esta variedad reside en sus efectos psicoactivos. Entre ellas se incluyen intensas alucinaciones visuales y profundas percepciones filos\u00f3ficas y creativas, a menudo descritas como un despertar espiritual. Debido a estos efectos extremos, el McKennaii suele considerarse demasiado intenso para los principiantes y, por tanto, es m\u00e1s adecuado para los consumidores m\u00e1s experimentados de psicod\u00e9licos.<\/p>\n<h2>Efectos de las setas de psilocibina Mondo McKennaii<\/h2>\n<p>La seta McKennaii no es adecuada para principiantes. Son f\u00e1ciles de cultivar y sus efectos son perfectos para los que ya han experimentado antes con setas de psilocibina. El hongo McKennaii tiene un alto contenido visual, creativo, filos\u00f3fico y medio en energ\u00eda corporal.<\/p>\n<h2>Informaci\u00f3n sobre la cr\u00eda Mondo jeringa de esporas McKennaii<\/h2>\n<ul>\n<li>Dificultad de cultivo: F\u00e1cil<\/li>\n<li>Sustrato: Esti\u00e9rcol, paja, cereales diversos<\/li>\n<li>Tiempo de colonizaci\u00f3n: 12-14 d\u00edas<\/li>\n<li>Temperatura de colonizaci\u00f3n: 28-30 grados Celsius<\/li>\n<li>Temperatura de la fruta: 18-27 grados Celsius<\/li>\n<\/ul>\n<h2>C\u00f3mo preparar mi jeringa Mondo Spore McKennaii<\/h2>\n<p>Antes de empezar a soltar las esporas, primero tienes que haber preparado un sustrato en una bandeja o bolsa de cultivo. Es importante distribuir bien las gotas de soluci\u00f3n trazadora sobre el sustrato. Esto permite que el micelio se desarrolle m\u00e1s r\u00e1pido y mejor. Las jeringuillas est\u00e9riles Mondo para esporas son muy f\u00e1ciles de usar. Con una jeringuilla de esporas McKennaii de 20 ml, puedes colonizar f\u00e1cilmente 6 litros de sustrato.<\/p>\n<ol>\n<li>Ponte guantes y mascarilla bucal<\/li>\n<li>Saca la jeringa Trace y la jeringa del embalaje<\/li>\n<li>Desenrosca la tapa roja de la jeringa de esporas y sustit\u00fayela por la aguja de la jeringa<\/li>\n<li>Incluye el recipiente o la bolsa de cultivo con el sustrato<\/li>\n<li>Presiona lentamente la parte posterior de la jeringa (el \u00e9mbolo) y deja caer cada gota esparcida sobre el sustrato. El lugar donde cae la gota sobre el sustrato es un punto potencial de crecimiento del micelio, distribuy\u00e9ndola bien optimizar\u00e1s la colonizaci\u00f3n.<\/li>\n<\/ol>\n<h2>Contenido de tu jeringa Mondo Spore McKennaii<\/h2>\n<ul>\n<li>1 jeringa de esporas contiene varios millones de esporas disueltas en 20 ml de agua est\u00e9ril.<\/li>\n<li>1 Aguja hipod\u00e9rmica<\/li>\n<li>1 toallita con alcohol<\/li>\n<\/ul>\n<h2>\u00bfCu\u00e1ntas Setas McKennaii debes tomar?<\/h2>\n<p>Por t\u00e9rmino medio, puedes suponer las siguientes cantidades:<\/p>\n<ul>\n<li>Viaje suave: 1 gramo de setas secas | 10 gramos de setas frescas<\/li>\n<li>Viaje normal: 2 gramos de setas secas | 20 gramos de setas frescas<\/li>\n<li>Viaje intenso: 3 gramos de setas secas | 30 gramos de setas frescas<\/li>\n<\/ul>\n<h2>Guarda tu pulverizador de esporas Mondo McKennaii<\/h2>\n<p>Como se trata de un producto sensible, recomendamos colocar la jeringa de esporas en el frigor\u00edfico a una temperatura de entre 2 y 8 grados inmediatamente despu\u00e9s de recibirla, durante 24 horas antes de utilizarla.<\/p>\n","protected":false},"excerpt":{"rendered":"<p>El pulverizador de esporas McKennaii es una variante notable dentro de la especie Psilocybe cubensis y es conocido por sus efectos especialmente potentes. Este hongo debe su nombre a Terrence McKenna, un influyente etnomic\u00f3logo y experto en psicod\u00e9licos. McKenna fue un pionero en la investigaci\u00f3n y promoci\u00f3n del uso de sustancias psicod\u00e9licas, incluidos los hongos [&hellip;]<\/p>\n","protected":false},"featured_media":39151,"comment_status":"closed","ping_status":"closed","template":"","meta":[],"product_brand":[],"product_cat":[365],"product_tag":[],"class_list":{"0":"post-39177","1":"product","2":"type-product","3":"status-publish","4":"has-post-thumbnail","6":"product_cat-jeringas-de-esporas","8":"first","9":"instock","10":"taxable","11":"shipping-taxable","12":"purchasable","13":"product-type-simple"},"yoast_head":"<!-- This site is optimized with the Yoast SEO Premium plugin v26.4 (Yoast SEO v27.2) - https:\/\/yoast.com\/product\/yoast-seo-premium-wordpress\/ -->\n<title>Jeringa de esporas McKennaii - Dutchmicrodosing<\/title>\n<meta name=\"description\" content=\"Descubre el potente Pulverizador de Esporas McKennaii para cultivar setas \u00fanicas y visualmente impresionantes. Haz clic aqu\u00ed para m\u00e1s informaci\u00f3n...\" \/>\n<meta name=\"robots\" content=\"index, follow, max-snippet:-1, max-image-preview:large, max-video-preview:-1\" \/>\n<link rel=\"canonical\" href=\"https:\/\/dutchmicrodosing.com\/es\/esporas-de-setas-magicas\/jeringas-de-esporas\/jeringa-de-esporas-mckennaii\/\" \/>\n<meta property=\"og:locale\" content=\"es_ES\" \/>\n<meta property=\"og:type\" content=\"article\" \/>\n<meta property=\"og:title\" content=\"Jeringa de esporas McKennaii\" \/>\n<meta property=\"og:description\" content=\"El pulverizador de esporas McKennaii es una variante notable dentro de la especie Psilocybe cubensis y es conocido por sus efectos especialmente potentes.\" \/>\n<meta property=\"og:url\" content=\"https:\/\/dutchmicrodosing.com\/es\/esporas-de-setas-magicas\/jeringas-de-esporas\/jeringa-de-esporas-mckennaii\/\" \/>\n<meta property=\"og:site_name\" content=\"Dutchmicrodosing\" \/>\n<meta property=\"article:publisher\" content=\"https:\/\/www.facebook.com\/Dutchmicrodosingxp\/\" \/>\n<meta property=\"article:modified_time\" content=\"2025-08-25T23:10:16+00:00\" \/>\n<meta property=\"og:image\" content=\"https:\/\/dutchmicrodosing.com\/wp-content\/uploads\/2024\/05\/mondo-sporenspuit-psilocybe-cubensis-treasure-coast.jpg\" \/>\n\t<meta property=\"og:image:width\" content=\"330\" \/>\n\t<meta property=\"og:image:height\" content=\"330\" \/>\n\t<meta property=\"og:image:type\" content=\"image\/jpeg\" \/>\n<meta name=\"twitter:card\" content=\"summary_large_image\" \/>\n<script type=\"application\/ld+json\" class=\"yoast-schema-graph\">{\"@context\":\"https:\/\/schema.org\",\"@graph\":[{\"@type\":\"WebPage\",\"@id\":\"https:\/\/dutchmicrodosing.com\/es\/esporas-de-setas-magicas\/jeringas-de-esporas\/jeringa-de-esporas-mckennaii\/\",\"url\":\"https:\/\/dutchmicrodosing.com\/es\/esporas-de-setas-magicas\/jeringas-de-esporas\/jeringa-de-esporas-mckennaii\/\",\"name\":\"Jeringa de esporas McKennaii - Dutchmicrodosing\",\"isPartOf\":{\"@id\":\"https:\/\/dutchmicrodosing.com\/es\/#website\"},\"primaryImageOfPage\":{\"@id\":\"https:\/\/dutchmicrodosing.com\/es\/esporas-de-setas-magicas\/jeringas-de-esporas\/jeringa-de-esporas-mckennaii\/#primaryimage\"},\"image\":{\"@id\":\"https:\/\/dutchmicrodosing.com\/es\/esporas-de-setas-magicas\/jeringas-de-esporas\/jeringa-de-esporas-mckennaii\/#primaryimage\"},\"thumbnailUrl\":\"https:\/\/dutchmicrodosing.com\/wp-content\/uploads\/2024\/05\/mondo-sporenspuit-psilocybe-cubensis-treasure-coast.jpg\",\"datePublished\":\"2024-05-12T09:24:16+00:00\",\"dateModified\":\"2025-08-25T23:10:16+00:00\",\"description\":\"Descubre el potente Pulverizador de Esporas McKennaii para cultivar setas \u00fanicas y visualmente impresionantes. Haz clic aqu\u00ed para m\u00e1s informaci\u00f3n...\",\"breadcrumb\":{\"@id\":\"https:\/\/dutchmicrodosing.com\/es\/esporas-de-setas-magicas\/jeringas-de-esporas\/jeringa-de-esporas-mckennaii\/#breadcrumb\"},\"inLanguage\":\"es\",\"potentialAction\":[{\"@type\":\"ReadAction\",\"target\":[\"https:\/\/dutchmicrodosing.com\/es\/esporas-de-setas-magicas\/jeringas-de-esporas\/jeringa-de-esporas-mckennaii\/\"]}]},{\"@type\":\"ImageObject\",\"inLanguage\":\"es\",\"@id\":\"https:\/\/dutchmicrodosing.com\/es\/esporas-de-setas-magicas\/jeringas-de-esporas\/jeringa-de-esporas-mckennaii\/#primaryimage\",\"url\":\"https:\/\/dutchmicrodosing.com\/wp-content\/uploads\/2024\/05\/mondo-sporenspuit-psilocybe-cubensis-treasure-coast.jpg\",\"contentUrl\":\"https:\/\/dutchmicrodosing.com\/wp-content\/uploads\/2024\/05\/mondo-sporenspuit-psilocybe-cubensis-treasure-coast.jpg\",\"width\":330,\"height\":330},{\"@type\":\"BreadcrumbList\",\"@id\":\"https:\/\/dutchmicrodosing.com\/es\/esporas-de-setas-magicas\/jeringas-de-esporas\/jeringa-de-esporas-mckennaii\/#breadcrumb\",\"itemListElement\":[{\"@type\":\"ListItem\",\"position\":1,\"name\":\"Home\",\"item\":\"https:\/\/dutchmicrodosing.com\/es\/\"},{\"@type\":\"ListItem\",\"position\":2,\"name\":\"Tienda\",\"item\":\"https:\/\/dutchmicrodosing.com\/es\/tienda\/\"},{\"@type\":\"ListItem\",\"position\":3,\"name\":\"Jeringa de esporas McKennaii\"}]},{\"@type\":\"WebSite\",\"@id\":\"https:\/\/dutchmicrodosing.com\/es\/#website\",\"url\":\"https:\/\/dutchmicrodosing.com\/es\/\",\"name\":\"Dutchmicrodosing\",\"description\":\"\",\"publisher\":{\"@id\":\"https:\/\/dutchmicrodosing.com\/es\/#organization\"},\"potentialAction\":[{\"@type\":\"SearchAction\",\"target\":{\"@type\":\"EntryPoint\",\"urlTemplate\":\"https:\/\/dutchmicrodosing.com\/es\/?s={search_term_string}\"},\"query-input\":{\"@type\":\"PropertyValueSpecification\",\"valueRequired\":true,\"valueName\":\"search_term_string\"}}],\"inLanguage\":\"es\"},{\"@type\":\"Organization\",\"@id\":\"https:\/\/dutchmicrodosing.com\/es\/#organization\",\"name\":\"Dutchmicrodosing\",\"url\":\"https:\/\/dutchmicrodosing.com\/es\/\",\"logo\":{\"@type\":\"ImageObject\",\"inLanguage\":\"es\",\"@id\":\"https:\/\/dutchmicrodosing.com\/es\/#\/schema\/logo\/image\/\",\"url\":\"https:\/\/dutchmicrodosing.com\/wp-content\/uploads\/2021\/01\/microdosing-categorie-pic-nieuw.jpg\",\"contentUrl\":\"https:\/\/dutchmicrodosing.com\/wp-content\/uploads\/2021\/01\/microdosing-categorie-pic-nieuw.jpg\",\"width\":500,\"height\":500,\"caption\":\"Dutchmicrodosing\"},\"image\":{\"@id\":\"https:\/\/dutchmicrodosing.com\/es\/#\/schema\/logo\/image\/\"},\"sameAs\":[\"https:\/\/www.facebook.com\/Dutchmicrodosingxp\/\",\"https:\/\/www.instagram.com\/dutchmicrodosing\/\"]}]}<\/script>\n<meta property=\"product:price:amount\" content=\"17.95\" \/>\n<meta property=\"product:price:currency\" content=\"EUR\" \/>\n<meta property=\"og:availability\" content=\"instock\" \/>\n<meta property=\"product:availability\" content=\"instock\" \/>\n<meta property=\"product:retailer_item_id\" content=\"0212105\" \/>\n<meta property=\"product:condition\" content=\"new\" \/>\n<!-- \/ Yoast SEO Premium plugin. -->","yoast_head_json":{"title":"Jeringa de esporas McKennaii - Dutchmicrodosing","description":"Descubre el potente Pulverizador de Esporas McKennaii para cultivar setas \u00fanicas y visualmente impresionantes. Haz clic aqu\u00ed para m\u00e1s informaci\u00f3n...","robots":{"index":"index","follow":"follow","max-snippet":"max-snippet:-1","max-image-preview":"max-image-preview:large","max-video-preview":"max-video-preview:-1"},"canonical":"https:\/\/dutchmicrodosing.com\/es\/esporas-de-setas-magicas\/jeringas-de-esporas\/jeringa-de-esporas-mckennaii\/","og_locale":"es_ES","og_type":"article","og_title":"Jeringa de esporas McKennaii","og_description":"El pulverizador de esporas McKennaii es una variante notable dentro de la especie Psilocybe cubensis y es conocido por sus efectos especialmente potentes.","og_url":"https:\/\/dutchmicrodosing.com\/es\/esporas-de-setas-magicas\/jeringas-de-esporas\/jeringa-de-esporas-mckennaii\/","og_site_name":"Dutchmicrodosing","article_publisher":"https:\/\/www.facebook.com\/Dutchmicrodosingxp\/","article_modified_time":"2025-08-25T23:10:16+00:00","og_image":[{"width":330,"height":330,"url":"https:\/\/dutchmicrodosing.com\/wp-content\/uploads\/2024\/05\/mondo-sporenspuit-psilocybe-cubensis-treasure-coast.jpg","type":"image\/jpeg"}],"twitter_card":"summary_large_image","schema":{"@context":"https:\/\/schema.org","@graph":[{"@type":"WebPage","@id":"https:\/\/dutchmicrodosing.com\/es\/esporas-de-setas-magicas\/jeringas-de-esporas\/jeringa-de-esporas-mckennaii\/","url":"https:\/\/dutchmicrodosing.com\/es\/esporas-de-setas-magicas\/jeringas-de-esporas\/jeringa-de-esporas-mckennaii\/","name":"Jeringa de esporas McKennaii - Dutchmicrodosing","isPartOf":{"@id":"https:\/\/dutchmicrodosing.com\/es\/#website"},"primaryImageOfPage":{"@id":"https:\/\/dutchmicrodosing.com\/es\/esporas-de-setas-magicas\/jeringas-de-esporas\/jeringa-de-esporas-mckennaii\/#primaryimage"},"image":{"@id":"https:\/\/dutchmicrodosing.com\/es\/esporas-de-setas-magicas\/jeringas-de-esporas\/jeringa-de-esporas-mckennaii\/#primaryimage"},"thumbnailUrl":"https:\/\/dutchmicrodosing.com\/wp-content\/uploads\/2024\/05\/mondo-sporenspuit-psilocybe-cubensis-treasure-coast.jpg","datePublished":"2024-05-12T09:24:16+00:00","dateModified":"2025-08-25T23:10:16+00:00","description":"Descubre el potente Pulverizador de Esporas McKennaii para cultivar setas \u00fanicas y visualmente impresionantes. Haz clic aqu\u00ed para m\u00e1s informaci\u00f3n...","breadcrumb":{"@id":"https:\/\/dutchmicrodosing.com\/es\/esporas-de-setas-magicas\/jeringas-de-esporas\/jeringa-de-esporas-mckennaii\/#breadcrumb"},"inLanguage":"es","potentialAction":[{"@type":"ReadAction","target":["https:\/\/dutchmicrodosing.com\/es\/esporas-de-setas-magicas\/jeringas-de-esporas\/jeringa-de-esporas-mckennaii\/"]}]},{"@type":"ImageObject","inLanguage":"es","@id":"https:\/\/dutchmicrodosing.com\/es\/esporas-de-setas-magicas\/jeringas-de-esporas\/jeringa-de-esporas-mckennaii\/#primaryimage","url":"https:\/\/dutchmicrodosing.com\/wp-content\/uploads\/2024\/05\/mondo-sporenspuit-psilocybe-cubensis-treasure-coast.jpg","contentUrl":"https:\/\/dutchmicrodosing.com\/wp-content\/uploads\/2024\/05\/mondo-sporenspuit-psilocybe-cubensis-treasure-coast.jpg","width":330,"height":330},{"@type":"BreadcrumbList","@id":"https:\/\/dutchmicrodosing.com\/es\/esporas-de-setas-magicas\/jeringas-de-esporas\/jeringa-de-esporas-mckennaii\/#breadcrumb","itemListElement":[{"@type":"ListItem","position":1,"name":"Home","item":"https:\/\/dutchmicrodosing.com\/es\/"},{"@type":"ListItem","position":2,"name":"Tienda","item":"https:\/\/dutchmicrodosing.com\/es\/tienda\/"},{"@type":"ListItem","position":3,"name":"Jeringa de esporas McKennaii"}]},{"@type":"WebSite","@id":"https:\/\/dutchmicrodosing.com\/es\/#website","url":"https:\/\/dutchmicrodosing.com\/es\/","name":"Dutchmicrodosing","description":"","publisher":{"@id":"https:\/\/dutchmicrodosing.com\/es\/#organization"},"potentialAction":[{"@type":"SearchAction","target":{"@type":"EntryPoint","urlTemplate":"https:\/\/dutchmicrodosing.com\/es\/?s={search_term_string}"},"query-input":{"@type":"PropertyValueSpecification","valueRequired":true,"valueName":"search_term_string"}}],"inLanguage":"es"},{"@type":"Organization","@id":"https:\/\/dutchmicrodosing.com\/es\/#organization","name":"Dutchmicrodosing","url":"https:\/\/dutchmicrodosing.com\/es\/","logo":{"@type":"ImageObject","inLanguage":"es","@id":"https:\/\/dutchmicrodosing.com\/es\/#\/schema\/logo\/image\/","url":"https:\/\/dutchmicrodosing.com\/wp-content\/uploads\/2021\/01\/microdosing-categorie-pic-nieuw.jpg","contentUrl":"https:\/\/dutchmicrodosing.com\/wp-content\/uploads\/2021\/01\/microdosing-categorie-pic-nieuw.jpg","width":500,"height":500,"caption":"Dutchmicrodosing"},"image":{"@id":"https:\/\/dutchmicrodosing.com\/es\/#\/schema\/logo\/image\/"},"sameAs":["https:\/\/www.facebook.com\/Dutchmicrodosingxp\/","https:\/\/www.instagram.com\/dutchmicrodosing\/"]}]},"product_price_amount":"17.95","product_price_currency":"EUR","og_availability":"instock","product_availability":"instock","product_retailer_item_id":"0212105","product_condition":"new"},"_links":{"self":[{"href":"https:\/\/dutchmicrodosing.com\/es\/wp-json\/wp\/v2\/product\/39177","targetHints":{"allow":["GET"]}}],"collection":[{"href":"https:\/\/dutchmicrodosing.com\/es\/wp-json\/wp\/v2\/product"}],"about":[{"href":"https:\/\/dutchmicrodosing.com\/es\/wp-json\/wp\/v2\/types\/product"}],"replies":[{"embeddable":true,"href":"https:\/\/dutchmicrodosing.com\/es\/wp-json\/wp\/v2\/comments?post=39177"}],"version-history":[{"count":0,"href":"https:\/\/dutchmicrodosing.com\/es\/wp-json\/wp\/v2\/product\/39177\/revisions"}],"wp:featuredmedia":[{"embeddable":true,"href":"https:\/\/dutchmicrodosing.com\/es\/wp-json\/wp\/v2\/media\/39151"}],"wp:attachment":[{"href":"https:\/\/dutchmicrodosing.com\/es\/wp-json\/wp\/v2\/media?parent=39177"}],"wp:term":[{"taxonomy":"product_brand","embeddable":true,"href":"https:\/\/dutchmicrodosing.com\/es\/wp-json\/wp\/v2\/product_brand?post=39177"},{"taxonomy":"product_cat","embeddable":true,"href":"https:\/\/dutchmicrodosing.com\/es\/wp-json\/wp\/v2\/product_cat?post=39177"},{"taxonomy":"product_tag","embeddable":true,"href":"https:\/\/dutchmicrodosing.com\/es\/wp-json\/wp\/v2\/product_tag?post=39177"}],"curies":[{"name":"wp","href":"https:\/\/api.w.org\/{rel}","templated":true}]}}