{"id":39225,"date":"2024-05-12T15:03:08","date_gmt":"2024-05-12T13:03:08","guid":{"rendered":"https:\/\/dutchmicrodosing.com\/shop\/sin%20categor\u00eda\/golden-teacher-sporeprint\/"},"modified":"2025-10-06T07:54:04","modified_gmt":"2025-10-06T05:54:04","slug":"golden-teacher-sporeprint","status":"publish","type":"product","link":"https:\/\/dutchmicrodosing.com\/es\/esporas-de-setas-magicas\/sellos-de-esporas\/golden-teacher-sporeprint\/","title":{"rendered":"Huella espor\u00e1dica del Profesor Dorado"},"content":{"rendered":"<p>Compra una <strong>impresi\u00f3n de esporas Golden Teacher<\/strong> para obtener micelio de alta calidad y cultivo en praderas. Perfecto para mic\u00f3logos y aficionados. Una impresi\u00f3n de esporas de seta es una impresi\u00f3n de las esporas de una seta, obtenida dejando caer las esporas del sombrero de la seta sobre una superficie adecuada. Los mic\u00f3logos y aficionados suelen utilizar las esporas para identificar setas, recoger esporas para examinarlas al microscopio o cultivar setas nuevas. He aqu\u00ed una explicaci\u00f3n paso a paso de c\u00f3mo se crea y se utiliza una esporoimpresi\u00f3n<\/p>\n<h2>C\u00f3mo hacer una jeringa de esporas de champi\u00f1\u00f3n con un Sporeprint<\/h2>\n<ul>\n<li>\u00a1Limpia y esteriliza todo lo que utilices! Abre con cuidado la huella de esporas y utiliza un cuchillo est\u00e9ril para raspar algunas de las esporas en un vaso de chupito est\u00e9ril. Una punta de cuchillo es suficiente para una jeringuilla de 10 cc.<\/li>\n<li>No utilices demasiada agua est\u00e9ril, con unas gotas es suficiente.<\/li>\n<li>Utiliza la aguja de la jeringuilla para mezclar las esporas con unas gotas de agua est\u00e9ril.<\/li>\n<li>Si te fijas bien, puedes ver que las v\u00edas se est\u00e1n desmoronando. Contin\u00faa hasta que las esporas de las setas est\u00e9n pr\u00e1cticamente disueltas en el agua.<\/li>\n<li>Aspira el agua con las esporas dentro de la aguja y apri\u00e9tala de nuevo.<\/li>\n<li>Repite este proceso varias veces. Esto har\u00e1 que las esporas se mezclen bien en el agua.<\/li>\n<li>Ch\u00fapalo una vez m\u00e1s y la jeringuilla de esporas estar\u00e1 terminada y lista para usar.<\/li>\n<\/ul>\n<h2>Sustrato para las esporas del Maestro de Oro<\/h2>\n<p>Hay varias formas de componer un sustrato. Estas esporas se desarrollan bien en un sustrato de harina de arroz integral, PF Tek, centeno y en tierra enriquecida y esti\u00e9rcol.<\/p>\n<h2>Guardar tu Sporeprint<\/h2>\n<p>Las impresiones de esporas de hongos se realizan en pel\u00edcula est\u00e9ril. Puedes guardarlos sin problemas en una bolsa de pl\u00e1stico est\u00e9ril con precinto en un lugar seco, limpio, oscuro y fresco.<\/p>\n","protected":false},"excerpt":{"rendered":"<p>Compra una impresi\u00f3n de esporas Golden Teacher para obtener micelio de alta calidad y cultivo en praderas. Perfecto para mic\u00f3logos y aficionados. Una impresi\u00f3n de esporas de seta es una impresi\u00f3n de las esporas de una seta, obtenida dejando caer las esporas del sombrero de la seta sobre una superficie adecuada. Los mic\u00f3logos y aficionados [&hellip;]<\/p>\n","protected":false},"featured_media":39195,"comment_status":"closed","ping_status":"closed","template":"","meta":[],"product_brand":[],"product_cat":[370],"product_tag":[],"class_list":{"0":"post-39225","1":"product","2":"type-product","3":"status-publish","4":"has-post-thumbnail","6":"product_cat-sellos-de-esporas","8":"first","9":"instock","10":"taxable","11":"shipping-taxable","12":"purchasable","13":"product-type-simple"},"yoast_head":"<!-- This site is optimized with the Yoast SEO Premium plugin v26.4 (Yoast SEO v27.4) - https:\/\/yoast.com\/product\/yoast-seo-premium-wordpress\/ -->\n<title>Huella espor\u00e1dica del Profesor Dorado - Dutchmicrodosing<\/title>\n<meta name=\"description\" content=\"Estas impresiones de esporas de alta calidad proporcionan una fuente fiable para cultivar potentes setas Golden Teacher. Haz clic aqu\u00ed para obtener m\u00e1s informaci\u00f3n...\" \/>\n<meta name=\"robots\" content=\"index, follow, max-snippet:-1, max-image-preview:large, max-video-preview:-1\" \/>\n<link rel=\"canonical\" href=\"https:\/\/dutchmicrodosing.com\/es\/esporas-de-setas-magicas\/sellos-de-esporas\/golden-teacher-sporeprint\/\" \/>\n<meta property=\"og:locale\" content=\"es_ES\" \/>\n<meta property=\"og:type\" content=\"article\" \/>\n<meta property=\"og:title\" content=\"Huella espor\u00e1dica del Profesor Dorado\" \/>\n<meta property=\"og:description\" content=\"Compra una impresi\u00f3n de esporas Golden Teacher para obtener micelio de alta calidad y cultivo en praderas. Perfecto para mic\u00f3logos y aficionados. Una\" \/>\n<meta property=\"og:url\" content=\"https:\/\/dutchmicrodosing.com\/es\/esporas-de-setas-magicas\/sellos-de-esporas\/golden-teacher-sporeprint\/\" \/>\n<meta property=\"og:site_name\" content=\"Dutchmicrodosing\" \/>\n<meta property=\"article:publisher\" content=\"https:\/\/www.facebook.com\/Dutchmicrodosingxp\/\" \/>\n<meta property=\"article:modified_time\" content=\"2025-10-06T05:54:04+00:00\" \/>\n<meta property=\"og:image\" content=\"https:\/\/dutchmicrodosing.com\/wp-content\/uploads\/2024\/05\/Spore_Golden_Teacher.jpg\" \/>\n\t<meta property=\"og:image:width\" content=\"1000\" \/>\n\t<meta property=\"og:image:height\" content=\"1000\" \/>\n\t<meta property=\"og:image:type\" content=\"image\/jpeg\" \/>\n<meta name=\"twitter:card\" content=\"summary_large_image\" \/>\n<script type=\"application\/ld+json\" class=\"yoast-schema-graph\">{\"@context\":\"https:\\\/\\\/schema.org\",\"@graph\":[{\"@type\":\"WebPage\",\"@id\":\"https:\\\/\\\/dutchmicrodosing.com\\\/es\\\/esporas-de-setas-magicas\\\/sellos-de-esporas\\\/golden-teacher-sporeprint\\\/\",\"url\":\"https:\\\/\\\/dutchmicrodosing.com\\\/es\\\/esporas-de-setas-magicas\\\/sellos-de-esporas\\\/golden-teacher-sporeprint\\\/\",\"name\":\"Huella espor\u00e1dica del Profesor Dorado - Dutchmicrodosing\",\"isPartOf\":{\"@id\":\"https:\\\/\\\/dutchmicrodosing.com\\\/es\\\/#website\"},\"primaryImageOfPage\":{\"@id\":\"https:\\\/\\\/dutchmicrodosing.com\\\/es\\\/esporas-de-setas-magicas\\\/sellos-de-esporas\\\/golden-teacher-sporeprint\\\/#primaryimage\"},\"image\":{\"@id\":\"https:\\\/\\\/dutchmicrodosing.com\\\/es\\\/esporas-de-setas-magicas\\\/sellos-de-esporas\\\/golden-teacher-sporeprint\\\/#primaryimage\"},\"thumbnailUrl\":\"https:\\\/\\\/dutchmicrodosing.com\\\/wp-content\\\/uploads\\\/2024\\\/05\\\/Spore_Golden_Teacher.jpg\",\"datePublished\":\"2024-05-12T13:03:08+00:00\",\"dateModified\":\"2025-10-06T05:54:04+00:00\",\"description\":\"Estas impresiones de esporas de alta calidad proporcionan una fuente fiable para cultivar potentes setas Golden Teacher. Haz clic aqu\u00ed para obtener m\u00e1s informaci\u00f3n...\",\"breadcrumb\":{\"@id\":\"https:\\\/\\\/dutchmicrodosing.com\\\/es\\\/esporas-de-setas-magicas\\\/sellos-de-esporas\\\/golden-teacher-sporeprint\\\/#breadcrumb\"},\"inLanguage\":\"es\",\"potentialAction\":[{\"@type\":\"ReadAction\",\"target\":[\"https:\\\/\\\/dutchmicrodosing.com\\\/es\\\/esporas-de-setas-magicas\\\/sellos-de-esporas\\\/golden-teacher-sporeprint\\\/\"]}]},{\"@type\":\"ImageObject\",\"inLanguage\":\"es\",\"@id\":\"https:\\\/\\\/dutchmicrodosing.com\\\/es\\\/esporas-de-setas-magicas\\\/sellos-de-esporas\\\/golden-teacher-sporeprint\\\/#primaryimage\",\"url\":\"https:\\\/\\\/dutchmicrodosing.com\\\/wp-content\\\/uploads\\\/2024\\\/05\\\/Spore_Golden_Teacher.jpg\",\"contentUrl\":\"https:\\\/\\\/dutchmicrodosing.com\\\/wp-content\\\/uploads\\\/2024\\\/05\\\/Spore_Golden_Teacher.jpg\",\"width\":1000,\"height\":1000},{\"@type\":\"BreadcrumbList\",\"@id\":\"https:\\\/\\\/dutchmicrodosing.com\\\/es\\\/esporas-de-setas-magicas\\\/sellos-de-esporas\\\/golden-teacher-sporeprint\\\/#breadcrumb\",\"itemListElement\":[{\"@type\":\"ListItem\",\"position\":1,\"name\":\"Home\",\"item\":\"https:\\\/\\\/dutchmicrodosing.com\\\/es\\\/\"},{\"@type\":\"ListItem\",\"position\":2,\"name\":\"Tienda\",\"item\":\"https:\\\/\\\/dutchmicrodosing.com\\\/es\\\/tienda\\\/\"},{\"@type\":\"ListItem\",\"position\":3,\"name\":\"Huella espor\u00e1dica del Profesor Dorado\"}]},{\"@type\":\"WebSite\",\"@id\":\"https:\\\/\\\/dutchmicrodosing.com\\\/es\\\/#website\",\"url\":\"https:\\\/\\\/dutchmicrodosing.com\\\/es\\\/\",\"name\":\"Dutchmicrodosing\",\"description\":\"\",\"publisher\":{\"@id\":\"https:\\\/\\\/dutchmicrodosing.com\\\/es\\\/#organization\"},\"potentialAction\":[{\"@type\":\"SearchAction\",\"target\":{\"@type\":\"EntryPoint\",\"urlTemplate\":\"https:\\\/\\\/dutchmicrodosing.com\\\/es\\\/?s={search_term_string}\"},\"query-input\":{\"@type\":\"PropertyValueSpecification\",\"valueRequired\":true,\"valueName\":\"search_term_string\"}}],\"inLanguage\":\"es\"},{\"@type\":\"Organization\",\"@id\":\"https:\\\/\\\/dutchmicrodosing.com\\\/es\\\/#organization\",\"name\":\"Dutchmicrodosing\",\"url\":\"https:\\\/\\\/dutchmicrodosing.com\\\/es\\\/\",\"logo\":{\"@type\":\"ImageObject\",\"inLanguage\":\"es\",\"@id\":\"https:\\\/\\\/dutchmicrodosing.com\\\/es\\\/#\\\/schema\\\/logo\\\/image\\\/\",\"url\":\"https:\\\/\\\/dutchmicrodosing.com\\\/wp-content\\\/uploads\\\/2021\\\/01\\\/microdosing-categorie-pic-nieuw.jpg\",\"contentUrl\":\"https:\\\/\\\/dutchmicrodosing.com\\\/wp-content\\\/uploads\\\/2021\\\/01\\\/microdosing-categorie-pic-nieuw.jpg\",\"width\":500,\"height\":500,\"caption\":\"Dutchmicrodosing\"},\"image\":{\"@id\":\"https:\\\/\\\/dutchmicrodosing.com\\\/es\\\/#\\\/schema\\\/logo\\\/image\\\/\"},\"sameAs\":[\"https:\\\/\\\/www.facebook.com\\\/Dutchmicrodosingxp\\\/\",\"https:\\\/\\\/www.instagram.com\\\/dutchmicrodosing\\\/\"]}]}<\/script>\n<meta property=\"product:price:amount\" content=\"17.95\" \/>\n<meta property=\"product:price:currency\" content=\"EUR\" \/>\n<meta property=\"og:availability\" content=\"instock\" \/>\n<meta property=\"product:availability\" content=\"instock\" \/>\n<meta property=\"product:retailer_item_id\" content=\"1209506\" \/>\n<meta property=\"product:condition\" content=\"new\" \/>\n<!-- \/ Yoast SEO Premium plugin. -->","yoast_head_json":{"title":"Huella espor\u00e1dica del Profesor Dorado - Dutchmicrodosing","description":"Estas impresiones de esporas de alta calidad proporcionan una fuente fiable para cultivar potentes setas Golden Teacher. Haz clic aqu\u00ed para obtener m\u00e1s informaci\u00f3n...","robots":{"index":"index","follow":"follow","max-snippet":"max-snippet:-1","max-image-preview":"max-image-preview:large","max-video-preview":"max-video-preview:-1"},"canonical":"https:\/\/dutchmicrodosing.com\/es\/esporas-de-setas-magicas\/sellos-de-esporas\/golden-teacher-sporeprint\/","og_locale":"es_ES","og_type":"article","og_title":"Huella espor\u00e1dica del Profesor Dorado","og_description":"Compra una impresi\u00f3n de esporas Golden Teacher para obtener micelio de alta calidad y cultivo en praderas. Perfecto para mic\u00f3logos y aficionados. Una","og_url":"https:\/\/dutchmicrodosing.com\/es\/esporas-de-setas-magicas\/sellos-de-esporas\/golden-teacher-sporeprint\/","og_site_name":"Dutchmicrodosing","article_publisher":"https:\/\/www.facebook.com\/Dutchmicrodosingxp\/","article_modified_time":"2025-10-06T05:54:04+00:00","og_image":[{"width":1000,"height":1000,"url":"https:\/\/dutchmicrodosing.com\/wp-content\/uploads\/2024\/05\/Spore_Golden_Teacher.jpg","type":"image\/jpeg"}],"twitter_card":"summary_large_image","schema":{"@context":"https:\/\/schema.org","@graph":[{"@type":"WebPage","@id":"https:\/\/dutchmicrodosing.com\/es\/esporas-de-setas-magicas\/sellos-de-esporas\/golden-teacher-sporeprint\/","url":"https:\/\/dutchmicrodosing.com\/es\/esporas-de-setas-magicas\/sellos-de-esporas\/golden-teacher-sporeprint\/","name":"Huella espor\u00e1dica del Profesor Dorado - Dutchmicrodosing","isPartOf":{"@id":"https:\/\/dutchmicrodosing.com\/es\/#website"},"primaryImageOfPage":{"@id":"https:\/\/dutchmicrodosing.com\/es\/esporas-de-setas-magicas\/sellos-de-esporas\/golden-teacher-sporeprint\/#primaryimage"},"image":{"@id":"https:\/\/dutchmicrodosing.com\/es\/esporas-de-setas-magicas\/sellos-de-esporas\/golden-teacher-sporeprint\/#primaryimage"},"thumbnailUrl":"https:\/\/dutchmicrodosing.com\/wp-content\/uploads\/2024\/05\/Spore_Golden_Teacher.jpg","datePublished":"2024-05-12T13:03:08+00:00","dateModified":"2025-10-06T05:54:04+00:00","description":"Estas impresiones de esporas de alta calidad proporcionan una fuente fiable para cultivar potentes setas Golden Teacher. Haz clic aqu\u00ed para obtener m\u00e1s informaci\u00f3n...","breadcrumb":{"@id":"https:\/\/dutchmicrodosing.com\/es\/esporas-de-setas-magicas\/sellos-de-esporas\/golden-teacher-sporeprint\/#breadcrumb"},"inLanguage":"es","potentialAction":[{"@type":"ReadAction","target":["https:\/\/dutchmicrodosing.com\/es\/esporas-de-setas-magicas\/sellos-de-esporas\/golden-teacher-sporeprint\/"]}]},{"@type":"ImageObject","inLanguage":"es","@id":"https:\/\/dutchmicrodosing.com\/es\/esporas-de-setas-magicas\/sellos-de-esporas\/golden-teacher-sporeprint\/#primaryimage","url":"https:\/\/dutchmicrodosing.com\/wp-content\/uploads\/2024\/05\/Spore_Golden_Teacher.jpg","contentUrl":"https:\/\/dutchmicrodosing.com\/wp-content\/uploads\/2024\/05\/Spore_Golden_Teacher.jpg","width":1000,"height":1000},{"@type":"BreadcrumbList","@id":"https:\/\/dutchmicrodosing.com\/es\/esporas-de-setas-magicas\/sellos-de-esporas\/golden-teacher-sporeprint\/#breadcrumb","itemListElement":[{"@type":"ListItem","position":1,"name":"Home","item":"https:\/\/dutchmicrodosing.com\/es\/"},{"@type":"ListItem","position":2,"name":"Tienda","item":"https:\/\/dutchmicrodosing.com\/es\/tienda\/"},{"@type":"ListItem","position":3,"name":"Huella espor\u00e1dica del Profesor Dorado"}]},{"@type":"WebSite","@id":"https:\/\/dutchmicrodosing.com\/es\/#website","url":"https:\/\/dutchmicrodosing.com\/es\/","name":"Dutchmicrodosing","description":"","publisher":{"@id":"https:\/\/dutchmicrodosing.com\/es\/#organization"},"potentialAction":[{"@type":"SearchAction","target":{"@type":"EntryPoint","urlTemplate":"https:\/\/dutchmicrodosing.com\/es\/?s={search_term_string}"},"query-input":{"@type":"PropertyValueSpecification","valueRequired":true,"valueName":"search_term_string"}}],"inLanguage":"es"},{"@type":"Organization","@id":"https:\/\/dutchmicrodosing.com\/es\/#organization","name":"Dutchmicrodosing","url":"https:\/\/dutchmicrodosing.com\/es\/","logo":{"@type":"ImageObject","inLanguage":"es","@id":"https:\/\/dutchmicrodosing.com\/es\/#\/schema\/logo\/image\/","url":"https:\/\/dutchmicrodosing.com\/wp-content\/uploads\/2021\/01\/microdosing-categorie-pic-nieuw.jpg","contentUrl":"https:\/\/dutchmicrodosing.com\/wp-content\/uploads\/2021\/01\/microdosing-categorie-pic-nieuw.jpg","width":500,"height":500,"caption":"Dutchmicrodosing"},"image":{"@id":"https:\/\/dutchmicrodosing.com\/es\/#\/schema\/logo\/image\/"},"sameAs":["https:\/\/www.facebook.com\/Dutchmicrodosingxp\/","https:\/\/www.instagram.com\/dutchmicrodosing\/"]}]},"product_price_amount":"17.95","product_price_currency":"EUR","og_availability":"instock","product_availability":"instock","product_retailer_item_id":"1209506","product_condition":"new"},"_links":{"self":[{"href":"https:\/\/dutchmicrodosing.com\/es\/wp-json\/wp\/v2\/product\/39225","targetHints":{"allow":["GET"]}}],"collection":[{"href":"https:\/\/dutchmicrodosing.com\/es\/wp-json\/wp\/v2\/product"}],"about":[{"href":"https:\/\/dutchmicrodosing.com\/es\/wp-json\/wp\/v2\/types\/product"}],"replies":[{"embeddable":true,"href":"https:\/\/dutchmicrodosing.com\/es\/wp-json\/wp\/v2\/comments?post=39225"}],"version-history":[{"count":0,"href":"https:\/\/dutchmicrodosing.com\/es\/wp-json\/wp\/v2\/product\/39225\/revisions"}],"wp:featuredmedia":[{"embeddable":true,"href":"https:\/\/dutchmicrodosing.com\/es\/wp-json\/wp\/v2\/media\/39195"}],"wp:attachment":[{"href":"https:\/\/dutchmicrodosing.com\/es\/wp-json\/wp\/v2\/media?parent=39225"}],"wp:term":[{"taxonomy":"product_brand","embeddable":true,"href":"https:\/\/dutchmicrodosing.com\/es\/wp-json\/wp\/v2\/product_brand?post=39225"},{"taxonomy":"product_cat","embeddable":true,"href":"https:\/\/dutchmicrodosing.com\/es\/wp-json\/wp\/v2\/product_cat?post=39225"},{"taxonomy":"product_tag","embeddable":true,"href":"https:\/\/dutchmicrodosing.com\/es\/wp-json\/wp\/v2\/product_tag?post=39225"}],"curies":[{"name":"wp","href":"https:\/\/api.w.org\/{rel}","templated":true}]}}