{"id":39228,"date":"2024-05-12T18:59:41","date_gmt":"2024-05-12T16:59:41","guid":{"rendered":"https:\/\/dutchmicrodosing.com\/shop\/sin%20categor\u00eda\/mckennaii-sporeprint\/"},"modified":"2025-10-13T14:19:58","modified_gmt":"2025-10-13T12:19:58","slug":"mckennaii-sporeprint","status":"publish","type":"product","link":"https:\/\/dutchmicrodosing.com\/es\/esporas-de-setas-magicas\/sellos-de-esporas\/mckennaii-sporeprint\/","title":{"rendered":"Esporada McKennaii"},"content":{"rendered":"<p>Compra una <strong>impresi\u00f3n de esporas McKennaii<\/strong> para obtener micelio de alta calidad y cultivo de praderas. Perfecto para mic\u00f3logos y aficionados. Una impresi\u00f3n de esporas de seta es una impresi\u00f3n de las esporas de una seta, obtenida dejando caer las esporas del sombrero de la seta sobre una superficie adecuada. Los mic\u00f3logos y aficionados suelen utilizar las esporas para identificar setas, recoger esporas para examinarlas al microscopio o cultivar setas nuevas.<\/p>\n<p>Aqu\u00ed tienes una explicaci\u00f3n paso a paso de c\u00f3mo se crea y utiliza una huella de espora. A menudo se comprueba la viabilidad de estas especies para asegurarse de que crecer\u00e1n. La McKennaii se considera una variedad m\u00e1s fuerte y se recomienda a las personas que ya tienen experiencia con las setas m\u00e1gicas, debido a su crecimiento fiable y a la intensa experiencia que pueden ofrecer.<\/p>\n<h2>C\u00f3mo hacer un aerosol de esporas de champi\u00f1\u00f3n con un Sporeprint<\/h2>\n<ul>\n<li>\u00a1Limpia y esteriliza todo lo que utilices! Abre con cuidado la huella de esporas y utiliza un cuchillo est\u00e9ril para raspar algunas de las esporas en un vaso de chupito est\u00e9ril. Una punta de cuchillo es suficiente para una jeringuilla de 10 cc.<\/li>\n<li>No utilices demasiada agua est\u00e9ril, con unas gotas es suficiente.<\/li>\n<li>Utiliza la aguja de la jeringuilla para mezclar las esporas con unas gotas de agua est\u00e9ril.<\/li>\n<li>Si te fijas bien, puedes ver que las v\u00edas se est\u00e1n desmoronando. Contin\u00faa hasta que las esporas de las setas est\u00e9n pr\u00e1cticamente disueltas en el agua.<\/li>\n<li>Aspira el agua con las esporas dentro de la aguja y apri\u00e9tala de nuevo.<\/li>\n<li>Repite este proceso varias veces. Esto har\u00e1 que las esporas se mezclen bien en el agua.<\/li>\n<li>Ch\u00fapalo una vez m\u00e1s y la jeringuilla de esporas estar\u00e1 terminada y lista para usar.<\/li>\n<\/ul>\n<h2>Sustrato para las esporas de McKennaii<\/h2>\n<p>Hay varias formas de componer un sustrato. Estas esporas se desarrollan bien en un sustrato de harina de arroz integral, PF Tek, centeno y en tierra enriquecida y esti\u00e9rcol.<\/p>\n<h2>Guardar tu huella espor\u00e1dica<\/h2>\n<p>Las impresiones de esporas de hongos se realizan en pel\u00edcula est\u00e9ril. Puedes guardarlos sin problemas en una bolsa de pl\u00e1stico est\u00e9ril con precinto en un lugar seco, limpio, oscuro y fresco.<\/p>\n","protected":false},"excerpt":{"rendered":"<p>Compra una impresi\u00f3n de esporas McKennaii para obtener micelio de alta calidad y cultivo de praderas. Perfecto para mic\u00f3logos y aficionados. Una impresi\u00f3n de esporas de seta es una impresi\u00f3n de las esporas de una seta, obtenida dejando caer las esporas del sombrero de la seta sobre una superficie adecuada. Los mic\u00f3logos y aficionados suelen [&hellip;]<\/p>\n","protected":false},"featured_media":39203,"comment_status":"closed","ping_status":"closed","template":"","meta":[],"product_brand":[],"product_cat":[370],"product_tag":[],"class_list":{"0":"post-39228","1":"product","2":"type-product","3":"status-publish","4":"has-post-thumbnail","6":"product_cat-sellos-de-esporas","8":"first","9":"instock","10":"taxable","11":"shipping-taxable","12":"purchasable","13":"product-type-simple"},"yoast_head":"<!-- This site is optimized with the Yoast SEO Premium plugin v26.4 (Yoast SEO v27.4) - https:\/\/yoast.com\/product\/yoast-seo-premium-wordpress\/ -->\n<title>Esporada McKennaii - Dutchmicrodosing<\/title>\n<meta name=\"description\" content=\"Compra impresiones de esporas de hongos McKennaii de alta calidad para un cultivo fiable y eficaz, \u00a1y potentes setas visuales! Para m\u00e1s informaci\u00f3n, haz clic aqu\u00ed...\" \/>\n<meta name=\"robots\" content=\"index, follow, max-snippet:-1, max-image-preview:large, max-video-preview:-1\" \/>\n<link rel=\"canonical\" href=\"https:\/\/dutchmicrodosing.com\/es\/esporas-de-setas-magicas\/sellos-de-esporas\/mckennaii-sporeprint\/\" \/>\n<meta property=\"og:locale\" content=\"es_ES\" \/>\n<meta property=\"og:type\" content=\"article\" \/>\n<meta property=\"og:title\" content=\"Esporada McKennaii\" \/>\n<meta property=\"og:description\" content=\"Compra una impresi\u00f3n de esporas McKennaii para obtener micelio de alta calidad y cultivo de praderas. Perfecto para mic\u00f3logos y aficionados. Una impresi\u00f3n\" \/>\n<meta property=\"og:url\" content=\"https:\/\/dutchmicrodosing.com\/es\/esporas-de-setas-magicas\/sellos-de-esporas\/mckennaii-sporeprint\/\" \/>\n<meta property=\"og:site_name\" content=\"Dutchmicrodosing\" \/>\n<meta property=\"article:publisher\" content=\"https:\/\/www.facebook.com\/Dutchmicrodosingxp\/\" \/>\n<meta property=\"article:modified_time\" content=\"2025-10-13T12:19:58+00:00\" \/>\n<meta property=\"og:image\" content=\"https:\/\/dutchmicrodosing.com\/wp-content\/uploads\/2024\/05\/Spore_McKennaii.jpg\" \/>\n\t<meta property=\"og:image:width\" content=\"1000\" \/>\n\t<meta property=\"og:image:height\" content=\"1000\" \/>\n\t<meta property=\"og:image:type\" content=\"image\/jpeg\" \/>\n<meta name=\"twitter:card\" content=\"summary_large_image\" \/>\n<script type=\"application\/ld+json\" class=\"yoast-schema-graph\">{\"@context\":\"https:\\\/\\\/schema.org\",\"@graph\":[{\"@type\":\"WebPage\",\"@id\":\"https:\\\/\\\/dutchmicrodosing.com\\\/es\\\/esporas-de-setas-magicas\\\/sellos-de-esporas\\\/mckennaii-sporeprint\\\/\",\"url\":\"https:\\\/\\\/dutchmicrodosing.com\\\/es\\\/esporas-de-setas-magicas\\\/sellos-de-esporas\\\/mckennaii-sporeprint\\\/\",\"name\":\"Esporada McKennaii - Dutchmicrodosing\",\"isPartOf\":{\"@id\":\"https:\\\/\\\/dutchmicrodosing.com\\\/es\\\/#website\"},\"primaryImageOfPage\":{\"@id\":\"https:\\\/\\\/dutchmicrodosing.com\\\/es\\\/esporas-de-setas-magicas\\\/sellos-de-esporas\\\/mckennaii-sporeprint\\\/#primaryimage\"},\"image\":{\"@id\":\"https:\\\/\\\/dutchmicrodosing.com\\\/es\\\/esporas-de-setas-magicas\\\/sellos-de-esporas\\\/mckennaii-sporeprint\\\/#primaryimage\"},\"thumbnailUrl\":\"https:\\\/\\\/dutchmicrodosing.com\\\/wp-content\\\/uploads\\\/2024\\\/05\\\/Spore_McKennaii.jpg\",\"datePublished\":\"2024-05-12T16:59:41+00:00\",\"dateModified\":\"2025-10-13T12:19:58+00:00\",\"description\":\"Compra impresiones de esporas de hongos McKennaii de alta calidad para un cultivo fiable y eficaz, \u00a1y potentes setas visuales! Para m\u00e1s informaci\u00f3n, haz clic aqu\u00ed...\",\"breadcrumb\":{\"@id\":\"https:\\\/\\\/dutchmicrodosing.com\\\/es\\\/esporas-de-setas-magicas\\\/sellos-de-esporas\\\/mckennaii-sporeprint\\\/#breadcrumb\"},\"inLanguage\":\"es\",\"potentialAction\":[{\"@type\":\"ReadAction\",\"target\":[\"https:\\\/\\\/dutchmicrodosing.com\\\/es\\\/esporas-de-setas-magicas\\\/sellos-de-esporas\\\/mckennaii-sporeprint\\\/\"]}]},{\"@type\":\"ImageObject\",\"inLanguage\":\"es\",\"@id\":\"https:\\\/\\\/dutchmicrodosing.com\\\/es\\\/esporas-de-setas-magicas\\\/sellos-de-esporas\\\/mckennaii-sporeprint\\\/#primaryimage\",\"url\":\"https:\\\/\\\/dutchmicrodosing.com\\\/wp-content\\\/uploads\\\/2024\\\/05\\\/Spore_McKennaii.jpg\",\"contentUrl\":\"https:\\\/\\\/dutchmicrodosing.com\\\/wp-content\\\/uploads\\\/2024\\\/05\\\/Spore_McKennaii.jpg\",\"width\":1000,\"height\":1000},{\"@type\":\"BreadcrumbList\",\"@id\":\"https:\\\/\\\/dutchmicrodosing.com\\\/es\\\/esporas-de-setas-magicas\\\/sellos-de-esporas\\\/mckennaii-sporeprint\\\/#breadcrumb\",\"itemListElement\":[{\"@type\":\"ListItem\",\"position\":1,\"name\":\"Home\",\"item\":\"https:\\\/\\\/dutchmicrodosing.com\\\/es\\\/\"},{\"@type\":\"ListItem\",\"position\":2,\"name\":\"Tienda\",\"item\":\"https:\\\/\\\/dutchmicrodosing.com\\\/es\\\/tienda\\\/\"},{\"@type\":\"ListItem\",\"position\":3,\"name\":\"Esporada McKennaii\"}]},{\"@type\":\"WebSite\",\"@id\":\"https:\\\/\\\/dutchmicrodosing.com\\\/es\\\/#website\",\"url\":\"https:\\\/\\\/dutchmicrodosing.com\\\/es\\\/\",\"name\":\"Dutchmicrodosing\",\"description\":\"\",\"publisher\":{\"@id\":\"https:\\\/\\\/dutchmicrodosing.com\\\/es\\\/#organization\"},\"potentialAction\":[{\"@type\":\"SearchAction\",\"target\":{\"@type\":\"EntryPoint\",\"urlTemplate\":\"https:\\\/\\\/dutchmicrodosing.com\\\/es\\\/?s={search_term_string}\"},\"query-input\":{\"@type\":\"PropertyValueSpecification\",\"valueRequired\":true,\"valueName\":\"search_term_string\"}}],\"inLanguage\":\"es\"},{\"@type\":\"Organization\",\"@id\":\"https:\\\/\\\/dutchmicrodosing.com\\\/es\\\/#organization\",\"name\":\"Dutchmicrodosing\",\"url\":\"https:\\\/\\\/dutchmicrodosing.com\\\/es\\\/\",\"logo\":{\"@type\":\"ImageObject\",\"inLanguage\":\"es\",\"@id\":\"https:\\\/\\\/dutchmicrodosing.com\\\/es\\\/#\\\/schema\\\/logo\\\/image\\\/\",\"url\":\"https:\\\/\\\/dutchmicrodosing.com\\\/wp-content\\\/uploads\\\/2021\\\/01\\\/microdosing-categorie-pic-nieuw.jpg\",\"contentUrl\":\"https:\\\/\\\/dutchmicrodosing.com\\\/wp-content\\\/uploads\\\/2021\\\/01\\\/microdosing-categorie-pic-nieuw.jpg\",\"width\":500,\"height\":500,\"caption\":\"Dutchmicrodosing\"},\"image\":{\"@id\":\"https:\\\/\\\/dutchmicrodosing.com\\\/es\\\/#\\\/schema\\\/logo\\\/image\\\/\"},\"sameAs\":[\"https:\\\/\\\/www.facebook.com\\\/Dutchmicrodosingxp\\\/\",\"https:\\\/\\\/www.instagram.com\\\/dutchmicrodosing\\\/\"]}]}<\/script>\n<meta property=\"product:price:amount\" content=\"17.95\" \/>\n<meta property=\"product:price:currency\" content=\"EUR\" \/>\n<meta property=\"og:availability\" content=\"instock\" \/>\n<meta property=\"product:availability\" content=\"instock\" \/>\n<meta property=\"product:retailer_item_id\" content=\"2206974\" \/>\n<meta property=\"product:condition\" content=\"new\" \/>\n<!-- \/ Yoast SEO Premium plugin. -->","yoast_head_json":{"title":"Esporada McKennaii - Dutchmicrodosing","description":"Compra impresiones de esporas de hongos McKennaii de alta calidad para un cultivo fiable y eficaz, \u00a1y potentes setas visuales! Para m\u00e1s informaci\u00f3n, haz clic aqu\u00ed...","robots":{"index":"index","follow":"follow","max-snippet":"max-snippet:-1","max-image-preview":"max-image-preview:large","max-video-preview":"max-video-preview:-1"},"canonical":"https:\/\/dutchmicrodosing.com\/es\/esporas-de-setas-magicas\/sellos-de-esporas\/mckennaii-sporeprint\/","og_locale":"es_ES","og_type":"article","og_title":"Esporada McKennaii","og_description":"Compra una impresi\u00f3n de esporas McKennaii para obtener micelio de alta calidad y cultivo de praderas. Perfecto para mic\u00f3logos y aficionados. Una impresi\u00f3n","og_url":"https:\/\/dutchmicrodosing.com\/es\/esporas-de-setas-magicas\/sellos-de-esporas\/mckennaii-sporeprint\/","og_site_name":"Dutchmicrodosing","article_publisher":"https:\/\/www.facebook.com\/Dutchmicrodosingxp\/","article_modified_time":"2025-10-13T12:19:58+00:00","og_image":[{"width":1000,"height":1000,"url":"https:\/\/dutchmicrodosing.com\/wp-content\/uploads\/2024\/05\/Spore_McKennaii.jpg","type":"image\/jpeg"}],"twitter_card":"summary_large_image","schema":{"@context":"https:\/\/schema.org","@graph":[{"@type":"WebPage","@id":"https:\/\/dutchmicrodosing.com\/es\/esporas-de-setas-magicas\/sellos-de-esporas\/mckennaii-sporeprint\/","url":"https:\/\/dutchmicrodosing.com\/es\/esporas-de-setas-magicas\/sellos-de-esporas\/mckennaii-sporeprint\/","name":"Esporada McKennaii - Dutchmicrodosing","isPartOf":{"@id":"https:\/\/dutchmicrodosing.com\/es\/#website"},"primaryImageOfPage":{"@id":"https:\/\/dutchmicrodosing.com\/es\/esporas-de-setas-magicas\/sellos-de-esporas\/mckennaii-sporeprint\/#primaryimage"},"image":{"@id":"https:\/\/dutchmicrodosing.com\/es\/esporas-de-setas-magicas\/sellos-de-esporas\/mckennaii-sporeprint\/#primaryimage"},"thumbnailUrl":"https:\/\/dutchmicrodosing.com\/wp-content\/uploads\/2024\/05\/Spore_McKennaii.jpg","datePublished":"2024-05-12T16:59:41+00:00","dateModified":"2025-10-13T12:19:58+00:00","description":"Compra impresiones de esporas de hongos McKennaii de alta calidad para un cultivo fiable y eficaz, \u00a1y potentes setas visuales! Para m\u00e1s informaci\u00f3n, haz clic aqu\u00ed...","breadcrumb":{"@id":"https:\/\/dutchmicrodosing.com\/es\/esporas-de-setas-magicas\/sellos-de-esporas\/mckennaii-sporeprint\/#breadcrumb"},"inLanguage":"es","potentialAction":[{"@type":"ReadAction","target":["https:\/\/dutchmicrodosing.com\/es\/esporas-de-setas-magicas\/sellos-de-esporas\/mckennaii-sporeprint\/"]}]},{"@type":"ImageObject","inLanguage":"es","@id":"https:\/\/dutchmicrodosing.com\/es\/esporas-de-setas-magicas\/sellos-de-esporas\/mckennaii-sporeprint\/#primaryimage","url":"https:\/\/dutchmicrodosing.com\/wp-content\/uploads\/2024\/05\/Spore_McKennaii.jpg","contentUrl":"https:\/\/dutchmicrodosing.com\/wp-content\/uploads\/2024\/05\/Spore_McKennaii.jpg","width":1000,"height":1000},{"@type":"BreadcrumbList","@id":"https:\/\/dutchmicrodosing.com\/es\/esporas-de-setas-magicas\/sellos-de-esporas\/mckennaii-sporeprint\/#breadcrumb","itemListElement":[{"@type":"ListItem","position":1,"name":"Home","item":"https:\/\/dutchmicrodosing.com\/es\/"},{"@type":"ListItem","position":2,"name":"Tienda","item":"https:\/\/dutchmicrodosing.com\/es\/tienda\/"},{"@type":"ListItem","position":3,"name":"Esporada McKennaii"}]},{"@type":"WebSite","@id":"https:\/\/dutchmicrodosing.com\/es\/#website","url":"https:\/\/dutchmicrodosing.com\/es\/","name":"Dutchmicrodosing","description":"","publisher":{"@id":"https:\/\/dutchmicrodosing.com\/es\/#organization"},"potentialAction":[{"@type":"SearchAction","target":{"@type":"EntryPoint","urlTemplate":"https:\/\/dutchmicrodosing.com\/es\/?s={search_term_string}"},"query-input":{"@type":"PropertyValueSpecification","valueRequired":true,"valueName":"search_term_string"}}],"inLanguage":"es"},{"@type":"Organization","@id":"https:\/\/dutchmicrodosing.com\/es\/#organization","name":"Dutchmicrodosing","url":"https:\/\/dutchmicrodosing.com\/es\/","logo":{"@type":"ImageObject","inLanguage":"es","@id":"https:\/\/dutchmicrodosing.com\/es\/#\/schema\/logo\/image\/","url":"https:\/\/dutchmicrodosing.com\/wp-content\/uploads\/2021\/01\/microdosing-categorie-pic-nieuw.jpg","contentUrl":"https:\/\/dutchmicrodosing.com\/wp-content\/uploads\/2021\/01\/microdosing-categorie-pic-nieuw.jpg","width":500,"height":500,"caption":"Dutchmicrodosing"},"image":{"@id":"https:\/\/dutchmicrodosing.com\/es\/#\/schema\/logo\/image\/"},"sameAs":["https:\/\/www.facebook.com\/Dutchmicrodosingxp\/","https:\/\/www.instagram.com\/dutchmicrodosing\/"]}]},"product_price_amount":"17.95","product_price_currency":"EUR","og_availability":"instock","product_availability":"instock","product_retailer_item_id":"2206974","product_condition":"new"},"_links":{"self":[{"href":"https:\/\/dutchmicrodosing.com\/es\/wp-json\/wp\/v2\/product\/39228","targetHints":{"allow":["GET"]}}],"collection":[{"href":"https:\/\/dutchmicrodosing.com\/es\/wp-json\/wp\/v2\/product"}],"about":[{"href":"https:\/\/dutchmicrodosing.com\/es\/wp-json\/wp\/v2\/types\/product"}],"replies":[{"embeddable":true,"href":"https:\/\/dutchmicrodosing.com\/es\/wp-json\/wp\/v2\/comments?post=39228"}],"version-history":[{"count":0,"href":"https:\/\/dutchmicrodosing.com\/es\/wp-json\/wp\/v2\/product\/39228\/revisions"}],"wp:featuredmedia":[{"embeddable":true,"href":"https:\/\/dutchmicrodosing.com\/es\/wp-json\/wp\/v2\/media\/39203"}],"wp:attachment":[{"href":"https:\/\/dutchmicrodosing.com\/es\/wp-json\/wp\/v2\/media?parent=39228"}],"wp:term":[{"taxonomy":"product_brand","embeddable":true,"href":"https:\/\/dutchmicrodosing.com\/es\/wp-json\/wp\/v2\/product_brand?post=39228"},{"taxonomy":"product_cat","embeddable":true,"href":"https:\/\/dutchmicrodosing.com\/es\/wp-json\/wp\/v2\/product_cat?post=39228"},{"taxonomy":"product_tag","embeddable":true,"href":"https:\/\/dutchmicrodosing.com\/es\/wp-json\/wp\/v2\/product_tag?post=39228"}],"curies":[{"name":"wp","href":"https:\/\/api.w.org\/{rel}","templated":true}]}}