{"id":39295,"date":"2024-05-12T19:44:12","date_gmt":"2024-05-12T17:44:38","guid":{"rendered":"https:\/\/dutchmicrodosing.com\/shop\/sin%20categor\u00eda\/mondo-liquid-culture-spray\/"},"modified":"2025-02-20T14:25:11","modified_gmt":"2025-02-20T13:25:11","slug":"mondo-liquid-culture-spray","status":"publish","type":"product","link":"https:\/\/dutchmicrodosing.com\/es\/esporas-de-setas-magicas\/jeringas-para-cultivo-de-liquidos\/mondo-liquid-culture-spray\/","title":{"rendered":"Jeringa de cultivo l\u00edquido Mondo &#8211; 25 ML"},"content":{"rendered":"<p>El producto <strong>Mondo Liquid<\/strong> Culture parece duplicar eficazmente la tasa de colonizaci\u00f3n de las esporas. S\u00f3lo tienes que inyectar 1 ml de esporas en el frasco y agitarlo a diario. En un plazo de 2 a 14 d\u00edas, podr\u00e1s observar el crecimiento del micelio. Una gran ventaja es que no es necesario un entorno est\u00e9ril para este proceso. Adem\u00e1s, el producto tiene una caducidad de hasta un a\u00f1o a una temperatura de entre 4 y 6\u00b0C. Esto la convierte en una soluci\u00f3n ideal para la producci\u00f3n en serie, la conservaci\u00f3n y los cultivos comerciales. En otras palabras, el Cultivo L\u00edquido Mondo proporciona un m\u00e9todo sencillo y eficaz para cultivar y mantener cultivos f\u00fangicos.<\/p>\n<h2>Pasos para utilizar una botella de Esporas de Cultivo L\u00edquido:<\/h2>\n<ol>\n<li><strong>Preparaci\u00f3n:<\/strong>\n<ul>\n<li>Aseg\u00farate de que todos los materiales y superficies est\u00e9n limpios y est\u00e9riles.<\/li>\n<li>Se puede utilizar un pa\u00f1o a presi\u00f3n o alcohol para desinfectar las superficies y las manos.<\/li>\n<\/ul>\n<\/li>\n<li><strong>Inoculaci\u00f3n:<\/strong>\n<ul>\n<li>A\u00f1ade esporas al l\u00edquido de la botella. Esto puede hacerse utilizando una jeringa est\u00e9ril.<\/li>\n<li>Cierra bien el frasco para evitar la contaminaci\u00f3n.<\/li>\n<\/ul>\n<\/li>\n<li><strong>Incubaci\u00f3n:<\/strong>\n<ul>\n<li>Coloca el frasco en un lugar c\u00e1lido y oscuro (lo ideal es entre 21 y 27 \u00b0C) para que crezca el micelio.<\/li>\n<li>Agita el frasco a diario para favorecer el crecimiento del micelio y evitar que se apelmace.<\/li>\n<\/ul>\n<\/li>\n<li><strong>Uso:<\/strong>\n<ul>\n<li>Una vez que el micelio haya crecido bien (esto puede llevar de varios d\u00edas a semanas), el l\u00edquido puede utilizarse para inocular el sustrato.<\/li>\n<li>Utiliza una jeringa est\u00e9ril para aspirar una cantidad del cultivo l\u00edquido e iny\u00e9ctalo en el sustrato est\u00e9ril.<\/li>\n<\/ul>\n<\/li>\n<\/ol>\n<h2>Beneficios del Cultivo L\u00edquido:<\/h2>\n<ul>\n<li><strong>Crecimiento m\u00e1s r\u00e1pido<\/strong>: el micelio en l\u00edquido tiende a crecer m\u00e1s r\u00e1pido que en sustrato s\u00f3lido.<\/li>\n<li><strong>F\u00e1cil de multiplicar:<\/strong> con una peque\u00f1a cantidad de cultivo l\u00edquido se pueden inocular varias macetas de sustrato.<\/li>\n<li><strong>Menos posibilidades de contaminaci\u00f3n:<\/strong> Como el l\u00edquido es est\u00e9ril, hay menos posibilidades de contaminaci\u00f3n por otros microorganismos que con otros m\u00e9todos.<\/li>\n<\/ul>\n<h2>Contenido de tu frasco de esporas Mondo Liquid Culture Vial<\/h2>\n<ul>\n<li>Mondo Ampolla de cultivo l\u00edquido 25ml<\/li>\n<li>Toallitas est\u00e9riles con alcohol<\/li>\n<li>Jeringa est\u00e9ril con aguja de calibre 18<\/li>\n<\/ul>\n<h2>C\u00f3mo guardar tu frasco de esporas Mondo Liquid Culture Vial<\/h2>\n<p>Como se trata de un producto sensible, recomendamos colocar el frasco de esporas en el frigor\u00edfico inmediatamente despu\u00e9s de recibirlo durante 24 horas a una temperatura de entre 2 y 8 grados antes de utilizarlo.<\/p>\n","protected":false},"excerpt":{"rendered":"<p>El producto Mondo Liquid Culture parece duplicar eficazmente la tasa de colonizaci\u00f3n de las esporas. S\u00f3lo tienes que inyectar 1 ml de esporas en el frasco y agitarlo a diario. En un plazo de 2 a 14 d\u00edas, podr\u00e1s observar el crecimiento del micelio. Una gran ventaja es que no es necesario un entorno est\u00e9ril [&hellip;]<\/p>\n","protected":false},"featured_media":39302,"comment_status":"closed","ping_status":"closed","template":"","meta":[],"product_brand":[],"product_cat":[359],"product_tag":[],"class_list":{"0":"post-39295","1":"product","2":"type-product","3":"status-publish","4":"has-post-thumbnail","6":"product_cat-jeringas-para-cultivo-de-liquidos","8":"first","9":"outofstock","10":"taxable","11":"shipping-taxable","12":"purchasable","13":"product-type-simple"},"yoast_head":"<!-- This site is optimized with the Yoast SEO Premium plugin v26.4 (Yoast SEO v27.2) - https:\/\/yoast.com\/product\/yoast-seo-premium-wordpress\/ -->\n<title>Jeringa de cultivo l\u00edquido Mondo - 25 ML - Dutchmicrodosing<\/title>\n<meta name=\"description\" content=\"Descubre las ventajas de un frasco de esporas de cultivo l\u00edquido para el cultivo eficaz de micelio en el cultivo de setas. \u00a1Germinaci\u00f3n m\u00e1s r\u00e1pida de las esporas de tus setas!\" \/>\n<meta name=\"robots\" content=\"index, follow, max-snippet:-1, max-image-preview:large, max-video-preview:-1\" \/>\n<link rel=\"canonical\" href=\"https:\/\/dutchmicrodosing.com\/es\/esporas-de-setas-magicas\/jeringas-para-cultivo-de-liquidos\/mondo-liquid-culture-spray\/\" \/>\n<meta property=\"og:locale\" content=\"es_ES\" \/>\n<meta property=\"og:type\" content=\"article\" \/>\n<meta property=\"og:title\" content=\"Jeringa de cultivo l\u00edquido Mondo - 25 ML\" \/>\n<meta property=\"og:description\" content=\"El producto Mondo Liquid Culture parece duplicar eficazmente la tasa de colonizaci\u00f3n de las esporas. S\u00f3lo tienes que inyectar 1 ml de esporas en el frasco\" \/>\n<meta property=\"og:url\" content=\"https:\/\/dutchmicrodosing.com\/es\/esporas-de-setas-magicas\/jeringas-para-cultivo-de-liquidos\/mondo-liquid-culture-spray\/\" \/>\n<meta property=\"og:site_name\" content=\"Dutchmicrodosing\" \/>\n<meta property=\"article:publisher\" content=\"https:\/\/www.facebook.com\/Dutchmicrodosingxp\/\" \/>\n<meta property=\"article:modified_time\" content=\"2025-02-20T13:25:11+00:00\" \/>\n<meta property=\"og:image\" content=\"https:\/\/dutchmicrodosing.com\/wp-content\/uploads\/2024\/05\/mushroom-grow-supplies-mondo-liquid-culture-vial-2.jpg\" \/>\n\t<meta property=\"og:image:width\" content=\"600\" \/>\n\t<meta property=\"og:image:height\" content=\"600\" \/>\n\t<meta property=\"og:image:type\" content=\"image\/jpeg\" \/>\n<meta name=\"twitter:card\" content=\"summary_large_image\" \/>\n<script type=\"application\/ld+json\" class=\"yoast-schema-graph\">{\"@context\":\"https:\/\/schema.org\",\"@graph\":[{\"@type\":\"WebPage\",\"@id\":\"https:\/\/dutchmicrodosing.com\/es\/esporas-de-setas-magicas\/jeringas-para-cultivo-de-liquidos\/mondo-liquid-culture-spray\/\",\"url\":\"https:\/\/dutchmicrodosing.com\/es\/esporas-de-setas-magicas\/jeringas-para-cultivo-de-liquidos\/mondo-liquid-culture-spray\/\",\"name\":\"Jeringa de cultivo l\u00edquido Mondo - 25 ML - Dutchmicrodosing\",\"isPartOf\":{\"@id\":\"https:\/\/dutchmicrodosing.com\/es\/#website\"},\"primaryImageOfPage\":{\"@id\":\"https:\/\/dutchmicrodosing.com\/es\/esporas-de-setas-magicas\/jeringas-para-cultivo-de-liquidos\/mondo-liquid-culture-spray\/#primaryimage\"},\"image\":{\"@id\":\"https:\/\/dutchmicrodosing.com\/es\/esporas-de-setas-magicas\/jeringas-para-cultivo-de-liquidos\/mondo-liquid-culture-spray\/#primaryimage\"},\"thumbnailUrl\":\"https:\/\/dutchmicrodosing.com\/wp-content\/uploads\/2024\/05\/mushroom-grow-supplies-mondo-liquid-culture-vial-2.jpg\",\"datePublished\":\"2024-05-12T17:44:38+00:00\",\"dateModified\":\"2025-02-20T13:25:11+00:00\",\"description\":\"Descubre las ventajas de un frasco de esporas de cultivo l\u00edquido para el cultivo eficaz de micelio en el cultivo de setas. \u00a1Germinaci\u00f3n m\u00e1s r\u00e1pida de las esporas de tus setas!\",\"breadcrumb\":{\"@id\":\"https:\/\/dutchmicrodosing.com\/es\/esporas-de-setas-magicas\/jeringas-para-cultivo-de-liquidos\/mondo-liquid-culture-spray\/#breadcrumb\"},\"inLanguage\":\"es\",\"potentialAction\":[{\"@type\":\"ReadAction\",\"target\":[\"https:\/\/dutchmicrodosing.com\/es\/esporas-de-setas-magicas\/jeringas-para-cultivo-de-liquidos\/mondo-liquid-culture-spray\/\"]}]},{\"@type\":\"ImageObject\",\"inLanguage\":\"es\",\"@id\":\"https:\/\/dutchmicrodosing.com\/es\/esporas-de-setas-magicas\/jeringas-para-cultivo-de-liquidos\/mondo-liquid-culture-spray\/#primaryimage\",\"url\":\"https:\/\/dutchmicrodosing.com\/wp-content\/uploads\/2024\/05\/mushroom-grow-supplies-mondo-liquid-culture-vial-2.jpg\",\"contentUrl\":\"https:\/\/dutchmicrodosing.com\/wp-content\/uploads\/2024\/05\/mushroom-grow-supplies-mondo-liquid-culture-vial-2.jpg\",\"width\":600,\"height\":600},{\"@type\":\"BreadcrumbList\",\"@id\":\"https:\/\/dutchmicrodosing.com\/es\/esporas-de-setas-magicas\/jeringas-para-cultivo-de-liquidos\/mondo-liquid-culture-spray\/#breadcrumb\",\"itemListElement\":[{\"@type\":\"ListItem\",\"position\":1,\"name\":\"Home\",\"item\":\"https:\/\/dutchmicrodosing.com\/es\/\"},{\"@type\":\"ListItem\",\"position\":2,\"name\":\"Tienda\",\"item\":\"https:\/\/dutchmicrodosing.com\/es\/tienda\/\"},{\"@type\":\"ListItem\",\"position\":3,\"name\":\"Jeringa de cultivo l\u00edquido Mondo &#8211; 25 ML\"}]},{\"@type\":\"WebSite\",\"@id\":\"https:\/\/dutchmicrodosing.com\/es\/#website\",\"url\":\"https:\/\/dutchmicrodosing.com\/es\/\",\"name\":\"Dutchmicrodosing\",\"description\":\"\",\"publisher\":{\"@id\":\"https:\/\/dutchmicrodosing.com\/es\/#organization\"},\"potentialAction\":[{\"@type\":\"SearchAction\",\"target\":{\"@type\":\"EntryPoint\",\"urlTemplate\":\"https:\/\/dutchmicrodosing.com\/es\/?s={search_term_string}\"},\"query-input\":{\"@type\":\"PropertyValueSpecification\",\"valueRequired\":true,\"valueName\":\"search_term_string\"}}],\"inLanguage\":\"es\"},{\"@type\":\"Organization\",\"@id\":\"https:\/\/dutchmicrodosing.com\/es\/#organization\",\"name\":\"Dutchmicrodosing\",\"url\":\"https:\/\/dutchmicrodosing.com\/es\/\",\"logo\":{\"@type\":\"ImageObject\",\"inLanguage\":\"es\",\"@id\":\"https:\/\/dutchmicrodosing.com\/es\/#\/schema\/logo\/image\/\",\"url\":\"https:\/\/dutchmicrodosing.com\/wp-content\/uploads\/2021\/01\/microdosing-categorie-pic-nieuw.jpg\",\"contentUrl\":\"https:\/\/dutchmicrodosing.com\/wp-content\/uploads\/2021\/01\/microdosing-categorie-pic-nieuw.jpg\",\"width\":500,\"height\":500,\"caption\":\"Dutchmicrodosing\"},\"image\":{\"@id\":\"https:\/\/dutchmicrodosing.com\/es\/#\/schema\/logo\/image\/\"},\"sameAs\":[\"https:\/\/www.facebook.com\/Dutchmicrodosingxp\/\",\"https:\/\/www.instagram.com\/dutchmicrodosing\/\"]}]}<\/script>\n<meta property=\"product:price:amount\" content=\"16.95\" \/>\n<meta property=\"product:price:currency\" content=\"EUR\" \/>\n<meta property=\"og:availability\" content=\"out of stock\" \/>\n<meta property=\"product:availability\" content=\"out of stock\" \/>\n<meta property=\"product:retailer_item_id\" content=\"0212192\" \/>\n<meta property=\"product:condition\" content=\"new\" \/>\n<!-- \/ Yoast SEO Premium plugin. -->","yoast_head_json":{"title":"Jeringa de cultivo l\u00edquido Mondo - 25 ML - Dutchmicrodosing","description":"Descubre las ventajas de un frasco de esporas de cultivo l\u00edquido para el cultivo eficaz de micelio en el cultivo de setas. \u00a1Germinaci\u00f3n m\u00e1s r\u00e1pida de las esporas de tus setas!","robots":{"index":"index","follow":"follow","max-snippet":"max-snippet:-1","max-image-preview":"max-image-preview:large","max-video-preview":"max-video-preview:-1"},"canonical":"https:\/\/dutchmicrodosing.com\/es\/esporas-de-setas-magicas\/jeringas-para-cultivo-de-liquidos\/mondo-liquid-culture-spray\/","og_locale":"es_ES","og_type":"article","og_title":"Jeringa de cultivo l\u00edquido Mondo - 25 ML","og_description":"El producto Mondo Liquid Culture parece duplicar eficazmente la tasa de colonizaci\u00f3n de las esporas. S\u00f3lo tienes que inyectar 1 ml de esporas en el frasco","og_url":"https:\/\/dutchmicrodosing.com\/es\/esporas-de-setas-magicas\/jeringas-para-cultivo-de-liquidos\/mondo-liquid-culture-spray\/","og_site_name":"Dutchmicrodosing","article_publisher":"https:\/\/www.facebook.com\/Dutchmicrodosingxp\/","article_modified_time":"2025-02-20T13:25:11+00:00","og_image":[{"width":600,"height":600,"url":"https:\/\/dutchmicrodosing.com\/wp-content\/uploads\/2024\/05\/mushroom-grow-supplies-mondo-liquid-culture-vial-2.jpg","type":"image\/jpeg"}],"twitter_card":"summary_large_image","schema":{"@context":"https:\/\/schema.org","@graph":[{"@type":"WebPage","@id":"https:\/\/dutchmicrodosing.com\/es\/esporas-de-setas-magicas\/jeringas-para-cultivo-de-liquidos\/mondo-liquid-culture-spray\/","url":"https:\/\/dutchmicrodosing.com\/es\/esporas-de-setas-magicas\/jeringas-para-cultivo-de-liquidos\/mondo-liquid-culture-spray\/","name":"Jeringa de cultivo l\u00edquido Mondo - 25 ML - Dutchmicrodosing","isPartOf":{"@id":"https:\/\/dutchmicrodosing.com\/es\/#website"},"primaryImageOfPage":{"@id":"https:\/\/dutchmicrodosing.com\/es\/esporas-de-setas-magicas\/jeringas-para-cultivo-de-liquidos\/mondo-liquid-culture-spray\/#primaryimage"},"image":{"@id":"https:\/\/dutchmicrodosing.com\/es\/esporas-de-setas-magicas\/jeringas-para-cultivo-de-liquidos\/mondo-liquid-culture-spray\/#primaryimage"},"thumbnailUrl":"https:\/\/dutchmicrodosing.com\/wp-content\/uploads\/2024\/05\/mushroom-grow-supplies-mondo-liquid-culture-vial-2.jpg","datePublished":"2024-05-12T17:44:38+00:00","dateModified":"2025-02-20T13:25:11+00:00","description":"Descubre las ventajas de un frasco de esporas de cultivo l\u00edquido para el cultivo eficaz de micelio en el cultivo de setas. \u00a1Germinaci\u00f3n m\u00e1s r\u00e1pida de las esporas de tus setas!","breadcrumb":{"@id":"https:\/\/dutchmicrodosing.com\/es\/esporas-de-setas-magicas\/jeringas-para-cultivo-de-liquidos\/mondo-liquid-culture-spray\/#breadcrumb"},"inLanguage":"es","potentialAction":[{"@type":"ReadAction","target":["https:\/\/dutchmicrodosing.com\/es\/esporas-de-setas-magicas\/jeringas-para-cultivo-de-liquidos\/mondo-liquid-culture-spray\/"]}]},{"@type":"ImageObject","inLanguage":"es","@id":"https:\/\/dutchmicrodosing.com\/es\/esporas-de-setas-magicas\/jeringas-para-cultivo-de-liquidos\/mondo-liquid-culture-spray\/#primaryimage","url":"https:\/\/dutchmicrodosing.com\/wp-content\/uploads\/2024\/05\/mushroom-grow-supplies-mondo-liquid-culture-vial-2.jpg","contentUrl":"https:\/\/dutchmicrodosing.com\/wp-content\/uploads\/2024\/05\/mushroom-grow-supplies-mondo-liquid-culture-vial-2.jpg","width":600,"height":600},{"@type":"BreadcrumbList","@id":"https:\/\/dutchmicrodosing.com\/es\/esporas-de-setas-magicas\/jeringas-para-cultivo-de-liquidos\/mondo-liquid-culture-spray\/#breadcrumb","itemListElement":[{"@type":"ListItem","position":1,"name":"Home","item":"https:\/\/dutchmicrodosing.com\/es\/"},{"@type":"ListItem","position":2,"name":"Tienda","item":"https:\/\/dutchmicrodosing.com\/es\/tienda\/"},{"@type":"ListItem","position":3,"name":"Jeringa de cultivo l\u00edquido Mondo &#8211; 25 ML"}]},{"@type":"WebSite","@id":"https:\/\/dutchmicrodosing.com\/es\/#website","url":"https:\/\/dutchmicrodosing.com\/es\/","name":"Dutchmicrodosing","description":"","publisher":{"@id":"https:\/\/dutchmicrodosing.com\/es\/#organization"},"potentialAction":[{"@type":"SearchAction","target":{"@type":"EntryPoint","urlTemplate":"https:\/\/dutchmicrodosing.com\/es\/?s={search_term_string}"},"query-input":{"@type":"PropertyValueSpecification","valueRequired":true,"valueName":"search_term_string"}}],"inLanguage":"es"},{"@type":"Organization","@id":"https:\/\/dutchmicrodosing.com\/es\/#organization","name":"Dutchmicrodosing","url":"https:\/\/dutchmicrodosing.com\/es\/","logo":{"@type":"ImageObject","inLanguage":"es","@id":"https:\/\/dutchmicrodosing.com\/es\/#\/schema\/logo\/image\/","url":"https:\/\/dutchmicrodosing.com\/wp-content\/uploads\/2021\/01\/microdosing-categorie-pic-nieuw.jpg","contentUrl":"https:\/\/dutchmicrodosing.com\/wp-content\/uploads\/2021\/01\/microdosing-categorie-pic-nieuw.jpg","width":500,"height":500,"caption":"Dutchmicrodosing"},"image":{"@id":"https:\/\/dutchmicrodosing.com\/es\/#\/schema\/logo\/image\/"},"sameAs":["https:\/\/www.facebook.com\/Dutchmicrodosingxp\/","https:\/\/www.instagram.com\/dutchmicrodosing\/"]}]},"product_price_amount":"16.95","product_price_currency":"EUR","og_availability":"out of stock","product_availability":"out of stock","product_retailer_item_id":"0212192","product_condition":"new"},"_links":{"self":[{"href":"https:\/\/dutchmicrodosing.com\/es\/wp-json\/wp\/v2\/product\/39295","targetHints":{"allow":["GET"]}}],"collection":[{"href":"https:\/\/dutchmicrodosing.com\/es\/wp-json\/wp\/v2\/product"}],"about":[{"href":"https:\/\/dutchmicrodosing.com\/es\/wp-json\/wp\/v2\/types\/product"}],"replies":[{"embeddable":true,"href":"https:\/\/dutchmicrodosing.com\/es\/wp-json\/wp\/v2\/comments?post=39295"}],"version-history":[{"count":0,"href":"https:\/\/dutchmicrodosing.com\/es\/wp-json\/wp\/v2\/product\/39295\/revisions"}],"wp:featuredmedia":[{"embeddable":true,"href":"https:\/\/dutchmicrodosing.com\/es\/wp-json\/wp\/v2\/media\/39302"}],"wp:attachment":[{"href":"https:\/\/dutchmicrodosing.com\/es\/wp-json\/wp\/v2\/media?parent=39295"}],"wp:term":[{"taxonomy":"product_brand","embeddable":true,"href":"https:\/\/dutchmicrodosing.com\/es\/wp-json\/wp\/v2\/product_brand?post=39295"},{"taxonomy":"product_cat","embeddable":true,"href":"https:\/\/dutchmicrodosing.com\/es\/wp-json\/wp\/v2\/product_cat?post=39295"},{"taxonomy":"product_tag","embeddable":true,"href":"https:\/\/dutchmicrodosing.com\/es\/wp-json\/wp\/v2\/product_tag?post=39295"}],"curies":[{"name":"wp","href":"https:\/\/api.w.org\/{rel}","templated":true}]}}