{"id":39328,"date":"2024-05-12T19:56:32","date_gmt":"2024-05-12T17:56:32","guid":{"rendered":"https:\/\/dutchmicrodosing.com\/shop\/sin%20categor\u00eda\/hawaiian-culture-ampoule-set\/"},"modified":"2025-09-02T10:09:26","modified_gmt":"2025-09-02T08:09:26","slug":"hawaiian-culture-ampoule-set","status":"publish","type":"product","link":"https:\/\/dutchmicrodosing.com\/es\/esporas-de-setas-magicas\/jeringas-para-cultivo-de-liquidos\/hawaiian-culture-ampoule-set\/","title":{"rendered":"Hawaiano &#8211; Set de ampollas Culture"},"content":{"rendered":"<p>La <strong>Ampolla de Cultivo Hawaiano<\/strong> es una herramienta que te permite inocular f\u00e1cilmente en casa tu propio sustrato con cultivos de Setas M\u00e1gicas. En comparaci\u00f3n con los m\u00e9todos tradicionales, como las impresiones de esporas y las jeringuillas de esporas, la Ampolla de Cultivo ofrece menos riesgo de contaminaci\u00f3n y mayores probabilidades de \u00e9xito en la recolecci\u00f3n de setas. La ampolla ya contiene un cultivo de setas listo para usar, que puedes inyectar directamente en tu sustrato. Simplemente siguiendo las instrucciones proporcionadas, puedes esperar una buena cosecha de setas. Este producto hace que el proceso de cultivar setas en casa sea m\u00e1s accesible y fiable.<\/p>\n<h2>\u00a1Sigue las instrucciones para cosechar con \u00e9xito!<\/h2>\n<ol>\n<li>L\u00e1vate bien las manos y limpia el exterior de la ampolla de cultivo con un pa\u00f1o limpio y h\u00famedo.<\/li>\n<li>Recomendamos utilizar una toallita con alcohol para eliminar cualquier bacteria.<\/li>\n<li>La jeringa incluida est\u00e1 envasada est\u00e9rilmente. Aseg\u00farate de que no se contamina y \u00e1brelo en un entorno limpio.<\/li>\n<li>Afloja ligeramente el tap\u00f3n de la Ampolla de Cultivo para que no haga vac\u00edo al llenar la jeringa.<\/li>\n<li>Introduce la aguja a trav\u00e9s de la junta de goma y llena la jeringa.<\/li>\n<li>La aguja ya est\u00e1 lista y se puede inyectar el cultivo en el sustrato deseado. Cult\u00edvalos a temperatura ambiente. En pocos d\u00edas, el micelio se har\u00e1 visible.<\/li>\n<\/ol>\n<h2>Setas hawaianas Copelandia Setas m\u00e1s fuertes:<\/h2>\n<p>La seta Copelandia (Panaeolus cyanescens o Copelandia cyanescens) es mucho m\u00e1s fuerte que la mayor\u00eda de las setas Psilocybe, como la conocida Psilocybe cubensis. He aqu\u00ed una comparaci\u00f3n de su potencia relativa:<\/p>\n<h3>Comparaci\u00f3n potencial<\/h3>\n<ol>\n<li><strong>Setas Copelandia (Panaeolus Cyanescens)<\/strong>\n<ul>\n<li><strong>Potencia:<\/strong> Las setas Copelandia son conocidas por su alto contenido en psilocibina y psilocina. Pueden ser hasta<strong> 4 \u00f3 5 veces m\u00e1s fuertes que la Psilocybe cubensis<\/strong>. Esto significa que se necesita una cantidad menor para conseguir una experiencia psicod\u00e9lica similar.<\/li>\n<li><strong>Dosis:<\/strong> Una dosis ligera puede empezar a partir de 0,5 gramos de setas secas, mientras que una dosis media ronda entre 1 y 2 gramos. Para una experiencia fuerte, puede bastar con 2 \u00f3 3 gramos de Copelandia seca.<\/li>\n<\/ul>\n<\/li>\n<li><strong>Setas Psilocybe (Psilocybe Cubensis)<\/strong>\n<ul>\n<li><strong>Potencia:<\/strong> La Psilocybe cubensis es una de las especies m\u00e1s conocidas y extendidas, pero es considerablemente m\u00e1s suave en comparaci\u00f3n con las setas Copelandia. Tienen niveles m\u00e1s bajos de psilocibina y psilocina.<\/li>\n<li><strong>Dosis:<\/strong> Una dosis ligera suele partir de 1 a 1,5 gramos de setas secas, una dosis media ronda los 2,5 a 3,5 gramos, y una experiencia fuerte puede requerir de 3,5 a 5 gramos de setas secas.<\/li>\n<\/ul>\n<\/li>\n<\/ol>\n<h2>Contenido<\/h2>\n<p>Set de ampollas Hawaiian Culture &#8211; 5 ml<\/p>\n","protected":false},"excerpt":{"rendered":"<p>La Ampolla de Cultivo Hawaiano es una herramienta que te permite inocular f\u00e1cilmente en casa tu propio sustrato con cultivos de Setas M\u00e1gicas. En comparaci\u00f3n con los m\u00e9todos tradicionales, como las impresiones de esporas y las jeringuillas de esporas, la Ampolla de Cultivo ofrece menos riesgo de contaminaci\u00f3n y mayores probabilidades de \u00e9xito en la [&hellip;]<\/p>\n","protected":false},"featured_media":39323,"comment_status":"closed","ping_status":"closed","template":"","meta":[],"product_brand":[],"product_cat":[359],"product_tag":[],"class_list":{"0":"post-39328","1":"product","2":"type-product","3":"status-publish","4":"has-post-thumbnail","6":"product_cat-jeringas-para-cultivo-de-liquidos","8":"first","9":"instock","10":"taxable","11":"shipping-taxable","12":"purchasable","13":"product-type-simple"},"yoast_head":"<!-- This site is optimized with the Yoast SEO Premium plugin v26.4 (Yoast SEO v27.4) - https:\/\/yoast.com\/product\/yoast-seo-premium-wordpress\/ -->\n<title>Hawaiano - Set de ampollas Culture - Dutchmicrodosing<\/title>\n<meta name=\"description\" content=\"Descubre los poderosos efectos de las setas hawaianas con nuestros polvos de culto de alta calidad. \u00a1A qu\u00e9 esperas y empieza a crecer ya! Haz clic aqu\u00ed...\" \/>\n<meta name=\"robots\" content=\"index, follow, max-snippet:-1, max-image-preview:large, max-video-preview:-1\" \/>\n<link rel=\"canonical\" href=\"https:\/\/dutchmicrodosing.com\/es\/esporas-de-setas-magicas\/jeringas-para-cultivo-de-liquidos\/hawaiian-culture-ampoule-set\/\" \/>\n<meta property=\"og:locale\" content=\"es_ES\" \/>\n<meta property=\"og:type\" content=\"article\" \/>\n<meta property=\"og:title\" content=\"Hawaiano - Set de ampollas Culture\" \/>\n<meta property=\"og:description\" content=\"La Ampolla de Cultivo Hawaiano es una herramienta que te permite inocular f\u00e1cilmente en casa tu propio sustrato con cultivos de Setas M\u00e1gicas. En\" \/>\n<meta property=\"og:url\" content=\"https:\/\/dutchmicrodosing.com\/es\/esporas-de-setas-magicas\/jeringas-para-cultivo-de-liquidos\/hawaiian-culture-ampoule-set\/\" \/>\n<meta property=\"og:site_name\" content=\"Dutchmicrodosing\" \/>\n<meta property=\"article:publisher\" content=\"https:\/\/www.facebook.com\/Dutchmicrodosingxp\/\" \/>\n<meta property=\"article:modified_time\" content=\"2025-09-02T08:09:26+00:00\" \/>\n<meta property=\"og:image\" content=\"https:\/\/dutchmicrodosing.com\/wp-content\/uploads\/2024\/05\/Hawaiian-Mushroom-Spore.jpg\" \/>\n\t<meta property=\"og:image:width\" content=\"420\" \/>\n\t<meta property=\"og:image:height\" content=\"400\" \/>\n\t<meta property=\"og:image:type\" content=\"image\/jpeg\" \/>\n<meta name=\"twitter:card\" content=\"summary_large_image\" \/>\n<script type=\"application\/ld+json\" class=\"yoast-schema-graph\">{\"@context\":\"https:\\\/\\\/schema.org\",\"@graph\":[{\"@type\":\"WebPage\",\"@id\":\"https:\\\/\\\/dutchmicrodosing.com\\\/es\\\/esporas-de-setas-magicas\\\/jeringas-para-cultivo-de-liquidos\\\/hawaiian-culture-ampoule-set\\\/\",\"url\":\"https:\\\/\\\/dutchmicrodosing.com\\\/es\\\/esporas-de-setas-magicas\\\/jeringas-para-cultivo-de-liquidos\\\/hawaiian-culture-ampoule-set\\\/\",\"name\":\"Hawaiano - Set de ampollas Culture - Dutchmicrodosing\",\"isPartOf\":{\"@id\":\"https:\\\/\\\/dutchmicrodosing.com\\\/es\\\/#website\"},\"primaryImageOfPage\":{\"@id\":\"https:\\\/\\\/dutchmicrodosing.com\\\/es\\\/esporas-de-setas-magicas\\\/jeringas-para-cultivo-de-liquidos\\\/hawaiian-culture-ampoule-set\\\/#primaryimage\"},\"image\":{\"@id\":\"https:\\\/\\\/dutchmicrodosing.com\\\/es\\\/esporas-de-setas-magicas\\\/jeringas-para-cultivo-de-liquidos\\\/hawaiian-culture-ampoule-set\\\/#primaryimage\"},\"thumbnailUrl\":\"https:\\\/\\\/dutchmicrodosing.com\\\/wp-content\\\/uploads\\\/2024\\\/05\\\/Hawaiian-Mushroom-Spore.jpg\",\"datePublished\":\"2024-05-12T17:56:32+00:00\",\"dateModified\":\"2025-09-02T08:09:26+00:00\",\"description\":\"Descubre los poderosos efectos de las setas hawaianas con nuestros polvos de culto de alta calidad. \u00a1A qu\u00e9 esperas y empieza a crecer ya! Haz clic aqu\u00ed...\",\"breadcrumb\":{\"@id\":\"https:\\\/\\\/dutchmicrodosing.com\\\/es\\\/esporas-de-setas-magicas\\\/jeringas-para-cultivo-de-liquidos\\\/hawaiian-culture-ampoule-set\\\/#breadcrumb\"},\"inLanguage\":\"es\",\"potentialAction\":[{\"@type\":\"ReadAction\",\"target\":[\"https:\\\/\\\/dutchmicrodosing.com\\\/es\\\/esporas-de-setas-magicas\\\/jeringas-para-cultivo-de-liquidos\\\/hawaiian-culture-ampoule-set\\\/\"]}]},{\"@type\":\"ImageObject\",\"inLanguage\":\"es\",\"@id\":\"https:\\\/\\\/dutchmicrodosing.com\\\/es\\\/esporas-de-setas-magicas\\\/jeringas-para-cultivo-de-liquidos\\\/hawaiian-culture-ampoule-set\\\/#primaryimage\",\"url\":\"https:\\\/\\\/dutchmicrodosing.com\\\/wp-content\\\/uploads\\\/2024\\\/05\\\/Hawaiian-Mushroom-Spore.jpg\",\"contentUrl\":\"https:\\\/\\\/dutchmicrodosing.com\\\/wp-content\\\/uploads\\\/2024\\\/05\\\/Hawaiian-Mushroom-Spore.jpg\",\"width\":420,\"height\":400},{\"@type\":\"BreadcrumbList\",\"@id\":\"https:\\\/\\\/dutchmicrodosing.com\\\/es\\\/esporas-de-setas-magicas\\\/jeringas-para-cultivo-de-liquidos\\\/hawaiian-culture-ampoule-set\\\/#breadcrumb\",\"itemListElement\":[{\"@type\":\"ListItem\",\"position\":1,\"name\":\"Home\",\"item\":\"https:\\\/\\\/dutchmicrodosing.com\\\/es\\\/\"},{\"@type\":\"ListItem\",\"position\":2,\"name\":\"Tienda\",\"item\":\"https:\\\/\\\/dutchmicrodosing.com\\\/es\\\/tienda\\\/\"},{\"@type\":\"ListItem\",\"position\":3,\"name\":\"Hawaiano &#8211; Set de ampollas Culture\"}]},{\"@type\":\"WebSite\",\"@id\":\"https:\\\/\\\/dutchmicrodosing.com\\\/es\\\/#website\",\"url\":\"https:\\\/\\\/dutchmicrodosing.com\\\/es\\\/\",\"name\":\"Dutchmicrodosing\",\"description\":\"\",\"publisher\":{\"@id\":\"https:\\\/\\\/dutchmicrodosing.com\\\/es\\\/#organization\"},\"potentialAction\":[{\"@type\":\"SearchAction\",\"target\":{\"@type\":\"EntryPoint\",\"urlTemplate\":\"https:\\\/\\\/dutchmicrodosing.com\\\/es\\\/?s={search_term_string}\"},\"query-input\":{\"@type\":\"PropertyValueSpecification\",\"valueRequired\":true,\"valueName\":\"search_term_string\"}}],\"inLanguage\":\"es\"},{\"@type\":\"Organization\",\"@id\":\"https:\\\/\\\/dutchmicrodosing.com\\\/es\\\/#organization\",\"name\":\"Dutchmicrodosing\",\"url\":\"https:\\\/\\\/dutchmicrodosing.com\\\/es\\\/\",\"logo\":{\"@type\":\"ImageObject\",\"inLanguage\":\"es\",\"@id\":\"https:\\\/\\\/dutchmicrodosing.com\\\/es\\\/#\\\/schema\\\/logo\\\/image\\\/\",\"url\":\"https:\\\/\\\/dutchmicrodosing.com\\\/wp-content\\\/uploads\\\/2021\\\/01\\\/microdosing-categorie-pic-nieuw.jpg\",\"contentUrl\":\"https:\\\/\\\/dutchmicrodosing.com\\\/wp-content\\\/uploads\\\/2021\\\/01\\\/microdosing-categorie-pic-nieuw.jpg\",\"width\":500,\"height\":500,\"caption\":\"Dutchmicrodosing\"},\"image\":{\"@id\":\"https:\\\/\\\/dutchmicrodosing.com\\\/es\\\/#\\\/schema\\\/logo\\\/image\\\/\"},\"sameAs\":[\"https:\\\/\\\/www.facebook.com\\\/Dutchmicrodosingxp\\\/\",\"https:\\\/\\\/www.instagram.com\\\/dutchmicrodosing\\\/\"]}]}<\/script>\n<meta property=\"product:price:amount\" content=\"16.95\" \/>\n<meta property=\"product:price:currency\" content=\"EUR\" \/>\n<meta property=\"og:availability\" content=\"instock\" \/>\n<meta property=\"product:availability\" content=\"instock\" \/>\n<meta property=\"product:retailer_item_id\" content=\"7112928\" \/>\n<meta property=\"product:condition\" content=\"new\" \/>\n<!-- \/ Yoast SEO Premium plugin. -->","yoast_head_json":{"title":"Hawaiano - Set de ampollas Culture - Dutchmicrodosing","description":"Descubre los poderosos efectos de las setas hawaianas con nuestros polvos de culto de alta calidad. \u00a1A qu\u00e9 esperas y empieza a crecer ya! Haz clic aqu\u00ed...","robots":{"index":"index","follow":"follow","max-snippet":"max-snippet:-1","max-image-preview":"max-image-preview:large","max-video-preview":"max-video-preview:-1"},"canonical":"https:\/\/dutchmicrodosing.com\/es\/esporas-de-setas-magicas\/jeringas-para-cultivo-de-liquidos\/hawaiian-culture-ampoule-set\/","og_locale":"es_ES","og_type":"article","og_title":"Hawaiano - Set de ampollas Culture","og_description":"La Ampolla de Cultivo Hawaiano es una herramienta que te permite inocular f\u00e1cilmente en casa tu propio sustrato con cultivos de Setas M\u00e1gicas. En","og_url":"https:\/\/dutchmicrodosing.com\/es\/esporas-de-setas-magicas\/jeringas-para-cultivo-de-liquidos\/hawaiian-culture-ampoule-set\/","og_site_name":"Dutchmicrodosing","article_publisher":"https:\/\/www.facebook.com\/Dutchmicrodosingxp\/","article_modified_time":"2025-09-02T08:09:26+00:00","og_image":[{"width":420,"height":400,"url":"https:\/\/dutchmicrodosing.com\/wp-content\/uploads\/2024\/05\/Hawaiian-Mushroom-Spore.jpg","type":"image\/jpeg"}],"twitter_card":"summary_large_image","schema":{"@context":"https:\/\/schema.org","@graph":[{"@type":"WebPage","@id":"https:\/\/dutchmicrodosing.com\/es\/esporas-de-setas-magicas\/jeringas-para-cultivo-de-liquidos\/hawaiian-culture-ampoule-set\/","url":"https:\/\/dutchmicrodosing.com\/es\/esporas-de-setas-magicas\/jeringas-para-cultivo-de-liquidos\/hawaiian-culture-ampoule-set\/","name":"Hawaiano - Set de ampollas Culture - Dutchmicrodosing","isPartOf":{"@id":"https:\/\/dutchmicrodosing.com\/es\/#website"},"primaryImageOfPage":{"@id":"https:\/\/dutchmicrodosing.com\/es\/esporas-de-setas-magicas\/jeringas-para-cultivo-de-liquidos\/hawaiian-culture-ampoule-set\/#primaryimage"},"image":{"@id":"https:\/\/dutchmicrodosing.com\/es\/esporas-de-setas-magicas\/jeringas-para-cultivo-de-liquidos\/hawaiian-culture-ampoule-set\/#primaryimage"},"thumbnailUrl":"https:\/\/dutchmicrodosing.com\/wp-content\/uploads\/2024\/05\/Hawaiian-Mushroom-Spore.jpg","datePublished":"2024-05-12T17:56:32+00:00","dateModified":"2025-09-02T08:09:26+00:00","description":"Descubre los poderosos efectos de las setas hawaianas con nuestros polvos de culto de alta calidad. \u00a1A qu\u00e9 esperas y empieza a crecer ya! Haz clic aqu\u00ed...","breadcrumb":{"@id":"https:\/\/dutchmicrodosing.com\/es\/esporas-de-setas-magicas\/jeringas-para-cultivo-de-liquidos\/hawaiian-culture-ampoule-set\/#breadcrumb"},"inLanguage":"es","potentialAction":[{"@type":"ReadAction","target":["https:\/\/dutchmicrodosing.com\/es\/esporas-de-setas-magicas\/jeringas-para-cultivo-de-liquidos\/hawaiian-culture-ampoule-set\/"]}]},{"@type":"ImageObject","inLanguage":"es","@id":"https:\/\/dutchmicrodosing.com\/es\/esporas-de-setas-magicas\/jeringas-para-cultivo-de-liquidos\/hawaiian-culture-ampoule-set\/#primaryimage","url":"https:\/\/dutchmicrodosing.com\/wp-content\/uploads\/2024\/05\/Hawaiian-Mushroom-Spore.jpg","contentUrl":"https:\/\/dutchmicrodosing.com\/wp-content\/uploads\/2024\/05\/Hawaiian-Mushroom-Spore.jpg","width":420,"height":400},{"@type":"BreadcrumbList","@id":"https:\/\/dutchmicrodosing.com\/es\/esporas-de-setas-magicas\/jeringas-para-cultivo-de-liquidos\/hawaiian-culture-ampoule-set\/#breadcrumb","itemListElement":[{"@type":"ListItem","position":1,"name":"Home","item":"https:\/\/dutchmicrodosing.com\/es\/"},{"@type":"ListItem","position":2,"name":"Tienda","item":"https:\/\/dutchmicrodosing.com\/es\/tienda\/"},{"@type":"ListItem","position":3,"name":"Hawaiano &#8211; Set de ampollas Culture"}]},{"@type":"WebSite","@id":"https:\/\/dutchmicrodosing.com\/es\/#website","url":"https:\/\/dutchmicrodosing.com\/es\/","name":"Dutchmicrodosing","description":"","publisher":{"@id":"https:\/\/dutchmicrodosing.com\/es\/#organization"},"potentialAction":[{"@type":"SearchAction","target":{"@type":"EntryPoint","urlTemplate":"https:\/\/dutchmicrodosing.com\/es\/?s={search_term_string}"},"query-input":{"@type":"PropertyValueSpecification","valueRequired":true,"valueName":"search_term_string"}}],"inLanguage":"es"},{"@type":"Organization","@id":"https:\/\/dutchmicrodosing.com\/es\/#organization","name":"Dutchmicrodosing","url":"https:\/\/dutchmicrodosing.com\/es\/","logo":{"@type":"ImageObject","inLanguage":"es","@id":"https:\/\/dutchmicrodosing.com\/es\/#\/schema\/logo\/image\/","url":"https:\/\/dutchmicrodosing.com\/wp-content\/uploads\/2021\/01\/microdosing-categorie-pic-nieuw.jpg","contentUrl":"https:\/\/dutchmicrodosing.com\/wp-content\/uploads\/2021\/01\/microdosing-categorie-pic-nieuw.jpg","width":500,"height":500,"caption":"Dutchmicrodosing"},"image":{"@id":"https:\/\/dutchmicrodosing.com\/es\/#\/schema\/logo\/image\/"},"sameAs":["https:\/\/www.facebook.com\/Dutchmicrodosingxp\/","https:\/\/www.instagram.com\/dutchmicrodosing\/"]}]},"product_price_amount":"16.95","product_price_currency":"EUR","og_availability":"instock","product_availability":"instock","product_retailer_item_id":"7112928","product_condition":"new"},"_links":{"self":[{"href":"https:\/\/dutchmicrodosing.com\/es\/wp-json\/wp\/v2\/product\/39328","targetHints":{"allow":["GET"]}}],"collection":[{"href":"https:\/\/dutchmicrodosing.com\/es\/wp-json\/wp\/v2\/product"}],"about":[{"href":"https:\/\/dutchmicrodosing.com\/es\/wp-json\/wp\/v2\/types\/product"}],"replies":[{"embeddable":true,"href":"https:\/\/dutchmicrodosing.com\/es\/wp-json\/wp\/v2\/comments?post=39328"}],"version-history":[{"count":0,"href":"https:\/\/dutchmicrodosing.com\/es\/wp-json\/wp\/v2\/product\/39328\/revisions"}],"wp:featuredmedia":[{"embeddable":true,"href":"https:\/\/dutchmicrodosing.com\/es\/wp-json\/wp\/v2\/media\/39323"}],"wp:attachment":[{"href":"https:\/\/dutchmicrodosing.com\/es\/wp-json\/wp\/v2\/media?parent=39328"}],"wp:term":[{"taxonomy":"product_brand","embeddable":true,"href":"https:\/\/dutchmicrodosing.com\/es\/wp-json\/wp\/v2\/product_brand?post=39328"},{"taxonomy":"product_cat","embeddable":true,"href":"https:\/\/dutchmicrodosing.com\/es\/wp-json\/wp\/v2\/product_cat?post=39328"},{"taxonomy":"product_tag","embeddable":true,"href":"https:\/\/dutchmicrodosing.com\/es\/wp-json\/wp\/v2\/product_tag?post=39328"}],"curies":[{"name":"wp","href":"https:\/\/api.w.org\/{rel}","templated":true}]}}