{"id":39373,"date":"2024-05-13T09:22:54","date_gmt":"2024-05-13T07:22:54","guid":{"rendered":"https:\/\/dutchmicrodosing.com\/shop\/sin%20categor\u00eda\/golden-teacher-culture-ampoule-set\/"},"modified":"2025-08-25T09:25:19","modified_gmt":"2025-08-25T07:25:19","slug":"golden-teacher-culture-ampoule-set","status":"publish","type":"product","link":"https:\/\/dutchmicrodosing.com\/es\/esporas-de-setas-magicas\/jeringas-para-cultivo-de-liquidos\/golden-teacher-culture-ampoule-set\/","title":{"rendered":"Profesor Dorado &#8211; Set Ampolla Cultura"},"content":{"rendered":"<p>El <strong>Set de Ampollas de Cultivo Golden Teacher<\/strong> es una forma eficaz de cultivar setas m\u00e1gicas en casa, dise\u00f1ada para reducir los riesgos de contaminaci\u00f3n que suelen producirse con los m\u00e9todos tradicionales, como las impresiones de esporas y los aerosoles. Esta ampolla contiene un cultivo precultivado del hongo \u00abMaestro de Oro\u00bb que puede inyectarse directamente en el sustrato. Esto facilita mucho el proceso de injerto y aumenta las posibilidades de obtener una cosecha sana y satisfactoria. Este m\u00e9todo de inoculaci\u00f3n directa y controlada reduce las dificultades e incertidumbres de los m\u00e9todos de cultivo tradicionales, lo que permite obtener mejores resultados en el cultivo dom\u00e9stico.<\/p>\n<h2>\u00a1Sigue las instrucciones para cosechar con \u00e9xito!<\/h2>\n<ol>\n<li>L\u00e1vate bien las manos y limpia el exterior de la ampolla de cultivo con un pa\u00f1o limpio y h\u00famedo.<\/li>\n<li>Recomendamos utilizar una toallita con alcohol para eliminar cualquier bacteria.<\/li>\n<li>La jeringa incluida est\u00e1 envasada est\u00e9rilmente. Aseg\u00farate de que no se contamina y \u00e1brelo en un entorno limpio.<\/li>\n<li>Afloja ligeramente el tap\u00f3n de la Ampolla de Cultivo para que no haga vac\u00edo al llenar la jeringa.<\/li>\n<li>Introduce la aguja a trav\u00e9s de la junta de goma y llena la jeringa.<\/li>\n<li>La aguja ya est\u00e1 lista y se puede inyectar el cultivo en el sustrato deseado. Cult\u00edvalos a temperatura ambiente. En pocos d\u00edas, el micelio se har\u00e1 visible.<\/li>\n<\/ol>\n<h2>La Maestra de Oro Psilocyne Aurumescens produce los siguientes efectos en la dosis correcta:<\/h2>\n<ul>\n<li>creatividad<\/li>\n<li>patadas de risa<\/li>\n<li>sentimiento de felicidad y alegr\u00eda<\/li>\n<li>satisfacci\u00f3n<\/li>\n<li>abandonar el concepto de tiempo y espacio<\/li>\n<li>colores intensos<\/li>\n<li>agudiza tus sentidos<\/li>\n<\/ul>\n<h2>Contenido<\/h2>\n<p>Set de ampollas Golden Teacher Culture &#8211; 5 ml<\/p>\n","protected":false},"excerpt":{"rendered":"<p>El Set de Ampollas de Cultivo Golden Teacher es una forma eficaz de cultivar setas m\u00e1gicas en casa, dise\u00f1ada para reducir los riesgos de contaminaci\u00f3n que suelen producirse con los m\u00e9todos tradicionales, como las impresiones de esporas y los aerosoles. Esta ampolla contiene un cultivo precultivado del hongo \u00abMaestro de Oro\u00bb que puede inyectarse directamente [&hellip;]<\/p>\n","protected":false},"featured_media":39372,"comment_status":"closed","ping_status":"closed","template":"","meta":[],"product_brand":[],"product_cat":[359],"product_tag":[],"class_list":{"0":"post-39373","1":"product","2":"type-product","3":"status-publish","4":"has-post-thumbnail","6":"product_cat-jeringas-para-cultivo-de-liquidos","8":"first","9":"instock","10":"taxable","11":"shipping-taxable","12":"purchasable","13":"product-type-simple"},"yoast_head":"<!-- This site is optimized with the Yoast SEO Premium plugin v26.4 (Yoast SEO v27.2) - https:\/\/yoast.com\/product\/yoast-seo-premium-wordpress\/ -->\n<title>Profesor Dorado - Set Ampolla Cultura - Dutchmicrodosing<\/title>\n<meta name=\"description\" content=\"Descubre el Set de Ampollas de Cultivo Golden Teacher, ideal para cultivar setas de alta calidad. Haz clic aqu\u00ed para m\u00e1s informaci\u00f3n...\" \/>\n<meta name=\"robots\" content=\"index, follow, max-snippet:-1, max-image-preview:large, max-video-preview:-1\" \/>\n<link rel=\"canonical\" href=\"https:\/\/dutchmicrodosing.com\/es\/esporas-de-setas-magicas\/jeringas-para-cultivo-de-liquidos\/golden-teacher-culture-ampoule-set\/\" \/>\n<meta property=\"og:locale\" content=\"es_ES\" \/>\n<meta property=\"og:type\" content=\"article\" \/>\n<meta property=\"og:title\" content=\"Profesor Dorado - Set Ampolla Cultura\" \/>\n<meta property=\"og:description\" content=\"El Set de Ampollas de Cultivo Golden Teacher es una forma eficaz de cultivar setas m\u00e1gicas en casa, dise\u00f1ada para reducir los riesgos de contaminaci\u00f3n que\" \/>\n<meta property=\"og:url\" content=\"https:\/\/dutchmicrodosing.com\/es\/esporas-de-setas-magicas\/jeringas-para-cultivo-de-liquidos\/golden-teacher-culture-ampoule-set\/\" \/>\n<meta property=\"og:site_name\" content=\"Dutchmicrodosing\" \/>\n<meta property=\"article:publisher\" content=\"https:\/\/www.facebook.com\/Dutchmicrodosingxp\/\" \/>\n<meta property=\"article:modified_time\" content=\"2025-08-25T07:25:19+00:00\" \/>\n<meta property=\"og:image\" content=\"https:\/\/dutchmicrodosing.com\/wp-content\/uploads\/2024\/05\/Golden-Teacher-Mushroom-Spore.jpg\" \/>\n\t<meta property=\"og:image:width\" content=\"420\" \/>\n\t<meta property=\"og:image:height\" content=\"400\" \/>\n\t<meta property=\"og:image:type\" content=\"image\/jpeg\" \/>\n<meta name=\"twitter:card\" content=\"summary_large_image\" \/>\n<script type=\"application\/ld+json\" class=\"yoast-schema-graph\">{\"@context\":\"https:\/\/schema.org\",\"@graph\":[{\"@type\":\"WebPage\",\"@id\":\"https:\/\/dutchmicrodosing.com\/es\/esporas-de-setas-magicas\/jeringas-para-cultivo-de-liquidos\/golden-teacher-culture-ampoule-set\/\",\"url\":\"https:\/\/dutchmicrodosing.com\/es\/esporas-de-setas-magicas\/jeringas-para-cultivo-de-liquidos\/golden-teacher-culture-ampoule-set\/\",\"name\":\"Profesor Dorado - Set Ampolla Cultura - Dutchmicrodosing\",\"isPartOf\":{\"@id\":\"https:\/\/dutchmicrodosing.com\/es\/#website\"},\"primaryImageOfPage\":{\"@id\":\"https:\/\/dutchmicrodosing.com\/es\/esporas-de-setas-magicas\/jeringas-para-cultivo-de-liquidos\/golden-teacher-culture-ampoule-set\/#primaryimage\"},\"image\":{\"@id\":\"https:\/\/dutchmicrodosing.com\/es\/esporas-de-setas-magicas\/jeringas-para-cultivo-de-liquidos\/golden-teacher-culture-ampoule-set\/#primaryimage\"},\"thumbnailUrl\":\"https:\/\/dutchmicrodosing.com\/wp-content\/uploads\/2024\/05\/Golden-Teacher-Mushroom-Spore.jpg\",\"datePublished\":\"2024-05-13T07:22:54+00:00\",\"dateModified\":\"2025-08-25T07:25:19+00:00\",\"description\":\"Descubre el Set de Ampollas de Cultivo Golden Teacher, ideal para cultivar setas de alta calidad. Haz clic aqu\u00ed para m\u00e1s informaci\u00f3n...\",\"breadcrumb\":{\"@id\":\"https:\/\/dutchmicrodosing.com\/es\/esporas-de-setas-magicas\/jeringas-para-cultivo-de-liquidos\/golden-teacher-culture-ampoule-set\/#breadcrumb\"},\"inLanguage\":\"es\",\"potentialAction\":[{\"@type\":\"ReadAction\",\"target\":[\"https:\/\/dutchmicrodosing.com\/es\/esporas-de-setas-magicas\/jeringas-para-cultivo-de-liquidos\/golden-teacher-culture-ampoule-set\/\"]}]},{\"@type\":\"ImageObject\",\"inLanguage\":\"es\",\"@id\":\"https:\/\/dutchmicrodosing.com\/es\/esporas-de-setas-magicas\/jeringas-para-cultivo-de-liquidos\/golden-teacher-culture-ampoule-set\/#primaryimage\",\"url\":\"https:\/\/dutchmicrodosing.com\/wp-content\/uploads\/2024\/05\/Golden-Teacher-Mushroom-Spore.jpg\",\"contentUrl\":\"https:\/\/dutchmicrodosing.com\/wp-content\/uploads\/2024\/05\/Golden-Teacher-Mushroom-Spore.jpg\",\"width\":420,\"height\":400},{\"@type\":\"BreadcrumbList\",\"@id\":\"https:\/\/dutchmicrodosing.com\/es\/esporas-de-setas-magicas\/jeringas-para-cultivo-de-liquidos\/golden-teacher-culture-ampoule-set\/#breadcrumb\",\"itemListElement\":[{\"@type\":\"ListItem\",\"position\":1,\"name\":\"Home\",\"item\":\"https:\/\/dutchmicrodosing.com\/es\/\"},{\"@type\":\"ListItem\",\"position\":2,\"name\":\"Tienda\",\"item\":\"https:\/\/dutchmicrodosing.com\/es\/tienda\/\"},{\"@type\":\"ListItem\",\"position\":3,\"name\":\"Profesor Dorado &#8211; Set Ampolla Cultura\"}]},{\"@type\":\"WebSite\",\"@id\":\"https:\/\/dutchmicrodosing.com\/es\/#website\",\"url\":\"https:\/\/dutchmicrodosing.com\/es\/\",\"name\":\"Dutchmicrodosing\",\"description\":\"\",\"publisher\":{\"@id\":\"https:\/\/dutchmicrodosing.com\/es\/#organization\"},\"potentialAction\":[{\"@type\":\"SearchAction\",\"target\":{\"@type\":\"EntryPoint\",\"urlTemplate\":\"https:\/\/dutchmicrodosing.com\/es\/?s={search_term_string}\"},\"query-input\":{\"@type\":\"PropertyValueSpecification\",\"valueRequired\":true,\"valueName\":\"search_term_string\"}}],\"inLanguage\":\"es\"},{\"@type\":\"Organization\",\"@id\":\"https:\/\/dutchmicrodosing.com\/es\/#organization\",\"name\":\"Dutchmicrodosing\",\"url\":\"https:\/\/dutchmicrodosing.com\/es\/\",\"logo\":{\"@type\":\"ImageObject\",\"inLanguage\":\"es\",\"@id\":\"https:\/\/dutchmicrodosing.com\/es\/#\/schema\/logo\/image\/\",\"url\":\"https:\/\/dutchmicrodosing.com\/wp-content\/uploads\/2021\/01\/microdosing-categorie-pic-nieuw.jpg\",\"contentUrl\":\"https:\/\/dutchmicrodosing.com\/wp-content\/uploads\/2021\/01\/microdosing-categorie-pic-nieuw.jpg\",\"width\":500,\"height\":500,\"caption\":\"Dutchmicrodosing\"},\"image\":{\"@id\":\"https:\/\/dutchmicrodosing.com\/es\/#\/schema\/logo\/image\/\"},\"sameAs\":[\"https:\/\/www.facebook.com\/Dutchmicrodosingxp\/\",\"https:\/\/www.instagram.com\/dutchmicrodosing\/\"]}]}<\/script>\n<meta property=\"product:price:amount\" content=\"16.95\" \/>\n<meta property=\"product:price:currency\" content=\"EUR\" \/>\n<meta property=\"og:availability\" content=\"instock\" \/>\n<meta property=\"product:availability\" content=\"instock\" \/>\n<meta property=\"product:retailer_item_id\" content=\"7112152\" \/>\n<meta property=\"product:condition\" content=\"new\" \/>\n<!-- \/ Yoast SEO Premium plugin. -->","yoast_head_json":{"title":"Profesor Dorado - Set Ampolla Cultura - Dutchmicrodosing","description":"Descubre el Set de Ampollas de Cultivo Golden Teacher, ideal para cultivar setas de alta calidad. Haz clic aqu\u00ed para m\u00e1s informaci\u00f3n...","robots":{"index":"index","follow":"follow","max-snippet":"max-snippet:-1","max-image-preview":"max-image-preview:large","max-video-preview":"max-video-preview:-1"},"canonical":"https:\/\/dutchmicrodosing.com\/es\/esporas-de-setas-magicas\/jeringas-para-cultivo-de-liquidos\/golden-teacher-culture-ampoule-set\/","og_locale":"es_ES","og_type":"article","og_title":"Profesor Dorado - Set Ampolla Cultura","og_description":"El Set de Ampollas de Cultivo Golden Teacher es una forma eficaz de cultivar setas m\u00e1gicas en casa, dise\u00f1ada para reducir los riesgos de contaminaci\u00f3n que","og_url":"https:\/\/dutchmicrodosing.com\/es\/esporas-de-setas-magicas\/jeringas-para-cultivo-de-liquidos\/golden-teacher-culture-ampoule-set\/","og_site_name":"Dutchmicrodosing","article_publisher":"https:\/\/www.facebook.com\/Dutchmicrodosingxp\/","article_modified_time":"2025-08-25T07:25:19+00:00","og_image":[{"width":420,"height":400,"url":"https:\/\/dutchmicrodosing.com\/wp-content\/uploads\/2024\/05\/Golden-Teacher-Mushroom-Spore.jpg","type":"image\/jpeg"}],"twitter_card":"summary_large_image","schema":{"@context":"https:\/\/schema.org","@graph":[{"@type":"WebPage","@id":"https:\/\/dutchmicrodosing.com\/es\/esporas-de-setas-magicas\/jeringas-para-cultivo-de-liquidos\/golden-teacher-culture-ampoule-set\/","url":"https:\/\/dutchmicrodosing.com\/es\/esporas-de-setas-magicas\/jeringas-para-cultivo-de-liquidos\/golden-teacher-culture-ampoule-set\/","name":"Profesor Dorado - Set Ampolla Cultura - Dutchmicrodosing","isPartOf":{"@id":"https:\/\/dutchmicrodosing.com\/es\/#website"},"primaryImageOfPage":{"@id":"https:\/\/dutchmicrodosing.com\/es\/esporas-de-setas-magicas\/jeringas-para-cultivo-de-liquidos\/golden-teacher-culture-ampoule-set\/#primaryimage"},"image":{"@id":"https:\/\/dutchmicrodosing.com\/es\/esporas-de-setas-magicas\/jeringas-para-cultivo-de-liquidos\/golden-teacher-culture-ampoule-set\/#primaryimage"},"thumbnailUrl":"https:\/\/dutchmicrodosing.com\/wp-content\/uploads\/2024\/05\/Golden-Teacher-Mushroom-Spore.jpg","datePublished":"2024-05-13T07:22:54+00:00","dateModified":"2025-08-25T07:25:19+00:00","description":"Descubre el Set de Ampollas de Cultivo Golden Teacher, ideal para cultivar setas de alta calidad. Haz clic aqu\u00ed para m\u00e1s informaci\u00f3n...","breadcrumb":{"@id":"https:\/\/dutchmicrodosing.com\/es\/esporas-de-setas-magicas\/jeringas-para-cultivo-de-liquidos\/golden-teacher-culture-ampoule-set\/#breadcrumb"},"inLanguage":"es","potentialAction":[{"@type":"ReadAction","target":["https:\/\/dutchmicrodosing.com\/es\/esporas-de-setas-magicas\/jeringas-para-cultivo-de-liquidos\/golden-teacher-culture-ampoule-set\/"]}]},{"@type":"ImageObject","inLanguage":"es","@id":"https:\/\/dutchmicrodosing.com\/es\/esporas-de-setas-magicas\/jeringas-para-cultivo-de-liquidos\/golden-teacher-culture-ampoule-set\/#primaryimage","url":"https:\/\/dutchmicrodosing.com\/wp-content\/uploads\/2024\/05\/Golden-Teacher-Mushroom-Spore.jpg","contentUrl":"https:\/\/dutchmicrodosing.com\/wp-content\/uploads\/2024\/05\/Golden-Teacher-Mushroom-Spore.jpg","width":420,"height":400},{"@type":"BreadcrumbList","@id":"https:\/\/dutchmicrodosing.com\/es\/esporas-de-setas-magicas\/jeringas-para-cultivo-de-liquidos\/golden-teacher-culture-ampoule-set\/#breadcrumb","itemListElement":[{"@type":"ListItem","position":1,"name":"Home","item":"https:\/\/dutchmicrodosing.com\/es\/"},{"@type":"ListItem","position":2,"name":"Tienda","item":"https:\/\/dutchmicrodosing.com\/es\/tienda\/"},{"@type":"ListItem","position":3,"name":"Profesor Dorado &#8211; Set Ampolla Cultura"}]},{"@type":"WebSite","@id":"https:\/\/dutchmicrodosing.com\/es\/#website","url":"https:\/\/dutchmicrodosing.com\/es\/","name":"Dutchmicrodosing","description":"","publisher":{"@id":"https:\/\/dutchmicrodosing.com\/es\/#organization"},"potentialAction":[{"@type":"SearchAction","target":{"@type":"EntryPoint","urlTemplate":"https:\/\/dutchmicrodosing.com\/es\/?s={search_term_string}"},"query-input":{"@type":"PropertyValueSpecification","valueRequired":true,"valueName":"search_term_string"}}],"inLanguage":"es"},{"@type":"Organization","@id":"https:\/\/dutchmicrodosing.com\/es\/#organization","name":"Dutchmicrodosing","url":"https:\/\/dutchmicrodosing.com\/es\/","logo":{"@type":"ImageObject","inLanguage":"es","@id":"https:\/\/dutchmicrodosing.com\/es\/#\/schema\/logo\/image\/","url":"https:\/\/dutchmicrodosing.com\/wp-content\/uploads\/2021\/01\/microdosing-categorie-pic-nieuw.jpg","contentUrl":"https:\/\/dutchmicrodosing.com\/wp-content\/uploads\/2021\/01\/microdosing-categorie-pic-nieuw.jpg","width":500,"height":500,"caption":"Dutchmicrodosing"},"image":{"@id":"https:\/\/dutchmicrodosing.com\/es\/#\/schema\/logo\/image\/"},"sameAs":["https:\/\/www.facebook.com\/Dutchmicrodosingxp\/","https:\/\/www.instagram.com\/dutchmicrodosing\/"]}]},"product_price_amount":"16.95","product_price_currency":"EUR","og_availability":"instock","product_availability":"instock","product_retailer_item_id":"7112152","product_condition":"new"},"_links":{"self":[{"href":"https:\/\/dutchmicrodosing.com\/es\/wp-json\/wp\/v2\/product\/39373","targetHints":{"allow":["GET"]}}],"collection":[{"href":"https:\/\/dutchmicrodosing.com\/es\/wp-json\/wp\/v2\/product"}],"about":[{"href":"https:\/\/dutchmicrodosing.com\/es\/wp-json\/wp\/v2\/types\/product"}],"replies":[{"embeddable":true,"href":"https:\/\/dutchmicrodosing.com\/es\/wp-json\/wp\/v2\/comments?post=39373"}],"version-history":[{"count":0,"href":"https:\/\/dutchmicrodosing.com\/es\/wp-json\/wp\/v2\/product\/39373\/revisions"}],"wp:featuredmedia":[{"embeddable":true,"href":"https:\/\/dutchmicrodosing.com\/es\/wp-json\/wp\/v2\/media\/39372"}],"wp:attachment":[{"href":"https:\/\/dutchmicrodosing.com\/es\/wp-json\/wp\/v2\/media?parent=39373"}],"wp:term":[{"taxonomy":"product_brand","embeddable":true,"href":"https:\/\/dutchmicrodosing.com\/es\/wp-json\/wp\/v2\/product_brand?post=39373"},{"taxonomy":"product_cat","embeddable":true,"href":"https:\/\/dutchmicrodosing.com\/es\/wp-json\/wp\/v2\/product_cat?post=39373"},{"taxonomy":"product_tag","embeddable":true,"href":"https:\/\/dutchmicrodosing.com\/es\/wp-json\/wp\/v2\/product_tag?post=39373"}],"curies":[{"name":"wp","href":"https:\/\/api.w.org\/{rel}","templated":true}]}}