{"id":40231,"date":"2024-05-31T13:35:20","date_gmt":"2024-05-31T11:35:20","guid":{"rendered":"https:\/\/dutchmicrodosing.com\/shop\/sin%20categor\u00eda\/extracto-de-propolis-sin-alcohol-30ml-propolia\/"},"modified":"2025-11-04T09:15:43","modified_gmt":"2025-11-04T08:15:43","slug":"extracto-de-propolis-sin-alcohol-30ml-propolia","status":"publish","type":"product","link":"https:\/\/dutchmicrodosing.com\/es\/herbolario\/suplementos-de-vitaminas\/extracto-de-propolis-sin-alcohol-30ml-propolia\/","title":{"rendered":"Extracto de Pr\u00f3polis Sin Alcohol 30ml &#8211; Propolia"},"content":{"rendered":"<p><strong>Extracto de pr\u00f3polis sin alcohol 30 ml<\/strong> un producto sanitario vers\u00e1til y f\u00e1cil de usar, repleto de principios activos como flavonoides, minerales, vitaminas y aceites esenciales beneficiosos para la salud, el pr\u00f3polis ofrece toda una serie de ventajas. Estos componentes confieren al prop\u00f3leo sus propiedades antibacterianas, antivirales y antiinflamatorias, por lo que es adecuado tanto para uso externo como interno. Puede ayudar a favorecer la cicatrizaci\u00f3n de las heridas, combatir las infecciones y reforzar el sistema inmunitario.<\/p>\n<p>Esta f\u00f3rmula 100% natural est\u00e1 dise\u00f1ada para estimular el cuerpo y el bienestar. Es apto para toda la familia y utilizable en cualquier estaci\u00f3n, lo que lo convierte en una excelente adici\u00f3n a la rutina diaria de salud.<\/p>\n<h3>\u00bfPARA QUI\u00c9N ES EL PROP\u00d3LEO?<\/h3>\n<p>El prop\u00f3leo es ideal para las personas que buscan un producto de salud natural y vers\u00e1til. Es adecuado para cualquier persona que desee apoyar su salud y bienestar general con un producto rico en principios activos naturales.<\/p>\n<h3>Ingredientes<\/h3>\n<ul>\n<li>Prop\u00f3leo franc\u00e9s<\/li>\n<li>Extracto de prop\u00f3leo 100% purificado<\/li>\n<li>agua<\/li>\n<li>glicerol vegetal (agente humectante)<\/li>\n<li>Goma xantana (espesante)<\/li>\n<\/ul>\n<h3>Utilice<\/h3>\n<p>Agita antes de usar. Durante 7 a 30 d\u00edas consecutivos, t\u00f3malo cuando lo necesites, preferiblemente antes de las comidas. Coloca la soluci\u00f3n bajo la lengua.<\/p>\n<ul>\n<li>Dosis de mantenimiento: 2 pipetas diarias (1 para ni\u00f1os)<\/li>\n<li>Dosis intensiva: 4 pipetas al d\u00eda (2 para ni\u00f1os &#8211; a partir de 3 a\u00f1os<\/li>\n<\/ul>\n<h3>Advertencia<\/h3>\n<p>No apto para mujeres embarazadas y personas al\u00e9rgicas a los productos ap\u00edcolas. Mantener fuera del alcance de los ni\u00f1os peque\u00f1os. No superes la dosis recomendada. Contiene polioles, un consumo excesivo puede tener un efecto laxante. No puede sustituir a una dieta variada y equilibrada y a un estilo de vida sano. Gu\u00e1rdalo en un lugar fresco y oscuro.<\/p>\n<h3>Contenido<\/h3>\n<p>Extracto de Pr\u00f3polis SIN alcohol 30ml &#8211; Propolia<\/p>\n","protected":false},"excerpt":{"rendered":"<p>Extracto de pr\u00f3polis sin alcohol 30 ml un producto sanitario vers\u00e1til y f\u00e1cil de usar, repleto de principios activos como flavonoides, minerales, vitaminas y aceites esenciales beneficiosos para la salud, el pr\u00f3polis ofrece toda una serie de ventajas. Estos componentes confieren al prop\u00f3leo sus propiedades antibacterianas, antivirales y antiinflamatorias, por lo que es adecuado tanto [&hellip;]<\/p>\n","protected":false},"featured_media":40226,"comment_status":"closed","ping_status":"closed","template":"","meta":[],"product_brand":[],"product_cat":[298,140],"product_tag":[],"class_list":{"0":"post-40231","1":"product","2":"type-product","3":"status-publish","4":"has-post-thumbnail","6":"product_cat-suplementos-para-el-sistema-inmunitario","7":"product_cat-suplementos-de-vitaminas","9":"first","10":"outofstock","11":"taxable","12":"shipping-taxable","13":"purchasable","14":"product-type-simple"},"yoast_head":"<!-- This site is optimized with the Yoast SEO Premium plugin v26.4 (Yoast SEO v27.4) - https:\/\/yoast.com\/product\/yoast-seo-premium-wordpress\/ -->\n<title>Extracto de Pr\u00f3polis Sin Alcohol 30ml - Propolia - Dutchmicrodosing<\/title>\n<meta name=\"description\" content=\"\u00a1Disfruta de los beneficios naturales del prop\u00f3leo! \u00a1Ideal para usuarios sensibles! \u00a1Alta calidad y pureza para un cuidado \u00f3ptimo!\" \/>\n<meta name=\"robots\" content=\"index, follow, max-snippet:-1, max-image-preview:large, max-video-preview:-1\" \/>\n<link rel=\"canonical\" href=\"https:\/\/dutchmicrodosing.com\/es\/herbolario\/suplementos-de-vitaminas\/extracto-de-propolis-sin-alcohol-30ml-propolia\/\" \/>\n<meta property=\"og:locale\" content=\"es_ES\" \/>\n<meta property=\"og:type\" content=\"article\" \/>\n<meta property=\"og:title\" content=\"Extracto de Pr\u00f3polis Sin Alcohol 30ml - Propolia\" \/>\n<meta property=\"og:description\" content=\"Extracto de pr\u00f3polis sin alcohol 30 ml un producto sanitario vers\u00e1til y f\u00e1cil de usar, repleto de principios activos como flavonoides, minerales,\" \/>\n<meta property=\"og:url\" content=\"https:\/\/dutchmicrodosing.com\/es\/herbolario\/suplementos-de-vitaminas\/extracto-de-propolis-sin-alcohol-30ml-propolia\/\" \/>\n<meta property=\"og:site_name\" content=\"Dutchmicrodosing\" \/>\n<meta property=\"article:publisher\" content=\"https:\/\/www.facebook.com\/Dutchmicrodosingxp\/\" \/>\n<meta property=\"article:modified_time\" content=\"2025-11-04T08:15:43+00:00\" \/>\n<meta property=\"og:image\" content=\"https:\/\/dutchmicrodosing.com\/wp-content\/uploads\/2024\/05\/propolia.png\" \/>\n\t<meta property=\"og:image:width\" content=\"500\" \/>\n\t<meta property=\"og:image:height\" content=\"500\" \/>\n\t<meta property=\"og:image:type\" content=\"image\/png\" \/>\n<meta name=\"twitter:card\" content=\"summary_large_image\" \/>\n<script type=\"application\/ld+json\" class=\"yoast-schema-graph\">{\"@context\":\"https:\\\/\\\/schema.org\",\"@graph\":[{\"@type\":\"WebPage\",\"@id\":\"https:\\\/\\\/dutchmicrodosing.com\\\/es\\\/herbolario\\\/suplementos-de-vitaminas\\\/extracto-de-propolis-sin-alcohol-30ml-propolia\\\/\",\"url\":\"https:\\\/\\\/dutchmicrodosing.com\\\/es\\\/herbolario\\\/suplementos-de-vitaminas\\\/extracto-de-propolis-sin-alcohol-30ml-propolia\\\/\",\"name\":\"Extracto de Pr\u00f3polis Sin Alcohol 30ml - Propolia - Dutchmicrodosing\",\"isPartOf\":{\"@id\":\"https:\\\/\\\/dutchmicrodosing.com\\\/es\\\/#website\"},\"primaryImageOfPage\":{\"@id\":\"https:\\\/\\\/dutchmicrodosing.com\\\/es\\\/herbolario\\\/suplementos-de-vitaminas\\\/extracto-de-propolis-sin-alcohol-30ml-propolia\\\/#primaryimage\"},\"image\":{\"@id\":\"https:\\\/\\\/dutchmicrodosing.com\\\/es\\\/herbolario\\\/suplementos-de-vitaminas\\\/extracto-de-propolis-sin-alcohol-30ml-propolia\\\/#primaryimage\"},\"thumbnailUrl\":\"https:\\\/\\\/dutchmicrodosing.com\\\/wp-content\\\/uploads\\\/2024\\\/05\\\/propolia.png\",\"datePublished\":\"2024-05-31T11:35:20+00:00\",\"dateModified\":\"2025-11-04T08:15:43+00:00\",\"description\":\"\u00a1Disfruta de los beneficios naturales del prop\u00f3leo! \u00a1Ideal para usuarios sensibles! \u00a1Alta calidad y pureza para un cuidado \u00f3ptimo!\",\"breadcrumb\":{\"@id\":\"https:\\\/\\\/dutchmicrodosing.com\\\/es\\\/herbolario\\\/suplementos-de-vitaminas\\\/extracto-de-propolis-sin-alcohol-30ml-propolia\\\/#breadcrumb\"},\"inLanguage\":\"es\",\"potentialAction\":[{\"@type\":\"ReadAction\",\"target\":[\"https:\\\/\\\/dutchmicrodosing.com\\\/es\\\/herbolario\\\/suplementos-de-vitaminas\\\/extracto-de-propolis-sin-alcohol-30ml-propolia\\\/\"]}]},{\"@type\":\"ImageObject\",\"inLanguage\":\"es\",\"@id\":\"https:\\\/\\\/dutchmicrodosing.com\\\/es\\\/herbolario\\\/suplementos-de-vitaminas\\\/extracto-de-propolis-sin-alcohol-30ml-propolia\\\/#primaryimage\",\"url\":\"https:\\\/\\\/dutchmicrodosing.com\\\/wp-content\\\/uploads\\\/2024\\\/05\\\/propolia.png\",\"contentUrl\":\"https:\\\/\\\/dutchmicrodosing.com\\\/wp-content\\\/uploads\\\/2024\\\/05\\\/propolia.png\",\"width\":500,\"height\":500},{\"@type\":\"BreadcrumbList\",\"@id\":\"https:\\\/\\\/dutchmicrodosing.com\\\/es\\\/herbolario\\\/suplementos-de-vitaminas\\\/extracto-de-propolis-sin-alcohol-30ml-propolia\\\/#breadcrumb\",\"itemListElement\":[{\"@type\":\"ListItem\",\"position\":1,\"name\":\"Home\",\"item\":\"https:\\\/\\\/dutchmicrodosing.com\\\/es\\\/\"},{\"@type\":\"ListItem\",\"position\":2,\"name\":\"Tienda\",\"item\":\"https:\\\/\\\/dutchmicrodosing.com\\\/es\\\/tienda\\\/\"},{\"@type\":\"ListItem\",\"position\":3,\"name\":\"Extracto de Pr\u00f3polis Sin Alcohol 30ml &#8211; Propolia\"}]},{\"@type\":\"WebSite\",\"@id\":\"https:\\\/\\\/dutchmicrodosing.com\\\/es\\\/#website\",\"url\":\"https:\\\/\\\/dutchmicrodosing.com\\\/es\\\/\",\"name\":\"Dutchmicrodosing\",\"description\":\"\",\"publisher\":{\"@id\":\"https:\\\/\\\/dutchmicrodosing.com\\\/es\\\/#organization\"},\"potentialAction\":[{\"@type\":\"SearchAction\",\"target\":{\"@type\":\"EntryPoint\",\"urlTemplate\":\"https:\\\/\\\/dutchmicrodosing.com\\\/es\\\/?s={search_term_string}\"},\"query-input\":{\"@type\":\"PropertyValueSpecification\",\"valueRequired\":true,\"valueName\":\"search_term_string\"}}],\"inLanguage\":\"es\"},{\"@type\":\"Organization\",\"@id\":\"https:\\\/\\\/dutchmicrodosing.com\\\/es\\\/#organization\",\"name\":\"Dutchmicrodosing\",\"url\":\"https:\\\/\\\/dutchmicrodosing.com\\\/es\\\/\",\"logo\":{\"@type\":\"ImageObject\",\"inLanguage\":\"es\",\"@id\":\"https:\\\/\\\/dutchmicrodosing.com\\\/es\\\/#\\\/schema\\\/logo\\\/image\\\/\",\"url\":\"https:\\\/\\\/dutchmicrodosing.com\\\/wp-content\\\/uploads\\\/2021\\\/01\\\/microdosing-categorie-pic-nieuw.jpg\",\"contentUrl\":\"https:\\\/\\\/dutchmicrodosing.com\\\/wp-content\\\/uploads\\\/2021\\\/01\\\/microdosing-categorie-pic-nieuw.jpg\",\"width\":500,\"height\":500,\"caption\":\"Dutchmicrodosing\"},\"image\":{\"@id\":\"https:\\\/\\\/dutchmicrodosing.com\\\/es\\\/#\\\/schema\\\/logo\\\/image\\\/\"},\"sameAs\":[\"https:\\\/\\\/www.facebook.com\\\/Dutchmicrodosingxp\\\/\",\"https:\\\/\\\/www.instagram.com\\\/dutchmicrodosing\\\/\"]}]}<\/script>\n<meta property=\"product:price:amount\" content=\"15.95\" \/>\n<meta property=\"product:price:currency\" content=\"EUR\" \/>\n<meta property=\"og:availability\" content=\"out of stock\" \/>\n<meta property=\"product:availability\" content=\"out of stock\" \/>\n<meta property=\"product:retailer_item_id\" content=\"4205995\" \/>\n<meta property=\"product:condition\" content=\"new\" \/>\n<!-- \/ Yoast SEO Premium plugin. -->","yoast_head_json":{"title":"Extracto de Pr\u00f3polis Sin Alcohol 30ml - Propolia - Dutchmicrodosing","description":"\u00a1Disfruta de los beneficios naturales del prop\u00f3leo! \u00a1Ideal para usuarios sensibles! \u00a1Alta calidad y pureza para un cuidado \u00f3ptimo!","robots":{"index":"index","follow":"follow","max-snippet":"max-snippet:-1","max-image-preview":"max-image-preview:large","max-video-preview":"max-video-preview:-1"},"canonical":"https:\/\/dutchmicrodosing.com\/es\/herbolario\/suplementos-de-vitaminas\/extracto-de-propolis-sin-alcohol-30ml-propolia\/","og_locale":"es_ES","og_type":"article","og_title":"Extracto de Pr\u00f3polis Sin Alcohol 30ml - Propolia","og_description":"Extracto de pr\u00f3polis sin alcohol 30 ml un producto sanitario vers\u00e1til y f\u00e1cil de usar, repleto de principios activos como flavonoides, minerales,","og_url":"https:\/\/dutchmicrodosing.com\/es\/herbolario\/suplementos-de-vitaminas\/extracto-de-propolis-sin-alcohol-30ml-propolia\/","og_site_name":"Dutchmicrodosing","article_publisher":"https:\/\/www.facebook.com\/Dutchmicrodosingxp\/","article_modified_time":"2025-11-04T08:15:43+00:00","og_image":[{"width":500,"height":500,"url":"https:\/\/dutchmicrodosing.com\/wp-content\/uploads\/2024\/05\/propolia.png","type":"image\/png"}],"twitter_card":"summary_large_image","schema":{"@context":"https:\/\/schema.org","@graph":[{"@type":"WebPage","@id":"https:\/\/dutchmicrodosing.com\/es\/herbolario\/suplementos-de-vitaminas\/extracto-de-propolis-sin-alcohol-30ml-propolia\/","url":"https:\/\/dutchmicrodosing.com\/es\/herbolario\/suplementos-de-vitaminas\/extracto-de-propolis-sin-alcohol-30ml-propolia\/","name":"Extracto de Pr\u00f3polis Sin Alcohol 30ml - Propolia - Dutchmicrodosing","isPartOf":{"@id":"https:\/\/dutchmicrodosing.com\/es\/#website"},"primaryImageOfPage":{"@id":"https:\/\/dutchmicrodosing.com\/es\/herbolario\/suplementos-de-vitaminas\/extracto-de-propolis-sin-alcohol-30ml-propolia\/#primaryimage"},"image":{"@id":"https:\/\/dutchmicrodosing.com\/es\/herbolario\/suplementos-de-vitaminas\/extracto-de-propolis-sin-alcohol-30ml-propolia\/#primaryimage"},"thumbnailUrl":"https:\/\/dutchmicrodosing.com\/wp-content\/uploads\/2024\/05\/propolia.png","datePublished":"2024-05-31T11:35:20+00:00","dateModified":"2025-11-04T08:15:43+00:00","description":"\u00a1Disfruta de los beneficios naturales del prop\u00f3leo! \u00a1Ideal para usuarios sensibles! \u00a1Alta calidad y pureza para un cuidado \u00f3ptimo!","breadcrumb":{"@id":"https:\/\/dutchmicrodosing.com\/es\/herbolario\/suplementos-de-vitaminas\/extracto-de-propolis-sin-alcohol-30ml-propolia\/#breadcrumb"},"inLanguage":"es","potentialAction":[{"@type":"ReadAction","target":["https:\/\/dutchmicrodosing.com\/es\/herbolario\/suplementos-de-vitaminas\/extracto-de-propolis-sin-alcohol-30ml-propolia\/"]}]},{"@type":"ImageObject","inLanguage":"es","@id":"https:\/\/dutchmicrodosing.com\/es\/herbolario\/suplementos-de-vitaminas\/extracto-de-propolis-sin-alcohol-30ml-propolia\/#primaryimage","url":"https:\/\/dutchmicrodosing.com\/wp-content\/uploads\/2024\/05\/propolia.png","contentUrl":"https:\/\/dutchmicrodosing.com\/wp-content\/uploads\/2024\/05\/propolia.png","width":500,"height":500},{"@type":"BreadcrumbList","@id":"https:\/\/dutchmicrodosing.com\/es\/herbolario\/suplementos-de-vitaminas\/extracto-de-propolis-sin-alcohol-30ml-propolia\/#breadcrumb","itemListElement":[{"@type":"ListItem","position":1,"name":"Home","item":"https:\/\/dutchmicrodosing.com\/es\/"},{"@type":"ListItem","position":2,"name":"Tienda","item":"https:\/\/dutchmicrodosing.com\/es\/tienda\/"},{"@type":"ListItem","position":3,"name":"Extracto de Pr\u00f3polis Sin Alcohol 30ml &#8211; Propolia"}]},{"@type":"WebSite","@id":"https:\/\/dutchmicrodosing.com\/es\/#website","url":"https:\/\/dutchmicrodosing.com\/es\/","name":"Dutchmicrodosing","description":"","publisher":{"@id":"https:\/\/dutchmicrodosing.com\/es\/#organization"},"potentialAction":[{"@type":"SearchAction","target":{"@type":"EntryPoint","urlTemplate":"https:\/\/dutchmicrodosing.com\/es\/?s={search_term_string}"},"query-input":{"@type":"PropertyValueSpecification","valueRequired":true,"valueName":"search_term_string"}}],"inLanguage":"es"},{"@type":"Organization","@id":"https:\/\/dutchmicrodosing.com\/es\/#organization","name":"Dutchmicrodosing","url":"https:\/\/dutchmicrodosing.com\/es\/","logo":{"@type":"ImageObject","inLanguage":"es","@id":"https:\/\/dutchmicrodosing.com\/es\/#\/schema\/logo\/image\/","url":"https:\/\/dutchmicrodosing.com\/wp-content\/uploads\/2021\/01\/microdosing-categorie-pic-nieuw.jpg","contentUrl":"https:\/\/dutchmicrodosing.com\/wp-content\/uploads\/2021\/01\/microdosing-categorie-pic-nieuw.jpg","width":500,"height":500,"caption":"Dutchmicrodosing"},"image":{"@id":"https:\/\/dutchmicrodosing.com\/es\/#\/schema\/logo\/image\/"},"sameAs":["https:\/\/www.facebook.com\/Dutchmicrodosingxp\/","https:\/\/www.instagram.com\/dutchmicrodosing\/"]}]},"product_price_amount":"15.95","product_price_currency":"EUR","og_availability":"out of stock","product_availability":"out of stock","product_retailer_item_id":"4205995","product_condition":"new"},"_links":{"self":[{"href":"https:\/\/dutchmicrodosing.com\/es\/wp-json\/wp\/v2\/product\/40231","targetHints":{"allow":["GET"]}}],"collection":[{"href":"https:\/\/dutchmicrodosing.com\/es\/wp-json\/wp\/v2\/product"}],"about":[{"href":"https:\/\/dutchmicrodosing.com\/es\/wp-json\/wp\/v2\/types\/product"}],"replies":[{"embeddable":true,"href":"https:\/\/dutchmicrodosing.com\/es\/wp-json\/wp\/v2\/comments?post=40231"}],"version-history":[{"count":1,"href":"https:\/\/dutchmicrodosing.com\/es\/wp-json\/wp\/v2\/product\/40231\/revisions"}],"predecessor-version":[{"id":60895,"href":"https:\/\/dutchmicrodosing.com\/es\/wp-json\/wp\/v2\/product\/40231\/revisions\/60895"}],"wp:featuredmedia":[{"embeddable":true,"href":"https:\/\/dutchmicrodosing.com\/es\/wp-json\/wp\/v2\/media\/40226"}],"wp:attachment":[{"href":"https:\/\/dutchmicrodosing.com\/es\/wp-json\/wp\/v2\/media?parent=40231"}],"wp:term":[{"taxonomy":"product_brand","embeddable":true,"href":"https:\/\/dutchmicrodosing.com\/es\/wp-json\/wp\/v2\/product_brand?post=40231"},{"taxonomy":"product_cat","embeddable":true,"href":"https:\/\/dutchmicrodosing.com\/es\/wp-json\/wp\/v2\/product_cat?post=40231"},{"taxonomy":"product_tag","embeddable":true,"href":"https:\/\/dutchmicrodosing.com\/es\/wp-json\/wp\/v2\/product_tag?post=40231"}],"curies":[{"name":"wp","href":"https:\/\/api.w.org\/{rel}","templated":true}]}}