{"id":40238,"date":"2024-05-31T12:59:35","date_gmt":"2024-05-31T10:59:35","guid":{"rendered":"https:\/\/dutchmicrodosing.com\/shop\/sin%20categor\u00eda\/propoleo-ultra-capsulas-120-piezas-propolia\/"},"modified":"2025-11-11T20:32:42","modified_gmt":"2025-11-11T19:32:42","slug":"propoleo-ultra-capsulas-120-piezas-propolia","status":"publish","type":"product","link":"https:\/\/dutchmicrodosing.com\/es\/herbolario\/suplementos-para-el-sistema-inmunitario\/propoleo-ultra-capsulas-120-piezas-propolia\/","title":{"rendered":"Prop\u00f3leo Ultra C\u00e1psulas 120 unidades &#8211; Propolia"},"content":{"rendered":"<p><strong>Las C\u00e1psulas Ultra<\/strong> de Prop\u00f3leo de Propolia son complementos sin gluten especialmente dise\u00f1ados para aliviar las molestias abdominales y reforzar el sistema inmunitario. Contienen una concentraci\u00f3n muy elevada de 99% de prop\u00f3leo purificado directamente de la regi\u00f3n francesa de Occitanie \/ Pyr\u00e9n\u00e9es-M\u00e9diterran\u00e9e. Al convertir el prop\u00f3leo en un polvo extremadamente fino con un tama\u00f1o de part\u00edcula de s\u00f3lo 30 PPM, el organismo puede absorber los principios activos con mayor eficacia. Este cuidadoso m\u00e9todo de elaboraci\u00f3n potencia las propiedades depurativas del prop\u00f3leo, mejorando la capacidad del organismo para resistir a los agentes pat\u00f3genos.<\/p>\n<h3>\u00bfCu\u00e1les son las principales caracter\u00edsticas del prop\u00f3leo?<\/h3>\n<ul>\n<li><strong>Derivado de las abejas mel\u00edferas<\/strong>: las abejas producen el prop\u00f3leo a partir de las resinas de diversas plantas y \u00e1rboles.<\/li>\n<li><strong>Protecci\u00f3n en la colmena<\/strong>: Las abejas utilizan el prop\u00f3leo para proteger sus colmenas de bacterias y hongos.<\/li>\n<li><strong>Producto sanitario vers\u00e1til<\/strong>: El prop\u00f3leo se utiliza ampliamente con diversos fines sanitarios gracias a sus propiedades antibacterianas y antif\u00fangicas.<\/li>\n<li><strong>Naturalmente rica en nutrientes<\/strong>: Contiene una serie de minerales y vitaminas esenciales para la salud.<\/li>\n<li><strong>Contiene m\u00e1s de 300 principios activos<\/strong>: Su compleja composici\u00f3n contribuye a sus polifac\u00e9ticos beneficios para la salud.<\/li>\n<li><strong>Rico en compuestos bioactivos<\/strong>: Incluye una rica mezcla de flavonoides, \u00e1cidos fen\u00f3licos y aceites esenciales, que contribuyen a sus propiedades terap\u00e9uticas.<\/li>\n<\/ul>\n<h3>Instrucciones de uso<\/h3>\n<p>Para reforzar el sistema inmunitario, se recomienda un curso de un mes, tomando cada d\u00eda 4 c\u00e1psulas antes del desayuno y 4 c\u00e1psulas antes de la cena (8 c\u00e1psulas al d\u00eda). Una cura de un mes requiere 240 c\u00e1psulas, o dos botes de 120 c\u00e1psulas.<\/p>\n<h3>Recomendaciones<\/h3>\n<p>No apto para personas al\u00e9rgicas a los productos ap\u00edcolas, mujeres embarazadas y ni\u00f1os menores de 3 a\u00f1os. Un suplemento diet\u00e9tico no sustituye a una dieta variada y equilibrada y a un estilo de vida sano. Mantener fuera del alcance de los ni\u00f1os peque\u00f1os. No superes la dosis recomendada. Gu\u00e1rdalo en lugar fresco y seco. Este producto no es un medicamento.<\/p>\n<h3>Ingredientes<\/h3>\n<p>Por 8 c\u00e1psulas:<\/p>\n<ul>\n<li>Extracto de prop\u00f3leo 2,4 g (coadyuvante: almid\u00f3n de ma\u00edz 1,8 g)<\/li>\n<li>Envoltura de la c\u00e1psula: vegetal.<\/li>\n<\/ul>\n<h3>Contenido<\/h3>\n<p>Propolis Ultra C\u00e1psulas de Propolia &#8211; 120 C\u00e1psulas<\/p>\n","protected":false},"excerpt":{"rendered":"<p>Las C\u00e1psulas Ultra de Prop\u00f3leo de Propolia son complementos sin gluten especialmente dise\u00f1ados para aliviar las molestias abdominales y reforzar el sistema inmunitario. Contienen una concentraci\u00f3n muy elevada de 99% de prop\u00f3leo purificado directamente de la regi\u00f3n francesa de Occitanie \/ Pyr\u00e9n\u00e9es-M\u00e9diterran\u00e9e. Al convertir el prop\u00f3leo en un polvo extremadamente fino con un tama\u00f1o de [&hellip;]<\/p>\n","protected":false},"featured_media":40250,"comment_status":"closed","ping_status":"closed","template":"","meta":[],"product_brand":[],"product_cat":[140,298],"product_tag":[],"class_list":{"0":"post-40238","1":"product","2":"type-product","3":"status-publish","4":"has-post-thumbnail","6":"product_cat-suplementos-de-vitaminas","7":"product_cat-suplementos-para-el-sistema-inmunitario","9":"first","10":"instock","11":"taxable","12":"shipping-taxable","13":"purchasable","14":"product-type-simple"},"yoast_head":"<!-- This site is optimized with the Yoast SEO Premium plugin v26.4 (Yoast SEO v27.4) - https:\/\/yoast.com\/product\/yoast-seo-premium-wordpress\/ -->\n<title>Prop\u00f3leo Ultra C\u00e1psulas 120 unidades - Propolia - Dutchmicrodosing<\/title>\n<meta name=\"description\" content=\"Especialmente dise\u00f1ado para aliviar las molestias abdominales y reforzar el sistema inmunitario. \u00a1Contiene un 99% de prop\u00f3leo purificado de Occitania! Haz clic aqu\u00ed para m\u00e1s informaci\u00f3n\" \/>\n<meta name=\"robots\" content=\"index, follow, max-snippet:-1, max-image-preview:large, max-video-preview:-1\" \/>\n<link rel=\"canonical\" href=\"https:\/\/dutchmicrodosing.com\/es\/herbolario\/suplementos-para-el-sistema-inmunitario\/propoleo-ultra-capsulas-120-piezas-propolia\/\" \/>\n<meta property=\"og:locale\" content=\"es_ES\" \/>\n<meta property=\"og:type\" content=\"article\" \/>\n<meta property=\"og:title\" content=\"Prop\u00f3leo Ultra C\u00e1psulas 120 unidades - Propolia\" \/>\n<meta property=\"og:description\" content=\"Las C\u00e1psulas Ultra de Prop\u00f3leo de Propolia son complementos sin gluten especialmente dise\u00f1ados para aliviar las molestias abdominales y reforzar el\" \/>\n<meta property=\"og:url\" content=\"https:\/\/dutchmicrodosing.com\/es\/herbolario\/suplementos-para-el-sistema-inmunitario\/propoleo-ultra-capsulas-120-piezas-propolia\/\" \/>\n<meta property=\"og:site_name\" content=\"Dutchmicrodosing\" \/>\n<meta property=\"article:publisher\" content=\"https:\/\/www.facebook.com\/Dutchmicrodosingxp\/\" \/>\n<meta property=\"article:modified_time\" content=\"2025-11-11T19:32:42+00:00\" \/>\n<meta property=\"og:image\" content=\"https:\/\/dutchmicrodosing.com\/wp-content\/uploads\/2024\/05\/capsules-propolia.png\" \/>\n\t<meta property=\"og:image:width\" content=\"500\" \/>\n\t<meta property=\"og:image:height\" content=\"500\" \/>\n\t<meta property=\"og:image:type\" content=\"image\/png\" \/>\n<meta name=\"twitter:card\" content=\"summary_large_image\" \/>\n<script type=\"application\/ld+json\" class=\"yoast-schema-graph\">{\"@context\":\"https:\\\/\\\/schema.org\",\"@graph\":[{\"@type\":\"WebPage\",\"@id\":\"https:\\\/\\\/dutchmicrodosing.com\\\/es\\\/herbolario\\\/suplementos-para-el-sistema-inmunitario\\\/propoleo-ultra-capsulas-120-piezas-propolia\\\/\",\"url\":\"https:\\\/\\\/dutchmicrodosing.com\\\/es\\\/herbolario\\\/suplementos-para-el-sistema-inmunitario\\\/propoleo-ultra-capsulas-120-piezas-propolia\\\/\",\"name\":\"Prop\u00f3leo Ultra C\u00e1psulas 120 unidades - Propolia - Dutchmicrodosing\",\"isPartOf\":{\"@id\":\"https:\\\/\\\/dutchmicrodosing.com\\\/es\\\/#website\"},\"primaryImageOfPage\":{\"@id\":\"https:\\\/\\\/dutchmicrodosing.com\\\/es\\\/herbolario\\\/suplementos-para-el-sistema-inmunitario\\\/propoleo-ultra-capsulas-120-piezas-propolia\\\/#primaryimage\"},\"image\":{\"@id\":\"https:\\\/\\\/dutchmicrodosing.com\\\/es\\\/herbolario\\\/suplementos-para-el-sistema-inmunitario\\\/propoleo-ultra-capsulas-120-piezas-propolia\\\/#primaryimage\"},\"thumbnailUrl\":\"https:\\\/\\\/dutchmicrodosing.com\\\/wp-content\\\/uploads\\\/2024\\\/05\\\/capsules-propolia.png\",\"datePublished\":\"2024-05-31T10:59:35+00:00\",\"dateModified\":\"2025-11-11T19:32:42+00:00\",\"description\":\"Especialmente dise\u00f1ado para aliviar las molestias abdominales y reforzar el sistema inmunitario. \u00a1Contiene un 99% de prop\u00f3leo purificado de Occitania! Haz clic aqu\u00ed para m\u00e1s informaci\u00f3n\",\"breadcrumb\":{\"@id\":\"https:\\\/\\\/dutchmicrodosing.com\\\/es\\\/herbolario\\\/suplementos-para-el-sistema-inmunitario\\\/propoleo-ultra-capsulas-120-piezas-propolia\\\/#breadcrumb\"},\"inLanguage\":\"es\",\"potentialAction\":[{\"@type\":\"ReadAction\",\"target\":[\"https:\\\/\\\/dutchmicrodosing.com\\\/es\\\/herbolario\\\/suplementos-para-el-sistema-inmunitario\\\/propoleo-ultra-capsulas-120-piezas-propolia\\\/\"]}]},{\"@type\":\"ImageObject\",\"inLanguage\":\"es\",\"@id\":\"https:\\\/\\\/dutchmicrodosing.com\\\/es\\\/herbolario\\\/suplementos-para-el-sistema-inmunitario\\\/propoleo-ultra-capsulas-120-piezas-propolia\\\/#primaryimage\",\"url\":\"https:\\\/\\\/dutchmicrodosing.com\\\/wp-content\\\/uploads\\\/2024\\\/05\\\/capsules-propolia.png\",\"contentUrl\":\"https:\\\/\\\/dutchmicrodosing.com\\\/wp-content\\\/uploads\\\/2024\\\/05\\\/capsules-propolia.png\",\"width\":500,\"height\":500},{\"@type\":\"BreadcrumbList\",\"@id\":\"https:\\\/\\\/dutchmicrodosing.com\\\/es\\\/herbolario\\\/suplementos-para-el-sistema-inmunitario\\\/propoleo-ultra-capsulas-120-piezas-propolia\\\/#breadcrumb\",\"itemListElement\":[{\"@type\":\"ListItem\",\"position\":1,\"name\":\"Home\",\"item\":\"https:\\\/\\\/dutchmicrodosing.com\\\/es\\\/\"},{\"@type\":\"ListItem\",\"position\":2,\"name\":\"Tienda\",\"item\":\"https:\\\/\\\/dutchmicrodosing.com\\\/es\\\/tienda\\\/\"},{\"@type\":\"ListItem\",\"position\":3,\"name\":\"Prop\u00f3leo Ultra C\u00e1psulas 120 unidades &#8211; Propolia\"}]},{\"@type\":\"WebSite\",\"@id\":\"https:\\\/\\\/dutchmicrodosing.com\\\/es\\\/#website\",\"url\":\"https:\\\/\\\/dutchmicrodosing.com\\\/es\\\/\",\"name\":\"Dutchmicrodosing\",\"description\":\"\",\"publisher\":{\"@id\":\"https:\\\/\\\/dutchmicrodosing.com\\\/es\\\/#organization\"},\"potentialAction\":[{\"@type\":\"SearchAction\",\"target\":{\"@type\":\"EntryPoint\",\"urlTemplate\":\"https:\\\/\\\/dutchmicrodosing.com\\\/es\\\/?s={search_term_string}\"},\"query-input\":{\"@type\":\"PropertyValueSpecification\",\"valueRequired\":true,\"valueName\":\"search_term_string\"}}],\"inLanguage\":\"es\"},{\"@type\":\"Organization\",\"@id\":\"https:\\\/\\\/dutchmicrodosing.com\\\/es\\\/#organization\",\"name\":\"Dutchmicrodosing\",\"url\":\"https:\\\/\\\/dutchmicrodosing.com\\\/es\\\/\",\"logo\":{\"@type\":\"ImageObject\",\"inLanguage\":\"es\",\"@id\":\"https:\\\/\\\/dutchmicrodosing.com\\\/es\\\/#\\\/schema\\\/logo\\\/image\\\/\",\"url\":\"https:\\\/\\\/dutchmicrodosing.com\\\/wp-content\\\/uploads\\\/2021\\\/01\\\/microdosing-categorie-pic-nieuw.jpg\",\"contentUrl\":\"https:\\\/\\\/dutchmicrodosing.com\\\/wp-content\\\/uploads\\\/2021\\\/01\\\/microdosing-categorie-pic-nieuw.jpg\",\"width\":500,\"height\":500,\"caption\":\"Dutchmicrodosing\"},\"image\":{\"@id\":\"https:\\\/\\\/dutchmicrodosing.com\\\/es\\\/#\\\/schema\\\/logo\\\/image\\\/\"},\"sameAs\":[\"https:\\\/\\\/www.facebook.com\\\/Dutchmicrodosingxp\\\/\",\"https:\\\/\\\/www.instagram.com\\\/dutchmicrodosing\\\/\"]}]}<\/script>\n<meta property=\"product:price:amount\" content=\"23.95\" \/>\n<meta property=\"product:price:currency\" content=\"EUR\" \/>\n<meta property=\"og:availability\" content=\"instock\" \/>\n<meta property=\"product:availability\" content=\"instock\" \/>\n<meta property=\"product:retailer_item_id\" content=\"4205435\" \/>\n<meta property=\"product:condition\" content=\"new\" \/>\n<!-- \/ Yoast SEO Premium plugin. -->","yoast_head_json":{"title":"Prop\u00f3leo Ultra C\u00e1psulas 120 unidades - Propolia - Dutchmicrodosing","description":"Especialmente dise\u00f1ado para aliviar las molestias abdominales y reforzar el sistema inmunitario. \u00a1Contiene un 99% de prop\u00f3leo purificado de Occitania! Haz clic aqu\u00ed para m\u00e1s informaci\u00f3n","robots":{"index":"index","follow":"follow","max-snippet":"max-snippet:-1","max-image-preview":"max-image-preview:large","max-video-preview":"max-video-preview:-1"},"canonical":"https:\/\/dutchmicrodosing.com\/es\/herbolario\/suplementos-para-el-sistema-inmunitario\/propoleo-ultra-capsulas-120-piezas-propolia\/","og_locale":"es_ES","og_type":"article","og_title":"Prop\u00f3leo Ultra C\u00e1psulas 120 unidades - Propolia","og_description":"Las C\u00e1psulas Ultra de Prop\u00f3leo de Propolia son complementos sin gluten especialmente dise\u00f1ados para aliviar las molestias abdominales y reforzar el","og_url":"https:\/\/dutchmicrodosing.com\/es\/herbolario\/suplementos-para-el-sistema-inmunitario\/propoleo-ultra-capsulas-120-piezas-propolia\/","og_site_name":"Dutchmicrodosing","article_publisher":"https:\/\/www.facebook.com\/Dutchmicrodosingxp\/","article_modified_time":"2025-11-11T19:32:42+00:00","og_image":[{"width":500,"height":500,"url":"https:\/\/dutchmicrodosing.com\/wp-content\/uploads\/2024\/05\/capsules-propolia.png","type":"image\/png"}],"twitter_card":"summary_large_image","schema":{"@context":"https:\/\/schema.org","@graph":[{"@type":"WebPage","@id":"https:\/\/dutchmicrodosing.com\/es\/herbolario\/suplementos-para-el-sistema-inmunitario\/propoleo-ultra-capsulas-120-piezas-propolia\/","url":"https:\/\/dutchmicrodosing.com\/es\/herbolario\/suplementos-para-el-sistema-inmunitario\/propoleo-ultra-capsulas-120-piezas-propolia\/","name":"Prop\u00f3leo Ultra C\u00e1psulas 120 unidades - Propolia - Dutchmicrodosing","isPartOf":{"@id":"https:\/\/dutchmicrodosing.com\/es\/#website"},"primaryImageOfPage":{"@id":"https:\/\/dutchmicrodosing.com\/es\/herbolario\/suplementos-para-el-sistema-inmunitario\/propoleo-ultra-capsulas-120-piezas-propolia\/#primaryimage"},"image":{"@id":"https:\/\/dutchmicrodosing.com\/es\/herbolario\/suplementos-para-el-sistema-inmunitario\/propoleo-ultra-capsulas-120-piezas-propolia\/#primaryimage"},"thumbnailUrl":"https:\/\/dutchmicrodosing.com\/wp-content\/uploads\/2024\/05\/capsules-propolia.png","datePublished":"2024-05-31T10:59:35+00:00","dateModified":"2025-11-11T19:32:42+00:00","description":"Especialmente dise\u00f1ado para aliviar las molestias abdominales y reforzar el sistema inmunitario. \u00a1Contiene un 99% de prop\u00f3leo purificado de Occitania! Haz clic aqu\u00ed para m\u00e1s informaci\u00f3n","breadcrumb":{"@id":"https:\/\/dutchmicrodosing.com\/es\/herbolario\/suplementos-para-el-sistema-inmunitario\/propoleo-ultra-capsulas-120-piezas-propolia\/#breadcrumb"},"inLanguage":"es","potentialAction":[{"@type":"ReadAction","target":["https:\/\/dutchmicrodosing.com\/es\/herbolario\/suplementos-para-el-sistema-inmunitario\/propoleo-ultra-capsulas-120-piezas-propolia\/"]}]},{"@type":"ImageObject","inLanguage":"es","@id":"https:\/\/dutchmicrodosing.com\/es\/herbolario\/suplementos-para-el-sistema-inmunitario\/propoleo-ultra-capsulas-120-piezas-propolia\/#primaryimage","url":"https:\/\/dutchmicrodosing.com\/wp-content\/uploads\/2024\/05\/capsules-propolia.png","contentUrl":"https:\/\/dutchmicrodosing.com\/wp-content\/uploads\/2024\/05\/capsules-propolia.png","width":500,"height":500},{"@type":"BreadcrumbList","@id":"https:\/\/dutchmicrodosing.com\/es\/herbolario\/suplementos-para-el-sistema-inmunitario\/propoleo-ultra-capsulas-120-piezas-propolia\/#breadcrumb","itemListElement":[{"@type":"ListItem","position":1,"name":"Home","item":"https:\/\/dutchmicrodosing.com\/es\/"},{"@type":"ListItem","position":2,"name":"Tienda","item":"https:\/\/dutchmicrodosing.com\/es\/tienda\/"},{"@type":"ListItem","position":3,"name":"Prop\u00f3leo Ultra C\u00e1psulas 120 unidades &#8211; Propolia"}]},{"@type":"WebSite","@id":"https:\/\/dutchmicrodosing.com\/es\/#website","url":"https:\/\/dutchmicrodosing.com\/es\/","name":"Dutchmicrodosing","description":"","publisher":{"@id":"https:\/\/dutchmicrodosing.com\/es\/#organization"},"potentialAction":[{"@type":"SearchAction","target":{"@type":"EntryPoint","urlTemplate":"https:\/\/dutchmicrodosing.com\/es\/?s={search_term_string}"},"query-input":{"@type":"PropertyValueSpecification","valueRequired":true,"valueName":"search_term_string"}}],"inLanguage":"es"},{"@type":"Organization","@id":"https:\/\/dutchmicrodosing.com\/es\/#organization","name":"Dutchmicrodosing","url":"https:\/\/dutchmicrodosing.com\/es\/","logo":{"@type":"ImageObject","inLanguage":"es","@id":"https:\/\/dutchmicrodosing.com\/es\/#\/schema\/logo\/image\/","url":"https:\/\/dutchmicrodosing.com\/wp-content\/uploads\/2021\/01\/microdosing-categorie-pic-nieuw.jpg","contentUrl":"https:\/\/dutchmicrodosing.com\/wp-content\/uploads\/2021\/01\/microdosing-categorie-pic-nieuw.jpg","width":500,"height":500,"caption":"Dutchmicrodosing"},"image":{"@id":"https:\/\/dutchmicrodosing.com\/es\/#\/schema\/logo\/image\/"},"sameAs":["https:\/\/www.facebook.com\/Dutchmicrodosingxp\/","https:\/\/www.instagram.com\/dutchmicrodosing\/"]}]},"product_price_amount":"23.95","product_price_currency":"EUR","og_availability":"instock","product_availability":"instock","product_retailer_item_id":"4205435","product_condition":"new"},"_links":{"self":[{"href":"https:\/\/dutchmicrodosing.com\/es\/wp-json\/wp\/v2\/product\/40238","targetHints":{"allow":["GET"]}}],"collection":[{"href":"https:\/\/dutchmicrodosing.com\/es\/wp-json\/wp\/v2\/product"}],"about":[{"href":"https:\/\/dutchmicrodosing.com\/es\/wp-json\/wp\/v2\/types\/product"}],"replies":[{"embeddable":true,"href":"https:\/\/dutchmicrodosing.com\/es\/wp-json\/wp\/v2\/comments?post=40238"}],"version-history":[{"count":1,"href":"https:\/\/dutchmicrodosing.com\/es\/wp-json\/wp\/v2\/product\/40238\/revisions"}],"predecessor-version":[{"id":61738,"href":"https:\/\/dutchmicrodosing.com\/es\/wp-json\/wp\/v2\/product\/40238\/revisions\/61738"}],"wp:featuredmedia":[{"embeddable":true,"href":"https:\/\/dutchmicrodosing.com\/es\/wp-json\/wp\/v2\/media\/40250"}],"wp:attachment":[{"href":"https:\/\/dutchmicrodosing.com\/es\/wp-json\/wp\/v2\/media?parent=40238"}],"wp:term":[{"taxonomy":"product_brand","embeddable":true,"href":"https:\/\/dutchmicrodosing.com\/es\/wp-json\/wp\/v2\/product_brand?post=40238"},{"taxonomy":"product_cat","embeddable":true,"href":"https:\/\/dutchmicrodosing.com\/es\/wp-json\/wp\/v2\/product_cat?post=40238"},{"taxonomy":"product_tag","embeddable":true,"href":"https:\/\/dutchmicrodosing.com\/es\/wp-json\/wp\/v2\/product_tag?post=40238"}],"curies":[{"name":"wp","href":"https:\/\/api.w.org\/{rel}","templated":true}]}}