{"id":40523,"date":"2024-06-21T14:30:26","date_gmt":"2024-06-21T12:30:26","guid":{"rendered":"https:\/\/dutchmicrodosing.com\/shop\/sin%20categor\u00eda\/cibdol-sueno-completo-10-ml\/"},"modified":"2025-08-19T13:06:36","modified_gmt":"2025-08-19T11:06:36","slug":"cibdol-sueno-completo-10-ml","status":"publish","type":"product","link":"https:\/\/dutchmicrodosing.com\/es\/herbolario\/cbd-y-suplementos-alimenticios\/cibdol-sueno-completo-10-ml\/","title":{"rendered":"Cibdol Sue\u00f1o Completo &#8211; 10 ML"},"content":{"rendered":"<p><strong>Cibdol Sue\u00f1o Completo &#8211; 10 ML<\/strong> es una innovadora mezcla de cannabinoides, CBD, CBN y hierbas como la lavanda y la manzanilla est\u00e1 dise\u00f1ada para favorecer un sue\u00f1o reparador y relajante, sin necesidad de melatonina. \u00bfCansado de dormirte? \u00bfEst\u00e1s cansado de pasar la noche en vela, luchando por conciliar el sue\u00f1o y mantenerte dormido? \u00bfTe parece que dependes de los suplementos de melatonina pero te sientes mareado y aletargado cuando te despiertas? Ha llegado el momento de replantearte tu enfoque del sue\u00f1o y explorar una soluci\u00f3n m\u00e1s suave y sostenible.<\/p>\n<h3>Nuestra exclusiva mezcla de ingredientes incluye<\/h3>\n<ul>\n<li>Aceite MCT 92,3<\/li>\n<li>Extracto de c\u00e1\u00f1amo 7,5% (Cannabinol y Cannabidiol)<\/li>\n<li>Extracto de manzanilla Matricaria<\/li>\n<li>Extracto de lavanda<\/li>\n<\/ul>\n<h4>Lavanda:<\/h4>\n<p>La lavanda, una hierba conocida por sus propiedades calmantes y relajantes, desempe\u00f1a un papel crucial en Cibdol Sue\u00f1o Completo 10% CBD. Al favorecer un sue\u00f1o reparador, la lavanda ayuda a reducir el estr\u00e9s y la ansiedad, creando un entorno ideal para dormir bien.<\/p>\n<h4>Manzanilla:<\/h4>\n<p>La manzanilla, otro ingrediente clave de Cibdol Sue\u00f1o Completo 10% CBD, se ha utilizado durante siglos para promover la relajaci\u00f3n y la calma. Al favorecer la relajaci\u00f3n, la manzanilla ayuda a calmar la mente y el cuerpo, facilitando conciliar el sue\u00f1o y permanecer dormido.<\/p>\n<h3>C\u00f3mo utilizarlo<\/h3>\n<p>Toma un gotero lleno (1 ml) unos 30 minutos antes de acostarte. Rep\u00edtelo cada noche para mejorar estructuralmente la calidad de tu sue\u00f1o.<\/p>\n<h3>Consejos de almacenamiento<\/h3>\n<p>Para mantener la eficacia del Sue\u00f1o Completo, gu\u00e1rdalo en un lugar seco y oscuro a temperatura ambiente, \u00a1fuera del alcance de los ni\u00f1os!<\/p>\n<h3>Contenido<\/h3>\n<p>Cibdol Sue\u00f1o Completo 10% &#8211; 10 ML<\/p>\n","protected":false},"excerpt":{"rendered":"<p>Cibdol Sue\u00f1o Completo &#8211; 10 ML es una innovadora mezcla de cannabinoides, CBD, CBN y hierbas como la lavanda y la manzanilla est\u00e1 dise\u00f1ada para favorecer un sue\u00f1o reparador y relajante, sin necesidad de melatonina. \u00bfCansado de dormirte? \u00bfEst\u00e1s cansado de pasar la noche en vela, luchando por conciliar el sue\u00f1o y mantenerte dormido? \u00bfTe [&hellip;]<\/p>\n","protected":false},"featured_media":40447,"comment_status":"closed","ping_status":"closed","template":"","meta":[],"product_brand":[],"product_cat":[288,301,140],"product_tag":[],"class_list":{"0":"post-40523","1":"product","2":"type-product","3":"status-publish","4":"has-post-thumbnail","6":"product_cat-cbd-y-suplementos-alimenticios","7":"product_cat-suplementos-para-dormir","8":"product_cat-suplementos-de-vitaminas","10":"first","11":"instock","12":"taxable","13":"shipping-taxable","14":"purchasable","15":"product-type-simple"},"yoast_head":"<!-- This site is optimized with the Yoast SEO Premium plugin v26.4 (Yoast SEO v27.4) - https:\/\/yoast.com\/product\/yoast-seo-premium-wordpress\/ -->\n<title>Cibdol Sue\u00f1o Completo - 10 ML - Dutchmicrodosing<\/title>\n<meta name=\"description\" content=\"\u00bfEst\u00e1s cansado de pasar la noche en vela, luchando por conciliar el sue\u00f1o y mantenerte dormido? \u00a1Prueba ahora el Sue\u00f1o Completo Cibdol! Haz clic aqu\u00ed...\" \/>\n<meta name=\"robots\" content=\"index, follow, max-snippet:-1, max-image-preview:large, max-video-preview:-1\" \/>\n<link rel=\"canonical\" href=\"https:\/\/dutchmicrodosing.com\/es\/herbolario\/cbd-y-suplementos-alimenticios\/cibdol-sueno-completo-10-ml\/\" \/>\n<meta property=\"og:locale\" content=\"es_ES\" \/>\n<meta property=\"og:type\" content=\"article\" \/>\n<meta property=\"og:title\" content=\"Cibdol Sue\u00f1o Completo - 10 ML\" \/>\n<meta property=\"og:description\" content=\"Cibdol Sue\u00f1o Completo - 10 ML es una innovadora mezcla de cannabinoides, CBD, CBN y hierbas como la lavanda y la manzanilla est\u00e1 dise\u00f1ada para favorecer\" \/>\n<meta property=\"og:url\" content=\"https:\/\/dutchmicrodosing.com\/es\/herbolario\/cbd-y-suplementos-alimenticios\/cibdol-sueno-completo-10-ml\/\" \/>\n<meta property=\"og:site_name\" content=\"Dutchmicrodosing\" \/>\n<meta property=\"article:publisher\" content=\"https:\/\/www.facebook.com\/Dutchmicrodosingxp\/\" \/>\n<meta property=\"article:modified_time\" content=\"2025-08-19T11:06:36+00:00\" \/>\n<meta property=\"og:image\" content=\"https:\/\/dutchmicrodosing.com\/wp-content\/uploads\/2024\/06\/Complete-sleep.jpg\" \/>\n\t<meta property=\"og:image:width\" content=\"600\" \/>\n\t<meta property=\"og:image:height\" content=\"792\" \/>\n\t<meta property=\"og:image:type\" content=\"image\/jpeg\" \/>\n<meta name=\"twitter:card\" content=\"summary_large_image\" \/>\n<script type=\"application\/ld+json\" class=\"yoast-schema-graph\">{\"@context\":\"https:\\\/\\\/schema.org\",\"@graph\":[{\"@type\":\"WebPage\",\"@id\":\"https:\\\/\\\/dutchmicrodosing.com\\\/es\\\/herbolario\\\/cbd-y-suplementos-alimenticios\\\/cibdol-sueno-completo-10-ml\\\/\",\"url\":\"https:\\\/\\\/dutchmicrodosing.com\\\/es\\\/herbolario\\\/cbd-y-suplementos-alimenticios\\\/cibdol-sueno-completo-10-ml\\\/\",\"name\":\"Cibdol Sue\u00f1o Completo - 10 ML - Dutchmicrodosing\",\"isPartOf\":{\"@id\":\"https:\\\/\\\/dutchmicrodosing.com\\\/es\\\/#website\"},\"primaryImageOfPage\":{\"@id\":\"https:\\\/\\\/dutchmicrodosing.com\\\/es\\\/herbolario\\\/cbd-y-suplementos-alimenticios\\\/cibdol-sueno-completo-10-ml\\\/#primaryimage\"},\"image\":{\"@id\":\"https:\\\/\\\/dutchmicrodosing.com\\\/es\\\/herbolario\\\/cbd-y-suplementos-alimenticios\\\/cibdol-sueno-completo-10-ml\\\/#primaryimage\"},\"thumbnailUrl\":\"https:\\\/\\\/dutchmicrodosing.com\\\/wp-content\\\/uploads\\\/2024\\\/06\\\/Complete-sleep.jpg\",\"datePublished\":\"2024-06-21T12:30:26+00:00\",\"dateModified\":\"2025-08-19T11:06:36+00:00\",\"description\":\"\u00bfEst\u00e1s cansado de pasar la noche en vela, luchando por conciliar el sue\u00f1o y mantenerte dormido? \u00a1Prueba ahora el Sue\u00f1o Completo Cibdol! Haz clic aqu\u00ed...\",\"breadcrumb\":{\"@id\":\"https:\\\/\\\/dutchmicrodosing.com\\\/es\\\/herbolario\\\/cbd-y-suplementos-alimenticios\\\/cibdol-sueno-completo-10-ml\\\/#breadcrumb\"},\"inLanguage\":\"es\",\"potentialAction\":[{\"@type\":\"ReadAction\",\"target\":[\"https:\\\/\\\/dutchmicrodosing.com\\\/es\\\/herbolario\\\/cbd-y-suplementos-alimenticios\\\/cibdol-sueno-completo-10-ml\\\/\"]}]},{\"@type\":\"ImageObject\",\"inLanguage\":\"es\",\"@id\":\"https:\\\/\\\/dutchmicrodosing.com\\\/es\\\/herbolario\\\/cbd-y-suplementos-alimenticios\\\/cibdol-sueno-completo-10-ml\\\/#primaryimage\",\"url\":\"https:\\\/\\\/dutchmicrodosing.com\\\/wp-content\\\/uploads\\\/2024\\\/06\\\/Complete-sleep.jpg\",\"contentUrl\":\"https:\\\/\\\/dutchmicrodosing.com\\\/wp-content\\\/uploads\\\/2024\\\/06\\\/Complete-sleep.jpg\",\"width\":600,\"height\":792},{\"@type\":\"BreadcrumbList\",\"@id\":\"https:\\\/\\\/dutchmicrodosing.com\\\/es\\\/herbolario\\\/cbd-y-suplementos-alimenticios\\\/cibdol-sueno-completo-10-ml\\\/#breadcrumb\",\"itemListElement\":[{\"@type\":\"ListItem\",\"position\":1,\"name\":\"Home\",\"item\":\"https:\\\/\\\/dutchmicrodosing.com\\\/es\\\/\"},{\"@type\":\"ListItem\",\"position\":2,\"name\":\"Tienda\",\"item\":\"https:\\\/\\\/dutchmicrodosing.com\\\/es\\\/tienda\\\/\"},{\"@type\":\"ListItem\",\"position\":3,\"name\":\"Cibdol Sue\u00f1o Completo &#8211; 10 ML\"}]},{\"@type\":\"WebSite\",\"@id\":\"https:\\\/\\\/dutchmicrodosing.com\\\/es\\\/#website\",\"url\":\"https:\\\/\\\/dutchmicrodosing.com\\\/es\\\/\",\"name\":\"Dutchmicrodosing\",\"description\":\"\",\"publisher\":{\"@id\":\"https:\\\/\\\/dutchmicrodosing.com\\\/es\\\/#organization\"},\"potentialAction\":[{\"@type\":\"SearchAction\",\"target\":{\"@type\":\"EntryPoint\",\"urlTemplate\":\"https:\\\/\\\/dutchmicrodosing.com\\\/es\\\/?s={search_term_string}\"},\"query-input\":{\"@type\":\"PropertyValueSpecification\",\"valueRequired\":true,\"valueName\":\"search_term_string\"}}],\"inLanguage\":\"es\"},{\"@type\":\"Organization\",\"@id\":\"https:\\\/\\\/dutchmicrodosing.com\\\/es\\\/#organization\",\"name\":\"Dutchmicrodosing\",\"url\":\"https:\\\/\\\/dutchmicrodosing.com\\\/es\\\/\",\"logo\":{\"@type\":\"ImageObject\",\"inLanguage\":\"es\",\"@id\":\"https:\\\/\\\/dutchmicrodosing.com\\\/es\\\/#\\\/schema\\\/logo\\\/image\\\/\",\"url\":\"https:\\\/\\\/dutchmicrodosing.com\\\/wp-content\\\/uploads\\\/2021\\\/01\\\/microdosing-categorie-pic-nieuw.jpg\",\"contentUrl\":\"https:\\\/\\\/dutchmicrodosing.com\\\/wp-content\\\/uploads\\\/2021\\\/01\\\/microdosing-categorie-pic-nieuw.jpg\",\"width\":500,\"height\":500,\"caption\":\"Dutchmicrodosing\"},\"image\":{\"@id\":\"https:\\\/\\\/dutchmicrodosing.com\\\/es\\\/#\\\/schema\\\/logo\\\/image\\\/\"},\"sameAs\":[\"https:\\\/\\\/www.facebook.com\\\/Dutchmicrodosingxp\\\/\",\"https:\\\/\\\/www.instagram.com\\\/dutchmicrodosing\\\/\"]}]}<\/script>\n<meta property=\"product:price:amount\" content=\"37.95\" \/>\n<meta property=\"product:price:currency\" content=\"EUR\" \/>\n<meta property=\"og:availability\" content=\"instock\" \/>\n<meta property=\"product:availability\" content=\"instock\" \/>\n<meta property=\"product:retailer_item_id\" content=\"4206847\" \/>\n<meta property=\"product:condition\" content=\"new\" \/>\n<!-- \/ Yoast SEO Premium plugin. -->","yoast_head_json":{"title":"Cibdol Sue\u00f1o Completo - 10 ML - Dutchmicrodosing","description":"\u00bfEst\u00e1s cansado de pasar la noche en vela, luchando por conciliar el sue\u00f1o y mantenerte dormido? \u00a1Prueba ahora el Sue\u00f1o Completo Cibdol! Haz clic aqu\u00ed...","robots":{"index":"index","follow":"follow","max-snippet":"max-snippet:-1","max-image-preview":"max-image-preview:large","max-video-preview":"max-video-preview:-1"},"canonical":"https:\/\/dutchmicrodosing.com\/es\/herbolario\/cbd-y-suplementos-alimenticios\/cibdol-sueno-completo-10-ml\/","og_locale":"es_ES","og_type":"article","og_title":"Cibdol Sue\u00f1o Completo - 10 ML","og_description":"Cibdol Sue\u00f1o Completo - 10 ML es una innovadora mezcla de cannabinoides, CBD, CBN y hierbas como la lavanda y la manzanilla est\u00e1 dise\u00f1ada para favorecer","og_url":"https:\/\/dutchmicrodosing.com\/es\/herbolario\/cbd-y-suplementos-alimenticios\/cibdol-sueno-completo-10-ml\/","og_site_name":"Dutchmicrodosing","article_publisher":"https:\/\/www.facebook.com\/Dutchmicrodosingxp\/","article_modified_time":"2025-08-19T11:06:36+00:00","og_image":[{"width":600,"height":792,"url":"https:\/\/dutchmicrodosing.com\/wp-content\/uploads\/2024\/06\/Complete-sleep.jpg","type":"image\/jpeg"}],"twitter_card":"summary_large_image","schema":{"@context":"https:\/\/schema.org","@graph":[{"@type":"WebPage","@id":"https:\/\/dutchmicrodosing.com\/es\/herbolario\/cbd-y-suplementos-alimenticios\/cibdol-sueno-completo-10-ml\/","url":"https:\/\/dutchmicrodosing.com\/es\/herbolario\/cbd-y-suplementos-alimenticios\/cibdol-sueno-completo-10-ml\/","name":"Cibdol Sue\u00f1o Completo - 10 ML - Dutchmicrodosing","isPartOf":{"@id":"https:\/\/dutchmicrodosing.com\/es\/#website"},"primaryImageOfPage":{"@id":"https:\/\/dutchmicrodosing.com\/es\/herbolario\/cbd-y-suplementos-alimenticios\/cibdol-sueno-completo-10-ml\/#primaryimage"},"image":{"@id":"https:\/\/dutchmicrodosing.com\/es\/herbolario\/cbd-y-suplementos-alimenticios\/cibdol-sueno-completo-10-ml\/#primaryimage"},"thumbnailUrl":"https:\/\/dutchmicrodosing.com\/wp-content\/uploads\/2024\/06\/Complete-sleep.jpg","datePublished":"2024-06-21T12:30:26+00:00","dateModified":"2025-08-19T11:06:36+00:00","description":"\u00bfEst\u00e1s cansado de pasar la noche en vela, luchando por conciliar el sue\u00f1o y mantenerte dormido? \u00a1Prueba ahora el Sue\u00f1o Completo Cibdol! Haz clic aqu\u00ed...","breadcrumb":{"@id":"https:\/\/dutchmicrodosing.com\/es\/herbolario\/cbd-y-suplementos-alimenticios\/cibdol-sueno-completo-10-ml\/#breadcrumb"},"inLanguage":"es","potentialAction":[{"@type":"ReadAction","target":["https:\/\/dutchmicrodosing.com\/es\/herbolario\/cbd-y-suplementos-alimenticios\/cibdol-sueno-completo-10-ml\/"]}]},{"@type":"ImageObject","inLanguage":"es","@id":"https:\/\/dutchmicrodosing.com\/es\/herbolario\/cbd-y-suplementos-alimenticios\/cibdol-sueno-completo-10-ml\/#primaryimage","url":"https:\/\/dutchmicrodosing.com\/wp-content\/uploads\/2024\/06\/Complete-sleep.jpg","contentUrl":"https:\/\/dutchmicrodosing.com\/wp-content\/uploads\/2024\/06\/Complete-sleep.jpg","width":600,"height":792},{"@type":"BreadcrumbList","@id":"https:\/\/dutchmicrodosing.com\/es\/herbolario\/cbd-y-suplementos-alimenticios\/cibdol-sueno-completo-10-ml\/#breadcrumb","itemListElement":[{"@type":"ListItem","position":1,"name":"Home","item":"https:\/\/dutchmicrodosing.com\/es\/"},{"@type":"ListItem","position":2,"name":"Tienda","item":"https:\/\/dutchmicrodosing.com\/es\/tienda\/"},{"@type":"ListItem","position":3,"name":"Cibdol Sue\u00f1o Completo &#8211; 10 ML"}]},{"@type":"WebSite","@id":"https:\/\/dutchmicrodosing.com\/es\/#website","url":"https:\/\/dutchmicrodosing.com\/es\/","name":"Dutchmicrodosing","description":"","publisher":{"@id":"https:\/\/dutchmicrodosing.com\/es\/#organization"},"potentialAction":[{"@type":"SearchAction","target":{"@type":"EntryPoint","urlTemplate":"https:\/\/dutchmicrodosing.com\/es\/?s={search_term_string}"},"query-input":{"@type":"PropertyValueSpecification","valueRequired":true,"valueName":"search_term_string"}}],"inLanguage":"es"},{"@type":"Organization","@id":"https:\/\/dutchmicrodosing.com\/es\/#organization","name":"Dutchmicrodosing","url":"https:\/\/dutchmicrodosing.com\/es\/","logo":{"@type":"ImageObject","inLanguage":"es","@id":"https:\/\/dutchmicrodosing.com\/es\/#\/schema\/logo\/image\/","url":"https:\/\/dutchmicrodosing.com\/wp-content\/uploads\/2021\/01\/microdosing-categorie-pic-nieuw.jpg","contentUrl":"https:\/\/dutchmicrodosing.com\/wp-content\/uploads\/2021\/01\/microdosing-categorie-pic-nieuw.jpg","width":500,"height":500,"caption":"Dutchmicrodosing"},"image":{"@id":"https:\/\/dutchmicrodosing.com\/es\/#\/schema\/logo\/image\/"},"sameAs":["https:\/\/www.facebook.com\/Dutchmicrodosingxp\/","https:\/\/www.instagram.com\/dutchmicrodosing\/"]}]},"product_price_amount":"37.95","product_price_currency":"EUR","og_availability":"instock","product_availability":"instock","product_retailer_item_id":"4206847","product_condition":"new"},"_links":{"self":[{"href":"https:\/\/dutchmicrodosing.com\/es\/wp-json\/wp\/v2\/product\/40523","targetHints":{"allow":["GET"]}}],"collection":[{"href":"https:\/\/dutchmicrodosing.com\/es\/wp-json\/wp\/v2\/product"}],"about":[{"href":"https:\/\/dutchmicrodosing.com\/es\/wp-json\/wp\/v2\/types\/product"}],"replies":[{"embeddable":true,"href":"https:\/\/dutchmicrodosing.com\/es\/wp-json\/wp\/v2\/comments?post=40523"}],"version-history":[{"count":0,"href":"https:\/\/dutchmicrodosing.com\/es\/wp-json\/wp\/v2\/product\/40523\/revisions"}],"wp:featuredmedia":[{"embeddable":true,"href":"https:\/\/dutchmicrodosing.com\/es\/wp-json\/wp\/v2\/media\/40447"}],"wp:attachment":[{"href":"https:\/\/dutchmicrodosing.com\/es\/wp-json\/wp\/v2\/media?parent=40523"}],"wp:term":[{"taxonomy":"product_brand","embeddable":true,"href":"https:\/\/dutchmicrodosing.com\/es\/wp-json\/wp\/v2\/product_brand?post=40523"},{"taxonomy":"product_cat","embeddable":true,"href":"https:\/\/dutchmicrodosing.com\/es\/wp-json\/wp\/v2\/product_cat?post=40523"},{"taxonomy":"product_tag","embeddable":true,"href":"https:\/\/dutchmicrodosing.com\/es\/wp-json\/wp\/v2\/product_tag?post=40523"}],"curies":[{"name":"wp","href":"https:\/\/api.w.org\/{rel}","templated":true}]}}