{"id":40530,"date":"2024-06-21T09:24:02","date_gmt":"2024-06-21T07:24:02","guid":{"rendered":"https:\/\/dutchmicrodosing.com\/shop\/sin%20categor\u00eda\/cibdol-fall-asleep-liquid-meladol-formula-30ml\/"},"modified":"2025-08-19T13:06:49","modified_gmt":"2025-08-19T11:06:49","slug":"cibdol-fall-asleep-liquid-meladol-formula-30ml","status":"publish","type":"product","link":"https:\/\/dutchmicrodosing.com\/es\/herbolario\/suplementos-para-dormir\/cibdol-fall-asleep-liquid-meladol-formula-30ml\/","title":{"rendered":"Cibdol Fall Asleep L\u00edquido &#8211; F\u00f3rmula Meladol &#8211; 30ml"},"content":{"rendered":"<p><strong>L\u00edquido Cibdol Fall Asleep<\/strong> <strong>&#8211; La f\u00f3rmula Meladol<\/strong> en envase de 30 ml combina CBD y melatonina para optimizar tu ciclo de sue\u00f1o. Esta f\u00f3rmula liposomal favorece la r\u00e1pida absorci\u00f3n de los principios activos, el CBD y la melatonina. La presencia de liposomas en la f\u00f3rmula garantiza una absorci\u00f3n eficaz de los principios activos.<\/p>\n<p>La melatonina es una hormona producida por la gl\u00e1ndula pineal, una peque\u00f1a gl\u00e1ndula endocrina del cerebro. Desempe\u00f1a un papel crucial en la regulaci\u00f3n de nuestro ciclo sue\u00f1o-vigilia, tambi\u00e9n conocido como ritmo circadiano. Los niveles de melatonina suelen aumentar por la noche, favoreciendo la somnolencia, y disminuir por la ma\u00f1ana, haci\u00e9ndonos sentir alerta y despiertos.<\/p>\n<h3>Caracter\u00edsticas<\/h3>\n<ul>\n<li>Contiene +\/- 600 gotas (2,5mg de CBD \/ 1ml, 1,5mg de melatonina \/ 1ml)<\/li>\n<li>30 dosis de 1 ml<\/li>\n<li>Sin gluten y vegano<\/li>\n<li>Soluble en agua<\/li>\n<\/ul>\n<h3>Ingredientes<\/h3>\n<ul>\n<li>Agua<\/li>\n<li>Lecitina de SOJA<\/li>\n<li>Glicerol<\/li>\n<li>Etanol (2,3 % vol.)<\/li>\n<li>Extracto de c\u00e1\u00f1amo (2,5 mg\/ 1ml)<\/li>\n<li>Sorbato pot\u00e1sico<\/li>\n<li>Melatonina (1,5 mg\/ 1ml)<\/li>\n<li>Vitamina B6<\/li>\n<li>terpenos<\/li>\n<li>Vitamina E<\/li>\n<\/ul>\n<h3>Utilice<\/h3>\n<p>Toma 1 x 1 ml 15 minutos antes de acostarte. Disp\u00e9nsalo directamente en la boca o en un vaso de agua o zumo.<\/p>\n<h3>Consejos de almacenamiento<\/h3>\n<p>Para mantener la eficacia del Sue\u00f1o Completo, gu\u00e1rdalo en un lugar seco y oscuro, a temperatura ambiente y fuera del alcance de los ni\u00f1os.<\/p>\n<h3>Contenido<\/h3>\n<p>Cibdol Fall Asleep L\u00edquido &#8211; F\u00f3rmula Meladol &#8211; 30ml<\/p>\n","protected":false},"excerpt":{"rendered":"<p>L\u00edquido Cibdol Fall Asleep &#8211; La f\u00f3rmula Meladol en envase de 30 ml combina CBD y melatonina para optimizar tu ciclo de sue\u00f1o. Esta f\u00f3rmula liposomal favorece la r\u00e1pida absorci\u00f3n de los principios activos, el CBD y la melatonina. La presencia de liposomas en la f\u00f3rmula garantiza una absorci\u00f3n eficaz de los principios activos. La [&hellip;]<\/p>\n","protected":false},"featured_media":40433,"comment_status":"closed","ping_status":"closed","template":"","meta":[],"product_brand":[],"product_cat":[288,301],"product_tag":[],"class_list":{"0":"post-40530","1":"product","2":"type-product","3":"status-publish","4":"has-post-thumbnail","6":"product_cat-cbd-y-suplementos-alimenticios","7":"product_cat-suplementos-para-dormir","9":"first","10":"instock","11":"taxable","12":"shipping-taxable","13":"purchasable","14":"product-type-simple"},"yoast_head":"<!-- This site is optimized with the Yoast SEO Premium plugin v26.4 (Yoast SEO v27.4) - https:\/\/yoast.com\/product\/yoast-seo-premium-wordpress\/ -->\n<title>Cibdol Fall Asleep L\u00edquido - F\u00f3rmula Meladol - 30ml - Dutchmicrodosing<\/title>\n<meta name=\"description\" content=\"Esta f\u00f3rmula liposomal favorece la r\u00e1pida absorci\u00f3n de los principios activos, el CBD y la melatonina. Optimiza aqu\u00ed tu ciclo de sue\u00f1o...\" \/>\n<meta name=\"robots\" content=\"index, follow, max-snippet:-1, max-image-preview:large, max-video-preview:-1\" \/>\n<link rel=\"canonical\" href=\"https:\/\/dutchmicrodosing.com\/es\/herbolario\/suplementos-para-dormir\/cibdol-fall-asleep-liquid-meladol-formula-30ml\/\" \/>\n<meta property=\"og:locale\" content=\"es_ES\" \/>\n<meta property=\"og:type\" content=\"article\" \/>\n<meta property=\"og:title\" content=\"Cibdol Fall Asleep L\u00edquido - F\u00f3rmula Meladol - 30ml\" \/>\n<meta property=\"og:description\" content=\"L\u00edquido Cibdol Fall Asleep - La f\u00f3rmula Meladol en envase de 30 ml combina CBD y melatonina para optimizar tu ciclo de sue\u00f1o. Esta f\u00f3rmula liposomal\" \/>\n<meta property=\"og:url\" content=\"https:\/\/dutchmicrodosing.com\/es\/herbolario\/suplementos-para-dormir\/cibdol-fall-asleep-liquid-meladol-formula-30ml\/\" \/>\n<meta property=\"og:site_name\" content=\"Dutchmicrodosing\" \/>\n<meta property=\"article:publisher\" content=\"https:\/\/www.facebook.com\/Dutchmicrodosingxp\/\" \/>\n<meta property=\"article:modified_time\" content=\"2025-08-19T11:06:49+00:00\" \/>\n<meta property=\"og:image\" content=\"https:\/\/dutchmicrodosing.com\/wp-content\/uploads\/2024\/06\/meladol-melatonine-cbd.jpg\" \/>\n\t<meta property=\"og:image:width\" content=\"528\" \/>\n\t<meta property=\"og:image:height\" content=\"528\" \/>\n\t<meta property=\"og:image:type\" content=\"image\/jpeg\" \/>\n<meta name=\"twitter:card\" content=\"summary_large_image\" \/>\n<script type=\"application\/ld+json\" class=\"yoast-schema-graph\">{\"@context\":\"https:\\\/\\\/schema.org\",\"@graph\":[{\"@type\":\"WebPage\",\"@id\":\"https:\\\/\\\/dutchmicrodosing.com\\\/es\\\/herbolario\\\/suplementos-para-dormir\\\/cibdol-fall-asleep-liquid-meladol-formula-30ml\\\/\",\"url\":\"https:\\\/\\\/dutchmicrodosing.com\\\/es\\\/herbolario\\\/suplementos-para-dormir\\\/cibdol-fall-asleep-liquid-meladol-formula-30ml\\\/\",\"name\":\"Cibdol Fall Asleep L\u00edquido - F\u00f3rmula Meladol - 30ml - Dutchmicrodosing\",\"isPartOf\":{\"@id\":\"https:\\\/\\\/dutchmicrodosing.com\\\/es\\\/#website\"},\"primaryImageOfPage\":{\"@id\":\"https:\\\/\\\/dutchmicrodosing.com\\\/es\\\/herbolario\\\/suplementos-para-dormir\\\/cibdol-fall-asleep-liquid-meladol-formula-30ml\\\/#primaryimage\"},\"image\":{\"@id\":\"https:\\\/\\\/dutchmicrodosing.com\\\/es\\\/herbolario\\\/suplementos-para-dormir\\\/cibdol-fall-asleep-liquid-meladol-formula-30ml\\\/#primaryimage\"},\"thumbnailUrl\":\"https:\\\/\\\/dutchmicrodosing.com\\\/wp-content\\\/uploads\\\/2024\\\/06\\\/meladol-melatonine-cbd.jpg\",\"datePublished\":\"2024-06-21T07:24:02+00:00\",\"dateModified\":\"2025-08-19T11:06:49+00:00\",\"description\":\"Esta f\u00f3rmula liposomal favorece la r\u00e1pida absorci\u00f3n de los principios activos, el CBD y la melatonina. Optimiza aqu\u00ed tu ciclo de sue\u00f1o...\",\"breadcrumb\":{\"@id\":\"https:\\\/\\\/dutchmicrodosing.com\\\/es\\\/herbolario\\\/suplementos-para-dormir\\\/cibdol-fall-asleep-liquid-meladol-formula-30ml\\\/#breadcrumb\"},\"inLanguage\":\"es\",\"potentialAction\":[{\"@type\":\"ReadAction\",\"target\":[\"https:\\\/\\\/dutchmicrodosing.com\\\/es\\\/herbolario\\\/suplementos-para-dormir\\\/cibdol-fall-asleep-liquid-meladol-formula-30ml\\\/\"]}]},{\"@type\":\"ImageObject\",\"inLanguage\":\"es\",\"@id\":\"https:\\\/\\\/dutchmicrodosing.com\\\/es\\\/herbolario\\\/suplementos-para-dormir\\\/cibdol-fall-asleep-liquid-meladol-formula-30ml\\\/#primaryimage\",\"url\":\"https:\\\/\\\/dutchmicrodosing.com\\\/wp-content\\\/uploads\\\/2024\\\/06\\\/meladol-melatonine-cbd.jpg\",\"contentUrl\":\"https:\\\/\\\/dutchmicrodosing.com\\\/wp-content\\\/uploads\\\/2024\\\/06\\\/meladol-melatonine-cbd.jpg\",\"width\":528,\"height\":528},{\"@type\":\"BreadcrumbList\",\"@id\":\"https:\\\/\\\/dutchmicrodosing.com\\\/es\\\/herbolario\\\/suplementos-para-dormir\\\/cibdol-fall-asleep-liquid-meladol-formula-30ml\\\/#breadcrumb\",\"itemListElement\":[{\"@type\":\"ListItem\",\"position\":1,\"name\":\"Home\",\"item\":\"https:\\\/\\\/dutchmicrodosing.com\\\/es\\\/\"},{\"@type\":\"ListItem\",\"position\":2,\"name\":\"Tienda\",\"item\":\"https:\\\/\\\/dutchmicrodosing.com\\\/es\\\/tienda\\\/\"},{\"@type\":\"ListItem\",\"position\":3,\"name\":\"Cibdol Fall Asleep L\u00edquido &#8211; F\u00f3rmula Meladol &#8211; 30ml\"}]},{\"@type\":\"WebSite\",\"@id\":\"https:\\\/\\\/dutchmicrodosing.com\\\/es\\\/#website\",\"url\":\"https:\\\/\\\/dutchmicrodosing.com\\\/es\\\/\",\"name\":\"Dutchmicrodosing\",\"description\":\"\",\"publisher\":{\"@id\":\"https:\\\/\\\/dutchmicrodosing.com\\\/es\\\/#organization\"},\"potentialAction\":[{\"@type\":\"SearchAction\",\"target\":{\"@type\":\"EntryPoint\",\"urlTemplate\":\"https:\\\/\\\/dutchmicrodosing.com\\\/es\\\/?s={search_term_string}\"},\"query-input\":{\"@type\":\"PropertyValueSpecification\",\"valueRequired\":true,\"valueName\":\"search_term_string\"}}],\"inLanguage\":\"es\"},{\"@type\":\"Organization\",\"@id\":\"https:\\\/\\\/dutchmicrodosing.com\\\/es\\\/#organization\",\"name\":\"Dutchmicrodosing\",\"url\":\"https:\\\/\\\/dutchmicrodosing.com\\\/es\\\/\",\"logo\":{\"@type\":\"ImageObject\",\"inLanguage\":\"es\",\"@id\":\"https:\\\/\\\/dutchmicrodosing.com\\\/es\\\/#\\\/schema\\\/logo\\\/image\\\/\",\"url\":\"https:\\\/\\\/dutchmicrodosing.com\\\/wp-content\\\/uploads\\\/2021\\\/01\\\/microdosing-categorie-pic-nieuw.jpg\",\"contentUrl\":\"https:\\\/\\\/dutchmicrodosing.com\\\/wp-content\\\/uploads\\\/2021\\\/01\\\/microdosing-categorie-pic-nieuw.jpg\",\"width\":500,\"height\":500,\"caption\":\"Dutchmicrodosing\"},\"image\":{\"@id\":\"https:\\\/\\\/dutchmicrodosing.com\\\/es\\\/#\\\/schema\\\/logo\\\/image\\\/\"},\"sameAs\":[\"https:\\\/\\\/www.facebook.com\\\/Dutchmicrodosingxp\\\/\",\"https:\\\/\\\/www.instagram.com\\\/dutchmicrodosing\\\/\"]}]}<\/script>\n<meta property=\"product:price:amount\" content=\"24.95\" \/>\n<meta property=\"product:price:currency\" content=\"EUR\" \/>\n<meta property=\"og:availability\" content=\"instock\" \/>\n<meta property=\"product:availability\" content=\"instock\" \/>\n<meta property=\"product:retailer_item_id\" content=\"4206900\" \/>\n<meta property=\"product:condition\" content=\"new\" \/>\n<!-- \/ Yoast SEO Premium plugin. -->","yoast_head_json":{"title":"Cibdol Fall Asleep L\u00edquido - F\u00f3rmula Meladol - 30ml - Dutchmicrodosing","description":"Esta f\u00f3rmula liposomal favorece la r\u00e1pida absorci\u00f3n de los principios activos, el CBD y la melatonina. Optimiza aqu\u00ed tu ciclo de sue\u00f1o...","robots":{"index":"index","follow":"follow","max-snippet":"max-snippet:-1","max-image-preview":"max-image-preview:large","max-video-preview":"max-video-preview:-1"},"canonical":"https:\/\/dutchmicrodosing.com\/es\/herbolario\/suplementos-para-dormir\/cibdol-fall-asleep-liquid-meladol-formula-30ml\/","og_locale":"es_ES","og_type":"article","og_title":"Cibdol Fall Asleep L\u00edquido - F\u00f3rmula Meladol - 30ml","og_description":"L\u00edquido Cibdol Fall Asleep - La f\u00f3rmula Meladol en envase de 30 ml combina CBD y melatonina para optimizar tu ciclo de sue\u00f1o. Esta f\u00f3rmula liposomal","og_url":"https:\/\/dutchmicrodosing.com\/es\/herbolario\/suplementos-para-dormir\/cibdol-fall-asleep-liquid-meladol-formula-30ml\/","og_site_name":"Dutchmicrodosing","article_publisher":"https:\/\/www.facebook.com\/Dutchmicrodosingxp\/","article_modified_time":"2025-08-19T11:06:49+00:00","og_image":[{"width":528,"height":528,"url":"https:\/\/dutchmicrodosing.com\/wp-content\/uploads\/2024\/06\/meladol-melatonine-cbd.jpg","type":"image\/jpeg"}],"twitter_card":"summary_large_image","schema":{"@context":"https:\/\/schema.org","@graph":[{"@type":"WebPage","@id":"https:\/\/dutchmicrodosing.com\/es\/herbolario\/suplementos-para-dormir\/cibdol-fall-asleep-liquid-meladol-formula-30ml\/","url":"https:\/\/dutchmicrodosing.com\/es\/herbolario\/suplementos-para-dormir\/cibdol-fall-asleep-liquid-meladol-formula-30ml\/","name":"Cibdol Fall Asleep L\u00edquido - F\u00f3rmula Meladol - 30ml - Dutchmicrodosing","isPartOf":{"@id":"https:\/\/dutchmicrodosing.com\/es\/#website"},"primaryImageOfPage":{"@id":"https:\/\/dutchmicrodosing.com\/es\/herbolario\/suplementos-para-dormir\/cibdol-fall-asleep-liquid-meladol-formula-30ml\/#primaryimage"},"image":{"@id":"https:\/\/dutchmicrodosing.com\/es\/herbolario\/suplementos-para-dormir\/cibdol-fall-asleep-liquid-meladol-formula-30ml\/#primaryimage"},"thumbnailUrl":"https:\/\/dutchmicrodosing.com\/wp-content\/uploads\/2024\/06\/meladol-melatonine-cbd.jpg","datePublished":"2024-06-21T07:24:02+00:00","dateModified":"2025-08-19T11:06:49+00:00","description":"Esta f\u00f3rmula liposomal favorece la r\u00e1pida absorci\u00f3n de los principios activos, el CBD y la melatonina. Optimiza aqu\u00ed tu ciclo de sue\u00f1o...","breadcrumb":{"@id":"https:\/\/dutchmicrodosing.com\/es\/herbolario\/suplementos-para-dormir\/cibdol-fall-asleep-liquid-meladol-formula-30ml\/#breadcrumb"},"inLanguage":"es","potentialAction":[{"@type":"ReadAction","target":["https:\/\/dutchmicrodosing.com\/es\/herbolario\/suplementos-para-dormir\/cibdol-fall-asleep-liquid-meladol-formula-30ml\/"]}]},{"@type":"ImageObject","inLanguage":"es","@id":"https:\/\/dutchmicrodosing.com\/es\/herbolario\/suplementos-para-dormir\/cibdol-fall-asleep-liquid-meladol-formula-30ml\/#primaryimage","url":"https:\/\/dutchmicrodosing.com\/wp-content\/uploads\/2024\/06\/meladol-melatonine-cbd.jpg","contentUrl":"https:\/\/dutchmicrodosing.com\/wp-content\/uploads\/2024\/06\/meladol-melatonine-cbd.jpg","width":528,"height":528},{"@type":"BreadcrumbList","@id":"https:\/\/dutchmicrodosing.com\/es\/herbolario\/suplementos-para-dormir\/cibdol-fall-asleep-liquid-meladol-formula-30ml\/#breadcrumb","itemListElement":[{"@type":"ListItem","position":1,"name":"Home","item":"https:\/\/dutchmicrodosing.com\/es\/"},{"@type":"ListItem","position":2,"name":"Tienda","item":"https:\/\/dutchmicrodosing.com\/es\/tienda\/"},{"@type":"ListItem","position":3,"name":"Cibdol Fall Asleep L\u00edquido &#8211; F\u00f3rmula Meladol &#8211; 30ml"}]},{"@type":"WebSite","@id":"https:\/\/dutchmicrodosing.com\/es\/#website","url":"https:\/\/dutchmicrodosing.com\/es\/","name":"Dutchmicrodosing","description":"","publisher":{"@id":"https:\/\/dutchmicrodosing.com\/es\/#organization"},"potentialAction":[{"@type":"SearchAction","target":{"@type":"EntryPoint","urlTemplate":"https:\/\/dutchmicrodosing.com\/es\/?s={search_term_string}"},"query-input":{"@type":"PropertyValueSpecification","valueRequired":true,"valueName":"search_term_string"}}],"inLanguage":"es"},{"@type":"Organization","@id":"https:\/\/dutchmicrodosing.com\/es\/#organization","name":"Dutchmicrodosing","url":"https:\/\/dutchmicrodosing.com\/es\/","logo":{"@type":"ImageObject","inLanguage":"es","@id":"https:\/\/dutchmicrodosing.com\/es\/#\/schema\/logo\/image\/","url":"https:\/\/dutchmicrodosing.com\/wp-content\/uploads\/2021\/01\/microdosing-categorie-pic-nieuw.jpg","contentUrl":"https:\/\/dutchmicrodosing.com\/wp-content\/uploads\/2021\/01\/microdosing-categorie-pic-nieuw.jpg","width":500,"height":500,"caption":"Dutchmicrodosing"},"image":{"@id":"https:\/\/dutchmicrodosing.com\/es\/#\/schema\/logo\/image\/"},"sameAs":["https:\/\/www.facebook.com\/Dutchmicrodosingxp\/","https:\/\/www.instagram.com\/dutchmicrodosing\/"]}]},"product_price_amount":"24.95","product_price_currency":"EUR","og_availability":"instock","product_availability":"instock","product_retailer_item_id":"4206900","product_condition":"new"},"_links":{"self":[{"href":"https:\/\/dutchmicrodosing.com\/es\/wp-json\/wp\/v2\/product\/40530","targetHints":{"allow":["GET"]}}],"collection":[{"href":"https:\/\/dutchmicrodosing.com\/es\/wp-json\/wp\/v2\/product"}],"about":[{"href":"https:\/\/dutchmicrodosing.com\/es\/wp-json\/wp\/v2\/types\/product"}],"replies":[{"embeddable":true,"href":"https:\/\/dutchmicrodosing.com\/es\/wp-json\/wp\/v2\/comments?post=40530"}],"version-history":[{"count":0,"href":"https:\/\/dutchmicrodosing.com\/es\/wp-json\/wp\/v2\/product\/40530\/revisions"}],"wp:featuredmedia":[{"embeddable":true,"href":"https:\/\/dutchmicrodosing.com\/es\/wp-json\/wp\/v2\/media\/40433"}],"wp:attachment":[{"href":"https:\/\/dutchmicrodosing.com\/es\/wp-json\/wp\/v2\/media?parent=40530"}],"wp:term":[{"taxonomy":"product_brand","embeddable":true,"href":"https:\/\/dutchmicrodosing.com\/es\/wp-json\/wp\/v2\/product_brand?post=40530"},{"taxonomy":"product_cat","embeddable":true,"href":"https:\/\/dutchmicrodosing.com\/es\/wp-json\/wp\/v2\/product_cat?post=40530"},{"taxonomy":"product_tag","embeddable":true,"href":"https:\/\/dutchmicrodosing.com\/es\/wp-json\/wp\/v2\/product_tag?post=40530"}],"curies":[{"name":"wp","href":"https:\/\/api.w.org\/{rel}","templated":true}]}}