{"id":40759,"date":"2024-07-13T08:17:13","date_gmt":"2024-07-13T06:17:13","guid":{"rendered":"https:\/\/dutchmicrodosing.com\/?post_type=product&#038;p=40759"},"modified":"2025-09-15T15:00:16","modified_gmt":"2025-09-15T13:00:16","slug":"pavo-cola-trametes-versicolor-cultivo-liquido-spray-20-ml","status":"publish","type":"product","link":"https:\/\/dutchmicrodosing.com\/es\/esporas-de-setas-magicas\/jeringas-para-cultivo-de-liquidos\/pavo-cola-trametes-versicolor-cultivo-liquido-spray-20-ml\/","title":{"rendered":"Cola de pavo (Trametes versicolor) Cultivo l\u00edquido Jeringa &#8211; 20 ML"},"content":{"rendered":"<p>La <strong>jeringa de cultivo l\u00edquido<\/strong> Cola de Pavo hace que cultivar setas Cola de Pavo en casa sea f\u00e1cil y r\u00e1pido. Esta jeringuilla contiene micelio ya desarrollado, lo que favorece un crecimiento m\u00e1s r\u00e1pido y constante que las soluciones tradicionales de esporas. El contenido de la jeringuilla est\u00e1 dise\u00f1ado espec\u00edficamente para colonizar sustratos y no est\u00e1 destinado al consumo directo. Una gran ventaja de utilizar el cultivo l\u00edquido es que el micelio se extiende uniformemente por un sustrato como el grano, lo que da lugar a una colonizaci\u00f3n acelerada del medio.<\/p>\n<p>La cola de pavo, conocida cient\u00edficamente como Trametes versicolor o Coriolus versicolor, es una seta de colores que se asemeja a la cola de pluma de un pavo, lo que explica su nombre ingl\u00e9s. En Holanda se conoce como Elfenbankje, probablemente por su aspecto estratificado y multicolor. Esta sobresaliente es algo m\u00e1s que bonita. Tradicionalmente, la cola de pavo se ha valorado durante siglos en Asia, sobre todo en China y Jap\u00f3n, donde se utilizaba en medicina tradicional. Las antiguas creencias en su poder est\u00e1n ahora respaldadas por la investigaci\u00f3n cient\u00edfica moderna en Asia, por lo que el hongo sigue siendo popular all\u00ed. Los fenoles presentes, como los flavonoides, son s\u00f3lo algunos de los ingredientes \u00fatiles de la Cola de Pavo. Sin embargo, es m\u00e1s conocida por la presencia de polisac\u00e1rido-k (PSK) y p\u00e9ptidos polisac\u00e1ridos (PSP), sustancias que han recibido especial atenci\u00f3n en la investigaci\u00f3n sobre sus posibles beneficios para la salud.<\/p>\n<h3><strong>Contenido<\/strong><\/h3>\n<p>Estos art\u00edculos se envasan adem\u00e1s en una bolsa con cierre para protegerlos a\u00fan m\u00e1s de la contaminaci\u00f3n.<\/p>\n<ul>\n<li>1x 20 ml de cultivo l\u00edquido en una jeringa<\/li>\n<li>1x toallita con alcohol<\/li>\n<li>1x aguja est\u00e9ril<\/li>\n<\/ul>\n<h3><strong>Utilice<\/strong><\/h3>\n<ul>\n<li>A\u00f1ade 1-2 ml por tarro de 1 l de grano esterilizado.<\/li>\n<li>Agite bien el cultivo l\u00edquido antes de utilizarlo; el micelio de Cola de Pavo puede apelmazarse.<\/li>\n<\/ul>\n<h4><strong>Despu\u00e9s del uso<\/strong><\/h4>\n<ul>\n<li>Gu\u00e1rdelo de nuevo en el frigor\u00edfico.<\/li>\n<li>Seca bien la aguja con una toallita nueva con alcohol antes de volver a colocar el capuch\u00f3n protector para evitar que se oxide.<\/li>\n<li>Opcional: utiliza un mechero para calentar la aguja y evaporar el agua sobrante. A continuaci\u00f3n, deja que se enfr\u00ede antes de volver a colocar el tap\u00f3n.<\/li>\n<li>Ponga el cultivo l\u00edquido en una bolsa ziplock para mayor protecci\u00f3n y vuelva a meterlo en el frigor\u00edfico.<\/li>\n<\/ul>\n<p>Estas instrucciones garantizan que el cultivo l\u00edquido siga siendo eficaz y utilizable durante el mayor tiempo posible.<\/p>\n<h3>\u00bfEn qu\u00e9 sustrato crecemos?<\/h3>\n<p>Madera dura (haya, roble, roble pardo amarillento, aliso, \u00e1lamo, olmo, palo fierro, manzano, cerezo y otros frutales)<\/p>\n<h4>Condiciones de cultivo<\/h4>\n<ul>\n<li>Fase 1: Crecimiento micelial<\/li>\n<li>Temperatura: 24 &#8211; 29\u00b0C<\/li>\n<li>Humedad: 90 &#8211; 100%.<\/li>\n<li>Duraci\u00f3n: 14 &#8211; 21 d\u00edas<\/li>\n<li>Luz: n\/a<\/li>\n<\/ul>\n<h4>Etapa 2: Formaci\u00f3n del primordio\/fructificaci\u00f3n<\/h4>\n<ul>\n<li>Temperatura: 10 &#8211; 24 (hasta 27) \u00b0C<\/li>\n<li>Humedad: 95 &#8211; 100%.<\/li>\n<li>Duraci\u00f3n: 7 &#8211; 14 d\u00edas<\/li>\n<li>Luz: 500 &#8211; 2.000 lux<\/li>\n<\/ul>\n<h4>Etapa 3: Fructificaci\u00f3n y cosecha<\/h4>\n<ul>\n<li>Temperatura: 18 &#8211; 24\u00b0C<\/li>\n<li>Humedad: 85 &#8211; 90 (95)%.<\/li>\n<li>Duraci\u00f3n: 45 &#8211; 70 d\u00edas<\/li>\n<li>Luz: 500 &#8211; 2.000 lux<\/li>\n<li>Ciclo de cultivo: de dos a tres vuelos\/floraciones en tres meses<\/li>\n<\/ul>\n<h3><strong>Consejos de almacenamiento<\/strong><\/h3>\n<ul>\n<li>Utilice el cultivo l\u00edquido en un plazo de 2 meses.<\/li>\n<li>Gu\u00e1rdelo en el frigor\u00edfico o en otro lugar fresco y oscuro.<\/li>\n<li>Evitar la exposici\u00f3n a los rayos UV.<\/li>\n<\/ul>\n","protected":false},"excerpt":{"rendered":"<p>La jeringa de cultivo l\u00edquido Cola de Pavo hace que cultivar setas Cola de Pavo en casa sea f\u00e1cil y r\u00e1pido. Esta jeringuilla contiene micelio ya desarrollado, lo que favorece un crecimiento m\u00e1s r\u00e1pido y constante que las soluciones tradicionales de esporas. El contenido de la jeringuilla est\u00e1 dise\u00f1ado espec\u00edficamente para colonizar sustratos y no [&hellip;]<\/p>\n","protected":false},"featured_media":27919,"comment_status":"closed","ping_status":"closed","template":"","meta":[],"product_brand":[],"product_cat":[359,91],"product_tag":[],"class_list":{"0":"post-40759","1":"product","2":"type-product","3":"status-publish","4":"has-post-thumbnail","6":"product_cat-jeringas-para-cultivo-de-liquidos","7":"product_cat-setas-medicinales","9":"first","10":"outofstock","11":"taxable","12":"shipping-taxable","13":"purchasable","14":"product-type-simple"},"yoast_head":"<!-- This site is optimized with the Yoast SEO Premium plugin v26.4 (Yoast SEO v27.4) - https:\/\/yoast.com\/product\/yoast-seo-premium-wordpress\/ -->\n<title>Cola de pavo (Trametes versicolor) Cultivo l\u00edquido Jeringa - 20 ML - Dutchmicrodosing<\/title>\n<meta name=\"robots\" content=\"index, follow, max-snippet:-1, max-image-preview:large, max-video-preview:-1\" \/>\n<link rel=\"canonical\" href=\"https:\/\/dutchmicrodosing.com\/es\/esporas-de-setas-magicas\/jeringas-para-cultivo-de-liquidos\/pavo-cola-trametes-versicolor-cultivo-liquido-spray-20-ml\/\" \/>\n<meta property=\"og:locale\" content=\"es_ES\" \/>\n<meta property=\"og:type\" content=\"article\" \/>\n<meta property=\"og:title\" content=\"Cola de pavo (Trametes versicolor) Cultivo l\u00edquido Jeringa - 20 ML\" \/>\n<meta property=\"og:description\" content=\"La jeringa de cultivo l\u00edquido Cola de Pavo hace que cultivar setas Cola de Pavo en casa sea f\u00e1cil y r\u00e1pido. Esta jeringuilla contiene micelio ya\" \/>\n<meta property=\"og:url\" content=\"https:\/\/dutchmicrodosing.com\/es\/esporas-de-setas-magicas\/jeringas-para-cultivo-de-liquidos\/pavo-cola-trametes-versicolor-cultivo-liquido-spray-20-ml\/\" \/>\n<meta property=\"og:site_name\" content=\"Dutchmicrodosing\" \/>\n<meta property=\"article:publisher\" content=\"https:\/\/www.facebook.com\/Dutchmicrodosingxp\/\" \/>\n<meta property=\"article:modified_time\" content=\"2025-09-15T13:00:16+00:00\" \/>\n<meta property=\"og:image\" content=\"https:\/\/dutchmicrodosing.com\/wp-content\/uploads\/2023\/09\/turkey-tail-hoekpolder-002.jpg\" \/>\n\t<meta property=\"og:image:width\" content=\"1000\" \/>\n\t<meta property=\"og:image:height\" content=\"1000\" \/>\n\t<meta property=\"og:image:type\" content=\"image\/jpeg\" \/>\n<meta name=\"twitter:card\" content=\"summary_large_image\" \/>\n<script type=\"application\/ld+json\" class=\"yoast-schema-graph\">{\"@context\":\"https:\\\/\\\/schema.org\",\"@graph\":[{\"@type\":\"WebPage\",\"@id\":\"https:\\\/\\\/dutchmicrodosing.com\\\/es\\\/esporas-de-setas-magicas\\\/jeringas-para-cultivo-de-liquidos\\\/pavo-cola-trametes-versicolor-cultivo-liquido-spray-20-ml\\\/\",\"url\":\"https:\\\/\\\/dutchmicrodosing.com\\\/es\\\/esporas-de-setas-magicas\\\/jeringas-para-cultivo-de-liquidos\\\/pavo-cola-trametes-versicolor-cultivo-liquido-spray-20-ml\\\/\",\"name\":\"Cola de pavo (Trametes versicolor) Cultivo l\u00edquido Jeringa - 20 ML - Dutchmicrodosing\",\"isPartOf\":{\"@id\":\"https:\\\/\\\/dutchmicrodosing.com\\\/es\\\/#website\"},\"primaryImageOfPage\":{\"@id\":\"https:\\\/\\\/dutchmicrodosing.com\\\/es\\\/esporas-de-setas-magicas\\\/jeringas-para-cultivo-de-liquidos\\\/pavo-cola-trametes-versicolor-cultivo-liquido-spray-20-ml\\\/#primaryimage\"},\"image\":{\"@id\":\"https:\\\/\\\/dutchmicrodosing.com\\\/es\\\/esporas-de-setas-magicas\\\/jeringas-para-cultivo-de-liquidos\\\/pavo-cola-trametes-versicolor-cultivo-liquido-spray-20-ml\\\/#primaryimage\"},\"thumbnailUrl\":\"https:\\\/\\\/dutchmicrodosing.com\\\/wp-content\\\/uploads\\\/2023\\\/09\\\/turkey-tail-hoekpolder-002.jpg\",\"datePublished\":\"2024-07-13T06:17:13+00:00\",\"dateModified\":\"2025-09-15T13:00:16+00:00\",\"breadcrumb\":{\"@id\":\"https:\\\/\\\/dutchmicrodosing.com\\\/es\\\/esporas-de-setas-magicas\\\/jeringas-para-cultivo-de-liquidos\\\/pavo-cola-trametes-versicolor-cultivo-liquido-spray-20-ml\\\/#breadcrumb\"},\"inLanguage\":\"es\",\"potentialAction\":[{\"@type\":\"ReadAction\",\"target\":[\"https:\\\/\\\/dutchmicrodosing.com\\\/es\\\/esporas-de-setas-magicas\\\/jeringas-para-cultivo-de-liquidos\\\/pavo-cola-trametes-versicolor-cultivo-liquido-spray-20-ml\\\/\"]}]},{\"@type\":\"ImageObject\",\"inLanguage\":\"es\",\"@id\":\"https:\\\/\\\/dutchmicrodosing.com\\\/es\\\/esporas-de-setas-magicas\\\/jeringas-para-cultivo-de-liquidos\\\/pavo-cola-trametes-versicolor-cultivo-liquido-spray-20-ml\\\/#primaryimage\",\"url\":\"https:\\\/\\\/dutchmicrodosing.com\\\/wp-content\\\/uploads\\\/2023\\\/09\\\/turkey-tail-hoekpolder-002.jpg\",\"contentUrl\":\"https:\\\/\\\/dutchmicrodosing.com\\\/wp-content\\\/uploads\\\/2023\\\/09\\\/turkey-tail-hoekpolder-002.jpg\",\"width\":1000,\"height\":1000},{\"@type\":\"BreadcrumbList\",\"@id\":\"https:\\\/\\\/dutchmicrodosing.com\\\/es\\\/esporas-de-setas-magicas\\\/jeringas-para-cultivo-de-liquidos\\\/pavo-cola-trametes-versicolor-cultivo-liquido-spray-20-ml\\\/#breadcrumb\",\"itemListElement\":[{\"@type\":\"ListItem\",\"position\":1,\"name\":\"Home\",\"item\":\"https:\\\/\\\/dutchmicrodosing.com\\\/es\\\/\"},{\"@type\":\"ListItem\",\"position\":2,\"name\":\"Tienda\",\"item\":\"https:\\\/\\\/dutchmicrodosing.com\\\/es\\\/tienda\\\/\"},{\"@type\":\"ListItem\",\"position\":3,\"name\":\"Cola de pavo (Trametes versicolor) Cultivo l\u00edquido Jeringa &#8211; 20 ML\"}]},{\"@type\":\"WebSite\",\"@id\":\"https:\\\/\\\/dutchmicrodosing.com\\\/es\\\/#website\",\"url\":\"https:\\\/\\\/dutchmicrodosing.com\\\/es\\\/\",\"name\":\"Dutchmicrodosing\",\"description\":\"\",\"publisher\":{\"@id\":\"https:\\\/\\\/dutchmicrodosing.com\\\/es\\\/#organization\"},\"potentialAction\":[{\"@type\":\"SearchAction\",\"target\":{\"@type\":\"EntryPoint\",\"urlTemplate\":\"https:\\\/\\\/dutchmicrodosing.com\\\/es\\\/?s={search_term_string}\"},\"query-input\":{\"@type\":\"PropertyValueSpecification\",\"valueRequired\":true,\"valueName\":\"search_term_string\"}}],\"inLanguage\":\"es\"},{\"@type\":\"Organization\",\"@id\":\"https:\\\/\\\/dutchmicrodosing.com\\\/es\\\/#organization\",\"name\":\"Dutchmicrodosing\",\"url\":\"https:\\\/\\\/dutchmicrodosing.com\\\/es\\\/\",\"logo\":{\"@type\":\"ImageObject\",\"inLanguage\":\"es\",\"@id\":\"https:\\\/\\\/dutchmicrodosing.com\\\/es\\\/#\\\/schema\\\/logo\\\/image\\\/\",\"url\":\"https:\\\/\\\/dutchmicrodosing.com\\\/wp-content\\\/uploads\\\/2021\\\/01\\\/microdosing-categorie-pic-nieuw.jpg\",\"contentUrl\":\"https:\\\/\\\/dutchmicrodosing.com\\\/wp-content\\\/uploads\\\/2021\\\/01\\\/microdosing-categorie-pic-nieuw.jpg\",\"width\":500,\"height\":500,\"caption\":\"Dutchmicrodosing\"},\"image\":{\"@id\":\"https:\\\/\\\/dutchmicrodosing.com\\\/es\\\/#\\\/schema\\\/logo\\\/image\\\/\"},\"sameAs\":[\"https:\\\/\\\/www.facebook.com\\\/Dutchmicrodosingxp\\\/\",\"https:\\\/\\\/www.instagram.com\\\/dutchmicrodosing\\\/\"]}]}<\/script>\n<meta property=\"product:price:amount\" content=\"15.95\" \/>\n<meta property=\"product:price:currency\" content=\"EUR\" \/>\n<meta property=\"og:availability\" content=\"out of stock\" \/>\n<meta property=\"product:availability\" content=\"out of stock\" \/>\n<meta property=\"product:retailer_item_id\" content=\"4206687\" \/>\n<meta property=\"product:condition\" content=\"new\" \/>\n<!-- \/ Yoast SEO Premium plugin. -->","yoast_head_json":{"title":"Cola de pavo (Trametes versicolor) Cultivo l\u00edquido Jeringa - 20 ML - Dutchmicrodosing","robots":{"index":"index","follow":"follow","max-snippet":"max-snippet:-1","max-image-preview":"max-image-preview:large","max-video-preview":"max-video-preview:-1"},"canonical":"https:\/\/dutchmicrodosing.com\/es\/esporas-de-setas-magicas\/jeringas-para-cultivo-de-liquidos\/pavo-cola-trametes-versicolor-cultivo-liquido-spray-20-ml\/","og_locale":"es_ES","og_type":"article","og_title":"Cola de pavo (Trametes versicolor) Cultivo l\u00edquido Jeringa - 20 ML","og_description":"La jeringa de cultivo l\u00edquido Cola de Pavo hace que cultivar setas Cola de Pavo en casa sea f\u00e1cil y r\u00e1pido. Esta jeringuilla contiene micelio ya","og_url":"https:\/\/dutchmicrodosing.com\/es\/esporas-de-setas-magicas\/jeringas-para-cultivo-de-liquidos\/pavo-cola-trametes-versicolor-cultivo-liquido-spray-20-ml\/","og_site_name":"Dutchmicrodosing","article_publisher":"https:\/\/www.facebook.com\/Dutchmicrodosingxp\/","article_modified_time":"2025-09-15T13:00:16+00:00","og_image":[{"width":1000,"height":1000,"url":"https:\/\/dutchmicrodosing.com\/wp-content\/uploads\/2023\/09\/turkey-tail-hoekpolder-002.jpg","type":"image\/jpeg"}],"twitter_card":"summary_large_image","schema":{"@context":"https:\/\/schema.org","@graph":[{"@type":"WebPage","@id":"https:\/\/dutchmicrodosing.com\/es\/esporas-de-setas-magicas\/jeringas-para-cultivo-de-liquidos\/pavo-cola-trametes-versicolor-cultivo-liquido-spray-20-ml\/","url":"https:\/\/dutchmicrodosing.com\/es\/esporas-de-setas-magicas\/jeringas-para-cultivo-de-liquidos\/pavo-cola-trametes-versicolor-cultivo-liquido-spray-20-ml\/","name":"Cola de pavo (Trametes versicolor) Cultivo l\u00edquido Jeringa - 20 ML - Dutchmicrodosing","isPartOf":{"@id":"https:\/\/dutchmicrodosing.com\/es\/#website"},"primaryImageOfPage":{"@id":"https:\/\/dutchmicrodosing.com\/es\/esporas-de-setas-magicas\/jeringas-para-cultivo-de-liquidos\/pavo-cola-trametes-versicolor-cultivo-liquido-spray-20-ml\/#primaryimage"},"image":{"@id":"https:\/\/dutchmicrodosing.com\/es\/esporas-de-setas-magicas\/jeringas-para-cultivo-de-liquidos\/pavo-cola-trametes-versicolor-cultivo-liquido-spray-20-ml\/#primaryimage"},"thumbnailUrl":"https:\/\/dutchmicrodosing.com\/wp-content\/uploads\/2023\/09\/turkey-tail-hoekpolder-002.jpg","datePublished":"2024-07-13T06:17:13+00:00","dateModified":"2025-09-15T13:00:16+00:00","breadcrumb":{"@id":"https:\/\/dutchmicrodosing.com\/es\/esporas-de-setas-magicas\/jeringas-para-cultivo-de-liquidos\/pavo-cola-trametes-versicolor-cultivo-liquido-spray-20-ml\/#breadcrumb"},"inLanguage":"es","potentialAction":[{"@type":"ReadAction","target":["https:\/\/dutchmicrodosing.com\/es\/esporas-de-setas-magicas\/jeringas-para-cultivo-de-liquidos\/pavo-cola-trametes-versicolor-cultivo-liquido-spray-20-ml\/"]}]},{"@type":"ImageObject","inLanguage":"es","@id":"https:\/\/dutchmicrodosing.com\/es\/esporas-de-setas-magicas\/jeringas-para-cultivo-de-liquidos\/pavo-cola-trametes-versicolor-cultivo-liquido-spray-20-ml\/#primaryimage","url":"https:\/\/dutchmicrodosing.com\/wp-content\/uploads\/2023\/09\/turkey-tail-hoekpolder-002.jpg","contentUrl":"https:\/\/dutchmicrodosing.com\/wp-content\/uploads\/2023\/09\/turkey-tail-hoekpolder-002.jpg","width":1000,"height":1000},{"@type":"BreadcrumbList","@id":"https:\/\/dutchmicrodosing.com\/es\/esporas-de-setas-magicas\/jeringas-para-cultivo-de-liquidos\/pavo-cola-trametes-versicolor-cultivo-liquido-spray-20-ml\/#breadcrumb","itemListElement":[{"@type":"ListItem","position":1,"name":"Home","item":"https:\/\/dutchmicrodosing.com\/es\/"},{"@type":"ListItem","position":2,"name":"Tienda","item":"https:\/\/dutchmicrodosing.com\/es\/tienda\/"},{"@type":"ListItem","position":3,"name":"Cola de pavo (Trametes versicolor) Cultivo l\u00edquido Jeringa &#8211; 20 ML"}]},{"@type":"WebSite","@id":"https:\/\/dutchmicrodosing.com\/es\/#website","url":"https:\/\/dutchmicrodosing.com\/es\/","name":"Dutchmicrodosing","description":"","publisher":{"@id":"https:\/\/dutchmicrodosing.com\/es\/#organization"},"potentialAction":[{"@type":"SearchAction","target":{"@type":"EntryPoint","urlTemplate":"https:\/\/dutchmicrodosing.com\/es\/?s={search_term_string}"},"query-input":{"@type":"PropertyValueSpecification","valueRequired":true,"valueName":"search_term_string"}}],"inLanguage":"es"},{"@type":"Organization","@id":"https:\/\/dutchmicrodosing.com\/es\/#organization","name":"Dutchmicrodosing","url":"https:\/\/dutchmicrodosing.com\/es\/","logo":{"@type":"ImageObject","inLanguage":"es","@id":"https:\/\/dutchmicrodosing.com\/es\/#\/schema\/logo\/image\/","url":"https:\/\/dutchmicrodosing.com\/wp-content\/uploads\/2021\/01\/microdosing-categorie-pic-nieuw.jpg","contentUrl":"https:\/\/dutchmicrodosing.com\/wp-content\/uploads\/2021\/01\/microdosing-categorie-pic-nieuw.jpg","width":500,"height":500,"caption":"Dutchmicrodosing"},"image":{"@id":"https:\/\/dutchmicrodosing.com\/es\/#\/schema\/logo\/image\/"},"sameAs":["https:\/\/www.facebook.com\/Dutchmicrodosingxp\/","https:\/\/www.instagram.com\/dutchmicrodosing\/"]}]},"product_price_amount":"15.95","product_price_currency":"EUR","og_availability":"out of stock","product_availability":"out of stock","product_retailer_item_id":"4206687","product_condition":"new"},"_links":{"self":[{"href":"https:\/\/dutchmicrodosing.com\/es\/wp-json\/wp\/v2\/product\/40759","targetHints":{"allow":["GET"]}}],"collection":[{"href":"https:\/\/dutchmicrodosing.com\/es\/wp-json\/wp\/v2\/product"}],"about":[{"href":"https:\/\/dutchmicrodosing.com\/es\/wp-json\/wp\/v2\/types\/product"}],"replies":[{"embeddable":true,"href":"https:\/\/dutchmicrodosing.com\/es\/wp-json\/wp\/v2\/comments?post=40759"}],"version-history":[{"count":0,"href":"https:\/\/dutchmicrodosing.com\/es\/wp-json\/wp\/v2\/product\/40759\/revisions"}],"wp:featuredmedia":[{"embeddable":true,"href":"https:\/\/dutchmicrodosing.com\/es\/wp-json\/wp\/v2\/media\/27919"}],"wp:attachment":[{"href":"https:\/\/dutchmicrodosing.com\/es\/wp-json\/wp\/v2\/media?parent=40759"}],"wp:term":[{"taxonomy":"product_brand","embeddable":true,"href":"https:\/\/dutchmicrodosing.com\/es\/wp-json\/wp\/v2\/product_brand?post=40759"},{"taxonomy":"product_cat","embeddable":true,"href":"https:\/\/dutchmicrodosing.com\/es\/wp-json\/wp\/v2\/product_cat?post=40759"},{"taxonomy":"product_tag","embeddable":true,"href":"https:\/\/dutchmicrodosing.com\/es\/wp-json\/wp\/v2\/product_tag?post=40759"}],"curies":[{"name":"wp","href":"https:\/\/api.w.org\/{rel}","templated":true}]}}