{"id":40792,"date":"2024-07-13T08:45:25","date_gmt":"2024-07-13T06:45:25","guid":{"rendered":"https:\/\/dutchmicrodosing.com\/shop\/sin%20categor\u00eda\/red-reishi-ganoderma-lucidum-liquido-cultivo-spray-20-ml\/"},"modified":"2025-09-22T13:49:18","modified_gmt":"2025-09-22T11:49:18","slug":"red-reishi-ganoderma-lucidum-liquido-cultivo-spray-20-ml","status":"publish","type":"product","link":"https:\/\/dutchmicrodosing.com\/es\/esporas-de-setas-magicas\/jeringas-para-cultivo-de-liquidos\/red-reishi-ganoderma-lucidum-liquido-cultivo-spray-20-ml\/","title":{"rendered":"Reishi rojo (Ganoderma lucidum) Jeringa de cultivo l\u00edquido &#8211; 20 ML"},"content":{"rendered":"<p>El <strong>Cultivo L\u00edquido de Reishi Rojo<\/strong> se prepara a partir de cultivo puro de hongos y se elabora con extractos de malta y levadura de la m\u00e1xima calidad. El micelio l\u00edquido hecho con cultivos puros de hongos es mucho m\u00e1s eficaz que los cultivos l\u00edquidos hechos con esporas. La ventaja del cultivo l\u00edquido es que se extiende mucho m\u00e1s uniformemente por una maceta de grano, y ver\u00e1s una colonizaci\u00f3n m\u00e1s r\u00e1pida del grano. El contenido de la jeringuilla es s\u00f3lo para sustratos de colonizaci\u00f3n y no para consumo directo. Experimenta una sensaci\u00f3n real con el hongo Reishi rojo, tambi\u00e9n llamado \u00abhongo de la inmortalidad\u00bb en la medicina tradicional china. Desde hace m\u00e1s de 2.000 a\u00f1os, este hongo goza de gran prestigio en la medicina china. Esta apreciaci\u00f3n se debe a su rica presencia de vitaminas, nutrientes y adapt\u00f3genos naturales.<\/p>\n<h3>Contenido<\/h3>\n<p>Estos art\u00edculos se envasan adem\u00e1s en una bolsa con cierre para protegerlos a\u00fan m\u00e1s de la contaminaci\u00f3n.<\/p>\n<ul>\n<li>1x 20 ml de cultivo l\u00edquido en una jeringa<\/li>\n<li>1x toallita con alcohol<\/li>\n<li>1x aguja est\u00e9ril<\/li>\n<\/ul>\n<h3><strong>Utilice<\/strong><\/h3>\n<ul>\n<li>A\u00f1ade 1-2 ml por tarro de 1 l de grano esterilizado.<\/li>\n<li>Agita bien el cultivo l\u00edquido antes de utilizarlo. El Reishi rojo tiene un crecimiento lento y a veces irregular. Puede parecer que no hay crecimiento, pero probablemente el proceso ya ha comenzado.<\/li>\n<\/ul>\n<h4><strong>Despu\u00e9s del<\/strong> uso<\/h4>\n<ul>\n<li>Gu\u00e1rdelo de nuevo en el frigor\u00edfico.<\/li>\n<li>Seca bien la aguja con una toallita nueva con alcohol antes de volver a colocar la tapa protectora para evitar que se oxide.<\/li>\n<li>Opcional: utiliza un mechero para calentar la aguja y evaporar el agua sobrante. A continuaci\u00f3n, deja que se enfr\u00ede antes de volver a colocar el tap\u00f3n.<\/li>\n<li>Ponga el cultivo l\u00edquido en una bolsa ziplock para mayor protecci\u00f3n y vuelva a meterlo en el frigor\u00edfico.<\/li>\n<\/ul>\n<p>Estas instrucciones garantizan que el cultivo l\u00edquido siga siendo eficaz y utilizable durante el mayor tiempo posible.<\/p>\n<h3>\u00bfEn qu\u00e9 sustrato cultivamos<\/h3>\n<p>La respuesta es madera dura (la m\u00e1s adecuada: roble, haya, abedul, aliso). Si prefiere un enfoque m\u00e1s natural, tambi\u00e9n es posible cultivar el hongo reishi rojo al aire libre directamente en troncos de madera dura.<\/p>\n<h3>Fase 1: Condiciones de crecimiento<\/h3>\n<p>Fase 1: Crecimiento micelial<br \/>\nTemperatura: 21 &#8211; 27\u00b0C<br \/>\nHumedad: 95 &#8211; 100%.<br \/>\nDuraci\u00f3n: 10 &#8211; 20 d\u00edas<br \/>\nLuz: n\/a<\/p>\n<h3>Etapa 2: Formaci\u00f3n del primordio\/fructificaci\u00f3n<\/h3>\n<p>(Para la uniformidad de la cornamenta en crecimiento en una bolsa sellada).<br \/>\nTemperatura: 18 &#8211; 24\u00b0C<br \/>\nHumedad: 95 &#8211; 100%.<br \/>\nDuraci\u00f3n: 14 &#8211; 28 d\u00edas<br \/>\nLuz: 200 &#8211; 500 lux durante 4 &#8211; 8 horas al d\u00eda<\/p>\n<h3>Fase 3: Inicio de la fructificaci\u00f3n<\/h3>\n<p>(Para la formaci\u00f3n de conos en bolsas abiertas).<br \/>\nTemperatura: 21 &#8211; 27 \u00b0C<br \/>\nHumedad: 95 &#8211; 100%.<br \/>\nDuraci\u00f3n: 14 &#8211; 28 d\u00edas<br \/>\nLuz: 750 &#8211; 1.500 lux durante 12 horas al d\u00eda<\/p>\n<h3>Etapa 4: Fructificaci\u00f3n y cosecha<\/h3>\n<p>Temperatura: 21 &#8211; 27 \u00b0C<br \/>\nHumedad: 80 &#8211; 85%.<br \/>\nDuraci\u00f3n: 60 d\u00edas<br \/>\nLuz: 750 &#8211; 1.500 lux<br \/>\nCiclo de cultivo: 1 &#8211; 2 cosechas en 90 &#8211; 120 d\u00edas<\/p>\n<h3>Consejos de almacenamiento<\/h3>\n<ul>\n<li>Utilice el cultivo l\u00edquido en un plazo de 2 meses.<\/li>\n<li>Gu\u00e1rdelo en el frigor\u00edfico o en otro lugar fresco y oscuro.<\/li>\n<li>Evitar la exposici\u00f3n a los rayos UV.<\/li>\n<\/ul>\n","protected":false},"excerpt":{"rendered":"<p>El Cultivo L\u00edquido de Reishi Rojo se prepara a partir de cultivo puro de hongos y se elabora con extractos de malta y levadura de la m\u00e1xima calidad. El micelio l\u00edquido hecho con cultivos puros de hongos es mucho m\u00e1s eficaz que los cultivos l\u00edquidos hechos con esporas. La ventaja del cultivo l\u00edquido es que [&hellip;]<\/p>\n","protected":false},"featured_media":27913,"comment_status":"closed","ping_status":"closed","template":"","meta":[],"product_brand":[],"product_cat":[359,91],"product_tag":[],"class_list":{"0":"post-40792","1":"product","2":"type-product","3":"status-publish","4":"has-post-thumbnail","6":"product_cat-jeringas-para-cultivo-de-liquidos","7":"product_cat-setas-medicinales","9":"first","10":"outofstock","11":"taxable","12":"shipping-taxable","13":"purchasable","14":"product-type-simple"},"yoast_head":"<!-- This site is optimized with the Yoast SEO Premium plugin v26.4 (Yoast SEO v27.4) - https:\/\/yoast.com\/product\/yoast-seo-premium-wordpress\/ -->\n<title>Reishi rojo (Ganoderma lucidum) Jeringa de cultivo l\u00edquido - 20 ML - Dutchmicrodosing<\/title>\n<meta name=\"robots\" content=\"index, follow, max-snippet:-1, max-image-preview:large, max-video-preview:-1\" \/>\n<link rel=\"canonical\" href=\"https:\/\/dutchmicrodosing.com\/es\/esporas-de-setas-magicas\/jeringas-para-cultivo-de-liquidos\/red-reishi-ganoderma-lucidum-liquido-cultivo-spray-20-ml\/\" \/>\n<meta property=\"og:locale\" content=\"es_ES\" \/>\n<meta property=\"og:type\" content=\"article\" \/>\n<meta property=\"og:title\" content=\"Reishi rojo (Ganoderma lucidum) Jeringa de cultivo l\u00edquido - 20 ML\" \/>\n<meta property=\"og:description\" content=\"El Cultivo L\u00edquido de Reishi Rojo se prepara a partir de cultivo puro de hongos y se elabora con extractos de malta y levadura de la m\u00e1xima calidad. El\" \/>\n<meta property=\"og:url\" content=\"https:\/\/dutchmicrodosing.com\/es\/esporas-de-setas-magicas\/jeringas-para-cultivo-de-liquidos\/red-reishi-ganoderma-lucidum-liquido-cultivo-spray-20-ml\/\" \/>\n<meta property=\"og:site_name\" content=\"Dutchmicrodosing\" \/>\n<meta property=\"article:publisher\" content=\"https:\/\/www.facebook.com\/Dutchmicrodosingxp\/\" \/>\n<meta property=\"article:modified_time\" content=\"2025-09-22T11:49:18+00:00\" \/>\n<meta property=\"og:image\" content=\"https:\/\/dutchmicrodosing.com\/wp-content\/uploads\/2023\/09\/red-reishi-hoekpolder-002.jpg\" \/>\n\t<meta property=\"og:image:width\" content=\"1000\" \/>\n\t<meta property=\"og:image:height\" content=\"1000\" \/>\n\t<meta property=\"og:image:type\" content=\"image\/jpeg\" \/>\n<meta name=\"twitter:card\" content=\"summary_large_image\" \/>\n<script type=\"application\/ld+json\" class=\"yoast-schema-graph\">{\"@context\":\"https:\\\/\\\/schema.org\",\"@graph\":[{\"@type\":\"WebPage\",\"@id\":\"https:\\\/\\\/dutchmicrodosing.com\\\/es\\\/esporas-de-setas-magicas\\\/jeringas-para-cultivo-de-liquidos\\\/red-reishi-ganoderma-lucidum-liquido-cultivo-spray-20-ml\\\/\",\"url\":\"https:\\\/\\\/dutchmicrodosing.com\\\/es\\\/esporas-de-setas-magicas\\\/jeringas-para-cultivo-de-liquidos\\\/red-reishi-ganoderma-lucidum-liquido-cultivo-spray-20-ml\\\/\",\"name\":\"Reishi rojo (Ganoderma lucidum) Jeringa de cultivo l\u00edquido - 20 ML - Dutchmicrodosing\",\"isPartOf\":{\"@id\":\"https:\\\/\\\/dutchmicrodosing.com\\\/es\\\/#website\"},\"primaryImageOfPage\":{\"@id\":\"https:\\\/\\\/dutchmicrodosing.com\\\/es\\\/esporas-de-setas-magicas\\\/jeringas-para-cultivo-de-liquidos\\\/red-reishi-ganoderma-lucidum-liquido-cultivo-spray-20-ml\\\/#primaryimage\"},\"image\":{\"@id\":\"https:\\\/\\\/dutchmicrodosing.com\\\/es\\\/esporas-de-setas-magicas\\\/jeringas-para-cultivo-de-liquidos\\\/red-reishi-ganoderma-lucidum-liquido-cultivo-spray-20-ml\\\/#primaryimage\"},\"thumbnailUrl\":\"https:\\\/\\\/dutchmicrodosing.com\\\/wp-content\\\/uploads\\\/2023\\\/09\\\/red-reishi-hoekpolder-002.jpg\",\"datePublished\":\"2024-07-13T06:45:25+00:00\",\"dateModified\":\"2025-09-22T11:49:18+00:00\",\"breadcrumb\":{\"@id\":\"https:\\\/\\\/dutchmicrodosing.com\\\/es\\\/esporas-de-setas-magicas\\\/jeringas-para-cultivo-de-liquidos\\\/red-reishi-ganoderma-lucidum-liquido-cultivo-spray-20-ml\\\/#breadcrumb\"},\"inLanguage\":\"es\",\"potentialAction\":[{\"@type\":\"ReadAction\",\"target\":[\"https:\\\/\\\/dutchmicrodosing.com\\\/es\\\/esporas-de-setas-magicas\\\/jeringas-para-cultivo-de-liquidos\\\/red-reishi-ganoderma-lucidum-liquido-cultivo-spray-20-ml\\\/\"]}]},{\"@type\":\"ImageObject\",\"inLanguage\":\"es\",\"@id\":\"https:\\\/\\\/dutchmicrodosing.com\\\/es\\\/esporas-de-setas-magicas\\\/jeringas-para-cultivo-de-liquidos\\\/red-reishi-ganoderma-lucidum-liquido-cultivo-spray-20-ml\\\/#primaryimage\",\"url\":\"https:\\\/\\\/dutchmicrodosing.com\\\/wp-content\\\/uploads\\\/2023\\\/09\\\/red-reishi-hoekpolder-002.jpg\",\"contentUrl\":\"https:\\\/\\\/dutchmicrodosing.com\\\/wp-content\\\/uploads\\\/2023\\\/09\\\/red-reishi-hoekpolder-002.jpg\",\"width\":1000,\"height\":1000},{\"@type\":\"BreadcrumbList\",\"@id\":\"https:\\\/\\\/dutchmicrodosing.com\\\/es\\\/esporas-de-setas-magicas\\\/jeringas-para-cultivo-de-liquidos\\\/red-reishi-ganoderma-lucidum-liquido-cultivo-spray-20-ml\\\/#breadcrumb\",\"itemListElement\":[{\"@type\":\"ListItem\",\"position\":1,\"name\":\"Home\",\"item\":\"https:\\\/\\\/dutchmicrodosing.com\\\/es\\\/\"},{\"@type\":\"ListItem\",\"position\":2,\"name\":\"Tienda\",\"item\":\"https:\\\/\\\/dutchmicrodosing.com\\\/es\\\/tienda\\\/\"},{\"@type\":\"ListItem\",\"position\":3,\"name\":\"Reishi rojo (Ganoderma lucidum) Jeringa de cultivo l\u00edquido &#8211; 20 ML\"}]},{\"@type\":\"WebSite\",\"@id\":\"https:\\\/\\\/dutchmicrodosing.com\\\/es\\\/#website\",\"url\":\"https:\\\/\\\/dutchmicrodosing.com\\\/es\\\/\",\"name\":\"Dutchmicrodosing\",\"description\":\"\",\"publisher\":{\"@id\":\"https:\\\/\\\/dutchmicrodosing.com\\\/es\\\/#organization\"},\"potentialAction\":[{\"@type\":\"SearchAction\",\"target\":{\"@type\":\"EntryPoint\",\"urlTemplate\":\"https:\\\/\\\/dutchmicrodosing.com\\\/es\\\/?s={search_term_string}\"},\"query-input\":{\"@type\":\"PropertyValueSpecification\",\"valueRequired\":true,\"valueName\":\"search_term_string\"}}],\"inLanguage\":\"es\"},{\"@type\":\"Organization\",\"@id\":\"https:\\\/\\\/dutchmicrodosing.com\\\/es\\\/#organization\",\"name\":\"Dutchmicrodosing\",\"url\":\"https:\\\/\\\/dutchmicrodosing.com\\\/es\\\/\",\"logo\":{\"@type\":\"ImageObject\",\"inLanguage\":\"es\",\"@id\":\"https:\\\/\\\/dutchmicrodosing.com\\\/es\\\/#\\\/schema\\\/logo\\\/image\\\/\",\"url\":\"https:\\\/\\\/dutchmicrodosing.com\\\/wp-content\\\/uploads\\\/2021\\\/01\\\/microdosing-categorie-pic-nieuw.jpg\",\"contentUrl\":\"https:\\\/\\\/dutchmicrodosing.com\\\/wp-content\\\/uploads\\\/2021\\\/01\\\/microdosing-categorie-pic-nieuw.jpg\",\"width\":500,\"height\":500,\"caption\":\"Dutchmicrodosing\"},\"image\":{\"@id\":\"https:\\\/\\\/dutchmicrodosing.com\\\/es\\\/#\\\/schema\\\/logo\\\/image\\\/\"},\"sameAs\":[\"https:\\\/\\\/www.facebook.com\\\/Dutchmicrodosingxp\\\/\",\"https:\\\/\\\/www.instagram.com\\\/dutchmicrodosing\\\/\"]}]}<\/script>\n<meta property=\"product:price:amount\" content=\"15.95\" \/>\n<meta property=\"product:price:currency\" content=\"EUR\" \/>\n<meta property=\"og:availability\" content=\"out of stock\" \/>\n<meta property=\"product:availability\" content=\"out of stock\" \/>\n<meta property=\"product:retailer_item_id\" content=\"4206922\" \/>\n<meta property=\"product:condition\" content=\"new\" \/>\n<!-- \/ Yoast SEO Premium plugin. -->","yoast_head_json":{"title":"Reishi rojo (Ganoderma lucidum) Jeringa de cultivo l\u00edquido - 20 ML - Dutchmicrodosing","robots":{"index":"index","follow":"follow","max-snippet":"max-snippet:-1","max-image-preview":"max-image-preview:large","max-video-preview":"max-video-preview:-1"},"canonical":"https:\/\/dutchmicrodosing.com\/es\/esporas-de-setas-magicas\/jeringas-para-cultivo-de-liquidos\/red-reishi-ganoderma-lucidum-liquido-cultivo-spray-20-ml\/","og_locale":"es_ES","og_type":"article","og_title":"Reishi rojo (Ganoderma lucidum) Jeringa de cultivo l\u00edquido - 20 ML","og_description":"El Cultivo L\u00edquido de Reishi Rojo se prepara a partir de cultivo puro de hongos y se elabora con extractos de malta y levadura de la m\u00e1xima calidad. El","og_url":"https:\/\/dutchmicrodosing.com\/es\/esporas-de-setas-magicas\/jeringas-para-cultivo-de-liquidos\/red-reishi-ganoderma-lucidum-liquido-cultivo-spray-20-ml\/","og_site_name":"Dutchmicrodosing","article_publisher":"https:\/\/www.facebook.com\/Dutchmicrodosingxp\/","article_modified_time":"2025-09-22T11:49:18+00:00","og_image":[{"width":1000,"height":1000,"url":"https:\/\/dutchmicrodosing.com\/wp-content\/uploads\/2023\/09\/red-reishi-hoekpolder-002.jpg","type":"image\/jpeg"}],"twitter_card":"summary_large_image","schema":{"@context":"https:\/\/schema.org","@graph":[{"@type":"WebPage","@id":"https:\/\/dutchmicrodosing.com\/es\/esporas-de-setas-magicas\/jeringas-para-cultivo-de-liquidos\/red-reishi-ganoderma-lucidum-liquido-cultivo-spray-20-ml\/","url":"https:\/\/dutchmicrodosing.com\/es\/esporas-de-setas-magicas\/jeringas-para-cultivo-de-liquidos\/red-reishi-ganoderma-lucidum-liquido-cultivo-spray-20-ml\/","name":"Reishi rojo (Ganoderma lucidum) Jeringa de cultivo l\u00edquido - 20 ML - Dutchmicrodosing","isPartOf":{"@id":"https:\/\/dutchmicrodosing.com\/es\/#website"},"primaryImageOfPage":{"@id":"https:\/\/dutchmicrodosing.com\/es\/esporas-de-setas-magicas\/jeringas-para-cultivo-de-liquidos\/red-reishi-ganoderma-lucidum-liquido-cultivo-spray-20-ml\/#primaryimage"},"image":{"@id":"https:\/\/dutchmicrodosing.com\/es\/esporas-de-setas-magicas\/jeringas-para-cultivo-de-liquidos\/red-reishi-ganoderma-lucidum-liquido-cultivo-spray-20-ml\/#primaryimage"},"thumbnailUrl":"https:\/\/dutchmicrodosing.com\/wp-content\/uploads\/2023\/09\/red-reishi-hoekpolder-002.jpg","datePublished":"2024-07-13T06:45:25+00:00","dateModified":"2025-09-22T11:49:18+00:00","breadcrumb":{"@id":"https:\/\/dutchmicrodosing.com\/es\/esporas-de-setas-magicas\/jeringas-para-cultivo-de-liquidos\/red-reishi-ganoderma-lucidum-liquido-cultivo-spray-20-ml\/#breadcrumb"},"inLanguage":"es","potentialAction":[{"@type":"ReadAction","target":["https:\/\/dutchmicrodosing.com\/es\/esporas-de-setas-magicas\/jeringas-para-cultivo-de-liquidos\/red-reishi-ganoderma-lucidum-liquido-cultivo-spray-20-ml\/"]}]},{"@type":"ImageObject","inLanguage":"es","@id":"https:\/\/dutchmicrodosing.com\/es\/esporas-de-setas-magicas\/jeringas-para-cultivo-de-liquidos\/red-reishi-ganoderma-lucidum-liquido-cultivo-spray-20-ml\/#primaryimage","url":"https:\/\/dutchmicrodosing.com\/wp-content\/uploads\/2023\/09\/red-reishi-hoekpolder-002.jpg","contentUrl":"https:\/\/dutchmicrodosing.com\/wp-content\/uploads\/2023\/09\/red-reishi-hoekpolder-002.jpg","width":1000,"height":1000},{"@type":"BreadcrumbList","@id":"https:\/\/dutchmicrodosing.com\/es\/esporas-de-setas-magicas\/jeringas-para-cultivo-de-liquidos\/red-reishi-ganoderma-lucidum-liquido-cultivo-spray-20-ml\/#breadcrumb","itemListElement":[{"@type":"ListItem","position":1,"name":"Home","item":"https:\/\/dutchmicrodosing.com\/es\/"},{"@type":"ListItem","position":2,"name":"Tienda","item":"https:\/\/dutchmicrodosing.com\/es\/tienda\/"},{"@type":"ListItem","position":3,"name":"Reishi rojo (Ganoderma lucidum) Jeringa de cultivo l\u00edquido &#8211; 20 ML"}]},{"@type":"WebSite","@id":"https:\/\/dutchmicrodosing.com\/es\/#website","url":"https:\/\/dutchmicrodosing.com\/es\/","name":"Dutchmicrodosing","description":"","publisher":{"@id":"https:\/\/dutchmicrodosing.com\/es\/#organization"},"potentialAction":[{"@type":"SearchAction","target":{"@type":"EntryPoint","urlTemplate":"https:\/\/dutchmicrodosing.com\/es\/?s={search_term_string}"},"query-input":{"@type":"PropertyValueSpecification","valueRequired":true,"valueName":"search_term_string"}}],"inLanguage":"es"},{"@type":"Organization","@id":"https:\/\/dutchmicrodosing.com\/es\/#organization","name":"Dutchmicrodosing","url":"https:\/\/dutchmicrodosing.com\/es\/","logo":{"@type":"ImageObject","inLanguage":"es","@id":"https:\/\/dutchmicrodosing.com\/es\/#\/schema\/logo\/image\/","url":"https:\/\/dutchmicrodosing.com\/wp-content\/uploads\/2021\/01\/microdosing-categorie-pic-nieuw.jpg","contentUrl":"https:\/\/dutchmicrodosing.com\/wp-content\/uploads\/2021\/01\/microdosing-categorie-pic-nieuw.jpg","width":500,"height":500,"caption":"Dutchmicrodosing"},"image":{"@id":"https:\/\/dutchmicrodosing.com\/es\/#\/schema\/logo\/image\/"},"sameAs":["https:\/\/www.facebook.com\/Dutchmicrodosingxp\/","https:\/\/www.instagram.com\/dutchmicrodosing\/"]}]},"product_price_amount":"15.95","product_price_currency":"EUR","og_availability":"out of stock","product_availability":"out of stock","product_retailer_item_id":"4206922","product_condition":"new"},"_links":{"self":[{"href":"https:\/\/dutchmicrodosing.com\/es\/wp-json\/wp\/v2\/product\/40792","targetHints":{"allow":["GET"]}}],"collection":[{"href":"https:\/\/dutchmicrodosing.com\/es\/wp-json\/wp\/v2\/product"}],"about":[{"href":"https:\/\/dutchmicrodosing.com\/es\/wp-json\/wp\/v2\/types\/product"}],"replies":[{"embeddable":true,"href":"https:\/\/dutchmicrodosing.com\/es\/wp-json\/wp\/v2\/comments?post=40792"}],"version-history":[{"count":0,"href":"https:\/\/dutchmicrodosing.com\/es\/wp-json\/wp\/v2\/product\/40792\/revisions"}],"wp:featuredmedia":[{"embeddable":true,"href":"https:\/\/dutchmicrodosing.com\/es\/wp-json\/wp\/v2\/media\/27913"}],"wp:attachment":[{"href":"https:\/\/dutchmicrodosing.com\/es\/wp-json\/wp\/v2\/media?parent=40792"}],"wp:term":[{"taxonomy":"product_brand","embeddable":true,"href":"https:\/\/dutchmicrodosing.com\/es\/wp-json\/wp\/v2\/product_brand?post=40792"},{"taxonomy":"product_cat","embeddable":true,"href":"https:\/\/dutchmicrodosing.com\/es\/wp-json\/wp\/v2\/product_cat?post=40792"},{"taxonomy":"product_tag","embeddable":true,"href":"https:\/\/dutchmicrodosing.com\/es\/wp-json\/wp\/v2\/product_tag?post=40792"}],"curies":[{"name":"wp","href":"https:\/\/api.w.org\/{rel}","templated":true}]}}