{"id":41213,"date":"2024-05-31T17:10:53","date_gmt":"2024-05-31T15:10:53","guid":{"rendered":"https:\/\/dutchmicrodosing.com\/shop\/sin%20categor\u00eda\/shilajit-resina-shilafit-30-gramos\/"},"modified":"2025-08-19T11:05:33","modified_gmt":"2025-08-19T09:05:33","slug":"shilajit-resina-shilafit-30-gramos","status":"publish","type":"product","link":"https:\/\/dutchmicrodosing.com\/es\/herbolario\/suplementos-para-el-sistema-inmunitario\/shilajit-resina-shilafit-30-gramos\/","title":{"rendered":"Resina de Shilajit (Shilafit) -30 Gramos"},"content":{"rendered":"<p><strong>El shilajit<\/strong> puede describirse como una especie de panacea, sobre todo en c\u00edrculos de medicina tradicional como el ayurveda. Este material resinoso \u00fanico, procedente de las profundidades de regiones monta\u00f1osas como el Himalaya, es el resultado de un proceso de descomposici\u00f3n vegetal y org\u00e1nica que dura siglos. El rico contenido en \u00e1cido fulv\u00ednico, \u00e1cido h\u00famico, antioxidantes y una amplia gama de minerales, hace del shilajit un producto especialmente nutritivo y terap\u00e9utico.<\/p>\n<h3>Caracter\u00edsticas:<\/h3>\n<ul>\n<li>Resina de Shilajit de alta calidad procedente del Himalaya<\/li>\n<li>Rico en \u00e1cido f\u00falvico, antioxidantes y minerales<\/li>\n<li>100% natural, sin aditivos<\/li>\n<li>Comprobada exhaustivamente su pureza<\/li>\n<li>Incluye cuchara dispensadora met\u00e1lica<\/li>\n<li>N\u00famero de raciones por envase: 60<\/li>\n<\/ul>\n<h3>Dosificaci\u00f3n:<\/h3>\n<p>Toma 0,5 gramos de Shilajit con la cuchara dosificadora suministrada. Disu\u00e9lvelo en una taza de agua tibia y t\u00f3malo como t\u00e9. Se recomienda tomarlo una vez al d\u00eda, por la ma\u00f1ana, con el est\u00f3mago vac\u00edo. Si tienes el est\u00f3mago sensible, se recomienda tomar este producto durante las comidas. La caducidad es de al menos 36 meses despu\u00e9s de la fecha de producci\u00f3n.<\/p>\n<h3>Ingredientes:<\/h3>\n<p>Resina de Shilajit 100% purificada, sin aditivos ni cargas.<\/p>\n<h3>Contenido<\/h3>\n<p>30 gramos<\/p>\n","protected":false},"excerpt":{"rendered":"<p>El shilajit puede describirse como una especie de panacea, sobre todo en c\u00edrculos de medicina tradicional como el ayurveda. Este material resinoso \u00fanico, procedente de las profundidades de regiones monta\u00f1osas como el Himalaya, es el resultado de un proceso de descomposici\u00f3n vegetal y org\u00e1nica que dura siglos. El rico contenido en \u00e1cido fulv\u00ednico, \u00e1cido h\u00famico, [&hellip;]<\/p>\n","protected":false},"featured_media":39917,"comment_status":"closed","ping_status":"closed","template":"","meta":[],"product_brand":[],"product_cat":[297,298,324,140],"product_tag":[],"class_list":{"0":"post-41213","1":"product","2":"type-product","3":"status-publish","4":"has-post-thumbnail","6":"product_cat-suplementos-energeticos","7":"product_cat-suplementos-para-el-sistema-inmunitario","8":"product_cat-suplementos-para-la-concentracion","9":"product_cat-suplementos-de-vitaminas","11":"first","12":"instock","13":"taxable","14":"shipping-taxable","15":"purchasable","16":"product-type-simple"},"yoast_head":"<!-- This site is optimized with the Yoast SEO Premium plugin v26.4 (Yoast SEO v27.4) - https:\/\/yoast.com\/product\/yoast-seo-premium-wordpress\/ -->\n<title>Resina de Shilajit (Shilafit) -30 Gramos - Dutchmicrodosing<\/title>\n<meta name=\"robots\" content=\"index, follow, max-snippet:-1, max-image-preview:large, max-video-preview:-1\" \/>\n<link rel=\"canonical\" href=\"https:\/\/dutchmicrodosing.com\/es\/herbolario\/suplementos-para-el-sistema-inmunitario\/shilajit-resina-shilafit-30-gramos\/\" \/>\n<meta property=\"og:locale\" content=\"es_ES\" \/>\n<meta property=\"og:type\" content=\"article\" \/>\n<meta property=\"og:title\" content=\"Resina de Shilajit (Shilafit) -30 Gramos\" \/>\n<meta property=\"og:description\" content=\"El shilajit puede describirse como una especie de panacea, sobre todo en c\u00edrculos de medicina tradicional como el ayurveda. Este material resinoso \u00fanico,\" \/>\n<meta property=\"og:url\" content=\"https:\/\/dutchmicrodosing.com\/es\/herbolario\/suplementos-para-el-sistema-inmunitario\/shilajit-resina-shilafit-30-gramos\/\" \/>\n<meta property=\"og:site_name\" content=\"Dutchmicrodosing\" \/>\n<meta property=\"article:publisher\" content=\"https:\/\/www.facebook.com\/Dutchmicrodosingxp\/\" \/>\n<meta property=\"article:modified_time\" content=\"2025-08-19T09:05:33+00:00\" \/>\n<meta property=\"og:image\" content=\"https:\/\/dutchmicrodosing.com\/wp-content\/uploads\/2024\/05\/3375_shilajit_resin_shilafit_30gr.jpg\" \/>\n\t<meta property=\"og:image:width\" content=\"700\" \/>\n\t<meta property=\"og:image:height\" content=\"700\" \/>\n\t<meta property=\"og:image:type\" content=\"image\/jpeg\" \/>\n<meta name=\"twitter:card\" content=\"summary_large_image\" \/>\n<script type=\"application\/ld+json\" class=\"yoast-schema-graph\">{\"@context\":\"https:\\\/\\\/schema.org\",\"@graph\":[{\"@type\":\"WebPage\",\"@id\":\"https:\\\/\\\/dutchmicrodosing.com\\\/es\\\/herbolario\\\/suplementos-para-el-sistema-inmunitario\\\/shilajit-resina-shilafit-30-gramos\\\/\",\"url\":\"https:\\\/\\\/dutchmicrodosing.com\\\/es\\\/herbolario\\\/suplementos-para-el-sistema-inmunitario\\\/shilajit-resina-shilafit-30-gramos\\\/\",\"name\":\"Resina de Shilajit (Shilafit) -30 Gramos - Dutchmicrodosing\",\"isPartOf\":{\"@id\":\"https:\\\/\\\/dutchmicrodosing.com\\\/es\\\/#website\"},\"primaryImageOfPage\":{\"@id\":\"https:\\\/\\\/dutchmicrodosing.com\\\/es\\\/herbolario\\\/suplementos-para-el-sistema-inmunitario\\\/shilajit-resina-shilafit-30-gramos\\\/#primaryimage\"},\"image\":{\"@id\":\"https:\\\/\\\/dutchmicrodosing.com\\\/es\\\/herbolario\\\/suplementos-para-el-sistema-inmunitario\\\/shilajit-resina-shilafit-30-gramos\\\/#primaryimage\"},\"thumbnailUrl\":\"https:\\\/\\\/dutchmicrodosing.com\\\/wp-content\\\/uploads\\\/2024\\\/05\\\/3375_shilajit_resin_shilafit_30gr.jpg\",\"datePublished\":\"2024-05-31T15:10:53+00:00\",\"dateModified\":\"2025-08-19T09:05:33+00:00\",\"breadcrumb\":{\"@id\":\"https:\\\/\\\/dutchmicrodosing.com\\\/es\\\/herbolario\\\/suplementos-para-el-sistema-inmunitario\\\/shilajit-resina-shilafit-30-gramos\\\/#breadcrumb\"},\"inLanguage\":\"es\",\"potentialAction\":[{\"@type\":\"ReadAction\",\"target\":[\"https:\\\/\\\/dutchmicrodosing.com\\\/es\\\/herbolario\\\/suplementos-para-el-sistema-inmunitario\\\/shilajit-resina-shilafit-30-gramos\\\/\"]}]},{\"@type\":\"ImageObject\",\"inLanguage\":\"es\",\"@id\":\"https:\\\/\\\/dutchmicrodosing.com\\\/es\\\/herbolario\\\/suplementos-para-el-sistema-inmunitario\\\/shilajit-resina-shilafit-30-gramos\\\/#primaryimage\",\"url\":\"https:\\\/\\\/dutchmicrodosing.com\\\/wp-content\\\/uploads\\\/2024\\\/05\\\/3375_shilajit_resin_shilafit_30gr.jpg\",\"contentUrl\":\"https:\\\/\\\/dutchmicrodosing.com\\\/wp-content\\\/uploads\\\/2024\\\/05\\\/3375_shilajit_resin_shilafit_30gr.jpg\",\"width\":700,\"height\":700},{\"@type\":\"BreadcrumbList\",\"@id\":\"https:\\\/\\\/dutchmicrodosing.com\\\/es\\\/herbolario\\\/suplementos-para-el-sistema-inmunitario\\\/shilajit-resina-shilafit-30-gramos\\\/#breadcrumb\",\"itemListElement\":[{\"@type\":\"ListItem\",\"position\":1,\"name\":\"Home\",\"item\":\"https:\\\/\\\/dutchmicrodosing.com\\\/es\\\/\"},{\"@type\":\"ListItem\",\"position\":2,\"name\":\"Tienda\",\"item\":\"https:\\\/\\\/dutchmicrodosing.com\\\/es\\\/tienda\\\/\"},{\"@type\":\"ListItem\",\"position\":3,\"name\":\"Resina de Shilajit (Shilafit) -30 Gramos\"}]},{\"@type\":\"WebSite\",\"@id\":\"https:\\\/\\\/dutchmicrodosing.com\\\/es\\\/#website\",\"url\":\"https:\\\/\\\/dutchmicrodosing.com\\\/es\\\/\",\"name\":\"Dutchmicrodosing\",\"description\":\"\",\"publisher\":{\"@id\":\"https:\\\/\\\/dutchmicrodosing.com\\\/es\\\/#organization\"},\"potentialAction\":[{\"@type\":\"SearchAction\",\"target\":{\"@type\":\"EntryPoint\",\"urlTemplate\":\"https:\\\/\\\/dutchmicrodosing.com\\\/es\\\/?s={search_term_string}\"},\"query-input\":{\"@type\":\"PropertyValueSpecification\",\"valueRequired\":true,\"valueName\":\"search_term_string\"}}],\"inLanguage\":\"es\"},{\"@type\":\"Organization\",\"@id\":\"https:\\\/\\\/dutchmicrodosing.com\\\/es\\\/#organization\",\"name\":\"Dutchmicrodosing\",\"url\":\"https:\\\/\\\/dutchmicrodosing.com\\\/es\\\/\",\"logo\":{\"@type\":\"ImageObject\",\"inLanguage\":\"es\",\"@id\":\"https:\\\/\\\/dutchmicrodosing.com\\\/es\\\/#\\\/schema\\\/logo\\\/image\\\/\",\"url\":\"https:\\\/\\\/dutchmicrodosing.com\\\/wp-content\\\/uploads\\\/2021\\\/01\\\/microdosing-categorie-pic-nieuw.jpg\",\"contentUrl\":\"https:\\\/\\\/dutchmicrodosing.com\\\/wp-content\\\/uploads\\\/2021\\\/01\\\/microdosing-categorie-pic-nieuw.jpg\",\"width\":500,\"height\":500,\"caption\":\"Dutchmicrodosing\"},\"image\":{\"@id\":\"https:\\\/\\\/dutchmicrodosing.com\\\/es\\\/#\\\/schema\\\/logo\\\/image\\\/\"},\"sameAs\":[\"https:\\\/\\\/www.facebook.com\\\/Dutchmicrodosingxp\\\/\",\"https:\\\/\\\/www.instagram.com\\\/dutchmicrodosing\\\/\"]}]}<\/script>\n<meta property=\"product:price:amount\" content=\"39.95\" \/>\n<meta property=\"product:price:currency\" content=\"EUR\" \/>\n<meta property=\"og:availability\" content=\"instock\" \/>\n<meta property=\"product:availability\" content=\"instock\" \/>\n<meta property=\"product:retailer_item_id\" content=\"4205387\" \/>\n<meta property=\"product:condition\" content=\"new\" \/>\n<!-- \/ Yoast SEO Premium plugin. -->","yoast_head_json":{"title":"Resina de Shilajit (Shilafit) -30 Gramos - Dutchmicrodosing","robots":{"index":"index","follow":"follow","max-snippet":"max-snippet:-1","max-image-preview":"max-image-preview:large","max-video-preview":"max-video-preview:-1"},"canonical":"https:\/\/dutchmicrodosing.com\/es\/herbolario\/suplementos-para-el-sistema-inmunitario\/shilajit-resina-shilafit-30-gramos\/","og_locale":"es_ES","og_type":"article","og_title":"Resina de Shilajit (Shilafit) -30 Gramos","og_description":"El shilajit puede describirse como una especie de panacea, sobre todo en c\u00edrculos de medicina tradicional como el ayurveda. Este material resinoso \u00fanico,","og_url":"https:\/\/dutchmicrodosing.com\/es\/herbolario\/suplementos-para-el-sistema-inmunitario\/shilajit-resina-shilafit-30-gramos\/","og_site_name":"Dutchmicrodosing","article_publisher":"https:\/\/www.facebook.com\/Dutchmicrodosingxp\/","article_modified_time":"2025-08-19T09:05:33+00:00","og_image":[{"width":700,"height":700,"url":"https:\/\/dutchmicrodosing.com\/wp-content\/uploads\/2024\/05\/3375_shilajit_resin_shilafit_30gr.jpg","type":"image\/jpeg"}],"twitter_card":"summary_large_image","schema":{"@context":"https:\/\/schema.org","@graph":[{"@type":"WebPage","@id":"https:\/\/dutchmicrodosing.com\/es\/herbolario\/suplementos-para-el-sistema-inmunitario\/shilajit-resina-shilafit-30-gramos\/","url":"https:\/\/dutchmicrodosing.com\/es\/herbolario\/suplementos-para-el-sistema-inmunitario\/shilajit-resina-shilafit-30-gramos\/","name":"Resina de Shilajit (Shilafit) -30 Gramos - Dutchmicrodosing","isPartOf":{"@id":"https:\/\/dutchmicrodosing.com\/es\/#website"},"primaryImageOfPage":{"@id":"https:\/\/dutchmicrodosing.com\/es\/herbolario\/suplementos-para-el-sistema-inmunitario\/shilajit-resina-shilafit-30-gramos\/#primaryimage"},"image":{"@id":"https:\/\/dutchmicrodosing.com\/es\/herbolario\/suplementos-para-el-sistema-inmunitario\/shilajit-resina-shilafit-30-gramos\/#primaryimage"},"thumbnailUrl":"https:\/\/dutchmicrodosing.com\/wp-content\/uploads\/2024\/05\/3375_shilajit_resin_shilafit_30gr.jpg","datePublished":"2024-05-31T15:10:53+00:00","dateModified":"2025-08-19T09:05:33+00:00","breadcrumb":{"@id":"https:\/\/dutchmicrodosing.com\/es\/herbolario\/suplementos-para-el-sistema-inmunitario\/shilajit-resina-shilafit-30-gramos\/#breadcrumb"},"inLanguage":"es","potentialAction":[{"@type":"ReadAction","target":["https:\/\/dutchmicrodosing.com\/es\/herbolario\/suplementos-para-el-sistema-inmunitario\/shilajit-resina-shilafit-30-gramos\/"]}]},{"@type":"ImageObject","inLanguage":"es","@id":"https:\/\/dutchmicrodosing.com\/es\/herbolario\/suplementos-para-el-sistema-inmunitario\/shilajit-resina-shilafit-30-gramos\/#primaryimage","url":"https:\/\/dutchmicrodosing.com\/wp-content\/uploads\/2024\/05\/3375_shilajit_resin_shilafit_30gr.jpg","contentUrl":"https:\/\/dutchmicrodosing.com\/wp-content\/uploads\/2024\/05\/3375_shilajit_resin_shilafit_30gr.jpg","width":700,"height":700},{"@type":"BreadcrumbList","@id":"https:\/\/dutchmicrodosing.com\/es\/herbolario\/suplementos-para-el-sistema-inmunitario\/shilajit-resina-shilafit-30-gramos\/#breadcrumb","itemListElement":[{"@type":"ListItem","position":1,"name":"Home","item":"https:\/\/dutchmicrodosing.com\/es\/"},{"@type":"ListItem","position":2,"name":"Tienda","item":"https:\/\/dutchmicrodosing.com\/es\/tienda\/"},{"@type":"ListItem","position":3,"name":"Resina de Shilajit (Shilafit) -30 Gramos"}]},{"@type":"WebSite","@id":"https:\/\/dutchmicrodosing.com\/es\/#website","url":"https:\/\/dutchmicrodosing.com\/es\/","name":"Dutchmicrodosing","description":"","publisher":{"@id":"https:\/\/dutchmicrodosing.com\/es\/#organization"},"potentialAction":[{"@type":"SearchAction","target":{"@type":"EntryPoint","urlTemplate":"https:\/\/dutchmicrodosing.com\/es\/?s={search_term_string}"},"query-input":{"@type":"PropertyValueSpecification","valueRequired":true,"valueName":"search_term_string"}}],"inLanguage":"es"},{"@type":"Organization","@id":"https:\/\/dutchmicrodosing.com\/es\/#organization","name":"Dutchmicrodosing","url":"https:\/\/dutchmicrodosing.com\/es\/","logo":{"@type":"ImageObject","inLanguage":"es","@id":"https:\/\/dutchmicrodosing.com\/es\/#\/schema\/logo\/image\/","url":"https:\/\/dutchmicrodosing.com\/wp-content\/uploads\/2021\/01\/microdosing-categorie-pic-nieuw.jpg","contentUrl":"https:\/\/dutchmicrodosing.com\/wp-content\/uploads\/2021\/01\/microdosing-categorie-pic-nieuw.jpg","width":500,"height":500,"caption":"Dutchmicrodosing"},"image":{"@id":"https:\/\/dutchmicrodosing.com\/es\/#\/schema\/logo\/image\/"},"sameAs":["https:\/\/www.facebook.com\/Dutchmicrodosingxp\/","https:\/\/www.instagram.com\/dutchmicrodosing\/"]}]},"product_price_amount":"39.95","product_price_currency":"EUR","og_availability":"instock","product_availability":"instock","product_retailer_item_id":"4205387","product_condition":"new"},"_links":{"self":[{"href":"https:\/\/dutchmicrodosing.com\/es\/wp-json\/wp\/v2\/product\/41213","targetHints":{"allow":["GET"]}}],"collection":[{"href":"https:\/\/dutchmicrodosing.com\/es\/wp-json\/wp\/v2\/product"}],"about":[{"href":"https:\/\/dutchmicrodosing.com\/es\/wp-json\/wp\/v2\/types\/product"}],"replies":[{"embeddable":true,"href":"https:\/\/dutchmicrodosing.com\/es\/wp-json\/wp\/v2\/comments?post=41213"}],"version-history":[{"count":0,"href":"https:\/\/dutchmicrodosing.com\/es\/wp-json\/wp\/v2\/product\/41213\/revisions"}],"wp:featuredmedia":[{"embeddable":true,"href":"https:\/\/dutchmicrodosing.com\/es\/wp-json\/wp\/v2\/media\/39917"}],"wp:attachment":[{"href":"https:\/\/dutchmicrodosing.com\/es\/wp-json\/wp\/v2\/media?parent=41213"}],"wp:term":[{"taxonomy":"product_brand","embeddable":true,"href":"https:\/\/dutchmicrodosing.com\/es\/wp-json\/wp\/v2\/product_brand?post=41213"},{"taxonomy":"product_cat","embeddable":true,"href":"https:\/\/dutchmicrodosing.com\/es\/wp-json\/wp\/v2\/product_cat?post=41213"},{"taxonomy":"product_tag","embeddable":true,"href":"https:\/\/dutchmicrodosing.com\/es\/wp-json\/wp\/v2\/product_tag?post=41213"}],"curies":[{"name":"wp","href":"https:\/\/api.w.org\/{rel}","templated":true}]}}