{"id":41223,"date":"2024-04-12T13:43:08","date_gmt":"2024-04-12T11:43:08","guid":{"rendered":"https:\/\/dutchmicrodosing.com\/shop\/sin%20categor\u00eda\/seta-maitake-en-polvo-ecologica\/"},"modified":"2025-11-25T22:41:40","modified_gmt":"2025-11-25T21:41:40","slug":"seta-maitake-en-polvo-ecologica","status":"publish","type":"product","link":"https:\/\/dutchmicrodosing.com\/es\/setas-medicinales\/seta-maitake-en-polvo-ecologica\/","title":{"rendered":"Maitake (Grifola frondosa) &#8211; Ayuda al colesterol"},"content":{"rendered":"<p>El <strong>maitake<\/strong>, o Grifola frondosa, es una seta fascinante que crece principalmente en la base de los robles. Esta seta, de color entre blanco y gris parduzco, es originaria de zonas como China, Europa y Norteam\u00e9rica. El nombre \u00abmaitake\u00bb procede de las palabras japonesas \u00abbaile\u00bb (mai) y \u00abseta\u00bb (take), que significan \u00abseta bailarina\u00bb. Es una referencia al aspecto \u00fanico y superpuesto de los sombreros, que parecen una monta\u00f1a de hojas en movimiento, parecidas a mariposas danzantes.<\/p>\n<p>El maitake tambi\u00e9n est\u00e1 disponible en forma de polvo, conocido por su fragancia y sabor frescos y suaves, que lo convierten en una adici\u00f3n bienvenida a diversos platos. Este polvo es una fuente de minerales y fibra saludable, lo que lo convierte en una opci\u00f3n nutritiva para enriquecer las comidas. En la cocina asi\u00e1tica, el maitake est\u00e1 muy bien considerado como una de las setas culinarias m\u00e1s importantes, utilizada a menudo por su delicioso sabor y sus beneficios para la salud. Estas propiedades hacen del maitake un ingrediente vers\u00e1til y apreciado tanto en los platos tradicionales como en los modernos.<\/p>\n<h3>Consejos de almacenamiento<\/h3>\n<p>Guarde este producto en un lugar oscuro y fresco, como un armario de cocina, y fuera del alcance de los ni\u00f1os.<\/p>\n<h3>Contenido<\/h3>\n<p>Polvo de seta maitake Ecol\u00f3gica &#8211; 100 gramos.<\/p>\n","protected":false},"excerpt":{"rendered":"<p>El maitake, o Grifola frondosa, es una seta fascinante que crece principalmente en la base de los robles. Esta seta, de color entre blanco y gris parduzco, es originaria de zonas como China, Europa y Norteam\u00e9rica. El nombre \u00abmaitake\u00bb procede de las palabras japonesas \u00abbaile\u00bb (mai) y \u00abseta\u00bb (take), que significan \u00abseta bailarina\u00bb. Es una [&hellip;]<\/p>\n","protected":false},"featured_media":62992,"comment_status":"closed","ping_status":"closed","template":"","meta":[],"product_brand":[],"product_cat":[91,298,283],"product_tag":[],"class_list":{"0":"post-41223","1":"product","2":"type-product","3":"status-publish","4":"has-post-thumbnail","6":"product_cat-setas-medicinales","7":"product_cat-suplementos-para-el-sistema-inmunitario","8":"product_cat-superalimentos","10":"first","11":"instock","12":"taxable","13":"shipping-taxable","14":"purchasable","15":"product-type-simple"},"yoast_head":"<!-- This site is optimized with the Yoast SEO Premium plugin v26.4 (Yoast SEO v27.2) - https:\/\/yoast.com\/product\/yoast-seo-premium-wordpress\/ -->\n<title>Maitake (Grifola frondosa) - Ayuda al colesterol - Dutchmicrodosing<\/title>\n<meta name=\"robots\" content=\"index, follow, max-snippet:-1, max-image-preview:large, max-video-preview:-1\" \/>\n<link rel=\"canonical\" href=\"https:\/\/dutchmicrodosing.com\/es\/setas-medicinales\/seta-maitake-en-polvo-ecologica\/\" \/>\n<meta property=\"og:locale\" content=\"es_ES\" \/>\n<meta property=\"og:type\" content=\"article\" \/>\n<meta property=\"og:title\" content=\"Maitake (Grifola frondosa) - Ayuda al colesterol\" \/>\n<meta property=\"og:description\" content=\"El maitake, o Grifola frondosa, es una seta fascinante que crece principalmente en la base de los robles. Esta seta, de color entre blanco y gris\" \/>\n<meta property=\"og:url\" content=\"https:\/\/dutchmicrodosing.com\/es\/setas-medicinales\/seta-maitake-en-polvo-ecologica\/\" \/>\n<meta property=\"og:site_name\" content=\"Dutchmicrodosing\" \/>\n<meta property=\"article:publisher\" content=\"https:\/\/www.facebook.com\/Dutchmicrodosingxp\/\" \/>\n<meta property=\"article:modified_time\" content=\"2025-11-25T21:41:40+00:00\" \/>\n<meta property=\"og:image\" content=\"https:\/\/dutchmicrodosing.com\/wp-content\/uploads\/2021\/01\/DM-Logo-2.jpg\" \/>\n\t<meta property=\"og:image:width\" content=\"425\" \/>\n\t<meta property=\"og:image:height\" content=\"232\" \/>\n\t<meta property=\"og:image:type\" content=\"image\/jpeg\" \/>\n<meta name=\"twitter:card\" content=\"summary_large_image\" \/>\n<script type=\"application\/ld+json\" class=\"yoast-schema-graph\">{\"@context\":\"https:\/\/schema.org\",\"@graph\":[{\"@type\":\"WebPage\",\"@id\":\"https:\/\/dutchmicrodosing.com\/es\/setas-medicinales\/seta-maitake-en-polvo-ecologica\/\",\"url\":\"https:\/\/dutchmicrodosing.com\/es\/setas-medicinales\/seta-maitake-en-polvo-ecologica\/\",\"name\":\"Maitake (Grifola frondosa) - Ayuda al colesterol - Dutchmicrodosing\",\"isPartOf\":{\"@id\":\"https:\/\/dutchmicrodosing.com\/es\/#website\"},\"primaryImageOfPage\":{\"@id\":\"https:\/\/dutchmicrodosing.com\/es\/setas-medicinales\/seta-maitake-en-polvo-ecologica\/#primaryimage\"},\"image\":{\"@id\":\"https:\/\/dutchmicrodosing.com\/es\/setas-medicinales\/seta-maitake-en-polvo-ecologica\/#primaryimage\"},\"thumbnailUrl\":\"https:\/\/dutchmicrodosing.com\/wp-content\/uploads\/2025\/11\/Maitake_1.jpg\",\"datePublished\":\"2024-04-12T11:43:08+00:00\",\"dateModified\":\"2025-11-25T21:41:40+00:00\",\"breadcrumb\":{\"@id\":\"https:\/\/dutchmicrodosing.com\/es\/setas-medicinales\/seta-maitake-en-polvo-ecologica\/#breadcrumb\"},\"inLanguage\":\"es\",\"potentialAction\":[{\"@type\":\"ReadAction\",\"target\":[\"https:\/\/dutchmicrodosing.com\/es\/setas-medicinales\/seta-maitake-en-polvo-ecologica\/\"]}]},{\"@type\":\"ImageObject\",\"inLanguage\":\"es\",\"@id\":\"https:\/\/dutchmicrodosing.com\/es\/setas-medicinales\/seta-maitake-en-polvo-ecologica\/#primaryimage\",\"url\":\"https:\/\/dutchmicrodosing.com\/wp-content\/uploads\/2025\/11\/Maitake_1.jpg\",\"contentUrl\":\"https:\/\/dutchmicrodosing.com\/wp-content\/uploads\/2025\/11\/Maitake_1.jpg\",\"width\":1500,\"height\":1500,\"caption\":\"Maitake\"},{\"@type\":\"BreadcrumbList\",\"@id\":\"https:\/\/dutchmicrodosing.com\/es\/setas-medicinales\/seta-maitake-en-polvo-ecologica\/#breadcrumb\",\"itemListElement\":[{\"@type\":\"ListItem\",\"position\":1,\"name\":\"Home\",\"item\":\"https:\/\/dutchmicrodosing.com\/es\/\"},{\"@type\":\"ListItem\",\"position\":2,\"name\":\"Tienda\",\"item\":\"https:\/\/dutchmicrodosing.com\/es\/tienda\/\"},{\"@type\":\"ListItem\",\"position\":3,\"name\":\"Maitake (Grifola frondosa) &#8211; Ayuda al colesterol\"}]},{\"@type\":\"WebSite\",\"@id\":\"https:\/\/dutchmicrodosing.com\/es\/#website\",\"url\":\"https:\/\/dutchmicrodosing.com\/es\/\",\"name\":\"Dutchmicrodosing\",\"description\":\"\",\"publisher\":{\"@id\":\"https:\/\/dutchmicrodosing.com\/es\/#organization\"},\"potentialAction\":[{\"@type\":\"SearchAction\",\"target\":{\"@type\":\"EntryPoint\",\"urlTemplate\":\"https:\/\/dutchmicrodosing.com\/es\/?s={search_term_string}\"},\"query-input\":{\"@type\":\"PropertyValueSpecification\",\"valueRequired\":true,\"valueName\":\"search_term_string\"}}],\"inLanguage\":\"es\"},{\"@type\":\"Organization\",\"@id\":\"https:\/\/dutchmicrodosing.com\/es\/#organization\",\"name\":\"Dutchmicrodosing\",\"url\":\"https:\/\/dutchmicrodosing.com\/es\/\",\"logo\":{\"@type\":\"ImageObject\",\"inLanguage\":\"es\",\"@id\":\"https:\/\/dutchmicrodosing.com\/es\/#\/schema\/logo\/image\/\",\"url\":\"https:\/\/dutchmicrodosing.com\/wp-content\/uploads\/2021\/01\/microdosing-categorie-pic-nieuw.jpg\",\"contentUrl\":\"https:\/\/dutchmicrodosing.com\/wp-content\/uploads\/2021\/01\/microdosing-categorie-pic-nieuw.jpg\",\"width\":500,\"height\":500,\"caption\":\"Dutchmicrodosing\"},\"image\":{\"@id\":\"https:\/\/dutchmicrodosing.com\/es\/#\/schema\/logo\/image\/\"},\"sameAs\":[\"https:\/\/www.facebook.com\/Dutchmicrodosingxp\/\",\"https:\/\/www.instagram.com\/dutchmicrodosing\/\"]}]}<\/script>\n<meta property=\"product:price:amount\" content=\"19.95\" \/>\n<meta property=\"product:price:currency\" content=\"EUR\" \/>\n<meta property=\"og:availability\" content=\"instock\" \/>\n<meta property=\"product:availability\" content=\"instock\" \/>\n<meta property=\"product:retailer_item_id\" content=\"4204401\" \/>\n<meta property=\"product:condition\" content=\"new\" \/>\n<!-- \/ Yoast SEO Premium plugin. -->","yoast_head_json":{"title":"Maitake (Grifola frondosa) - Ayuda al colesterol - Dutchmicrodosing","robots":{"index":"index","follow":"follow","max-snippet":"max-snippet:-1","max-image-preview":"max-image-preview:large","max-video-preview":"max-video-preview:-1"},"canonical":"https:\/\/dutchmicrodosing.com\/es\/setas-medicinales\/seta-maitake-en-polvo-ecologica\/","og_locale":"es_ES","og_type":"article","og_title":"Maitake (Grifola frondosa) - Ayuda al colesterol","og_description":"El maitake, o Grifola frondosa, es una seta fascinante que crece principalmente en la base de los robles. Esta seta, de color entre blanco y gris","og_url":"https:\/\/dutchmicrodosing.com\/es\/setas-medicinales\/seta-maitake-en-polvo-ecologica\/","og_site_name":"Dutchmicrodosing","article_publisher":"https:\/\/www.facebook.com\/Dutchmicrodosingxp\/","article_modified_time":"2025-11-25T21:41:40+00:00","og_image":[{"width":425,"height":232,"url":"https:\/\/dutchmicrodosing.com\/wp-content\/uploads\/2021\/01\/DM-Logo-2.jpg","type":"image\/jpeg"}],"twitter_card":"summary_large_image","schema":{"@context":"https:\/\/schema.org","@graph":[{"@type":"WebPage","@id":"https:\/\/dutchmicrodosing.com\/es\/setas-medicinales\/seta-maitake-en-polvo-ecologica\/","url":"https:\/\/dutchmicrodosing.com\/es\/setas-medicinales\/seta-maitake-en-polvo-ecologica\/","name":"Maitake (Grifola frondosa) - Ayuda al colesterol - Dutchmicrodosing","isPartOf":{"@id":"https:\/\/dutchmicrodosing.com\/es\/#website"},"primaryImageOfPage":{"@id":"https:\/\/dutchmicrodosing.com\/es\/setas-medicinales\/seta-maitake-en-polvo-ecologica\/#primaryimage"},"image":{"@id":"https:\/\/dutchmicrodosing.com\/es\/setas-medicinales\/seta-maitake-en-polvo-ecologica\/#primaryimage"},"thumbnailUrl":"https:\/\/dutchmicrodosing.com\/wp-content\/uploads\/2025\/11\/Maitake_1.jpg","datePublished":"2024-04-12T11:43:08+00:00","dateModified":"2025-11-25T21:41:40+00:00","breadcrumb":{"@id":"https:\/\/dutchmicrodosing.com\/es\/setas-medicinales\/seta-maitake-en-polvo-ecologica\/#breadcrumb"},"inLanguage":"es","potentialAction":[{"@type":"ReadAction","target":["https:\/\/dutchmicrodosing.com\/es\/setas-medicinales\/seta-maitake-en-polvo-ecologica\/"]}]},{"@type":"ImageObject","inLanguage":"es","@id":"https:\/\/dutchmicrodosing.com\/es\/setas-medicinales\/seta-maitake-en-polvo-ecologica\/#primaryimage","url":"https:\/\/dutchmicrodosing.com\/wp-content\/uploads\/2025\/11\/Maitake_1.jpg","contentUrl":"https:\/\/dutchmicrodosing.com\/wp-content\/uploads\/2025\/11\/Maitake_1.jpg","width":1500,"height":1500,"caption":"Maitake"},{"@type":"BreadcrumbList","@id":"https:\/\/dutchmicrodosing.com\/es\/setas-medicinales\/seta-maitake-en-polvo-ecologica\/#breadcrumb","itemListElement":[{"@type":"ListItem","position":1,"name":"Home","item":"https:\/\/dutchmicrodosing.com\/es\/"},{"@type":"ListItem","position":2,"name":"Tienda","item":"https:\/\/dutchmicrodosing.com\/es\/tienda\/"},{"@type":"ListItem","position":3,"name":"Maitake (Grifola frondosa) &#8211; Ayuda al colesterol"}]},{"@type":"WebSite","@id":"https:\/\/dutchmicrodosing.com\/es\/#website","url":"https:\/\/dutchmicrodosing.com\/es\/","name":"Dutchmicrodosing","description":"","publisher":{"@id":"https:\/\/dutchmicrodosing.com\/es\/#organization"},"potentialAction":[{"@type":"SearchAction","target":{"@type":"EntryPoint","urlTemplate":"https:\/\/dutchmicrodosing.com\/es\/?s={search_term_string}"},"query-input":{"@type":"PropertyValueSpecification","valueRequired":true,"valueName":"search_term_string"}}],"inLanguage":"es"},{"@type":"Organization","@id":"https:\/\/dutchmicrodosing.com\/es\/#organization","name":"Dutchmicrodosing","url":"https:\/\/dutchmicrodosing.com\/es\/","logo":{"@type":"ImageObject","inLanguage":"es","@id":"https:\/\/dutchmicrodosing.com\/es\/#\/schema\/logo\/image\/","url":"https:\/\/dutchmicrodosing.com\/wp-content\/uploads\/2021\/01\/microdosing-categorie-pic-nieuw.jpg","contentUrl":"https:\/\/dutchmicrodosing.com\/wp-content\/uploads\/2021\/01\/microdosing-categorie-pic-nieuw.jpg","width":500,"height":500,"caption":"Dutchmicrodosing"},"image":{"@id":"https:\/\/dutchmicrodosing.com\/es\/#\/schema\/logo\/image\/"},"sameAs":["https:\/\/www.facebook.com\/Dutchmicrodosingxp\/","https:\/\/www.instagram.com\/dutchmicrodosing\/"]}]},"product_price_amount":"19.95","product_price_currency":"EUR","og_availability":"instock","product_availability":"instock","product_retailer_item_id":"4204401","product_condition":"new"},"_links":{"self":[{"href":"https:\/\/dutchmicrodosing.com\/es\/wp-json\/wp\/v2\/product\/41223","targetHints":{"allow":["GET"]}}],"collection":[{"href":"https:\/\/dutchmicrodosing.com\/es\/wp-json\/wp\/v2\/product"}],"about":[{"href":"https:\/\/dutchmicrodosing.com\/es\/wp-json\/wp\/v2\/types\/product"}],"replies":[{"embeddable":true,"href":"https:\/\/dutchmicrodosing.com\/es\/wp-json\/wp\/v2\/comments?post=41223"}],"version-history":[{"count":1,"href":"https:\/\/dutchmicrodosing.com\/es\/wp-json\/wp\/v2\/product\/41223\/revisions"}],"predecessor-version":[{"id":62977,"href":"https:\/\/dutchmicrodosing.com\/es\/wp-json\/wp\/v2\/product\/41223\/revisions\/62977"}],"wp:featuredmedia":[{"embeddable":true,"href":"https:\/\/dutchmicrodosing.com\/es\/wp-json\/wp\/v2\/media\/62992"}],"wp:attachment":[{"href":"https:\/\/dutchmicrodosing.com\/es\/wp-json\/wp\/v2\/media?parent=41223"}],"wp:term":[{"taxonomy":"product_brand","embeddable":true,"href":"https:\/\/dutchmicrodosing.com\/es\/wp-json\/wp\/v2\/product_brand?post=41223"},{"taxonomy":"product_cat","embeddable":true,"href":"https:\/\/dutchmicrodosing.com\/es\/wp-json\/wp\/v2\/product_cat?post=41223"},{"taxonomy":"product_tag","embeddable":true,"href":"https:\/\/dutchmicrodosing.com\/es\/wp-json\/wp\/v2\/product_tag?post=41223"}],"curies":[{"name":"wp","href":"https:\/\/api.w.org\/{rel}","templated":true}]}}